{"id":339494,"date":"2019-11-20T12:33:23","date_gmt":"2019-11-20T10:33:28","guid":{"rendered":"https:\/\/sharks.ee\/vunder_2019\/product\/krasa-tekstilam-marabu-textil-print-100ml\/"},"modified":"2019-11-20T12:33:28","modified_gmt":"2019-11-20T10:33:28","slug":"krasa-tekstilam-marabu-textil-print-100ml","status":"publish","type":"product","link":"https:\/\/hobstop.ee\/lv\/produkts\/krasa-tekstilam-marabu-textil-print-100ml\/","title":{"rendered":"Kr\u0101sa tekstilam Marabu Textil Print 100ml"},"content":{"rendered":"<p>Marabu Textil Print ir spilgta, uz \u016bdens b\u0101zes rad\u012bta mat\u0113ta drukas tinte ar izteikti m\u012bkstu tekst\u016bru. Marabu Textil Print ir \u012bpa\u0161i izstr\u0101d\u0101ta izmanto\u0161anai sietspiedes un linoleja grie\u0161anas tehnik\u0101. T\u0101 ir bez smar\u017eas un iztur\u012bga pret gaismas iedarb\u012bbu, piem\u0113rota izmanto\u0161anai gan uz gai\u0161iem, gan tum\u0161iem audumiem ar sint\u0113tisko \u0161\u0137iedru saturu l\u012bdz 20%. Marabu Textil Print ir \u012bpa\u0161i l\u0113ni \u017e\u016bsto\u0161a un ar augstu viskozit\u0101ti (vajadz\u012bbas gad\u012bjum\u0101 at\u0161\u0137aid\u012bt ar \u016bdeni). Lai izvair\u012btos no jebk\u0101d\u0101m ru\u013c\u013ca rad\u012btaj\u0101m sv\u012btr\u0101m, ir \u013coti svar\u012bgi saglab\u0101t tinti mitru. Tas nodro\u0161ina perfektu drukas rezult\u0101tu ar homog\u0113ni uzkl\u0101tu tinti, bez p\u0101rkl\u0101\u0161an\u0101s. P\u0113c \u017e\u0101v\u0113\u0161anas nostiprin\u0101t cepe\u0161kr\u0101sn\u012b (8 min\u016btes\/150\u00b0C) vai gludin\u0101t bez tvaika 3 min\u016btes. P\u0113c nostiprin\u0101\u0161anas, audumu dr\u012bkst mazg\u0101t temperat\u016br\u0101 l\u012bdz 40\u00b0C. Lielisks veids, k\u0101 izrot\u0101t somas, spilvenus un ap\u0123\u0113rbu!<\/p>\n","protected":false},"excerpt":{"rendered":"<p>Marabu Textil Print ir spilgta, uz \u016bdens b\u0101zes rad\u012bta mat\u0113ta drukas tinte ar izteikti m\u012bkstu tekst\u016bru. Marabu Textil Print ir \u012bpa\u0161i izstr\u0101d\u0101ta izmanto\u0161anai sietspiedes un linoleja grie\u0161anas tehnik\u0101. T\u0101 ir bez smar\u017eas un iztur\u012bga pret gaismas iedarb\u012bbu, piem\u0113rota izmanto\u0161anai gan uz gai\u0161iem, gan tum\u0161iem audumiem ar sint\u0113tisko \u0161\u0137iedru saturu l\u012bdz 20%. Marabu Textil Print ir \u012bpa\u0161i l\u0113ni \u017e\u016bsto\u0161a un ar augstu viskozit\u0101ti (vajadz\u012bbas gad\u012bjum\u0101 at\u0161\u0137aid\u012bt ar \u016bdeni). Lai izvair\u012btos no jebk\u0101d\u0101m ru\u013c\u013ca rad\u012btaj\u0101m sv\u012btr\u0101m, ir \u013coti svar\u012bgi saglab\u0101t tinti mitru. Tas nodro\u0161ina perfektu drukas rezult\u0101tu ar homog\u0113ni uzkl\u0101tu tinti, bez p\u0101rkl\u0101\u0161an\u0101s. P\u0113c \u017e\u0101v\u0113\u0161anas nostiprin\u0101t cepe\u0161kr\u0101sn\u012b (8 min\u016btes\/150\u00b0C) vai gludin\u0101t bez tvaika 3 min\u016btes. P\u0113c nostiprin\u0101\u0161anas, audumu dr\u012bkst mazg\u0101t temperat\u016br\u0101 l\u012bdz 40\u00b0C. Lielisks veids, k\u0101 izrot\u0101t somas, spilvenus un ap\u0123\u0113rbu!<\/p>\n","protected":false},"featured_media":353083,"comment_status":"closed","ping_status":"closed","template":"","meta":{"_acf_changed":false,"ep_exclude_from_search":false},"product_cat":[20361],"product_tag":[],"class_list":{"0":"post-339494","1":"product","2":"type-product","3":"status-publish","4":"has-post-thumbnail","6":"product_cat-maaramata","8":"first","9":"instock","10":"taxable","11":"shipping-taxable","12":"product-type-simple"},"acf":[],"yoast_head":"<!-- This site is optimized with the Yoast SEO plugin v24.1 - https:\/\/yoast.com\/wordpress\/plugins\/seo\/ -->\n<title>Kr\u0101sa tekstilam Marabu Textil Print 100ml &#8211; Skizze<\/title>\n<meta name=\"robots\" content=\"noindex, follow, max-snippet:-1, max-image-preview:large, max-video-preview:-1\" \/>\n<meta property=\"og:locale\" content=\"lv_LV\" \/>\n<meta property=\"og:type\" content=\"article\" \/>\n<meta property=\"og:title\" content=\"Kr\u0101sa tekstilam Marabu Textil Print 100ml &#8211; Skizze\" \/>\n<meta property=\"og:description\" content=\"Marabu Textil Print ir spilgta, uz \u016bdens b\u0101zes rad\u012bta mat\u0113ta drukas tinte ar izteikti m\u012bkstu tekst\u016bru. Marabu Textil Print ir \u012bpa\u0161i izstr\u0101d\u0101ta izmanto\u0161anai sietspiedes un linoleja grie\u0161anas tehnik\u0101. T\u0101 ir bez smar\u017eas un iztur\u012bga pret gaismas iedarb\u012bbu, piem\u0113rota izmanto\u0161anai gan uz gai\u0161iem, gan tum\u0161iem audumiem ar sint\u0113tisko \u0161\u0137iedru saturu l\u012bdz 20%. Marabu Textil Print ir \u012bpa\u0161i l\u0113ni \u017e\u016bsto\u0161a un ar augstu viskozit\u0101ti (vajadz\u012bbas gad\u012bjum\u0101 at\u0161\u0137aid\u012bt ar \u016bdeni). Lai izvair\u012btos no jebk\u0101d\u0101m ru\u013c\u013ca rad\u012btaj\u0101m sv\u012btr\u0101m, ir \u013coti svar\u012bgi saglab\u0101t tinti mitru. Tas nodro\u0161ina perfektu drukas rezult\u0101tu ar homog\u0113ni uzkl\u0101tu tinti, bez p\u0101rkl\u0101\u0161an\u0101s. P\u0113c \u017e\u0101v\u0113\u0161anas nostiprin\u0101t cepe\u0161kr\u0101sn\u012b (8 min\u016btes\/150\u00b0C) vai gludin\u0101t bez tvaika 3 min\u016btes. P\u0113c nostiprin\u0101\u0161anas, audumu dr\u012bkst mazg\u0101t temperat\u016br\u0101 l\u012bdz 40\u00b0C. Lielisks veids, k\u0101 izrot\u0101t somas, spilvenus un ap\u0123\u0113rbu!\" \/>\n<meta property=\"og:url\" content=\"https:\/\/hobstop.ee\/lv\/produkts\/krasa-tekstilam-marabu-textil-print-100ml\/\" \/>\n<meta property=\"og:site_name\" content=\"Skizze\" \/>\n<meta property=\"article:publisher\" content=\"http:\/\/www.facebook.com\/VunderSkizze\" \/>\n<meta property=\"og:image\" content=\"https:\/\/hobstop.ee\/media\/5018.jpg\" \/>\n\t<meta property=\"og:image:width\" content=\"1024\" \/>\n\t<meta property=\"og:image:height\" content=\"768\" \/>\n\t<meta property=\"og:image:type\" content=\"image\/jpeg\" \/>\n<meta name=\"twitter:card\" content=\"summary_large_image\" \/>\n<meta name=\"twitter:label1\" content=\"Est. reading time\" \/>\n\t<meta name=\"twitter:data1\" content=\"1 min\u016b\u0161u\" \/>\n<script type=\"application\/ld+json\" class=\"yoast-schema-graph\">{\"@context\":\"https:\/\/schema.org\",\"@graph\":[{\"@type\":\"WebPage\",\"@id\":\"https:\/\/hobstop.ee\/lv\/produkts\/krasa-tekstilam-marabu-textil-print-100ml\/\",\"url\":\"https:\/\/hobstop.ee\/lv\/produkts\/krasa-tekstilam-marabu-textil-print-100ml\/\",\"name\":\"Kr\u0101sa tekstilam Marabu Textil Print 100ml &#8211; Skizze\",\"isPartOf\":{\"@id\":\"https:\/\/hobstop.ee\/lv\/#website\"},\"primaryImageOfPage\":{\"@id\":\"https:\/\/hobstop.ee\/lv\/produkts\/krasa-tekstilam-marabu-textil-print-100ml\/#primaryimage\"},\"image\":{\"@id\":\"https:\/\/hobstop.ee\/lv\/produkts\/krasa-tekstilam-marabu-textil-print-100ml\/#primaryimage\"},\"thumbnailUrl\":\"https:\/\/hobstop.ee\/media\/5018.jpg\",\"datePublished\":\"2019-11-20T10:33:28+00:00\",\"dateModified\":\"2019-11-20T10:33:28+00:00\",\"breadcrumb\":{\"@id\":\"https:\/\/hobstop.ee\/lv\/produkts\/krasa-tekstilam-marabu-textil-print-100ml\/#breadcrumb\"},\"inLanguage\":\"lv-LV\",\"potentialAction\":[{\"@type\":\"ReadAction\",\"target\":[\"https:\/\/hobstop.ee\/lv\/produkts\/krasa-tekstilam-marabu-textil-print-100ml\/\"]}]},{\"@type\":\"ImageObject\",\"inLanguage\":\"lv-LV\",\"@id\":\"https:\/\/hobstop.ee\/lv\/produkts\/krasa-tekstilam-marabu-textil-print-100ml\/#primaryimage\",\"url\":\"https:\/\/hobstop.ee\/media\/5018.jpg\",\"contentUrl\":\"https:\/\/hobstop.ee\/media\/5018.jpg\",\"width\":1024,\"height\":768},{\"@type\":\"BreadcrumbList\",\"@id\":\"https:\/\/hobstop.ee\/lv\/produkts\/krasa-tekstilam-marabu-textil-print-100ml\/#breadcrumb\",\"itemListElement\":[{\"@type\":\"ListItem\",\"position\":1,\"name\":\"Avaleht\",\"item\":\"https:\/\/hobstop.ee\/lv\/\"},{\"@type\":\"ListItem\",\"position\":2,\"name\":\"Veikals\",\"item\":\"https:\/\/hobstop.ee\/lv\/veikals\/\"},{\"@type\":\"ListItem\",\"position\":3,\"name\":\"Kr\u0101sa tekstilam Marabu Textil Print 100ml\"}]},{\"@type\":\"WebSite\",\"@id\":\"https:\/\/hobstop.ee\/lv\/#website\",\"url\":\"https:\/\/hobstop.ee\/lv\/\",\"name\":\"Skizze\",\"description\":\"M\u0101kslas, hobiju un skolas preces\",\"publisher\":{\"@id\":\"https:\/\/hobstop.ee\/lv\/#organization\"},\"potentialAction\":[{\"@type\":\"SearchAction\",\"target\":{\"@type\":\"EntryPoint\",\"urlTemplate\":\"https:\/\/hobstop.ee\/lv\/?s={search_term_string}\"},\"query-input\":{\"@type\":\"PropertyValueSpecification\",\"valueRequired\":true,\"valueName\":\"search_term_string\"}}],\"inLanguage\":\"lv-LV\"},{\"@type\":\"Organization\",\"@id\":\"https:\/\/hobstop.ee\/lv\/#organization\",\"name\":\"Vunder AS\",\"url\":\"https:\/\/hobstop.ee\/lv\/\",\"logo\":{\"@type\":\"ImageObject\",\"inLanguage\":\"lv-LV\",\"@id\":\"https:\/\/hobstop.ee\/lv\/#\/schema\/logo\/image\/\",\"url\":\"https:\/\/hobstop.ee\/media\/vunder-logo.png\",\"contentUrl\":\"https:\/\/hobstop.ee\/media\/vunder-logo.png\",\"width\":127,\"height\":55,\"caption\":\"Vunder AS\"},\"image\":{\"@id\":\"https:\/\/hobstop.ee\/lv\/#\/schema\/logo\/image\/\"},\"sameAs\":[\"http:\/\/www.facebook.com\/VunderSkizze\"]}]}<\/script>\n<!-- \/ Yoast SEO plugin. -->","yoast_head_json":{"title":"Kr\u0101sa tekstilam Marabu Textil Print 100ml &#8211; Skizze","robots":{"index":"noindex","follow":"follow","max-snippet":"max-snippet:-1","max-image-preview":"max-image-preview:large","max-video-preview":"max-video-preview:-1"},"og_locale":"lv_LV","og_type":"article","og_title":"Kr\u0101sa tekstilam Marabu Textil Print 100ml &#8211; Skizze","og_description":"Marabu Textil Print ir spilgta, uz \u016bdens b\u0101zes rad\u012bta mat\u0113ta drukas tinte ar izteikti m\u012bkstu tekst\u016bru. Marabu Textil Print ir \u012bpa\u0161i izstr\u0101d\u0101ta izmanto\u0161anai sietspiedes un linoleja grie\u0161anas tehnik\u0101. T\u0101 ir bez smar\u017eas un iztur\u012bga pret gaismas iedarb\u012bbu, piem\u0113rota izmanto\u0161anai gan uz gai\u0161iem, gan tum\u0161iem audumiem ar sint\u0113tisko \u0161\u0137iedru saturu l\u012bdz 20%. Marabu Textil Print ir \u012bpa\u0161i l\u0113ni \u017e\u016bsto\u0161a un ar augstu viskozit\u0101ti (vajadz\u012bbas gad\u012bjum\u0101 at\u0161\u0137aid\u012bt ar \u016bdeni). Lai izvair\u012btos no jebk\u0101d\u0101m ru\u013c\u013ca rad\u012btaj\u0101m sv\u012btr\u0101m, ir \u013coti svar\u012bgi saglab\u0101t tinti mitru. Tas nodro\u0161ina perfektu drukas rezult\u0101tu ar homog\u0113ni uzkl\u0101tu tinti, bez p\u0101rkl\u0101\u0161an\u0101s. P\u0113c \u017e\u0101v\u0113\u0161anas nostiprin\u0101t cepe\u0161kr\u0101sn\u012b (8 min\u016btes\/150\u00b0C) vai gludin\u0101t bez tvaika 3 min\u016btes. P\u0113c nostiprin\u0101\u0161anas, audumu dr\u012bkst mazg\u0101t temperat\u016br\u0101 l\u012bdz 40\u00b0C. Lielisks veids, k\u0101 izrot\u0101t somas, spilvenus un ap\u0123\u0113rbu!","og_url":"https:\/\/hobstop.ee\/lv\/produkts\/krasa-tekstilam-marabu-textil-print-100ml\/","og_site_name":"Skizze","article_publisher":"http:\/\/www.facebook.com\/VunderSkizze","og_image":[{"width":1024,"height":768,"url":"https:\/\/hobstop.ee\/media\/5018.jpg","type":"image\/jpeg"}],"twitter_card":"summary_large_image","twitter_misc":{"Est. reading time":"1 min\u016b\u0161u"},"schema":{"@context":"https:\/\/schema.org","@graph":[{"@type":"WebPage","@id":"https:\/\/hobstop.ee\/lv\/produkts\/krasa-tekstilam-marabu-textil-print-100ml\/","url":"https:\/\/hobstop.ee\/lv\/produkts\/krasa-tekstilam-marabu-textil-print-100ml\/","name":"Kr\u0101sa tekstilam Marabu Textil Print 100ml &#8211; Skizze","isPartOf":{"@id":"https:\/\/hobstop.ee\/lv\/#website"},"primaryImageOfPage":{"@id":"https:\/\/hobstop.ee\/lv\/produkts\/krasa-tekstilam-marabu-textil-print-100ml\/#primaryimage"},"image":{"@id":"https:\/\/hobstop.ee\/lv\/produkts\/krasa-tekstilam-marabu-textil-print-100ml\/#primaryimage"},"thumbnailUrl":"https:\/\/hobstop.ee\/media\/5018.jpg","datePublished":"2019-11-20T10:33:28+00:00","dateModified":"2019-11-20T10:33:28+00:00","breadcrumb":{"@id":"https:\/\/hobstop.ee\/lv\/produkts\/krasa-tekstilam-marabu-textil-print-100ml\/#breadcrumb"},"inLanguage":"lv-LV","potentialAction":[{"@type":"ReadAction","target":["https:\/\/hobstop.ee\/lv\/produkts\/krasa-tekstilam-marabu-textil-print-100ml\/"]}]},{"@type":"ImageObject","inLanguage":"lv-LV","@id":"https:\/\/hobstop.ee\/lv\/produkts\/krasa-tekstilam-marabu-textil-print-100ml\/#primaryimage","url":"https:\/\/hobstop.ee\/media\/5018.jpg","contentUrl":"https:\/\/hobstop.ee\/media\/5018.jpg","width":1024,"height":768},{"@type":"BreadcrumbList","@id":"https:\/\/hobstop.ee\/lv\/produkts\/krasa-tekstilam-marabu-textil-print-100ml\/#breadcrumb","itemListElement":[{"@type":"ListItem","position":1,"name":"Avaleht","item":"https:\/\/hobstop.ee\/lv\/"},{"@type":"ListItem","position":2,"name":"Veikals","item":"https:\/\/hobstop.ee\/lv\/veikals\/"},{"@type":"ListItem","position":3,"name":"Kr\u0101sa tekstilam Marabu Textil Print 100ml"}]},{"@type":"WebSite","@id":"https:\/\/hobstop.ee\/lv\/#website","url":"https:\/\/hobstop.ee\/lv\/","name":"Skizze","description":"M\u0101kslas, hobiju un skolas preces","publisher":{"@id":"https:\/\/hobstop.ee\/lv\/#organization"},"potentialAction":[{"@type":"SearchAction","target":{"@type":"EntryPoint","urlTemplate":"https:\/\/hobstop.ee\/lv\/?s={search_term_string}"},"query-input":{"@type":"PropertyValueSpecification","valueRequired":true,"valueName":"search_term_string"}}],"inLanguage":"lv-LV"},{"@type":"Organization","@id":"https:\/\/hobstop.ee\/lv\/#organization","name":"Vunder AS","url":"https:\/\/hobstop.ee\/lv\/","logo":{"@type":"ImageObject","inLanguage":"lv-LV","@id":"https:\/\/hobstop.ee\/lv\/#\/schema\/logo\/image\/","url":"https:\/\/hobstop.ee\/media\/vunder-logo.png","contentUrl":"https:\/\/hobstop.ee\/media\/vunder-logo.png","width":127,"height":55,"caption":"Vunder AS"},"image":{"@id":"https:\/\/hobstop.ee\/lv\/#\/schema\/logo\/image\/"},"sameAs":["http:\/\/www.facebook.com\/VunderSkizze"]}]}},"_links":{"self":[{"href":"https:\/\/hobstop.ee\/lv\/wp-json\/wp\/v2\/product\/339494","targetHints":{"allow":["GET"]}}],"collection":[{"href":"https:\/\/hobstop.ee\/lv\/wp-json\/wp\/v2\/product"}],"about":[{"href":"https:\/\/hobstop.ee\/lv\/wp-json\/wp\/v2\/types\/product"}],"replies":[{"embeddable":true,"href":"https:\/\/hobstop.ee\/lv\/wp-json\/wp\/v2\/comments?post=339494"}],"wp:featuredmedia":[{"embeddable":true,"href":"https:\/\/hobstop.ee\/lv\/wp-json\/wp\/v2\/media\/353083"}],"wp:attachment":[{"href":"https:\/\/hobstop.ee\/lv\/wp-json\/wp\/v2\/media?parent=339494"}],"wp:term":[{"taxonomy":"product_cat","embeddable":true,"href":"https:\/\/hobstop.ee\/lv\/wp-json\/wp\/v2\/product_cat?post=339494"},{"taxonomy":"product_tag","embeddable":true,"href":"https:\/\/hobstop.ee\/lv\/wp-json\/wp\/v2\/product_tag?post=339494"}],"curies":[{"name":"wp","href":"https:\/\/api.w.org\/{rel}","templated":true}]}}