{"id":339498,"date":"2019-11-20T12:33:34","date_gmt":"2019-11-20T10:33:40","guid":{"rendered":"https:\/\/sharks.ee\/vunder_2019\/product\/krasa-tekstilam-marabu-textil-aquarelle-15ml\/"},"modified":"2019-11-20T12:33:40","modified_gmt":"2019-11-20T10:33:40","slug":"krasa-tekstilam-marabu-textil-aquarelle-15ml","status":"publish","type":"product","link":"https:\/\/hobstop.ee\/lv\/produkts\/krasa-tekstilam-marabu-textil-aquarelle-15ml\/","title":{"rendered":"Kr\u0101sa tekstilam Marabu Textil Aquarelle 15ml"},"content":{"rendered":"<p>Marabu Textil Aquarelle ir izcilas, pigment\u0113tas, uz \u016bdens b\u0101zes izgatavotas audekla akvare\u013ckr\u0101sas, kas paredz\u0113tas izmanto\u0161anai uz gai\u0161iem audumiem (ar maksim\u0101li 20% sint\u0113tisk\u0101s \u0161\u0137iedras). Bag\u0101t\u012bgas un ar \u013coti lab\u0101m pl\u016bstam\u012bbas \u012bpa\u0161\u012bb\u0101m. Kr\u0101sas var jaukt un at\u0161\u0137aid\u012bt ar \u016bdeni. Audekliem ir j\u0101b\u016bt att\u012br\u012btiem no mazg\u0101\u0161anas jeb apdares l\u012bdzek\u013ciem un audeklu kondicionieriem. Pirms kr\u0101sas uzkl\u0101\u0161anas, samitriniet audeklu ar s\u016bkl\u012bti. Uzkl\u0101jiet kr\u0101su ar mitru otu. P\u0113c mitra audekla \u017e\u0101v\u0113\u0161anas kr\u0101sn\u012b (8 min\u016btes\/ 150\u00b0C), to var mazg\u0101t temperat\u016br\u0101 l\u012bdz 40\u00b0C. Mazg\u0101jot un gludinot, izstr\u0101d\u0101jums j\u0101izgrie\u017e uz otru pusi.<\/p>\n","protected":false},"excerpt":{"rendered":"<p>Marabu Textil Aquarelle ir izcilas, pigment\u0113tas, uz \u016bdens b\u0101zes izgatavotas audekla akvare\u013ckr\u0101sas, kas paredz\u0113tas izmanto\u0161anai uz gai\u0161iem audumiem (ar maksim\u0101li 20% sint\u0113tisk\u0101s \u0161\u0137iedras). Bag\u0101t\u012bgas un ar \u013coti lab\u0101m pl\u016bstam\u012bbas \u012bpa\u0161\u012bb\u0101m. Kr\u0101sas var jaukt un at\u0161\u0137aid\u012bt ar \u016bdeni. Audekliem ir j\u0101b\u016bt att\u012br\u012btiem no mazg\u0101\u0161anas jeb apdares l\u012bdzek\u013ciem un audeklu kondicionieriem. Pirms kr\u0101sas uzkl\u0101\u0161anas, samitriniet audeklu ar s\u016bkl\u012bti. Uzkl\u0101jiet kr\u0101su ar mitru otu. P\u0113c mitra audekla \u017e\u0101v\u0113\u0161anas kr\u0101sn\u012b (8 min\u016btes\/ 150\u00b0C), to var mazg\u0101t temperat\u016br\u0101 l\u012bdz 40\u00b0C. Mazg\u0101jot un gludinot, izstr\u0101d\u0101jums j\u0101izgrie\u017e uz otru pusi.<\/p>\n","protected":false},"featured_media":353075,"comment_status":"closed","ping_status":"closed","template":"","meta":{"_acf_changed":false,"ep_exclude_from_search":false},"product_cat":[20361],"product_tag":[],"class_list":{"0":"post-339498","1":"product","2":"type-product","3":"status-publish","4":"has-post-thumbnail","6":"product_cat-maaramata","8":"first","9":"instock","10":"taxable","11":"shipping-taxable","12":"product-type-simple"},"acf":[],"yoast_head":"<!-- This site is optimized with the Yoast SEO plugin v24.1 - https:\/\/yoast.com\/wordpress\/plugins\/seo\/ -->\n<title>Kr\u0101sa tekstilam Marabu Textil Aquarelle 15ml &#8211; Skizze<\/title>\n<meta name=\"robots\" content=\"noindex, follow, max-snippet:-1, max-image-preview:large, max-video-preview:-1\" \/>\n<meta property=\"og:locale\" content=\"lv_LV\" \/>\n<meta property=\"og:type\" content=\"article\" \/>\n<meta property=\"og:title\" content=\"Kr\u0101sa tekstilam Marabu Textil Aquarelle 15ml &#8211; Skizze\" \/>\n<meta property=\"og:description\" content=\"Marabu Textil Aquarelle ir izcilas, pigment\u0113tas, uz \u016bdens b\u0101zes izgatavotas audekla akvare\u013ckr\u0101sas, kas paredz\u0113tas izmanto\u0161anai uz gai\u0161iem audumiem (ar maksim\u0101li 20% sint\u0113tisk\u0101s \u0161\u0137iedras). Bag\u0101t\u012bgas un ar \u013coti lab\u0101m pl\u016bstam\u012bbas \u012bpa\u0161\u012bb\u0101m. Kr\u0101sas var jaukt un at\u0161\u0137aid\u012bt ar \u016bdeni. Audekliem ir j\u0101b\u016bt att\u012br\u012btiem no mazg\u0101\u0161anas jeb apdares l\u012bdzek\u013ciem un audeklu kondicionieriem. Pirms kr\u0101sas uzkl\u0101\u0161anas, samitriniet audeklu ar s\u016bkl\u012bti. Uzkl\u0101jiet kr\u0101su ar mitru otu. P\u0113c mitra audekla \u017e\u0101v\u0113\u0161anas kr\u0101sn\u012b (8 min\u016btes\/ 150\u00b0C), to var mazg\u0101t temperat\u016br\u0101 l\u012bdz 40\u00b0C. Mazg\u0101jot un gludinot, izstr\u0101d\u0101jums j\u0101izgrie\u017e uz otru pusi.\" \/>\n<meta property=\"og:url\" content=\"https:\/\/hobstop.ee\/lv\/produkts\/krasa-tekstilam-marabu-textil-aquarelle-15ml\/\" \/>\n<meta property=\"og:site_name\" content=\"Skizze\" \/>\n<meta property=\"article:publisher\" content=\"http:\/\/www.facebook.com\/VunderSkizze\" \/>\n<meta property=\"og:image\" content=\"https:\/\/hobstop.ee\/media\/5019.jpg\" \/>\n\t<meta property=\"og:image:width\" content=\"1024\" \/>\n\t<meta property=\"og:image:height\" content=\"768\" \/>\n\t<meta property=\"og:image:type\" content=\"image\/jpeg\" \/>\n<meta name=\"twitter:card\" content=\"summary_large_image\" \/>\n<meta name=\"twitter:label1\" content=\"Est. reading time\" \/>\n\t<meta name=\"twitter:data1\" content=\"1 min\u016b\u0161u\" \/>\n<script type=\"application\/ld+json\" class=\"yoast-schema-graph\">{\"@context\":\"https:\/\/schema.org\",\"@graph\":[{\"@type\":\"WebPage\",\"@id\":\"https:\/\/hobstop.ee\/lv\/produkts\/krasa-tekstilam-marabu-textil-aquarelle-15ml\/\",\"url\":\"https:\/\/hobstop.ee\/lv\/produkts\/krasa-tekstilam-marabu-textil-aquarelle-15ml\/\",\"name\":\"Kr\u0101sa tekstilam Marabu Textil Aquarelle 15ml &#8211; Skizze\",\"isPartOf\":{\"@id\":\"https:\/\/hobstop.ee\/lv\/#website\"},\"primaryImageOfPage\":{\"@id\":\"https:\/\/hobstop.ee\/lv\/produkts\/krasa-tekstilam-marabu-textil-aquarelle-15ml\/#primaryimage\"},\"image\":{\"@id\":\"https:\/\/hobstop.ee\/lv\/produkts\/krasa-tekstilam-marabu-textil-aquarelle-15ml\/#primaryimage\"},\"thumbnailUrl\":\"https:\/\/hobstop.ee\/media\/5019.jpg\",\"datePublished\":\"2019-11-20T10:33:40+00:00\",\"dateModified\":\"2019-11-20T10:33:40+00:00\",\"breadcrumb\":{\"@id\":\"https:\/\/hobstop.ee\/lv\/produkts\/krasa-tekstilam-marabu-textil-aquarelle-15ml\/#breadcrumb\"},\"inLanguage\":\"lv-LV\",\"potentialAction\":[{\"@type\":\"ReadAction\",\"target\":[\"https:\/\/hobstop.ee\/lv\/produkts\/krasa-tekstilam-marabu-textil-aquarelle-15ml\/\"]}]},{\"@type\":\"ImageObject\",\"inLanguage\":\"lv-LV\",\"@id\":\"https:\/\/hobstop.ee\/lv\/produkts\/krasa-tekstilam-marabu-textil-aquarelle-15ml\/#primaryimage\",\"url\":\"https:\/\/hobstop.ee\/media\/5019.jpg\",\"contentUrl\":\"https:\/\/hobstop.ee\/media\/5019.jpg\",\"width\":1024,\"height\":768},{\"@type\":\"BreadcrumbList\",\"@id\":\"https:\/\/hobstop.ee\/lv\/produkts\/krasa-tekstilam-marabu-textil-aquarelle-15ml\/#breadcrumb\",\"itemListElement\":[{\"@type\":\"ListItem\",\"position\":1,\"name\":\"Avaleht\",\"item\":\"https:\/\/www.hobstop.ee\/lv\/\"},{\"@type\":\"ListItem\",\"position\":2,\"name\":\"Veikals\",\"item\":\"https:\/\/www.hobstop.ee\/lv\/veikals\/\"},{\"@type\":\"ListItem\",\"position\":3,\"name\":\"Kr\u0101sa tekstilam Marabu Textil Aquarelle 15ml\"}]},{\"@type\":\"WebSite\",\"@id\":\"https:\/\/hobstop.ee\/lv\/#website\",\"url\":\"https:\/\/hobstop.ee\/lv\/\",\"name\":\"Skizze\",\"description\":\"M\u0101kslas, hobiju un skolas preces\",\"publisher\":{\"@id\":\"https:\/\/hobstop.ee\/lv\/#organization\"},\"potentialAction\":[{\"@type\":\"SearchAction\",\"target\":{\"@type\":\"EntryPoint\",\"urlTemplate\":\"https:\/\/hobstop.ee\/lv\/?s={search_term_string}\"},\"query-input\":{\"@type\":\"PropertyValueSpecification\",\"valueRequired\":true,\"valueName\":\"search_term_string\"}}],\"inLanguage\":\"lv-LV\"},{\"@type\":\"Organization\",\"@id\":\"https:\/\/hobstop.ee\/lv\/#organization\",\"name\":\"Vunder AS\",\"url\":\"https:\/\/hobstop.ee\/lv\/\",\"logo\":{\"@type\":\"ImageObject\",\"inLanguage\":\"lv-LV\",\"@id\":\"https:\/\/hobstop.ee\/lv\/#\/schema\/logo\/image\/\",\"url\":\"https:\/\/hobstop.ee\/media\/vunder-logo.png\",\"contentUrl\":\"https:\/\/hobstop.ee\/media\/vunder-logo.png\",\"width\":127,\"height\":55,\"caption\":\"Vunder AS\"},\"image\":{\"@id\":\"https:\/\/hobstop.ee\/lv\/#\/schema\/logo\/image\/\"},\"sameAs\":[\"http:\/\/www.facebook.com\/VunderSkizze\"]}]}<\/script>\n<!-- \/ Yoast SEO plugin. -->","yoast_head_json":{"title":"Kr\u0101sa tekstilam Marabu Textil Aquarelle 15ml &#8211; Skizze","robots":{"index":"noindex","follow":"follow","max-snippet":"max-snippet:-1","max-image-preview":"max-image-preview:large","max-video-preview":"max-video-preview:-1"},"og_locale":"lv_LV","og_type":"article","og_title":"Kr\u0101sa tekstilam Marabu Textil Aquarelle 15ml &#8211; Skizze","og_description":"Marabu Textil Aquarelle ir izcilas, pigment\u0113tas, uz \u016bdens b\u0101zes izgatavotas audekla akvare\u013ckr\u0101sas, kas paredz\u0113tas izmanto\u0161anai uz gai\u0161iem audumiem (ar maksim\u0101li 20% sint\u0113tisk\u0101s \u0161\u0137iedras). Bag\u0101t\u012bgas un ar \u013coti lab\u0101m pl\u016bstam\u012bbas \u012bpa\u0161\u012bb\u0101m. Kr\u0101sas var jaukt un at\u0161\u0137aid\u012bt ar \u016bdeni. Audekliem ir j\u0101b\u016bt att\u012br\u012btiem no mazg\u0101\u0161anas jeb apdares l\u012bdzek\u013ciem un audeklu kondicionieriem. Pirms kr\u0101sas uzkl\u0101\u0161anas, samitriniet audeklu ar s\u016bkl\u012bti. Uzkl\u0101jiet kr\u0101su ar mitru otu. P\u0113c mitra audekla \u017e\u0101v\u0113\u0161anas kr\u0101sn\u012b (8 min\u016btes\/ 150\u00b0C), to var mazg\u0101t temperat\u016br\u0101 l\u012bdz 40\u00b0C. Mazg\u0101jot un gludinot, izstr\u0101d\u0101jums j\u0101izgrie\u017e uz otru pusi.","og_url":"https:\/\/hobstop.ee\/lv\/produkts\/krasa-tekstilam-marabu-textil-aquarelle-15ml\/","og_site_name":"Skizze","article_publisher":"http:\/\/www.facebook.com\/VunderSkizze","og_image":[{"width":1024,"height":768,"url":"https:\/\/hobstop.ee\/media\/5019.jpg","type":"image\/jpeg"}],"twitter_card":"summary_large_image","twitter_misc":{"Est. reading time":"1 min\u016b\u0161u"},"schema":{"@context":"https:\/\/schema.org","@graph":[{"@type":"WebPage","@id":"https:\/\/hobstop.ee\/lv\/produkts\/krasa-tekstilam-marabu-textil-aquarelle-15ml\/","url":"https:\/\/hobstop.ee\/lv\/produkts\/krasa-tekstilam-marabu-textil-aquarelle-15ml\/","name":"Kr\u0101sa tekstilam Marabu Textil Aquarelle 15ml &#8211; Skizze","isPartOf":{"@id":"https:\/\/hobstop.ee\/lv\/#website"},"primaryImageOfPage":{"@id":"https:\/\/hobstop.ee\/lv\/produkts\/krasa-tekstilam-marabu-textil-aquarelle-15ml\/#primaryimage"},"image":{"@id":"https:\/\/hobstop.ee\/lv\/produkts\/krasa-tekstilam-marabu-textil-aquarelle-15ml\/#primaryimage"},"thumbnailUrl":"https:\/\/hobstop.ee\/media\/5019.jpg","datePublished":"2019-11-20T10:33:40+00:00","dateModified":"2019-11-20T10:33:40+00:00","breadcrumb":{"@id":"https:\/\/hobstop.ee\/lv\/produkts\/krasa-tekstilam-marabu-textil-aquarelle-15ml\/#breadcrumb"},"inLanguage":"lv-LV","potentialAction":[{"@type":"ReadAction","target":["https:\/\/hobstop.ee\/lv\/produkts\/krasa-tekstilam-marabu-textil-aquarelle-15ml\/"]}]},{"@type":"ImageObject","inLanguage":"lv-LV","@id":"https:\/\/hobstop.ee\/lv\/produkts\/krasa-tekstilam-marabu-textil-aquarelle-15ml\/#primaryimage","url":"https:\/\/hobstop.ee\/media\/5019.jpg","contentUrl":"https:\/\/hobstop.ee\/media\/5019.jpg","width":1024,"height":768},{"@type":"BreadcrumbList","@id":"https:\/\/hobstop.ee\/lv\/produkts\/krasa-tekstilam-marabu-textil-aquarelle-15ml\/#breadcrumb","itemListElement":[{"@type":"ListItem","position":1,"name":"Avaleht","item":"https:\/\/www.hobstop.ee\/lv\/"},{"@type":"ListItem","position":2,"name":"Veikals","item":"https:\/\/www.hobstop.ee\/lv\/veikals\/"},{"@type":"ListItem","position":3,"name":"Kr\u0101sa tekstilam Marabu Textil Aquarelle 15ml"}]},{"@type":"WebSite","@id":"https:\/\/hobstop.ee\/lv\/#website","url":"https:\/\/hobstop.ee\/lv\/","name":"Skizze","description":"M\u0101kslas, hobiju un skolas preces","publisher":{"@id":"https:\/\/hobstop.ee\/lv\/#organization"},"potentialAction":[{"@type":"SearchAction","target":{"@type":"EntryPoint","urlTemplate":"https:\/\/hobstop.ee\/lv\/?s={search_term_string}"},"query-input":{"@type":"PropertyValueSpecification","valueRequired":true,"valueName":"search_term_string"}}],"inLanguage":"lv-LV"},{"@type":"Organization","@id":"https:\/\/hobstop.ee\/lv\/#organization","name":"Vunder AS","url":"https:\/\/hobstop.ee\/lv\/","logo":{"@type":"ImageObject","inLanguage":"lv-LV","@id":"https:\/\/hobstop.ee\/lv\/#\/schema\/logo\/image\/","url":"https:\/\/hobstop.ee\/media\/vunder-logo.png","contentUrl":"https:\/\/hobstop.ee\/media\/vunder-logo.png","width":127,"height":55,"caption":"Vunder AS"},"image":{"@id":"https:\/\/hobstop.ee\/lv\/#\/schema\/logo\/image\/"},"sameAs":["http:\/\/www.facebook.com\/VunderSkizze"]}]}},"_links":{"self":[{"href":"https:\/\/hobstop.ee\/lv\/wp-json\/wp\/v2\/product\/339498","targetHints":{"allow":["GET"]}}],"collection":[{"href":"https:\/\/hobstop.ee\/lv\/wp-json\/wp\/v2\/product"}],"about":[{"href":"https:\/\/hobstop.ee\/lv\/wp-json\/wp\/v2\/types\/product"}],"replies":[{"embeddable":true,"href":"https:\/\/hobstop.ee\/lv\/wp-json\/wp\/v2\/comments?post=339498"}],"wp:featuredmedia":[{"embeddable":true,"href":"https:\/\/hobstop.ee\/lv\/wp-json\/wp\/v2\/media\/353075"}],"wp:attachment":[{"href":"https:\/\/hobstop.ee\/lv\/wp-json\/wp\/v2\/media?parent=339498"}],"wp:term":[{"taxonomy":"product_cat","embeddable":true,"href":"https:\/\/hobstop.ee\/lv\/wp-json\/wp\/v2\/product_cat?post=339498"},{"taxonomy":"product_tag","embeddable":true,"href":"https:\/\/hobstop.ee\/lv\/wp-json\/wp\/v2\/product_tag?post=339498"}],"curies":[{"name":"wp","href":"https:\/\/api.w.org\/{rel}","templated":true}]}}