{"id":339502,"date":"2019-11-20T12:33:46","date_gmt":"2019-11-20T10:33:51","guid":{"rendered":"https:\/\/sharks.ee\/vunder_2019\/product\/krasa-tekstilam-marabu-textil-neon-15ml\/"},"modified":"2019-11-20T12:33:51","modified_gmt":"2019-11-20T10:33:51","slug":"krasa-tekstilam-marabu-textil-neon-15ml","status":"publish","type":"product","link":"https:\/\/hobstop.ee\/lv\/produkts\/krasa-tekstilam-marabu-textil-neon-15ml\/","title":{"rendered":"Kr\u0101sa tekstilam Marabu Textil Neon 15ml"},"content":{"rendered":"<p>Marabu Textil Neon, ir izteikta, fluoresc\u0113jo\u0161a kr\u0101sa uz \u016bdens b\u0101zes, kas sp\u012bd dienas gaism\u0101, pateicoties t\u0101s maigajam un intens\u012bvajam spilgtumam. T\u0101 ir bez smar\u017eas, rezistenta pret siekal\u0101m, mirdz UV meln\u0101 gaism\u0101. Gai\u0161iem audumiem, kas nesatur apstr\u0101des l\u012bdzek\u013cus un auduma kondicionierus (maks. 20% sint\u0113tisk\u0101s \u0161\u0137iedras). P\u0113c \u017e\u0101v\u0113\u0161anas nostiprin\u0101t cepe\u0161kr\u0101sn\u012b (8 min\u016btes\/150\u00b0C) vai gludin\u0101t bez tvaika 3 min\u016btes. P\u0113c nostiprin\u0101\u0161anas, audumu dr\u012bkst mazg\u0101t temperat\u016br\u0101 l\u012bdz 40\u00b0C.<\/p>\n","protected":false},"excerpt":{"rendered":"<p>Marabu Textil Neon, ir izteikta, fluoresc\u0113jo\u0161a kr\u0101sa uz \u016bdens b\u0101zes, kas sp\u012bd dienas gaism\u0101, pateicoties t\u0101s maigajam un intens\u012bvajam spilgtumam. T\u0101 ir bez smar\u017eas, rezistenta pret siekal\u0101m, mirdz UV meln\u0101 gaism\u0101. Gai\u0161iem audumiem, kas nesatur apstr\u0101des l\u012bdzek\u013cus un auduma kondicionierus (maks. 20% sint\u0113tisk\u0101s \u0161\u0137iedras). P\u0113c \u017e\u0101v\u0113\u0161anas nostiprin\u0101t cepe\u0161kr\u0101sn\u012b (8 min\u016btes\/150\u00b0C) vai gludin\u0101t bez tvaika 3 min\u016btes. P\u0113c nostiprin\u0101\u0161anas, audumu dr\u012bkst mazg\u0101t temperat\u016br\u0101 l\u012bdz 40\u00b0C.<\/p>\n","protected":false},"featured_media":353079,"comment_status":"closed","ping_status":"closed","template":"","meta":{"_acf_changed":false,"ep_exclude_from_search":false},"product_cat":[20361],"product_tag":[],"class_list":{"0":"post-339502","1":"product","2":"type-product","3":"status-publish","4":"has-post-thumbnail","6":"product_cat-maaramata","8":"first","9":"instock","10":"taxable","11":"shipping-taxable","12":"product-type-simple"},"acf":[],"yoast_head":"<!-- This site is optimized with the Yoast SEO plugin v24.1 - https:\/\/yoast.com\/wordpress\/plugins\/seo\/ -->\n<title>Kr\u0101sa tekstilam Marabu Textil Neon 15ml &#8211; Skizze<\/title>\n<meta name=\"robots\" content=\"noindex, follow, max-snippet:-1, max-image-preview:large, max-video-preview:-1\" \/>\n<meta property=\"og:locale\" content=\"lv_LV\" \/>\n<meta property=\"og:type\" content=\"article\" \/>\n<meta property=\"og:title\" content=\"Kr\u0101sa tekstilam Marabu Textil Neon 15ml &#8211; Skizze\" \/>\n<meta property=\"og:description\" content=\"Marabu Textil Neon, ir izteikta, fluoresc\u0113jo\u0161a kr\u0101sa uz \u016bdens b\u0101zes, kas sp\u012bd dienas gaism\u0101, pateicoties t\u0101s maigajam un intens\u012bvajam spilgtumam. T\u0101 ir bez smar\u017eas, rezistenta pret siekal\u0101m, mirdz UV meln\u0101 gaism\u0101. Gai\u0161iem audumiem, kas nesatur apstr\u0101des l\u012bdzek\u013cus un auduma kondicionierus (maks. 20% sint\u0113tisk\u0101s \u0161\u0137iedras). P\u0113c \u017e\u0101v\u0113\u0161anas nostiprin\u0101t cepe\u0161kr\u0101sn\u012b (8 min\u016btes\/150\u00b0C) vai gludin\u0101t bez tvaika 3 min\u016btes. P\u0113c nostiprin\u0101\u0161anas, audumu dr\u012bkst mazg\u0101t temperat\u016br\u0101 l\u012bdz 40\u00b0C.\" \/>\n<meta property=\"og:url\" content=\"https:\/\/hobstop.ee\/lv\/produkts\/krasa-tekstilam-marabu-textil-neon-15ml\/\" \/>\n<meta property=\"og:site_name\" content=\"Skizze\" \/>\n<meta property=\"article:publisher\" content=\"http:\/\/www.facebook.com\/VunderSkizze\" \/>\n<meta property=\"og:image\" content=\"https:\/\/hobstop.ee\/media\/5020.jpg\" \/>\n\t<meta property=\"og:image:width\" content=\"1024\" \/>\n\t<meta property=\"og:image:height\" content=\"768\" \/>\n\t<meta property=\"og:image:type\" content=\"image\/jpeg\" \/>\n<meta name=\"twitter:card\" content=\"summary_large_image\" \/>\n<script type=\"application\/ld+json\" class=\"yoast-schema-graph\">{\"@context\":\"https:\/\/schema.org\",\"@graph\":[{\"@type\":\"WebPage\",\"@id\":\"https:\/\/hobstop.ee\/lv\/produkts\/krasa-tekstilam-marabu-textil-neon-15ml\/\",\"url\":\"https:\/\/hobstop.ee\/lv\/produkts\/krasa-tekstilam-marabu-textil-neon-15ml\/\",\"name\":\"Kr\u0101sa tekstilam Marabu Textil Neon 15ml &#8211; Skizze\",\"isPartOf\":{\"@id\":\"https:\/\/hobstop.ee\/lv\/#website\"},\"primaryImageOfPage\":{\"@id\":\"https:\/\/hobstop.ee\/lv\/produkts\/krasa-tekstilam-marabu-textil-neon-15ml\/#primaryimage\"},\"image\":{\"@id\":\"https:\/\/hobstop.ee\/lv\/produkts\/krasa-tekstilam-marabu-textil-neon-15ml\/#primaryimage\"},\"thumbnailUrl\":\"https:\/\/hobstop.ee\/media\/5020.jpg\",\"datePublished\":\"2019-11-20T10:33:51+00:00\",\"dateModified\":\"2019-11-20T10:33:51+00:00\",\"breadcrumb\":{\"@id\":\"https:\/\/hobstop.ee\/lv\/produkts\/krasa-tekstilam-marabu-textil-neon-15ml\/#breadcrumb\"},\"inLanguage\":\"lv-LV\",\"potentialAction\":[{\"@type\":\"ReadAction\",\"target\":[\"https:\/\/hobstop.ee\/lv\/produkts\/krasa-tekstilam-marabu-textil-neon-15ml\/\"]}]},{\"@type\":\"ImageObject\",\"inLanguage\":\"lv-LV\",\"@id\":\"https:\/\/hobstop.ee\/lv\/produkts\/krasa-tekstilam-marabu-textil-neon-15ml\/#primaryimage\",\"url\":\"https:\/\/hobstop.ee\/media\/5020.jpg\",\"contentUrl\":\"https:\/\/hobstop.ee\/media\/5020.jpg\",\"width\":1024,\"height\":768},{\"@type\":\"BreadcrumbList\",\"@id\":\"https:\/\/hobstop.ee\/lv\/produkts\/krasa-tekstilam-marabu-textil-neon-15ml\/#breadcrumb\",\"itemListElement\":[{\"@type\":\"ListItem\",\"position\":1,\"name\":\"Avaleht\",\"item\":\"https:\/\/www.hobstop.ee\/lv\/\"},{\"@type\":\"ListItem\",\"position\":2,\"name\":\"Veikals\",\"item\":\"https:\/\/www.hobstop.ee\/lv\/veikals\/\"},{\"@type\":\"ListItem\",\"position\":3,\"name\":\"Kr\u0101sa tekstilam Marabu Textil Neon 15ml\"}]},{\"@type\":\"WebSite\",\"@id\":\"https:\/\/hobstop.ee\/lv\/#website\",\"url\":\"https:\/\/hobstop.ee\/lv\/\",\"name\":\"Skizze\",\"description\":\"M\u0101kslas, hobiju un skolas preces\",\"publisher\":{\"@id\":\"https:\/\/hobstop.ee\/lv\/#organization\"},\"potentialAction\":[{\"@type\":\"SearchAction\",\"target\":{\"@type\":\"EntryPoint\",\"urlTemplate\":\"https:\/\/hobstop.ee\/lv\/?s={search_term_string}\"},\"query-input\":{\"@type\":\"PropertyValueSpecification\",\"valueRequired\":true,\"valueName\":\"search_term_string\"}}],\"inLanguage\":\"lv-LV\"},{\"@type\":\"Organization\",\"@id\":\"https:\/\/hobstop.ee\/lv\/#organization\",\"name\":\"Vunder AS\",\"url\":\"https:\/\/hobstop.ee\/lv\/\",\"logo\":{\"@type\":\"ImageObject\",\"inLanguage\":\"lv-LV\",\"@id\":\"https:\/\/hobstop.ee\/lv\/#\/schema\/logo\/image\/\",\"url\":\"https:\/\/hobstop.ee\/media\/vunder-logo.png\",\"contentUrl\":\"https:\/\/hobstop.ee\/media\/vunder-logo.png\",\"width\":127,\"height\":55,\"caption\":\"Vunder AS\"},\"image\":{\"@id\":\"https:\/\/hobstop.ee\/lv\/#\/schema\/logo\/image\/\"},\"sameAs\":[\"http:\/\/www.facebook.com\/VunderSkizze\"]}]}<\/script>\n<!-- \/ Yoast SEO plugin. -->","yoast_head_json":{"title":"Kr\u0101sa tekstilam Marabu Textil Neon 15ml &#8211; Skizze","robots":{"index":"noindex","follow":"follow","max-snippet":"max-snippet:-1","max-image-preview":"max-image-preview:large","max-video-preview":"max-video-preview:-1"},"og_locale":"lv_LV","og_type":"article","og_title":"Kr\u0101sa tekstilam Marabu Textil Neon 15ml &#8211; Skizze","og_description":"Marabu Textil Neon, ir izteikta, fluoresc\u0113jo\u0161a kr\u0101sa uz \u016bdens b\u0101zes, kas sp\u012bd dienas gaism\u0101, pateicoties t\u0101s maigajam un intens\u012bvajam spilgtumam. T\u0101 ir bez smar\u017eas, rezistenta pret siekal\u0101m, mirdz UV meln\u0101 gaism\u0101. Gai\u0161iem audumiem, kas nesatur apstr\u0101des l\u012bdzek\u013cus un auduma kondicionierus (maks. 20% sint\u0113tisk\u0101s \u0161\u0137iedras). P\u0113c \u017e\u0101v\u0113\u0161anas nostiprin\u0101t cepe\u0161kr\u0101sn\u012b (8 min\u016btes\/150\u00b0C) vai gludin\u0101t bez tvaika 3 min\u016btes. P\u0113c nostiprin\u0101\u0161anas, audumu dr\u012bkst mazg\u0101t temperat\u016br\u0101 l\u012bdz 40\u00b0C.","og_url":"https:\/\/hobstop.ee\/lv\/produkts\/krasa-tekstilam-marabu-textil-neon-15ml\/","og_site_name":"Skizze","article_publisher":"http:\/\/www.facebook.com\/VunderSkizze","og_image":[{"width":1024,"height":768,"url":"https:\/\/hobstop.ee\/media\/5020.jpg","type":"image\/jpeg"}],"twitter_card":"summary_large_image","schema":{"@context":"https:\/\/schema.org","@graph":[{"@type":"WebPage","@id":"https:\/\/hobstop.ee\/lv\/produkts\/krasa-tekstilam-marabu-textil-neon-15ml\/","url":"https:\/\/hobstop.ee\/lv\/produkts\/krasa-tekstilam-marabu-textil-neon-15ml\/","name":"Kr\u0101sa tekstilam Marabu Textil Neon 15ml &#8211; Skizze","isPartOf":{"@id":"https:\/\/hobstop.ee\/lv\/#website"},"primaryImageOfPage":{"@id":"https:\/\/hobstop.ee\/lv\/produkts\/krasa-tekstilam-marabu-textil-neon-15ml\/#primaryimage"},"image":{"@id":"https:\/\/hobstop.ee\/lv\/produkts\/krasa-tekstilam-marabu-textil-neon-15ml\/#primaryimage"},"thumbnailUrl":"https:\/\/hobstop.ee\/media\/5020.jpg","datePublished":"2019-11-20T10:33:51+00:00","dateModified":"2019-11-20T10:33:51+00:00","breadcrumb":{"@id":"https:\/\/hobstop.ee\/lv\/produkts\/krasa-tekstilam-marabu-textil-neon-15ml\/#breadcrumb"},"inLanguage":"lv-LV","potentialAction":[{"@type":"ReadAction","target":["https:\/\/hobstop.ee\/lv\/produkts\/krasa-tekstilam-marabu-textil-neon-15ml\/"]}]},{"@type":"ImageObject","inLanguage":"lv-LV","@id":"https:\/\/hobstop.ee\/lv\/produkts\/krasa-tekstilam-marabu-textil-neon-15ml\/#primaryimage","url":"https:\/\/hobstop.ee\/media\/5020.jpg","contentUrl":"https:\/\/hobstop.ee\/media\/5020.jpg","width":1024,"height":768},{"@type":"BreadcrumbList","@id":"https:\/\/hobstop.ee\/lv\/produkts\/krasa-tekstilam-marabu-textil-neon-15ml\/#breadcrumb","itemListElement":[{"@type":"ListItem","position":1,"name":"Avaleht","item":"https:\/\/www.hobstop.ee\/lv\/"},{"@type":"ListItem","position":2,"name":"Veikals","item":"https:\/\/www.hobstop.ee\/lv\/veikals\/"},{"@type":"ListItem","position":3,"name":"Kr\u0101sa tekstilam Marabu Textil Neon 15ml"}]},{"@type":"WebSite","@id":"https:\/\/hobstop.ee\/lv\/#website","url":"https:\/\/hobstop.ee\/lv\/","name":"Skizze","description":"M\u0101kslas, hobiju un skolas preces","publisher":{"@id":"https:\/\/hobstop.ee\/lv\/#organization"},"potentialAction":[{"@type":"SearchAction","target":{"@type":"EntryPoint","urlTemplate":"https:\/\/hobstop.ee\/lv\/?s={search_term_string}"},"query-input":{"@type":"PropertyValueSpecification","valueRequired":true,"valueName":"search_term_string"}}],"inLanguage":"lv-LV"},{"@type":"Organization","@id":"https:\/\/hobstop.ee\/lv\/#organization","name":"Vunder AS","url":"https:\/\/hobstop.ee\/lv\/","logo":{"@type":"ImageObject","inLanguage":"lv-LV","@id":"https:\/\/hobstop.ee\/lv\/#\/schema\/logo\/image\/","url":"https:\/\/hobstop.ee\/media\/vunder-logo.png","contentUrl":"https:\/\/hobstop.ee\/media\/vunder-logo.png","width":127,"height":55,"caption":"Vunder AS"},"image":{"@id":"https:\/\/hobstop.ee\/lv\/#\/schema\/logo\/image\/"},"sameAs":["http:\/\/www.facebook.com\/VunderSkizze"]}]}},"_links":{"self":[{"href":"https:\/\/hobstop.ee\/lv\/wp-json\/wp\/v2\/product\/339502","targetHints":{"allow":["GET"]}}],"collection":[{"href":"https:\/\/hobstop.ee\/lv\/wp-json\/wp\/v2\/product"}],"about":[{"href":"https:\/\/hobstop.ee\/lv\/wp-json\/wp\/v2\/types\/product"}],"replies":[{"embeddable":true,"href":"https:\/\/hobstop.ee\/lv\/wp-json\/wp\/v2\/comments?post=339502"}],"wp:featuredmedia":[{"embeddable":true,"href":"https:\/\/hobstop.ee\/lv\/wp-json\/wp\/v2\/media\/353079"}],"wp:attachment":[{"href":"https:\/\/hobstop.ee\/lv\/wp-json\/wp\/v2\/media?parent=339502"}],"wp:term":[{"taxonomy":"product_cat","embeddable":true,"href":"https:\/\/hobstop.ee\/lv\/wp-json\/wp\/v2\/product_cat?post=339502"},{"taxonomy":"product_tag","embeddable":true,"href":"https:\/\/hobstop.ee\/lv\/wp-json\/wp\/v2\/product_tag?post=339502"}],"curies":[{"name":"wp","href":"https:\/\/api.w.org\/{rel}","templated":true}]}}