{"id":339518,"date":"2019-11-20T12:34:37","date_gmt":"2019-11-20T10:34:46","guid":{"rendered":"https:\/\/sharks.ee\/vunder_2019\/product\/iespieddarbu-komplekts-tekstilam-marabu\/"},"modified":"2019-11-20T12:34:46","modified_gmt":"2019-11-20T10:34:46","slug":"iespieddarbu-komplekts-tekstilam-marabu","status":"publish","type":"product","link":"https:\/\/hobstop.ee\/lv\/produkts\/iespieddarbu-komplekts-tekstilam-marabu\/","title":{"rendered":"Iespieddarbu komplekts tekstilam Marabu"},"content":{"rendered":"<p>Relfeja apdrukas komplekts audumu, aksesu\u0101ru un \u016bdenskr\u0101su gleznu apdrukai ar tinti. Reljefa druk\u0101\u0161an\u0101 druk\u0101t\u0101s da\u013cas tiek izceltas noz\u012bm\u0113, ka tikai izcelt\u0101s raksta da\u013cas tiks druk\u0101tas. Tas ir tie\u0161\u0101s druk\u0101\u0161anas process, t.i., druk\u0101\u0161anas pl\u0101ksne p\u0101rnes tinti tie\u0161i uz audekla. \u0160aj\u0101 Marabu komplekt\u0101 ir viss nepiecie\u0161amais, lai rad\u012btu br\u012bni\u0161\u0137\u012bgas reljefa apdrukas. \u012apa\u0161a ir ar\u012b m\u012bkst\u0101 drukas pl\u0101ksne kas padara darba procesu \u013coti viegli realiz\u0113jamu. Druk\u0101tos rakstus var v\u0113l\u0101k kr\u0101sot ar Marabu Textil Aquarelle. Marabu Textil Print ir kr\u0101sa uz \u016bdens b\u0101zes, rezistenta pret siekal\u0101m, m\u012bksta piesk\u0101rieniem un to dr\u012bkst mazg\u0101t 40\u00b0C. T\u0101 ir bez smar\u017eas un iztur\u012bga pret gaismas iedarb\u012bbu, piem\u0113rota izmanto\u0161anai gan uz gai\u0161iem, gan tum\u0161iem audumiem ar sint\u0113tisko \u0161\u0137iedru saturu l\u012bdz 20%. P\u0113c \u017e\u0101v\u0113\u0161anas nostiprin\u0101t cepe\u0161kr\u0101sn\u012b (8 min\u016btes\/150\u00b0C) vai gludin\u0101t bez tvaika 3 min\u016btes. Pirms lieto\u0161anas samaisiet kr\u0101sas un p\u0113c lieto\u0161anas not\u012briet instrumentus \u016bden\u012b.<\/p>\n<p>Komplekts ietver:<br \/>\nMarabu Textil Print 100ml (og\u013cu meln\u0101 kr\u0101s\u0101)<br \/>\n2x15ml Textil Aquarelle (magenda, citrons)<br \/>\nPutu rull\u012btis (60mm)<br \/>\nLino grie\u0161anas instruments ar 2 asme\u0146iem (izm\u0113ri 2 un 5)<br \/>\nM\u012bksta druk\u0101\u0161anas  pamatne (gumijas grie\u0161anas bloks, 155x90x7mm)<br \/>\nMarabu Universal apa\u013ca sint\u0113tisk\u0101 ota, 12.izm\u0113rs<\/p>\n","protected":false},"excerpt":{"rendered":"<p>Relfeja apdrukas komplekts audumu, aksesu\u0101ru un \u016bdenskr\u0101su gleznu apdrukai ar tinti. Reljefa druk\u0101\u0161an\u0101 druk\u0101t\u0101s da\u013cas tiek izceltas noz\u012bm\u0113, ka tikai izcelt\u0101s raksta da\u013cas tiks druk\u0101tas. Tas ir tie\u0161\u0101s druk\u0101\u0161anas process, t.i., druk\u0101\u0161anas pl\u0101ksne p\u0101rnes tinti tie\u0161i uz audekla. \u0160aj\u0101 Marabu komplekt\u0101 ir viss nepiecie\u0161amais, lai rad\u012btu br\u012bni\u0161\u0137\u012bgas reljefa apdrukas. \u012apa\u0161a ir ar\u012b m\u012bkst\u0101 drukas pl\u0101ksne kas padara darba procesu \u013coti viegli realiz\u0113jamu. Druk\u0101tos rakstus var v\u0113l\u0101k kr\u0101sot ar Marabu Textil Aquarelle. Marabu Textil Print ir kr\u0101sa uz \u016bdens b\u0101zes, rezistenta pret siekal\u0101m, m\u012bksta piesk\u0101rieniem un to dr\u012bkst mazg\u0101t 40\u00b0C. T\u0101 ir bez smar\u017eas un iztur\u012bga pret gaismas iedarb\u012bbu, piem\u0113rota izmanto\u0161anai gan uz gai\u0161iem, gan tum\u0161iem audumiem ar sint\u0113tisko \u0161\u0137iedru saturu l\u012bdz 20%. P\u0113c \u017e\u0101v\u0113\u0161anas nostiprin\u0101t cepe\u0161kr\u0101sn\u012b (8 min\u016btes\/150\u00b0C) vai gludin\u0101t bez tvaika 3 min\u016btes. Pirms lieto\u0161anas samaisiet kr\u0101sas un p\u0113c lieto\u0161anas not\u012briet instrumentus \u016bden\u012b. Komplekts ietver: Marabu Textil Print 100ml (og\u013cu meln\u0101 kr\u0101s\u0101) 2x15ml Textil Aquarelle (magenda, citrons) Putu rull\u012btis (60mm) Lino grie\u0161anas instruments ar 2 asme\u0146iem (izm\u0113ri 2 un 5) M\u012bksta druk\u0101\u0161anas pamatne (gumijas grie\u0161anas bloks, 155x90x7mm) Marabu Universal apa\u013ca sint\u0113tisk\u0101 ota, 12.izm\u0113rs<\/p>\n","protected":false},"featured_media":353099,"comment_status":"closed","ping_status":"closed","template":"","meta":{"_acf_changed":false,"ep_exclude_from_search":false},"product_cat":[20361],"product_tag":[],"class_list":{"0":"post-339518","1":"product","2":"type-product","3":"status-publish","4":"has-post-thumbnail","6":"product_cat-maaramata","8":"first","9":"instock","10":"taxable","11":"shipping-taxable","12":"product-type-simple"},"acf":[],"yoast_head":"<!-- This site is optimized with the Yoast SEO plugin v24.1 - https:\/\/yoast.com\/wordpress\/plugins\/seo\/ -->\n<title>Iespieddarbu komplekts tekstilam Marabu &#8211; Skizze<\/title>\n<meta name=\"robots\" content=\"noindex, follow, max-snippet:-1, max-image-preview:large, max-video-preview:-1\" \/>\n<meta property=\"og:locale\" content=\"lv_LV\" \/>\n<meta property=\"og:type\" content=\"article\" \/>\n<meta property=\"og:title\" content=\"Iespieddarbu komplekts tekstilam Marabu &#8211; Skizze\" \/>\n<meta property=\"og:description\" content=\"Relfeja apdrukas komplekts audumu, aksesu\u0101ru un \u016bdenskr\u0101su gleznu apdrukai ar tinti. Reljefa druk\u0101\u0161an\u0101 druk\u0101t\u0101s da\u013cas tiek izceltas noz\u012bm\u0113, ka tikai izcelt\u0101s raksta da\u013cas tiks druk\u0101tas. Tas ir tie\u0161\u0101s druk\u0101\u0161anas process, t.i., druk\u0101\u0161anas pl\u0101ksne p\u0101rnes tinti tie\u0161i uz audekla. \u0160aj\u0101 Marabu komplekt\u0101 ir viss nepiecie\u0161amais, lai rad\u012btu br\u012bni\u0161\u0137\u012bgas reljefa apdrukas. \u012apa\u0161a ir ar\u012b m\u012bkst\u0101 drukas pl\u0101ksne kas padara darba procesu \u013coti viegli realiz\u0113jamu. Druk\u0101tos rakstus var v\u0113l\u0101k kr\u0101sot ar Marabu Textil Aquarelle. Marabu Textil Print ir kr\u0101sa uz \u016bdens b\u0101zes, rezistenta pret siekal\u0101m, m\u012bksta piesk\u0101rieniem un to dr\u012bkst mazg\u0101t 40\u00b0C. T\u0101 ir bez smar\u017eas un iztur\u012bga pret gaismas iedarb\u012bbu, piem\u0113rota izmanto\u0161anai gan uz gai\u0161iem, gan tum\u0161iem audumiem ar sint\u0113tisko \u0161\u0137iedru saturu l\u012bdz 20%. P\u0113c \u017e\u0101v\u0113\u0161anas nostiprin\u0101t cepe\u0161kr\u0101sn\u012b (8 min\u016btes\/150\u00b0C) vai gludin\u0101t bez tvaika 3 min\u016btes. Pirms lieto\u0161anas samaisiet kr\u0101sas un p\u0113c lieto\u0161anas not\u012briet instrumentus \u016bden\u012b. Komplekts ietver: Marabu Textil Print 100ml (og\u013cu meln\u0101 kr\u0101s\u0101) 2x15ml Textil Aquarelle (magenda, citrons) Putu rull\u012btis (60mm) Lino grie\u0161anas instruments ar 2 asme\u0146iem (izm\u0113ri 2 un 5) M\u012bksta druk\u0101\u0161anas pamatne (gumijas grie\u0161anas bloks, 155x90x7mm) Marabu Universal apa\u013ca sint\u0113tisk\u0101 ota, 12.izm\u0113rs\" \/>\n<meta property=\"og:url\" content=\"https:\/\/hobstop.ee\/lv\/produkts\/iespieddarbu-komplekts-tekstilam-marabu\/\" \/>\n<meta property=\"og:site_name\" content=\"Skizze\" \/>\n<meta property=\"article:publisher\" content=\"http:\/\/www.facebook.com\/VunderSkizze\" \/>\n<meta property=\"og:image\" content=\"https:\/\/hobstop.ee\/media\/5025.jpg\" \/>\n\t<meta property=\"og:image:width\" content=\"1024\" \/>\n\t<meta property=\"og:image:height\" content=\"768\" \/>\n\t<meta property=\"og:image:type\" content=\"image\/jpeg\" \/>\n<meta name=\"twitter:card\" content=\"summary_large_image\" \/>\n<meta name=\"twitter:label1\" content=\"Est. reading time\" \/>\n\t<meta name=\"twitter:data1\" content=\"1 min\u016b\u0161u\" \/>\n<script type=\"application\/ld+json\" class=\"yoast-schema-graph\">{\"@context\":\"https:\/\/schema.org\",\"@graph\":[{\"@type\":\"WebPage\",\"@id\":\"https:\/\/hobstop.ee\/lv\/produkts\/iespieddarbu-komplekts-tekstilam-marabu\/\",\"url\":\"https:\/\/hobstop.ee\/lv\/produkts\/iespieddarbu-komplekts-tekstilam-marabu\/\",\"name\":\"Iespieddarbu komplekts tekstilam Marabu &#8211; Skizze\",\"isPartOf\":{\"@id\":\"https:\/\/www.hobstop.ee\/lv\/#website\"},\"primaryImageOfPage\":{\"@id\":\"https:\/\/hobstop.ee\/lv\/produkts\/iespieddarbu-komplekts-tekstilam-marabu\/#primaryimage\"},\"image\":{\"@id\":\"https:\/\/hobstop.ee\/lv\/produkts\/iespieddarbu-komplekts-tekstilam-marabu\/#primaryimage\"},\"thumbnailUrl\":\"https:\/\/hobstop.ee\/media\/5025.jpg\",\"datePublished\":\"2019-11-20T10:34:46+00:00\",\"dateModified\":\"2019-11-20T10:34:46+00:00\",\"breadcrumb\":{\"@id\":\"https:\/\/hobstop.ee\/lv\/produkts\/iespieddarbu-komplekts-tekstilam-marabu\/#breadcrumb\"},\"inLanguage\":\"lv-LV\",\"potentialAction\":[{\"@type\":\"ReadAction\",\"target\":[\"https:\/\/hobstop.ee\/lv\/produkts\/iespieddarbu-komplekts-tekstilam-marabu\/\"]}]},{\"@type\":\"ImageObject\",\"inLanguage\":\"lv-LV\",\"@id\":\"https:\/\/hobstop.ee\/lv\/produkts\/iespieddarbu-komplekts-tekstilam-marabu\/#primaryimage\",\"url\":\"https:\/\/hobstop.ee\/media\/5025.jpg\",\"contentUrl\":\"https:\/\/hobstop.ee\/media\/5025.jpg\",\"width\":1024,\"height\":768},{\"@type\":\"BreadcrumbList\",\"@id\":\"https:\/\/hobstop.ee\/lv\/produkts\/iespieddarbu-komplekts-tekstilam-marabu\/#breadcrumb\",\"itemListElement\":[{\"@type\":\"ListItem\",\"position\":1,\"name\":\"Avaleht\",\"item\":\"https:\/\/www.hobstop.ee\/lv\/\"},{\"@type\":\"ListItem\",\"position\":2,\"name\":\"Veikals\",\"item\":\"https:\/\/www.hobstop.ee\/lv\/veikals\/\"},{\"@type\":\"ListItem\",\"position\":3,\"name\":\"Iespieddarbu komplekts tekstilam Marabu\"}]},{\"@type\":\"WebSite\",\"@id\":\"https:\/\/www.hobstop.ee\/lv\/#website\",\"url\":\"https:\/\/www.hobstop.ee\/lv\/\",\"name\":\"Skizze\",\"description\":\"M\u0101kslas, hobiju un skolas preces\",\"publisher\":{\"@id\":\"https:\/\/www.hobstop.ee\/lv\/#organization\"},\"potentialAction\":[{\"@type\":\"SearchAction\",\"target\":{\"@type\":\"EntryPoint\",\"urlTemplate\":\"https:\/\/www.hobstop.ee\/lv\/?s={search_term_string}\"},\"query-input\":{\"@type\":\"PropertyValueSpecification\",\"valueRequired\":true,\"valueName\":\"search_term_string\"}}],\"inLanguage\":\"lv-LV\"},{\"@type\":\"Organization\",\"@id\":\"https:\/\/www.hobstop.ee\/lv\/#organization\",\"name\":\"Vunder AS\",\"url\":\"https:\/\/www.hobstop.ee\/lv\/\",\"logo\":{\"@type\":\"ImageObject\",\"inLanguage\":\"lv-LV\",\"@id\":\"https:\/\/www.hobstop.ee\/lv\/#\/schema\/logo\/image\/\",\"url\":\"https:\/\/hobstop.ee\/media\/vunder-logo.png\",\"contentUrl\":\"https:\/\/hobstop.ee\/media\/vunder-logo.png\",\"width\":127,\"height\":55,\"caption\":\"Vunder AS\"},\"image\":{\"@id\":\"https:\/\/www.hobstop.ee\/lv\/#\/schema\/logo\/image\/\"},\"sameAs\":[\"http:\/\/www.facebook.com\/VunderSkizze\"]}]}<\/script>\n<!-- \/ Yoast SEO plugin. -->","yoast_head_json":{"title":"Iespieddarbu komplekts tekstilam Marabu &#8211; Skizze","robots":{"index":"noindex","follow":"follow","max-snippet":"max-snippet:-1","max-image-preview":"max-image-preview:large","max-video-preview":"max-video-preview:-1"},"og_locale":"lv_LV","og_type":"article","og_title":"Iespieddarbu komplekts tekstilam Marabu &#8211; Skizze","og_description":"Relfeja apdrukas komplekts audumu, aksesu\u0101ru un \u016bdenskr\u0101su gleznu apdrukai ar tinti. Reljefa druk\u0101\u0161an\u0101 druk\u0101t\u0101s da\u013cas tiek izceltas noz\u012bm\u0113, ka tikai izcelt\u0101s raksta da\u013cas tiks druk\u0101tas. Tas ir tie\u0161\u0101s druk\u0101\u0161anas process, t.i., druk\u0101\u0161anas pl\u0101ksne p\u0101rnes tinti tie\u0161i uz audekla. \u0160aj\u0101 Marabu komplekt\u0101 ir viss nepiecie\u0161amais, lai rad\u012btu br\u012bni\u0161\u0137\u012bgas reljefa apdrukas. \u012apa\u0161a ir ar\u012b m\u012bkst\u0101 drukas pl\u0101ksne kas padara darba procesu \u013coti viegli realiz\u0113jamu. Druk\u0101tos rakstus var v\u0113l\u0101k kr\u0101sot ar Marabu Textil Aquarelle. Marabu Textil Print ir kr\u0101sa uz \u016bdens b\u0101zes, rezistenta pret siekal\u0101m, m\u012bksta piesk\u0101rieniem un to dr\u012bkst mazg\u0101t 40\u00b0C. T\u0101 ir bez smar\u017eas un iztur\u012bga pret gaismas iedarb\u012bbu, piem\u0113rota izmanto\u0161anai gan uz gai\u0161iem, gan tum\u0161iem audumiem ar sint\u0113tisko \u0161\u0137iedru saturu l\u012bdz 20%. P\u0113c \u017e\u0101v\u0113\u0161anas nostiprin\u0101t cepe\u0161kr\u0101sn\u012b (8 min\u016btes\/150\u00b0C) vai gludin\u0101t bez tvaika 3 min\u016btes. Pirms lieto\u0161anas samaisiet kr\u0101sas un p\u0113c lieto\u0161anas not\u012briet instrumentus \u016bden\u012b. Komplekts ietver: Marabu Textil Print 100ml (og\u013cu meln\u0101 kr\u0101s\u0101) 2x15ml Textil Aquarelle (magenda, citrons) Putu rull\u012btis (60mm) Lino grie\u0161anas instruments ar 2 asme\u0146iem (izm\u0113ri 2 un 5) M\u012bksta druk\u0101\u0161anas pamatne (gumijas grie\u0161anas bloks, 155x90x7mm) Marabu Universal apa\u013ca sint\u0113tisk\u0101 ota, 12.izm\u0113rs","og_url":"https:\/\/hobstop.ee\/lv\/produkts\/iespieddarbu-komplekts-tekstilam-marabu\/","og_site_name":"Skizze","article_publisher":"http:\/\/www.facebook.com\/VunderSkizze","og_image":[{"width":1024,"height":768,"url":"https:\/\/hobstop.ee\/media\/5025.jpg","type":"image\/jpeg"}],"twitter_card":"summary_large_image","twitter_misc":{"Est. reading time":"1 min\u016b\u0161u"},"schema":{"@context":"https:\/\/schema.org","@graph":[{"@type":"WebPage","@id":"https:\/\/hobstop.ee\/lv\/produkts\/iespieddarbu-komplekts-tekstilam-marabu\/","url":"https:\/\/hobstop.ee\/lv\/produkts\/iespieddarbu-komplekts-tekstilam-marabu\/","name":"Iespieddarbu komplekts tekstilam Marabu &#8211; Skizze","isPartOf":{"@id":"https:\/\/www.hobstop.ee\/lv\/#website"},"primaryImageOfPage":{"@id":"https:\/\/hobstop.ee\/lv\/produkts\/iespieddarbu-komplekts-tekstilam-marabu\/#primaryimage"},"image":{"@id":"https:\/\/hobstop.ee\/lv\/produkts\/iespieddarbu-komplekts-tekstilam-marabu\/#primaryimage"},"thumbnailUrl":"https:\/\/hobstop.ee\/media\/5025.jpg","datePublished":"2019-11-20T10:34:46+00:00","dateModified":"2019-11-20T10:34:46+00:00","breadcrumb":{"@id":"https:\/\/hobstop.ee\/lv\/produkts\/iespieddarbu-komplekts-tekstilam-marabu\/#breadcrumb"},"inLanguage":"lv-LV","potentialAction":[{"@type":"ReadAction","target":["https:\/\/hobstop.ee\/lv\/produkts\/iespieddarbu-komplekts-tekstilam-marabu\/"]}]},{"@type":"ImageObject","inLanguage":"lv-LV","@id":"https:\/\/hobstop.ee\/lv\/produkts\/iespieddarbu-komplekts-tekstilam-marabu\/#primaryimage","url":"https:\/\/hobstop.ee\/media\/5025.jpg","contentUrl":"https:\/\/hobstop.ee\/media\/5025.jpg","width":1024,"height":768},{"@type":"BreadcrumbList","@id":"https:\/\/hobstop.ee\/lv\/produkts\/iespieddarbu-komplekts-tekstilam-marabu\/#breadcrumb","itemListElement":[{"@type":"ListItem","position":1,"name":"Avaleht","item":"https:\/\/www.hobstop.ee\/lv\/"},{"@type":"ListItem","position":2,"name":"Veikals","item":"https:\/\/www.hobstop.ee\/lv\/veikals\/"},{"@type":"ListItem","position":3,"name":"Iespieddarbu komplekts tekstilam Marabu"}]},{"@type":"WebSite","@id":"https:\/\/www.hobstop.ee\/lv\/#website","url":"https:\/\/www.hobstop.ee\/lv\/","name":"Skizze","description":"M\u0101kslas, hobiju un skolas preces","publisher":{"@id":"https:\/\/www.hobstop.ee\/lv\/#organization"},"potentialAction":[{"@type":"SearchAction","target":{"@type":"EntryPoint","urlTemplate":"https:\/\/www.hobstop.ee\/lv\/?s={search_term_string}"},"query-input":{"@type":"PropertyValueSpecification","valueRequired":true,"valueName":"search_term_string"}}],"inLanguage":"lv-LV"},{"@type":"Organization","@id":"https:\/\/www.hobstop.ee\/lv\/#organization","name":"Vunder AS","url":"https:\/\/www.hobstop.ee\/lv\/","logo":{"@type":"ImageObject","inLanguage":"lv-LV","@id":"https:\/\/www.hobstop.ee\/lv\/#\/schema\/logo\/image\/","url":"https:\/\/hobstop.ee\/media\/vunder-logo.png","contentUrl":"https:\/\/hobstop.ee\/media\/vunder-logo.png","width":127,"height":55,"caption":"Vunder AS"},"image":{"@id":"https:\/\/www.hobstop.ee\/lv\/#\/schema\/logo\/image\/"},"sameAs":["http:\/\/www.facebook.com\/VunderSkizze"]}]}},"_links":{"self":[{"href":"https:\/\/hobstop.ee\/lv\/wp-json\/wp\/v2\/product\/339518","targetHints":{"allow":["GET"]}}],"collection":[{"href":"https:\/\/hobstop.ee\/lv\/wp-json\/wp\/v2\/product"}],"about":[{"href":"https:\/\/hobstop.ee\/lv\/wp-json\/wp\/v2\/types\/product"}],"replies":[{"embeddable":true,"href":"https:\/\/hobstop.ee\/lv\/wp-json\/wp\/v2\/comments?post=339518"}],"wp:featuredmedia":[{"embeddable":true,"href":"https:\/\/hobstop.ee\/lv\/wp-json\/wp\/v2\/media\/353099"}],"wp:attachment":[{"href":"https:\/\/hobstop.ee\/lv\/wp-json\/wp\/v2\/media?parent=339518"}],"wp:term":[{"taxonomy":"product_cat","embeddable":true,"href":"https:\/\/hobstop.ee\/lv\/wp-json\/wp\/v2\/product_cat?post=339518"},{"taxonomy":"product_tag","embeddable":true,"href":"https:\/\/hobstop.ee\/lv\/wp-json\/wp\/v2\/product_tag?post=339518"}],"curies":[{"name":"wp","href":"https:\/\/api.w.org\/{rel}","templated":true}]}}