{"id":339522,"date":"2019-11-20T12:34:54","date_gmt":"2019-11-20T10:35:01","guid":{"rendered":"https:\/\/sharks.ee\/vunder_2019\/product\/sietspiedes-komplekts-tekstilam-marabu\/"},"modified":"2019-11-20T12:35:01","modified_gmt":"2019-11-20T10:35:01","slug":"sietspiedes-komplekts-tekstilam-marabu","status":"publish","type":"product","link":"https:\/\/hobstop.ee\/lv\/produkts\/sietspiedes-komplekts-tekstilam-marabu\/","title":{"rendered":"Sietspiedes komplekts tekstilam Marabu"},"content":{"rendered":"<p>Sietspiedes apdrukas komplekts audumu un aksesu\u0101ru apdrukai ar tinti. Sietspiede ir drukas veids, kad kr\u0101sa tiek uzspiesta uz apdruk\u0101jam\u0101 materi\u0101la caur smalki austu sietu ar rake\u013ca pal\u012bdz\u012bbu. Taj\u0101s auduma da\u013c\u0101s, kur\u0101s druk\u0101t atbilsto\u0161i druk\u0101tajam att\u0113lam nav paredz\u0113ts, sieta atveres ir tintes necaurlaid\u012bgas. Marabu Textil Print ir kr\u0101sa uz \u016bdens b\u0101zes, rezistenta pret siekal\u0101m, m\u012bksta piesk\u0101rieniem un to dr\u012bkst mazg\u0101t 40\u00b0C. T\u0101 ir bez smar\u017eas un iztur\u012bga pret gaismas iedarb\u012bbu, piem\u0113rota izmanto\u0161anai gan uz gai\u0161iem, gan tum\u0161iem audumiem ar sint\u0113tisko \u0161\u0137iedru saturu l\u012bdz 20%.P\u0113c \u017e\u0101v\u0113\u0161anas nostiprin\u0101t cepe\u0161kr\u0101sn\u012b (8 min\u016btes\/ 150 \u00b0 C) vai gludin\u0101t bez tvaika 3 min\u016btes. Pirms lieto\u0161anas samaisiet kr\u0101sas un p\u0113c lieto\u0161anas not\u012briet instrumentus \u016bden\u012b.<\/p>\n<p>Komplekts ietver:<br \/>\nMarabu Textil Print 100ml (og\u013cu meln\u0101)<br \/>\nSiets (250x188mm; 51T\/130)<br \/>\nRakelis (102x73mm)<br \/>\nKr\u0101so\u0161anas nazis<\/p>\n","protected":false},"excerpt":{"rendered":"<p>Sietspiedes apdrukas komplekts audumu un aksesu\u0101ru apdrukai ar tinti. Sietspiede ir drukas veids, kad kr\u0101sa tiek uzspiesta uz apdruk\u0101jam\u0101 materi\u0101la caur smalki austu sietu ar rake\u013ca pal\u012bdz\u012bbu. Taj\u0101s auduma da\u013c\u0101s, kur\u0101s druk\u0101t atbilsto\u0161i druk\u0101tajam att\u0113lam nav paredz\u0113ts, sieta atveres ir tintes necaurlaid\u012bgas. Marabu Textil Print ir kr\u0101sa uz \u016bdens b\u0101zes, rezistenta pret siekal\u0101m, m\u012bksta piesk\u0101rieniem un to dr\u012bkst mazg\u0101t 40\u00b0C. T\u0101 ir bez smar\u017eas un iztur\u012bga pret gaismas iedarb\u012bbu, piem\u0113rota izmanto\u0161anai gan uz gai\u0161iem, gan tum\u0161iem audumiem ar sint\u0113tisko \u0161\u0137iedru saturu l\u012bdz 20%.P\u0113c \u017e\u0101v\u0113\u0161anas nostiprin\u0101t cepe\u0161kr\u0101sn\u012b (8 min\u016btes\/ 150 \u00b0 C) vai gludin\u0101t bez tvaika 3 min\u016btes. Pirms lieto\u0161anas samaisiet kr\u0101sas un p\u0113c lieto\u0161anas not\u012briet instrumentus \u016bden\u012b. Komplekts ietver: Marabu Textil Print 100ml (og\u013cu meln\u0101) Siets (250x188mm; 51T\/130) Rakelis (102x73mm) Kr\u0101so\u0161anas nazis<\/p>\n","protected":false},"featured_media":353103,"comment_status":"closed","ping_status":"closed","template":"","meta":{"_acf_changed":false,"ep_exclude_from_search":false},"product_cat":[20361],"product_tag":[],"class_list":{"0":"post-339522","1":"product","2":"type-product","3":"status-publish","4":"has-post-thumbnail","6":"product_cat-maaramata","8":"first","9":"instock","10":"taxable","11":"shipping-taxable","12":"product-type-simple"},"acf":[],"yoast_head":"<!-- This site is optimized with the Yoast SEO plugin v24.1 - https:\/\/yoast.com\/wordpress\/plugins\/seo\/ -->\n<title>Sietspiedes komplekts tekstilam Marabu &#8211; Skizze<\/title>\n<meta name=\"robots\" content=\"noindex, follow, max-snippet:-1, max-image-preview:large, max-video-preview:-1\" \/>\n<meta property=\"og:locale\" content=\"lv_LV\" \/>\n<meta property=\"og:type\" content=\"article\" \/>\n<meta property=\"og:title\" content=\"Sietspiedes komplekts tekstilam Marabu &#8211; Skizze\" \/>\n<meta property=\"og:description\" content=\"Sietspiedes apdrukas komplekts audumu un aksesu\u0101ru apdrukai ar tinti. Sietspiede ir drukas veids, kad kr\u0101sa tiek uzspiesta uz apdruk\u0101jam\u0101 materi\u0101la caur smalki austu sietu ar rake\u013ca pal\u012bdz\u012bbu. Taj\u0101s auduma da\u013c\u0101s, kur\u0101s druk\u0101t atbilsto\u0161i druk\u0101tajam att\u0113lam nav paredz\u0113ts, sieta atveres ir tintes necaurlaid\u012bgas. Marabu Textil Print ir kr\u0101sa uz \u016bdens b\u0101zes, rezistenta pret siekal\u0101m, m\u012bksta piesk\u0101rieniem un to dr\u012bkst mazg\u0101t 40\u00b0C. T\u0101 ir bez smar\u017eas un iztur\u012bga pret gaismas iedarb\u012bbu, piem\u0113rota izmanto\u0161anai gan uz gai\u0161iem, gan tum\u0161iem audumiem ar sint\u0113tisko \u0161\u0137iedru saturu l\u012bdz 20%.P\u0113c \u017e\u0101v\u0113\u0161anas nostiprin\u0101t cepe\u0161kr\u0101sn\u012b (8 min\u016btes\/ 150 \u00b0 C) vai gludin\u0101t bez tvaika 3 min\u016btes. Pirms lieto\u0161anas samaisiet kr\u0101sas un p\u0113c lieto\u0161anas not\u012briet instrumentus \u016bden\u012b. Komplekts ietver: Marabu Textil Print 100ml (og\u013cu meln\u0101) Siets (250x188mm; 51T\/130) Rakelis (102x73mm) Kr\u0101so\u0161anas nazis\" \/>\n<meta property=\"og:url\" content=\"https:\/\/hobstop.ee\/lv\/produkts\/sietspiedes-komplekts-tekstilam-marabu\/\" \/>\n<meta property=\"og:site_name\" content=\"Skizze\" \/>\n<meta property=\"article:publisher\" content=\"http:\/\/www.facebook.com\/VunderSkizze\" \/>\n<meta property=\"og:image\" content=\"https:\/\/hobstop.ee\/media\/5026.jpg\" \/>\n\t<meta property=\"og:image:width\" content=\"1024\" \/>\n\t<meta property=\"og:image:height\" content=\"768\" \/>\n\t<meta property=\"og:image:type\" content=\"image\/jpeg\" \/>\n<meta name=\"twitter:card\" content=\"summary_large_image\" \/>\n<meta name=\"twitter:label1\" content=\"Est. reading time\" \/>\n\t<meta name=\"twitter:data1\" content=\"1 min\u016b\u0161u\" \/>\n<script type=\"application\/ld+json\" class=\"yoast-schema-graph\">{\"@context\":\"https:\/\/schema.org\",\"@graph\":[{\"@type\":\"WebPage\",\"@id\":\"https:\/\/hobstop.ee\/lv\/produkts\/sietspiedes-komplekts-tekstilam-marabu\/\",\"url\":\"https:\/\/hobstop.ee\/lv\/produkts\/sietspiedes-komplekts-tekstilam-marabu\/\",\"name\":\"Sietspiedes komplekts tekstilam Marabu &#8211; Skizze\",\"isPartOf\":{\"@id\":\"https:\/\/hobstop.ee\/lv\/#website\"},\"primaryImageOfPage\":{\"@id\":\"https:\/\/hobstop.ee\/lv\/produkts\/sietspiedes-komplekts-tekstilam-marabu\/#primaryimage\"},\"image\":{\"@id\":\"https:\/\/hobstop.ee\/lv\/produkts\/sietspiedes-komplekts-tekstilam-marabu\/#primaryimage\"},\"thumbnailUrl\":\"https:\/\/hobstop.ee\/media\/5026.jpg\",\"datePublished\":\"2019-11-20T10:35:01+00:00\",\"dateModified\":\"2019-11-20T10:35:01+00:00\",\"breadcrumb\":{\"@id\":\"https:\/\/hobstop.ee\/lv\/produkts\/sietspiedes-komplekts-tekstilam-marabu\/#breadcrumb\"},\"inLanguage\":\"lv-LV\",\"potentialAction\":[{\"@type\":\"ReadAction\",\"target\":[\"https:\/\/hobstop.ee\/lv\/produkts\/sietspiedes-komplekts-tekstilam-marabu\/\"]}]},{\"@type\":\"ImageObject\",\"inLanguage\":\"lv-LV\",\"@id\":\"https:\/\/hobstop.ee\/lv\/produkts\/sietspiedes-komplekts-tekstilam-marabu\/#primaryimage\",\"url\":\"https:\/\/hobstop.ee\/media\/5026.jpg\",\"contentUrl\":\"https:\/\/hobstop.ee\/media\/5026.jpg\",\"width\":1024,\"height\":768},{\"@type\":\"BreadcrumbList\",\"@id\":\"https:\/\/hobstop.ee\/lv\/produkts\/sietspiedes-komplekts-tekstilam-marabu\/#breadcrumb\",\"itemListElement\":[{\"@type\":\"ListItem\",\"position\":1,\"name\":\"Avaleht\",\"item\":\"https:\/\/hobstop.ee\/lv\/\"},{\"@type\":\"ListItem\",\"position\":2,\"name\":\"Veikals\",\"item\":\"https:\/\/hobstop.ee\/lv\/veikals\/\"},{\"@type\":\"ListItem\",\"position\":3,\"name\":\"Sietspiedes komplekts tekstilam Marabu\"}]},{\"@type\":\"WebSite\",\"@id\":\"https:\/\/hobstop.ee\/lv\/#website\",\"url\":\"https:\/\/hobstop.ee\/lv\/\",\"name\":\"Skizze\",\"description\":\"M\u0101kslas, hobiju un skolas preces\",\"publisher\":{\"@id\":\"https:\/\/hobstop.ee\/lv\/#organization\"},\"potentialAction\":[{\"@type\":\"SearchAction\",\"target\":{\"@type\":\"EntryPoint\",\"urlTemplate\":\"https:\/\/hobstop.ee\/lv\/?s={search_term_string}\"},\"query-input\":{\"@type\":\"PropertyValueSpecification\",\"valueRequired\":true,\"valueName\":\"search_term_string\"}}],\"inLanguage\":\"lv-LV\"},{\"@type\":\"Organization\",\"@id\":\"https:\/\/hobstop.ee\/lv\/#organization\",\"name\":\"Vunder AS\",\"url\":\"https:\/\/hobstop.ee\/lv\/\",\"logo\":{\"@type\":\"ImageObject\",\"inLanguage\":\"lv-LV\",\"@id\":\"https:\/\/hobstop.ee\/lv\/#\/schema\/logo\/image\/\",\"url\":\"https:\/\/hobstop.ee\/media\/vunder-logo.png\",\"contentUrl\":\"https:\/\/hobstop.ee\/media\/vunder-logo.png\",\"width\":127,\"height\":55,\"caption\":\"Vunder AS\"},\"image\":{\"@id\":\"https:\/\/hobstop.ee\/lv\/#\/schema\/logo\/image\/\"},\"sameAs\":[\"http:\/\/www.facebook.com\/VunderSkizze\"]}]}<\/script>\n<!-- \/ Yoast SEO plugin. -->","yoast_head_json":{"title":"Sietspiedes komplekts tekstilam Marabu &#8211; Skizze","robots":{"index":"noindex","follow":"follow","max-snippet":"max-snippet:-1","max-image-preview":"max-image-preview:large","max-video-preview":"max-video-preview:-1"},"og_locale":"lv_LV","og_type":"article","og_title":"Sietspiedes komplekts tekstilam Marabu &#8211; Skizze","og_description":"Sietspiedes apdrukas komplekts audumu un aksesu\u0101ru apdrukai ar tinti. Sietspiede ir drukas veids, kad kr\u0101sa tiek uzspiesta uz apdruk\u0101jam\u0101 materi\u0101la caur smalki austu sietu ar rake\u013ca pal\u012bdz\u012bbu. Taj\u0101s auduma da\u013c\u0101s, kur\u0101s druk\u0101t atbilsto\u0161i druk\u0101tajam att\u0113lam nav paredz\u0113ts, sieta atveres ir tintes necaurlaid\u012bgas. Marabu Textil Print ir kr\u0101sa uz \u016bdens b\u0101zes, rezistenta pret siekal\u0101m, m\u012bksta piesk\u0101rieniem un to dr\u012bkst mazg\u0101t 40\u00b0C. T\u0101 ir bez smar\u017eas un iztur\u012bga pret gaismas iedarb\u012bbu, piem\u0113rota izmanto\u0161anai gan uz gai\u0161iem, gan tum\u0161iem audumiem ar sint\u0113tisko \u0161\u0137iedru saturu l\u012bdz 20%.P\u0113c \u017e\u0101v\u0113\u0161anas nostiprin\u0101t cepe\u0161kr\u0101sn\u012b (8 min\u016btes\/ 150 \u00b0 C) vai gludin\u0101t bez tvaika 3 min\u016btes. Pirms lieto\u0161anas samaisiet kr\u0101sas un p\u0113c lieto\u0161anas not\u012briet instrumentus \u016bden\u012b. Komplekts ietver: Marabu Textil Print 100ml (og\u013cu meln\u0101) Siets (250x188mm; 51T\/130) Rakelis (102x73mm) Kr\u0101so\u0161anas nazis","og_url":"https:\/\/hobstop.ee\/lv\/produkts\/sietspiedes-komplekts-tekstilam-marabu\/","og_site_name":"Skizze","article_publisher":"http:\/\/www.facebook.com\/VunderSkizze","og_image":[{"width":1024,"height":768,"url":"https:\/\/hobstop.ee\/media\/5026.jpg","type":"image\/jpeg"}],"twitter_card":"summary_large_image","twitter_misc":{"Est. reading time":"1 min\u016b\u0161u"},"schema":{"@context":"https:\/\/schema.org","@graph":[{"@type":"WebPage","@id":"https:\/\/hobstop.ee\/lv\/produkts\/sietspiedes-komplekts-tekstilam-marabu\/","url":"https:\/\/hobstop.ee\/lv\/produkts\/sietspiedes-komplekts-tekstilam-marabu\/","name":"Sietspiedes komplekts tekstilam Marabu &#8211; Skizze","isPartOf":{"@id":"https:\/\/hobstop.ee\/lv\/#website"},"primaryImageOfPage":{"@id":"https:\/\/hobstop.ee\/lv\/produkts\/sietspiedes-komplekts-tekstilam-marabu\/#primaryimage"},"image":{"@id":"https:\/\/hobstop.ee\/lv\/produkts\/sietspiedes-komplekts-tekstilam-marabu\/#primaryimage"},"thumbnailUrl":"https:\/\/hobstop.ee\/media\/5026.jpg","datePublished":"2019-11-20T10:35:01+00:00","dateModified":"2019-11-20T10:35:01+00:00","breadcrumb":{"@id":"https:\/\/hobstop.ee\/lv\/produkts\/sietspiedes-komplekts-tekstilam-marabu\/#breadcrumb"},"inLanguage":"lv-LV","potentialAction":[{"@type":"ReadAction","target":["https:\/\/hobstop.ee\/lv\/produkts\/sietspiedes-komplekts-tekstilam-marabu\/"]}]},{"@type":"ImageObject","inLanguage":"lv-LV","@id":"https:\/\/hobstop.ee\/lv\/produkts\/sietspiedes-komplekts-tekstilam-marabu\/#primaryimage","url":"https:\/\/hobstop.ee\/media\/5026.jpg","contentUrl":"https:\/\/hobstop.ee\/media\/5026.jpg","width":1024,"height":768},{"@type":"BreadcrumbList","@id":"https:\/\/hobstop.ee\/lv\/produkts\/sietspiedes-komplekts-tekstilam-marabu\/#breadcrumb","itemListElement":[{"@type":"ListItem","position":1,"name":"Avaleht","item":"https:\/\/hobstop.ee\/lv\/"},{"@type":"ListItem","position":2,"name":"Veikals","item":"https:\/\/hobstop.ee\/lv\/veikals\/"},{"@type":"ListItem","position":3,"name":"Sietspiedes komplekts tekstilam Marabu"}]},{"@type":"WebSite","@id":"https:\/\/hobstop.ee\/lv\/#website","url":"https:\/\/hobstop.ee\/lv\/","name":"Skizze","description":"M\u0101kslas, hobiju un skolas preces","publisher":{"@id":"https:\/\/hobstop.ee\/lv\/#organization"},"potentialAction":[{"@type":"SearchAction","target":{"@type":"EntryPoint","urlTemplate":"https:\/\/hobstop.ee\/lv\/?s={search_term_string}"},"query-input":{"@type":"PropertyValueSpecification","valueRequired":true,"valueName":"search_term_string"}}],"inLanguage":"lv-LV"},{"@type":"Organization","@id":"https:\/\/hobstop.ee\/lv\/#organization","name":"Vunder AS","url":"https:\/\/hobstop.ee\/lv\/","logo":{"@type":"ImageObject","inLanguage":"lv-LV","@id":"https:\/\/hobstop.ee\/lv\/#\/schema\/logo\/image\/","url":"https:\/\/hobstop.ee\/media\/vunder-logo.png","contentUrl":"https:\/\/hobstop.ee\/media\/vunder-logo.png","width":127,"height":55,"caption":"Vunder AS"},"image":{"@id":"https:\/\/hobstop.ee\/lv\/#\/schema\/logo\/image\/"},"sameAs":["http:\/\/www.facebook.com\/VunderSkizze"]}]}},"_links":{"self":[{"href":"https:\/\/hobstop.ee\/lv\/wp-json\/wp\/v2\/product\/339522","targetHints":{"allow":["GET"]}}],"collection":[{"href":"https:\/\/hobstop.ee\/lv\/wp-json\/wp\/v2\/product"}],"about":[{"href":"https:\/\/hobstop.ee\/lv\/wp-json\/wp\/v2\/types\/product"}],"replies":[{"embeddable":true,"href":"https:\/\/hobstop.ee\/lv\/wp-json\/wp\/v2\/comments?post=339522"}],"wp:featuredmedia":[{"embeddable":true,"href":"https:\/\/hobstop.ee\/lv\/wp-json\/wp\/v2\/media\/353103"}],"wp:attachment":[{"href":"https:\/\/hobstop.ee\/lv\/wp-json\/wp\/v2\/media?parent=339522"}],"wp:term":[{"taxonomy":"product_cat","embeddable":true,"href":"https:\/\/hobstop.ee\/lv\/wp-json\/wp\/v2\/product_cat?post=339522"},{"taxonomy":"product_tag","embeddable":true,"href":"https:\/\/hobstop.ee\/lv\/wp-json\/wp\/v2\/product_tag?post=339522"}],"curies":[{"name":"wp","href":"https:\/\/api.w.org\/{rel}","templated":true}]}}