{"id":339530,"date":"2019-11-20T12:35:26","date_gmt":"2019-11-20T10:35:33","guid":{"rendered":"https:\/\/sharks.ee\/vunder_2019\/product\/markieris-pilot-pintor-b\/"},"modified":"2019-11-20T12:35:33","modified_gmt":"2019-11-20T10:35:33","slug":"markieris-pilot-pintor-b","status":"publish","type":"product","link":"https:\/\/hobstop.ee\/lv\/produkts\/markieris-pilot-pintor-b\/","title":{"rendered":"Mar\u0137ieris Pilot Pintor B"},"content":{"rendered":"<p>\u013baujiet va\u013cu izt\u0113lei! Ar Pilot Pintor j\u016bs var\u0113siet att\u012bst\u012bt savu rado\u0161o pusi. Vai v\u0113laties p\u0101rveidot ap\u0123\u0113rbu, personaliz\u0113t da\u017e\u0101dus priek\u0161metus, dekor\u0113t m\u0113beles vai traukus? Pilot Pintor realiz\u0113s visa sj\u016bsu idejas. Ide\u0101ls z\u012bm\u0113\u0161anai, kr\u0101so\u0161anai, dekor\u0113\u0161anai, mar\u0137\u0113\u0161anai, rakst\u012b\u0161anai, kaligr\u0101fijai u.c.. Ar pigmentu bag\u0101tin\u0101t\u0101 tinte uz \u016bdens b\u0101zes lieliski p\u0101rkl\u0101j jebkuru virsmu, pat vistum\u0161\u0101ko. Piem\u0113rots izmanto\u0161anai uz pap\u012bra, stikla, keramikas, plastmasas, met\u0101la, auduma. Ar Pilot Pintor var dekor\u0113t visa veida materi\u0101lus, ieskaitot porainus. Pilot Pintor ir vienm\u0113r gatavs veikt apdari,  personaliz\u0113\u0161anu, k\u0101 ar\u012b p\u0101rveidos vai rad\u012bs jaunu atmi\u0146u albumu un pat v\u0113l vair\u0101k. Rezult\u0101ts \u2013 t\u0101s j\u016bsu iedvesmas kr\u0101sa!<br \/>\n&#8211; Daudzpus\u0113ja virsma<br \/>\n&#8211; Ultra p\u0101rkl\u0101juma tinte<br \/>\n&#8211; B uzga\u013ca izm\u0113rs 8mm, rakst\u012b\u0161anas platums 8mm<\/p>\n","protected":false},"excerpt":{"rendered":"<p>\u013baujiet va\u013cu izt\u0113lei! Ar Pilot Pintor j\u016bs var\u0113siet att\u012bst\u012bt savu rado\u0161o pusi. Vai v\u0113laties p\u0101rveidot ap\u0123\u0113rbu, personaliz\u0113t da\u017e\u0101dus priek\u0161metus, dekor\u0113t m\u0113beles vai traukus? Pilot Pintor realiz\u0113s visa sj\u016bsu idejas. Ide\u0101ls z\u012bm\u0113\u0161anai, kr\u0101so\u0161anai, dekor\u0113\u0161anai, mar\u0137\u0113\u0161anai, rakst\u012b\u0161anai, kaligr\u0101fijai u.c.. Ar pigmentu bag\u0101tin\u0101t\u0101 tinte uz \u016bdens b\u0101zes lieliski p\u0101rkl\u0101j jebkuru virsmu, pat vistum\u0161\u0101ko. Piem\u0113rots izmanto\u0161anai uz pap\u012bra, stikla, keramikas, plastmasas, met\u0101la, auduma. Ar Pilot Pintor var dekor\u0113t visa veida materi\u0101lus, ieskaitot porainus. Pilot Pintor ir vienm\u0113r gatavs veikt apdari, personaliz\u0113\u0161anu, k\u0101 ar\u012b p\u0101rveidos vai rad\u012bs jaunu atmi\u0146u albumu un pat v\u0113l vair\u0101k. Rezult\u0101ts \u2013 t\u0101s j\u016bsu iedvesmas kr\u0101sa! &#8211; Daudzpus\u0113ja virsma &#8211; Ultra p\u0101rkl\u0101juma tinte &#8211; B uzga\u013ca izm\u0113rs 8mm, rakst\u012b\u0161anas platums 8mm<\/p>\n","protected":false},"featured_media":353111,"comment_status":"closed","ping_status":"closed","template":"","meta":{"_acf_changed":false,"ep_exclude_from_search":false},"product_cat":[20361],"product_tag":[],"class_list":{"0":"post-339530","1":"product","2":"type-product","3":"status-publish","4":"has-post-thumbnail","6":"product_cat-maaramata","8":"first","9":"instock","10":"taxable","11":"shipping-taxable","12":"product-type-simple"},"acf":[],"yoast_head":"<!-- This site is optimized with the Yoast SEO plugin v24.1 - https:\/\/yoast.com\/wordpress\/plugins\/seo\/ -->\n<title>Mar\u0137ieris Pilot Pintor B &#8211; Skizze<\/title>\n<meta name=\"robots\" content=\"noindex, follow, max-snippet:-1, max-image-preview:large, max-video-preview:-1\" \/>\n<meta property=\"og:locale\" content=\"lv_LV\" \/>\n<meta property=\"og:type\" content=\"article\" \/>\n<meta property=\"og:title\" content=\"Mar\u0137ieris Pilot Pintor B &#8211; Skizze\" \/>\n<meta property=\"og:description\" content=\"\u013baujiet va\u013cu izt\u0113lei! Ar Pilot Pintor j\u016bs var\u0113siet att\u012bst\u012bt savu rado\u0161o pusi. Vai v\u0113laties p\u0101rveidot ap\u0123\u0113rbu, personaliz\u0113t da\u017e\u0101dus priek\u0161metus, dekor\u0113t m\u0113beles vai traukus? Pilot Pintor realiz\u0113s visa sj\u016bsu idejas. Ide\u0101ls z\u012bm\u0113\u0161anai, kr\u0101so\u0161anai, dekor\u0113\u0161anai, mar\u0137\u0113\u0161anai, rakst\u012b\u0161anai, kaligr\u0101fijai u.c.. Ar pigmentu bag\u0101tin\u0101t\u0101 tinte uz \u016bdens b\u0101zes lieliski p\u0101rkl\u0101j jebkuru virsmu, pat vistum\u0161\u0101ko. Piem\u0113rots izmanto\u0161anai uz pap\u012bra, stikla, keramikas, plastmasas, met\u0101la, auduma. Ar Pilot Pintor var dekor\u0113t visa veida materi\u0101lus, ieskaitot porainus. Pilot Pintor ir vienm\u0113r gatavs veikt apdari, personaliz\u0113\u0161anu, k\u0101 ar\u012b p\u0101rveidos vai rad\u012bs jaunu atmi\u0146u albumu un pat v\u0113l vair\u0101k. Rezult\u0101ts \u2013 t\u0101s j\u016bsu iedvesmas kr\u0101sa! &#8211; Daudzpus\u0113ja virsma &#8211; Ultra p\u0101rkl\u0101juma tinte &#8211; B uzga\u013ca izm\u0113rs 8mm, rakst\u012b\u0161anas platums 8mm\" \/>\n<meta property=\"og:url\" content=\"https:\/\/hobstop.ee\/lv\/produkts\/markieris-pilot-pintor-b\/\" \/>\n<meta property=\"og:site_name\" content=\"Skizze\" \/>\n<meta property=\"article:publisher\" content=\"http:\/\/www.facebook.com\/VunderSkizze\" \/>\n<meta property=\"og:image\" content=\"https:\/\/hobstop.ee\/media\/5029.jpg\" \/>\n\t<meta property=\"og:image:width\" content=\"1024\" \/>\n\t<meta property=\"og:image:height\" content=\"768\" \/>\n\t<meta property=\"og:image:type\" content=\"image\/jpeg\" \/>\n<meta name=\"twitter:card\" content=\"summary_large_image\" \/>\n<meta name=\"twitter:label1\" content=\"Est. reading time\" \/>\n\t<meta name=\"twitter:data1\" content=\"1 min\u016b\u0161u\" \/>\n<script type=\"application\/ld+json\" class=\"yoast-schema-graph\">{\"@context\":\"https:\/\/schema.org\",\"@graph\":[{\"@type\":\"WebPage\",\"@id\":\"https:\/\/hobstop.ee\/lv\/produkts\/markieris-pilot-pintor-b\/\",\"url\":\"https:\/\/hobstop.ee\/lv\/produkts\/markieris-pilot-pintor-b\/\",\"name\":\"Mar\u0137ieris Pilot Pintor B &#8211; Skizze\",\"isPartOf\":{\"@id\":\"https:\/\/hobstop.ee\/lv\/#website\"},\"primaryImageOfPage\":{\"@id\":\"https:\/\/hobstop.ee\/lv\/produkts\/markieris-pilot-pintor-b\/#primaryimage\"},\"image\":{\"@id\":\"https:\/\/hobstop.ee\/lv\/produkts\/markieris-pilot-pintor-b\/#primaryimage\"},\"thumbnailUrl\":\"https:\/\/hobstop.ee\/media\/5029.jpg\",\"datePublished\":\"2019-11-20T10:35:33+00:00\",\"dateModified\":\"2019-11-20T10:35:33+00:00\",\"breadcrumb\":{\"@id\":\"https:\/\/hobstop.ee\/lv\/produkts\/markieris-pilot-pintor-b\/#breadcrumb\"},\"inLanguage\":\"lv-LV\",\"potentialAction\":[{\"@type\":\"ReadAction\",\"target\":[\"https:\/\/hobstop.ee\/lv\/produkts\/markieris-pilot-pintor-b\/\"]}]},{\"@type\":\"ImageObject\",\"inLanguage\":\"lv-LV\",\"@id\":\"https:\/\/hobstop.ee\/lv\/produkts\/markieris-pilot-pintor-b\/#primaryimage\",\"url\":\"https:\/\/hobstop.ee\/media\/5029.jpg\",\"contentUrl\":\"https:\/\/hobstop.ee\/media\/5029.jpg\",\"width\":1024,\"height\":768},{\"@type\":\"BreadcrumbList\",\"@id\":\"https:\/\/hobstop.ee\/lv\/produkts\/markieris-pilot-pintor-b\/#breadcrumb\",\"itemListElement\":[{\"@type\":\"ListItem\",\"position\":1,\"name\":\"Avaleht\",\"item\":\"https:\/\/www.hobstop.ee\/lv\/\"},{\"@type\":\"ListItem\",\"position\":2,\"name\":\"Veikals\",\"item\":\"https:\/\/www.hobstop.ee\/lv\/veikals\/\"},{\"@type\":\"ListItem\",\"position\":3,\"name\":\"Mar\u0137ieris Pilot Pintor B\"}]},{\"@type\":\"WebSite\",\"@id\":\"https:\/\/hobstop.ee\/lv\/#website\",\"url\":\"https:\/\/hobstop.ee\/lv\/\",\"name\":\"Skizze\",\"description\":\"M\u0101kslas, hobiju un skolas preces\",\"publisher\":{\"@id\":\"https:\/\/hobstop.ee\/lv\/#organization\"},\"potentialAction\":[{\"@type\":\"SearchAction\",\"target\":{\"@type\":\"EntryPoint\",\"urlTemplate\":\"https:\/\/hobstop.ee\/lv\/?s={search_term_string}\"},\"query-input\":{\"@type\":\"PropertyValueSpecification\",\"valueRequired\":true,\"valueName\":\"search_term_string\"}}],\"inLanguage\":\"lv-LV\"},{\"@type\":\"Organization\",\"@id\":\"https:\/\/hobstop.ee\/lv\/#organization\",\"name\":\"Vunder AS\",\"url\":\"https:\/\/hobstop.ee\/lv\/\",\"logo\":{\"@type\":\"ImageObject\",\"inLanguage\":\"lv-LV\",\"@id\":\"https:\/\/hobstop.ee\/lv\/#\/schema\/logo\/image\/\",\"url\":\"https:\/\/hobstop.ee\/media\/vunder-logo.png\",\"contentUrl\":\"https:\/\/hobstop.ee\/media\/vunder-logo.png\",\"width\":127,\"height\":55,\"caption\":\"Vunder AS\"},\"image\":{\"@id\":\"https:\/\/hobstop.ee\/lv\/#\/schema\/logo\/image\/\"},\"sameAs\":[\"http:\/\/www.facebook.com\/VunderSkizze\"]}]}<\/script>\n<!-- \/ Yoast SEO plugin. -->","yoast_head_json":{"title":"Mar\u0137ieris Pilot Pintor B &#8211; Skizze","robots":{"index":"noindex","follow":"follow","max-snippet":"max-snippet:-1","max-image-preview":"max-image-preview:large","max-video-preview":"max-video-preview:-1"},"og_locale":"lv_LV","og_type":"article","og_title":"Mar\u0137ieris Pilot Pintor B &#8211; Skizze","og_description":"\u013baujiet va\u013cu izt\u0113lei! Ar Pilot Pintor j\u016bs var\u0113siet att\u012bst\u012bt savu rado\u0161o pusi. Vai v\u0113laties p\u0101rveidot ap\u0123\u0113rbu, personaliz\u0113t da\u017e\u0101dus priek\u0161metus, dekor\u0113t m\u0113beles vai traukus? Pilot Pintor realiz\u0113s visa sj\u016bsu idejas. Ide\u0101ls z\u012bm\u0113\u0161anai, kr\u0101so\u0161anai, dekor\u0113\u0161anai, mar\u0137\u0113\u0161anai, rakst\u012b\u0161anai, kaligr\u0101fijai u.c.. Ar pigmentu bag\u0101tin\u0101t\u0101 tinte uz \u016bdens b\u0101zes lieliski p\u0101rkl\u0101j jebkuru virsmu, pat vistum\u0161\u0101ko. Piem\u0113rots izmanto\u0161anai uz pap\u012bra, stikla, keramikas, plastmasas, met\u0101la, auduma. Ar Pilot Pintor var dekor\u0113t visa veida materi\u0101lus, ieskaitot porainus. Pilot Pintor ir vienm\u0113r gatavs veikt apdari, personaliz\u0113\u0161anu, k\u0101 ar\u012b p\u0101rveidos vai rad\u012bs jaunu atmi\u0146u albumu un pat v\u0113l vair\u0101k. Rezult\u0101ts \u2013 t\u0101s j\u016bsu iedvesmas kr\u0101sa! &#8211; Daudzpus\u0113ja virsma &#8211; Ultra p\u0101rkl\u0101juma tinte &#8211; B uzga\u013ca izm\u0113rs 8mm, rakst\u012b\u0161anas platums 8mm","og_url":"https:\/\/hobstop.ee\/lv\/produkts\/markieris-pilot-pintor-b\/","og_site_name":"Skizze","article_publisher":"http:\/\/www.facebook.com\/VunderSkizze","og_image":[{"width":1024,"height":768,"url":"https:\/\/hobstop.ee\/media\/5029.jpg","type":"image\/jpeg"}],"twitter_card":"summary_large_image","twitter_misc":{"Est. reading time":"1 min\u016b\u0161u"},"schema":{"@context":"https:\/\/schema.org","@graph":[{"@type":"WebPage","@id":"https:\/\/hobstop.ee\/lv\/produkts\/markieris-pilot-pintor-b\/","url":"https:\/\/hobstop.ee\/lv\/produkts\/markieris-pilot-pintor-b\/","name":"Mar\u0137ieris Pilot Pintor B &#8211; Skizze","isPartOf":{"@id":"https:\/\/hobstop.ee\/lv\/#website"},"primaryImageOfPage":{"@id":"https:\/\/hobstop.ee\/lv\/produkts\/markieris-pilot-pintor-b\/#primaryimage"},"image":{"@id":"https:\/\/hobstop.ee\/lv\/produkts\/markieris-pilot-pintor-b\/#primaryimage"},"thumbnailUrl":"https:\/\/hobstop.ee\/media\/5029.jpg","datePublished":"2019-11-20T10:35:33+00:00","dateModified":"2019-11-20T10:35:33+00:00","breadcrumb":{"@id":"https:\/\/hobstop.ee\/lv\/produkts\/markieris-pilot-pintor-b\/#breadcrumb"},"inLanguage":"lv-LV","potentialAction":[{"@type":"ReadAction","target":["https:\/\/hobstop.ee\/lv\/produkts\/markieris-pilot-pintor-b\/"]}]},{"@type":"ImageObject","inLanguage":"lv-LV","@id":"https:\/\/hobstop.ee\/lv\/produkts\/markieris-pilot-pintor-b\/#primaryimage","url":"https:\/\/hobstop.ee\/media\/5029.jpg","contentUrl":"https:\/\/hobstop.ee\/media\/5029.jpg","width":1024,"height":768},{"@type":"BreadcrumbList","@id":"https:\/\/hobstop.ee\/lv\/produkts\/markieris-pilot-pintor-b\/#breadcrumb","itemListElement":[{"@type":"ListItem","position":1,"name":"Avaleht","item":"https:\/\/www.hobstop.ee\/lv\/"},{"@type":"ListItem","position":2,"name":"Veikals","item":"https:\/\/www.hobstop.ee\/lv\/veikals\/"},{"@type":"ListItem","position":3,"name":"Mar\u0137ieris Pilot Pintor B"}]},{"@type":"WebSite","@id":"https:\/\/hobstop.ee\/lv\/#website","url":"https:\/\/hobstop.ee\/lv\/","name":"Skizze","description":"M\u0101kslas, hobiju un skolas preces","publisher":{"@id":"https:\/\/hobstop.ee\/lv\/#organization"},"potentialAction":[{"@type":"SearchAction","target":{"@type":"EntryPoint","urlTemplate":"https:\/\/hobstop.ee\/lv\/?s={search_term_string}"},"query-input":{"@type":"PropertyValueSpecification","valueRequired":true,"valueName":"search_term_string"}}],"inLanguage":"lv-LV"},{"@type":"Organization","@id":"https:\/\/hobstop.ee\/lv\/#organization","name":"Vunder AS","url":"https:\/\/hobstop.ee\/lv\/","logo":{"@type":"ImageObject","inLanguage":"lv-LV","@id":"https:\/\/hobstop.ee\/lv\/#\/schema\/logo\/image\/","url":"https:\/\/hobstop.ee\/media\/vunder-logo.png","contentUrl":"https:\/\/hobstop.ee\/media\/vunder-logo.png","width":127,"height":55,"caption":"Vunder AS"},"image":{"@id":"https:\/\/hobstop.ee\/lv\/#\/schema\/logo\/image\/"},"sameAs":["http:\/\/www.facebook.com\/VunderSkizze"]}]}},"_links":{"self":[{"href":"https:\/\/hobstop.ee\/lv\/wp-json\/wp\/v2\/product\/339530","targetHints":{"allow":["GET"]}}],"collection":[{"href":"https:\/\/hobstop.ee\/lv\/wp-json\/wp\/v2\/product"}],"about":[{"href":"https:\/\/hobstop.ee\/lv\/wp-json\/wp\/v2\/types\/product"}],"replies":[{"embeddable":true,"href":"https:\/\/hobstop.ee\/lv\/wp-json\/wp\/v2\/comments?post=339530"}],"wp:featuredmedia":[{"embeddable":true,"href":"https:\/\/hobstop.ee\/lv\/wp-json\/wp\/v2\/media\/353111"}],"wp:attachment":[{"href":"https:\/\/hobstop.ee\/lv\/wp-json\/wp\/v2\/media?parent=339530"}],"wp:term":[{"taxonomy":"product_cat","embeddable":true,"href":"https:\/\/hobstop.ee\/lv\/wp-json\/wp\/v2\/product_cat?post=339530"},{"taxonomy":"product_tag","embeddable":true,"href":"https:\/\/hobstop.ee\/lv\/wp-json\/wp\/v2\/product_tag?post=339530"}],"curies":[{"name":"wp","href":"https:\/\/api.w.org\/{rel}","templated":true}]}}