{"id":339550,"date":"2019-11-20T12:36:48","date_gmt":"2019-11-20T10:36:56","guid":{"rendered":"https:\/\/sharks.ee\/vunder_2019\/product\/krasainie-zimuli-maped-artist-metala-kaste\/"},"modified":"2019-11-20T12:36:56","modified_gmt":"2019-11-20T10:36:56","slug":"krasainie-zimuli-maped-artist-metala-kaste","status":"publish","type":"product","link":"https:\/\/hobstop.ee\/lv\/produkts\/krasainie-zimuli-maped-artist-metala-kaste\/","title":{"rendered":"Kr\u0101sainie z\u012bmu\u013ci Maped Artist met\u0101la kast\u0113"},"content":{"rendered":"<p>Maped Artist akvare\u013cu z\u012bmu\u013ci atbilst stingraj\u0101m ies\u0101c\u0113ju, m\u0101kslinieku, ilustratoru, grafiska dizaineru un m\u0101kslas pasniedz\u0113ju pras\u012bb\u0101m. Ra\u017eo\u0161an\u0101 izmantoti augstas kvalit\u0101tes pigmenti, tie ir piln\u012bb\u0101 at\u0161\u0137aid\u0101mi ar \u016bdeni, \u013caujot \u0161\u012bs lielisk\u0101s kr\u0101sas bag\u0101tin\u0101t portretus, klus\u0101s dabas gleznas, ainavas utt. Var izmantot saus\u0101 veid\u0101 vai ar \u016bdeni. Ar ciedra koka korpusu un m\u012bkstu, iztur\u012bgu graf\u012btu (d=3,7mm).<\/p>\n","protected":false},"excerpt":{"rendered":"<p>Maped Artist akvare\u013cu z\u012bmu\u013ci atbilst stingraj\u0101m ies\u0101c\u0113ju, m\u0101kslinieku, ilustratoru, grafiska dizaineru un m\u0101kslas pasniedz\u0113ju pras\u012bb\u0101m. Ra\u017eo\u0161an\u0101 izmantoti augstas kvalit\u0101tes pigmenti, tie ir piln\u012bb\u0101 at\u0161\u0137aid\u0101mi ar \u016bdeni, \u013caujot \u0161\u012bs lielisk\u0101s kr\u0101sas bag\u0101tin\u0101t portretus, klus\u0101s dabas gleznas, ainavas utt. Var izmantot saus\u0101 veid\u0101 vai ar \u016bdeni. Ar ciedra koka korpusu un m\u012bkstu, iztur\u012bgu graf\u012btu (d=3,7mm).<\/p>\n","protected":false},"featured_media":353151,"comment_status":"closed","ping_status":"closed","template":"","meta":{"_acf_changed":false,"ep_exclude_from_search":false},"product_cat":[20361],"product_tag":[],"class_list":{"0":"post-339550","1":"product","2":"type-product","3":"status-publish","4":"has-post-thumbnail","6":"product_cat-maaramata","8":"first","9":"instock","10":"taxable","11":"shipping-taxable","12":"product-type-simple"},"acf":[],"yoast_head":"<!-- This site is optimized with the Yoast SEO plugin v24.1 - https:\/\/yoast.com\/wordpress\/plugins\/seo\/ -->\n<title>Kr\u0101sainie z\u012bmu\u013ci Maped Artist met\u0101la kast\u0113 &#8211; Skizze<\/title>\n<meta name=\"robots\" content=\"noindex, follow, max-snippet:-1, max-image-preview:large, max-video-preview:-1\" \/>\n<meta property=\"og:locale\" content=\"lv_LV\" \/>\n<meta property=\"og:type\" content=\"article\" \/>\n<meta property=\"og:title\" content=\"Kr\u0101sainie z\u012bmu\u013ci Maped Artist met\u0101la kast\u0113 &#8211; Skizze\" \/>\n<meta property=\"og:description\" content=\"Maped Artist akvare\u013cu z\u012bmu\u013ci atbilst stingraj\u0101m ies\u0101c\u0113ju, m\u0101kslinieku, ilustratoru, grafiska dizaineru un m\u0101kslas pasniedz\u0113ju pras\u012bb\u0101m. Ra\u017eo\u0161an\u0101 izmantoti augstas kvalit\u0101tes pigmenti, tie ir piln\u012bb\u0101 at\u0161\u0137aid\u0101mi ar \u016bdeni, \u013caujot \u0161\u012bs lielisk\u0101s kr\u0101sas bag\u0101tin\u0101t portretus, klus\u0101s dabas gleznas, ainavas utt. Var izmantot saus\u0101 veid\u0101 vai ar \u016bdeni. Ar ciedra koka korpusu un m\u012bkstu, iztur\u012bgu graf\u012btu (d=3,7mm).\" \/>\n<meta property=\"og:url\" content=\"https:\/\/hobstop.ee\/lv\/produkts\/krasainie-zimuli-maped-artist-metala-kaste\/\" \/>\n<meta property=\"og:site_name\" content=\"Skizze\" \/>\n<meta property=\"article:publisher\" content=\"http:\/\/www.facebook.com\/VunderSkizze\" \/>\n<meta property=\"og:image\" content=\"https:\/\/hobstop.ee\/media\/5037.jpg\" \/>\n\t<meta property=\"og:image:width\" content=\"1024\" \/>\n\t<meta property=\"og:image:height\" content=\"768\" \/>\n\t<meta property=\"og:image:type\" content=\"image\/jpeg\" \/>\n<meta name=\"twitter:card\" content=\"summary_large_image\" \/>\n<script type=\"application\/ld+json\" class=\"yoast-schema-graph\">{\"@context\":\"https:\/\/schema.org\",\"@graph\":[{\"@type\":\"WebPage\",\"@id\":\"https:\/\/hobstop.ee\/lv\/produkts\/krasainie-zimuli-maped-artist-metala-kaste\/\",\"url\":\"https:\/\/hobstop.ee\/lv\/produkts\/krasainie-zimuli-maped-artist-metala-kaste\/\",\"name\":\"Kr\u0101sainie z\u012bmu\u013ci Maped Artist met\u0101la kast\u0113 &#8211; Skizze\",\"isPartOf\":{\"@id\":\"https:\/\/hobstop.ee\/lv\/#website\"},\"primaryImageOfPage\":{\"@id\":\"https:\/\/hobstop.ee\/lv\/produkts\/krasainie-zimuli-maped-artist-metala-kaste\/#primaryimage\"},\"image\":{\"@id\":\"https:\/\/hobstop.ee\/lv\/produkts\/krasainie-zimuli-maped-artist-metala-kaste\/#primaryimage\"},\"thumbnailUrl\":\"https:\/\/hobstop.ee\/media\/5037.jpg\",\"datePublished\":\"2019-11-20T10:36:56+00:00\",\"dateModified\":\"2019-11-20T10:36:56+00:00\",\"breadcrumb\":{\"@id\":\"https:\/\/hobstop.ee\/lv\/produkts\/krasainie-zimuli-maped-artist-metala-kaste\/#breadcrumb\"},\"inLanguage\":\"lv-LV\",\"potentialAction\":[{\"@type\":\"ReadAction\",\"target\":[\"https:\/\/hobstop.ee\/lv\/produkts\/krasainie-zimuli-maped-artist-metala-kaste\/\"]}]},{\"@type\":\"ImageObject\",\"inLanguage\":\"lv-LV\",\"@id\":\"https:\/\/hobstop.ee\/lv\/produkts\/krasainie-zimuli-maped-artist-metala-kaste\/#primaryimage\",\"url\":\"https:\/\/hobstop.ee\/media\/5037.jpg\",\"contentUrl\":\"https:\/\/hobstop.ee\/media\/5037.jpg\",\"width\":1024,\"height\":768},{\"@type\":\"BreadcrumbList\",\"@id\":\"https:\/\/hobstop.ee\/lv\/produkts\/krasainie-zimuli-maped-artist-metala-kaste\/#breadcrumb\",\"itemListElement\":[{\"@type\":\"ListItem\",\"position\":1,\"name\":\"Avaleht\",\"item\":\"https:\/\/www.hobstop.ee\/lv\/\"},{\"@type\":\"ListItem\",\"position\":2,\"name\":\"Veikals\",\"item\":\"https:\/\/www.hobstop.ee\/lv\/veikals\/\"},{\"@type\":\"ListItem\",\"position\":3,\"name\":\"Kr\u0101sainie z\u012bmu\u013ci Maped Artist met\u0101la kast\u0113\"}]},{\"@type\":\"WebSite\",\"@id\":\"https:\/\/hobstop.ee\/lv\/#website\",\"url\":\"https:\/\/hobstop.ee\/lv\/\",\"name\":\"Skizze\",\"description\":\"M\u0101kslas, hobiju un skolas preces\",\"publisher\":{\"@id\":\"https:\/\/hobstop.ee\/lv\/#organization\"},\"potentialAction\":[{\"@type\":\"SearchAction\",\"target\":{\"@type\":\"EntryPoint\",\"urlTemplate\":\"https:\/\/hobstop.ee\/lv\/?s={search_term_string}\"},\"query-input\":{\"@type\":\"PropertyValueSpecification\",\"valueRequired\":true,\"valueName\":\"search_term_string\"}}],\"inLanguage\":\"lv-LV\"},{\"@type\":\"Organization\",\"@id\":\"https:\/\/hobstop.ee\/lv\/#organization\",\"name\":\"Vunder AS\",\"url\":\"https:\/\/hobstop.ee\/lv\/\",\"logo\":{\"@type\":\"ImageObject\",\"inLanguage\":\"lv-LV\",\"@id\":\"https:\/\/hobstop.ee\/lv\/#\/schema\/logo\/image\/\",\"url\":\"https:\/\/hobstop.ee\/media\/vunder-logo.png\",\"contentUrl\":\"https:\/\/hobstop.ee\/media\/vunder-logo.png\",\"width\":127,\"height\":55,\"caption\":\"Vunder AS\"},\"image\":{\"@id\":\"https:\/\/hobstop.ee\/lv\/#\/schema\/logo\/image\/\"},\"sameAs\":[\"http:\/\/www.facebook.com\/VunderSkizze\"]}]}<\/script>\n<!-- \/ Yoast SEO plugin. -->","yoast_head_json":{"title":"Kr\u0101sainie z\u012bmu\u013ci Maped Artist met\u0101la kast\u0113 &#8211; Skizze","robots":{"index":"noindex","follow":"follow","max-snippet":"max-snippet:-1","max-image-preview":"max-image-preview:large","max-video-preview":"max-video-preview:-1"},"og_locale":"lv_LV","og_type":"article","og_title":"Kr\u0101sainie z\u012bmu\u013ci Maped Artist met\u0101la kast\u0113 &#8211; Skizze","og_description":"Maped Artist akvare\u013cu z\u012bmu\u013ci atbilst stingraj\u0101m ies\u0101c\u0113ju, m\u0101kslinieku, ilustratoru, grafiska dizaineru un m\u0101kslas pasniedz\u0113ju pras\u012bb\u0101m. Ra\u017eo\u0161an\u0101 izmantoti augstas kvalit\u0101tes pigmenti, tie ir piln\u012bb\u0101 at\u0161\u0137aid\u0101mi ar \u016bdeni, \u013caujot \u0161\u012bs lielisk\u0101s kr\u0101sas bag\u0101tin\u0101t portretus, klus\u0101s dabas gleznas, ainavas utt. Var izmantot saus\u0101 veid\u0101 vai ar \u016bdeni. Ar ciedra koka korpusu un m\u012bkstu, iztur\u012bgu graf\u012btu (d=3,7mm).","og_url":"https:\/\/hobstop.ee\/lv\/produkts\/krasainie-zimuli-maped-artist-metala-kaste\/","og_site_name":"Skizze","article_publisher":"http:\/\/www.facebook.com\/VunderSkizze","og_image":[{"width":1024,"height":768,"url":"https:\/\/hobstop.ee\/media\/5037.jpg","type":"image\/jpeg"}],"twitter_card":"summary_large_image","schema":{"@context":"https:\/\/schema.org","@graph":[{"@type":"WebPage","@id":"https:\/\/hobstop.ee\/lv\/produkts\/krasainie-zimuli-maped-artist-metala-kaste\/","url":"https:\/\/hobstop.ee\/lv\/produkts\/krasainie-zimuli-maped-artist-metala-kaste\/","name":"Kr\u0101sainie z\u012bmu\u013ci Maped Artist met\u0101la kast\u0113 &#8211; Skizze","isPartOf":{"@id":"https:\/\/hobstop.ee\/lv\/#website"},"primaryImageOfPage":{"@id":"https:\/\/hobstop.ee\/lv\/produkts\/krasainie-zimuli-maped-artist-metala-kaste\/#primaryimage"},"image":{"@id":"https:\/\/hobstop.ee\/lv\/produkts\/krasainie-zimuli-maped-artist-metala-kaste\/#primaryimage"},"thumbnailUrl":"https:\/\/hobstop.ee\/media\/5037.jpg","datePublished":"2019-11-20T10:36:56+00:00","dateModified":"2019-11-20T10:36:56+00:00","breadcrumb":{"@id":"https:\/\/hobstop.ee\/lv\/produkts\/krasainie-zimuli-maped-artist-metala-kaste\/#breadcrumb"},"inLanguage":"lv-LV","potentialAction":[{"@type":"ReadAction","target":["https:\/\/hobstop.ee\/lv\/produkts\/krasainie-zimuli-maped-artist-metala-kaste\/"]}]},{"@type":"ImageObject","inLanguage":"lv-LV","@id":"https:\/\/hobstop.ee\/lv\/produkts\/krasainie-zimuli-maped-artist-metala-kaste\/#primaryimage","url":"https:\/\/hobstop.ee\/media\/5037.jpg","contentUrl":"https:\/\/hobstop.ee\/media\/5037.jpg","width":1024,"height":768},{"@type":"BreadcrumbList","@id":"https:\/\/hobstop.ee\/lv\/produkts\/krasainie-zimuli-maped-artist-metala-kaste\/#breadcrumb","itemListElement":[{"@type":"ListItem","position":1,"name":"Avaleht","item":"https:\/\/www.hobstop.ee\/lv\/"},{"@type":"ListItem","position":2,"name":"Veikals","item":"https:\/\/www.hobstop.ee\/lv\/veikals\/"},{"@type":"ListItem","position":3,"name":"Kr\u0101sainie z\u012bmu\u013ci Maped Artist met\u0101la kast\u0113"}]},{"@type":"WebSite","@id":"https:\/\/hobstop.ee\/lv\/#website","url":"https:\/\/hobstop.ee\/lv\/","name":"Skizze","description":"M\u0101kslas, hobiju un skolas preces","publisher":{"@id":"https:\/\/hobstop.ee\/lv\/#organization"},"potentialAction":[{"@type":"SearchAction","target":{"@type":"EntryPoint","urlTemplate":"https:\/\/hobstop.ee\/lv\/?s={search_term_string}"},"query-input":{"@type":"PropertyValueSpecification","valueRequired":true,"valueName":"search_term_string"}}],"inLanguage":"lv-LV"},{"@type":"Organization","@id":"https:\/\/hobstop.ee\/lv\/#organization","name":"Vunder AS","url":"https:\/\/hobstop.ee\/lv\/","logo":{"@type":"ImageObject","inLanguage":"lv-LV","@id":"https:\/\/hobstop.ee\/lv\/#\/schema\/logo\/image\/","url":"https:\/\/hobstop.ee\/media\/vunder-logo.png","contentUrl":"https:\/\/hobstop.ee\/media\/vunder-logo.png","width":127,"height":55,"caption":"Vunder AS"},"image":{"@id":"https:\/\/hobstop.ee\/lv\/#\/schema\/logo\/image\/"},"sameAs":["http:\/\/www.facebook.com\/VunderSkizze"]}]}},"_links":{"self":[{"href":"https:\/\/hobstop.ee\/lv\/wp-json\/wp\/v2\/product\/339550","targetHints":{"allow":["GET"]}}],"collection":[{"href":"https:\/\/hobstop.ee\/lv\/wp-json\/wp\/v2\/product"}],"about":[{"href":"https:\/\/hobstop.ee\/lv\/wp-json\/wp\/v2\/types\/product"}],"replies":[{"embeddable":true,"href":"https:\/\/hobstop.ee\/lv\/wp-json\/wp\/v2\/comments?post=339550"}],"wp:featuredmedia":[{"embeddable":true,"href":"https:\/\/hobstop.ee\/lv\/wp-json\/wp\/v2\/media\/353151"}],"wp:attachment":[{"href":"https:\/\/hobstop.ee\/lv\/wp-json\/wp\/v2\/media?parent=339550"}],"wp:term":[{"taxonomy":"product_cat","embeddable":true,"href":"https:\/\/hobstop.ee\/lv\/wp-json\/wp\/v2\/product_cat?post=339550"},{"taxonomy":"product_tag","embeddable":true,"href":"https:\/\/hobstop.ee\/lv\/wp-json\/wp\/v2\/product_tag?post=339550"}],"curies":[{"name":"wp","href":"https:\/\/api.w.org\/{rel}","templated":true}]}}