{"id":339554,"date":"2019-11-20T12:37:03","date_gmt":"2019-11-20T10:37:10","guid":{"rendered":"https:\/\/sharks.ee\/vunder_2019\/product\/laka-akrilam-liquitex-satin\/"},"modified":"2019-11-20T12:37:10","modified_gmt":"2019-11-20T10:37:10","slug":"laka-akrilam-liquitex-satin","status":"publish","type":"product","link":"https:\/\/hobstop.ee\/lv\/produkts\/laka-akrilam-liquitex-satin\/","title":{"rendered":"Laka akrilam Liquitex satin"},"content":{"rendered":"<p>Nostipriniet akrila darbu ar  Liquitex Satin Varnish laku: caursp\u012bd\u012bgu akrila sl\u0101ni, kur\u0161 elpo, ir ilgnotur\u012bgs un aizsarg\u0101 pret UV starojuma ietekmi. 100% akrila polim\u0113ra laka pie\u0161\u0137ir darbam sat\u012bna mirdzumu, aizsarg\u0101 un nov\u0113r\u0161 net\u012brumu uzkr\u0101\u0161anos. No\u017e\u016bstot, t\u0101 k\u013c\u016bst elast\u012bga, cieta, nel\u012bp un uzlabo virsmas iztur\u012bbu &#8211; ide\u0101la transport\u0113jot vai izst\u0101d\u0113s. T\u0101 ar\u012b izl\u012bdzina virsmas sp\u012bdumu, palielina spilgtumu un kr\u0101su pies\u0101tin\u0101jumu. Liquitex Satin Varnish aizsarg\u0101 kr\u0101sas no UV starojuma ietekmes, nov\u0113r\u0161 kr\u0101su zudumu (dzelt\u0113\u0161anu un bal\u0113\u0161anu), kuru izraisa mitrums, karstums un UV starojums. Ar  lielisk\u0101m izl\u012bdzin\u0101\u0161anas \u012bpa\u0161\u012bb\u0101m (nesaglab\u0101 otas p\u0113das). Atkar\u012bb\u0101 no pamatnes, t\u0101 \u013cauj virsmai elpot un mitrumam izk\u013c\u016bt caur virsmu. Mitr\u0101 veid\u0101 t\u0101 ir da\u013c\u0113ji necaursp\u012bd\u012bga, kad no\u017euvusi &#8211; caursp\u012bd\u012bga.<\/p>\n<p>Izmanto\u0161anas veidi:<br \/>\n&#8211; T\u0101 k\u0101 t\u0101 ir ilgnotur\u012bga, no s\u0101kuma veiciet testu<br \/>\n&#8211; Pirms lako\u0161anas p\u0101rliecinieties, ka lako\u0161anai paredz\u0113t\u0101 virsma ir piln\u012bgi sausa un kr\u0101sas sl\u0101nis piln\u012bb\u0101 no\u017euvis (no 72 stund\u0101m l\u012bdz div\u0101m ned\u0113\u013c\u0101m atkar\u012bb\u0101 no biezuma)<br \/>\n&#8211; Nodro\u0161iniet, lai telpa tiktu labi v\u0113din\u0101ta un b\u016btu att\u012br\u012bta no putek\u013ciem un citiem net\u012brumiem<br \/>\n&#8211; Novietojiet darbu uz l\u012bdzenas virsmas &#8211; vienm\u0113r lakojiet darbu, kad tas atrodas horizont\u0101l\u0101 st\u0101vokl\u012b<br \/>\n&#8211; Pirms lieto\u0161anas viegli samaisiet<br \/>\n&#8211; Izmantojiet garus, vienm\u0113r\u012bgus triepienus, p\u0101rkl\u0101jiet ar laku virsmu no aug\u0161as uz leju, p\u0101rvietojoties no vienas puses uz otru.  Nep\u0101rkl\u0101jiet zonas, kuras paliku\u0161as nenolakotas &#8211; atst\u0101jiet darbu no\u017e\u016bt un tad nolakojiet zonu atk\u0101rtoti<br \/>\n&#8211; Uzkl\u0101jot laku, piev\u0113rsiet uzman\u012bbu virsmas burbu\u013ciem un, ja t\u0101di rodas, nekav\u0113joties izl\u012bdziniet tos<br \/>\n&#8211; Uzkl\u0101t 1-2 pl\u0101nas k\u0101rti\u0146as, \u013caujot katrai k\u0101rtai no\u017e\u016bt vismaz 3 stundas. <\/p>\n<p>K\u0101 to izmantot nav ieteicams:<br \/>\n&#8211; Nekrat\u012bt un nep\u0101rsp\u012bl\u0113t ar izmanto\u0161anu, jo tas var izrais\u012bt burbu\u013cu veido\u0161anos uz virsmas un miglainu, neskaidru rezult\u0101tu p\u0113c no\u017e\u016b\u0161anas.<br \/>\n&#8211; Neuzkl\u0101t ar rull\u012bti vai \u0161vammi<br \/>\n&#8211; Neat\u0161\u0137aid\u012bt ar \u016bdeni<br \/>\n&#8211; Nekl\u0101t vien\u0101 biez\u0101 k\u0101rt\u0101, bet vair\u0101k\u0101s pl\u0101n\u0101s, lai izvair\u012btos no neskaidr\u0101m zon\u0101m, otas triepienu un pil\u0113\u0161anas sek\u0101m<br \/>\n&#8211; Neatgriezties pie jau apstr\u0101d\u0101t\u0101m viet\u0101m, jo tas var veicin\u0101t miglainu zonu ra\u0161anos<br \/>\n&#8211; Ja uzkl\u0101ta, nem\u0113\u0123iniet no\u0146emt<br \/>\n&#8211; Nelietot ar akrilu nesaturo\u0161iem medijiem<\/p>\n","protected":false},"excerpt":{"rendered":"<p>Nostipriniet akrila darbu ar Liquitex Satin Varnish laku: caursp\u012bd\u012bgu akrila sl\u0101ni, kur\u0161 elpo, ir ilgnotur\u012bgs un aizsarg\u0101 pret UV starojuma ietekmi. 100% akrila polim\u0113ra laka pie\u0161\u0137ir darbam sat\u012bna mirdzumu, aizsarg\u0101 un nov\u0113r\u0161 net\u012brumu uzkr\u0101\u0161anos. No\u017e\u016bstot, t\u0101 k\u013c\u016bst elast\u012bga, cieta, nel\u012bp un uzlabo virsmas iztur\u012bbu &#8211; ide\u0101la transport\u0113jot vai izst\u0101d\u0113s. T\u0101 ar\u012b izl\u012bdzina virsmas sp\u012bdumu, palielina spilgtumu un kr\u0101su pies\u0101tin\u0101jumu. Liquitex Satin Varnish aizsarg\u0101 kr\u0101sas no UV starojuma ietekmes, nov\u0113r\u0161 kr\u0101su zudumu (dzelt\u0113\u0161anu un bal\u0113\u0161anu), kuru izraisa mitrums, karstums un UV starojums. Ar lielisk\u0101m izl\u012bdzin\u0101\u0161anas \u012bpa\u0161\u012bb\u0101m (nesaglab\u0101 otas p\u0113das). Atkar\u012bb\u0101 no pamatnes, t\u0101 \u013cauj virsmai elpot un mitrumam izk\u013c\u016bt caur virsmu. Mitr\u0101 veid\u0101 t\u0101 ir da\u013c\u0113ji necaursp\u012bd\u012bga, kad no\u017euvusi &#8211; caursp\u012bd\u012bga. Izmanto\u0161anas veidi: &#8211; T\u0101 k\u0101 t\u0101 ir ilgnotur\u012bga, no s\u0101kuma veiciet testu &#8211; Pirms lako\u0161anas p\u0101rliecinieties, ka lako\u0161anai paredz\u0113t\u0101 virsma ir piln\u012bgi sausa un kr\u0101sas sl\u0101nis piln\u012bb\u0101 no\u017euvis (no 72 stund\u0101m l\u012bdz div\u0101m ned\u0113\u013c\u0101m atkar\u012bb\u0101 no biezuma) &#8211; Nodro\u0161iniet, lai telpa tiktu labi v\u0113din\u0101ta un b\u016btu att\u012br\u012bta no putek\u013ciem un citiem net\u012brumiem &#8211; Novietojiet darbu uz l\u012bdzenas virsmas &#8211; vienm\u0113r lakojiet darbu, kad tas atrodas horizont\u0101l\u0101 st\u0101vokl\u012b &#8211; Pirms lieto\u0161anas viegli samaisiet &#8211; Izmantojiet garus, vienm\u0113r\u012bgus triepienus, p\u0101rkl\u0101jiet ar laku virsmu no aug\u0161as uz leju, p\u0101rvietojoties no vienas puses uz &hellip; <a href=\"https:\/\/hobstop.ee\/lv\/produkts\/laka-akrilam-liquitex-satin\/\">Turpin\u0101jums<\/a><\/p>\n","protected":false},"featured_media":353787,"comment_status":"closed","ping_status":"closed","template":"","meta":{"_acf_changed":false,"ep_exclude_from_search":false},"product_cat":[20361],"product_tag":[],"class_list":{"0":"post-339554","1":"product","2":"type-product","3":"status-publish","4":"has-post-thumbnail","6":"product_cat-maaramata","8":"first","9":"instock","10":"taxable","11":"shipping-taxable","12":"product-type-simple"},"acf":[],"yoast_head":"<!-- This site is optimized with the Yoast SEO plugin v24.1 - https:\/\/yoast.com\/wordpress\/plugins\/seo\/ -->\n<title>Laka akrilam Liquitex satin &#8211; Skizze<\/title>\n<meta name=\"robots\" content=\"noindex, follow, max-snippet:-1, max-image-preview:large, max-video-preview:-1\" \/>\n<meta property=\"og:locale\" content=\"lv_LV\" \/>\n<meta property=\"og:type\" content=\"article\" \/>\n<meta property=\"og:title\" content=\"Laka akrilam Liquitex satin &#8211; Skizze\" \/>\n<meta property=\"og:description\" content=\"Nostipriniet akrila darbu ar Liquitex Satin Varnish laku: caursp\u012bd\u012bgu akrila sl\u0101ni, kur\u0161 elpo, ir ilgnotur\u012bgs un aizsarg\u0101 pret UV starojuma ietekmi. 100% akrila polim\u0113ra laka pie\u0161\u0137ir darbam sat\u012bna mirdzumu, aizsarg\u0101 un nov\u0113r\u0161 net\u012brumu uzkr\u0101\u0161anos. No\u017e\u016bstot, t\u0101 k\u013c\u016bst elast\u012bga, cieta, nel\u012bp un uzlabo virsmas iztur\u012bbu &#8211; ide\u0101la transport\u0113jot vai izst\u0101d\u0113s. T\u0101 ar\u012b izl\u012bdzina virsmas sp\u012bdumu, palielina spilgtumu un kr\u0101su pies\u0101tin\u0101jumu. Liquitex Satin Varnish aizsarg\u0101 kr\u0101sas no UV starojuma ietekmes, nov\u0113r\u0161 kr\u0101su zudumu (dzelt\u0113\u0161anu un bal\u0113\u0161anu), kuru izraisa mitrums, karstums un UV starojums. Ar lielisk\u0101m izl\u012bdzin\u0101\u0161anas \u012bpa\u0161\u012bb\u0101m (nesaglab\u0101 otas p\u0113das). Atkar\u012bb\u0101 no pamatnes, t\u0101 \u013cauj virsmai elpot un mitrumam izk\u013c\u016bt caur virsmu. Mitr\u0101 veid\u0101 t\u0101 ir da\u013c\u0113ji necaursp\u012bd\u012bga, kad no\u017euvusi &#8211; caursp\u012bd\u012bga. Izmanto\u0161anas veidi: &#8211; T\u0101 k\u0101 t\u0101 ir ilgnotur\u012bga, no s\u0101kuma veiciet testu &#8211; Pirms lako\u0161anas p\u0101rliecinieties, ka lako\u0161anai paredz\u0113t\u0101 virsma ir piln\u012bgi sausa un kr\u0101sas sl\u0101nis piln\u012bb\u0101 no\u017euvis (no 72 stund\u0101m l\u012bdz div\u0101m ned\u0113\u013c\u0101m atkar\u012bb\u0101 no biezuma) &#8211; Nodro\u0161iniet, lai telpa tiktu labi v\u0113din\u0101ta un b\u016btu att\u012br\u012bta no putek\u013ciem un citiem net\u012brumiem &#8211; Novietojiet darbu uz l\u012bdzenas virsmas &#8211; vienm\u0113r lakojiet darbu, kad tas atrodas horizont\u0101l\u0101 st\u0101vokl\u012b &#8211; Pirms lieto\u0161anas viegli samaisiet &#8211; Izmantojiet garus, vienm\u0113r\u012bgus triepienus, p\u0101rkl\u0101jiet ar laku virsmu no aug\u0161as uz leju, p\u0101rvietojoties no vienas puses uz &hellip; Turpin\u0101jums\" \/>\n<meta property=\"og:url\" content=\"https:\/\/hobstop.ee\/lv\/produkts\/laka-akrilam-liquitex-satin\/\" \/>\n<meta property=\"og:site_name\" content=\"Skizze\" \/>\n<meta property=\"article:publisher\" content=\"http:\/\/www.facebook.com\/VunderSkizze\" \/>\n<meta property=\"og:image\" content=\"https:\/\/hobstop.ee\/media\/5038.jpg\" \/>\n\t<meta property=\"og:image:width\" content=\"1024\" \/>\n\t<meta property=\"og:image:height\" content=\"768\" \/>\n\t<meta property=\"og:image:type\" content=\"image\/jpeg\" \/>\n<meta name=\"twitter:card\" content=\"summary_large_image\" \/>\n<meta name=\"twitter:label1\" content=\"Est. reading time\" \/>\n\t<meta name=\"twitter:data1\" content=\"2 min\u016btes\" \/>\n<script type=\"application\/ld+json\" class=\"yoast-schema-graph\">{\"@context\":\"https:\/\/schema.org\",\"@graph\":[{\"@type\":\"WebPage\",\"@id\":\"https:\/\/hobstop.ee\/lv\/produkts\/laka-akrilam-liquitex-satin\/\",\"url\":\"https:\/\/hobstop.ee\/lv\/produkts\/laka-akrilam-liquitex-satin\/\",\"name\":\"Laka akrilam Liquitex satin &#8211; Skizze\",\"isPartOf\":{\"@id\":\"https:\/\/hobstop.ee\/lv\/#website\"},\"primaryImageOfPage\":{\"@id\":\"https:\/\/hobstop.ee\/lv\/produkts\/laka-akrilam-liquitex-satin\/#primaryimage\"},\"image\":{\"@id\":\"https:\/\/hobstop.ee\/lv\/produkts\/laka-akrilam-liquitex-satin\/#primaryimage\"},\"thumbnailUrl\":\"https:\/\/hobstop.ee\/media\/5038.jpg\",\"datePublished\":\"2019-11-20T10:37:10+00:00\",\"dateModified\":\"2019-11-20T10:37:10+00:00\",\"breadcrumb\":{\"@id\":\"https:\/\/hobstop.ee\/lv\/produkts\/laka-akrilam-liquitex-satin\/#breadcrumb\"},\"inLanguage\":\"lv-LV\",\"potentialAction\":[{\"@type\":\"ReadAction\",\"target\":[\"https:\/\/hobstop.ee\/lv\/produkts\/laka-akrilam-liquitex-satin\/\"]}]},{\"@type\":\"ImageObject\",\"inLanguage\":\"lv-LV\",\"@id\":\"https:\/\/hobstop.ee\/lv\/produkts\/laka-akrilam-liquitex-satin\/#primaryimage\",\"url\":\"https:\/\/hobstop.ee\/media\/5038.jpg\",\"contentUrl\":\"https:\/\/hobstop.ee\/media\/5038.jpg\",\"width\":1024,\"height\":768},{\"@type\":\"BreadcrumbList\",\"@id\":\"https:\/\/hobstop.ee\/lv\/produkts\/laka-akrilam-liquitex-satin\/#breadcrumb\",\"itemListElement\":[{\"@type\":\"ListItem\",\"position\":1,\"name\":\"Avaleht\",\"item\":\"https:\/\/hobstop.ee\/lv\/\"},{\"@type\":\"ListItem\",\"position\":2,\"name\":\"Veikals\",\"item\":\"https:\/\/hobstop.ee\/lv\/veikals\/\"},{\"@type\":\"ListItem\",\"position\":3,\"name\":\"Laka akrilam Liquitex satin\"}]},{\"@type\":\"WebSite\",\"@id\":\"https:\/\/hobstop.ee\/lv\/#website\",\"url\":\"https:\/\/hobstop.ee\/lv\/\",\"name\":\"Skizze\",\"description\":\"M\u0101kslas, hobiju un skolas preces\",\"publisher\":{\"@id\":\"https:\/\/hobstop.ee\/lv\/#organization\"},\"potentialAction\":[{\"@type\":\"SearchAction\",\"target\":{\"@type\":\"EntryPoint\",\"urlTemplate\":\"https:\/\/hobstop.ee\/lv\/?s={search_term_string}\"},\"query-input\":{\"@type\":\"PropertyValueSpecification\",\"valueRequired\":true,\"valueName\":\"search_term_string\"}}],\"inLanguage\":\"lv-LV\"},{\"@type\":\"Organization\",\"@id\":\"https:\/\/hobstop.ee\/lv\/#organization\",\"name\":\"Vunder AS\",\"url\":\"https:\/\/hobstop.ee\/lv\/\",\"logo\":{\"@type\":\"ImageObject\",\"inLanguage\":\"lv-LV\",\"@id\":\"https:\/\/hobstop.ee\/lv\/#\/schema\/logo\/image\/\",\"url\":\"https:\/\/hobstop.ee\/media\/vunder-logo.png\",\"contentUrl\":\"https:\/\/hobstop.ee\/media\/vunder-logo.png\",\"width\":127,\"height\":55,\"caption\":\"Vunder AS\"},\"image\":{\"@id\":\"https:\/\/hobstop.ee\/lv\/#\/schema\/logo\/image\/\"},\"sameAs\":[\"http:\/\/www.facebook.com\/VunderSkizze\"]}]}<\/script>\n<!-- \/ Yoast SEO plugin. -->","yoast_head_json":{"title":"Laka akrilam Liquitex satin &#8211; Skizze","robots":{"index":"noindex","follow":"follow","max-snippet":"max-snippet:-1","max-image-preview":"max-image-preview:large","max-video-preview":"max-video-preview:-1"},"og_locale":"lv_LV","og_type":"article","og_title":"Laka akrilam Liquitex satin &#8211; Skizze","og_description":"Nostipriniet akrila darbu ar Liquitex Satin Varnish laku: caursp\u012bd\u012bgu akrila sl\u0101ni, kur\u0161 elpo, ir ilgnotur\u012bgs un aizsarg\u0101 pret UV starojuma ietekmi. 100% akrila polim\u0113ra laka pie\u0161\u0137ir darbam sat\u012bna mirdzumu, aizsarg\u0101 un nov\u0113r\u0161 net\u012brumu uzkr\u0101\u0161anos. No\u017e\u016bstot, t\u0101 k\u013c\u016bst elast\u012bga, cieta, nel\u012bp un uzlabo virsmas iztur\u012bbu &#8211; ide\u0101la transport\u0113jot vai izst\u0101d\u0113s. T\u0101 ar\u012b izl\u012bdzina virsmas sp\u012bdumu, palielina spilgtumu un kr\u0101su pies\u0101tin\u0101jumu. Liquitex Satin Varnish aizsarg\u0101 kr\u0101sas no UV starojuma ietekmes, nov\u0113r\u0161 kr\u0101su zudumu (dzelt\u0113\u0161anu un bal\u0113\u0161anu), kuru izraisa mitrums, karstums un UV starojums. Ar lielisk\u0101m izl\u012bdzin\u0101\u0161anas \u012bpa\u0161\u012bb\u0101m (nesaglab\u0101 otas p\u0113das). Atkar\u012bb\u0101 no pamatnes, t\u0101 \u013cauj virsmai elpot un mitrumam izk\u013c\u016bt caur virsmu. Mitr\u0101 veid\u0101 t\u0101 ir da\u013c\u0113ji necaursp\u012bd\u012bga, kad no\u017euvusi &#8211; caursp\u012bd\u012bga. Izmanto\u0161anas veidi: &#8211; T\u0101 k\u0101 t\u0101 ir ilgnotur\u012bga, no s\u0101kuma veiciet testu &#8211; Pirms lako\u0161anas p\u0101rliecinieties, ka lako\u0161anai paredz\u0113t\u0101 virsma ir piln\u012bgi sausa un kr\u0101sas sl\u0101nis piln\u012bb\u0101 no\u017euvis (no 72 stund\u0101m l\u012bdz div\u0101m ned\u0113\u013c\u0101m atkar\u012bb\u0101 no biezuma) &#8211; Nodro\u0161iniet, lai telpa tiktu labi v\u0113din\u0101ta un b\u016btu att\u012br\u012bta no putek\u013ciem un citiem net\u012brumiem &#8211; Novietojiet darbu uz l\u012bdzenas virsmas &#8211; vienm\u0113r lakojiet darbu, kad tas atrodas horizont\u0101l\u0101 st\u0101vokl\u012b &#8211; Pirms lieto\u0161anas viegli samaisiet &#8211; Izmantojiet garus, vienm\u0113r\u012bgus triepienus, p\u0101rkl\u0101jiet ar laku virsmu no aug\u0161as uz leju, p\u0101rvietojoties no vienas puses uz &hellip; Turpin\u0101jums","og_url":"https:\/\/hobstop.ee\/lv\/produkts\/laka-akrilam-liquitex-satin\/","og_site_name":"Skizze","article_publisher":"http:\/\/www.facebook.com\/VunderSkizze","og_image":[{"width":1024,"height":768,"url":"https:\/\/hobstop.ee\/media\/5038.jpg","type":"image\/jpeg"}],"twitter_card":"summary_large_image","twitter_misc":{"Est. reading time":"2 min\u016btes"},"schema":{"@context":"https:\/\/schema.org","@graph":[{"@type":"WebPage","@id":"https:\/\/hobstop.ee\/lv\/produkts\/laka-akrilam-liquitex-satin\/","url":"https:\/\/hobstop.ee\/lv\/produkts\/laka-akrilam-liquitex-satin\/","name":"Laka akrilam Liquitex satin &#8211; Skizze","isPartOf":{"@id":"https:\/\/hobstop.ee\/lv\/#website"},"primaryImageOfPage":{"@id":"https:\/\/hobstop.ee\/lv\/produkts\/laka-akrilam-liquitex-satin\/#primaryimage"},"image":{"@id":"https:\/\/hobstop.ee\/lv\/produkts\/laka-akrilam-liquitex-satin\/#primaryimage"},"thumbnailUrl":"https:\/\/hobstop.ee\/media\/5038.jpg","datePublished":"2019-11-20T10:37:10+00:00","dateModified":"2019-11-20T10:37:10+00:00","breadcrumb":{"@id":"https:\/\/hobstop.ee\/lv\/produkts\/laka-akrilam-liquitex-satin\/#breadcrumb"},"inLanguage":"lv-LV","potentialAction":[{"@type":"ReadAction","target":["https:\/\/hobstop.ee\/lv\/produkts\/laka-akrilam-liquitex-satin\/"]}]},{"@type":"ImageObject","inLanguage":"lv-LV","@id":"https:\/\/hobstop.ee\/lv\/produkts\/laka-akrilam-liquitex-satin\/#primaryimage","url":"https:\/\/hobstop.ee\/media\/5038.jpg","contentUrl":"https:\/\/hobstop.ee\/media\/5038.jpg","width":1024,"height":768},{"@type":"BreadcrumbList","@id":"https:\/\/hobstop.ee\/lv\/produkts\/laka-akrilam-liquitex-satin\/#breadcrumb","itemListElement":[{"@type":"ListItem","position":1,"name":"Avaleht","item":"https:\/\/hobstop.ee\/lv\/"},{"@type":"ListItem","position":2,"name":"Veikals","item":"https:\/\/hobstop.ee\/lv\/veikals\/"},{"@type":"ListItem","position":3,"name":"Laka akrilam Liquitex satin"}]},{"@type":"WebSite","@id":"https:\/\/hobstop.ee\/lv\/#website","url":"https:\/\/hobstop.ee\/lv\/","name":"Skizze","description":"M\u0101kslas, hobiju un skolas preces","publisher":{"@id":"https:\/\/hobstop.ee\/lv\/#organization"},"potentialAction":[{"@type":"SearchAction","target":{"@type":"EntryPoint","urlTemplate":"https:\/\/hobstop.ee\/lv\/?s={search_term_string}"},"query-input":{"@type":"PropertyValueSpecification","valueRequired":true,"valueName":"search_term_string"}}],"inLanguage":"lv-LV"},{"@type":"Organization","@id":"https:\/\/hobstop.ee\/lv\/#organization","name":"Vunder AS","url":"https:\/\/hobstop.ee\/lv\/","logo":{"@type":"ImageObject","inLanguage":"lv-LV","@id":"https:\/\/hobstop.ee\/lv\/#\/schema\/logo\/image\/","url":"https:\/\/hobstop.ee\/media\/vunder-logo.png","contentUrl":"https:\/\/hobstop.ee\/media\/vunder-logo.png","width":127,"height":55,"caption":"Vunder AS"},"image":{"@id":"https:\/\/hobstop.ee\/lv\/#\/schema\/logo\/image\/"},"sameAs":["http:\/\/www.facebook.com\/VunderSkizze"]}]}},"_links":{"self":[{"href":"https:\/\/hobstop.ee\/lv\/wp-json\/wp\/v2\/product\/339554","targetHints":{"allow":["GET"]}}],"collection":[{"href":"https:\/\/hobstop.ee\/lv\/wp-json\/wp\/v2\/product"}],"about":[{"href":"https:\/\/hobstop.ee\/lv\/wp-json\/wp\/v2\/types\/product"}],"replies":[{"embeddable":true,"href":"https:\/\/hobstop.ee\/lv\/wp-json\/wp\/v2\/comments?post=339554"}],"wp:featuredmedia":[{"embeddable":true,"href":"https:\/\/hobstop.ee\/lv\/wp-json\/wp\/v2\/media\/353787"}],"wp:attachment":[{"href":"https:\/\/hobstop.ee\/lv\/wp-json\/wp\/v2\/media?parent=339554"}],"wp:term":[{"taxonomy":"product_cat","embeddable":true,"href":"https:\/\/hobstop.ee\/lv\/wp-json\/wp\/v2\/product_cat?post=339554"},{"taxonomy":"product_tag","embeddable":true,"href":"https:\/\/hobstop.ee\/lv\/wp-json\/wp\/v2\/product_tag?post=339554"}],"curies":[{"name":"wp","href":"https:\/\/api.w.org\/{rel}","templated":true}]}}