{"id":339562,"date":"2019-11-20T12:39:57","date_gmt":"2019-11-20T10:40:01","guid":{"rendered":"https:\/\/sharks.ee\/vunder_2019\/product\/washi-limlente-mt-erik-bruun\/"},"modified":"2019-11-20T12:40:01","modified_gmt":"2019-11-20T10:40:01","slug":"washi-limlente-mt-erik-bruun","status":"publish","type":"product","link":"https:\/\/hobstop.ee\/lv\/produkts\/washi-limlente-mt-erik-bruun\/","title":{"rendered":"Washi l\u012bmlente mt Erik Bruun"},"content":{"rendered":"<p>Jap\u0101n\u0101 rad\u012bt\u0101 Washi l\u012bmlente ir piem\u0113rota visda\u017e\u0101d\u0101ko priek\u0161metu dekor\u0113\u0161anai \u2013 s\u0101kot no k\u0101rb\u0101m un atkl\u0101tn\u0113m l\u012bdz pat traukiem un m\u0113bel\u0113m.  To var lietot uz da\u017e\u0101d\u0101m virsm\u0101m, piem., uz pap\u012bra, koka, met\u0101la, porcel\u0101na, stikla u.c. L\u012bmlentes r\u016bpniecisk\u0101s ra\u017eo\u0161anas process nodro\u0161ina \u012bpa\u0161i labu kvalit\u0101ti un iztur\u012bbu apvienojum\u0101 ar izcili pl\u0101nu formu.  Lieliski l\u012bpo\u0161o lenti var vajadz\u012bbas gad\u012bjum\u0101 viegli no\u0146emt no virsmas, neatst\u0101jot l\u012bmes p\u0113das.<br \/>\nEriks Br\u016bns (Erik Bruun) ir somu grafiskais dizainers, dzimis 1926. gada 7. Apr\u012bl\u012b V\u012bpuri pils\u0113t\u0101. Savu b\u0113rn\u012bbu Br\u016bns pavad\u012bja Sainujo, \u0101rpus V\u012bpuri, kas kop\u0161 1944. gada ir Krievijas sast\u0101vda\u013ca. Kara laik\u0101 \u0123imene p\u0101rc\u0113l\u0101s uz Helsinkiem, kur M\u0101kslas un dizaina universit\u0101t\u0113 Br\u016bns s\u0101ka stud\u0113t grafisko dizainu. 1950.gad\u0101 vi\u0146\u0161 beidza universit\u0101ti k\u0101 grafiskais dizaineris. 1953.Gad\u0101 nodibin\u0101ja savu grafisk\u0101 dizaina uz\u0146\u0113mumu. Br\u016bns ir veidojis neskait\u0101mus logotipus, z\u012bmolu vadl\u012bnijas, plak\u0101tus, gr\u0101matas, gada p\u0101rskatus Me\u017ea nozares uz\u0146\u0113mumiem un pat Somijas naudas banknotes. Vi\u0146a p\u0113d\u0113jie centieni ir kop\u012bgais tekstila dizaina projekts ar Vallila Interiours. Vi\u0146a plak\u0101ti, pastkartes un pastmarkas raksturo galvenok\u0101rt Somijas skaisto dabu. Vi\u0146\u0161 ir izveidojis Somijas Dabas aizsardz\u012bbas asoci\u0101cijas simbolu, Pro Bono aktu, kur\u0161 apraksta vi\u0146a dzi\u013co m\u012blest\u012bbu pret dabu un r\u016bpes par t\u0101s saglab\u0101\u0161anu. 2007. gad\u0101 Br\u016bns tika apbalvots ar Pro Finlandia meda\u013cu. Somijas M\u0101kslas padome ir pie\u0161\u0137\u012brusi \u0112rikam Br\u016bnam profesora nosaukumu k\u0101 pateic\u012bbu par vi\u0146a ilggad\u0113jo ieguld\u012bjumu m\u0101kslas pasaul\u0113.<\/p>\n","protected":false},"excerpt":{"rendered":"<p>Jap\u0101n\u0101 rad\u012bt\u0101 Washi l\u012bmlente ir piem\u0113rota visda\u017e\u0101d\u0101ko priek\u0161metu dekor\u0113\u0161anai \u2013 s\u0101kot no k\u0101rb\u0101m un atkl\u0101tn\u0113m l\u012bdz pat traukiem un m\u0113bel\u0113m. To var lietot uz da\u017e\u0101d\u0101m virsm\u0101m, piem., uz pap\u012bra, koka, met\u0101la, porcel\u0101na, stikla u.c. L\u012bmlentes r\u016bpniecisk\u0101s ra\u017eo\u0161anas process nodro\u0161ina \u012bpa\u0161i labu kvalit\u0101ti un iztur\u012bbu apvienojum\u0101 ar izcili pl\u0101nu formu. Lieliski l\u012bpo\u0161o lenti var vajadz\u012bbas gad\u012bjum\u0101 viegli no\u0146emt no virsmas, neatst\u0101jot l\u012bmes p\u0113das. Eriks Br\u016bns (Erik Bruun) ir somu grafiskais dizainers, dzimis 1926. gada 7. Apr\u012bl\u012b V\u012bpuri pils\u0113t\u0101. Savu b\u0113rn\u012bbu Br\u016bns pavad\u012bja Sainujo, \u0101rpus V\u012bpuri, kas kop\u0161 1944. gada ir Krievijas sast\u0101vda\u013ca. Kara laik\u0101 \u0123imene p\u0101rc\u0113l\u0101s uz Helsinkiem, kur M\u0101kslas un dizaina universit\u0101t\u0113 Br\u016bns s\u0101ka stud\u0113t grafisko dizainu. 1950.gad\u0101 vi\u0146\u0161 beidza universit\u0101ti k\u0101 grafiskais dizaineris. 1953.Gad\u0101 nodibin\u0101ja savu grafisk\u0101 dizaina uz\u0146\u0113mumu. Br\u016bns ir veidojis neskait\u0101mus logotipus, z\u012bmolu vadl\u012bnijas, plak\u0101tus, gr\u0101matas, gada p\u0101rskatus Me\u017ea nozares uz\u0146\u0113mumiem un pat Somijas naudas banknotes. Vi\u0146a p\u0113d\u0113jie centieni ir kop\u012bgais tekstila dizaina projekts ar Vallila Interiours. Vi\u0146a plak\u0101ti, pastkartes un pastmarkas raksturo galvenok\u0101rt Somijas skaisto dabu. Vi\u0146\u0161 ir izveidojis Somijas Dabas aizsardz\u012bbas asoci\u0101cijas simbolu, Pro Bono aktu, kur\u0161 apraksta vi\u0146a dzi\u013co m\u012blest\u012bbu pret dabu un r\u016bpes par t\u0101s saglab\u0101\u0161anu. 2007. gad\u0101 Br\u016bns tika apbalvots ar Pro Finlandia meda\u013cu. Somijas M\u0101kslas padome ir pie\u0161\u0137\u012brusi \u0112rikam Br\u016bnam profesora &hellip; <a href=\"https:\/\/hobstop.ee\/lv\/produkts\/washi-limlente-mt-erik-bruun\/\">Turpin\u0101jums<\/a><\/p>\n","protected":false},"featured_media":353247,"comment_status":"closed","ping_status":"closed","template":"","meta":{"_acf_changed":false,"ep_exclude_from_search":false},"product_cat":[20361],"product_tag":[],"class_list":{"0":"post-339562","1":"product","2":"type-product","3":"status-publish","4":"has-post-thumbnail","6":"product_cat-maaramata","8":"first","9":"instock","10":"taxable","11":"shipping-taxable","12":"product-type-simple"},"acf":[],"yoast_head":"<!-- This site is optimized with the Yoast SEO plugin v24.1 - https:\/\/yoast.com\/wordpress\/plugins\/seo\/ -->\n<title>Washi l\u012bmlente mt Erik Bruun &#8211; Skizze<\/title>\n<meta name=\"robots\" content=\"noindex, follow, max-snippet:-1, max-image-preview:large, max-video-preview:-1\" \/>\n<meta property=\"og:locale\" content=\"lv_LV\" \/>\n<meta property=\"og:type\" content=\"article\" \/>\n<meta property=\"og:title\" content=\"Washi l\u012bmlente mt Erik Bruun &#8211; Skizze\" \/>\n<meta property=\"og:description\" content=\"Jap\u0101n\u0101 rad\u012bt\u0101 Washi l\u012bmlente ir piem\u0113rota visda\u017e\u0101d\u0101ko priek\u0161metu dekor\u0113\u0161anai \u2013 s\u0101kot no k\u0101rb\u0101m un atkl\u0101tn\u0113m l\u012bdz pat traukiem un m\u0113bel\u0113m. To var lietot uz da\u017e\u0101d\u0101m virsm\u0101m, piem., uz pap\u012bra, koka, met\u0101la, porcel\u0101na, stikla u.c. L\u012bmlentes r\u016bpniecisk\u0101s ra\u017eo\u0161anas process nodro\u0161ina \u012bpa\u0161i labu kvalit\u0101ti un iztur\u012bbu apvienojum\u0101 ar izcili pl\u0101nu formu. Lieliski l\u012bpo\u0161o lenti var vajadz\u012bbas gad\u012bjum\u0101 viegli no\u0146emt no virsmas, neatst\u0101jot l\u012bmes p\u0113das. Eriks Br\u016bns (Erik Bruun) ir somu grafiskais dizainers, dzimis 1926. gada 7. Apr\u012bl\u012b V\u012bpuri pils\u0113t\u0101. Savu b\u0113rn\u012bbu Br\u016bns pavad\u012bja Sainujo, \u0101rpus V\u012bpuri, kas kop\u0161 1944. gada ir Krievijas sast\u0101vda\u013ca. Kara laik\u0101 \u0123imene p\u0101rc\u0113l\u0101s uz Helsinkiem, kur M\u0101kslas un dizaina universit\u0101t\u0113 Br\u016bns s\u0101ka stud\u0113t grafisko dizainu. 1950.gad\u0101 vi\u0146\u0161 beidza universit\u0101ti k\u0101 grafiskais dizaineris. 1953.Gad\u0101 nodibin\u0101ja savu grafisk\u0101 dizaina uz\u0146\u0113mumu. Br\u016bns ir veidojis neskait\u0101mus logotipus, z\u012bmolu vadl\u012bnijas, plak\u0101tus, gr\u0101matas, gada p\u0101rskatus Me\u017ea nozares uz\u0146\u0113mumiem un pat Somijas naudas banknotes. Vi\u0146a p\u0113d\u0113jie centieni ir kop\u012bgais tekstila dizaina projekts ar Vallila Interiours. Vi\u0146a plak\u0101ti, pastkartes un pastmarkas raksturo galvenok\u0101rt Somijas skaisto dabu. Vi\u0146\u0161 ir izveidojis Somijas Dabas aizsardz\u012bbas asoci\u0101cijas simbolu, Pro Bono aktu, kur\u0161 apraksta vi\u0146a dzi\u013co m\u012blest\u012bbu pret dabu un r\u016bpes par t\u0101s saglab\u0101\u0161anu. 2007. gad\u0101 Br\u016bns tika apbalvots ar Pro Finlandia meda\u013cu. Somijas M\u0101kslas padome ir pie\u0161\u0137\u012brusi \u0112rikam Br\u016bnam profesora &hellip; Turpin\u0101jums\" \/>\n<meta property=\"og:url\" content=\"https:\/\/hobstop.ee\/lv\/produkts\/washi-limlente-mt-erik-bruun\/\" \/>\n<meta property=\"og:site_name\" content=\"Skizze\" \/>\n<meta property=\"article:publisher\" content=\"http:\/\/www.facebook.com\/VunderSkizze\" \/>\n<meta property=\"og:image\" content=\"https:\/\/hobstop.ee\/media\/5041.jpg\" \/>\n\t<meta property=\"og:image:width\" content=\"1024\" \/>\n\t<meta property=\"og:image:height\" content=\"768\" \/>\n\t<meta property=\"og:image:type\" content=\"image\/jpeg\" \/>\n<meta name=\"twitter:card\" content=\"summary_large_image\" \/>\n<meta name=\"twitter:label1\" content=\"Est. reading time\" \/>\n\t<meta name=\"twitter:data1\" content=\"2 min\u016btes\" \/>\n<script type=\"application\/ld+json\" class=\"yoast-schema-graph\">{\"@context\":\"https:\/\/schema.org\",\"@graph\":[{\"@type\":\"WebPage\",\"@id\":\"https:\/\/hobstop.ee\/lv\/produkts\/washi-limlente-mt-erik-bruun\/\",\"url\":\"https:\/\/hobstop.ee\/lv\/produkts\/washi-limlente-mt-erik-bruun\/\",\"name\":\"Washi l\u012bmlente mt Erik Bruun &#8211; Skizze\",\"isPartOf\":{\"@id\":\"https:\/\/hobstop.ee\/lv\/#website\"},\"primaryImageOfPage\":{\"@id\":\"https:\/\/hobstop.ee\/lv\/produkts\/washi-limlente-mt-erik-bruun\/#primaryimage\"},\"image\":{\"@id\":\"https:\/\/hobstop.ee\/lv\/produkts\/washi-limlente-mt-erik-bruun\/#primaryimage\"},\"thumbnailUrl\":\"https:\/\/hobstop.ee\/media\/5041.jpg\",\"datePublished\":\"2019-11-20T10:40:01+00:00\",\"dateModified\":\"2019-11-20T10:40:01+00:00\",\"breadcrumb\":{\"@id\":\"https:\/\/hobstop.ee\/lv\/produkts\/washi-limlente-mt-erik-bruun\/#breadcrumb\"},\"inLanguage\":\"lv-LV\",\"potentialAction\":[{\"@type\":\"ReadAction\",\"target\":[\"https:\/\/hobstop.ee\/lv\/produkts\/washi-limlente-mt-erik-bruun\/\"]}]},{\"@type\":\"ImageObject\",\"inLanguage\":\"lv-LV\",\"@id\":\"https:\/\/hobstop.ee\/lv\/produkts\/washi-limlente-mt-erik-bruun\/#primaryimage\",\"url\":\"https:\/\/hobstop.ee\/media\/5041.jpg\",\"contentUrl\":\"https:\/\/hobstop.ee\/media\/5041.jpg\",\"width\":1024,\"height\":768},{\"@type\":\"BreadcrumbList\",\"@id\":\"https:\/\/hobstop.ee\/lv\/produkts\/washi-limlente-mt-erik-bruun\/#breadcrumb\",\"itemListElement\":[{\"@type\":\"ListItem\",\"position\":1,\"name\":\"Avaleht\",\"item\":\"https:\/\/hobstop.ee\/lv\/\"},{\"@type\":\"ListItem\",\"position\":2,\"name\":\"Veikals\",\"item\":\"https:\/\/hobstop.ee\/lv\/veikals\/\"},{\"@type\":\"ListItem\",\"position\":3,\"name\":\"Washi l\u012bmlente mt Erik Bruun\"}]},{\"@type\":\"WebSite\",\"@id\":\"https:\/\/hobstop.ee\/lv\/#website\",\"url\":\"https:\/\/hobstop.ee\/lv\/\",\"name\":\"Skizze\",\"description\":\"M\u0101kslas, hobiju un skolas preces\",\"publisher\":{\"@id\":\"https:\/\/hobstop.ee\/lv\/#organization\"},\"potentialAction\":[{\"@type\":\"SearchAction\",\"target\":{\"@type\":\"EntryPoint\",\"urlTemplate\":\"https:\/\/hobstop.ee\/lv\/?s={search_term_string}\"},\"query-input\":{\"@type\":\"PropertyValueSpecification\",\"valueRequired\":true,\"valueName\":\"search_term_string\"}}],\"inLanguage\":\"lv-LV\"},{\"@type\":\"Organization\",\"@id\":\"https:\/\/hobstop.ee\/lv\/#organization\",\"name\":\"Vunder AS\",\"url\":\"https:\/\/hobstop.ee\/lv\/\",\"logo\":{\"@type\":\"ImageObject\",\"inLanguage\":\"lv-LV\",\"@id\":\"https:\/\/hobstop.ee\/lv\/#\/schema\/logo\/image\/\",\"url\":\"https:\/\/hobstop.ee\/media\/vunder-logo.png\",\"contentUrl\":\"https:\/\/hobstop.ee\/media\/vunder-logo.png\",\"width\":127,\"height\":55,\"caption\":\"Vunder AS\"},\"image\":{\"@id\":\"https:\/\/hobstop.ee\/lv\/#\/schema\/logo\/image\/\"},\"sameAs\":[\"http:\/\/www.facebook.com\/VunderSkizze\"]}]}<\/script>\n<!-- \/ Yoast SEO plugin. -->","yoast_head_json":{"title":"Washi l\u012bmlente mt Erik Bruun &#8211; Skizze","robots":{"index":"noindex","follow":"follow","max-snippet":"max-snippet:-1","max-image-preview":"max-image-preview:large","max-video-preview":"max-video-preview:-1"},"og_locale":"lv_LV","og_type":"article","og_title":"Washi l\u012bmlente mt Erik Bruun &#8211; Skizze","og_description":"Jap\u0101n\u0101 rad\u012bt\u0101 Washi l\u012bmlente ir piem\u0113rota visda\u017e\u0101d\u0101ko priek\u0161metu dekor\u0113\u0161anai \u2013 s\u0101kot no k\u0101rb\u0101m un atkl\u0101tn\u0113m l\u012bdz pat traukiem un m\u0113bel\u0113m. To var lietot uz da\u017e\u0101d\u0101m virsm\u0101m, piem., uz pap\u012bra, koka, met\u0101la, porcel\u0101na, stikla u.c. L\u012bmlentes r\u016bpniecisk\u0101s ra\u017eo\u0161anas process nodro\u0161ina \u012bpa\u0161i labu kvalit\u0101ti un iztur\u012bbu apvienojum\u0101 ar izcili pl\u0101nu formu. Lieliski l\u012bpo\u0161o lenti var vajadz\u012bbas gad\u012bjum\u0101 viegli no\u0146emt no virsmas, neatst\u0101jot l\u012bmes p\u0113das. Eriks Br\u016bns (Erik Bruun) ir somu grafiskais dizainers, dzimis 1926. gada 7. Apr\u012bl\u012b V\u012bpuri pils\u0113t\u0101. Savu b\u0113rn\u012bbu Br\u016bns pavad\u012bja Sainujo, \u0101rpus V\u012bpuri, kas kop\u0161 1944. gada ir Krievijas sast\u0101vda\u013ca. Kara laik\u0101 \u0123imene p\u0101rc\u0113l\u0101s uz Helsinkiem, kur M\u0101kslas un dizaina universit\u0101t\u0113 Br\u016bns s\u0101ka stud\u0113t grafisko dizainu. 1950.gad\u0101 vi\u0146\u0161 beidza universit\u0101ti k\u0101 grafiskais dizaineris. 1953.Gad\u0101 nodibin\u0101ja savu grafisk\u0101 dizaina uz\u0146\u0113mumu. Br\u016bns ir veidojis neskait\u0101mus logotipus, z\u012bmolu vadl\u012bnijas, plak\u0101tus, gr\u0101matas, gada p\u0101rskatus Me\u017ea nozares uz\u0146\u0113mumiem un pat Somijas naudas banknotes. Vi\u0146a p\u0113d\u0113jie centieni ir kop\u012bgais tekstila dizaina projekts ar Vallila Interiours. Vi\u0146a plak\u0101ti, pastkartes un pastmarkas raksturo galvenok\u0101rt Somijas skaisto dabu. Vi\u0146\u0161 ir izveidojis Somijas Dabas aizsardz\u012bbas asoci\u0101cijas simbolu, Pro Bono aktu, kur\u0161 apraksta vi\u0146a dzi\u013co m\u012blest\u012bbu pret dabu un r\u016bpes par t\u0101s saglab\u0101\u0161anu. 2007. gad\u0101 Br\u016bns tika apbalvots ar Pro Finlandia meda\u013cu. Somijas M\u0101kslas padome ir pie\u0161\u0137\u012brusi \u0112rikam Br\u016bnam profesora &hellip; Turpin\u0101jums","og_url":"https:\/\/hobstop.ee\/lv\/produkts\/washi-limlente-mt-erik-bruun\/","og_site_name":"Skizze","article_publisher":"http:\/\/www.facebook.com\/VunderSkizze","og_image":[{"width":1024,"height":768,"url":"https:\/\/hobstop.ee\/media\/5041.jpg","type":"image\/jpeg"}],"twitter_card":"summary_large_image","twitter_misc":{"Est. reading time":"2 min\u016btes"},"schema":{"@context":"https:\/\/schema.org","@graph":[{"@type":"WebPage","@id":"https:\/\/hobstop.ee\/lv\/produkts\/washi-limlente-mt-erik-bruun\/","url":"https:\/\/hobstop.ee\/lv\/produkts\/washi-limlente-mt-erik-bruun\/","name":"Washi l\u012bmlente mt Erik Bruun &#8211; Skizze","isPartOf":{"@id":"https:\/\/hobstop.ee\/lv\/#website"},"primaryImageOfPage":{"@id":"https:\/\/hobstop.ee\/lv\/produkts\/washi-limlente-mt-erik-bruun\/#primaryimage"},"image":{"@id":"https:\/\/hobstop.ee\/lv\/produkts\/washi-limlente-mt-erik-bruun\/#primaryimage"},"thumbnailUrl":"https:\/\/hobstop.ee\/media\/5041.jpg","datePublished":"2019-11-20T10:40:01+00:00","dateModified":"2019-11-20T10:40:01+00:00","breadcrumb":{"@id":"https:\/\/hobstop.ee\/lv\/produkts\/washi-limlente-mt-erik-bruun\/#breadcrumb"},"inLanguage":"lv-LV","potentialAction":[{"@type":"ReadAction","target":["https:\/\/hobstop.ee\/lv\/produkts\/washi-limlente-mt-erik-bruun\/"]}]},{"@type":"ImageObject","inLanguage":"lv-LV","@id":"https:\/\/hobstop.ee\/lv\/produkts\/washi-limlente-mt-erik-bruun\/#primaryimage","url":"https:\/\/hobstop.ee\/media\/5041.jpg","contentUrl":"https:\/\/hobstop.ee\/media\/5041.jpg","width":1024,"height":768},{"@type":"BreadcrumbList","@id":"https:\/\/hobstop.ee\/lv\/produkts\/washi-limlente-mt-erik-bruun\/#breadcrumb","itemListElement":[{"@type":"ListItem","position":1,"name":"Avaleht","item":"https:\/\/hobstop.ee\/lv\/"},{"@type":"ListItem","position":2,"name":"Veikals","item":"https:\/\/hobstop.ee\/lv\/veikals\/"},{"@type":"ListItem","position":3,"name":"Washi l\u012bmlente mt Erik Bruun"}]},{"@type":"WebSite","@id":"https:\/\/hobstop.ee\/lv\/#website","url":"https:\/\/hobstop.ee\/lv\/","name":"Skizze","description":"M\u0101kslas, hobiju un skolas preces","publisher":{"@id":"https:\/\/hobstop.ee\/lv\/#organization"},"potentialAction":[{"@type":"SearchAction","target":{"@type":"EntryPoint","urlTemplate":"https:\/\/hobstop.ee\/lv\/?s={search_term_string}"},"query-input":{"@type":"PropertyValueSpecification","valueRequired":true,"valueName":"search_term_string"}}],"inLanguage":"lv-LV"},{"@type":"Organization","@id":"https:\/\/hobstop.ee\/lv\/#organization","name":"Vunder AS","url":"https:\/\/hobstop.ee\/lv\/","logo":{"@type":"ImageObject","inLanguage":"lv-LV","@id":"https:\/\/hobstop.ee\/lv\/#\/schema\/logo\/image\/","url":"https:\/\/hobstop.ee\/media\/vunder-logo.png","contentUrl":"https:\/\/hobstop.ee\/media\/vunder-logo.png","width":127,"height":55,"caption":"Vunder AS"},"image":{"@id":"https:\/\/hobstop.ee\/lv\/#\/schema\/logo\/image\/"},"sameAs":["http:\/\/www.facebook.com\/VunderSkizze"]}]}},"_links":{"self":[{"href":"https:\/\/hobstop.ee\/lv\/wp-json\/wp\/v2\/product\/339562","targetHints":{"allow":["GET"]}}],"collection":[{"href":"https:\/\/hobstop.ee\/lv\/wp-json\/wp\/v2\/product"}],"about":[{"href":"https:\/\/hobstop.ee\/lv\/wp-json\/wp\/v2\/types\/product"}],"replies":[{"embeddable":true,"href":"https:\/\/hobstop.ee\/lv\/wp-json\/wp\/v2\/comments?post=339562"}],"wp:featuredmedia":[{"embeddable":true,"href":"https:\/\/hobstop.ee\/lv\/wp-json\/wp\/v2\/media\/353247"}],"wp:attachment":[{"href":"https:\/\/hobstop.ee\/lv\/wp-json\/wp\/v2\/media?parent=339562"}],"wp:term":[{"taxonomy":"product_cat","embeddable":true,"href":"https:\/\/hobstop.ee\/lv\/wp-json\/wp\/v2\/product_cat?post=339562"},{"taxonomy":"product_tag","embeddable":true,"href":"https:\/\/hobstop.ee\/lv\/wp-json\/wp\/v2\/product_tag?post=339562"}],"curies":[{"name":"wp","href":"https:\/\/api.w.org\/{rel}","templated":true}]}}