{"id":339566,"date":"2019-11-20T12:40:05","date_gmt":"2019-11-20T10:40:10","guid":{"rendered":"https:\/\/sharks.ee\/vunder_2019\/product\/washi-limlente-mt-papier-tigre\/"},"modified":"2019-11-20T12:40:10","modified_gmt":"2019-11-20T10:40:10","slug":"washi-limlente-mt-papier-tigre","status":"publish","type":"product","link":"https:\/\/hobstop.ee\/lv\/produkts\/washi-limlente-mt-papier-tigre\/","title":{"rendered":"Washi l\u012bmlente mt Papier Tigre"},"content":{"rendered":"<p>Jap\u0101n\u0101 rad\u012bt\u0101 Washi l\u012bmlente ir piem\u0113rota visda\u017e\u0101d\u0101ko priek\u0161metu dekor\u0113\u0161anai \u2013 s\u0101kot no k\u0101rb\u0101m un atkl\u0101tn\u0113m l\u012bdz pat traukiem un m\u0113bel\u0113m.  To var lietot uz da\u017e\u0101d\u0101m virsm\u0101m, piem., uz pap\u012bra, koka, met\u0101la, porcel\u0101na, stikla u.c. L\u012bmlentes r\u016bpniecisk\u0101s ra\u017eo\u0161anas process nodro\u0161ina \u012bpa\u0161i labu kvalit\u0101ti un iztur\u012bbu apvienojum\u0101 ar izcili pl\u0101nu formu.  Lieliski l\u012bpo\u0161o lenti var vajadz\u012bbas gad\u012bjum\u0101 viegli no\u0146emt no virsmas, neatst\u0101jot l\u012bmes p\u0113das.<br \/>\nPAPIER TIGRE ir dzimis 2011. gad\u0101 un atrodas Par\u012bzes rado\u0161aj\u0101 centr\u0101, 3.apgabala 5.numur\u0101, rue des Filles du Calvaire. PAPIER TIGRE izstr\u0101d\u0101, ra\u017eo un nodarbojas ar galda piederumu, m\u0101jas interjera, rakstisk\u0101s korespondences priek\u0161metu mazumtirdzniec\u012bbu. Uz\u0146\u0113mumam ir \u013coti sensit\u012bva attieksme pret kr\u0101s\u0101m, rakstiem, pamatmateri\u0101liem un jaunaj\u0101m tehnolo\u0123ij\u0101m, un tas m\u0113\u0123ina \u0161os visus elementus apvienot, radot lieliskus produktus. Pre\u010du izstr\u0101de un visi p\u0101r\u0113jie procesi tiek realiz\u0113ti Par\u012bzes biroja &#8211; no idejas l\u012bdz p\u0101rdo\u0161anai. T\u0101pat PAPIER TIGRE m\u0113r\u0137is ir piev\u0113rst \u012bpa\u0161u uzman\u012bbu izcelsmei un kvalit\u0101tei. Uz\u0146\u0113mums cen\u0161as p\u0113c iesp\u0113jas vair\u0101k att\u0101lin\u0101ties no m\u016bsu jeb laic\u012bg\u0101s dz\u012bves, bie\u017ei vien pat \u013coti, bet reiz\u0113m &#8211; glu\u017ei pret\u0113ji, lai rastu jaunu iedvesmu un dotu dz\u012bv\u012bbu jaun\u0101m idej\u0101m Par\u012bz\u0113.<\/p>\n","protected":false},"excerpt":{"rendered":"<p>Jap\u0101n\u0101 rad\u012bt\u0101 Washi l\u012bmlente ir piem\u0113rota visda\u017e\u0101d\u0101ko priek\u0161metu dekor\u0113\u0161anai \u2013 s\u0101kot no k\u0101rb\u0101m un atkl\u0101tn\u0113m l\u012bdz pat traukiem un m\u0113bel\u0113m. To var lietot uz da\u017e\u0101d\u0101m virsm\u0101m, piem., uz pap\u012bra, koka, met\u0101la, porcel\u0101na, stikla u.c. L\u012bmlentes r\u016bpniecisk\u0101s ra\u017eo\u0161anas process nodro\u0161ina \u012bpa\u0161i labu kvalit\u0101ti un iztur\u012bbu apvienojum\u0101 ar izcili pl\u0101nu formu. Lieliski l\u012bpo\u0161o lenti var vajadz\u012bbas gad\u012bjum\u0101 viegli no\u0146emt no virsmas, neatst\u0101jot l\u012bmes p\u0113das. PAPIER TIGRE ir dzimis 2011. gad\u0101 un atrodas Par\u012bzes rado\u0161aj\u0101 centr\u0101, 3.apgabala 5.numur\u0101, rue des Filles du Calvaire. PAPIER TIGRE izstr\u0101d\u0101, ra\u017eo un nodarbojas ar galda piederumu, m\u0101jas interjera, rakstisk\u0101s korespondences priek\u0161metu mazumtirdzniec\u012bbu. Uz\u0146\u0113mumam ir \u013coti sensit\u012bva attieksme pret kr\u0101s\u0101m, rakstiem, pamatmateri\u0101liem un jaunaj\u0101m tehnolo\u0123ij\u0101m, un tas m\u0113\u0123ina \u0161os visus elementus apvienot, radot lieliskus produktus. Pre\u010du izstr\u0101de un visi p\u0101r\u0113jie procesi tiek realiz\u0113ti Par\u012bzes biroja &#8211; no idejas l\u012bdz p\u0101rdo\u0161anai. T\u0101pat PAPIER TIGRE m\u0113r\u0137is ir piev\u0113rst \u012bpa\u0161u uzman\u012bbu izcelsmei un kvalit\u0101tei. Uz\u0146\u0113mums cen\u0161as p\u0113c iesp\u0113jas vair\u0101k att\u0101lin\u0101ties no m\u016bsu jeb laic\u012bg\u0101s dz\u012bves, bie\u017ei vien pat \u013coti, bet reiz\u0113m &#8211; glu\u017ei pret\u0113ji, lai rastu jaunu iedvesmu un dotu dz\u012bv\u012bbu jaun\u0101m idej\u0101m Par\u012bz\u0113.<\/p>\n","protected":false},"featured_media":353243,"comment_status":"closed","ping_status":"closed","template":"","meta":{"_acf_changed":false,"ep_exclude_from_search":false},"product_cat":[20361],"product_tag":[],"class_list":{"0":"post-339566","1":"product","2":"type-product","3":"status-publish","4":"has-post-thumbnail","6":"product_cat-maaramata","8":"first","9":"instock","10":"taxable","11":"shipping-taxable","12":"product-type-simple"},"acf":[],"yoast_head":"<!-- This site is optimized with the Yoast SEO plugin v24.1 - https:\/\/yoast.com\/wordpress\/plugins\/seo\/ -->\n<title>Washi l\u012bmlente mt Papier Tigre &#8211; Skizze<\/title>\n<meta name=\"robots\" content=\"noindex, follow, max-snippet:-1, max-image-preview:large, max-video-preview:-1\" \/>\n<meta property=\"og:locale\" content=\"lv_LV\" \/>\n<meta property=\"og:type\" content=\"article\" \/>\n<meta property=\"og:title\" content=\"Washi l\u012bmlente mt Papier Tigre &#8211; Skizze\" \/>\n<meta property=\"og:description\" content=\"Jap\u0101n\u0101 rad\u012bt\u0101 Washi l\u012bmlente ir piem\u0113rota visda\u017e\u0101d\u0101ko priek\u0161metu dekor\u0113\u0161anai \u2013 s\u0101kot no k\u0101rb\u0101m un atkl\u0101tn\u0113m l\u012bdz pat traukiem un m\u0113bel\u0113m. To var lietot uz da\u017e\u0101d\u0101m virsm\u0101m, piem., uz pap\u012bra, koka, met\u0101la, porcel\u0101na, stikla u.c. L\u012bmlentes r\u016bpniecisk\u0101s ra\u017eo\u0161anas process nodro\u0161ina \u012bpa\u0161i labu kvalit\u0101ti un iztur\u012bbu apvienojum\u0101 ar izcili pl\u0101nu formu. Lieliski l\u012bpo\u0161o lenti var vajadz\u012bbas gad\u012bjum\u0101 viegli no\u0146emt no virsmas, neatst\u0101jot l\u012bmes p\u0113das. PAPIER TIGRE ir dzimis 2011. gad\u0101 un atrodas Par\u012bzes rado\u0161aj\u0101 centr\u0101, 3.apgabala 5.numur\u0101, rue des Filles du Calvaire. PAPIER TIGRE izstr\u0101d\u0101, ra\u017eo un nodarbojas ar galda piederumu, m\u0101jas interjera, rakstisk\u0101s korespondences priek\u0161metu mazumtirdzniec\u012bbu. Uz\u0146\u0113mumam ir \u013coti sensit\u012bva attieksme pret kr\u0101s\u0101m, rakstiem, pamatmateri\u0101liem un jaunaj\u0101m tehnolo\u0123ij\u0101m, un tas m\u0113\u0123ina \u0161os visus elementus apvienot, radot lieliskus produktus. Pre\u010du izstr\u0101de un visi p\u0101r\u0113jie procesi tiek realiz\u0113ti Par\u012bzes biroja &#8211; no idejas l\u012bdz p\u0101rdo\u0161anai. T\u0101pat PAPIER TIGRE m\u0113r\u0137is ir piev\u0113rst \u012bpa\u0161u uzman\u012bbu izcelsmei un kvalit\u0101tei. Uz\u0146\u0113mums cen\u0161as p\u0113c iesp\u0113jas vair\u0101k att\u0101lin\u0101ties no m\u016bsu jeb laic\u012bg\u0101s dz\u012bves, bie\u017ei vien pat \u013coti, bet reiz\u0113m &#8211; glu\u017ei pret\u0113ji, lai rastu jaunu iedvesmu un dotu dz\u012bv\u012bbu jaun\u0101m idej\u0101m Par\u012bz\u0113.\" \/>\n<meta property=\"og:url\" content=\"https:\/\/hobstop.ee\/lv\/produkts\/washi-limlente-mt-papier-tigre\/\" \/>\n<meta property=\"og:site_name\" content=\"Skizze\" \/>\n<meta property=\"article:publisher\" content=\"http:\/\/www.facebook.com\/VunderSkizze\" \/>\n<meta property=\"og:image\" content=\"https:\/\/hobstop.ee\/media\/5042.jpg\" \/>\n\t<meta property=\"og:image:width\" content=\"1024\" \/>\n\t<meta property=\"og:image:height\" content=\"768\" \/>\n\t<meta property=\"og:image:type\" content=\"image\/jpeg\" \/>\n<meta name=\"twitter:card\" content=\"summary_large_image\" \/>\n<meta name=\"twitter:label1\" content=\"Est. reading time\" \/>\n\t<meta name=\"twitter:data1\" content=\"1 min\u016b\u0161u\" \/>\n<script type=\"application\/ld+json\" class=\"yoast-schema-graph\">{\"@context\":\"https:\/\/schema.org\",\"@graph\":[{\"@type\":\"WebPage\",\"@id\":\"https:\/\/hobstop.ee\/lv\/produkts\/washi-limlente-mt-papier-tigre\/\",\"url\":\"https:\/\/hobstop.ee\/lv\/produkts\/washi-limlente-mt-papier-tigre\/\",\"name\":\"Washi l\u012bmlente mt Papier Tigre &#8211; Skizze\",\"isPartOf\":{\"@id\":\"https:\/\/www.hobstop.ee\/lv\/#website\"},\"primaryImageOfPage\":{\"@id\":\"https:\/\/hobstop.ee\/lv\/produkts\/washi-limlente-mt-papier-tigre\/#primaryimage\"},\"image\":{\"@id\":\"https:\/\/hobstop.ee\/lv\/produkts\/washi-limlente-mt-papier-tigre\/#primaryimage\"},\"thumbnailUrl\":\"https:\/\/hobstop.ee\/media\/5042.jpg\",\"datePublished\":\"2019-11-20T10:40:10+00:00\",\"dateModified\":\"2019-11-20T10:40:10+00:00\",\"breadcrumb\":{\"@id\":\"https:\/\/hobstop.ee\/lv\/produkts\/washi-limlente-mt-papier-tigre\/#breadcrumb\"},\"inLanguage\":\"lv-LV\",\"potentialAction\":[{\"@type\":\"ReadAction\",\"target\":[\"https:\/\/hobstop.ee\/lv\/produkts\/washi-limlente-mt-papier-tigre\/\"]}]},{\"@type\":\"ImageObject\",\"inLanguage\":\"lv-LV\",\"@id\":\"https:\/\/hobstop.ee\/lv\/produkts\/washi-limlente-mt-papier-tigre\/#primaryimage\",\"url\":\"https:\/\/hobstop.ee\/media\/5042.jpg\",\"contentUrl\":\"https:\/\/hobstop.ee\/media\/5042.jpg\",\"width\":1024,\"height\":768},{\"@type\":\"BreadcrumbList\",\"@id\":\"https:\/\/hobstop.ee\/lv\/produkts\/washi-limlente-mt-papier-tigre\/#breadcrumb\",\"itemListElement\":[{\"@type\":\"ListItem\",\"position\":1,\"name\":\"Avaleht\",\"item\":\"https:\/\/www.hobstop.ee\/lv\/\"},{\"@type\":\"ListItem\",\"position\":2,\"name\":\"Veikals\",\"item\":\"https:\/\/www.hobstop.ee\/lv\/veikals\/\"},{\"@type\":\"ListItem\",\"position\":3,\"name\":\"Washi l\u012bmlente mt Papier Tigre\"}]},{\"@type\":\"WebSite\",\"@id\":\"https:\/\/www.hobstop.ee\/lv\/#website\",\"url\":\"https:\/\/www.hobstop.ee\/lv\/\",\"name\":\"Skizze\",\"description\":\"M\u0101kslas, hobiju un skolas preces\",\"publisher\":{\"@id\":\"https:\/\/www.hobstop.ee\/lv\/#organization\"},\"potentialAction\":[{\"@type\":\"SearchAction\",\"target\":{\"@type\":\"EntryPoint\",\"urlTemplate\":\"https:\/\/www.hobstop.ee\/lv\/?s={search_term_string}\"},\"query-input\":{\"@type\":\"PropertyValueSpecification\",\"valueRequired\":true,\"valueName\":\"search_term_string\"}}],\"inLanguage\":\"lv-LV\"},{\"@type\":\"Organization\",\"@id\":\"https:\/\/www.hobstop.ee\/lv\/#organization\",\"name\":\"Vunder AS\",\"url\":\"https:\/\/www.hobstop.ee\/lv\/\",\"logo\":{\"@type\":\"ImageObject\",\"inLanguage\":\"lv-LV\",\"@id\":\"https:\/\/www.hobstop.ee\/lv\/#\/schema\/logo\/image\/\",\"url\":\"https:\/\/hobstop.ee\/media\/vunder-logo.png\",\"contentUrl\":\"https:\/\/hobstop.ee\/media\/vunder-logo.png\",\"width\":127,\"height\":55,\"caption\":\"Vunder AS\"},\"image\":{\"@id\":\"https:\/\/www.hobstop.ee\/lv\/#\/schema\/logo\/image\/\"},\"sameAs\":[\"http:\/\/www.facebook.com\/VunderSkizze\"]}]}<\/script>\n<!-- \/ Yoast SEO plugin. -->","yoast_head_json":{"title":"Washi l\u012bmlente mt Papier Tigre &#8211; Skizze","robots":{"index":"noindex","follow":"follow","max-snippet":"max-snippet:-1","max-image-preview":"max-image-preview:large","max-video-preview":"max-video-preview:-1"},"og_locale":"lv_LV","og_type":"article","og_title":"Washi l\u012bmlente mt Papier Tigre &#8211; Skizze","og_description":"Jap\u0101n\u0101 rad\u012bt\u0101 Washi l\u012bmlente ir piem\u0113rota visda\u017e\u0101d\u0101ko priek\u0161metu dekor\u0113\u0161anai \u2013 s\u0101kot no k\u0101rb\u0101m un atkl\u0101tn\u0113m l\u012bdz pat traukiem un m\u0113bel\u0113m. To var lietot uz da\u017e\u0101d\u0101m virsm\u0101m, piem., uz pap\u012bra, koka, met\u0101la, porcel\u0101na, stikla u.c. L\u012bmlentes r\u016bpniecisk\u0101s ra\u017eo\u0161anas process nodro\u0161ina \u012bpa\u0161i labu kvalit\u0101ti un iztur\u012bbu apvienojum\u0101 ar izcili pl\u0101nu formu. Lieliski l\u012bpo\u0161o lenti var vajadz\u012bbas gad\u012bjum\u0101 viegli no\u0146emt no virsmas, neatst\u0101jot l\u012bmes p\u0113das. PAPIER TIGRE ir dzimis 2011. gad\u0101 un atrodas Par\u012bzes rado\u0161aj\u0101 centr\u0101, 3.apgabala 5.numur\u0101, rue des Filles du Calvaire. PAPIER TIGRE izstr\u0101d\u0101, ra\u017eo un nodarbojas ar galda piederumu, m\u0101jas interjera, rakstisk\u0101s korespondences priek\u0161metu mazumtirdzniec\u012bbu. Uz\u0146\u0113mumam ir \u013coti sensit\u012bva attieksme pret kr\u0101s\u0101m, rakstiem, pamatmateri\u0101liem un jaunaj\u0101m tehnolo\u0123ij\u0101m, un tas m\u0113\u0123ina \u0161os visus elementus apvienot, radot lieliskus produktus. Pre\u010du izstr\u0101de un visi p\u0101r\u0113jie procesi tiek realiz\u0113ti Par\u012bzes biroja &#8211; no idejas l\u012bdz p\u0101rdo\u0161anai. T\u0101pat PAPIER TIGRE m\u0113r\u0137is ir piev\u0113rst \u012bpa\u0161u uzman\u012bbu izcelsmei un kvalit\u0101tei. Uz\u0146\u0113mums cen\u0161as p\u0113c iesp\u0113jas vair\u0101k att\u0101lin\u0101ties no m\u016bsu jeb laic\u012bg\u0101s dz\u012bves, bie\u017ei vien pat \u013coti, bet reiz\u0113m &#8211; glu\u017ei pret\u0113ji, lai rastu jaunu iedvesmu un dotu dz\u012bv\u012bbu jaun\u0101m idej\u0101m Par\u012bz\u0113.","og_url":"https:\/\/hobstop.ee\/lv\/produkts\/washi-limlente-mt-papier-tigre\/","og_site_name":"Skizze","article_publisher":"http:\/\/www.facebook.com\/VunderSkizze","og_image":[{"width":1024,"height":768,"url":"https:\/\/hobstop.ee\/media\/5042.jpg","type":"image\/jpeg"}],"twitter_card":"summary_large_image","twitter_misc":{"Est. reading time":"1 min\u016b\u0161u"},"schema":{"@context":"https:\/\/schema.org","@graph":[{"@type":"WebPage","@id":"https:\/\/hobstop.ee\/lv\/produkts\/washi-limlente-mt-papier-tigre\/","url":"https:\/\/hobstop.ee\/lv\/produkts\/washi-limlente-mt-papier-tigre\/","name":"Washi l\u012bmlente mt Papier Tigre &#8211; Skizze","isPartOf":{"@id":"https:\/\/www.hobstop.ee\/lv\/#website"},"primaryImageOfPage":{"@id":"https:\/\/hobstop.ee\/lv\/produkts\/washi-limlente-mt-papier-tigre\/#primaryimage"},"image":{"@id":"https:\/\/hobstop.ee\/lv\/produkts\/washi-limlente-mt-papier-tigre\/#primaryimage"},"thumbnailUrl":"https:\/\/hobstop.ee\/media\/5042.jpg","datePublished":"2019-11-20T10:40:10+00:00","dateModified":"2019-11-20T10:40:10+00:00","breadcrumb":{"@id":"https:\/\/hobstop.ee\/lv\/produkts\/washi-limlente-mt-papier-tigre\/#breadcrumb"},"inLanguage":"lv-LV","potentialAction":[{"@type":"ReadAction","target":["https:\/\/hobstop.ee\/lv\/produkts\/washi-limlente-mt-papier-tigre\/"]}]},{"@type":"ImageObject","inLanguage":"lv-LV","@id":"https:\/\/hobstop.ee\/lv\/produkts\/washi-limlente-mt-papier-tigre\/#primaryimage","url":"https:\/\/hobstop.ee\/media\/5042.jpg","contentUrl":"https:\/\/hobstop.ee\/media\/5042.jpg","width":1024,"height":768},{"@type":"BreadcrumbList","@id":"https:\/\/hobstop.ee\/lv\/produkts\/washi-limlente-mt-papier-tigre\/#breadcrumb","itemListElement":[{"@type":"ListItem","position":1,"name":"Avaleht","item":"https:\/\/www.hobstop.ee\/lv\/"},{"@type":"ListItem","position":2,"name":"Veikals","item":"https:\/\/www.hobstop.ee\/lv\/veikals\/"},{"@type":"ListItem","position":3,"name":"Washi l\u012bmlente mt Papier Tigre"}]},{"@type":"WebSite","@id":"https:\/\/www.hobstop.ee\/lv\/#website","url":"https:\/\/www.hobstop.ee\/lv\/","name":"Skizze","description":"M\u0101kslas, hobiju un skolas preces","publisher":{"@id":"https:\/\/www.hobstop.ee\/lv\/#organization"},"potentialAction":[{"@type":"SearchAction","target":{"@type":"EntryPoint","urlTemplate":"https:\/\/www.hobstop.ee\/lv\/?s={search_term_string}"},"query-input":{"@type":"PropertyValueSpecification","valueRequired":true,"valueName":"search_term_string"}}],"inLanguage":"lv-LV"},{"@type":"Organization","@id":"https:\/\/www.hobstop.ee\/lv\/#organization","name":"Vunder AS","url":"https:\/\/www.hobstop.ee\/lv\/","logo":{"@type":"ImageObject","inLanguage":"lv-LV","@id":"https:\/\/www.hobstop.ee\/lv\/#\/schema\/logo\/image\/","url":"https:\/\/hobstop.ee\/media\/vunder-logo.png","contentUrl":"https:\/\/hobstop.ee\/media\/vunder-logo.png","width":127,"height":55,"caption":"Vunder AS"},"image":{"@id":"https:\/\/www.hobstop.ee\/lv\/#\/schema\/logo\/image\/"},"sameAs":["http:\/\/www.facebook.com\/VunderSkizze"]}]}},"_links":{"self":[{"href":"https:\/\/hobstop.ee\/lv\/wp-json\/wp\/v2\/product\/339566","targetHints":{"allow":["GET"]}}],"collection":[{"href":"https:\/\/hobstop.ee\/lv\/wp-json\/wp\/v2\/product"}],"about":[{"href":"https:\/\/hobstop.ee\/lv\/wp-json\/wp\/v2\/types\/product"}],"replies":[{"embeddable":true,"href":"https:\/\/hobstop.ee\/lv\/wp-json\/wp\/v2\/comments?post=339566"}],"wp:featuredmedia":[{"embeddable":true,"href":"https:\/\/hobstop.ee\/lv\/wp-json\/wp\/v2\/media\/353243"}],"wp:attachment":[{"href":"https:\/\/hobstop.ee\/lv\/wp-json\/wp\/v2\/media?parent=339566"}],"wp:term":[{"taxonomy":"product_cat","embeddable":true,"href":"https:\/\/hobstop.ee\/lv\/wp-json\/wp\/v2\/product_cat?post=339566"},{"taxonomy":"product_tag","embeddable":true,"href":"https:\/\/hobstop.ee\/lv\/wp-json\/wp\/v2\/product_tag?post=339566"}],"curies":[{"name":"wp","href":"https:\/\/api.w.org\/{rel}","templated":true}]}}