{"id":339570,"date":"2019-11-20T12:40:13","date_gmt":"2019-11-20T10:40:18","guid":{"rendered":"https:\/\/sharks.ee\/vunder_2019\/product\/spalvaskats-manuscript-curve\/"},"modified":"2019-11-20T12:40:18","modified_gmt":"2019-11-20T10:40:18","slug":"spalvaskats-manuscript-curve","status":"publish","type":"product","link":"https:\/\/hobstop.ee\/lv\/produkts\/spalvaskats-manuscript-curve\/","title":{"rendered":"Spalvaskats Manuscript Curve"},"content":{"rendered":"<p>Neatkar\u012bgi no t\u0101, vai t\u0101s ir l\u012bknes, str\u012bpas, kaligr\u0101fija vai raksts, kas veidots ar roku &#8211; Manuscript Curve tintes pildspalva ir izcils rakst\u0101mr\u012bks ar izteiktu formu. Manuscript Curve ir \u0113rta un ar stil\u012bgu dizainu &#8211; tas apmierin\u0101s ikviena rakst\u012btprat\u0113ja pras\u012bbas. Pateicoties iesp\u0113jai main\u012bt uzga\u013cus un vienm\u0113r\u012bgi pl\u016bsto\u0161ajai tintei, \u0161\u012b pildspalva nodro\u0161ina augstu rezult\u0101tu. Gluds, melns korpuss un \u0113rts satv\u0113riens padara \u0161o pildspalvu par ide\u0101lu rakst\u0101mr\u012bku da\u017e\u0101du uzdevuma veik\u0161anai vai rado\u0161o izpausmju \u012bsteno\u0161anai.<\/p>\n<p>Komplekt\u0101:<br \/>\nManuscript Curve spalvask\u0101ts<br \/>\nIr\u012bdija uzgalis lieliski piem\u0113rots rakst\u012b\u0161anai ikdien\u0101<br \/>\n1 tintes kasetne<\/p>\n","protected":false},"excerpt":{"rendered":"<p>Neatkar\u012bgi no t\u0101, vai t\u0101s ir l\u012bknes, str\u012bpas, kaligr\u0101fija vai raksts, kas veidots ar roku &#8211; Manuscript Curve tintes pildspalva ir izcils rakst\u0101mr\u012bks ar izteiktu formu. Manuscript Curve ir \u0113rta un ar stil\u012bgu dizainu &#8211; tas apmierin\u0101s ikviena rakst\u012btprat\u0113ja pras\u012bbas. Pateicoties iesp\u0113jai main\u012bt uzga\u013cus un vienm\u0113r\u012bgi pl\u016bsto\u0161ajai tintei, \u0161\u012b pildspalva nodro\u0161ina augstu rezult\u0101tu. Gluds, melns korpuss un \u0113rts satv\u0113riens padara \u0161o pildspalvu par ide\u0101lu rakst\u0101mr\u012bku da\u017e\u0101du uzdevuma veik\u0161anai vai rado\u0161o izpausmju \u012bsteno\u0161anai. Komplekt\u0101: Manuscript Curve spalvask\u0101ts Ir\u012bdija uzgalis lieliski piem\u0113rots rakst\u012b\u0161anai ikdien\u0101 1 tintes kasetne<\/p>\n","protected":false},"featured_media":353203,"comment_status":"closed","ping_status":"closed","template":"","meta":{"_acf_changed":false,"ep_exclude_from_search":false},"product_cat":[20361],"product_tag":[],"class_list":{"0":"post-339570","1":"product","2":"type-product","3":"status-publish","4":"has-post-thumbnail","6":"product_cat-maaramata","8":"first","9":"instock","10":"taxable","11":"shipping-taxable","12":"product-type-simple"},"acf":[],"yoast_head":"<!-- This site is optimized with the Yoast SEO plugin v24.1 - https:\/\/yoast.com\/wordpress\/plugins\/seo\/ -->\n<title>Spalvaskats Manuscript Curve &#8211; Skizze<\/title>\n<meta name=\"robots\" content=\"noindex, follow, max-snippet:-1, max-image-preview:large, max-video-preview:-1\" \/>\n<meta property=\"og:locale\" content=\"lv_LV\" \/>\n<meta property=\"og:type\" content=\"article\" \/>\n<meta property=\"og:title\" content=\"Spalvaskats Manuscript Curve &#8211; Skizze\" \/>\n<meta property=\"og:description\" content=\"Neatkar\u012bgi no t\u0101, vai t\u0101s ir l\u012bknes, str\u012bpas, kaligr\u0101fija vai raksts, kas veidots ar roku &#8211; Manuscript Curve tintes pildspalva ir izcils rakst\u0101mr\u012bks ar izteiktu formu. Manuscript Curve ir \u0113rta un ar stil\u012bgu dizainu &#8211; tas apmierin\u0101s ikviena rakst\u012btprat\u0113ja pras\u012bbas. Pateicoties iesp\u0113jai main\u012bt uzga\u013cus un vienm\u0113r\u012bgi pl\u016bsto\u0161ajai tintei, \u0161\u012b pildspalva nodro\u0161ina augstu rezult\u0101tu. Gluds, melns korpuss un \u0113rts satv\u0113riens padara \u0161o pildspalvu par ide\u0101lu rakst\u0101mr\u012bku da\u017e\u0101du uzdevuma veik\u0161anai vai rado\u0161o izpausmju \u012bsteno\u0161anai. Komplekt\u0101: Manuscript Curve spalvask\u0101ts Ir\u012bdija uzgalis lieliski piem\u0113rots rakst\u012b\u0161anai ikdien\u0101 1 tintes kasetne\" \/>\n<meta property=\"og:url\" content=\"https:\/\/hobstop.ee\/lv\/produkts\/spalvaskats-manuscript-curve\/\" \/>\n<meta property=\"og:site_name\" content=\"Skizze\" \/>\n<meta property=\"article:publisher\" content=\"http:\/\/www.facebook.com\/VunderSkizze\" \/>\n<meta property=\"og:image\" content=\"https:\/\/www.hobstop.ee\/media\/5044.JPG\" \/>\n\t<meta property=\"og:image:width\" content=\"1024\" \/>\n\t<meta property=\"og:image:height\" content=\"768\" \/>\n\t<meta property=\"og:image:type\" content=\"image\/jpeg\" \/>\n<meta name=\"twitter:card\" content=\"summary_large_image\" \/>\n<meta name=\"twitter:label1\" content=\"Est. reading time\" \/>\n\t<meta name=\"twitter:data1\" content=\"1 min\u016b\u0161u\" \/>\n<script type=\"application\/ld+json\" class=\"yoast-schema-graph\">{\"@context\":\"https:\/\/schema.org\",\"@graph\":[{\"@type\":\"WebPage\",\"@id\":\"https:\/\/hobstop.ee\/lv\/produkts\/spalvaskats-manuscript-curve\/\",\"url\":\"https:\/\/hobstop.ee\/lv\/produkts\/spalvaskats-manuscript-curve\/\",\"name\":\"Spalvaskats Manuscript Curve &#8211; Skizze\",\"isPartOf\":{\"@id\":\"https:\/\/www.hobstop.ee\/lv\/#website\"},\"primaryImageOfPage\":{\"@id\":\"https:\/\/hobstop.ee\/lv\/produkts\/spalvaskats-manuscript-curve\/#primaryimage\"},\"image\":{\"@id\":\"https:\/\/hobstop.ee\/lv\/produkts\/spalvaskats-manuscript-curve\/#primaryimage\"},\"thumbnailUrl\":\"https:\/\/hobstop.ee\/media\/5044.JPG\",\"datePublished\":\"2019-11-20T10:40:18+00:00\",\"dateModified\":\"2019-11-20T10:40:18+00:00\",\"breadcrumb\":{\"@id\":\"https:\/\/hobstop.ee\/lv\/produkts\/spalvaskats-manuscript-curve\/#breadcrumb\"},\"inLanguage\":\"lv-LV\",\"potentialAction\":[{\"@type\":\"ReadAction\",\"target\":[\"https:\/\/hobstop.ee\/lv\/produkts\/spalvaskats-manuscript-curve\/\"]}]},{\"@type\":\"ImageObject\",\"inLanguage\":\"lv-LV\",\"@id\":\"https:\/\/hobstop.ee\/lv\/produkts\/spalvaskats-manuscript-curve\/#primaryimage\",\"url\":\"https:\/\/hobstop.ee\/media\/5044.JPG\",\"contentUrl\":\"https:\/\/hobstop.ee\/media\/5044.JPG\",\"width\":1024,\"height\":768},{\"@type\":\"BreadcrumbList\",\"@id\":\"https:\/\/hobstop.ee\/lv\/produkts\/spalvaskats-manuscript-curve\/#breadcrumb\",\"itemListElement\":[{\"@type\":\"ListItem\",\"position\":1,\"name\":\"Avaleht\",\"item\":\"https:\/\/www.hobstop.ee\/lv\/\"},{\"@type\":\"ListItem\",\"position\":2,\"name\":\"Veikals\",\"item\":\"https:\/\/www.hobstop.ee\/lv\/veikals\/\"},{\"@type\":\"ListItem\",\"position\":3,\"name\":\"Spalvaskats Manuscript Curve\"}]},{\"@type\":\"WebSite\",\"@id\":\"https:\/\/www.hobstop.ee\/lv\/#website\",\"url\":\"https:\/\/www.hobstop.ee\/lv\/\",\"name\":\"Skizze\",\"description\":\"M\u0101kslas, hobiju un skolas preces\",\"publisher\":{\"@id\":\"https:\/\/www.hobstop.ee\/lv\/#organization\"},\"potentialAction\":[{\"@type\":\"SearchAction\",\"target\":{\"@type\":\"EntryPoint\",\"urlTemplate\":\"https:\/\/www.hobstop.ee\/lv\/?s={search_term_string}\"},\"query-input\":{\"@type\":\"PropertyValueSpecification\",\"valueRequired\":true,\"valueName\":\"search_term_string\"}}],\"inLanguage\":\"lv-LV\"},{\"@type\":\"Organization\",\"@id\":\"https:\/\/www.hobstop.ee\/lv\/#organization\",\"name\":\"Vunder AS\",\"url\":\"https:\/\/www.hobstop.ee\/lv\/\",\"logo\":{\"@type\":\"ImageObject\",\"inLanguage\":\"lv-LV\",\"@id\":\"https:\/\/www.hobstop.ee\/lv\/#\/schema\/logo\/image\/\",\"url\":\"https:\/\/hobstop.ee\/media\/vunder-logo.png\",\"contentUrl\":\"https:\/\/hobstop.ee\/media\/vunder-logo.png\",\"width\":127,\"height\":55,\"caption\":\"Vunder AS\"},\"image\":{\"@id\":\"https:\/\/www.hobstop.ee\/lv\/#\/schema\/logo\/image\/\"},\"sameAs\":[\"http:\/\/www.facebook.com\/VunderSkizze\"]}]}<\/script>\n<!-- \/ Yoast SEO plugin. -->","yoast_head_json":{"title":"Spalvaskats Manuscript Curve &#8211; Skizze","robots":{"index":"noindex","follow":"follow","max-snippet":"max-snippet:-1","max-image-preview":"max-image-preview:large","max-video-preview":"max-video-preview:-1"},"og_locale":"lv_LV","og_type":"article","og_title":"Spalvaskats Manuscript Curve &#8211; Skizze","og_description":"Neatkar\u012bgi no t\u0101, vai t\u0101s ir l\u012bknes, str\u012bpas, kaligr\u0101fija vai raksts, kas veidots ar roku &#8211; Manuscript Curve tintes pildspalva ir izcils rakst\u0101mr\u012bks ar izteiktu formu. Manuscript Curve ir \u0113rta un ar stil\u012bgu dizainu &#8211; tas apmierin\u0101s ikviena rakst\u012btprat\u0113ja pras\u012bbas. Pateicoties iesp\u0113jai main\u012bt uzga\u013cus un vienm\u0113r\u012bgi pl\u016bsto\u0161ajai tintei, \u0161\u012b pildspalva nodro\u0161ina augstu rezult\u0101tu. Gluds, melns korpuss un \u0113rts satv\u0113riens padara \u0161o pildspalvu par ide\u0101lu rakst\u0101mr\u012bku da\u017e\u0101du uzdevuma veik\u0161anai vai rado\u0161o izpausmju \u012bsteno\u0161anai. Komplekt\u0101: Manuscript Curve spalvask\u0101ts Ir\u012bdija uzgalis lieliski piem\u0113rots rakst\u012b\u0161anai ikdien\u0101 1 tintes kasetne","og_url":"https:\/\/hobstop.ee\/lv\/produkts\/spalvaskats-manuscript-curve\/","og_site_name":"Skizze","article_publisher":"http:\/\/www.facebook.com\/VunderSkizze","og_image":[{"width":1024,"height":768,"url":"https:\/\/www.hobstop.ee\/media\/5044.JPG","type":"image\/jpeg"}],"twitter_card":"summary_large_image","twitter_misc":{"Est. reading time":"1 min\u016b\u0161u"},"schema":{"@context":"https:\/\/schema.org","@graph":[{"@type":"WebPage","@id":"https:\/\/hobstop.ee\/lv\/produkts\/spalvaskats-manuscript-curve\/","url":"https:\/\/hobstop.ee\/lv\/produkts\/spalvaskats-manuscript-curve\/","name":"Spalvaskats Manuscript Curve &#8211; Skizze","isPartOf":{"@id":"https:\/\/www.hobstop.ee\/lv\/#website"},"primaryImageOfPage":{"@id":"https:\/\/hobstop.ee\/lv\/produkts\/spalvaskats-manuscript-curve\/#primaryimage"},"image":{"@id":"https:\/\/hobstop.ee\/lv\/produkts\/spalvaskats-manuscript-curve\/#primaryimage"},"thumbnailUrl":"https:\/\/hobstop.ee\/media\/5044.JPG","datePublished":"2019-11-20T10:40:18+00:00","dateModified":"2019-11-20T10:40:18+00:00","breadcrumb":{"@id":"https:\/\/hobstop.ee\/lv\/produkts\/spalvaskats-manuscript-curve\/#breadcrumb"},"inLanguage":"lv-LV","potentialAction":[{"@type":"ReadAction","target":["https:\/\/hobstop.ee\/lv\/produkts\/spalvaskats-manuscript-curve\/"]}]},{"@type":"ImageObject","inLanguage":"lv-LV","@id":"https:\/\/hobstop.ee\/lv\/produkts\/spalvaskats-manuscript-curve\/#primaryimage","url":"https:\/\/hobstop.ee\/media\/5044.JPG","contentUrl":"https:\/\/hobstop.ee\/media\/5044.JPG","width":1024,"height":768},{"@type":"BreadcrumbList","@id":"https:\/\/hobstop.ee\/lv\/produkts\/spalvaskats-manuscript-curve\/#breadcrumb","itemListElement":[{"@type":"ListItem","position":1,"name":"Avaleht","item":"https:\/\/www.hobstop.ee\/lv\/"},{"@type":"ListItem","position":2,"name":"Veikals","item":"https:\/\/www.hobstop.ee\/lv\/veikals\/"},{"@type":"ListItem","position":3,"name":"Spalvaskats Manuscript Curve"}]},{"@type":"WebSite","@id":"https:\/\/www.hobstop.ee\/lv\/#website","url":"https:\/\/www.hobstop.ee\/lv\/","name":"Skizze","description":"M\u0101kslas, hobiju un skolas preces","publisher":{"@id":"https:\/\/www.hobstop.ee\/lv\/#organization"},"potentialAction":[{"@type":"SearchAction","target":{"@type":"EntryPoint","urlTemplate":"https:\/\/www.hobstop.ee\/lv\/?s={search_term_string}"},"query-input":{"@type":"PropertyValueSpecification","valueRequired":true,"valueName":"search_term_string"}}],"inLanguage":"lv-LV"},{"@type":"Organization","@id":"https:\/\/www.hobstop.ee\/lv\/#organization","name":"Vunder AS","url":"https:\/\/www.hobstop.ee\/lv\/","logo":{"@type":"ImageObject","inLanguage":"lv-LV","@id":"https:\/\/www.hobstop.ee\/lv\/#\/schema\/logo\/image\/","url":"https:\/\/hobstop.ee\/media\/vunder-logo.png","contentUrl":"https:\/\/hobstop.ee\/media\/vunder-logo.png","width":127,"height":55,"caption":"Vunder AS"},"image":{"@id":"https:\/\/www.hobstop.ee\/lv\/#\/schema\/logo\/image\/"},"sameAs":["http:\/\/www.facebook.com\/VunderSkizze"]}]}},"_links":{"self":[{"href":"https:\/\/hobstop.ee\/lv\/wp-json\/wp\/v2\/product\/339570","targetHints":{"allow":["GET"]}}],"collection":[{"href":"https:\/\/hobstop.ee\/lv\/wp-json\/wp\/v2\/product"}],"about":[{"href":"https:\/\/hobstop.ee\/lv\/wp-json\/wp\/v2\/types\/product"}],"replies":[{"embeddable":true,"href":"https:\/\/hobstop.ee\/lv\/wp-json\/wp\/v2\/comments?post=339570"}],"wp:featuredmedia":[{"embeddable":true,"href":"https:\/\/hobstop.ee\/lv\/wp-json\/wp\/v2\/media\/353203"}],"wp:attachment":[{"href":"https:\/\/hobstop.ee\/lv\/wp-json\/wp\/v2\/media?parent=339570"}],"wp:term":[{"taxonomy":"product_cat","embeddable":true,"href":"https:\/\/hobstop.ee\/lv\/wp-json\/wp\/v2\/product_cat?post=339570"},{"taxonomy":"product_tag","embeddable":true,"href":"https:\/\/hobstop.ee\/lv\/wp-json\/wp\/v2\/product_tag?post=339570"}],"curies":[{"name":"wp","href":"https:\/\/api.w.org\/{rel}","templated":true}]}}