{"id":339574,"date":"2019-11-20T12:40:21","date_gmt":"2019-11-20T10:40:26","guid":{"rendered":"https:\/\/sharks.ee\/vunder_2019\/product\/kaligrafijas-tinte-manuscript-shimmerink-25ml\/"},"modified":"2019-11-20T12:40:26","modified_gmt":"2019-11-20T10:40:26","slug":"kaligrafijas-tinte-manuscript-shimmerink-25ml","status":"publish","type":"product","link":"https:\/\/hobstop.ee\/lv\/produkts\/kaligrafijas-tinte-manuscript-shimmerink-25ml\/","title":{"rendered":"Kaligr\u0101fijas tinte Manuscript ShimmerInk 25ml"},"content":{"rendered":"<p>Izmantojiet bag\u0101t\u012bgo Manuscript ShimmerInk kaligr\u0101fijas tinti, lai rad\u012btu mirdzo\u0161us rakstus. Piem\u0113rota izmanto\u0161anai ar spalvask\u0101tiem un ar\u012b aerogr\u0101fiem, iesp\u0113jas ir bezgal\u012bgas! \u0160\u012b tinte ir ide\u0101li piem\u0113rota m\u016bsdienu kaligr\u0101fijai vai, lai pie\u0161\u0137irtu dizainam nelielu dzirksti! Eleganti iepakota 25 ml pudel\u012bt\u0113. Izmantojot ar spalvask\u0101tu, ieteicams veikt regul\u0101ru t\u012br\u012b\u0161anu, lai nodro\u0161in\u0101tu vienm\u0113r\u012bgu tintes pl\u016bsmu.<\/p>\n","protected":false},"excerpt":{"rendered":"<p>Izmantojiet bag\u0101t\u012bgo Manuscript ShimmerInk kaligr\u0101fijas tinti, lai rad\u012btu mirdzo\u0161us rakstus. Piem\u0113rota izmanto\u0161anai ar spalvask\u0101tiem un ar\u012b aerogr\u0101fiem, iesp\u0113jas ir bezgal\u012bgas! \u0160\u012b tinte ir ide\u0101li piem\u0113rota m\u016bsdienu kaligr\u0101fijai vai, lai pie\u0161\u0137irtu dizainam nelielu dzirksti! Eleganti iepakota 25 ml pudel\u012bt\u0113. Izmantojot ar spalvask\u0101tu, ieteicams veikt regul\u0101ru t\u012br\u012b\u0161anu, lai nodro\u0161in\u0101tu vienm\u0113r\u012bgu tintes pl\u016bsmu.<\/p>\n","protected":false},"featured_media":353195,"comment_status":"closed","ping_status":"closed","template":"","meta":{"_acf_changed":false,"ep_exclude_from_search":false},"product_cat":[20361],"product_tag":[],"class_list":{"0":"post-339574","1":"product","2":"type-product","3":"status-publish","4":"has-post-thumbnail","6":"product_cat-maaramata","8":"first","9":"instock","10":"taxable","11":"shipping-taxable","12":"product-type-simple"},"acf":[],"yoast_head":"<!-- This site is optimized with the Yoast SEO plugin v24.1 - https:\/\/yoast.com\/wordpress\/plugins\/seo\/ -->\n<title>Kaligr\u0101fijas tinte Manuscript ShimmerInk 25ml &#8211; Skizze<\/title>\n<meta name=\"robots\" content=\"noindex, follow, max-snippet:-1, max-image-preview:large, max-video-preview:-1\" \/>\n<meta property=\"og:locale\" content=\"lv_LV\" \/>\n<meta property=\"og:type\" content=\"article\" \/>\n<meta property=\"og:title\" content=\"Kaligr\u0101fijas tinte Manuscript ShimmerInk 25ml &#8211; Skizze\" \/>\n<meta property=\"og:description\" content=\"Izmantojiet bag\u0101t\u012bgo Manuscript ShimmerInk kaligr\u0101fijas tinti, lai rad\u012btu mirdzo\u0161us rakstus. Piem\u0113rota izmanto\u0161anai ar spalvask\u0101tiem un ar\u012b aerogr\u0101fiem, iesp\u0113jas ir bezgal\u012bgas! \u0160\u012b tinte ir ide\u0101li piem\u0113rota m\u016bsdienu kaligr\u0101fijai vai, lai pie\u0161\u0137irtu dizainam nelielu dzirksti! Eleganti iepakota 25 ml pudel\u012bt\u0113. Izmantojot ar spalvask\u0101tu, ieteicams veikt regul\u0101ru t\u012br\u012b\u0161anu, lai nodro\u0161in\u0101tu vienm\u0113r\u012bgu tintes pl\u016bsmu.\" \/>\n<meta property=\"og:url\" content=\"https:\/\/hobstop.ee\/lv\/produkts\/kaligrafijas-tinte-manuscript-shimmerink-25ml\/\" \/>\n<meta property=\"og:site_name\" content=\"Skizze\" \/>\n<meta property=\"article:publisher\" content=\"http:\/\/www.facebook.com\/VunderSkizze\" \/>\n<meta property=\"og:image\" content=\"https:\/\/hobstop.ee\/media\/5045.jpg\" \/>\n\t<meta property=\"og:image:width\" content=\"1024\" \/>\n\t<meta property=\"og:image:height\" content=\"768\" \/>\n\t<meta property=\"og:image:type\" content=\"image\/jpeg\" \/>\n<meta name=\"twitter:card\" content=\"summary_large_image\" \/>\n<script type=\"application\/ld+json\" class=\"yoast-schema-graph\">{\"@context\":\"https:\/\/schema.org\",\"@graph\":[{\"@type\":\"WebPage\",\"@id\":\"https:\/\/hobstop.ee\/lv\/produkts\/kaligrafijas-tinte-manuscript-shimmerink-25ml\/\",\"url\":\"https:\/\/hobstop.ee\/lv\/produkts\/kaligrafijas-tinte-manuscript-shimmerink-25ml\/\",\"name\":\"Kaligr\u0101fijas tinte Manuscript ShimmerInk 25ml &#8211; Skizze\",\"isPartOf\":{\"@id\":\"https:\/\/hobstop.ee\/lv\/#website\"},\"primaryImageOfPage\":{\"@id\":\"https:\/\/hobstop.ee\/lv\/produkts\/kaligrafijas-tinte-manuscript-shimmerink-25ml\/#primaryimage\"},\"image\":{\"@id\":\"https:\/\/hobstop.ee\/lv\/produkts\/kaligrafijas-tinte-manuscript-shimmerink-25ml\/#primaryimage\"},\"thumbnailUrl\":\"https:\/\/hobstop.ee\/media\/5045.jpg\",\"datePublished\":\"2019-11-20T10:40:26+00:00\",\"dateModified\":\"2019-11-20T10:40:26+00:00\",\"breadcrumb\":{\"@id\":\"https:\/\/hobstop.ee\/lv\/produkts\/kaligrafijas-tinte-manuscript-shimmerink-25ml\/#breadcrumb\"},\"inLanguage\":\"lv-LV\",\"potentialAction\":[{\"@type\":\"ReadAction\",\"target\":[\"https:\/\/hobstop.ee\/lv\/produkts\/kaligrafijas-tinte-manuscript-shimmerink-25ml\/\"]}]},{\"@type\":\"ImageObject\",\"inLanguage\":\"lv-LV\",\"@id\":\"https:\/\/hobstop.ee\/lv\/produkts\/kaligrafijas-tinte-manuscript-shimmerink-25ml\/#primaryimage\",\"url\":\"https:\/\/hobstop.ee\/media\/5045.jpg\",\"contentUrl\":\"https:\/\/hobstop.ee\/media\/5045.jpg\",\"width\":1024,\"height\":768},{\"@type\":\"BreadcrumbList\",\"@id\":\"https:\/\/hobstop.ee\/lv\/produkts\/kaligrafijas-tinte-manuscript-shimmerink-25ml\/#breadcrumb\",\"itemListElement\":[{\"@type\":\"ListItem\",\"position\":1,\"name\":\"Avaleht\",\"item\":\"https:\/\/hobstop.ee\/lv\/\"},{\"@type\":\"ListItem\",\"position\":2,\"name\":\"Veikals\",\"item\":\"https:\/\/hobstop.ee\/lv\/veikals\/\"},{\"@type\":\"ListItem\",\"position\":3,\"name\":\"Kaligr\u0101fijas tinte Manuscript ShimmerInk 25ml\"}]},{\"@type\":\"WebSite\",\"@id\":\"https:\/\/hobstop.ee\/lv\/#website\",\"url\":\"https:\/\/hobstop.ee\/lv\/\",\"name\":\"Skizze\",\"description\":\"M\u0101kslas, hobiju un skolas preces\",\"publisher\":{\"@id\":\"https:\/\/hobstop.ee\/lv\/#organization\"},\"potentialAction\":[{\"@type\":\"SearchAction\",\"target\":{\"@type\":\"EntryPoint\",\"urlTemplate\":\"https:\/\/hobstop.ee\/lv\/?s={search_term_string}\"},\"query-input\":{\"@type\":\"PropertyValueSpecification\",\"valueRequired\":true,\"valueName\":\"search_term_string\"}}],\"inLanguage\":\"lv-LV\"},{\"@type\":\"Organization\",\"@id\":\"https:\/\/hobstop.ee\/lv\/#organization\",\"name\":\"Vunder AS\",\"url\":\"https:\/\/hobstop.ee\/lv\/\",\"logo\":{\"@type\":\"ImageObject\",\"inLanguage\":\"lv-LV\",\"@id\":\"https:\/\/hobstop.ee\/lv\/#\/schema\/logo\/image\/\",\"url\":\"https:\/\/hobstop.ee\/media\/vunder-logo.png\",\"contentUrl\":\"https:\/\/hobstop.ee\/media\/vunder-logo.png\",\"width\":127,\"height\":55,\"caption\":\"Vunder AS\"},\"image\":{\"@id\":\"https:\/\/hobstop.ee\/lv\/#\/schema\/logo\/image\/\"},\"sameAs\":[\"http:\/\/www.facebook.com\/VunderSkizze\"]}]}<\/script>\n<!-- \/ Yoast SEO plugin. -->","yoast_head_json":{"title":"Kaligr\u0101fijas tinte Manuscript ShimmerInk 25ml &#8211; Skizze","robots":{"index":"noindex","follow":"follow","max-snippet":"max-snippet:-1","max-image-preview":"max-image-preview:large","max-video-preview":"max-video-preview:-1"},"og_locale":"lv_LV","og_type":"article","og_title":"Kaligr\u0101fijas tinte Manuscript ShimmerInk 25ml &#8211; Skizze","og_description":"Izmantojiet bag\u0101t\u012bgo Manuscript ShimmerInk kaligr\u0101fijas tinti, lai rad\u012btu mirdzo\u0161us rakstus. Piem\u0113rota izmanto\u0161anai ar spalvask\u0101tiem un ar\u012b aerogr\u0101fiem, iesp\u0113jas ir bezgal\u012bgas! \u0160\u012b tinte ir ide\u0101li piem\u0113rota m\u016bsdienu kaligr\u0101fijai vai, lai pie\u0161\u0137irtu dizainam nelielu dzirksti! Eleganti iepakota 25 ml pudel\u012bt\u0113. Izmantojot ar spalvask\u0101tu, ieteicams veikt regul\u0101ru t\u012br\u012b\u0161anu, lai nodro\u0161in\u0101tu vienm\u0113r\u012bgu tintes pl\u016bsmu.","og_url":"https:\/\/hobstop.ee\/lv\/produkts\/kaligrafijas-tinte-manuscript-shimmerink-25ml\/","og_site_name":"Skizze","article_publisher":"http:\/\/www.facebook.com\/VunderSkizze","og_image":[{"width":1024,"height":768,"url":"https:\/\/hobstop.ee\/media\/5045.jpg","type":"image\/jpeg"}],"twitter_card":"summary_large_image","schema":{"@context":"https:\/\/schema.org","@graph":[{"@type":"WebPage","@id":"https:\/\/hobstop.ee\/lv\/produkts\/kaligrafijas-tinte-manuscript-shimmerink-25ml\/","url":"https:\/\/hobstop.ee\/lv\/produkts\/kaligrafijas-tinte-manuscript-shimmerink-25ml\/","name":"Kaligr\u0101fijas tinte Manuscript ShimmerInk 25ml &#8211; Skizze","isPartOf":{"@id":"https:\/\/hobstop.ee\/lv\/#website"},"primaryImageOfPage":{"@id":"https:\/\/hobstop.ee\/lv\/produkts\/kaligrafijas-tinte-manuscript-shimmerink-25ml\/#primaryimage"},"image":{"@id":"https:\/\/hobstop.ee\/lv\/produkts\/kaligrafijas-tinte-manuscript-shimmerink-25ml\/#primaryimage"},"thumbnailUrl":"https:\/\/hobstop.ee\/media\/5045.jpg","datePublished":"2019-11-20T10:40:26+00:00","dateModified":"2019-11-20T10:40:26+00:00","breadcrumb":{"@id":"https:\/\/hobstop.ee\/lv\/produkts\/kaligrafijas-tinte-manuscript-shimmerink-25ml\/#breadcrumb"},"inLanguage":"lv-LV","potentialAction":[{"@type":"ReadAction","target":["https:\/\/hobstop.ee\/lv\/produkts\/kaligrafijas-tinte-manuscript-shimmerink-25ml\/"]}]},{"@type":"ImageObject","inLanguage":"lv-LV","@id":"https:\/\/hobstop.ee\/lv\/produkts\/kaligrafijas-tinte-manuscript-shimmerink-25ml\/#primaryimage","url":"https:\/\/hobstop.ee\/media\/5045.jpg","contentUrl":"https:\/\/hobstop.ee\/media\/5045.jpg","width":1024,"height":768},{"@type":"BreadcrumbList","@id":"https:\/\/hobstop.ee\/lv\/produkts\/kaligrafijas-tinte-manuscript-shimmerink-25ml\/#breadcrumb","itemListElement":[{"@type":"ListItem","position":1,"name":"Avaleht","item":"https:\/\/hobstop.ee\/lv\/"},{"@type":"ListItem","position":2,"name":"Veikals","item":"https:\/\/hobstop.ee\/lv\/veikals\/"},{"@type":"ListItem","position":3,"name":"Kaligr\u0101fijas tinte Manuscript ShimmerInk 25ml"}]},{"@type":"WebSite","@id":"https:\/\/hobstop.ee\/lv\/#website","url":"https:\/\/hobstop.ee\/lv\/","name":"Skizze","description":"M\u0101kslas, hobiju un skolas preces","publisher":{"@id":"https:\/\/hobstop.ee\/lv\/#organization"},"potentialAction":[{"@type":"SearchAction","target":{"@type":"EntryPoint","urlTemplate":"https:\/\/hobstop.ee\/lv\/?s={search_term_string}"},"query-input":{"@type":"PropertyValueSpecification","valueRequired":true,"valueName":"search_term_string"}}],"inLanguage":"lv-LV"},{"@type":"Organization","@id":"https:\/\/hobstop.ee\/lv\/#organization","name":"Vunder AS","url":"https:\/\/hobstop.ee\/lv\/","logo":{"@type":"ImageObject","inLanguage":"lv-LV","@id":"https:\/\/hobstop.ee\/lv\/#\/schema\/logo\/image\/","url":"https:\/\/hobstop.ee\/media\/vunder-logo.png","contentUrl":"https:\/\/hobstop.ee\/media\/vunder-logo.png","width":127,"height":55,"caption":"Vunder AS"},"image":{"@id":"https:\/\/hobstop.ee\/lv\/#\/schema\/logo\/image\/"},"sameAs":["http:\/\/www.facebook.com\/VunderSkizze"]}]}},"_links":{"self":[{"href":"https:\/\/hobstop.ee\/lv\/wp-json\/wp\/v2\/product\/339574","targetHints":{"allow":["GET"]}}],"collection":[{"href":"https:\/\/hobstop.ee\/lv\/wp-json\/wp\/v2\/product"}],"about":[{"href":"https:\/\/hobstop.ee\/lv\/wp-json\/wp\/v2\/types\/product"}],"replies":[{"embeddable":true,"href":"https:\/\/hobstop.ee\/lv\/wp-json\/wp\/v2\/comments?post=339574"}],"wp:featuredmedia":[{"embeddable":true,"href":"https:\/\/hobstop.ee\/lv\/wp-json\/wp\/v2\/media\/353195"}],"wp:attachment":[{"href":"https:\/\/hobstop.ee\/lv\/wp-json\/wp\/v2\/media?parent=339574"}],"wp:term":[{"taxonomy":"product_cat","embeddable":true,"href":"https:\/\/hobstop.ee\/lv\/wp-json\/wp\/v2\/product_cat?post=339574"},{"taxonomy":"product_tag","embeddable":true,"href":"https:\/\/hobstop.ee\/lv\/wp-json\/wp\/v2\/product_tag?post=339574"}],"curies":[{"name":"wp","href":"https:\/\/api.w.org\/{rel}","templated":true}]}}