{"id":339582,"date":"2019-11-20T12:40:38","date_gmt":"2019-11-20T10:40:42","guid":{"rendered":"https:\/\/sharks.ee\/vunder_2019\/product\/universala-lime-aleenes-super-thick-tacky\/"},"modified":"2019-11-20T12:40:42","modified_gmt":"2019-11-20T10:40:42","slug":"universala-lime-aleenes-super-thick-tacky","status":"publish","type":"product","link":"https:\/\/hobstop.ee\/lv\/produkts\/universala-lime-aleenes-super-thick-tacky\/","title":{"rendered":"Univers\u0101l\u0101 l\u012bme Aleene&#8217;s Super Thick Tacky"},"content":{"rendered":"<p>L\u012bmes pistoles efekts bez karstuma! Super Thick Tacky Glue neticami biez\u0101 formula neizpl\u016bst, ar \u0101tru sa\u0137eri sal\u012bm\u0113 pat gr\u016bti l\u012bm\u0113jamus priek\u0161metus, padarot to lieliski piem\u0113rotu darbam gan ar mas\u012bviem, gan ar\u012b smalk\u0101kiem  priek\u0161metiem, kuriem nepiecie\u0161ama t\u016bl\u012bt\u0113ja iedarb\u012bba, lai tie paliktu sav\u0101 viet\u0101. \u0160\u012b univers\u0101l\u0101 l\u012bme iz\u017e\u016bst un iztur gan siltumu, gan aukstumu &#8211; \u0161\u012bs \u012bpa\u0161\u012bbas padara to par daudzpus\u012bgu un uzticamu da\u017e\u0101du projektu \u012bsteno\u0161anai. Ide\u0101la filca, ziedu putu, keramikas, akmens, stikls, audumu, \u0101das un da\u017e\u0101du rot\u0101jumu piestiprin\u0101\u0161anai.<\/p>\n<p>&#8211; Nav toksiska, uz \u016bdens b\u0101zes, lieliska alternat\u012bva l\u012bmes pistolei.<br \/>\n&#8211; Univers\u0101la izmanto\u0161ana.<br \/>\n&#8211; \u013boti bieza formula bez pilieniem.<br \/>\n&#8211; Salipina saskar\u0113 eso\u0161ie priek\u0161metus.<br \/>\n&#8211; Iztur\u012bga karstum\u0101 un aukstum\u0101.<br \/>\n&#8211; \u0100tra sa\u0137ere.<br \/>\n&#8211;  P\u0113c no\u017e\u016b\u0161anas k\u013c\u016bst caursp\u012bd\u012bga.<\/p>\n","protected":false},"excerpt":{"rendered":"<p>L\u012bmes pistoles efekts bez karstuma! Super Thick Tacky Glue neticami biez\u0101 formula neizpl\u016bst, ar \u0101tru sa\u0137eri sal\u012bm\u0113 pat gr\u016bti l\u012bm\u0113jamus priek\u0161metus, padarot to lieliski piem\u0113rotu darbam gan ar mas\u012bviem, gan ar\u012b smalk\u0101kiem priek\u0161metiem, kuriem nepiecie\u0161ama t\u016bl\u012bt\u0113ja iedarb\u012bba, lai tie paliktu sav\u0101 viet\u0101. \u0160\u012b univers\u0101l\u0101 l\u012bme iz\u017e\u016bst un iztur gan siltumu, gan aukstumu &#8211; \u0161\u012bs \u012bpa\u0161\u012bbas padara to par daudzpus\u012bgu un uzticamu da\u017e\u0101du projektu \u012bsteno\u0161anai. Ide\u0101la filca, ziedu putu, keramikas, akmens, stikls, audumu, \u0101das un da\u017e\u0101du rot\u0101jumu piestiprin\u0101\u0161anai. &#8211; Nav toksiska, uz \u016bdens b\u0101zes, lieliska alternat\u012bva l\u012bmes pistolei. &#8211; Univers\u0101la izmanto\u0161ana. &#8211; \u013boti bieza formula bez pilieniem. &#8211; Salipina saskar\u0113 eso\u0161ie priek\u0161metus. &#8211; Iztur\u012bga karstum\u0101 un aukstum\u0101. &#8211; \u0100tra sa\u0137ere. &#8211; P\u0113c no\u017e\u016b\u0161anas k\u013c\u016bst caursp\u012bd\u012bga.<\/p>\n","protected":false},"featured_media":353191,"comment_status":"closed","ping_status":"closed","template":"","meta":{"_acf_changed":false,"ep_exclude_from_search":false},"product_cat":[20361],"product_tag":[],"class_list":{"0":"post-339582","1":"product","2":"type-product","3":"status-publish","4":"has-post-thumbnail","6":"product_cat-maaramata","8":"first","9":"instock","10":"taxable","11":"shipping-taxable","12":"product-type-simple"},"acf":[],"yoast_head":"<!-- This site is optimized with the Yoast SEO plugin v24.1 - https:\/\/yoast.com\/wordpress\/plugins\/seo\/ -->\n<title>Univers\u0101l\u0101 l\u012bme Aleene&#039;s Super Thick Tacky &#8211; Skizze<\/title>\n<meta name=\"robots\" content=\"noindex, follow, max-snippet:-1, max-image-preview:large, max-video-preview:-1\" \/>\n<meta property=\"og:locale\" content=\"lv_LV\" \/>\n<meta property=\"og:type\" content=\"article\" \/>\n<meta property=\"og:title\" content=\"Univers\u0101l\u0101 l\u012bme Aleene&#039;s Super Thick Tacky &#8211; Skizze\" \/>\n<meta property=\"og:description\" content=\"L\u012bmes pistoles efekts bez karstuma! Super Thick Tacky Glue neticami biez\u0101 formula neizpl\u016bst, ar \u0101tru sa\u0137eri sal\u012bm\u0113 pat gr\u016bti l\u012bm\u0113jamus priek\u0161metus, padarot to lieliski piem\u0113rotu darbam gan ar mas\u012bviem, gan ar\u012b smalk\u0101kiem priek\u0161metiem, kuriem nepiecie\u0161ama t\u016bl\u012bt\u0113ja iedarb\u012bba, lai tie paliktu sav\u0101 viet\u0101. \u0160\u012b univers\u0101l\u0101 l\u012bme iz\u017e\u016bst un iztur gan siltumu, gan aukstumu &#8211; \u0161\u012bs \u012bpa\u0161\u012bbas padara to par daudzpus\u012bgu un uzticamu da\u017e\u0101du projektu \u012bsteno\u0161anai. Ide\u0101la filca, ziedu putu, keramikas, akmens, stikls, audumu, \u0101das un da\u017e\u0101du rot\u0101jumu piestiprin\u0101\u0161anai. &#8211; Nav toksiska, uz \u016bdens b\u0101zes, lieliska alternat\u012bva l\u012bmes pistolei. &#8211; Univers\u0101la izmanto\u0161ana. &#8211; \u013boti bieza formula bez pilieniem. &#8211; Salipina saskar\u0113 eso\u0161ie priek\u0161metus. &#8211; Iztur\u012bga karstum\u0101 un aukstum\u0101. &#8211; \u0100tra sa\u0137ere. &#8211; P\u0113c no\u017e\u016b\u0161anas k\u013c\u016bst caursp\u012bd\u012bga.\" \/>\n<meta property=\"og:url\" content=\"https:\/\/hobstop.ee\/lv\/produkts\/universala-lime-aleenes-super-thick-tacky\/\" \/>\n<meta property=\"og:site_name\" content=\"Skizze\" \/>\n<meta property=\"article:publisher\" content=\"http:\/\/www.facebook.com\/VunderSkizze\" \/>\n<meta property=\"og:image\" content=\"https:\/\/hobstop.ee\/media\/5047.jpg\" \/>\n\t<meta property=\"og:image:width\" content=\"1024\" \/>\n\t<meta property=\"og:image:height\" content=\"768\" \/>\n\t<meta property=\"og:image:type\" content=\"image\/jpeg\" \/>\n<meta name=\"twitter:card\" content=\"summary_large_image\" \/>\n<meta name=\"twitter:label1\" content=\"Est. reading time\" \/>\n\t<meta name=\"twitter:data1\" content=\"1 min\u016b\u0161u\" \/>\n<script type=\"application\/ld+json\" class=\"yoast-schema-graph\">{\"@context\":\"https:\/\/schema.org\",\"@graph\":[{\"@type\":\"WebPage\",\"@id\":\"https:\/\/hobstop.ee\/lv\/produkts\/universala-lime-aleenes-super-thick-tacky\/\",\"url\":\"https:\/\/hobstop.ee\/lv\/produkts\/universala-lime-aleenes-super-thick-tacky\/\",\"name\":\"Univers\u0101l\u0101 l\u012bme Aleene's Super Thick Tacky &#8211; Skizze\",\"isPartOf\":{\"@id\":\"https:\/\/hobstop.ee\/lv\/#website\"},\"primaryImageOfPage\":{\"@id\":\"https:\/\/hobstop.ee\/lv\/produkts\/universala-lime-aleenes-super-thick-tacky\/#primaryimage\"},\"image\":{\"@id\":\"https:\/\/hobstop.ee\/lv\/produkts\/universala-lime-aleenes-super-thick-tacky\/#primaryimage\"},\"thumbnailUrl\":\"https:\/\/hobstop.ee\/media\/5047.jpg\",\"datePublished\":\"2019-11-20T10:40:42+00:00\",\"dateModified\":\"2019-11-20T10:40:42+00:00\",\"breadcrumb\":{\"@id\":\"https:\/\/hobstop.ee\/lv\/produkts\/universala-lime-aleenes-super-thick-tacky\/#breadcrumb\"},\"inLanguage\":\"lv-LV\",\"potentialAction\":[{\"@type\":\"ReadAction\",\"target\":[\"https:\/\/hobstop.ee\/lv\/produkts\/universala-lime-aleenes-super-thick-tacky\/\"]}]},{\"@type\":\"ImageObject\",\"inLanguage\":\"lv-LV\",\"@id\":\"https:\/\/hobstop.ee\/lv\/produkts\/universala-lime-aleenes-super-thick-tacky\/#primaryimage\",\"url\":\"https:\/\/hobstop.ee\/media\/5047.jpg\",\"contentUrl\":\"https:\/\/hobstop.ee\/media\/5047.jpg\",\"width\":1024,\"height\":768},{\"@type\":\"BreadcrumbList\",\"@id\":\"https:\/\/hobstop.ee\/lv\/produkts\/universala-lime-aleenes-super-thick-tacky\/#breadcrumb\",\"itemListElement\":[{\"@type\":\"ListItem\",\"position\":1,\"name\":\"Avaleht\",\"item\":\"https:\/\/www.hobstop.ee\/lv\/\"},{\"@type\":\"ListItem\",\"position\":2,\"name\":\"Veikals\",\"item\":\"https:\/\/www.hobstop.ee\/lv\/veikals\/\"},{\"@type\":\"ListItem\",\"position\":3,\"name\":\"Univers\u0101l\u0101 l\u012bme Aleene&#8217;s Super Thick Tacky\"}]},{\"@type\":\"WebSite\",\"@id\":\"https:\/\/hobstop.ee\/lv\/#website\",\"url\":\"https:\/\/hobstop.ee\/lv\/\",\"name\":\"Skizze\",\"description\":\"M\u0101kslas, hobiju un skolas preces\",\"publisher\":{\"@id\":\"https:\/\/hobstop.ee\/lv\/#organization\"},\"potentialAction\":[{\"@type\":\"SearchAction\",\"target\":{\"@type\":\"EntryPoint\",\"urlTemplate\":\"https:\/\/hobstop.ee\/lv\/?s={search_term_string}\"},\"query-input\":{\"@type\":\"PropertyValueSpecification\",\"valueRequired\":true,\"valueName\":\"search_term_string\"}}],\"inLanguage\":\"lv-LV\"},{\"@type\":\"Organization\",\"@id\":\"https:\/\/hobstop.ee\/lv\/#organization\",\"name\":\"Vunder AS\",\"url\":\"https:\/\/hobstop.ee\/lv\/\",\"logo\":{\"@type\":\"ImageObject\",\"inLanguage\":\"lv-LV\",\"@id\":\"https:\/\/hobstop.ee\/lv\/#\/schema\/logo\/image\/\",\"url\":\"https:\/\/hobstop.ee\/media\/vunder-logo.png\",\"contentUrl\":\"https:\/\/hobstop.ee\/media\/vunder-logo.png\",\"width\":127,\"height\":55,\"caption\":\"Vunder AS\"},\"image\":{\"@id\":\"https:\/\/hobstop.ee\/lv\/#\/schema\/logo\/image\/\"},\"sameAs\":[\"http:\/\/www.facebook.com\/VunderSkizze\"]}]}<\/script>\n<!-- \/ Yoast SEO plugin. -->","yoast_head_json":{"title":"Univers\u0101l\u0101 l\u012bme Aleene's Super Thick Tacky &#8211; Skizze","robots":{"index":"noindex","follow":"follow","max-snippet":"max-snippet:-1","max-image-preview":"max-image-preview:large","max-video-preview":"max-video-preview:-1"},"og_locale":"lv_LV","og_type":"article","og_title":"Univers\u0101l\u0101 l\u012bme Aleene's Super Thick Tacky &#8211; Skizze","og_description":"L\u012bmes pistoles efekts bez karstuma! Super Thick Tacky Glue neticami biez\u0101 formula neizpl\u016bst, ar \u0101tru sa\u0137eri sal\u012bm\u0113 pat gr\u016bti l\u012bm\u0113jamus priek\u0161metus, padarot to lieliski piem\u0113rotu darbam gan ar mas\u012bviem, gan ar\u012b smalk\u0101kiem priek\u0161metiem, kuriem nepiecie\u0161ama t\u016bl\u012bt\u0113ja iedarb\u012bba, lai tie paliktu sav\u0101 viet\u0101. \u0160\u012b univers\u0101l\u0101 l\u012bme iz\u017e\u016bst un iztur gan siltumu, gan aukstumu &#8211; \u0161\u012bs \u012bpa\u0161\u012bbas padara to par daudzpus\u012bgu un uzticamu da\u017e\u0101du projektu \u012bsteno\u0161anai. Ide\u0101la filca, ziedu putu, keramikas, akmens, stikls, audumu, \u0101das un da\u017e\u0101du rot\u0101jumu piestiprin\u0101\u0161anai. &#8211; Nav toksiska, uz \u016bdens b\u0101zes, lieliska alternat\u012bva l\u012bmes pistolei. &#8211; Univers\u0101la izmanto\u0161ana. &#8211; \u013boti bieza formula bez pilieniem. &#8211; Salipina saskar\u0113 eso\u0161ie priek\u0161metus. &#8211; Iztur\u012bga karstum\u0101 un aukstum\u0101. &#8211; \u0100tra sa\u0137ere. &#8211; P\u0113c no\u017e\u016b\u0161anas k\u013c\u016bst caursp\u012bd\u012bga.","og_url":"https:\/\/hobstop.ee\/lv\/produkts\/universala-lime-aleenes-super-thick-tacky\/","og_site_name":"Skizze","article_publisher":"http:\/\/www.facebook.com\/VunderSkizze","og_image":[{"width":1024,"height":768,"url":"https:\/\/hobstop.ee\/media\/5047.jpg","type":"image\/jpeg"}],"twitter_card":"summary_large_image","twitter_misc":{"Est. reading time":"1 min\u016b\u0161u"},"schema":{"@context":"https:\/\/schema.org","@graph":[{"@type":"WebPage","@id":"https:\/\/hobstop.ee\/lv\/produkts\/universala-lime-aleenes-super-thick-tacky\/","url":"https:\/\/hobstop.ee\/lv\/produkts\/universala-lime-aleenes-super-thick-tacky\/","name":"Univers\u0101l\u0101 l\u012bme Aleene's Super Thick Tacky &#8211; Skizze","isPartOf":{"@id":"https:\/\/hobstop.ee\/lv\/#website"},"primaryImageOfPage":{"@id":"https:\/\/hobstop.ee\/lv\/produkts\/universala-lime-aleenes-super-thick-tacky\/#primaryimage"},"image":{"@id":"https:\/\/hobstop.ee\/lv\/produkts\/universala-lime-aleenes-super-thick-tacky\/#primaryimage"},"thumbnailUrl":"https:\/\/hobstop.ee\/media\/5047.jpg","datePublished":"2019-11-20T10:40:42+00:00","dateModified":"2019-11-20T10:40:42+00:00","breadcrumb":{"@id":"https:\/\/hobstop.ee\/lv\/produkts\/universala-lime-aleenes-super-thick-tacky\/#breadcrumb"},"inLanguage":"lv-LV","potentialAction":[{"@type":"ReadAction","target":["https:\/\/hobstop.ee\/lv\/produkts\/universala-lime-aleenes-super-thick-tacky\/"]}]},{"@type":"ImageObject","inLanguage":"lv-LV","@id":"https:\/\/hobstop.ee\/lv\/produkts\/universala-lime-aleenes-super-thick-tacky\/#primaryimage","url":"https:\/\/hobstop.ee\/media\/5047.jpg","contentUrl":"https:\/\/hobstop.ee\/media\/5047.jpg","width":1024,"height":768},{"@type":"BreadcrumbList","@id":"https:\/\/hobstop.ee\/lv\/produkts\/universala-lime-aleenes-super-thick-tacky\/#breadcrumb","itemListElement":[{"@type":"ListItem","position":1,"name":"Avaleht","item":"https:\/\/www.hobstop.ee\/lv\/"},{"@type":"ListItem","position":2,"name":"Veikals","item":"https:\/\/www.hobstop.ee\/lv\/veikals\/"},{"@type":"ListItem","position":3,"name":"Univers\u0101l\u0101 l\u012bme Aleene&#8217;s Super Thick Tacky"}]},{"@type":"WebSite","@id":"https:\/\/hobstop.ee\/lv\/#website","url":"https:\/\/hobstop.ee\/lv\/","name":"Skizze","description":"M\u0101kslas, hobiju un skolas preces","publisher":{"@id":"https:\/\/hobstop.ee\/lv\/#organization"},"potentialAction":[{"@type":"SearchAction","target":{"@type":"EntryPoint","urlTemplate":"https:\/\/hobstop.ee\/lv\/?s={search_term_string}"},"query-input":{"@type":"PropertyValueSpecification","valueRequired":true,"valueName":"search_term_string"}}],"inLanguage":"lv-LV"},{"@type":"Organization","@id":"https:\/\/hobstop.ee\/lv\/#organization","name":"Vunder AS","url":"https:\/\/hobstop.ee\/lv\/","logo":{"@type":"ImageObject","inLanguage":"lv-LV","@id":"https:\/\/hobstop.ee\/lv\/#\/schema\/logo\/image\/","url":"https:\/\/hobstop.ee\/media\/vunder-logo.png","contentUrl":"https:\/\/hobstop.ee\/media\/vunder-logo.png","width":127,"height":55,"caption":"Vunder AS"},"image":{"@id":"https:\/\/hobstop.ee\/lv\/#\/schema\/logo\/image\/"},"sameAs":["http:\/\/www.facebook.com\/VunderSkizze"]}]}},"_links":{"self":[{"href":"https:\/\/hobstop.ee\/lv\/wp-json\/wp\/v2\/product\/339582","targetHints":{"allow":["GET"]}}],"collection":[{"href":"https:\/\/hobstop.ee\/lv\/wp-json\/wp\/v2\/product"}],"about":[{"href":"https:\/\/hobstop.ee\/lv\/wp-json\/wp\/v2\/types\/product"}],"replies":[{"embeddable":true,"href":"https:\/\/hobstop.ee\/lv\/wp-json\/wp\/v2\/comments?post=339582"}],"wp:featuredmedia":[{"embeddable":true,"href":"https:\/\/hobstop.ee\/lv\/wp-json\/wp\/v2\/media\/353191"}],"wp:attachment":[{"href":"https:\/\/hobstop.ee\/lv\/wp-json\/wp\/v2\/media?parent=339582"}],"wp:term":[{"taxonomy":"product_cat","embeddable":true,"href":"https:\/\/hobstop.ee\/lv\/wp-json\/wp\/v2\/product_cat?post=339582"},{"taxonomy":"product_tag","embeddable":true,"href":"https:\/\/hobstop.ee\/lv\/wp-json\/wp\/v2\/product_tag?post=339582"}],"curies":[{"name":"wp","href":"https:\/\/api.w.org\/{rel}","templated":true}]}}