{"id":339586,"date":"2019-11-20T12:40:45","date_gmt":"2019-11-20T10:40:49","guid":{"rendered":"https:\/\/sharks.ee\/vunder_2019\/product\/universala-lime-aleenes-easy-flow-tacky\/"},"modified":"2019-11-20T12:40:49","modified_gmt":"2019-11-20T10:40:49","slug":"universala-lime-aleenes-easy-flow-tacky","status":"publish","type":"product","link":"https:\/\/hobstop.ee\/lv\/produkts\/universala-lime-aleenes-easy-flow-tacky\/","title":{"rendered":"Univers\u0101l\u0101 l\u012bme Aleene&#8217;s Easy Flow Tacky"},"content":{"rendered":"<p>Aleene&#8217;s Easy Flow Tacky Glue amatniekiem un br\u012bvm\u0101ksliniekiem pied\u0101v\u0101 t\u0101s pa\u0161as kvalit\u0101tes \u012bpa\u0161\u012bbas, kas pieejamas Original Tacky Glue, bet viegli uzkl\u0101jamas formulas veid\u0101. Lieliski piem\u0113rota masas veido\u0161anai. \u0160\u012bs smalk\u0101s formulas l\u012bme vienm\u0113r\u012bgi kl\u0101j\u0101s, bet no\u017e\u016bstot k\u013c\u016bst caursp\u012bd\u012bga un elast\u012bga bez as\u0101m mal\u0101m. Nav toksiska, ar neticami univers\u0101lu pielietojumu un izteikti stipr\u0101.<\/p>\n","protected":false},"excerpt":{"rendered":"<p>Aleene&#8217;s Easy Flow Tacky Glue amatniekiem un br\u012bvm\u0101ksliniekiem pied\u0101v\u0101 t\u0101s pa\u0161as kvalit\u0101tes \u012bpa\u0161\u012bbas, kas pieejamas Original Tacky Glue, bet viegli uzkl\u0101jamas formulas veid\u0101. Lieliski piem\u0113rota masas veido\u0161anai. \u0160\u012bs smalk\u0101s formulas l\u012bme vienm\u0113r\u012bgi kl\u0101j\u0101s, bet no\u017e\u016bstot k\u013c\u016bst caursp\u012bd\u012bga un elast\u012bga bez as\u0101m mal\u0101m. Nav toksiska, ar neticami univers\u0101lu pielietojumu un izteikti stipr\u0101.<\/p>\n","protected":false},"featured_media":353187,"comment_status":"closed","ping_status":"closed","template":"","meta":{"_acf_changed":false,"ep_exclude_from_search":false},"product_cat":[20361],"product_tag":[],"class_list":{"0":"post-339586","1":"product","2":"type-product","3":"status-publish","4":"has-post-thumbnail","6":"product_cat-maaramata","8":"first","9":"instock","10":"taxable","11":"shipping-taxable","12":"product-type-simple"},"acf":[],"yoast_head":"<!-- This site is optimized with the Yoast SEO plugin v24.1 - https:\/\/yoast.com\/wordpress\/plugins\/seo\/ -->\n<title>Univers\u0101l\u0101 l\u012bme Aleene&#039;s Easy Flow Tacky &#8211; Skizze<\/title>\n<meta name=\"robots\" content=\"noindex, follow, max-snippet:-1, max-image-preview:large, max-video-preview:-1\" \/>\n<meta property=\"og:locale\" content=\"lv_LV\" \/>\n<meta property=\"og:type\" content=\"article\" \/>\n<meta property=\"og:title\" content=\"Univers\u0101l\u0101 l\u012bme Aleene&#039;s Easy Flow Tacky &#8211; Skizze\" \/>\n<meta property=\"og:description\" content=\"Aleene&#8217;s Easy Flow Tacky Glue amatniekiem un br\u012bvm\u0101ksliniekiem pied\u0101v\u0101 t\u0101s pa\u0161as kvalit\u0101tes \u012bpa\u0161\u012bbas, kas pieejamas Original Tacky Glue, bet viegli uzkl\u0101jamas formulas veid\u0101. Lieliski piem\u0113rota masas veido\u0161anai. \u0160\u012bs smalk\u0101s formulas l\u012bme vienm\u0113r\u012bgi kl\u0101j\u0101s, bet no\u017e\u016bstot k\u013c\u016bst caursp\u012bd\u012bga un elast\u012bga bez as\u0101m mal\u0101m. Nav toksiska, ar neticami univers\u0101lu pielietojumu un izteikti stipr\u0101.\" \/>\n<meta property=\"og:url\" content=\"https:\/\/hobstop.ee\/lv\/produkts\/universala-lime-aleenes-easy-flow-tacky\/\" \/>\n<meta property=\"og:site_name\" content=\"Skizze\" \/>\n<meta property=\"article:publisher\" content=\"http:\/\/www.facebook.com\/VunderSkizze\" \/>\n<meta property=\"og:image\" content=\"https:\/\/hobstop.ee\/media\/5048.jpg\" \/>\n\t<meta property=\"og:image:width\" content=\"1024\" \/>\n\t<meta property=\"og:image:height\" content=\"768\" \/>\n\t<meta property=\"og:image:type\" content=\"image\/jpeg\" \/>\n<meta name=\"twitter:card\" content=\"summary_large_image\" \/>\n<script type=\"application\/ld+json\" class=\"yoast-schema-graph\">{\"@context\":\"https:\/\/schema.org\",\"@graph\":[{\"@type\":\"WebPage\",\"@id\":\"https:\/\/hobstop.ee\/lv\/produkts\/universala-lime-aleenes-easy-flow-tacky\/\",\"url\":\"https:\/\/hobstop.ee\/lv\/produkts\/universala-lime-aleenes-easy-flow-tacky\/\",\"name\":\"Univers\u0101l\u0101 l\u012bme Aleene's Easy Flow Tacky &#8211; Skizze\",\"isPartOf\":{\"@id\":\"https:\/\/hobstop.ee\/lv\/#website\"},\"primaryImageOfPage\":{\"@id\":\"https:\/\/hobstop.ee\/lv\/produkts\/universala-lime-aleenes-easy-flow-tacky\/#primaryimage\"},\"image\":{\"@id\":\"https:\/\/hobstop.ee\/lv\/produkts\/universala-lime-aleenes-easy-flow-tacky\/#primaryimage\"},\"thumbnailUrl\":\"https:\/\/hobstop.ee\/media\/5048.jpg\",\"datePublished\":\"2019-11-20T10:40:49+00:00\",\"dateModified\":\"2019-11-20T10:40:49+00:00\",\"breadcrumb\":{\"@id\":\"https:\/\/hobstop.ee\/lv\/produkts\/universala-lime-aleenes-easy-flow-tacky\/#breadcrumb\"},\"inLanguage\":\"lv-LV\",\"potentialAction\":[{\"@type\":\"ReadAction\",\"target\":[\"https:\/\/hobstop.ee\/lv\/produkts\/universala-lime-aleenes-easy-flow-tacky\/\"]}]},{\"@type\":\"ImageObject\",\"inLanguage\":\"lv-LV\",\"@id\":\"https:\/\/hobstop.ee\/lv\/produkts\/universala-lime-aleenes-easy-flow-tacky\/#primaryimage\",\"url\":\"https:\/\/hobstop.ee\/media\/5048.jpg\",\"contentUrl\":\"https:\/\/hobstop.ee\/media\/5048.jpg\",\"width\":1024,\"height\":768},{\"@type\":\"BreadcrumbList\",\"@id\":\"https:\/\/hobstop.ee\/lv\/produkts\/universala-lime-aleenes-easy-flow-tacky\/#breadcrumb\",\"itemListElement\":[{\"@type\":\"ListItem\",\"position\":1,\"name\":\"Avaleht\",\"item\":\"https:\/\/hobstop.ee\/lv\/\"},{\"@type\":\"ListItem\",\"position\":2,\"name\":\"Veikals\",\"item\":\"https:\/\/hobstop.ee\/lv\/veikals\/\"},{\"@type\":\"ListItem\",\"position\":3,\"name\":\"Univers\u0101l\u0101 l\u012bme Aleene&#8217;s Easy Flow Tacky\"}]},{\"@type\":\"WebSite\",\"@id\":\"https:\/\/hobstop.ee\/lv\/#website\",\"url\":\"https:\/\/hobstop.ee\/lv\/\",\"name\":\"Skizze\",\"description\":\"M\u0101kslas, hobiju un skolas preces\",\"publisher\":{\"@id\":\"https:\/\/hobstop.ee\/lv\/#organization\"},\"potentialAction\":[{\"@type\":\"SearchAction\",\"target\":{\"@type\":\"EntryPoint\",\"urlTemplate\":\"https:\/\/hobstop.ee\/lv\/?s={search_term_string}\"},\"query-input\":{\"@type\":\"PropertyValueSpecification\",\"valueRequired\":true,\"valueName\":\"search_term_string\"}}],\"inLanguage\":\"lv-LV\"},{\"@type\":\"Organization\",\"@id\":\"https:\/\/hobstop.ee\/lv\/#organization\",\"name\":\"Vunder AS\",\"url\":\"https:\/\/hobstop.ee\/lv\/\",\"logo\":{\"@type\":\"ImageObject\",\"inLanguage\":\"lv-LV\",\"@id\":\"https:\/\/hobstop.ee\/lv\/#\/schema\/logo\/image\/\",\"url\":\"https:\/\/hobstop.ee\/media\/vunder-logo.png\",\"contentUrl\":\"https:\/\/hobstop.ee\/media\/vunder-logo.png\",\"width\":127,\"height\":55,\"caption\":\"Vunder AS\"},\"image\":{\"@id\":\"https:\/\/hobstop.ee\/lv\/#\/schema\/logo\/image\/\"},\"sameAs\":[\"http:\/\/www.facebook.com\/VunderSkizze\"]}]}<\/script>\n<!-- \/ Yoast SEO plugin. -->","yoast_head_json":{"title":"Univers\u0101l\u0101 l\u012bme Aleene's Easy Flow Tacky &#8211; Skizze","robots":{"index":"noindex","follow":"follow","max-snippet":"max-snippet:-1","max-image-preview":"max-image-preview:large","max-video-preview":"max-video-preview:-1"},"og_locale":"lv_LV","og_type":"article","og_title":"Univers\u0101l\u0101 l\u012bme Aleene's Easy Flow Tacky &#8211; Skizze","og_description":"Aleene&#8217;s Easy Flow Tacky Glue amatniekiem un br\u012bvm\u0101ksliniekiem pied\u0101v\u0101 t\u0101s pa\u0161as kvalit\u0101tes \u012bpa\u0161\u012bbas, kas pieejamas Original Tacky Glue, bet viegli uzkl\u0101jamas formulas veid\u0101. Lieliski piem\u0113rota masas veido\u0161anai. \u0160\u012bs smalk\u0101s formulas l\u012bme vienm\u0113r\u012bgi kl\u0101j\u0101s, bet no\u017e\u016bstot k\u013c\u016bst caursp\u012bd\u012bga un elast\u012bga bez as\u0101m mal\u0101m. Nav toksiska, ar neticami univers\u0101lu pielietojumu un izteikti stipr\u0101.","og_url":"https:\/\/hobstop.ee\/lv\/produkts\/universala-lime-aleenes-easy-flow-tacky\/","og_site_name":"Skizze","article_publisher":"http:\/\/www.facebook.com\/VunderSkizze","og_image":[{"width":1024,"height":768,"url":"https:\/\/hobstop.ee\/media\/5048.jpg","type":"image\/jpeg"}],"twitter_card":"summary_large_image","schema":{"@context":"https:\/\/schema.org","@graph":[{"@type":"WebPage","@id":"https:\/\/hobstop.ee\/lv\/produkts\/universala-lime-aleenes-easy-flow-tacky\/","url":"https:\/\/hobstop.ee\/lv\/produkts\/universala-lime-aleenes-easy-flow-tacky\/","name":"Univers\u0101l\u0101 l\u012bme Aleene's Easy Flow Tacky &#8211; Skizze","isPartOf":{"@id":"https:\/\/hobstop.ee\/lv\/#website"},"primaryImageOfPage":{"@id":"https:\/\/hobstop.ee\/lv\/produkts\/universala-lime-aleenes-easy-flow-tacky\/#primaryimage"},"image":{"@id":"https:\/\/hobstop.ee\/lv\/produkts\/universala-lime-aleenes-easy-flow-tacky\/#primaryimage"},"thumbnailUrl":"https:\/\/hobstop.ee\/media\/5048.jpg","datePublished":"2019-11-20T10:40:49+00:00","dateModified":"2019-11-20T10:40:49+00:00","breadcrumb":{"@id":"https:\/\/hobstop.ee\/lv\/produkts\/universala-lime-aleenes-easy-flow-tacky\/#breadcrumb"},"inLanguage":"lv-LV","potentialAction":[{"@type":"ReadAction","target":["https:\/\/hobstop.ee\/lv\/produkts\/universala-lime-aleenes-easy-flow-tacky\/"]}]},{"@type":"ImageObject","inLanguage":"lv-LV","@id":"https:\/\/hobstop.ee\/lv\/produkts\/universala-lime-aleenes-easy-flow-tacky\/#primaryimage","url":"https:\/\/hobstop.ee\/media\/5048.jpg","contentUrl":"https:\/\/hobstop.ee\/media\/5048.jpg","width":1024,"height":768},{"@type":"BreadcrumbList","@id":"https:\/\/hobstop.ee\/lv\/produkts\/universala-lime-aleenes-easy-flow-tacky\/#breadcrumb","itemListElement":[{"@type":"ListItem","position":1,"name":"Avaleht","item":"https:\/\/hobstop.ee\/lv\/"},{"@type":"ListItem","position":2,"name":"Veikals","item":"https:\/\/hobstop.ee\/lv\/veikals\/"},{"@type":"ListItem","position":3,"name":"Univers\u0101l\u0101 l\u012bme Aleene&#8217;s Easy Flow Tacky"}]},{"@type":"WebSite","@id":"https:\/\/hobstop.ee\/lv\/#website","url":"https:\/\/hobstop.ee\/lv\/","name":"Skizze","description":"M\u0101kslas, hobiju un skolas preces","publisher":{"@id":"https:\/\/hobstop.ee\/lv\/#organization"},"potentialAction":[{"@type":"SearchAction","target":{"@type":"EntryPoint","urlTemplate":"https:\/\/hobstop.ee\/lv\/?s={search_term_string}"},"query-input":{"@type":"PropertyValueSpecification","valueRequired":true,"valueName":"search_term_string"}}],"inLanguage":"lv-LV"},{"@type":"Organization","@id":"https:\/\/hobstop.ee\/lv\/#organization","name":"Vunder AS","url":"https:\/\/hobstop.ee\/lv\/","logo":{"@type":"ImageObject","inLanguage":"lv-LV","@id":"https:\/\/hobstop.ee\/lv\/#\/schema\/logo\/image\/","url":"https:\/\/hobstop.ee\/media\/vunder-logo.png","contentUrl":"https:\/\/hobstop.ee\/media\/vunder-logo.png","width":127,"height":55,"caption":"Vunder AS"},"image":{"@id":"https:\/\/hobstop.ee\/lv\/#\/schema\/logo\/image\/"},"sameAs":["http:\/\/www.facebook.com\/VunderSkizze"]}]}},"_links":{"self":[{"href":"https:\/\/hobstop.ee\/lv\/wp-json\/wp\/v2\/product\/339586","targetHints":{"allow":["GET"]}}],"collection":[{"href":"https:\/\/hobstop.ee\/lv\/wp-json\/wp\/v2\/product"}],"about":[{"href":"https:\/\/hobstop.ee\/lv\/wp-json\/wp\/v2\/types\/product"}],"replies":[{"embeddable":true,"href":"https:\/\/hobstop.ee\/lv\/wp-json\/wp\/v2\/comments?post=339586"}],"wp:featuredmedia":[{"embeddable":true,"href":"https:\/\/hobstop.ee\/lv\/wp-json\/wp\/v2\/media\/353187"}],"wp:attachment":[{"href":"https:\/\/hobstop.ee\/lv\/wp-json\/wp\/v2\/media?parent=339586"}],"wp:term":[{"taxonomy":"product_cat","embeddable":true,"href":"https:\/\/hobstop.ee\/lv\/wp-json\/wp\/v2\/product_cat?post=339586"},{"taxonomy":"product_tag","embeddable":true,"href":"https:\/\/hobstop.ee\/lv\/wp-json\/wp\/v2\/product_tag?post=339586"}],"curies":[{"name":"wp","href":"https:\/\/api.w.org\/{rel}","templated":true}]}}