{"id":339590,"date":"2019-11-20T12:40:53","date_gmt":"2019-11-20T10:40:57","guid":{"rendered":"https:\/\/sharks.ee\/vunder_2019\/product\/auduma-lime-aleenes-no-sew\/"},"modified":"2019-11-20T12:40:57","modified_gmt":"2019-11-20T10:40:57","slug":"auduma-lime-aleenes-no-sew","status":"publish","type":"product","link":"https:\/\/hobstop.ee\/lv\/produkts\/auduma-lime-aleenes-no-sew\/","title":{"rendered":"Auduma l\u012bme Aleene&#8217;s No-Sew"},"content":{"rendered":"<p>Da\u017ereiz ir nepiecie\u0161ama neliela pal\u012bdz\u012bba, veicos \u0161\u016b\u0161anas darbus! Aleene\u2019s No-Sew Fabric Glue auduma l\u012bmei ir unik\u0101la formula, kas ir lieliski piem\u0113rota \u012bslaic\u012bgai izmanto\u0161anai \u0161\u016b\u0161anas laik\u0101. T\u0101 nesalipin\u0101s adatu un fiks\u0113ts savienotaj\u0101s vietas l\u012bdz mazg\u0101\u0161anas reizei, kas pal\u012bdz \u0161ujamajam materi\u0101lam palikt nevainojamam l\u012bdz darbs ir pabeigts. Ide\u0101li piem\u0113rota \u0161\u016b\u0161anai, izmanto\u0161anai uz audumiem, rot\u0101jumiem, aplik\u0101cij\u0101m un citiem apdares materi\u0101liem.<\/p>\n<p>&#8211; Pagaidu auduma l\u012bme &#8211; lieliski piem\u0113rota p\u012b\u0161anas vai \u0161\u016b\u0161anas darbiem.<br \/>\n&#8211; Dekorat\u012bvai amatniec\u012bbai gan no dab\u012bgiem, gan sint\u0113tiskiem audumiem.<br \/>\n&#8211; Nav toksiska.<br \/>\n&#8211; P\u0113c no\u017e\u016b\u0161anas k\u013c\u016bst caursp\u012bd\u012bga.<br \/>\n&#8211; Caursp\u012bd\u012bga l\u012bdz mazg\u0101\u0161anai<\/p>\n","protected":false},"excerpt":{"rendered":"<p>Da\u017ereiz ir nepiecie\u0161ama neliela pal\u012bdz\u012bba, veicos \u0161\u016b\u0161anas darbus! Aleene\u2019s No-Sew Fabric Glue auduma l\u012bmei ir unik\u0101la formula, kas ir lieliski piem\u0113rota \u012bslaic\u012bgai izmanto\u0161anai \u0161\u016b\u0161anas laik\u0101. T\u0101 nesalipin\u0101s adatu un fiks\u0113ts savienotaj\u0101s vietas l\u012bdz mazg\u0101\u0161anas reizei, kas pal\u012bdz \u0161ujamajam materi\u0101lam palikt nevainojamam l\u012bdz darbs ir pabeigts. Ide\u0101li piem\u0113rota \u0161\u016b\u0161anai, izmanto\u0161anai uz audumiem, rot\u0101jumiem, aplik\u0101cij\u0101m un citiem apdares materi\u0101liem. &#8211; Pagaidu auduma l\u012bme &#8211; lieliski piem\u0113rota p\u012b\u0161anas vai \u0161\u016b\u0161anas darbiem. &#8211; Dekorat\u012bvai amatniec\u012bbai gan no dab\u012bgiem, gan sint\u0113tiskiem audumiem. &#8211; Nav toksiska. &#8211; P\u0113c no\u017e\u016b\u0161anas k\u013c\u016bst caursp\u012bd\u012bga. &#8211; Caursp\u012bd\u012bga l\u012bdz mazg\u0101\u0161anai<\/p>\n","protected":false},"featured_media":353183,"comment_status":"closed","ping_status":"closed","template":"","meta":{"_acf_changed":false,"ep_exclude_from_search":false},"product_cat":[20361],"product_tag":[],"class_list":{"0":"post-339590","1":"product","2":"type-product","3":"status-publish","4":"has-post-thumbnail","6":"product_cat-maaramata","8":"first","9":"instock","10":"taxable","11":"shipping-taxable","12":"product-type-simple"},"acf":[],"yoast_head":"<!-- This site is optimized with the Yoast SEO plugin v24.1 - https:\/\/yoast.com\/wordpress\/plugins\/seo\/ -->\n<title>Auduma l\u012bme Aleene&#039;s No-Sew &#8211; Skizze<\/title>\n<meta name=\"robots\" content=\"noindex, follow, max-snippet:-1, max-image-preview:large, max-video-preview:-1\" \/>\n<meta property=\"og:locale\" content=\"lv_LV\" \/>\n<meta property=\"og:type\" content=\"article\" \/>\n<meta property=\"og:title\" content=\"Auduma l\u012bme Aleene&#039;s No-Sew &#8211; Skizze\" \/>\n<meta property=\"og:description\" content=\"Da\u017ereiz ir nepiecie\u0161ama neliela pal\u012bdz\u012bba, veicos \u0161\u016b\u0161anas darbus! Aleene\u2019s No-Sew Fabric Glue auduma l\u012bmei ir unik\u0101la formula, kas ir lieliski piem\u0113rota \u012bslaic\u012bgai izmanto\u0161anai \u0161\u016b\u0161anas laik\u0101. T\u0101 nesalipin\u0101s adatu un fiks\u0113ts savienotaj\u0101s vietas l\u012bdz mazg\u0101\u0161anas reizei, kas pal\u012bdz \u0161ujamajam materi\u0101lam palikt nevainojamam l\u012bdz darbs ir pabeigts. Ide\u0101li piem\u0113rota \u0161\u016b\u0161anai, izmanto\u0161anai uz audumiem, rot\u0101jumiem, aplik\u0101cij\u0101m un citiem apdares materi\u0101liem. &#8211; Pagaidu auduma l\u012bme &#8211; lieliski piem\u0113rota p\u012b\u0161anas vai \u0161\u016b\u0161anas darbiem. &#8211; Dekorat\u012bvai amatniec\u012bbai gan no dab\u012bgiem, gan sint\u0113tiskiem audumiem. &#8211; Nav toksiska. &#8211; P\u0113c no\u017e\u016b\u0161anas k\u013c\u016bst caursp\u012bd\u012bga. &#8211; Caursp\u012bd\u012bga l\u012bdz mazg\u0101\u0161anai\" \/>\n<meta property=\"og:url\" content=\"https:\/\/hobstop.ee\/lv\/produkts\/auduma-lime-aleenes-no-sew\/\" \/>\n<meta property=\"og:site_name\" content=\"Skizze\" \/>\n<meta property=\"article:publisher\" content=\"http:\/\/www.facebook.com\/VunderSkizze\" \/>\n<meta property=\"og:image\" content=\"https:\/\/hobstop.ee\/media\/5049.jpg\" \/>\n\t<meta property=\"og:image:width\" content=\"1024\" \/>\n\t<meta property=\"og:image:height\" content=\"768\" \/>\n\t<meta property=\"og:image:type\" content=\"image\/jpeg\" \/>\n<meta name=\"twitter:card\" content=\"summary_large_image\" \/>\n<meta name=\"twitter:label1\" content=\"Est. reading time\" \/>\n\t<meta name=\"twitter:data1\" content=\"1 min\u016b\u0161u\" \/>\n<script type=\"application\/ld+json\" class=\"yoast-schema-graph\">{\"@context\":\"https:\/\/schema.org\",\"@graph\":[{\"@type\":\"WebPage\",\"@id\":\"https:\/\/hobstop.ee\/lv\/produkts\/auduma-lime-aleenes-no-sew\/\",\"url\":\"https:\/\/hobstop.ee\/lv\/produkts\/auduma-lime-aleenes-no-sew\/\",\"name\":\"Auduma l\u012bme Aleene's No-Sew &#8211; Skizze\",\"isPartOf\":{\"@id\":\"https:\/\/www.hobstop.ee\/lv\/#website\"},\"primaryImageOfPage\":{\"@id\":\"https:\/\/hobstop.ee\/lv\/produkts\/auduma-lime-aleenes-no-sew\/#primaryimage\"},\"image\":{\"@id\":\"https:\/\/hobstop.ee\/lv\/produkts\/auduma-lime-aleenes-no-sew\/#primaryimage\"},\"thumbnailUrl\":\"https:\/\/hobstop.ee\/media\/5049.jpg\",\"datePublished\":\"2019-11-20T10:40:57+00:00\",\"dateModified\":\"2019-11-20T10:40:57+00:00\",\"breadcrumb\":{\"@id\":\"https:\/\/hobstop.ee\/lv\/produkts\/auduma-lime-aleenes-no-sew\/#breadcrumb\"},\"inLanguage\":\"lv-LV\",\"potentialAction\":[{\"@type\":\"ReadAction\",\"target\":[\"https:\/\/hobstop.ee\/lv\/produkts\/auduma-lime-aleenes-no-sew\/\"]}]},{\"@type\":\"ImageObject\",\"inLanguage\":\"lv-LV\",\"@id\":\"https:\/\/hobstop.ee\/lv\/produkts\/auduma-lime-aleenes-no-sew\/#primaryimage\",\"url\":\"https:\/\/hobstop.ee\/media\/5049.jpg\",\"contentUrl\":\"https:\/\/hobstop.ee\/media\/5049.jpg\",\"width\":1024,\"height\":768},{\"@type\":\"BreadcrumbList\",\"@id\":\"https:\/\/hobstop.ee\/lv\/produkts\/auduma-lime-aleenes-no-sew\/#breadcrumb\",\"itemListElement\":[{\"@type\":\"ListItem\",\"position\":1,\"name\":\"Avaleht\",\"item\":\"https:\/\/www.hobstop.ee\/lv\/\"},{\"@type\":\"ListItem\",\"position\":2,\"name\":\"Veikals\",\"item\":\"https:\/\/www.hobstop.ee\/lv\/veikals\/\"},{\"@type\":\"ListItem\",\"position\":3,\"name\":\"Auduma l\u012bme Aleene&#8217;s No-Sew\"}]},{\"@type\":\"WebSite\",\"@id\":\"https:\/\/www.hobstop.ee\/lv\/#website\",\"url\":\"https:\/\/www.hobstop.ee\/lv\/\",\"name\":\"Skizze\",\"description\":\"M\u0101kslas, hobiju un skolas preces\",\"publisher\":{\"@id\":\"https:\/\/www.hobstop.ee\/lv\/#organization\"},\"potentialAction\":[{\"@type\":\"SearchAction\",\"target\":{\"@type\":\"EntryPoint\",\"urlTemplate\":\"https:\/\/www.hobstop.ee\/lv\/?s={search_term_string}\"},\"query-input\":{\"@type\":\"PropertyValueSpecification\",\"valueRequired\":true,\"valueName\":\"search_term_string\"}}],\"inLanguage\":\"lv-LV\"},{\"@type\":\"Organization\",\"@id\":\"https:\/\/www.hobstop.ee\/lv\/#organization\",\"name\":\"Vunder AS\",\"url\":\"https:\/\/www.hobstop.ee\/lv\/\",\"logo\":{\"@type\":\"ImageObject\",\"inLanguage\":\"lv-LV\",\"@id\":\"https:\/\/www.hobstop.ee\/lv\/#\/schema\/logo\/image\/\",\"url\":\"https:\/\/hobstop.ee\/media\/vunder-logo.png\",\"contentUrl\":\"https:\/\/hobstop.ee\/media\/vunder-logo.png\",\"width\":127,\"height\":55,\"caption\":\"Vunder AS\"},\"image\":{\"@id\":\"https:\/\/www.hobstop.ee\/lv\/#\/schema\/logo\/image\/\"},\"sameAs\":[\"http:\/\/www.facebook.com\/VunderSkizze\"]}]}<\/script>\n<!-- \/ Yoast SEO plugin. -->","yoast_head_json":{"title":"Auduma l\u012bme Aleene's No-Sew &#8211; Skizze","robots":{"index":"noindex","follow":"follow","max-snippet":"max-snippet:-1","max-image-preview":"max-image-preview:large","max-video-preview":"max-video-preview:-1"},"og_locale":"lv_LV","og_type":"article","og_title":"Auduma l\u012bme Aleene's No-Sew &#8211; Skizze","og_description":"Da\u017ereiz ir nepiecie\u0161ama neliela pal\u012bdz\u012bba, veicos \u0161\u016b\u0161anas darbus! Aleene\u2019s No-Sew Fabric Glue auduma l\u012bmei ir unik\u0101la formula, kas ir lieliski piem\u0113rota \u012bslaic\u012bgai izmanto\u0161anai \u0161\u016b\u0161anas laik\u0101. T\u0101 nesalipin\u0101s adatu un fiks\u0113ts savienotaj\u0101s vietas l\u012bdz mazg\u0101\u0161anas reizei, kas pal\u012bdz \u0161ujamajam materi\u0101lam palikt nevainojamam l\u012bdz darbs ir pabeigts. Ide\u0101li piem\u0113rota \u0161\u016b\u0161anai, izmanto\u0161anai uz audumiem, rot\u0101jumiem, aplik\u0101cij\u0101m un citiem apdares materi\u0101liem. &#8211; Pagaidu auduma l\u012bme &#8211; lieliski piem\u0113rota p\u012b\u0161anas vai \u0161\u016b\u0161anas darbiem. &#8211; Dekorat\u012bvai amatniec\u012bbai gan no dab\u012bgiem, gan sint\u0113tiskiem audumiem. &#8211; Nav toksiska. &#8211; P\u0113c no\u017e\u016b\u0161anas k\u013c\u016bst caursp\u012bd\u012bga. &#8211; Caursp\u012bd\u012bga l\u012bdz mazg\u0101\u0161anai","og_url":"https:\/\/hobstop.ee\/lv\/produkts\/auduma-lime-aleenes-no-sew\/","og_site_name":"Skizze","article_publisher":"http:\/\/www.facebook.com\/VunderSkizze","og_image":[{"width":1024,"height":768,"url":"https:\/\/hobstop.ee\/media\/5049.jpg","type":"image\/jpeg"}],"twitter_card":"summary_large_image","twitter_misc":{"Est. reading time":"1 min\u016b\u0161u"},"schema":{"@context":"https:\/\/schema.org","@graph":[{"@type":"WebPage","@id":"https:\/\/hobstop.ee\/lv\/produkts\/auduma-lime-aleenes-no-sew\/","url":"https:\/\/hobstop.ee\/lv\/produkts\/auduma-lime-aleenes-no-sew\/","name":"Auduma l\u012bme Aleene's No-Sew &#8211; Skizze","isPartOf":{"@id":"https:\/\/www.hobstop.ee\/lv\/#website"},"primaryImageOfPage":{"@id":"https:\/\/hobstop.ee\/lv\/produkts\/auduma-lime-aleenes-no-sew\/#primaryimage"},"image":{"@id":"https:\/\/hobstop.ee\/lv\/produkts\/auduma-lime-aleenes-no-sew\/#primaryimage"},"thumbnailUrl":"https:\/\/hobstop.ee\/media\/5049.jpg","datePublished":"2019-11-20T10:40:57+00:00","dateModified":"2019-11-20T10:40:57+00:00","breadcrumb":{"@id":"https:\/\/hobstop.ee\/lv\/produkts\/auduma-lime-aleenes-no-sew\/#breadcrumb"},"inLanguage":"lv-LV","potentialAction":[{"@type":"ReadAction","target":["https:\/\/hobstop.ee\/lv\/produkts\/auduma-lime-aleenes-no-sew\/"]}]},{"@type":"ImageObject","inLanguage":"lv-LV","@id":"https:\/\/hobstop.ee\/lv\/produkts\/auduma-lime-aleenes-no-sew\/#primaryimage","url":"https:\/\/hobstop.ee\/media\/5049.jpg","contentUrl":"https:\/\/hobstop.ee\/media\/5049.jpg","width":1024,"height":768},{"@type":"BreadcrumbList","@id":"https:\/\/hobstop.ee\/lv\/produkts\/auduma-lime-aleenes-no-sew\/#breadcrumb","itemListElement":[{"@type":"ListItem","position":1,"name":"Avaleht","item":"https:\/\/www.hobstop.ee\/lv\/"},{"@type":"ListItem","position":2,"name":"Veikals","item":"https:\/\/www.hobstop.ee\/lv\/veikals\/"},{"@type":"ListItem","position":3,"name":"Auduma l\u012bme Aleene&#8217;s No-Sew"}]},{"@type":"WebSite","@id":"https:\/\/www.hobstop.ee\/lv\/#website","url":"https:\/\/www.hobstop.ee\/lv\/","name":"Skizze","description":"M\u0101kslas, hobiju un skolas preces","publisher":{"@id":"https:\/\/www.hobstop.ee\/lv\/#organization"},"potentialAction":[{"@type":"SearchAction","target":{"@type":"EntryPoint","urlTemplate":"https:\/\/www.hobstop.ee\/lv\/?s={search_term_string}"},"query-input":{"@type":"PropertyValueSpecification","valueRequired":true,"valueName":"search_term_string"}}],"inLanguage":"lv-LV"},{"@type":"Organization","@id":"https:\/\/www.hobstop.ee\/lv\/#organization","name":"Vunder AS","url":"https:\/\/www.hobstop.ee\/lv\/","logo":{"@type":"ImageObject","inLanguage":"lv-LV","@id":"https:\/\/www.hobstop.ee\/lv\/#\/schema\/logo\/image\/","url":"https:\/\/hobstop.ee\/media\/vunder-logo.png","contentUrl":"https:\/\/hobstop.ee\/media\/vunder-logo.png","width":127,"height":55,"caption":"Vunder AS"},"image":{"@id":"https:\/\/www.hobstop.ee\/lv\/#\/schema\/logo\/image\/"},"sameAs":["http:\/\/www.facebook.com\/VunderSkizze"]}]}},"_links":{"self":[{"href":"https:\/\/hobstop.ee\/lv\/wp-json\/wp\/v2\/product\/339590","targetHints":{"allow":["GET"]}}],"collection":[{"href":"https:\/\/hobstop.ee\/lv\/wp-json\/wp\/v2\/product"}],"about":[{"href":"https:\/\/hobstop.ee\/lv\/wp-json\/wp\/v2\/types\/product"}],"replies":[{"embeddable":true,"href":"https:\/\/hobstop.ee\/lv\/wp-json\/wp\/v2\/comments?post=339590"}],"wp:featuredmedia":[{"embeddable":true,"href":"https:\/\/hobstop.ee\/lv\/wp-json\/wp\/v2\/media\/353183"}],"wp:attachment":[{"href":"https:\/\/hobstop.ee\/lv\/wp-json\/wp\/v2\/media?parent=339590"}],"wp:term":[{"taxonomy":"product_cat","embeddable":true,"href":"https:\/\/hobstop.ee\/lv\/wp-json\/wp\/v2\/product_cat?post=339590"},{"taxonomy":"product_tag","embeddable":true,"href":"https:\/\/hobstop.ee\/lv\/wp-json\/wp\/v2\/product_tag?post=339590"}],"curies":[{"name":"wp","href":"https:\/\/api.w.org\/{rel}","templated":true}]}}