{"id":339594,"date":"2019-11-20T12:41:01","date_gmt":"2019-11-20T10:41:05","guid":{"rendered":"https:\/\/sharks.ee\/vunder_2019\/product\/auduma-lime-aleenes-tack-it-overover\/"},"modified":"2019-11-20T12:41:05","modified_gmt":"2019-11-20T10:41:05","slug":"auduma-lime-aleenes-tack-it-overover","status":"publish","type":"product","link":"https:\/\/hobstop.ee\/lv\/produkts\/auduma-lime-aleenes-tack-it-overover\/","title":{"rendered":"Auduma l\u012bme Aleene&#8217;s Tack-It Over&#038;Over"},"content":{"rendered":"<p>Vai esi k\u0101dreiz sap\u0146ojusi izrot\u0101t krekli\u0146u k\u0101dam \u012bpa\u0161am pas\u0101kumam vai rad\u012bt sv\u0113tku ap\u0123\u0113rbu, pievienojot tikai da\u017eus elementus? Par laimi ir pieejama Aleene\u2019s Tack-It Over&#038;Over &#8211; pagaidu l\u012bme, kas nodro\u0161ina \u012bslaic\u012bgu risin\u0101jumu da\u017e\u0101du elementu uzl\u012bm\u0113\u0161anai uz da\u017e\u0101d\u0101m virsm\u0101m, piem\u0113ram, aplik\u0101cijas, ap\u0161uvumus, pogas un daudz citu. Daudzpus\u012bg\u0101s izmanto\u0161anas iesp\u0113jas padara to par lielisku l\u012bdzekli pa\u0161darin\u0101tu l\u012bmes punkti\u0146u veido\u0161anai. Ide\u0101li piem\u0113rota aplik\u0101cij\u0101m, sp\u012bdumu, lent\u012b\u0161u, uz\u0161\u016btu elementu, met\u0101la, koka, pap\u012bra, plastmasas, stikla elementu stiprin\u0101\u0161anai un trafaretiem. Nav ieteicams izmantot uz z\u012bda, \u0101das, viskozes un poliestera.<\/p>\n<p>&#8211; Nodro\u0161ina \u012bslaic\u012bgu aplik\u0101ciju, apdares un cita veida materi\u0101lu piestiprin\u0101\u0161anu pie virsmas.<br \/>\n&#8211; Nav toksiska.<br \/>\n&#8211; Viegli no\u0146emama un atk\u0101rtoti izmantojama.<br \/>\n&#8211; P\u0113c no\u017e\u016b\u0161anas k\u013c\u016bst caursp\u012bd\u012bga un elast\u012bga.<br \/>\n&#8211; lieliska l\u012bmes punkti\u0146u veido\u0161anai<\/p>\n","protected":false},"excerpt":{"rendered":"<p>Vai esi k\u0101dreiz sap\u0146ojusi izrot\u0101t krekli\u0146u k\u0101dam \u012bpa\u0161am pas\u0101kumam vai rad\u012bt sv\u0113tku ap\u0123\u0113rbu, pievienojot tikai da\u017eus elementus? Par laimi ir pieejama Aleene\u2019s Tack-It Over&#038;Over &#8211; pagaidu l\u012bme, kas nodro\u0161ina \u012bslaic\u012bgu risin\u0101jumu da\u017e\u0101du elementu uzl\u012bm\u0113\u0161anai uz da\u017e\u0101d\u0101m virsm\u0101m, piem\u0113ram, aplik\u0101cijas, ap\u0161uvumus, pogas un daudz citu. Daudzpus\u012bg\u0101s izmanto\u0161anas iesp\u0113jas padara to par lielisku l\u012bdzekli pa\u0161darin\u0101tu l\u012bmes punkti\u0146u veido\u0161anai. Ide\u0101li piem\u0113rota aplik\u0101cij\u0101m, sp\u012bdumu, lent\u012b\u0161u, uz\u0161\u016btu elementu, met\u0101la, koka, pap\u012bra, plastmasas, stikla elementu stiprin\u0101\u0161anai un trafaretiem. Nav ieteicams izmantot uz z\u012bda, \u0101das, viskozes un poliestera. &#8211; Nodro\u0161ina \u012bslaic\u012bgu aplik\u0101ciju, apdares un cita veida materi\u0101lu piestiprin\u0101\u0161anu pie virsmas. &#8211; Nav toksiska. &#8211; Viegli no\u0146emama un atk\u0101rtoti izmantojama. &#8211; P\u0113c no\u017e\u016b\u0161anas k\u013c\u016bst caursp\u012bd\u012bga un elast\u012bga. &#8211; lieliska l\u012bmes punkti\u0146u veido\u0161anai<\/p>\n","protected":false},"featured_media":353179,"comment_status":"closed","ping_status":"closed","template":"","meta":{"_acf_changed":false,"ep_exclude_from_search":false},"product_cat":[20361],"product_tag":[],"class_list":{"0":"post-339594","1":"product","2":"type-product","3":"status-publish","4":"has-post-thumbnail","6":"product_cat-maaramata","8":"first","9":"instock","10":"taxable","11":"shipping-taxable","12":"product-type-simple"},"acf":[],"yoast_head":"<!-- This site is optimized with the Yoast SEO plugin v24.1 - https:\/\/yoast.com\/wordpress\/plugins\/seo\/ -->\n<title>Auduma l\u012bme Aleene&#039;s Tack-It Over&amp;Over &#8211; Skizze<\/title>\n<meta name=\"robots\" content=\"noindex, follow, max-snippet:-1, max-image-preview:large, max-video-preview:-1\" \/>\n<meta property=\"og:locale\" content=\"lv_LV\" \/>\n<meta property=\"og:type\" content=\"article\" \/>\n<meta property=\"og:title\" content=\"Auduma l\u012bme Aleene&#039;s Tack-It Over&amp;Over &#8211; Skizze\" \/>\n<meta property=\"og:description\" content=\"Vai esi k\u0101dreiz sap\u0146ojusi izrot\u0101t krekli\u0146u k\u0101dam \u012bpa\u0161am pas\u0101kumam vai rad\u012bt sv\u0113tku ap\u0123\u0113rbu, pievienojot tikai da\u017eus elementus? Par laimi ir pieejama Aleene\u2019s Tack-It Over&#038;Over &#8211; pagaidu l\u012bme, kas nodro\u0161ina \u012bslaic\u012bgu risin\u0101jumu da\u017e\u0101du elementu uzl\u012bm\u0113\u0161anai uz da\u017e\u0101d\u0101m virsm\u0101m, piem\u0113ram, aplik\u0101cijas, ap\u0161uvumus, pogas un daudz citu. Daudzpus\u012bg\u0101s izmanto\u0161anas iesp\u0113jas padara to par lielisku l\u012bdzekli pa\u0161darin\u0101tu l\u012bmes punkti\u0146u veido\u0161anai. Ide\u0101li piem\u0113rota aplik\u0101cij\u0101m, sp\u012bdumu, lent\u012b\u0161u, uz\u0161\u016btu elementu, met\u0101la, koka, pap\u012bra, plastmasas, stikla elementu stiprin\u0101\u0161anai un trafaretiem. Nav ieteicams izmantot uz z\u012bda, \u0101das, viskozes un poliestera. &#8211; Nodro\u0161ina \u012bslaic\u012bgu aplik\u0101ciju, apdares un cita veida materi\u0101lu piestiprin\u0101\u0161anu pie virsmas. &#8211; Nav toksiska. &#8211; Viegli no\u0146emama un atk\u0101rtoti izmantojama. &#8211; P\u0113c no\u017e\u016b\u0161anas k\u013c\u016bst caursp\u012bd\u012bga un elast\u012bga. &#8211; lieliska l\u012bmes punkti\u0146u veido\u0161anai\" \/>\n<meta property=\"og:url\" content=\"https:\/\/hobstop.ee\/lv\/produkts\/auduma-lime-aleenes-tack-it-overover\/\" \/>\n<meta property=\"og:site_name\" content=\"Skizze\" \/>\n<meta property=\"article:publisher\" content=\"http:\/\/www.facebook.com\/VunderSkizze\" \/>\n<meta property=\"og:image\" content=\"https:\/\/hobstop.ee\/media\/5050.jpg\" \/>\n\t<meta property=\"og:image:width\" content=\"1024\" \/>\n\t<meta property=\"og:image:height\" content=\"768\" \/>\n\t<meta property=\"og:image:type\" content=\"image\/jpeg\" \/>\n<meta name=\"twitter:card\" content=\"summary_large_image\" \/>\n<meta name=\"twitter:label1\" content=\"Est. reading time\" \/>\n\t<meta name=\"twitter:data1\" content=\"1 min\u016b\u0161u\" \/>\n<script type=\"application\/ld+json\" class=\"yoast-schema-graph\">{\"@context\":\"https:\/\/schema.org\",\"@graph\":[{\"@type\":\"WebPage\",\"@id\":\"https:\/\/hobstop.ee\/lv\/produkts\/auduma-lime-aleenes-tack-it-overover\/\",\"url\":\"https:\/\/hobstop.ee\/lv\/produkts\/auduma-lime-aleenes-tack-it-overover\/\",\"name\":\"Auduma l\u012bme Aleene's Tack-It Over&Over &#8211; Skizze\",\"isPartOf\":{\"@id\":\"https:\/\/www.hobstop.ee\/lv\/#website\"},\"primaryImageOfPage\":{\"@id\":\"https:\/\/hobstop.ee\/lv\/produkts\/auduma-lime-aleenes-tack-it-overover\/#primaryimage\"},\"image\":{\"@id\":\"https:\/\/hobstop.ee\/lv\/produkts\/auduma-lime-aleenes-tack-it-overover\/#primaryimage\"},\"thumbnailUrl\":\"https:\/\/hobstop.ee\/media\/5050.jpg\",\"datePublished\":\"2019-11-20T10:41:05+00:00\",\"dateModified\":\"2019-11-20T10:41:05+00:00\",\"breadcrumb\":{\"@id\":\"https:\/\/hobstop.ee\/lv\/produkts\/auduma-lime-aleenes-tack-it-overover\/#breadcrumb\"},\"inLanguage\":\"lv-LV\",\"potentialAction\":[{\"@type\":\"ReadAction\",\"target\":[\"https:\/\/hobstop.ee\/lv\/produkts\/auduma-lime-aleenes-tack-it-overover\/\"]}]},{\"@type\":\"ImageObject\",\"inLanguage\":\"lv-LV\",\"@id\":\"https:\/\/hobstop.ee\/lv\/produkts\/auduma-lime-aleenes-tack-it-overover\/#primaryimage\",\"url\":\"https:\/\/hobstop.ee\/media\/5050.jpg\",\"contentUrl\":\"https:\/\/hobstop.ee\/media\/5050.jpg\",\"width\":1024,\"height\":768},{\"@type\":\"BreadcrumbList\",\"@id\":\"https:\/\/hobstop.ee\/lv\/produkts\/auduma-lime-aleenes-tack-it-overover\/#breadcrumb\",\"itemListElement\":[{\"@type\":\"ListItem\",\"position\":1,\"name\":\"Avaleht\",\"item\":\"https:\/\/www.hobstop.ee\/lv\/\"},{\"@type\":\"ListItem\",\"position\":2,\"name\":\"Veikals\",\"item\":\"https:\/\/www.hobstop.ee\/lv\/veikals\/\"},{\"@type\":\"ListItem\",\"position\":3,\"name\":\"Auduma l\u012bme Aleene&#8217;s Tack-It Over&#038;Over\"}]},{\"@type\":\"WebSite\",\"@id\":\"https:\/\/www.hobstop.ee\/lv\/#website\",\"url\":\"https:\/\/www.hobstop.ee\/lv\/\",\"name\":\"Skizze\",\"description\":\"M\u0101kslas, hobiju un skolas preces\",\"publisher\":{\"@id\":\"https:\/\/www.hobstop.ee\/lv\/#organization\"},\"potentialAction\":[{\"@type\":\"SearchAction\",\"target\":{\"@type\":\"EntryPoint\",\"urlTemplate\":\"https:\/\/www.hobstop.ee\/lv\/?s={search_term_string}\"},\"query-input\":{\"@type\":\"PropertyValueSpecification\",\"valueRequired\":true,\"valueName\":\"search_term_string\"}}],\"inLanguage\":\"lv-LV\"},{\"@type\":\"Organization\",\"@id\":\"https:\/\/www.hobstop.ee\/lv\/#organization\",\"name\":\"Vunder AS\",\"url\":\"https:\/\/www.hobstop.ee\/lv\/\",\"logo\":{\"@type\":\"ImageObject\",\"inLanguage\":\"lv-LV\",\"@id\":\"https:\/\/www.hobstop.ee\/lv\/#\/schema\/logo\/image\/\",\"url\":\"https:\/\/hobstop.ee\/media\/vunder-logo.png\",\"contentUrl\":\"https:\/\/hobstop.ee\/media\/vunder-logo.png\",\"width\":127,\"height\":55,\"caption\":\"Vunder AS\"},\"image\":{\"@id\":\"https:\/\/www.hobstop.ee\/lv\/#\/schema\/logo\/image\/\"},\"sameAs\":[\"http:\/\/www.facebook.com\/VunderSkizze\"]}]}<\/script>\n<!-- \/ Yoast SEO plugin. -->","yoast_head_json":{"title":"Auduma l\u012bme Aleene's Tack-It Over&Over &#8211; Skizze","robots":{"index":"noindex","follow":"follow","max-snippet":"max-snippet:-1","max-image-preview":"max-image-preview:large","max-video-preview":"max-video-preview:-1"},"og_locale":"lv_LV","og_type":"article","og_title":"Auduma l\u012bme Aleene's Tack-It Over&Over &#8211; Skizze","og_description":"Vai esi k\u0101dreiz sap\u0146ojusi izrot\u0101t krekli\u0146u k\u0101dam \u012bpa\u0161am pas\u0101kumam vai rad\u012bt sv\u0113tku ap\u0123\u0113rbu, pievienojot tikai da\u017eus elementus? Par laimi ir pieejama Aleene\u2019s Tack-It Over&#038;Over &#8211; pagaidu l\u012bme, kas nodro\u0161ina \u012bslaic\u012bgu risin\u0101jumu da\u017e\u0101du elementu uzl\u012bm\u0113\u0161anai uz da\u017e\u0101d\u0101m virsm\u0101m, piem\u0113ram, aplik\u0101cijas, ap\u0161uvumus, pogas un daudz citu. Daudzpus\u012bg\u0101s izmanto\u0161anas iesp\u0113jas padara to par lielisku l\u012bdzekli pa\u0161darin\u0101tu l\u012bmes punkti\u0146u veido\u0161anai. Ide\u0101li piem\u0113rota aplik\u0101cij\u0101m, sp\u012bdumu, lent\u012b\u0161u, uz\u0161\u016btu elementu, met\u0101la, koka, pap\u012bra, plastmasas, stikla elementu stiprin\u0101\u0161anai un trafaretiem. Nav ieteicams izmantot uz z\u012bda, \u0101das, viskozes un poliestera. &#8211; Nodro\u0161ina \u012bslaic\u012bgu aplik\u0101ciju, apdares un cita veida materi\u0101lu piestiprin\u0101\u0161anu pie virsmas. &#8211; Nav toksiska. &#8211; Viegli no\u0146emama un atk\u0101rtoti izmantojama. &#8211; P\u0113c no\u017e\u016b\u0161anas k\u013c\u016bst caursp\u012bd\u012bga un elast\u012bga. &#8211; lieliska l\u012bmes punkti\u0146u veido\u0161anai","og_url":"https:\/\/hobstop.ee\/lv\/produkts\/auduma-lime-aleenes-tack-it-overover\/","og_site_name":"Skizze","article_publisher":"http:\/\/www.facebook.com\/VunderSkizze","og_image":[{"width":1024,"height":768,"url":"https:\/\/hobstop.ee\/media\/5050.jpg","type":"image\/jpeg"}],"twitter_card":"summary_large_image","twitter_misc":{"Est. reading time":"1 min\u016b\u0161u"},"schema":{"@context":"https:\/\/schema.org","@graph":[{"@type":"WebPage","@id":"https:\/\/hobstop.ee\/lv\/produkts\/auduma-lime-aleenes-tack-it-overover\/","url":"https:\/\/hobstop.ee\/lv\/produkts\/auduma-lime-aleenes-tack-it-overover\/","name":"Auduma l\u012bme Aleene's Tack-It Over&Over &#8211; Skizze","isPartOf":{"@id":"https:\/\/www.hobstop.ee\/lv\/#website"},"primaryImageOfPage":{"@id":"https:\/\/hobstop.ee\/lv\/produkts\/auduma-lime-aleenes-tack-it-overover\/#primaryimage"},"image":{"@id":"https:\/\/hobstop.ee\/lv\/produkts\/auduma-lime-aleenes-tack-it-overover\/#primaryimage"},"thumbnailUrl":"https:\/\/hobstop.ee\/media\/5050.jpg","datePublished":"2019-11-20T10:41:05+00:00","dateModified":"2019-11-20T10:41:05+00:00","breadcrumb":{"@id":"https:\/\/hobstop.ee\/lv\/produkts\/auduma-lime-aleenes-tack-it-overover\/#breadcrumb"},"inLanguage":"lv-LV","potentialAction":[{"@type":"ReadAction","target":["https:\/\/hobstop.ee\/lv\/produkts\/auduma-lime-aleenes-tack-it-overover\/"]}]},{"@type":"ImageObject","inLanguage":"lv-LV","@id":"https:\/\/hobstop.ee\/lv\/produkts\/auduma-lime-aleenes-tack-it-overover\/#primaryimage","url":"https:\/\/hobstop.ee\/media\/5050.jpg","contentUrl":"https:\/\/hobstop.ee\/media\/5050.jpg","width":1024,"height":768},{"@type":"BreadcrumbList","@id":"https:\/\/hobstop.ee\/lv\/produkts\/auduma-lime-aleenes-tack-it-overover\/#breadcrumb","itemListElement":[{"@type":"ListItem","position":1,"name":"Avaleht","item":"https:\/\/www.hobstop.ee\/lv\/"},{"@type":"ListItem","position":2,"name":"Veikals","item":"https:\/\/www.hobstop.ee\/lv\/veikals\/"},{"@type":"ListItem","position":3,"name":"Auduma l\u012bme Aleene&#8217;s Tack-It Over&#038;Over"}]},{"@type":"WebSite","@id":"https:\/\/www.hobstop.ee\/lv\/#website","url":"https:\/\/www.hobstop.ee\/lv\/","name":"Skizze","description":"M\u0101kslas, hobiju un skolas preces","publisher":{"@id":"https:\/\/www.hobstop.ee\/lv\/#organization"},"potentialAction":[{"@type":"SearchAction","target":{"@type":"EntryPoint","urlTemplate":"https:\/\/www.hobstop.ee\/lv\/?s={search_term_string}"},"query-input":{"@type":"PropertyValueSpecification","valueRequired":true,"valueName":"search_term_string"}}],"inLanguage":"lv-LV"},{"@type":"Organization","@id":"https:\/\/www.hobstop.ee\/lv\/#organization","name":"Vunder AS","url":"https:\/\/www.hobstop.ee\/lv\/","logo":{"@type":"ImageObject","inLanguage":"lv-LV","@id":"https:\/\/www.hobstop.ee\/lv\/#\/schema\/logo\/image\/","url":"https:\/\/hobstop.ee\/media\/vunder-logo.png","contentUrl":"https:\/\/hobstop.ee\/media\/vunder-logo.png","width":127,"height":55,"caption":"Vunder AS"},"image":{"@id":"https:\/\/www.hobstop.ee\/lv\/#\/schema\/logo\/image\/"},"sameAs":["http:\/\/www.facebook.com\/VunderSkizze"]}]}},"_links":{"self":[{"href":"https:\/\/hobstop.ee\/lv\/wp-json\/wp\/v2\/product\/339594","targetHints":{"allow":["GET"]}}],"collection":[{"href":"https:\/\/hobstop.ee\/lv\/wp-json\/wp\/v2\/product"}],"about":[{"href":"https:\/\/hobstop.ee\/lv\/wp-json\/wp\/v2\/types\/product"}],"replies":[{"embeddable":true,"href":"https:\/\/hobstop.ee\/lv\/wp-json\/wp\/v2\/comments?post=339594"}],"wp:featuredmedia":[{"embeddable":true,"href":"https:\/\/hobstop.ee\/lv\/wp-json\/wp\/v2\/media\/353179"}],"wp:attachment":[{"href":"https:\/\/hobstop.ee\/lv\/wp-json\/wp\/v2\/media?parent=339594"}],"wp:term":[{"taxonomy":"product_cat","embeddable":true,"href":"https:\/\/hobstop.ee\/lv\/wp-json\/wp\/v2\/product_cat?post=339594"},{"taxonomy":"product_tag","embeddable":true,"href":"https:\/\/hobstop.ee\/lv\/wp-json\/wp\/v2\/product_tag?post=339594"}],"curies":[{"name":"wp","href":"https:\/\/api.w.org\/{rel}","templated":true}]}}