{"id":339598,"date":"2019-11-20T12:41:09","date_gmt":"2019-11-20T10:41:13","guid":{"rendered":"https:\/\/sharks.ee\/vunder_2019\/product\/rupnieciska-lime-aleenes-super-gel\/"},"modified":"2019-11-20T12:41:13","modified_gmt":"2019-11-20T10:41:13","slug":"rupnieciska-lime-aleenes-super-gel","status":"publish","type":"product","link":"https:\/\/hobstop.ee\/lv\/produkts\/rupnieciska-lime-aleenes-super-gel\/","title":{"rendered":"R\u016bpniecisk\u0101 l\u012bme Aleene&#8217;s Super Gel"},"content":{"rendered":"<p>Kur\u0161 gan nev\u0113l\u0113tos izmantot \u012bpa\u0161i sp\u0113c\u012bgu univers\u0101lo l\u012bmi, kuru var izmantot gandr\u012bz it visur?! Aleene Super Gel l\u012bme darbojas gan uz porain\u0101m, gan da\u013c\u0113ji porain\u0101m virsm\u0101m, t\u0101d\u0113j\u0101di k\u013c\u016bstot to par vien\u012bgo l\u012bmi, kas nepiecie\u0161ama da\u017e\u0101diem apjom\u012bgiem projektiem un remontdarbiem. Ide\u0101li piem\u0113rota rotasliet\u0101m, keramikai, kokam, \u0101dai, met\u0101lam, gumijai un plastmasai. Novietojiet \u0161\u012bs t\u016bbi\u0146as instrumentu kast\u0113, ce\u013cojumu som\u0101 vai cit\u0101, \u0113rti pieejam\u0101 viet\u0101.<\/p>\n<p>&#8211; Komplekt\u0101 tr\u012bs mazas 3 ml t\u016bbi\u0146as, kuras lieliski ietilpst atvilktn\u0113, rokassomi\u0146\u0101 un instrumentu kast\u0113.<br \/>\n&#8211; Pie porainiem un da\u013c\u0113ji porainiem materi\u0101liem piestiprin\u0101s da\u017eu sekun\u017eu laik\u0101.<br \/>\n&#8211; \u012apa\u0161i stipra.<br \/>\n&#8211; Permanenta.<br \/>\n&#8211; Kad no\u017e\u016bst, caursp\u012bd\u012bga.<br \/>\n&#8211; Bieza formula, kas nepil.<br \/>\n&#8211; \u016adens un UV iztur\u012bga.<\/p>\n","protected":false},"excerpt":{"rendered":"<p>Kur\u0161 gan nev\u0113l\u0113tos izmantot \u012bpa\u0161i sp\u0113c\u012bgu univers\u0101lo l\u012bmi, kuru var izmantot gandr\u012bz it visur?! Aleene Super Gel l\u012bme darbojas gan uz porain\u0101m, gan da\u013c\u0113ji porain\u0101m virsm\u0101m, t\u0101d\u0113j\u0101di k\u013c\u016bstot to par vien\u012bgo l\u012bmi, kas nepiecie\u0161ama da\u017e\u0101diem apjom\u012bgiem projektiem un remontdarbiem. Ide\u0101li piem\u0113rota rotasliet\u0101m, keramikai, kokam, \u0101dai, met\u0101lam, gumijai un plastmasai. Novietojiet \u0161\u012bs t\u016bbi\u0146as instrumentu kast\u0113, ce\u013cojumu som\u0101 vai cit\u0101, \u0113rti pieejam\u0101 viet\u0101. &#8211; Komplekt\u0101 tr\u012bs mazas 3 ml t\u016bbi\u0146as, kuras lieliski ietilpst atvilktn\u0113, rokassomi\u0146\u0101 un instrumentu kast\u0113. &#8211; Pie porainiem un da\u013c\u0113ji porainiem materi\u0101liem piestiprin\u0101s da\u017eu sekun\u017eu laik\u0101. &#8211; \u012apa\u0161i stipra. &#8211; Permanenta. &#8211; Kad no\u017e\u016bst, caursp\u012bd\u012bga. &#8211; Bieza formula, kas nepil. &#8211; \u016adens un UV iztur\u012bga.<\/p>\n","protected":false},"featured_media":353175,"comment_status":"closed","ping_status":"closed","template":"","meta":{"_acf_changed":false,"ep_exclude_from_search":false},"product_cat":[20361],"product_tag":[],"class_list":{"0":"post-339598","1":"product","2":"type-product","3":"status-publish","4":"has-post-thumbnail","6":"product_cat-maaramata","8":"first","9":"instock","10":"taxable","11":"shipping-taxable","12":"product-type-simple"},"acf":[],"yoast_head":"<!-- This site is optimized with the Yoast SEO plugin v24.1 - https:\/\/yoast.com\/wordpress\/plugins\/seo\/ -->\n<title>R\u016bpniecisk\u0101 l\u012bme Aleene&#039;s Super Gel &#8211; Skizze<\/title>\n<meta name=\"robots\" content=\"noindex, follow, max-snippet:-1, max-image-preview:large, max-video-preview:-1\" \/>\n<meta property=\"og:locale\" content=\"lv_LV\" \/>\n<meta property=\"og:type\" content=\"article\" \/>\n<meta property=\"og:title\" content=\"R\u016bpniecisk\u0101 l\u012bme Aleene&#039;s Super Gel &#8211; Skizze\" \/>\n<meta property=\"og:description\" content=\"Kur\u0161 gan nev\u0113l\u0113tos izmantot \u012bpa\u0161i sp\u0113c\u012bgu univers\u0101lo l\u012bmi, kuru var izmantot gandr\u012bz it visur?! Aleene Super Gel l\u012bme darbojas gan uz porain\u0101m, gan da\u013c\u0113ji porain\u0101m virsm\u0101m, t\u0101d\u0113j\u0101di k\u013c\u016bstot to par vien\u012bgo l\u012bmi, kas nepiecie\u0161ama da\u017e\u0101diem apjom\u012bgiem projektiem un remontdarbiem. Ide\u0101li piem\u0113rota rotasliet\u0101m, keramikai, kokam, \u0101dai, met\u0101lam, gumijai un plastmasai. Novietojiet \u0161\u012bs t\u016bbi\u0146as instrumentu kast\u0113, ce\u013cojumu som\u0101 vai cit\u0101, \u0113rti pieejam\u0101 viet\u0101. &#8211; Komplekt\u0101 tr\u012bs mazas 3 ml t\u016bbi\u0146as, kuras lieliski ietilpst atvilktn\u0113, rokassomi\u0146\u0101 un instrumentu kast\u0113. &#8211; Pie porainiem un da\u013c\u0113ji porainiem materi\u0101liem piestiprin\u0101s da\u017eu sekun\u017eu laik\u0101. &#8211; \u012apa\u0161i stipra. &#8211; Permanenta. &#8211; Kad no\u017e\u016bst, caursp\u012bd\u012bga. &#8211; Bieza formula, kas nepil. &#8211; \u016adens un UV iztur\u012bga.\" \/>\n<meta property=\"og:url\" content=\"https:\/\/hobstop.ee\/lv\/produkts\/rupnieciska-lime-aleenes-super-gel\/\" \/>\n<meta property=\"og:site_name\" content=\"Skizze\" \/>\n<meta property=\"article:publisher\" content=\"http:\/\/www.facebook.com\/VunderSkizze\" \/>\n<meta property=\"og:image\" content=\"https:\/\/hobstop.ee\/media\/5051.jpg\" \/>\n\t<meta property=\"og:image:width\" content=\"1024\" \/>\n\t<meta property=\"og:image:height\" content=\"768\" \/>\n\t<meta property=\"og:image:type\" content=\"image\/jpeg\" \/>\n<meta name=\"twitter:card\" content=\"summary_large_image\" \/>\n<meta name=\"twitter:label1\" content=\"Est. reading time\" \/>\n\t<meta name=\"twitter:data1\" content=\"1 min\u016b\u0161u\" \/>\n<script type=\"application\/ld+json\" class=\"yoast-schema-graph\">{\"@context\":\"https:\/\/schema.org\",\"@graph\":[{\"@type\":\"WebPage\",\"@id\":\"https:\/\/hobstop.ee\/lv\/produkts\/rupnieciska-lime-aleenes-super-gel\/\",\"url\":\"https:\/\/hobstop.ee\/lv\/produkts\/rupnieciska-lime-aleenes-super-gel\/\",\"name\":\"R\u016bpniecisk\u0101 l\u012bme Aleene's Super Gel &#8211; Skizze\",\"isPartOf\":{\"@id\":\"https:\/\/hobstop.ee\/lv\/#website\"},\"primaryImageOfPage\":{\"@id\":\"https:\/\/hobstop.ee\/lv\/produkts\/rupnieciska-lime-aleenes-super-gel\/#primaryimage\"},\"image\":{\"@id\":\"https:\/\/hobstop.ee\/lv\/produkts\/rupnieciska-lime-aleenes-super-gel\/#primaryimage\"},\"thumbnailUrl\":\"https:\/\/hobstop.ee\/media\/5051.jpg\",\"datePublished\":\"2019-11-20T10:41:13+00:00\",\"dateModified\":\"2019-11-20T10:41:13+00:00\",\"breadcrumb\":{\"@id\":\"https:\/\/hobstop.ee\/lv\/produkts\/rupnieciska-lime-aleenes-super-gel\/#breadcrumb\"},\"inLanguage\":\"lv-LV\",\"potentialAction\":[{\"@type\":\"ReadAction\",\"target\":[\"https:\/\/hobstop.ee\/lv\/produkts\/rupnieciska-lime-aleenes-super-gel\/\"]}]},{\"@type\":\"ImageObject\",\"inLanguage\":\"lv-LV\",\"@id\":\"https:\/\/hobstop.ee\/lv\/produkts\/rupnieciska-lime-aleenes-super-gel\/#primaryimage\",\"url\":\"https:\/\/hobstop.ee\/media\/5051.jpg\",\"contentUrl\":\"https:\/\/hobstop.ee\/media\/5051.jpg\",\"width\":1024,\"height\":768},{\"@type\":\"BreadcrumbList\",\"@id\":\"https:\/\/hobstop.ee\/lv\/produkts\/rupnieciska-lime-aleenes-super-gel\/#breadcrumb\",\"itemListElement\":[{\"@type\":\"ListItem\",\"position\":1,\"name\":\"Avaleht\",\"item\":\"https:\/\/hobstop.ee\/lv\/\"},{\"@type\":\"ListItem\",\"position\":2,\"name\":\"Veikals\",\"item\":\"https:\/\/hobstop.ee\/lv\/veikals\/\"},{\"@type\":\"ListItem\",\"position\":3,\"name\":\"R\u016bpniecisk\u0101 l\u012bme Aleene&#8217;s Super Gel\"}]},{\"@type\":\"WebSite\",\"@id\":\"https:\/\/hobstop.ee\/lv\/#website\",\"url\":\"https:\/\/hobstop.ee\/lv\/\",\"name\":\"Skizze\",\"description\":\"M\u0101kslas, hobiju un skolas preces\",\"publisher\":{\"@id\":\"https:\/\/hobstop.ee\/lv\/#organization\"},\"potentialAction\":[{\"@type\":\"SearchAction\",\"target\":{\"@type\":\"EntryPoint\",\"urlTemplate\":\"https:\/\/hobstop.ee\/lv\/?s={search_term_string}\"},\"query-input\":{\"@type\":\"PropertyValueSpecification\",\"valueRequired\":true,\"valueName\":\"search_term_string\"}}],\"inLanguage\":\"lv-LV\"},{\"@type\":\"Organization\",\"@id\":\"https:\/\/hobstop.ee\/lv\/#organization\",\"name\":\"Vunder AS\",\"url\":\"https:\/\/hobstop.ee\/lv\/\",\"logo\":{\"@type\":\"ImageObject\",\"inLanguage\":\"lv-LV\",\"@id\":\"https:\/\/hobstop.ee\/lv\/#\/schema\/logo\/image\/\",\"url\":\"https:\/\/hobstop.ee\/media\/vunder-logo.png\",\"contentUrl\":\"https:\/\/hobstop.ee\/media\/vunder-logo.png\",\"width\":127,\"height\":55,\"caption\":\"Vunder AS\"},\"image\":{\"@id\":\"https:\/\/hobstop.ee\/lv\/#\/schema\/logo\/image\/\"},\"sameAs\":[\"http:\/\/www.facebook.com\/VunderSkizze\"]}]}<\/script>\n<!-- \/ Yoast SEO plugin. -->","yoast_head_json":{"title":"R\u016bpniecisk\u0101 l\u012bme Aleene's Super Gel &#8211; Skizze","robots":{"index":"noindex","follow":"follow","max-snippet":"max-snippet:-1","max-image-preview":"max-image-preview:large","max-video-preview":"max-video-preview:-1"},"og_locale":"lv_LV","og_type":"article","og_title":"R\u016bpniecisk\u0101 l\u012bme Aleene's Super Gel &#8211; Skizze","og_description":"Kur\u0161 gan nev\u0113l\u0113tos izmantot \u012bpa\u0161i sp\u0113c\u012bgu univers\u0101lo l\u012bmi, kuru var izmantot gandr\u012bz it visur?! Aleene Super Gel l\u012bme darbojas gan uz porain\u0101m, gan da\u013c\u0113ji porain\u0101m virsm\u0101m, t\u0101d\u0113j\u0101di k\u013c\u016bstot to par vien\u012bgo l\u012bmi, kas nepiecie\u0161ama da\u017e\u0101diem apjom\u012bgiem projektiem un remontdarbiem. Ide\u0101li piem\u0113rota rotasliet\u0101m, keramikai, kokam, \u0101dai, met\u0101lam, gumijai un plastmasai. Novietojiet \u0161\u012bs t\u016bbi\u0146as instrumentu kast\u0113, ce\u013cojumu som\u0101 vai cit\u0101, \u0113rti pieejam\u0101 viet\u0101. &#8211; Komplekt\u0101 tr\u012bs mazas 3 ml t\u016bbi\u0146as, kuras lieliski ietilpst atvilktn\u0113, rokassomi\u0146\u0101 un instrumentu kast\u0113. &#8211; Pie porainiem un da\u013c\u0113ji porainiem materi\u0101liem piestiprin\u0101s da\u017eu sekun\u017eu laik\u0101. &#8211; \u012apa\u0161i stipra. &#8211; Permanenta. &#8211; Kad no\u017e\u016bst, caursp\u012bd\u012bga. &#8211; Bieza formula, kas nepil. &#8211; \u016adens un UV iztur\u012bga.","og_url":"https:\/\/hobstop.ee\/lv\/produkts\/rupnieciska-lime-aleenes-super-gel\/","og_site_name":"Skizze","article_publisher":"http:\/\/www.facebook.com\/VunderSkizze","og_image":[{"width":1024,"height":768,"url":"https:\/\/hobstop.ee\/media\/5051.jpg","type":"image\/jpeg"}],"twitter_card":"summary_large_image","twitter_misc":{"Est. reading time":"1 min\u016b\u0161u"},"schema":{"@context":"https:\/\/schema.org","@graph":[{"@type":"WebPage","@id":"https:\/\/hobstop.ee\/lv\/produkts\/rupnieciska-lime-aleenes-super-gel\/","url":"https:\/\/hobstop.ee\/lv\/produkts\/rupnieciska-lime-aleenes-super-gel\/","name":"R\u016bpniecisk\u0101 l\u012bme Aleene's Super Gel &#8211; Skizze","isPartOf":{"@id":"https:\/\/hobstop.ee\/lv\/#website"},"primaryImageOfPage":{"@id":"https:\/\/hobstop.ee\/lv\/produkts\/rupnieciska-lime-aleenes-super-gel\/#primaryimage"},"image":{"@id":"https:\/\/hobstop.ee\/lv\/produkts\/rupnieciska-lime-aleenes-super-gel\/#primaryimage"},"thumbnailUrl":"https:\/\/hobstop.ee\/media\/5051.jpg","datePublished":"2019-11-20T10:41:13+00:00","dateModified":"2019-11-20T10:41:13+00:00","breadcrumb":{"@id":"https:\/\/hobstop.ee\/lv\/produkts\/rupnieciska-lime-aleenes-super-gel\/#breadcrumb"},"inLanguage":"lv-LV","potentialAction":[{"@type":"ReadAction","target":["https:\/\/hobstop.ee\/lv\/produkts\/rupnieciska-lime-aleenes-super-gel\/"]}]},{"@type":"ImageObject","inLanguage":"lv-LV","@id":"https:\/\/hobstop.ee\/lv\/produkts\/rupnieciska-lime-aleenes-super-gel\/#primaryimage","url":"https:\/\/hobstop.ee\/media\/5051.jpg","contentUrl":"https:\/\/hobstop.ee\/media\/5051.jpg","width":1024,"height":768},{"@type":"BreadcrumbList","@id":"https:\/\/hobstop.ee\/lv\/produkts\/rupnieciska-lime-aleenes-super-gel\/#breadcrumb","itemListElement":[{"@type":"ListItem","position":1,"name":"Avaleht","item":"https:\/\/hobstop.ee\/lv\/"},{"@type":"ListItem","position":2,"name":"Veikals","item":"https:\/\/hobstop.ee\/lv\/veikals\/"},{"@type":"ListItem","position":3,"name":"R\u016bpniecisk\u0101 l\u012bme Aleene&#8217;s Super Gel"}]},{"@type":"WebSite","@id":"https:\/\/hobstop.ee\/lv\/#website","url":"https:\/\/hobstop.ee\/lv\/","name":"Skizze","description":"M\u0101kslas, hobiju un skolas preces","publisher":{"@id":"https:\/\/hobstop.ee\/lv\/#organization"},"potentialAction":[{"@type":"SearchAction","target":{"@type":"EntryPoint","urlTemplate":"https:\/\/hobstop.ee\/lv\/?s={search_term_string}"},"query-input":{"@type":"PropertyValueSpecification","valueRequired":true,"valueName":"search_term_string"}}],"inLanguage":"lv-LV"},{"@type":"Organization","@id":"https:\/\/hobstop.ee\/lv\/#organization","name":"Vunder AS","url":"https:\/\/hobstop.ee\/lv\/","logo":{"@type":"ImageObject","inLanguage":"lv-LV","@id":"https:\/\/hobstop.ee\/lv\/#\/schema\/logo\/image\/","url":"https:\/\/hobstop.ee\/media\/vunder-logo.png","contentUrl":"https:\/\/hobstop.ee\/media\/vunder-logo.png","width":127,"height":55,"caption":"Vunder AS"},"image":{"@id":"https:\/\/hobstop.ee\/lv\/#\/schema\/logo\/image\/"},"sameAs":["http:\/\/www.facebook.com\/VunderSkizze"]}]}},"_links":{"self":[{"href":"https:\/\/hobstop.ee\/lv\/wp-json\/wp\/v2\/product\/339598","targetHints":{"allow":["GET"]}}],"collection":[{"href":"https:\/\/hobstop.ee\/lv\/wp-json\/wp\/v2\/product"}],"about":[{"href":"https:\/\/hobstop.ee\/lv\/wp-json\/wp\/v2\/types\/product"}],"replies":[{"embeddable":true,"href":"https:\/\/hobstop.ee\/lv\/wp-json\/wp\/v2\/comments?post=339598"}],"wp:featuredmedia":[{"embeddable":true,"href":"https:\/\/hobstop.ee\/lv\/wp-json\/wp\/v2\/media\/353175"}],"wp:attachment":[{"href":"https:\/\/hobstop.ee\/lv\/wp-json\/wp\/v2\/media?parent=339598"}],"wp:term":[{"taxonomy":"product_cat","embeddable":true,"href":"https:\/\/hobstop.ee\/lv\/wp-json\/wp\/v2\/product_cat?post=339598"},{"taxonomy":"product_tag","embeddable":true,"href":"https:\/\/hobstop.ee\/lv\/wp-json\/wp\/v2\/product_tag?post=339598"}],"curies":[{"name":"wp","href":"https:\/\/api.w.org\/{rel}","templated":true}]}}