{"id":339602,"date":"2019-11-20T12:41:17","date_gmt":"2019-11-20T10:41:21","guid":{"rendered":"https:\/\/sharks.ee\/vunder_2019\/product\/kaligrafijas-zimulis-manuscript-lettering-pencil\/"},"modified":"2019-11-20T12:41:21","modified_gmt":"2019-11-20T10:41:21","slug":"kaligrafijas-zimulis-manuscript-lettering-pencil","status":"publish","type":"product","link":"https:\/\/hobstop.ee\/lv\/produkts\/kaligrafijas-zimulis-manuscript-lettering-pencil\/","title":{"rendered":"Kaligr\u0101fijas z\u012bmulis Manuscript Lettering Pencil"},"content":{"rendered":"<p>Manuscript Lettering Pencil &#8211; unik\u0101ls produkts, kur\u0161 nel\u012bdzin\u0101s nevienam citam! Radiet graf\u012btu v\u0113lamaj\u0101 form\u0101, izmantojot asin\u0101t\u0101ju, lai pasv\u012btrotu savu individualit\u0101ti. Ide\u0101ls instruments, lai praktiz\u0113tu kaligr\u0101fiju, burtu rakst\u012b\u0161anu, skic\u0113\u0161anu vai ilustr\u0101ciju &#8211; lieliski piem\u0113rots jebkuram rado\u0161am projektam! \u0160is koka z\u012bmulis ir ergonomiski izstr\u0101d\u0101ts, jo perfekti iegu\u013cas rok\u0101 kam\u0113r skic\u0113jat, rakstiet vai nodarbojoties ar kaligr\u0101fiju.<\/p>\n<p>Komplekt\u0101:<br \/>\nMelns koka z\u012bmulis ar apa\u013cu graf\u012bta serdeni<br \/>\nPlakans un apa\u013c\u0161 graf\u012bta serde\u0146i meln\u0101 kr\u0101s\u0101<br \/>\nAsin\u0101t\u0101js &#8211; rakst\u012b\u0161anai v\u0113lamaj\u0101 stil\u0101<\/p>\n","protected":false},"excerpt":{"rendered":"<p>Manuscript Lettering Pencil &#8211; unik\u0101ls produkts, kur\u0161 nel\u012bdzin\u0101s nevienam citam! Radiet graf\u012btu v\u0113lamaj\u0101 form\u0101, izmantojot asin\u0101t\u0101ju, lai pasv\u012btrotu savu individualit\u0101ti. Ide\u0101ls instruments, lai praktiz\u0113tu kaligr\u0101fiju, burtu rakst\u012b\u0161anu, skic\u0113\u0161anu vai ilustr\u0101ciju &#8211; lieliski piem\u0113rots jebkuram rado\u0161am projektam! \u0160is koka z\u012bmulis ir ergonomiski izstr\u0101d\u0101ts, jo perfekti iegu\u013cas rok\u0101 kam\u0113r skic\u0113jat, rakstiet vai nodarbojoties ar kaligr\u0101fiju. Komplekt\u0101: Melns koka z\u012bmulis ar apa\u013cu graf\u012bta serdeni Plakans un apa\u013c\u0161 graf\u012bta serde\u0146i meln\u0101 kr\u0101s\u0101 Asin\u0101t\u0101js &#8211; rakst\u012b\u0161anai v\u0113lamaj\u0101 stil\u0101<\/p>\n","protected":false},"featured_media":353207,"comment_status":"closed","ping_status":"closed","template":"","meta":{"_acf_changed":false,"ep_exclude_from_search":false},"product_cat":[20361],"product_tag":[],"class_list":{"0":"post-339602","1":"product","2":"type-product","3":"status-publish","4":"has-post-thumbnail","6":"product_cat-maaramata","8":"first","9":"instock","10":"taxable","11":"shipping-taxable","12":"product-type-simple"},"acf":[],"yoast_head":"<!-- This site is optimized with the Yoast SEO plugin v24.1 - https:\/\/yoast.com\/wordpress\/plugins\/seo\/ -->\n<title>Kaligr\u0101fijas z\u012bmulis Manuscript Lettering Pencil &#8211; Skizze<\/title>\n<meta name=\"robots\" content=\"noindex, follow, max-snippet:-1, max-image-preview:large, max-video-preview:-1\" \/>\n<meta property=\"og:locale\" content=\"lv_LV\" \/>\n<meta property=\"og:type\" content=\"article\" \/>\n<meta property=\"og:title\" content=\"Kaligr\u0101fijas z\u012bmulis Manuscript Lettering Pencil &#8211; Skizze\" \/>\n<meta property=\"og:description\" content=\"Manuscript Lettering Pencil &#8211; unik\u0101ls produkts, kur\u0161 nel\u012bdzin\u0101s nevienam citam! Radiet graf\u012btu v\u0113lamaj\u0101 form\u0101, izmantojot asin\u0101t\u0101ju, lai pasv\u012btrotu savu individualit\u0101ti. Ide\u0101ls instruments, lai praktiz\u0113tu kaligr\u0101fiju, burtu rakst\u012b\u0161anu, skic\u0113\u0161anu vai ilustr\u0101ciju &#8211; lieliski piem\u0113rots jebkuram rado\u0161am projektam! \u0160is koka z\u012bmulis ir ergonomiski izstr\u0101d\u0101ts, jo perfekti iegu\u013cas rok\u0101 kam\u0113r skic\u0113jat, rakstiet vai nodarbojoties ar kaligr\u0101fiju. Komplekt\u0101: Melns koka z\u012bmulis ar apa\u013cu graf\u012bta serdeni Plakans un apa\u013c\u0161 graf\u012bta serde\u0146i meln\u0101 kr\u0101s\u0101 Asin\u0101t\u0101js &#8211; rakst\u012b\u0161anai v\u0113lamaj\u0101 stil\u0101\" \/>\n<meta property=\"og:url\" content=\"https:\/\/hobstop.ee\/lv\/produkts\/kaligrafijas-zimulis-manuscript-lettering-pencil\/\" \/>\n<meta property=\"og:site_name\" content=\"Skizze\" \/>\n<meta property=\"article:publisher\" content=\"http:\/\/www.facebook.com\/VunderSkizze\" \/>\n<meta property=\"og:image\" content=\"https:\/\/hobstop.ee\/media\/5052.JPG\" \/>\n\t<meta property=\"og:image:width\" content=\"1024\" \/>\n\t<meta property=\"og:image:height\" content=\"768\" \/>\n\t<meta property=\"og:image:type\" content=\"image\/jpeg\" \/>\n<meta name=\"twitter:card\" content=\"summary_large_image\" \/>\n<meta name=\"twitter:label1\" content=\"Est. reading time\" \/>\n\t<meta name=\"twitter:data1\" content=\"1 min\u016b\u0161u\" \/>\n<script type=\"application\/ld+json\" class=\"yoast-schema-graph\">{\"@context\":\"https:\/\/schema.org\",\"@graph\":[{\"@type\":\"WebPage\",\"@id\":\"https:\/\/hobstop.ee\/lv\/produkts\/kaligrafijas-zimulis-manuscript-lettering-pencil\/\",\"url\":\"https:\/\/hobstop.ee\/lv\/produkts\/kaligrafijas-zimulis-manuscript-lettering-pencil\/\",\"name\":\"Kaligr\u0101fijas z\u012bmulis Manuscript Lettering Pencil &#8211; Skizze\",\"isPartOf\":{\"@id\":\"https:\/\/hobstop.ee\/lv\/#website\"},\"primaryImageOfPage\":{\"@id\":\"https:\/\/hobstop.ee\/lv\/produkts\/kaligrafijas-zimulis-manuscript-lettering-pencil\/#primaryimage\"},\"image\":{\"@id\":\"https:\/\/hobstop.ee\/lv\/produkts\/kaligrafijas-zimulis-manuscript-lettering-pencil\/#primaryimage\"},\"thumbnailUrl\":\"https:\/\/hobstop.ee\/media\/5052.JPG\",\"datePublished\":\"2019-11-20T10:41:21+00:00\",\"dateModified\":\"2019-11-20T10:41:21+00:00\",\"breadcrumb\":{\"@id\":\"https:\/\/hobstop.ee\/lv\/produkts\/kaligrafijas-zimulis-manuscript-lettering-pencil\/#breadcrumb\"},\"inLanguage\":\"lv-LV\",\"potentialAction\":[{\"@type\":\"ReadAction\",\"target\":[\"https:\/\/hobstop.ee\/lv\/produkts\/kaligrafijas-zimulis-manuscript-lettering-pencil\/\"]}]},{\"@type\":\"ImageObject\",\"inLanguage\":\"lv-LV\",\"@id\":\"https:\/\/hobstop.ee\/lv\/produkts\/kaligrafijas-zimulis-manuscript-lettering-pencil\/#primaryimage\",\"url\":\"https:\/\/hobstop.ee\/media\/5052.JPG\",\"contentUrl\":\"https:\/\/hobstop.ee\/media\/5052.JPG\",\"width\":1024,\"height\":768},{\"@type\":\"BreadcrumbList\",\"@id\":\"https:\/\/hobstop.ee\/lv\/produkts\/kaligrafijas-zimulis-manuscript-lettering-pencil\/#breadcrumb\",\"itemListElement\":[{\"@type\":\"ListItem\",\"position\":1,\"name\":\"Avaleht\",\"item\":\"https:\/\/www.hobstop.ee\/lv\/\"},{\"@type\":\"ListItem\",\"position\":2,\"name\":\"Veikals\",\"item\":\"https:\/\/www.hobstop.ee\/lv\/veikals\/\"},{\"@type\":\"ListItem\",\"position\":3,\"name\":\"Kaligr\u0101fijas z\u012bmulis Manuscript Lettering Pencil\"}]},{\"@type\":\"WebSite\",\"@id\":\"https:\/\/hobstop.ee\/lv\/#website\",\"url\":\"https:\/\/hobstop.ee\/lv\/\",\"name\":\"Skizze\",\"description\":\"M\u0101kslas, hobiju un skolas preces\",\"publisher\":{\"@id\":\"https:\/\/hobstop.ee\/lv\/#organization\"},\"potentialAction\":[{\"@type\":\"SearchAction\",\"target\":{\"@type\":\"EntryPoint\",\"urlTemplate\":\"https:\/\/hobstop.ee\/lv\/?s={search_term_string}\"},\"query-input\":{\"@type\":\"PropertyValueSpecification\",\"valueRequired\":true,\"valueName\":\"search_term_string\"}}],\"inLanguage\":\"lv-LV\"},{\"@type\":\"Organization\",\"@id\":\"https:\/\/hobstop.ee\/lv\/#organization\",\"name\":\"Vunder AS\",\"url\":\"https:\/\/hobstop.ee\/lv\/\",\"logo\":{\"@type\":\"ImageObject\",\"inLanguage\":\"lv-LV\",\"@id\":\"https:\/\/hobstop.ee\/lv\/#\/schema\/logo\/image\/\",\"url\":\"https:\/\/hobstop.ee\/media\/vunder-logo.png\",\"contentUrl\":\"https:\/\/hobstop.ee\/media\/vunder-logo.png\",\"width\":127,\"height\":55,\"caption\":\"Vunder AS\"},\"image\":{\"@id\":\"https:\/\/hobstop.ee\/lv\/#\/schema\/logo\/image\/\"},\"sameAs\":[\"http:\/\/www.facebook.com\/VunderSkizze\"]}]}<\/script>\n<!-- \/ Yoast SEO plugin. -->","yoast_head_json":{"title":"Kaligr\u0101fijas z\u012bmulis Manuscript Lettering Pencil &#8211; Skizze","robots":{"index":"noindex","follow":"follow","max-snippet":"max-snippet:-1","max-image-preview":"max-image-preview:large","max-video-preview":"max-video-preview:-1"},"og_locale":"lv_LV","og_type":"article","og_title":"Kaligr\u0101fijas z\u012bmulis Manuscript Lettering Pencil &#8211; Skizze","og_description":"Manuscript Lettering Pencil &#8211; unik\u0101ls produkts, kur\u0161 nel\u012bdzin\u0101s nevienam citam! Radiet graf\u012btu v\u0113lamaj\u0101 form\u0101, izmantojot asin\u0101t\u0101ju, lai pasv\u012btrotu savu individualit\u0101ti. Ide\u0101ls instruments, lai praktiz\u0113tu kaligr\u0101fiju, burtu rakst\u012b\u0161anu, skic\u0113\u0161anu vai ilustr\u0101ciju &#8211; lieliski piem\u0113rots jebkuram rado\u0161am projektam! \u0160is koka z\u012bmulis ir ergonomiski izstr\u0101d\u0101ts, jo perfekti iegu\u013cas rok\u0101 kam\u0113r skic\u0113jat, rakstiet vai nodarbojoties ar kaligr\u0101fiju. Komplekt\u0101: Melns koka z\u012bmulis ar apa\u013cu graf\u012bta serdeni Plakans un apa\u013c\u0161 graf\u012bta serde\u0146i meln\u0101 kr\u0101s\u0101 Asin\u0101t\u0101js &#8211; rakst\u012b\u0161anai v\u0113lamaj\u0101 stil\u0101","og_url":"https:\/\/hobstop.ee\/lv\/produkts\/kaligrafijas-zimulis-manuscript-lettering-pencil\/","og_site_name":"Skizze","article_publisher":"http:\/\/www.facebook.com\/VunderSkizze","og_image":[{"width":1024,"height":768,"url":"https:\/\/hobstop.ee\/media\/5052.JPG","type":"image\/jpeg"}],"twitter_card":"summary_large_image","twitter_misc":{"Est. reading time":"1 min\u016b\u0161u"},"schema":{"@context":"https:\/\/schema.org","@graph":[{"@type":"WebPage","@id":"https:\/\/hobstop.ee\/lv\/produkts\/kaligrafijas-zimulis-manuscript-lettering-pencil\/","url":"https:\/\/hobstop.ee\/lv\/produkts\/kaligrafijas-zimulis-manuscript-lettering-pencil\/","name":"Kaligr\u0101fijas z\u012bmulis Manuscript Lettering Pencil &#8211; Skizze","isPartOf":{"@id":"https:\/\/hobstop.ee\/lv\/#website"},"primaryImageOfPage":{"@id":"https:\/\/hobstop.ee\/lv\/produkts\/kaligrafijas-zimulis-manuscript-lettering-pencil\/#primaryimage"},"image":{"@id":"https:\/\/hobstop.ee\/lv\/produkts\/kaligrafijas-zimulis-manuscript-lettering-pencil\/#primaryimage"},"thumbnailUrl":"https:\/\/hobstop.ee\/media\/5052.JPG","datePublished":"2019-11-20T10:41:21+00:00","dateModified":"2019-11-20T10:41:21+00:00","breadcrumb":{"@id":"https:\/\/hobstop.ee\/lv\/produkts\/kaligrafijas-zimulis-manuscript-lettering-pencil\/#breadcrumb"},"inLanguage":"lv-LV","potentialAction":[{"@type":"ReadAction","target":["https:\/\/hobstop.ee\/lv\/produkts\/kaligrafijas-zimulis-manuscript-lettering-pencil\/"]}]},{"@type":"ImageObject","inLanguage":"lv-LV","@id":"https:\/\/hobstop.ee\/lv\/produkts\/kaligrafijas-zimulis-manuscript-lettering-pencil\/#primaryimage","url":"https:\/\/hobstop.ee\/media\/5052.JPG","contentUrl":"https:\/\/hobstop.ee\/media\/5052.JPG","width":1024,"height":768},{"@type":"BreadcrumbList","@id":"https:\/\/hobstop.ee\/lv\/produkts\/kaligrafijas-zimulis-manuscript-lettering-pencil\/#breadcrumb","itemListElement":[{"@type":"ListItem","position":1,"name":"Avaleht","item":"https:\/\/www.hobstop.ee\/lv\/"},{"@type":"ListItem","position":2,"name":"Veikals","item":"https:\/\/www.hobstop.ee\/lv\/veikals\/"},{"@type":"ListItem","position":3,"name":"Kaligr\u0101fijas z\u012bmulis Manuscript Lettering Pencil"}]},{"@type":"WebSite","@id":"https:\/\/hobstop.ee\/lv\/#website","url":"https:\/\/hobstop.ee\/lv\/","name":"Skizze","description":"M\u0101kslas, hobiju un skolas preces","publisher":{"@id":"https:\/\/hobstop.ee\/lv\/#organization"},"potentialAction":[{"@type":"SearchAction","target":{"@type":"EntryPoint","urlTemplate":"https:\/\/hobstop.ee\/lv\/?s={search_term_string}"},"query-input":{"@type":"PropertyValueSpecification","valueRequired":true,"valueName":"search_term_string"}}],"inLanguage":"lv-LV"},{"@type":"Organization","@id":"https:\/\/hobstop.ee\/lv\/#organization","name":"Vunder AS","url":"https:\/\/hobstop.ee\/lv\/","logo":{"@type":"ImageObject","inLanguage":"lv-LV","@id":"https:\/\/hobstop.ee\/lv\/#\/schema\/logo\/image\/","url":"https:\/\/hobstop.ee\/media\/vunder-logo.png","contentUrl":"https:\/\/hobstop.ee\/media\/vunder-logo.png","width":127,"height":55,"caption":"Vunder AS"},"image":{"@id":"https:\/\/hobstop.ee\/lv\/#\/schema\/logo\/image\/"},"sameAs":["http:\/\/www.facebook.com\/VunderSkizze"]}]}},"_links":{"self":[{"href":"https:\/\/hobstop.ee\/lv\/wp-json\/wp\/v2\/product\/339602","targetHints":{"allow":["GET"]}}],"collection":[{"href":"https:\/\/hobstop.ee\/lv\/wp-json\/wp\/v2\/product"}],"about":[{"href":"https:\/\/hobstop.ee\/lv\/wp-json\/wp\/v2\/types\/product"}],"replies":[{"embeddable":true,"href":"https:\/\/hobstop.ee\/lv\/wp-json\/wp\/v2\/comments?post=339602"}],"wp:featuredmedia":[{"embeddable":true,"href":"https:\/\/hobstop.ee\/lv\/wp-json\/wp\/v2\/media\/353207"}],"wp:attachment":[{"href":"https:\/\/hobstop.ee\/lv\/wp-json\/wp\/v2\/media?parent=339602"}],"wp:term":[{"taxonomy":"product_cat","embeddable":true,"href":"https:\/\/hobstop.ee\/lv\/wp-json\/wp\/v2\/product_cat?post=339602"},{"taxonomy":"product_tag","embeddable":true,"href":"https:\/\/hobstop.ee\/lv\/wp-json\/wp\/v2\/product_tag?post=339602"}],"curies":[{"name":"wp","href":"https:\/\/api.w.org\/{rel}","templated":true}]}}