{"id":339614,"date":"2019-11-20T12:41:42","date_gmt":"2019-11-20T10:41:46","guid":{"rendered":"https:\/\/sharks.ee\/vunder_2019\/product\/veidosanas-masa-maped-creativ-early-age\/"},"modified":"2019-11-20T12:41:46","modified_gmt":"2019-11-20T10:41:46","slug":"veidosanas-masa-maped-creativ-early-age","status":"publish","type":"product","link":"https:\/\/hobstop.ee\/lv\/produkts\/veidosanas-masa-maped-creativ-early-age\/","title":{"rendered":"Veido\u0161anas masa Maped Creativ Early Age"},"content":{"rendered":"<p>Maped Creativ My First modelling dough veido\u0161anas masa lieliski piem\u0113rota pa\u0161iem maz\u0101kajiem! Masa ar m\u012bkstu tekst\u016bru un vienk\u0101r\u0161u izmanto\u0161anu nav lip\u012bga &#8211; ide\u0101ls l\u012bdzeklis b\u0113rnu veikl\u012bbas att\u012bst\u012b\u0161anai. \u0112rt\u0101, caursp\u012bd\u012bg\u0101 un masu labi p\u0101rredzam\u0101 trauk\u0101.<\/p>\n","protected":false},"excerpt":{"rendered":"<p>Maped Creativ My First modelling dough veido\u0161anas masa lieliski piem\u0113rota pa\u0161iem maz\u0101kajiem! Masa ar m\u012bkstu tekst\u016bru un vienk\u0101r\u0161u izmanto\u0161anu nav lip\u012bga &#8211; ide\u0101ls l\u012bdzeklis b\u0113rnu veikl\u012bbas att\u012bst\u012b\u0161anai. \u0112rt\u0101, caursp\u012bd\u012bg\u0101 un masu labi p\u0101rredzam\u0101 trauk\u0101.<\/p>\n","protected":false},"featured_media":355067,"comment_status":"closed","ping_status":"closed","template":"","meta":{"_acf_changed":false,"ep_exclude_from_search":false},"product_cat":[20361],"product_tag":[],"class_list":{"0":"post-339614","1":"product","2":"type-product","3":"status-publish","4":"has-post-thumbnail","6":"product_cat-maaramata","8":"first","9":"instock","10":"taxable","11":"shipping-taxable","12":"product-type-simple"},"acf":[],"yoast_head":"<!-- This site is optimized with the Yoast SEO plugin v24.1 - https:\/\/yoast.com\/wordpress\/plugins\/seo\/ -->\n<title>Veido\u0161anas masa Maped Creativ Early Age &#8211; Skizze<\/title>\n<meta name=\"robots\" content=\"noindex, follow, max-snippet:-1, max-image-preview:large, max-video-preview:-1\" \/>\n<meta property=\"og:locale\" content=\"lv_LV\" \/>\n<meta property=\"og:type\" content=\"article\" \/>\n<meta property=\"og:title\" content=\"Veido\u0161anas masa Maped Creativ Early Age &#8211; Skizze\" \/>\n<meta property=\"og:description\" content=\"Maped Creativ My First modelling dough veido\u0161anas masa lieliski piem\u0113rota pa\u0161iem maz\u0101kajiem! Masa ar m\u012bkstu tekst\u016bru un vienk\u0101r\u0161u izmanto\u0161anu nav lip\u012bga &#8211; ide\u0101ls l\u012bdzeklis b\u0113rnu veikl\u012bbas att\u012bst\u012b\u0161anai. \u0112rt\u0101, caursp\u012bd\u012bg\u0101 un masu labi p\u0101rredzam\u0101 trauk\u0101.\" \/>\n<meta property=\"og:url\" content=\"https:\/\/hobstop.ee\/lv\/produkts\/veidosanas-masa-maped-creativ-early-age\/\" \/>\n<meta property=\"og:site_name\" content=\"Skizze\" \/>\n<meta property=\"article:publisher\" content=\"http:\/\/www.facebook.com\/VunderSkizze\" \/>\n<meta property=\"og:image\" content=\"https:\/\/hobstop.ee\/media\/5059.jpg\" \/>\n\t<meta property=\"og:image:width\" content=\"1024\" \/>\n\t<meta property=\"og:image:height\" content=\"768\" \/>\n\t<meta property=\"og:image:type\" content=\"image\/jpeg\" \/>\n<meta name=\"twitter:card\" content=\"summary_large_image\" \/>\n<script type=\"application\/ld+json\" class=\"yoast-schema-graph\">{\"@context\":\"https:\/\/schema.org\",\"@graph\":[{\"@type\":\"WebPage\",\"@id\":\"https:\/\/hobstop.ee\/lv\/produkts\/veidosanas-masa-maped-creativ-early-age\/\",\"url\":\"https:\/\/hobstop.ee\/lv\/produkts\/veidosanas-masa-maped-creativ-early-age\/\",\"name\":\"Veido\u0161anas masa Maped Creativ Early Age &#8211; Skizze\",\"isPartOf\":{\"@id\":\"https:\/\/hobstop.ee\/lv\/#website\"},\"primaryImageOfPage\":{\"@id\":\"https:\/\/hobstop.ee\/lv\/produkts\/veidosanas-masa-maped-creativ-early-age\/#primaryimage\"},\"image\":{\"@id\":\"https:\/\/hobstop.ee\/lv\/produkts\/veidosanas-masa-maped-creativ-early-age\/#primaryimage\"},\"thumbnailUrl\":\"https:\/\/hobstop.ee\/media\/5059.jpg\",\"datePublished\":\"2019-11-20T10:41:46+00:00\",\"dateModified\":\"2019-11-20T10:41:46+00:00\",\"breadcrumb\":{\"@id\":\"https:\/\/hobstop.ee\/lv\/produkts\/veidosanas-masa-maped-creativ-early-age\/#breadcrumb\"},\"inLanguage\":\"lv-LV\",\"potentialAction\":[{\"@type\":\"ReadAction\",\"target\":[\"https:\/\/hobstop.ee\/lv\/produkts\/veidosanas-masa-maped-creativ-early-age\/\"]}]},{\"@type\":\"ImageObject\",\"inLanguage\":\"lv-LV\",\"@id\":\"https:\/\/hobstop.ee\/lv\/produkts\/veidosanas-masa-maped-creativ-early-age\/#primaryimage\",\"url\":\"https:\/\/hobstop.ee\/media\/5059.jpg\",\"contentUrl\":\"https:\/\/hobstop.ee\/media\/5059.jpg\",\"width\":1024,\"height\":768},{\"@type\":\"BreadcrumbList\",\"@id\":\"https:\/\/hobstop.ee\/lv\/produkts\/veidosanas-masa-maped-creativ-early-age\/#breadcrumb\",\"itemListElement\":[{\"@type\":\"ListItem\",\"position\":1,\"name\":\"Avaleht\",\"item\":\"https:\/\/www.hobstop.ee\/lv\/\"},{\"@type\":\"ListItem\",\"position\":2,\"name\":\"Veikals\",\"item\":\"https:\/\/www.hobstop.ee\/lv\/veikals\/\"},{\"@type\":\"ListItem\",\"position\":3,\"name\":\"Veido\u0161anas masa Maped Creativ Early Age\"}]},{\"@type\":\"WebSite\",\"@id\":\"https:\/\/hobstop.ee\/lv\/#website\",\"url\":\"https:\/\/hobstop.ee\/lv\/\",\"name\":\"Skizze\",\"description\":\"M\u0101kslas, hobiju un skolas preces\",\"publisher\":{\"@id\":\"https:\/\/hobstop.ee\/lv\/#organization\"},\"potentialAction\":[{\"@type\":\"SearchAction\",\"target\":{\"@type\":\"EntryPoint\",\"urlTemplate\":\"https:\/\/hobstop.ee\/lv\/?s={search_term_string}\"},\"query-input\":{\"@type\":\"PropertyValueSpecification\",\"valueRequired\":true,\"valueName\":\"search_term_string\"}}],\"inLanguage\":\"lv-LV\"},{\"@type\":\"Organization\",\"@id\":\"https:\/\/hobstop.ee\/lv\/#organization\",\"name\":\"Vunder AS\",\"url\":\"https:\/\/hobstop.ee\/lv\/\",\"logo\":{\"@type\":\"ImageObject\",\"inLanguage\":\"lv-LV\",\"@id\":\"https:\/\/hobstop.ee\/lv\/#\/schema\/logo\/image\/\",\"url\":\"https:\/\/hobstop.ee\/media\/vunder-logo.png\",\"contentUrl\":\"https:\/\/hobstop.ee\/media\/vunder-logo.png\",\"width\":127,\"height\":55,\"caption\":\"Vunder AS\"},\"image\":{\"@id\":\"https:\/\/hobstop.ee\/lv\/#\/schema\/logo\/image\/\"},\"sameAs\":[\"http:\/\/www.facebook.com\/VunderSkizze\"]}]}<\/script>\n<!-- \/ Yoast SEO plugin. -->","yoast_head_json":{"title":"Veido\u0161anas masa Maped Creativ Early Age &#8211; Skizze","robots":{"index":"noindex","follow":"follow","max-snippet":"max-snippet:-1","max-image-preview":"max-image-preview:large","max-video-preview":"max-video-preview:-1"},"og_locale":"lv_LV","og_type":"article","og_title":"Veido\u0161anas masa Maped Creativ Early Age &#8211; Skizze","og_description":"Maped Creativ My First modelling dough veido\u0161anas masa lieliski piem\u0113rota pa\u0161iem maz\u0101kajiem! Masa ar m\u012bkstu tekst\u016bru un vienk\u0101r\u0161u izmanto\u0161anu nav lip\u012bga &#8211; ide\u0101ls l\u012bdzeklis b\u0113rnu veikl\u012bbas att\u012bst\u012b\u0161anai. \u0112rt\u0101, caursp\u012bd\u012bg\u0101 un masu labi p\u0101rredzam\u0101 trauk\u0101.","og_url":"https:\/\/hobstop.ee\/lv\/produkts\/veidosanas-masa-maped-creativ-early-age\/","og_site_name":"Skizze","article_publisher":"http:\/\/www.facebook.com\/VunderSkizze","og_image":[{"width":1024,"height":768,"url":"https:\/\/hobstop.ee\/media\/5059.jpg","type":"image\/jpeg"}],"twitter_card":"summary_large_image","schema":{"@context":"https:\/\/schema.org","@graph":[{"@type":"WebPage","@id":"https:\/\/hobstop.ee\/lv\/produkts\/veidosanas-masa-maped-creativ-early-age\/","url":"https:\/\/hobstop.ee\/lv\/produkts\/veidosanas-masa-maped-creativ-early-age\/","name":"Veido\u0161anas masa Maped Creativ Early Age &#8211; Skizze","isPartOf":{"@id":"https:\/\/hobstop.ee\/lv\/#website"},"primaryImageOfPage":{"@id":"https:\/\/hobstop.ee\/lv\/produkts\/veidosanas-masa-maped-creativ-early-age\/#primaryimage"},"image":{"@id":"https:\/\/hobstop.ee\/lv\/produkts\/veidosanas-masa-maped-creativ-early-age\/#primaryimage"},"thumbnailUrl":"https:\/\/hobstop.ee\/media\/5059.jpg","datePublished":"2019-11-20T10:41:46+00:00","dateModified":"2019-11-20T10:41:46+00:00","breadcrumb":{"@id":"https:\/\/hobstop.ee\/lv\/produkts\/veidosanas-masa-maped-creativ-early-age\/#breadcrumb"},"inLanguage":"lv-LV","potentialAction":[{"@type":"ReadAction","target":["https:\/\/hobstop.ee\/lv\/produkts\/veidosanas-masa-maped-creativ-early-age\/"]}]},{"@type":"ImageObject","inLanguage":"lv-LV","@id":"https:\/\/hobstop.ee\/lv\/produkts\/veidosanas-masa-maped-creativ-early-age\/#primaryimage","url":"https:\/\/hobstop.ee\/media\/5059.jpg","contentUrl":"https:\/\/hobstop.ee\/media\/5059.jpg","width":1024,"height":768},{"@type":"BreadcrumbList","@id":"https:\/\/hobstop.ee\/lv\/produkts\/veidosanas-masa-maped-creativ-early-age\/#breadcrumb","itemListElement":[{"@type":"ListItem","position":1,"name":"Avaleht","item":"https:\/\/www.hobstop.ee\/lv\/"},{"@type":"ListItem","position":2,"name":"Veikals","item":"https:\/\/www.hobstop.ee\/lv\/veikals\/"},{"@type":"ListItem","position":3,"name":"Veido\u0161anas masa Maped Creativ Early Age"}]},{"@type":"WebSite","@id":"https:\/\/hobstop.ee\/lv\/#website","url":"https:\/\/hobstop.ee\/lv\/","name":"Skizze","description":"M\u0101kslas, hobiju un skolas preces","publisher":{"@id":"https:\/\/hobstop.ee\/lv\/#organization"},"potentialAction":[{"@type":"SearchAction","target":{"@type":"EntryPoint","urlTemplate":"https:\/\/hobstop.ee\/lv\/?s={search_term_string}"},"query-input":{"@type":"PropertyValueSpecification","valueRequired":true,"valueName":"search_term_string"}}],"inLanguage":"lv-LV"},{"@type":"Organization","@id":"https:\/\/hobstop.ee\/lv\/#organization","name":"Vunder AS","url":"https:\/\/hobstop.ee\/lv\/","logo":{"@type":"ImageObject","inLanguage":"lv-LV","@id":"https:\/\/hobstop.ee\/lv\/#\/schema\/logo\/image\/","url":"https:\/\/hobstop.ee\/media\/vunder-logo.png","contentUrl":"https:\/\/hobstop.ee\/media\/vunder-logo.png","width":127,"height":55,"caption":"Vunder AS"},"image":{"@id":"https:\/\/hobstop.ee\/lv\/#\/schema\/logo\/image\/"},"sameAs":["http:\/\/www.facebook.com\/VunderSkizze"]}]}},"_links":{"self":[{"href":"https:\/\/hobstop.ee\/lv\/wp-json\/wp\/v2\/product\/339614","targetHints":{"allow":["GET"]}}],"collection":[{"href":"https:\/\/hobstop.ee\/lv\/wp-json\/wp\/v2\/product"}],"about":[{"href":"https:\/\/hobstop.ee\/lv\/wp-json\/wp\/v2\/types\/product"}],"replies":[{"embeddable":true,"href":"https:\/\/hobstop.ee\/lv\/wp-json\/wp\/v2\/comments?post=339614"}],"wp:featuredmedia":[{"embeddable":true,"href":"https:\/\/hobstop.ee\/lv\/wp-json\/wp\/v2\/media\/355067"}],"wp:attachment":[{"href":"https:\/\/hobstop.ee\/lv\/wp-json\/wp\/v2\/media?parent=339614"}],"wp:term":[{"taxonomy":"product_cat","embeddable":true,"href":"https:\/\/hobstop.ee\/lv\/wp-json\/wp\/v2\/product_cat?post=339614"},{"taxonomy":"product_tag","embeddable":true,"href":"https:\/\/hobstop.ee\/lv\/wp-json\/wp\/v2\/product_tag?post=339614"}],"curies":[{"name":"wp","href":"https:\/\/api.w.org\/{rel}","templated":true}]}}