{"id":340891,"date":"2020-04-01T14:56:00","date_gmt":"2020-04-01T11:56:03","guid":{"rendered":"https:\/\/sharks.ee\/vunder_2019\/product\/durvju-koka-zime-rayher\/"},"modified":"2020-04-01T14:56:03","modified_gmt":"2020-04-01T11:56:03","slug":"durvju-koka-zime-rayher","status":"publish","type":"product","link":"https:\/\/hobstop.ee\/lv\/produkts\/durvju-koka-zime-rayher\/","title":{"rendered":"Durvju koka z\u012bme Rayher"},"content":{"rendered":"<p>\u201cL\u016bdzu, netrauc\u0113jiet\u201d &#8211; t\u0101 ir pag\u0101tne, jo tagad, izmantojot \u0161o koka pl\u0101ksni, uz durv\u012bm j\u016bs varat piek\u0101rt savu rado\u0161o v\u0113st\u012bjumu. Neatkar\u012bgi no t\u0101, vai v\u0113laties netrauc\u0113ti nosnausties, pavad\u012bt priv\u0101tus br\u012b\u017eus ar otru pus\u012bti vai, ja p\u0113c ska\u013cas ball\u012btes viesiem nepiecie\u0161ama atp\u016bta, vai v\u0113laties nolikt b\u0113rnus gul\u0113t diendusu, vai glu\u017ei vienk\u0101r\u0161i v\u0113laties mier\u012bgi pavad\u012bt dienu, durvju pl\u0101ksne var b\u016bt elegants un moderns vai smiekl\u012bgs un kr\u0101sains. J\u016bs pat varat uzrakst\u012bt citas mazas zi\u0146as, izmantojot t\u0101feles kr\u0101su.<\/p>\n","protected":false},"excerpt":{"rendered":"<p>\u201cL\u016bdzu, netrauc\u0113jiet\u201d &#8211; t\u0101 ir pag\u0101tne, jo tagad, izmantojot \u0161o koka pl\u0101ksni, uz durv\u012bm j\u016bs varat piek\u0101rt savu rado\u0161o v\u0113st\u012bjumu. Neatkar\u012bgi no t\u0101, vai v\u0113laties netrauc\u0113ti nosnausties, pavad\u012bt priv\u0101tus br\u012b\u017eus ar otru pus\u012bti vai, ja p\u0113c ska\u013cas ball\u012btes viesiem nepiecie\u0161ama atp\u016bta, vai v\u0113laties nolikt b\u0113rnus gul\u0113t diendusu, vai glu\u017ei vienk\u0101r\u0161i v\u0113laties mier\u012bgi pavad\u012bt dienu, durvju pl\u0101ksne var b\u016bt elegants un moderns vai smiekl\u012bgs un kr\u0101sains. J\u016bs pat varat uzrakst\u012bt citas mazas zi\u0146as, izmantojot t\u0101feles kr\u0101su.<\/p>\n","protected":false},"featured_media":353411,"comment_status":"closed","ping_status":"closed","template":"","meta":{"_acf_changed":false,"ep_exclude_from_search":false},"product_cat":[20361],"product_tag":[],"class_list":{"0":"post-340891","1":"product","2":"type-product","3":"status-publish","4":"has-post-thumbnail","6":"product_cat-maaramata","8":"first","9":"instock","10":"taxable","11":"shipping-taxable","12":"product-type-simple"},"acf":[],"yoast_head":"<!-- This site is optimized with the Yoast SEO plugin v24.1 - https:\/\/yoast.com\/wordpress\/plugins\/seo\/ -->\n<title>Durvju koka z\u012bme Rayher &#8211; Skizze<\/title>\n<meta name=\"robots\" content=\"noindex, follow, max-snippet:-1, max-image-preview:large, max-video-preview:-1\" \/>\n<meta property=\"og:locale\" content=\"lv_LV\" \/>\n<meta property=\"og:type\" content=\"article\" \/>\n<meta property=\"og:title\" content=\"Durvju koka z\u012bme Rayher &#8211; Skizze\" \/>\n<meta property=\"og:description\" content=\"\u201cL\u016bdzu, netrauc\u0113jiet\u201d &#8211; t\u0101 ir pag\u0101tne, jo tagad, izmantojot \u0161o koka pl\u0101ksni, uz durv\u012bm j\u016bs varat piek\u0101rt savu rado\u0161o v\u0113st\u012bjumu. Neatkar\u012bgi no t\u0101, vai v\u0113laties netrauc\u0113ti nosnausties, pavad\u012bt priv\u0101tus br\u012b\u017eus ar otru pus\u012bti vai, ja p\u0113c ska\u013cas ball\u012btes viesiem nepiecie\u0161ama atp\u016bta, vai v\u0113laties nolikt b\u0113rnus gul\u0113t diendusu, vai glu\u017ei vienk\u0101r\u0161i v\u0113laties mier\u012bgi pavad\u012bt dienu, durvju pl\u0101ksne var b\u016bt elegants un moderns vai smiekl\u012bgs un kr\u0101sains. J\u016bs pat varat uzrakst\u012bt citas mazas zi\u0146as, izmantojot t\u0101feles kr\u0101su.\" \/>\n<meta property=\"og:url\" content=\"https:\/\/hobstop.ee\/lv\/produkts\/durvju-koka-zime-rayher\/\" \/>\n<meta property=\"og:site_name\" content=\"Skizze\" \/>\n<meta property=\"article:publisher\" content=\"http:\/\/www.facebook.com\/VunderSkizze\" \/>\n<meta property=\"og:image\" content=\"https:\/\/hobstop.ee\/media\/4863.jpg\" \/>\n\t<meta property=\"og:image:width\" content=\"1024\" \/>\n\t<meta property=\"og:image:height\" content=\"768\" \/>\n\t<meta property=\"og:image:type\" content=\"image\/jpeg\" \/>\n<meta name=\"twitter:card\" content=\"summary_large_image\" \/>\n<meta name=\"twitter:label1\" content=\"Est. reading time\" \/>\n\t<meta name=\"twitter:data1\" content=\"1 min\u016b\u0161u\" \/>\n<script type=\"application\/ld+json\" class=\"yoast-schema-graph\">{\"@context\":\"https:\/\/schema.org\",\"@graph\":[{\"@type\":\"WebPage\",\"@id\":\"https:\/\/hobstop.ee\/lv\/produkts\/durvju-koka-zime-rayher\/\",\"url\":\"https:\/\/hobstop.ee\/lv\/produkts\/durvju-koka-zime-rayher\/\",\"name\":\"Durvju koka z\u012bme Rayher &#8211; Skizze\",\"isPartOf\":{\"@id\":\"https:\/\/hobstop.ee\/lv\/#website\"},\"primaryImageOfPage\":{\"@id\":\"https:\/\/hobstop.ee\/lv\/produkts\/durvju-koka-zime-rayher\/#primaryimage\"},\"image\":{\"@id\":\"https:\/\/hobstop.ee\/lv\/produkts\/durvju-koka-zime-rayher\/#primaryimage\"},\"thumbnailUrl\":\"https:\/\/hobstop.ee\/media\/4863.jpg\",\"datePublished\":\"2020-04-01T11:56:03+00:00\",\"dateModified\":\"2020-04-01T11:56:03+00:00\",\"breadcrumb\":{\"@id\":\"https:\/\/hobstop.ee\/lv\/produkts\/durvju-koka-zime-rayher\/#breadcrumb\"},\"inLanguage\":\"lv-LV\",\"potentialAction\":[{\"@type\":\"ReadAction\",\"target\":[\"https:\/\/hobstop.ee\/lv\/produkts\/durvju-koka-zime-rayher\/\"]}]},{\"@type\":\"ImageObject\",\"inLanguage\":\"lv-LV\",\"@id\":\"https:\/\/hobstop.ee\/lv\/produkts\/durvju-koka-zime-rayher\/#primaryimage\",\"url\":\"https:\/\/hobstop.ee\/media\/4863.jpg\",\"contentUrl\":\"https:\/\/hobstop.ee\/media\/4863.jpg\",\"width\":1024,\"height\":768},{\"@type\":\"BreadcrumbList\",\"@id\":\"https:\/\/hobstop.ee\/lv\/produkts\/durvju-koka-zime-rayher\/#breadcrumb\",\"itemListElement\":[{\"@type\":\"ListItem\",\"position\":1,\"name\":\"Avaleht\",\"item\":\"https:\/\/hobstop.ee\/lv\/\"},{\"@type\":\"ListItem\",\"position\":2,\"name\":\"Veikals\",\"item\":\"https:\/\/hobstop.ee\/lv\/veikals\/\"},{\"@type\":\"ListItem\",\"position\":3,\"name\":\"Durvju koka z\u012bme Rayher\"}]},{\"@type\":\"WebSite\",\"@id\":\"https:\/\/hobstop.ee\/lv\/#website\",\"url\":\"https:\/\/hobstop.ee\/lv\/\",\"name\":\"Skizze\",\"description\":\"M\u0101kslas, hobiju un skolas preces\",\"publisher\":{\"@id\":\"https:\/\/hobstop.ee\/lv\/#organization\"},\"potentialAction\":[{\"@type\":\"SearchAction\",\"target\":{\"@type\":\"EntryPoint\",\"urlTemplate\":\"https:\/\/hobstop.ee\/lv\/?s={search_term_string}\"},\"query-input\":{\"@type\":\"PropertyValueSpecification\",\"valueRequired\":true,\"valueName\":\"search_term_string\"}}],\"inLanguage\":\"lv-LV\"},{\"@type\":\"Organization\",\"@id\":\"https:\/\/hobstop.ee\/lv\/#organization\",\"name\":\"Vunder AS\",\"url\":\"https:\/\/hobstop.ee\/lv\/\",\"logo\":{\"@type\":\"ImageObject\",\"inLanguage\":\"lv-LV\",\"@id\":\"https:\/\/hobstop.ee\/lv\/#\/schema\/logo\/image\/\",\"url\":\"https:\/\/hobstop.ee\/media\/vunder-logo.png\",\"contentUrl\":\"https:\/\/hobstop.ee\/media\/vunder-logo.png\",\"width\":127,\"height\":55,\"caption\":\"Vunder AS\"},\"image\":{\"@id\":\"https:\/\/hobstop.ee\/lv\/#\/schema\/logo\/image\/\"},\"sameAs\":[\"http:\/\/www.facebook.com\/VunderSkizze\"]}]}<\/script>\n<!-- \/ Yoast SEO plugin. -->","yoast_head_json":{"title":"Durvju koka z\u012bme Rayher &#8211; Skizze","robots":{"index":"noindex","follow":"follow","max-snippet":"max-snippet:-1","max-image-preview":"max-image-preview:large","max-video-preview":"max-video-preview:-1"},"og_locale":"lv_LV","og_type":"article","og_title":"Durvju koka z\u012bme Rayher &#8211; Skizze","og_description":"\u201cL\u016bdzu, netrauc\u0113jiet\u201d &#8211; t\u0101 ir pag\u0101tne, jo tagad, izmantojot \u0161o koka pl\u0101ksni, uz durv\u012bm j\u016bs varat piek\u0101rt savu rado\u0161o v\u0113st\u012bjumu. Neatkar\u012bgi no t\u0101, vai v\u0113laties netrauc\u0113ti nosnausties, pavad\u012bt priv\u0101tus br\u012b\u017eus ar otru pus\u012bti vai, ja p\u0113c ska\u013cas ball\u012btes viesiem nepiecie\u0161ama atp\u016bta, vai v\u0113laties nolikt b\u0113rnus gul\u0113t diendusu, vai glu\u017ei vienk\u0101r\u0161i v\u0113laties mier\u012bgi pavad\u012bt dienu, durvju pl\u0101ksne var b\u016bt elegants un moderns vai smiekl\u012bgs un kr\u0101sains. J\u016bs pat varat uzrakst\u012bt citas mazas zi\u0146as, izmantojot t\u0101feles kr\u0101su.","og_url":"https:\/\/hobstop.ee\/lv\/produkts\/durvju-koka-zime-rayher\/","og_site_name":"Skizze","article_publisher":"http:\/\/www.facebook.com\/VunderSkizze","og_image":[{"width":1024,"height":768,"url":"https:\/\/hobstop.ee\/media\/4863.jpg","type":"image\/jpeg"}],"twitter_card":"summary_large_image","twitter_misc":{"Est. reading time":"1 min\u016b\u0161u"},"schema":{"@context":"https:\/\/schema.org","@graph":[{"@type":"WebPage","@id":"https:\/\/hobstop.ee\/lv\/produkts\/durvju-koka-zime-rayher\/","url":"https:\/\/hobstop.ee\/lv\/produkts\/durvju-koka-zime-rayher\/","name":"Durvju koka z\u012bme Rayher &#8211; Skizze","isPartOf":{"@id":"https:\/\/hobstop.ee\/lv\/#website"},"primaryImageOfPage":{"@id":"https:\/\/hobstop.ee\/lv\/produkts\/durvju-koka-zime-rayher\/#primaryimage"},"image":{"@id":"https:\/\/hobstop.ee\/lv\/produkts\/durvju-koka-zime-rayher\/#primaryimage"},"thumbnailUrl":"https:\/\/hobstop.ee\/media\/4863.jpg","datePublished":"2020-04-01T11:56:03+00:00","dateModified":"2020-04-01T11:56:03+00:00","breadcrumb":{"@id":"https:\/\/hobstop.ee\/lv\/produkts\/durvju-koka-zime-rayher\/#breadcrumb"},"inLanguage":"lv-LV","potentialAction":[{"@type":"ReadAction","target":["https:\/\/hobstop.ee\/lv\/produkts\/durvju-koka-zime-rayher\/"]}]},{"@type":"ImageObject","inLanguage":"lv-LV","@id":"https:\/\/hobstop.ee\/lv\/produkts\/durvju-koka-zime-rayher\/#primaryimage","url":"https:\/\/hobstop.ee\/media\/4863.jpg","contentUrl":"https:\/\/hobstop.ee\/media\/4863.jpg","width":1024,"height":768},{"@type":"BreadcrumbList","@id":"https:\/\/hobstop.ee\/lv\/produkts\/durvju-koka-zime-rayher\/#breadcrumb","itemListElement":[{"@type":"ListItem","position":1,"name":"Avaleht","item":"https:\/\/hobstop.ee\/lv\/"},{"@type":"ListItem","position":2,"name":"Veikals","item":"https:\/\/hobstop.ee\/lv\/veikals\/"},{"@type":"ListItem","position":3,"name":"Durvju koka z\u012bme Rayher"}]},{"@type":"WebSite","@id":"https:\/\/hobstop.ee\/lv\/#website","url":"https:\/\/hobstop.ee\/lv\/","name":"Skizze","description":"M\u0101kslas, hobiju un skolas preces","publisher":{"@id":"https:\/\/hobstop.ee\/lv\/#organization"},"potentialAction":[{"@type":"SearchAction","target":{"@type":"EntryPoint","urlTemplate":"https:\/\/hobstop.ee\/lv\/?s={search_term_string}"},"query-input":{"@type":"PropertyValueSpecification","valueRequired":true,"valueName":"search_term_string"}}],"inLanguage":"lv-LV"},{"@type":"Organization","@id":"https:\/\/hobstop.ee\/lv\/#organization","name":"Vunder AS","url":"https:\/\/hobstop.ee\/lv\/","logo":{"@type":"ImageObject","inLanguage":"lv-LV","@id":"https:\/\/hobstop.ee\/lv\/#\/schema\/logo\/image\/","url":"https:\/\/hobstop.ee\/media\/vunder-logo.png","contentUrl":"https:\/\/hobstop.ee\/media\/vunder-logo.png","width":127,"height":55,"caption":"Vunder AS"},"image":{"@id":"https:\/\/hobstop.ee\/lv\/#\/schema\/logo\/image\/"},"sameAs":["http:\/\/www.facebook.com\/VunderSkizze"]}]}},"_links":{"self":[{"href":"https:\/\/hobstop.ee\/lv\/wp-json\/wp\/v2\/product\/340891","targetHints":{"allow":["GET"]}}],"collection":[{"href":"https:\/\/hobstop.ee\/lv\/wp-json\/wp\/v2\/product"}],"about":[{"href":"https:\/\/hobstop.ee\/lv\/wp-json\/wp\/v2\/types\/product"}],"replies":[{"embeddable":true,"href":"https:\/\/hobstop.ee\/lv\/wp-json\/wp\/v2\/comments?post=340891"}],"wp:featuredmedia":[{"embeddable":true,"href":"https:\/\/hobstop.ee\/lv\/wp-json\/wp\/v2\/media\/353411"}],"wp:attachment":[{"href":"https:\/\/hobstop.ee\/lv\/wp-json\/wp\/v2\/media?parent=340891"}],"wp:term":[{"taxonomy":"product_cat","embeddable":true,"href":"https:\/\/hobstop.ee\/lv\/wp-json\/wp\/v2\/product_cat?post=340891"},{"taxonomy":"product_tag","embeddable":true,"href":"https:\/\/hobstop.ee\/lv\/wp-json\/wp\/v2\/product_tag?post=340891"}],"curies":[{"name":"wp","href":"https:\/\/api.w.org\/{rel}","templated":true}]}}