{"id":340907,"date":"2020-04-01T14:56:33","date_gmt":"2020-04-01T11:56:37","guid":{"rendered":"https:\/\/sharks.ee\/vunder_2019\/product\/koka-pamatne-rayher\/"},"modified":"2020-04-01T14:56:37","modified_gmt":"2020-04-01T11:56:37","slug":"koka-pamatne-rayher","status":"publish","type":"product","link":"https:\/\/hobstop.ee\/lv\/produkts\/koka-pamatne-rayher\/","title":{"rendered":"Koka pamatne Rayher"},"content":{"rendered":"<p>\u0160\u012b modern\u0101 koka papl\u0101te ir lielisks un paman\u0101ms akcents telp\u0101 un praktisks pal\u012bgs. Neatkar\u012bgi no t\u0101, vai t\u0101 tiek izmantota virtuv\u0113, lai pasniegtu omleti glu\u017ei k\u0101 restor\u0101n\u0101, vai k\u0101 moderns dekorat\u012bvs priek\u0161mets, \u0161\u012b koka papl\u0101te vienm\u0113r izskat\u0101s labi! Rado\u0161iem cilv\u0113kiem t\u0101 pied\u0101v\u0101 da\u017e\u0101das rado\u0161\u0101s iesp\u0113jas. Rot\u0101ta salve\u0161u tehnik\u0101, ar kr\u012btainiem kr\u012bti\u0146iem, vai izdai\u013cota ar iededzin\u0101tiem elementiem &#8211; rado\u0161\u0101s iesp\u0113jas ir daudzpus\u012bgas. To var kr\u0101sot vai izmantot k\u0101 sve\u010du paliktni &#8211; t\u0101 b\u016bs skaista dekor\u0101cija jebkur\u0101 gadalaik\u0101. K\u0101 alternat\u012bvu j\u016bs varat to dekor\u0113t ar moza\u012bkas gabali\u0146iem un izmantot to k\u0101 trauku gar\u0161viel\u0101m un e\u013c\u013cai, t\u0101d\u0113j\u0101di radot skaistu akcentu virtuv\u0113. \u0160\u012bs vienk\u0101r\u0161\u0101s koka papl\u0101tes pielieto\u0161anas iesp\u0113jas ir \u013coti daudzpus\u012bgs &#8211; \u013caujieties izt\u0113lei un rado\u0161umam, ta\u010du ar\u012b neapstr\u0101d\u0101ta t\u0101 izskat\u0101s lieliski!<\/p>\n","protected":false},"excerpt":{"rendered":"<p>\u0160\u012b modern\u0101 koka papl\u0101te ir lielisks un paman\u0101ms akcents telp\u0101 un praktisks pal\u012bgs. Neatkar\u012bgi no t\u0101, vai t\u0101 tiek izmantota virtuv\u0113, lai pasniegtu omleti glu\u017ei k\u0101 restor\u0101n\u0101, vai k\u0101 moderns dekorat\u012bvs priek\u0161mets, \u0161\u012b koka papl\u0101te vienm\u0113r izskat\u0101s labi! Rado\u0161iem cilv\u0113kiem t\u0101 pied\u0101v\u0101 da\u017e\u0101das rado\u0161\u0101s iesp\u0113jas. Rot\u0101ta salve\u0161u tehnik\u0101, ar kr\u012btainiem kr\u012bti\u0146iem, vai izdai\u013cota ar iededzin\u0101tiem elementiem &#8211; rado\u0161\u0101s iesp\u0113jas ir daudzpus\u012bgas. To var kr\u0101sot vai izmantot k\u0101 sve\u010du paliktni &#8211; t\u0101 b\u016bs skaista dekor\u0101cija jebkur\u0101 gadalaik\u0101. K\u0101 alternat\u012bvu j\u016bs varat to dekor\u0113t ar moza\u012bkas gabali\u0146iem un izmantot to k\u0101 trauku gar\u0161viel\u0101m un e\u013c\u013cai, t\u0101d\u0113j\u0101di radot skaistu akcentu virtuv\u0113. \u0160\u012bs vienk\u0101r\u0161\u0101s koka papl\u0101tes pielieto\u0161anas iesp\u0113jas ir \u013coti daudzpus\u012bgs &#8211; \u013caujieties izt\u0113lei un rado\u0161umam, ta\u010du ar\u012b neapstr\u0101d\u0101ta t\u0101 izskat\u0101s lieliski!<\/p>\n","protected":false},"featured_media":353319,"comment_status":"closed","ping_status":"closed","template":"","meta":{"_acf_changed":false,"ep_exclude_from_search":false},"product_cat":[20361],"product_tag":[],"class_list":{"0":"post-340907","1":"product","2":"type-product","3":"status-publish","4":"has-post-thumbnail","6":"product_cat-maaramata","8":"first","9":"instock","10":"taxable","11":"shipping-taxable","12":"product-type-simple"},"acf":[],"yoast_head":"<!-- This site is optimized with the Yoast SEO plugin v24.1 - https:\/\/yoast.com\/wordpress\/plugins\/seo\/ -->\n<title>Koka pamatne Rayher &#8211; Skizze<\/title>\n<meta name=\"robots\" content=\"noindex, follow, max-snippet:-1, max-image-preview:large, max-video-preview:-1\" \/>\n<meta property=\"og:locale\" content=\"lv_LV\" \/>\n<meta property=\"og:type\" content=\"article\" \/>\n<meta property=\"og:title\" content=\"Koka pamatne Rayher &#8211; Skizze\" \/>\n<meta property=\"og:description\" content=\"\u0160\u012b modern\u0101 koka papl\u0101te ir lielisks un paman\u0101ms akcents telp\u0101 un praktisks pal\u012bgs. Neatkar\u012bgi no t\u0101, vai t\u0101 tiek izmantota virtuv\u0113, lai pasniegtu omleti glu\u017ei k\u0101 restor\u0101n\u0101, vai k\u0101 moderns dekorat\u012bvs priek\u0161mets, \u0161\u012b koka papl\u0101te vienm\u0113r izskat\u0101s labi! Rado\u0161iem cilv\u0113kiem t\u0101 pied\u0101v\u0101 da\u017e\u0101das rado\u0161\u0101s iesp\u0113jas. Rot\u0101ta salve\u0161u tehnik\u0101, ar kr\u012btainiem kr\u012bti\u0146iem, vai izdai\u013cota ar iededzin\u0101tiem elementiem &#8211; rado\u0161\u0101s iesp\u0113jas ir daudzpus\u012bgas. To var kr\u0101sot vai izmantot k\u0101 sve\u010du paliktni &#8211; t\u0101 b\u016bs skaista dekor\u0101cija jebkur\u0101 gadalaik\u0101. K\u0101 alternat\u012bvu j\u016bs varat to dekor\u0113t ar moza\u012bkas gabali\u0146iem un izmantot to k\u0101 trauku gar\u0161viel\u0101m un e\u013c\u013cai, t\u0101d\u0113j\u0101di radot skaistu akcentu virtuv\u0113. \u0160\u012bs vienk\u0101r\u0161\u0101s koka papl\u0101tes pielieto\u0161anas iesp\u0113jas ir \u013coti daudzpus\u012bgs &#8211; \u013caujieties izt\u0113lei un rado\u0161umam, ta\u010du ar\u012b neapstr\u0101d\u0101ta t\u0101 izskat\u0101s lieliski!\" \/>\n<meta property=\"og:url\" content=\"https:\/\/hobstop.ee\/lv\/produkts\/koka-pamatne-rayher\/\" \/>\n<meta property=\"og:site_name\" content=\"Skizze\" \/>\n<meta property=\"article:publisher\" content=\"http:\/\/www.facebook.com\/VunderSkizze\" \/>\n<meta property=\"og:image\" content=\"https:\/\/hobstop.ee\/media\/4869.jpg\" \/>\n\t<meta property=\"og:image:width\" content=\"1024\" \/>\n\t<meta property=\"og:image:height\" content=\"768\" \/>\n\t<meta property=\"og:image:type\" content=\"image\/jpeg\" \/>\n<meta name=\"twitter:card\" content=\"summary_large_image\" \/>\n<meta name=\"twitter:label1\" content=\"Est. reading time\" \/>\n\t<meta name=\"twitter:data1\" content=\"1 min\u016b\u0161u\" \/>\n<script type=\"application\/ld+json\" class=\"yoast-schema-graph\">{\"@context\":\"https:\/\/schema.org\",\"@graph\":[{\"@type\":\"WebPage\",\"@id\":\"https:\/\/hobstop.ee\/lv\/produkts\/koka-pamatne-rayher\/\",\"url\":\"https:\/\/hobstop.ee\/lv\/produkts\/koka-pamatne-rayher\/\",\"name\":\"Koka pamatne Rayher &#8211; Skizze\",\"isPartOf\":{\"@id\":\"https:\/\/www.hobstop.ee\/lv\/#website\"},\"primaryImageOfPage\":{\"@id\":\"https:\/\/hobstop.ee\/lv\/produkts\/koka-pamatne-rayher\/#primaryimage\"},\"image\":{\"@id\":\"https:\/\/hobstop.ee\/lv\/produkts\/koka-pamatne-rayher\/#primaryimage\"},\"thumbnailUrl\":\"https:\/\/hobstop.ee\/media\/4869.jpg\",\"datePublished\":\"2020-04-01T11:56:37+00:00\",\"dateModified\":\"2020-04-01T11:56:37+00:00\",\"breadcrumb\":{\"@id\":\"https:\/\/hobstop.ee\/lv\/produkts\/koka-pamatne-rayher\/#breadcrumb\"},\"inLanguage\":\"lv-LV\",\"potentialAction\":[{\"@type\":\"ReadAction\",\"target\":[\"https:\/\/hobstop.ee\/lv\/produkts\/koka-pamatne-rayher\/\"]}]},{\"@type\":\"ImageObject\",\"inLanguage\":\"lv-LV\",\"@id\":\"https:\/\/hobstop.ee\/lv\/produkts\/koka-pamatne-rayher\/#primaryimage\",\"url\":\"https:\/\/hobstop.ee\/media\/4869.jpg\",\"contentUrl\":\"https:\/\/hobstop.ee\/media\/4869.jpg\",\"width\":1024,\"height\":768},{\"@type\":\"BreadcrumbList\",\"@id\":\"https:\/\/hobstop.ee\/lv\/produkts\/koka-pamatne-rayher\/#breadcrumb\",\"itemListElement\":[{\"@type\":\"ListItem\",\"position\":1,\"name\":\"Avaleht\",\"item\":\"https:\/\/www.hobstop.ee\/lv\/\"},{\"@type\":\"ListItem\",\"position\":2,\"name\":\"Veikals\",\"item\":\"https:\/\/www.hobstop.ee\/lv\/veikals\/\"},{\"@type\":\"ListItem\",\"position\":3,\"name\":\"Koka pamatne Rayher\"}]},{\"@type\":\"WebSite\",\"@id\":\"https:\/\/www.hobstop.ee\/lv\/#website\",\"url\":\"https:\/\/www.hobstop.ee\/lv\/\",\"name\":\"Skizze\",\"description\":\"M\u0101kslas, hobiju un skolas preces\",\"publisher\":{\"@id\":\"https:\/\/www.hobstop.ee\/lv\/#organization\"},\"potentialAction\":[{\"@type\":\"SearchAction\",\"target\":{\"@type\":\"EntryPoint\",\"urlTemplate\":\"https:\/\/www.hobstop.ee\/lv\/?s={search_term_string}\"},\"query-input\":{\"@type\":\"PropertyValueSpecification\",\"valueRequired\":true,\"valueName\":\"search_term_string\"}}],\"inLanguage\":\"lv-LV\"},{\"@type\":\"Organization\",\"@id\":\"https:\/\/www.hobstop.ee\/lv\/#organization\",\"name\":\"Vunder AS\",\"url\":\"https:\/\/www.hobstop.ee\/lv\/\",\"logo\":{\"@type\":\"ImageObject\",\"inLanguage\":\"lv-LV\",\"@id\":\"https:\/\/www.hobstop.ee\/lv\/#\/schema\/logo\/image\/\",\"url\":\"https:\/\/hobstop.ee\/media\/vunder-logo.png\",\"contentUrl\":\"https:\/\/hobstop.ee\/media\/vunder-logo.png\",\"width\":127,\"height\":55,\"caption\":\"Vunder AS\"},\"image\":{\"@id\":\"https:\/\/www.hobstop.ee\/lv\/#\/schema\/logo\/image\/\"},\"sameAs\":[\"http:\/\/www.facebook.com\/VunderSkizze\"]}]}<\/script>\n<!-- \/ Yoast SEO plugin. -->","yoast_head_json":{"title":"Koka pamatne Rayher &#8211; Skizze","robots":{"index":"noindex","follow":"follow","max-snippet":"max-snippet:-1","max-image-preview":"max-image-preview:large","max-video-preview":"max-video-preview:-1"},"og_locale":"lv_LV","og_type":"article","og_title":"Koka pamatne Rayher &#8211; Skizze","og_description":"\u0160\u012b modern\u0101 koka papl\u0101te ir lielisks un paman\u0101ms akcents telp\u0101 un praktisks pal\u012bgs. Neatkar\u012bgi no t\u0101, vai t\u0101 tiek izmantota virtuv\u0113, lai pasniegtu omleti glu\u017ei k\u0101 restor\u0101n\u0101, vai k\u0101 moderns dekorat\u012bvs priek\u0161mets, \u0161\u012b koka papl\u0101te vienm\u0113r izskat\u0101s labi! Rado\u0161iem cilv\u0113kiem t\u0101 pied\u0101v\u0101 da\u017e\u0101das rado\u0161\u0101s iesp\u0113jas. Rot\u0101ta salve\u0161u tehnik\u0101, ar kr\u012btainiem kr\u012bti\u0146iem, vai izdai\u013cota ar iededzin\u0101tiem elementiem &#8211; rado\u0161\u0101s iesp\u0113jas ir daudzpus\u012bgas. To var kr\u0101sot vai izmantot k\u0101 sve\u010du paliktni &#8211; t\u0101 b\u016bs skaista dekor\u0101cija jebkur\u0101 gadalaik\u0101. K\u0101 alternat\u012bvu j\u016bs varat to dekor\u0113t ar moza\u012bkas gabali\u0146iem un izmantot to k\u0101 trauku gar\u0161viel\u0101m un e\u013c\u013cai, t\u0101d\u0113j\u0101di radot skaistu akcentu virtuv\u0113. \u0160\u012bs vienk\u0101r\u0161\u0101s koka papl\u0101tes pielieto\u0161anas iesp\u0113jas ir \u013coti daudzpus\u012bgs &#8211; \u013caujieties izt\u0113lei un rado\u0161umam, ta\u010du ar\u012b neapstr\u0101d\u0101ta t\u0101 izskat\u0101s lieliski!","og_url":"https:\/\/hobstop.ee\/lv\/produkts\/koka-pamatne-rayher\/","og_site_name":"Skizze","article_publisher":"http:\/\/www.facebook.com\/VunderSkizze","og_image":[{"width":1024,"height":768,"url":"https:\/\/hobstop.ee\/media\/4869.jpg","type":"image\/jpeg"}],"twitter_card":"summary_large_image","twitter_misc":{"Est. reading time":"1 min\u016b\u0161u"},"schema":{"@context":"https:\/\/schema.org","@graph":[{"@type":"WebPage","@id":"https:\/\/hobstop.ee\/lv\/produkts\/koka-pamatne-rayher\/","url":"https:\/\/hobstop.ee\/lv\/produkts\/koka-pamatne-rayher\/","name":"Koka pamatne Rayher &#8211; Skizze","isPartOf":{"@id":"https:\/\/www.hobstop.ee\/lv\/#website"},"primaryImageOfPage":{"@id":"https:\/\/hobstop.ee\/lv\/produkts\/koka-pamatne-rayher\/#primaryimage"},"image":{"@id":"https:\/\/hobstop.ee\/lv\/produkts\/koka-pamatne-rayher\/#primaryimage"},"thumbnailUrl":"https:\/\/hobstop.ee\/media\/4869.jpg","datePublished":"2020-04-01T11:56:37+00:00","dateModified":"2020-04-01T11:56:37+00:00","breadcrumb":{"@id":"https:\/\/hobstop.ee\/lv\/produkts\/koka-pamatne-rayher\/#breadcrumb"},"inLanguage":"lv-LV","potentialAction":[{"@type":"ReadAction","target":["https:\/\/hobstop.ee\/lv\/produkts\/koka-pamatne-rayher\/"]}]},{"@type":"ImageObject","inLanguage":"lv-LV","@id":"https:\/\/hobstop.ee\/lv\/produkts\/koka-pamatne-rayher\/#primaryimage","url":"https:\/\/hobstop.ee\/media\/4869.jpg","contentUrl":"https:\/\/hobstop.ee\/media\/4869.jpg","width":1024,"height":768},{"@type":"BreadcrumbList","@id":"https:\/\/hobstop.ee\/lv\/produkts\/koka-pamatne-rayher\/#breadcrumb","itemListElement":[{"@type":"ListItem","position":1,"name":"Avaleht","item":"https:\/\/www.hobstop.ee\/lv\/"},{"@type":"ListItem","position":2,"name":"Veikals","item":"https:\/\/www.hobstop.ee\/lv\/veikals\/"},{"@type":"ListItem","position":3,"name":"Koka pamatne Rayher"}]},{"@type":"WebSite","@id":"https:\/\/www.hobstop.ee\/lv\/#website","url":"https:\/\/www.hobstop.ee\/lv\/","name":"Skizze","description":"M\u0101kslas, hobiju un skolas preces","publisher":{"@id":"https:\/\/www.hobstop.ee\/lv\/#organization"},"potentialAction":[{"@type":"SearchAction","target":{"@type":"EntryPoint","urlTemplate":"https:\/\/www.hobstop.ee\/lv\/?s={search_term_string}"},"query-input":{"@type":"PropertyValueSpecification","valueRequired":true,"valueName":"search_term_string"}}],"inLanguage":"lv-LV"},{"@type":"Organization","@id":"https:\/\/www.hobstop.ee\/lv\/#organization","name":"Vunder AS","url":"https:\/\/www.hobstop.ee\/lv\/","logo":{"@type":"ImageObject","inLanguage":"lv-LV","@id":"https:\/\/www.hobstop.ee\/lv\/#\/schema\/logo\/image\/","url":"https:\/\/hobstop.ee\/media\/vunder-logo.png","contentUrl":"https:\/\/hobstop.ee\/media\/vunder-logo.png","width":127,"height":55,"caption":"Vunder AS"},"image":{"@id":"https:\/\/www.hobstop.ee\/lv\/#\/schema\/logo\/image\/"},"sameAs":["http:\/\/www.facebook.com\/VunderSkizze"]}]}},"_links":{"self":[{"href":"https:\/\/hobstop.ee\/lv\/wp-json\/wp\/v2\/product\/340907","targetHints":{"allow":["GET"]}}],"collection":[{"href":"https:\/\/hobstop.ee\/lv\/wp-json\/wp\/v2\/product"}],"about":[{"href":"https:\/\/hobstop.ee\/lv\/wp-json\/wp\/v2\/types\/product"}],"replies":[{"embeddable":true,"href":"https:\/\/hobstop.ee\/lv\/wp-json\/wp\/v2\/comments?post=340907"}],"wp:featuredmedia":[{"embeddable":true,"href":"https:\/\/hobstop.ee\/lv\/wp-json\/wp\/v2\/media\/353319"}],"wp:attachment":[{"href":"https:\/\/hobstop.ee\/lv\/wp-json\/wp\/v2\/media?parent=340907"}],"wp:term":[{"taxonomy":"product_cat","embeddable":true,"href":"https:\/\/hobstop.ee\/lv\/wp-json\/wp\/v2\/product_cat?post=340907"},{"taxonomy":"product_tag","embeddable":true,"href":"https:\/\/hobstop.ee\/lv\/wp-json\/wp\/v2\/product_tag?post=340907"}],"curies":[{"name":"wp","href":"https:\/\/api.w.org\/{rel}","templated":true}]}}