{"id":340911,"date":"2020-04-01T14:56:41","date_gmt":"2020-04-01T11:56:45","guid":{"rendered":"https:\/\/sharks.ee\/vunder_2019\/product\/stieplu-visanas-pamatne-rayher\/"},"modified":"2020-04-01T14:56:45","modified_gmt":"2020-04-01T11:56:45","slug":"stieplu-visanas-pamatne-rayher","status":"publish","type":"product","link":"https:\/\/hobstop.ee\/lv\/produkts\/stieplu-visanas-pamatne-rayher\/","title":{"rendered":"Stiep\u013cu v\u012b\u0161anas pamatne Rayher"},"content":{"rendered":"<p>Rad\u012bt\u0101ja gredzenus, rot\u0101jumus, kulonus, auskarus un citas rotaslietas. Izv\u0113lieties serde\u0146a formu (ov\u0101lu, apli, tr\u012bsst\u016bri vai kvadr\u0101tu), ievietojiet to roktur\u012b, pievienojiet stiepli pie serde\u0146a un aptiniet to. Ja v\u0113laties, varat iek\u013caut papildpriek\u0161metus, piem\u0113ram, krelles, lentes utt.<\/p>\n","protected":false},"excerpt":{"rendered":"<p>Rad\u012bt\u0101ja gredzenus, rot\u0101jumus, kulonus, auskarus un citas rotaslietas. Izv\u0113lieties serde\u0146a formu (ov\u0101lu, apli, tr\u012bsst\u016bri vai kvadr\u0101tu), ievietojiet to roktur\u012b, pievienojiet stiepli pie serde\u0146a un aptiniet to. Ja v\u0113laties, varat iek\u013caut papildpriek\u0161metus, piem\u0113ram, krelles, lentes utt.<\/p>\n","protected":false},"featured_media":353407,"comment_status":"closed","ping_status":"closed","template":"","meta":{"_acf_changed":false,"ep_exclude_from_search":false},"product_cat":[20361],"product_tag":[],"class_list":{"0":"post-340911","1":"product","2":"type-product","3":"status-publish","4":"has-post-thumbnail","6":"product_cat-maaramata","8":"first","9":"instock","10":"taxable","11":"shipping-taxable","12":"product-type-simple"},"acf":[],"yoast_head":"<!-- This site is optimized with the Yoast SEO plugin v24.1 - https:\/\/yoast.com\/wordpress\/plugins\/seo\/ -->\n<title>Stiep\u013cu v\u012b\u0161anas pamatne Rayher &#8211; Skizze<\/title>\n<meta name=\"robots\" content=\"noindex, follow, max-snippet:-1, max-image-preview:large, max-video-preview:-1\" \/>\n<meta property=\"og:locale\" content=\"lv_LV\" \/>\n<meta property=\"og:type\" content=\"article\" \/>\n<meta property=\"og:title\" content=\"Stiep\u013cu v\u012b\u0161anas pamatne Rayher &#8211; Skizze\" \/>\n<meta property=\"og:description\" content=\"Rad\u012bt\u0101ja gredzenus, rot\u0101jumus, kulonus, auskarus un citas rotaslietas. Izv\u0113lieties serde\u0146a formu (ov\u0101lu, apli, tr\u012bsst\u016bri vai kvadr\u0101tu), ievietojiet to roktur\u012b, pievienojiet stiepli pie serde\u0146a un aptiniet to. Ja v\u0113laties, varat iek\u013caut papildpriek\u0161metus, piem\u0113ram, krelles, lentes utt.\" \/>\n<meta property=\"og:url\" content=\"https:\/\/hobstop.ee\/lv\/produkts\/stieplu-visanas-pamatne-rayher\/\" \/>\n<meta property=\"og:site_name\" content=\"Skizze\" \/>\n<meta property=\"article:publisher\" content=\"http:\/\/www.facebook.com\/VunderSkizze\" \/>\n<meta property=\"og:image\" content=\"https:\/\/hobstop.ee\/media\/4871.jpg\" \/>\n\t<meta property=\"og:image:width\" content=\"1024\" \/>\n\t<meta property=\"og:image:height\" content=\"768\" \/>\n\t<meta property=\"og:image:type\" content=\"image\/jpeg\" \/>\n<meta name=\"twitter:card\" content=\"summary_large_image\" \/>\n<script type=\"application\/ld+json\" class=\"yoast-schema-graph\">{\"@context\":\"https:\/\/schema.org\",\"@graph\":[{\"@type\":\"WebPage\",\"@id\":\"https:\/\/hobstop.ee\/lv\/produkts\/stieplu-visanas-pamatne-rayher\/\",\"url\":\"https:\/\/hobstop.ee\/lv\/produkts\/stieplu-visanas-pamatne-rayher\/\",\"name\":\"Stiep\u013cu v\u012b\u0161anas pamatne Rayher &#8211; Skizze\",\"isPartOf\":{\"@id\":\"https:\/\/hobstop.ee\/lv\/#website\"},\"primaryImageOfPage\":{\"@id\":\"https:\/\/hobstop.ee\/lv\/produkts\/stieplu-visanas-pamatne-rayher\/#primaryimage\"},\"image\":{\"@id\":\"https:\/\/hobstop.ee\/lv\/produkts\/stieplu-visanas-pamatne-rayher\/#primaryimage\"},\"thumbnailUrl\":\"https:\/\/hobstop.ee\/media\/4871.jpg\",\"datePublished\":\"2020-04-01T11:56:45+00:00\",\"dateModified\":\"2020-04-01T11:56:45+00:00\",\"breadcrumb\":{\"@id\":\"https:\/\/hobstop.ee\/lv\/produkts\/stieplu-visanas-pamatne-rayher\/#breadcrumb\"},\"inLanguage\":\"lv-LV\",\"potentialAction\":[{\"@type\":\"ReadAction\",\"target\":[\"https:\/\/hobstop.ee\/lv\/produkts\/stieplu-visanas-pamatne-rayher\/\"]}]},{\"@type\":\"ImageObject\",\"inLanguage\":\"lv-LV\",\"@id\":\"https:\/\/hobstop.ee\/lv\/produkts\/stieplu-visanas-pamatne-rayher\/#primaryimage\",\"url\":\"https:\/\/hobstop.ee\/media\/4871.jpg\",\"contentUrl\":\"https:\/\/hobstop.ee\/media\/4871.jpg\",\"width\":1024,\"height\":768},{\"@type\":\"BreadcrumbList\",\"@id\":\"https:\/\/hobstop.ee\/lv\/produkts\/stieplu-visanas-pamatne-rayher\/#breadcrumb\",\"itemListElement\":[{\"@type\":\"ListItem\",\"position\":1,\"name\":\"Avaleht\",\"item\":\"https:\/\/www.hobstop.ee\/lv\/\"},{\"@type\":\"ListItem\",\"position\":2,\"name\":\"Veikals\",\"item\":\"https:\/\/www.hobstop.ee\/lv\/veikals\/\"},{\"@type\":\"ListItem\",\"position\":3,\"name\":\"Stiep\u013cu v\u012b\u0161anas pamatne Rayher\"}]},{\"@type\":\"WebSite\",\"@id\":\"https:\/\/hobstop.ee\/lv\/#website\",\"url\":\"https:\/\/hobstop.ee\/lv\/\",\"name\":\"Skizze\",\"description\":\"M\u0101kslas, hobiju un skolas preces\",\"publisher\":{\"@id\":\"https:\/\/hobstop.ee\/lv\/#organization\"},\"potentialAction\":[{\"@type\":\"SearchAction\",\"target\":{\"@type\":\"EntryPoint\",\"urlTemplate\":\"https:\/\/hobstop.ee\/lv\/?s={search_term_string}\"},\"query-input\":{\"@type\":\"PropertyValueSpecification\",\"valueRequired\":true,\"valueName\":\"search_term_string\"}}],\"inLanguage\":\"lv-LV\"},{\"@type\":\"Organization\",\"@id\":\"https:\/\/hobstop.ee\/lv\/#organization\",\"name\":\"Vunder AS\",\"url\":\"https:\/\/hobstop.ee\/lv\/\",\"logo\":{\"@type\":\"ImageObject\",\"inLanguage\":\"lv-LV\",\"@id\":\"https:\/\/hobstop.ee\/lv\/#\/schema\/logo\/image\/\",\"url\":\"https:\/\/hobstop.ee\/media\/vunder-logo.png\",\"contentUrl\":\"https:\/\/hobstop.ee\/media\/vunder-logo.png\",\"width\":127,\"height\":55,\"caption\":\"Vunder AS\"},\"image\":{\"@id\":\"https:\/\/hobstop.ee\/lv\/#\/schema\/logo\/image\/\"},\"sameAs\":[\"http:\/\/www.facebook.com\/VunderSkizze\"]}]}<\/script>\n<!-- \/ Yoast SEO plugin. -->","yoast_head_json":{"title":"Stiep\u013cu v\u012b\u0161anas pamatne Rayher &#8211; Skizze","robots":{"index":"noindex","follow":"follow","max-snippet":"max-snippet:-1","max-image-preview":"max-image-preview:large","max-video-preview":"max-video-preview:-1"},"og_locale":"lv_LV","og_type":"article","og_title":"Stiep\u013cu v\u012b\u0161anas pamatne Rayher &#8211; Skizze","og_description":"Rad\u012bt\u0101ja gredzenus, rot\u0101jumus, kulonus, auskarus un citas rotaslietas. Izv\u0113lieties serde\u0146a formu (ov\u0101lu, apli, tr\u012bsst\u016bri vai kvadr\u0101tu), ievietojiet to roktur\u012b, pievienojiet stiepli pie serde\u0146a un aptiniet to. Ja v\u0113laties, varat iek\u013caut papildpriek\u0161metus, piem\u0113ram, krelles, lentes utt.","og_url":"https:\/\/hobstop.ee\/lv\/produkts\/stieplu-visanas-pamatne-rayher\/","og_site_name":"Skizze","article_publisher":"http:\/\/www.facebook.com\/VunderSkizze","og_image":[{"width":1024,"height":768,"url":"https:\/\/hobstop.ee\/media\/4871.jpg","type":"image\/jpeg"}],"twitter_card":"summary_large_image","schema":{"@context":"https:\/\/schema.org","@graph":[{"@type":"WebPage","@id":"https:\/\/hobstop.ee\/lv\/produkts\/stieplu-visanas-pamatne-rayher\/","url":"https:\/\/hobstop.ee\/lv\/produkts\/stieplu-visanas-pamatne-rayher\/","name":"Stiep\u013cu v\u012b\u0161anas pamatne Rayher &#8211; Skizze","isPartOf":{"@id":"https:\/\/hobstop.ee\/lv\/#website"},"primaryImageOfPage":{"@id":"https:\/\/hobstop.ee\/lv\/produkts\/stieplu-visanas-pamatne-rayher\/#primaryimage"},"image":{"@id":"https:\/\/hobstop.ee\/lv\/produkts\/stieplu-visanas-pamatne-rayher\/#primaryimage"},"thumbnailUrl":"https:\/\/hobstop.ee\/media\/4871.jpg","datePublished":"2020-04-01T11:56:45+00:00","dateModified":"2020-04-01T11:56:45+00:00","breadcrumb":{"@id":"https:\/\/hobstop.ee\/lv\/produkts\/stieplu-visanas-pamatne-rayher\/#breadcrumb"},"inLanguage":"lv-LV","potentialAction":[{"@type":"ReadAction","target":["https:\/\/hobstop.ee\/lv\/produkts\/stieplu-visanas-pamatne-rayher\/"]}]},{"@type":"ImageObject","inLanguage":"lv-LV","@id":"https:\/\/hobstop.ee\/lv\/produkts\/stieplu-visanas-pamatne-rayher\/#primaryimage","url":"https:\/\/hobstop.ee\/media\/4871.jpg","contentUrl":"https:\/\/hobstop.ee\/media\/4871.jpg","width":1024,"height":768},{"@type":"BreadcrumbList","@id":"https:\/\/hobstop.ee\/lv\/produkts\/stieplu-visanas-pamatne-rayher\/#breadcrumb","itemListElement":[{"@type":"ListItem","position":1,"name":"Avaleht","item":"https:\/\/www.hobstop.ee\/lv\/"},{"@type":"ListItem","position":2,"name":"Veikals","item":"https:\/\/www.hobstop.ee\/lv\/veikals\/"},{"@type":"ListItem","position":3,"name":"Stiep\u013cu v\u012b\u0161anas pamatne Rayher"}]},{"@type":"WebSite","@id":"https:\/\/hobstop.ee\/lv\/#website","url":"https:\/\/hobstop.ee\/lv\/","name":"Skizze","description":"M\u0101kslas, hobiju un skolas preces","publisher":{"@id":"https:\/\/hobstop.ee\/lv\/#organization"},"potentialAction":[{"@type":"SearchAction","target":{"@type":"EntryPoint","urlTemplate":"https:\/\/hobstop.ee\/lv\/?s={search_term_string}"},"query-input":{"@type":"PropertyValueSpecification","valueRequired":true,"valueName":"search_term_string"}}],"inLanguage":"lv-LV"},{"@type":"Organization","@id":"https:\/\/hobstop.ee\/lv\/#organization","name":"Vunder AS","url":"https:\/\/hobstop.ee\/lv\/","logo":{"@type":"ImageObject","inLanguage":"lv-LV","@id":"https:\/\/hobstop.ee\/lv\/#\/schema\/logo\/image\/","url":"https:\/\/hobstop.ee\/media\/vunder-logo.png","contentUrl":"https:\/\/hobstop.ee\/media\/vunder-logo.png","width":127,"height":55,"caption":"Vunder AS"},"image":{"@id":"https:\/\/hobstop.ee\/lv\/#\/schema\/logo\/image\/"},"sameAs":["http:\/\/www.facebook.com\/VunderSkizze"]}]}},"_links":{"self":[{"href":"https:\/\/hobstop.ee\/lv\/wp-json\/wp\/v2\/product\/340911","targetHints":{"allow":["GET"]}}],"collection":[{"href":"https:\/\/hobstop.ee\/lv\/wp-json\/wp\/v2\/product"}],"about":[{"href":"https:\/\/hobstop.ee\/lv\/wp-json\/wp\/v2\/types\/product"}],"replies":[{"embeddable":true,"href":"https:\/\/hobstop.ee\/lv\/wp-json\/wp\/v2\/comments?post=340911"}],"wp:featuredmedia":[{"embeddable":true,"href":"https:\/\/hobstop.ee\/lv\/wp-json\/wp\/v2\/media\/353407"}],"wp:attachment":[{"href":"https:\/\/hobstop.ee\/lv\/wp-json\/wp\/v2\/media?parent=340911"}],"wp:term":[{"taxonomy":"product_cat","embeddable":true,"href":"https:\/\/hobstop.ee\/lv\/wp-json\/wp\/v2\/product_cat?post=340911"},{"taxonomy":"product_tag","embeddable":true,"href":"https:\/\/hobstop.ee\/lv\/wp-json\/wp\/v2\/product_tag?post=340911"}],"curies":[{"name":"wp","href":"https:\/\/api.w.org\/{rel}","templated":true}]}}