{"id":340967,"date":"2020-04-01T14:58:39","date_gmt":"2020-04-01T11:58:42","guid":{"rendered":"https:\/\/sharks.ee\/vunder_2019\/product\/led-spuldze-daylight-dienasgaismas-e27\/"},"modified":"2020-04-01T14:58:42","modified_gmt":"2020-04-01T11:58:42","slug":"led-spuldze-daylight-dienasgaismas-e27","status":"publish","type":"product","link":"https:\/\/hobstop.ee\/lv\/produkts\/led-spuldze-daylight-dienasgaismas-e27\/","title":{"rendered":"LED spuldze Daylight (dienasgaismas) E27"},"content":{"rendered":"<p>Augstas veiktsp\u0113jas LED spuldze, kas izstaro \u012bstu dienasgaismu ar 6000\u00baK. R\u016bp\u0113jieties par savu acu vesel\u012bbu un redzi \u2013 baudiet dz\u012bvi paties\u0101s kr\u0101sas! T\u0101d\u0101s, k\u0101das t\u0101s ir paties\u012bb\u0101! T\u0101 iesl\u0113dzas uzreiz piln\u0101 spilgtum\u0101 un pat\u0113r\u0113 par aptuveni 80% maz\u0101k ener\u0123ijas*. 15000 stundas** spilgtas dienasgaismas un ap 40000 iesl\u0113g\u0161anas ciklu. \u012apa\u0161i dro\u0161a \u2013 zems karstuma avots un izgatavots no nepl\u012bsto\u0161a materi\u0101la. Apgaismojuma intensit\u0101ti regul\u0113t nevar.<br \/>\n* aptuvens ietaup\u012bjums sal\u012bdzin\u0101jum\u0101 ar kv\u0113lspuldzi; ** 15 gadu gaismas ~ 2,7 stundas dien\u0101<\/p>\n","protected":false},"excerpt":{"rendered":"<p>Augstas veiktsp\u0113jas LED spuldze, kas izstaro \u012bstu dienasgaismu ar 6000\u00baK. R\u016bp\u0113jieties par savu acu vesel\u012bbu un redzi \u2013 baudiet dz\u012bvi paties\u0101s kr\u0101sas! T\u0101d\u0101s, k\u0101das t\u0101s ir paties\u012bb\u0101! T\u0101 iesl\u0113dzas uzreiz piln\u0101 spilgtum\u0101 un pat\u0113r\u0113 par aptuveni 80% maz\u0101k ener\u0123ijas*. 15000 stundas** spilgtas dienasgaismas un ap 40000 iesl\u0113g\u0161anas ciklu. \u012apa\u0161i dro\u0161a \u2013 zems karstuma avots un izgatavots no nepl\u012bsto\u0161a materi\u0101la. Apgaismojuma intensit\u0101ti regul\u0113t nevar. * aptuvens ietaup\u012bjums sal\u012bdzin\u0101jum\u0101 ar kv\u0113lspuldzi; ** 15 gadu gaismas ~ 2,7 stundas dien\u0101<\/p>\n","protected":false},"featured_media":354067,"comment_status":"closed","ping_status":"closed","template":"","meta":{"_acf_changed":false,"ep_exclude_from_search":false},"product_cat":[20361],"product_tag":[],"class_list":{"0":"post-340967","1":"product","2":"type-product","3":"status-publish","4":"has-post-thumbnail","6":"product_cat-maaramata","8":"first","9":"instock","10":"taxable","11":"shipping-taxable","12":"product-type-simple"},"acf":[],"yoast_head":"<!-- This site is optimized with the Yoast SEO plugin v24.1 - https:\/\/yoast.com\/wordpress\/plugins\/seo\/ -->\n<title>LED spuldze Daylight (dienasgaismas) E27 &#8211; Skizze<\/title>\n<meta name=\"robots\" content=\"noindex, follow, max-snippet:-1, max-image-preview:large, max-video-preview:-1\" \/>\n<meta property=\"og:locale\" content=\"lv_LV\" \/>\n<meta property=\"og:type\" content=\"article\" \/>\n<meta property=\"og:title\" content=\"LED spuldze Daylight (dienasgaismas) E27 &#8211; Skizze\" \/>\n<meta property=\"og:description\" content=\"Augstas veiktsp\u0113jas LED spuldze, kas izstaro \u012bstu dienasgaismu ar 6000\u00baK. R\u016bp\u0113jieties par savu acu vesel\u012bbu un redzi \u2013 baudiet dz\u012bvi paties\u0101s kr\u0101sas! T\u0101d\u0101s, k\u0101das t\u0101s ir paties\u012bb\u0101! T\u0101 iesl\u0113dzas uzreiz piln\u0101 spilgtum\u0101 un pat\u0113r\u0113 par aptuveni 80% maz\u0101k ener\u0123ijas*. 15000 stundas** spilgtas dienasgaismas un ap 40000 iesl\u0113g\u0161anas ciklu. \u012apa\u0161i dro\u0161a \u2013 zems karstuma avots un izgatavots no nepl\u012bsto\u0161a materi\u0101la. Apgaismojuma intensit\u0101ti regul\u0113t nevar. * aptuvens ietaup\u012bjums sal\u012bdzin\u0101jum\u0101 ar kv\u0113lspuldzi; ** 15 gadu gaismas ~ 2,7 stundas dien\u0101\" \/>\n<meta property=\"og:url\" content=\"https:\/\/hobstop.ee\/lv\/produkts\/led-spuldze-daylight-dienasgaismas-e27\/\" \/>\n<meta property=\"og:site_name\" content=\"Skizze\" \/>\n<meta property=\"article:publisher\" content=\"http:\/\/www.facebook.com\/VunderSkizze\" \/>\n<meta property=\"og:image\" content=\"https:\/\/hobstop.ee\/media\/5055.jpg\" \/>\n\t<meta property=\"og:image:width\" content=\"1024\" \/>\n\t<meta property=\"og:image:height\" content=\"768\" \/>\n\t<meta property=\"og:image:type\" content=\"image\/jpeg\" \/>\n<meta name=\"twitter:card\" content=\"summary_large_image\" \/>\n<script type=\"application\/ld+json\" class=\"yoast-schema-graph\">{\"@context\":\"https:\/\/schema.org\",\"@graph\":[{\"@type\":\"WebPage\",\"@id\":\"https:\/\/hobstop.ee\/lv\/produkts\/led-spuldze-daylight-dienasgaismas-e27\/\",\"url\":\"https:\/\/hobstop.ee\/lv\/produkts\/led-spuldze-daylight-dienasgaismas-e27\/\",\"name\":\"LED spuldze Daylight (dienasgaismas) E27 &#8211; Skizze\",\"isPartOf\":{\"@id\":\"https:\/\/hobstop.ee\/lv\/#website\"},\"primaryImageOfPage\":{\"@id\":\"https:\/\/hobstop.ee\/lv\/produkts\/led-spuldze-daylight-dienasgaismas-e27\/#primaryimage\"},\"image\":{\"@id\":\"https:\/\/hobstop.ee\/lv\/produkts\/led-spuldze-daylight-dienasgaismas-e27\/#primaryimage\"},\"thumbnailUrl\":\"https:\/\/hobstop.ee\/media\/5055.jpg\",\"datePublished\":\"2020-04-01T11:58:42+00:00\",\"dateModified\":\"2020-04-01T11:58:42+00:00\",\"breadcrumb\":{\"@id\":\"https:\/\/hobstop.ee\/lv\/produkts\/led-spuldze-daylight-dienasgaismas-e27\/#breadcrumb\"},\"inLanguage\":\"lv-LV\",\"potentialAction\":[{\"@type\":\"ReadAction\",\"target\":[\"https:\/\/hobstop.ee\/lv\/produkts\/led-spuldze-daylight-dienasgaismas-e27\/\"]}]},{\"@type\":\"ImageObject\",\"inLanguage\":\"lv-LV\",\"@id\":\"https:\/\/hobstop.ee\/lv\/produkts\/led-spuldze-daylight-dienasgaismas-e27\/#primaryimage\",\"url\":\"https:\/\/hobstop.ee\/media\/5055.jpg\",\"contentUrl\":\"https:\/\/hobstop.ee\/media\/5055.jpg\",\"width\":1024,\"height\":768},{\"@type\":\"BreadcrumbList\",\"@id\":\"https:\/\/hobstop.ee\/lv\/produkts\/led-spuldze-daylight-dienasgaismas-e27\/#breadcrumb\",\"itemListElement\":[{\"@type\":\"ListItem\",\"position\":1,\"name\":\"Avaleht\",\"item\":\"https:\/\/www.hobstop.ee\/lv\/\"},{\"@type\":\"ListItem\",\"position\":2,\"name\":\"Veikals\",\"item\":\"https:\/\/www.hobstop.ee\/lv\/veikals\/\"},{\"@type\":\"ListItem\",\"position\":3,\"name\":\"LED spuldze Daylight (dienasgaismas) E27\"}]},{\"@type\":\"WebSite\",\"@id\":\"https:\/\/hobstop.ee\/lv\/#website\",\"url\":\"https:\/\/hobstop.ee\/lv\/\",\"name\":\"Skizze\",\"description\":\"M\u0101kslas, hobiju un skolas preces\",\"publisher\":{\"@id\":\"https:\/\/hobstop.ee\/lv\/#organization\"},\"potentialAction\":[{\"@type\":\"SearchAction\",\"target\":{\"@type\":\"EntryPoint\",\"urlTemplate\":\"https:\/\/hobstop.ee\/lv\/?s={search_term_string}\"},\"query-input\":{\"@type\":\"PropertyValueSpecification\",\"valueRequired\":true,\"valueName\":\"search_term_string\"}}],\"inLanguage\":\"lv-LV\"},{\"@type\":\"Organization\",\"@id\":\"https:\/\/hobstop.ee\/lv\/#organization\",\"name\":\"Vunder AS\",\"url\":\"https:\/\/hobstop.ee\/lv\/\",\"logo\":{\"@type\":\"ImageObject\",\"inLanguage\":\"lv-LV\",\"@id\":\"https:\/\/hobstop.ee\/lv\/#\/schema\/logo\/image\/\",\"url\":\"https:\/\/hobstop.ee\/media\/vunder-logo.png\",\"contentUrl\":\"https:\/\/hobstop.ee\/media\/vunder-logo.png\",\"width\":127,\"height\":55,\"caption\":\"Vunder AS\"},\"image\":{\"@id\":\"https:\/\/hobstop.ee\/lv\/#\/schema\/logo\/image\/\"},\"sameAs\":[\"http:\/\/www.facebook.com\/VunderSkizze\"]}]}<\/script>\n<!-- \/ Yoast SEO plugin. -->","yoast_head_json":{"title":"LED spuldze Daylight (dienasgaismas) E27 &#8211; Skizze","robots":{"index":"noindex","follow":"follow","max-snippet":"max-snippet:-1","max-image-preview":"max-image-preview:large","max-video-preview":"max-video-preview:-1"},"og_locale":"lv_LV","og_type":"article","og_title":"LED spuldze Daylight (dienasgaismas) E27 &#8211; Skizze","og_description":"Augstas veiktsp\u0113jas LED spuldze, kas izstaro \u012bstu dienasgaismu ar 6000\u00baK. R\u016bp\u0113jieties par savu acu vesel\u012bbu un redzi \u2013 baudiet dz\u012bvi paties\u0101s kr\u0101sas! T\u0101d\u0101s, k\u0101das t\u0101s ir paties\u012bb\u0101! T\u0101 iesl\u0113dzas uzreiz piln\u0101 spilgtum\u0101 un pat\u0113r\u0113 par aptuveni 80% maz\u0101k ener\u0123ijas*. 15000 stundas** spilgtas dienasgaismas un ap 40000 iesl\u0113g\u0161anas ciklu. \u012apa\u0161i dro\u0161a \u2013 zems karstuma avots un izgatavots no nepl\u012bsto\u0161a materi\u0101la. Apgaismojuma intensit\u0101ti regul\u0113t nevar. * aptuvens ietaup\u012bjums sal\u012bdzin\u0101jum\u0101 ar kv\u0113lspuldzi; ** 15 gadu gaismas ~ 2,7 stundas dien\u0101","og_url":"https:\/\/hobstop.ee\/lv\/produkts\/led-spuldze-daylight-dienasgaismas-e27\/","og_site_name":"Skizze","article_publisher":"http:\/\/www.facebook.com\/VunderSkizze","og_image":[{"width":1024,"height":768,"url":"https:\/\/hobstop.ee\/media\/5055.jpg","type":"image\/jpeg"}],"twitter_card":"summary_large_image","schema":{"@context":"https:\/\/schema.org","@graph":[{"@type":"WebPage","@id":"https:\/\/hobstop.ee\/lv\/produkts\/led-spuldze-daylight-dienasgaismas-e27\/","url":"https:\/\/hobstop.ee\/lv\/produkts\/led-spuldze-daylight-dienasgaismas-e27\/","name":"LED spuldze Daylight (dienasgaismas) E27 &#8211; Skizze","isPartOf":{"@id":"https:\/\/hobstop.ee\/lv\/#website"},"primaryImageOfPage":{"@id":"https:\/\/hobstop.ee\/lv\/produkts\/led-spuldze-daylight-dienasgaismas-e27\/#primaryimage"},"image":{"@id":"https:\/\/hobstop.ee\/lv\/produkts\/led-spuldze-daylight-dienasgaismas-e27\/#primaryimage"},"thumbnailUrl":"https:\/\/hobstop.ee\/media\/5055.jpg","datePublished":"2020-04-01T11:58:42+00:00","dateModified":"2020-04-01T11:58:42+00:00","breadcrumb":{"@id":"https:\/\/hobstop.ee\/lv\/produkts\/led-spuldze-daylight-dienasgaismas-e27\/#breadcrumb"},"inLanguage":"lv-LV","potentialAction":[{"@type":"ReadAction","target":["https:\/\/hobstop.ee\/lv\/produkts\/led-spuldze-daylight-dienasgaismas-e27\/"]}]},{"@type":"ImageObject","inLanguage":"lv-LV","@id":"https:\/\/hobstop.ee\/lv\/produkts\/led-spuldze-daylight-dienasgaismas-e27\/#primaryimage","url":"https:\/\/hobstop.ee\/media\/5055.jpg","contentUrl":"https:\/\/hobstop.ee\/media\/5055.jpg","width":1024,"height":768},{"@type":"BreadcrumbList","@id":"https:\/\/hobstop.ee\/lv\/produkts\/led-spuldze-daylight-dienasgaismas-e27\/#breadcrumb","itemListElement":[{"@type":"ListItem","position":1,"name":"Avaleht","item":"https:\/\/www.hobstop.ee\/lv\/"},{"@type":"ListItem","position":2,"name":"Veikals","item":"https:\/\/www.hobstop.ee\/lv\/veikals\/"},{"@type":"ListItem","position":3,"name":"LED spuldze Daylight (dienasgaismas) E27"}]},{"@type":"WebSite","@id":"https:\/\/hobstop.ee\/lv\/#website","url":"https:\/\/hobstop.ee\/lv\/","name":"Skizze","description":"M\u0101kslas, hobiju un skolas preces","publisher":{"@id":"https:\/\/hobstop.ee\/lv\/#organization"},"potentialAction":[{"@type":"SearchAction","target":{"@type":"EntryPoint","urlTemplate":"https:\/\/hobstop.ee\/lv\/?s={search_term_string}"},"query-input":{"@type":"PropertyValueSpecification","valueRequired":true,"valueName":"search_term_string"}}],"inLanguage":"lv-LV"},{"@type":"Organization","@id":"https:\/\/hobstop.ee\/lv\/#organization","name":"Vunder AS","url":"https:\/\/hobstop.ee\/lv\/","logo":{"@type":"ImageObject","inLanguage":"lv-LV","@id":"https:\/\/hobstop.ee\/lv\/#\/schema\/logo\/image\/","url":"https:\/\/hobstop.ee\/media\/vunder-logo.png","contentUrl":"https:\/\/hobstop.ee\/media\/vunder-logo.png","width":127,"height":55,"caption":"Vunder AS"},"image":{"@id":"https:\/\/hobstop.ee\/lv\/#\/schema\/logo\/image\/"},"sameAs":["http:\/\/www.facebook.com\/VunderSkizze"]}]}},"_links":{"self":[{"href":"https:\/\/hobstop.ee\/lv\/wp-json\/wp\/v2\/product\/340967","targetHints":{"allow":["GET"]}}],"collection":[{"href":"https:\/\/hobstop.ee\/lv\/wp-json\/wp\/v2\/product"}],"about":[{"href":"https:\/\/hobstop.ee\/lv\/wp-json\/wp\/v2\/types\/product"}],"replies":[{"embeddable":true,"href":"https:\/\/hobstop.ee\/lv\/wp-json\/wp\/v2\/comments?post=340967"}],"wp:featuredmedia":[{"embeddable":true,"href":"https:\/\/hobstop.ee\/lv\/wp-json\/wp\/v2\/media\/354067"}],"wp:attachment":[{"href":"https:\/\/hobstop.ee\/lv\/wp-json\/wp\/v2\/media?parent=340967"}],"wp:term":[{"taxonomy":"product_cat","embeddable":true,"href":"https:\/\/hobstop.ee\/lv\/wp-json\/wp\/v2\/product_cat?post=340967"},{"taxonomy":"product_tag","embeddable":true,"href":"https:\/\/hobstop.ee\/lv\/wp-json\/wp\/v2\/product_tag?post=340967"}],"curies":[{"name":"wp","href":"https:\/\/api.w.org\/{rel}","templated":true}]}}