{"id":340971,"date":"2020-04-01T14:58:47","date_gmt":"2020-04-01T11:58:51","guid":{"rendered":"https:\/\/sharks.ee\/vunder_2019\/product\/krasainais-zimulis-derwent-lightfast-metala-kaste\/"},"modified":"2021-08-06T15:13:14","modified_gmt":"2021-08-06T12:13:14","slug":"krasainais-zimulis-derwent-lightfast-metala-kaste","status":"publish","type":"product","link":"https:\/\/hobstop.ee\/lv\/produkts\/krasainais-zimulis-derwent-lightfast-metala-kaste\/","title":{"rendered":"Kr\u0101sainais z\u012bmulis Derwent Lightfast met\u0101la kast\u0113"},"content":{"rendered":"<p>Kr\u0101sainie z\u012bmu\u013ci Derwent Lightfast ir uz e\u013c\u013cas b\u0101zes izgatavoti z\u012bmu\u013ci ar necaursp\u012bd\u012bg\u0101m, izteiksm\u012bg\u0101m kl\u0101\u0161anas \u012bpa\u0161\u012bb\u0101m. Tie ir rad\u012bti ar m\u0113r\u0137i b\u016bt 100% iztur\u012bgi. Revolucion\u0101rais serdenis ir iztur\u012bgs pret ilgsto\u0161\u0101m kr\u0101sas izmai\u0146\u0101m, nodro\u0161inot, ka m\u0101kslas darbi muzeja apst\u0101k\u013cos neizbal\u0113s l\u012bdz 100 gadiem. Serde\u0146a glud\u0101 un e\u013c\u013cain\u0101 strukt\u016bra rada bag\u0101t\u012bgu dz\u012bv\u012bgumu, to var sajaukt uz lapas, lai rad\u012btu kr\u0101sai l\u012bdz\u012bgus efektus, un stingrais gali\u0146\u0161 ir ide\u0101li piem\u0113rots detaliz\u0113tu z\u012bm\u0113jumu rad\u012b\u0161anai. Serdenis, kas veidots uz e\u013c\u013cas b\u0101zes, z\u012bm\u0113\u0161anas un da\u017e\u0101du k\u0101rtu veido\u0161anas pa\u0146\u0113mieniem. Var sajaukt un at\u0161\u0137aid\u012bt uz lapas ar mediju, kura pamat\u0101 ir \u0161\u0137\u012bdin\u0101t\u0101js, t\u0101pat k\u0101 ar e\u013c\u013cas kr\u0101s\u0101m un, sajaucot ar e\u013c\u013cas medijiem, z\u012bmu\u013ca rad\u012btais efekts var l\u012bdzin\u0101ties e\u013c\u013cas kr\u0101s\u0101m.<\/p>\n<p>&#8211; 100% gaismas iztur\u012bgas, visas kr\u0101sas ir profesion\u0101las kvalit\u0101tes un atbilst ASTM D6901 un Blue Wool Scale ISO 105 standartiem.<br \/>\n&#8211; Revolucion\u0101rs kodols uz e\u013c\u013cas b\u0101zes, kas rada bag\u0101t\u012bgu, spilgtu kr\u0101su.<br \/>\n&#8211; Kr\u0101sas var sajaukt uz lapas, lai rad\u012btu kr\u0101sai l\u012bdz\u012bgu efektu.<br \/>\n&#8211; Stingrs gali\u0146\u0161 detaliz\u0113tiem z\u012bm\u0113\u0161anas un da\u017e\u0101du k\u0101rtu veido\u0161anas pa\u0146\u0113mieniem.<br \/>\n&#8211; Bag\u0101t\u012bga kr\u0101su izv\u0113le un \u0101trs, necaursp\u012bd\u012bgs kr\u0101su p\u0101rkl\u0101jums.<\/p>\n","protected":false},"excerpt":{"rendered":"<p>Kr\u0101sainie z\u012bmu\u013ci Derwent Lightfast ir uz e\u013c\u013cas b\u0101zes izgatavoti z\u012bmu\u013ci ar necaursp\u012bd\u012bg\u0101m, izteiksm\u012bg\u0101m kl\u0101\u0161anas \u012bpa\u0161\u012bb\u0101m. Tie ir rad\u012bti ar m\u0113r\u0137i b\u016bt 100% iztur\u012bgi. Revolucion\u0101rais serdenis ir iztur\u012bgs pret ilgsto\u0161\u0101m kr\u0101sas izmai\u0146\u0101m, nodro\u0161inot, ka m\u0101kslas darbi muzeja apst\u0101k\u013cos neizbal\u0113s l\u012bdz 100 gadiem. Serde\u0146a glud\u0101 un e\u013c\u013cain\u0101 strukt\u016bra rada bag\u0101t\u012bgu dz\u012bv\u012bgumu, to var sajaukt uz lapas, lai rad\u012btu kr\u0101sai l\u012bdz\u012bgus efektus, un stingrais gali\u0146\u0161 ir ide\u0101li piem\u0113rots detaliz\u0113tu z\u012bm\u0113jumu rad\u012b\u0161anai. Serdenis, kas veidots uz e\u013c\u013cas b\u0101zes, z\u012bm\u0113\u0161anas un da\u017e\u0101du k\u0101rtu veido\u0161anas pa\u0146\u0113mieniem. Var sajaukt un at\u0161\u0137aid\u012bt uz lapas ar mediju, kura pamat\u0101 ir \u0161\u0137\u012bdin\u0101t\u0101js, t\u0101pat k\u0101 ar e\u013c\u013cas kr\u0101s\u0101m un, sajaucot ar e\u013c\u013cas medijiem, z\u012bmu\u013ca rad\u012btais efekts var l\u012bdzin\u0101ties e\u013c\u013cas kr\u0101s\u0101m. &#8211; 100% gaismas iztur\u012bgas, visas kr\u0101sas ir profesion\u0101las kvalit\u0101tes un atbilst ASTM D6901 un Blue Wool Scale ISO 105 standartiem. &#8211; Revolucion\u0101rs kodols uz e\u013c\u013cas b\u0101zes, kas rada bag\u0101t\u012bgu, spilgtu kr\u0101su. &#8211; Kr\u0101sas var sajaukt uz lapas, lai rad\u012btu kr\u0101sai l\u012bdz\u012bgu efektu. &#8211; Stingrs gali\u0146\u0161 detaliz\u0113tiem z\u012bm\u0113\u0161anas un da\u017e\u0101du k\u0101rtu veido\u0161anas pa\u0146\u0113mieniem. &#8211; Bag\u0101t\u012bga kr\u0101su izv\u0113le un \u0101trs, necaursp\u012bd\u012bgs kr\u0101su p\u0101rkl\u0101jums.<\/p>\n","protected":false},"featured_media":353287,"comment_status":"closed","ping_status":"closed","template":"","meta":{"_acf_changed":false,"ep_exclude_from_search":false},"product_cat":[20361],"product_tag":[],"class_list":{"0":"post-340971","1":"product","2":"type-product","3":"status-publish","4":"has-post-thumbnail","6":"product_cat-maaramata","8":"first","9":"instock","10":"taxable","11":"shipping-taxable","12":"product-type-simple"},"acf":[],"yoast_head":"<!-- This site is optimized with the Yoast SEO plugin v24.1 - https:\/\/yoast.com\/wordpress\/plugins\/seo\/ -->\n<title>Kr\u0101sainais z\u012bmulis Derwent Lightfast met\u0101la kast\u0113 &#8211; Skizze<\/title>\n<meta name=\"robots\" content=\"noindex, follow, max-snippet:-1, max-image-preview:large, max-video-preview:-1\" \/>\n<meta property=\"og:locale\" content=\"lv_LV\" \/>\n<meta property=\"og:type\" content=\"article\" \/>\n<meta property=\"og:title\" content=\"Kr\u0101sainais z\u012bmulis Derwent Lightfast met\u0101la kast\u0113 &#8211; Skizze\" \/>\n<meta property=\"og:description\" content=\"Kr\u0101sainie z\u012bmu\u013ci Derwent Lightfast ir uz e\u013c\u013cas b\u0101zes izgatavoti z\u012bmu\u013ci ar necaursp\u012bd\u012bg\u0101m, izteiksm\u012bg\u0101m kl\u0101\u0161anas \u012bpa\u0161\u012bb\u0101m. Tie ir rad\u012bti ar m\u0113r\u0137i b\u016bt 100% iztur\u012bgi. Revolucion\u0101rais serdenis ir iztur\u012bgs pret ilgsto\u0161\u0101m kr\u0101sas izmai\u0146\u0101m, nodro\u0161inot, ka m\u0101kslas darbi muzeja apst\u0101k\u013cos neizbal\u0113s l\u012bdz 100 gadiem. Serde\u0146a glud\u0101 un e\u013c\u013cain\u0101 strukt\u016bra rada bag\u0101t\u012bgu dz\u012bv\u012bgumu, to var sajaukt uz lapas, lai rad\u012btu kr\u0101sai l\u012bdz\u012bgus efektus, un stingrais gali\u0146\u0161 ir ide\u0101li piem\u0113rots detaliz\u0113tu z\u012bm\u0113jumu rad\u012b\u0161anai. Serdenis, kas veidots uz e\u013c\u013cas b\u0101zes, z\u012bm\u0113\u0161anas un da\u017e\u0101du k\u0101rtu veido\u0161anas pa\u0146\u0113mieniem. Var sajaukt un at\u0161\u0137aid\u012bt uz lapas ar mediju, kura pamat\u0101 ir \u0161\u0137\u012bdin\u0101t\u0101js, t\u0101pat k\u0101 ar e\u013c\u013cas kr\u0101s\u0101m un, sajaucot ar e\u013c\u013cas medijiem, z\u012bmu\u013ca rad\u012btais efekts var l\u012bdzin\u0101ties e\u013c\u013cas kr\u0101s\u0101m. &#8211; 100% gaismas iztur\u012bgas, visas kr\u0101sas ir profesion\u0101las kvalit\u0101tes un atbilst ASTM D6901 un Blue Wool Scale ISO 105 standartiem. &#8211; Revolucion\u0101rs kodols uz e\u013c\u013cas b\u0101zes, kas rada bag\u0101t\u012bgu, spilgtu kr\u0101su. &#8211; Kr\u0101sas var sajaukt uz lapas, lai rad\u012btu kr\u0101sai l\u012bdz\u012bgu efektu. &#8211; Stingrs gali\u0146\u0161 detaliz\u0113tiem z\u012bm\u0113\u0161anas un da\u017e\u0101du k\u0101rtu veido\u0161anas pa\u0146\u0113mieniem. &#8211; Bag\u0101t\u012bga kr\u0101su izv\u0113le un \u0101trs, necaursp\u012bd\u012bgs kr\u0101su p\u0101rkl\u0101jums.\" \/>\n<meta property=\"og:url\" content=\"https:\/\/hobstop.ee\/lv\/produkts\/krasainais-zimulis-derwent-lightfast-metala-kaste\/\" \/>\n<meta property=\"og:site_name\" content=\"Skizze\" \/>\n<meta property=\"article:publisher\" content=\"http:\/\/www.facebook.com\/VunderSkizze\" \/>\n<meta property=\"article:modified_time\" content=\"2021-08-06T12:13:14+00:00\" \/>\n<meta property=\"og:image\" content=\"https:\/\/www.hobstop.ee\/media\/5062.JPG\" \/>\n\t<meta property=\"og:image:width\" content=\"1024\" \/>\n\t<meta property=\"og:image:height\" content=\"768\" \/>\n\t<meta property=\"og:image:type\" content=\"image\/jpeg\" \/>\n<meta name=\"twitter:card\" content=\"summary_large_image\" \/>\n<meta name=\"twitter:label1\" content=\"Est. reading time\" \/>\n\t<meta name=\"twitter:data1\" content=\"1 min\u016b\u0161u\" \/>\n<script type=\"application\/ld+json\" class=\"yoast-schema-graph\">{\"@context\":\"https:\/\/schema.org\",\"@graph\":[{\"@type\":\"WebPage\",\"@id\":\"https:\/\/hobstop.ee\/lv\/produkts\/krasainais-zimulis-derwent-lightfast-metala-kaste\/\",\"url\":\"https:\/\/hobstop.ee\/lv\/produkts\/krasainais-zimulis-derwent-lightfast-metala-kaste\/\",\"name\":\"Kr\u0101sainais z\u012bmulis Derwent Lightfast met\u0101la kast\u0113 &#8211; Skizze\",\"isPartOf\":{\"@id\":\"https:\/\/hobstop.ee\/lv\/#website\"},\"primaryImageOfPage\":{\"@id\":\"https:\/\/hobstop.ee\/lv\/produkts\/krasainais-zimulis-derwent-lightfast-metala-kaste\/#primaryimage\"},\"image\":{\"@id\":\"https:\/\/hobstop.ee\/lv\/produkts\/krasainais-zimulis-derwent-lightfast-metala-kaste\/#primaryimage\"},\"thumbnailUrl\":\"https:\/\/hobstop.ee\/media\/5062.JPG\",\"datePublished\":\"2020-04-01T11:58:51+00:00\",\"dateModified\":\"2021-08-06T12:13:14+00:00\",\"breadcrumb\":{\"@id\":\"https:\/\/hobstop.ee\/lv\/produkts\/krasainais-zimulis-derwent-lightfast-metala-kaste\/#breadcrumb\"},\"inLanguage\":\"lv-LV\",\"potentialAction\":[{\"@type\":\"ReadAction\",\"target\":[\"https:\/\/hobstop.ee\/lv\/produkts\/krasainais-zimulis-derwent-lightfast-metala-kaste\/\"]}]},{\"@type\":\"ImageObject\",\"inLanguage\":\"lv-LV\",\"@id\":\"https:\/\/hobstop.ee\/lv\/produkts\/krasainais-zimulis-derwent-lightfast-metala-kaste\/#primaryimage\",\"url\":\"https:\/\/hobstop.ee\/media\/5062.JPG\",\"contentUrl\":\"https:\/\/hobstop.ee\/media\/5062.JPG\",\"width\":1024,\"height\":768},{\"@type\":\"BreadcrumbList\",\"@id\":\"https:\/\/hobstop.ee\/lv\/produkts\/krasainais-zimulis-derwent-lightfast-metala-kaste\/#breadcrumb\",\"itemListElement\":[{\"@type\":\"ListItem\",\"position\":1,\"name\":\"Avaleht\",\"item\":\"https:\/\/www.hobstop.ee\/lv\/\"},{\"@type\":\"ListItem\",\"position\":2,\"name\":\"Veikals\",\"item\":\"https:\/\/www.hobstop.ee\/lv\/veikals\/\"},{\"@type\":\"ListItem\",\"position\":3,\"name\":\"Kr\u0101sainais z\u012bmulis Derwent Lightfast met\u0101la kast\u0113\"}]},{\"@type\":\"WebSite\",\"@id\":\"https:\/\/hobstop.ee\/lv\/#website\",\"url\":\"https:\/\/hobstop.ee\/lv\/\",\"name\":\"Skizze\",\"description\":\"M\u0101kslas, hobiju un skolas preces\",\"publisher\":{\"@id\":\"https:\/\/hobstop.ee\/lv\/#organization\"},\"potentialAction\":[{\"@type\":\"SearchAction\",\"target\":{\"@type\":\"EntryPoint\",\"urlTemplate\":\"https:\/\/hobstop.ee\/lv\/?s={search_term_string}\"},\"query-input\":{\"@type\":\"PropertyValueSpecification\",\"valueRequired\":true,\"valueName\":\"search_term_string\"}}],\"inLanguage\":\"lv-LV\"},{\"@type\":\"Organization\",\"@id\":\"https:\/\/hobstop.ee\/lv\/#organization\",\"name\":\"Vunder AS\",\"url\":\"https:\/\/hobstop.ee\/lv\/\",\"logo\":{\"@type\":\"ImageObject\",\"inLanguage\":\"lv-LV\",\"@id\":\"https:\/\/hobstop.ee\/lv\/#\/schema\/logo\/image\/\",\"url\":\"https:\/\/hobstop.ee\/media\/vunder-logo.png\",\"contentUrl\":\"https:\/\/hobstop.ee\/media\/vunder-logo.png\",\"width\":127,\"height\":55,\"caption\":\"Vunder AS\"},\"image\":{\"@id\":\"https:\/\/hobstop.ee\/lv\/#\/schema\/logo\/image\/\"},\"sameAs\":[\"http:\/\/www.facebook.com\/VunderSkizze\"]}]}<\/script>\n<!-- \/ Yoast SEO plugin. -->","yoast_head_json":{"title":"Kr\u0101sainais z\u012bmulis Derwent Lightfast met\u0101la kast\u0113 &#8211; Skizze","robots":{"index":"noindex","follow":"follow","max-snippet":"max-snippet:-1","max-image-preview":"max-image-preview:large","max-video-preview":"max-video-preview:-1"},"og_locale":"lv_LV","og_type":"article","og_title":"Kr\u0101sainais z\u012bmulis Derwent Lightfast met\u0101la kast\u0113 &#8211; Skizze","og_description":"Kr\u0101sainie z\u012bmu\u013ci Derwent Lightfast ir uz e\u013c\u013cas b\u0101zes izgatavoti z\u012bmu\u013ci ar necaursp\u012bd\u012bg\u0101m, izteiksm\u012bg\u0101m kl\u0101\u0161anas \u012bpa\u0161\u012bb\u0101m. Tie ir rad\u012bti ar m\u0113r\u0137i b\u016bt 100% iztur\u012bgi. Revolucion\u0101rais serdenis ir iztur\u012bgs pret ilgsto\u0161\u0101m kr\u0101sas izmai\u0146\u0101m, nodro\u0161inot, ka m\u0101kslas darbi muzeja apst\u0101k\u013cos neizbal\u0113s l\u012bdz 100 gadiem. Serde\u0146a glud\u0101 un e\u013c\u013cain\u0101 strukt\u016bra rada bag\u0101t\u012bgu dz\u012bv\u012bgumu, to var sajaukt uz lapas, lai rad\u012btu kr\u0101sai l\u012bdz\u012bgus efektus, un stingrais gali\u0146\u0161 ir ide\u0101li piem\u0113rots detaliz\u0113tu z\u012bm\u0113jumu rad\u012b\u0161anai. Serdenis, kas veidots uz e\u013c\u013cas b\u0101zes, z\u012bm\u0113\u0161anas un da\u017e\u0101du k\u0101rtu veido\u0161anas pa\u0146\u0113mieniem. Var sajaukt un at\u0161\u0137aid\u012bt uz lapas ar mediju, kura pamat\u0101 ir \u0161\u0137\u012bdin\u0101t\u0101js, t\u0101pat k\u0101 ar e\u013c\u013cas kr\u0101s\u0101m un, sajaucot ar e\u013c\u013cas medijiem, z\u012bmu\u013ca rad\u012btais efekts var l\u012bdzin\u0101ties e\u013c\u013cas kr\u0101s\u0101m. &#8211; 100% gaismas iztur\u012bgas, visas kr\u0101sas ir profesion\u0101las kvalit\u0101tes un atbilst ASTM D6901 un Blue Wool Scale ISO 105 standartiem. &#8211; Revolucion\u0101rs kodols uz e\u013c\u013cas b\u0101zes, kas rada bag\u0101t\u012bgu, spilgtu kr\u0101su. &#8211; Kr\u0101sas var sajaukt uz lapas, lai rad\u012btu kr\u0101sai l\u012bdz\u012bgu efektu. &#8211; Stingrs gali\u0146\u0161 detaliz\u0113tiem z\u012bm\u0113\u0161anas un da\u017e\u0101du k\u0101rtu veido\u0161anas pa\u0146\u0113mieniem. &#8211; Bag\u0101t\u012bga kr\u0101su izv\u0113le un \u0101trs, necaursp\u012bd\u012bgs kr\u0101su p\u0101rkl\u0101jums.","og_url":"https:\/\/hobstop.ee\/lv\/produkts\/krasainais-zimulis-derwent-lightfast-metala-kaste\/","og_site_name":"Skizze","article_publisher":"http:\/\/www.facebook.com\/VunderSkizze","article_modified_time":"2021-08-06T12:13:14+00:00","og_image":[{"width":1024,"height":768,"url":"https:\/\/www.hobstop.ee\/media\/5062.JPG","type":"image\/jpeg"}],"twitter_card":"summary_large_image","twitter_misc":{"Est. reading time":"1 min\u016b\u0161u"},"schema":{"@context":"https:\/\/schema.org","@graph":[{"@type":"WebPage","@id":"https:\/\/hobstop.ee\/lv\/produkts\/krasainais-zimulis-derwent-lightfast-metala-kaste\/","url":"https:\/\/hobstop.ee\/lv\/produkts\/krasainais-zimulis-derwent-lightfast-metala-kaste\/","name":"Kr\u0101sainais z\u012bmulis Derwent Lightfast met\u0101la kast\u0113 &#8211; Skizze","isPartOf":{"@id":"https:\/\/hobstop.ee\/lv\/#website"},"primaryImageOfPage":{"@id":"https:\/\/hobstop.ee\/lv\/produkts\/krasainais-zimulis-derwent-lightfast-metala-kaste\/#primaryimage"},"image":{"@id":"https:\/\/hobstop.ee\/lv\/produkts\/krasainais-zimulis-derwent-lightfast-metala-kaste\/#primaryimage"},"thumbnailUrl":"https:\/\/hobstop.ee\/media\/5062.JPG","datePublished":"2020-04-01T11:58:51+00:00","dateModified":"2021-08-06T12:13:14+00:00","breadcrumb":{"@id":"https:\/\/hobstop.ee\/lv\/produkts\/krasainais-zimulis-derwent-lightfast-metala-kaste\/#breadcrumb"},"inLanguage":"lv-LV","potentialAction":[{"@type":"ReadAction","target":["https:\/\/hobstop.ee\/lv\/produkts\/krasainais-zimulis-derwent-lightfast-metala-kaste\/"]}]},{"@type":"ImageObject","inLanguage":"lv-LV","@id":"https:\/\/hobstop.ee\/lv\/produkts\/krasainais-zimulis-derwent-lightfast-metala-kaste\/#primaryimage","url":"https:\/\/hobstop.ee\/media\/5062.JPG","contentUrl":"https:\/\/hobstop.ee\/media\/5062.JPG","width":1024,"height":768},{"@type":"BreadcrumbList","@id":"https:\/\/hobstop.ee\/lv\/produkts\/krasainais-zimulis-derwent-lightfast-metala-kaste\/#breadcrumb","itemListElement":[{"@type":"ListItem","position":1,"name":"Avaleht","item":"https:\/\/www.hobstop.ee\/lv\/"},{"@type":"ListItem","position":2,"name":"Veikals","item":"https:\/\/www.hobstop.ee\/lv\/veikals\/"},{"@type":"ListItem","position":3,"name":"Kr\u0101sainais z\u012bmulis Derwent Lightfast met\u0101la kast\u0113"}]},{"@type":"WebSite","@id":"https:\/\/hobstop.ee\/lv\/#website","url":"https:\/\/hobstop.ee\/lv\/","name":"Skizze","description":"M\u0101kslas, hobiju un skolas preces","publisher":{"@id":"https:\/\/hobstop.ee\/lv\/#organization"},"potentialAction":[{"@type":"SearchAction","target":{"@type":"EntryPoint","urlTemplate":"https:\/\/hobstop.ee\/lv\/?s={search_term_string}"},"query-input":{"@type":"PropertyValueSpecification","valueRequired":true,"valueName":"search_term_string"}}],"inLanguage":"lv-LV"},{"@type":"Organization","@id":"https:\/\/hobstop.ee\/lv\/#organization","name":"Vunder AS","url":"https:\/\/hobstop.ee\/lv\/","logo":{"@type":"ImageObject","inLanguage":"lv-LV","@id":"https:\/\/hobstop.ee\/lv\/#\/schema\/logo\/image\/","url":"https:\/\/hobstop.ee\/media\/vunder-logo.png","contentUrl":"https:\/\/hobstop.ee\/media\/vunder-logo.png","width":127,"height":55,"caption":"Vunder AS"},"image":{"@id":"https:\/\/hobstop.ee\/lv\/#\/schema\/logo\/image\/"},"sameAs":["http:\/\/www.facebook.com\/VunderSkizze"]}]}},"_links":{"self":[{"href":"https:\/\/hobstop.ee\/lv\/wp-json\/wp\/v2\/product\/340971","targetHints":{"allow":["GET"]}}],"collection":[{"href":"https:\/\/hobstop.ee\/lv\/wp-json\/wp\/v2\/product"}],"about":[{"href":"https:\/\/hobstop.ee\/lv\/wp-json\/wp\/v2\/types\/product"}],"replies":[{"embeddable":true,"href":"https:\/\/hobstop.ee\/lv\/wp-json\/wp\/v2\/comments?post=340971"}],"wp:featuredmedia":[{"embeddable":true,"href":"https:\/\/hobstop.ee\/lv\/wp-json\/wp\/v2\/media\/353287"}],"wp:attachment":[{"href":"https:\/\/hobstop.ee\/lv\/wp-json\/wp\/v2\/media?parent=340971"}],"wp:term":[{"taxonomy":"product_cat","embeddable":true,"href":"https:\/\/hobstop.ee\/lv\/wp-json\/wp\/v2\/product_cat?post=340971"},{"taxonomy":"product_tag","embeddable":true,"href":"https:\/\/hobstop.ee\/lv\/wp-json\/wp\/v2\/product_tag?post=340971"}],"curies":[{"name":"wp","href":"https:\/\/api.w.org\/{rel}","templated":true}]}}