{"id":340983,"date":"2020-04-01T15:01:45","date_gmt":"2020-04-01T12:01:49","guid":{"rendered":"https:\/\/sharks.ee\/vunder_2019\/product\/markieris-derwent-paint-pen-komplekts\/"},"modified":"2021-08-06T15:15:10","modified_gmt":"2021-08-06T12:15:10","slug":"markieris-derwent-paint-pen-komplekts","status":"publish","type":"product","link":"https:\/\/hobstop.ee\/lv\/produkts\/markieris-derwent-paint-pen-komplekts\/","title":{"rendered":"Mar\u0137ieris Derwent Paint Pen komplekts"},"content":{"rendered":"<p>Derwent Paint Pens ir rado\u0161s z\u012bm\u0113\u0161anas un kr\u0101so\u0161anas r\u012bks, kas ir past\u0101v\u012bgs, \u013coti iztur\u012bgs un necaursp\u012bd\u012bgs. Kvalitat\u012bvie, 0,5 jap\u0101\u0146u uzga\u013ci ir \u013coti iztur\u012bgi un \u013cauj rad\u012bt da\u017e\u0101dus, unik\u0101lus kr\u0101su efektus, s\u0101kot no smalk\u0101m l\u012bnij\u0101m l\u012bdz lieliem sl\u0101\u0146iem un interesantiem kr\u0101su triepieniem.<\/p>\n<p>&#8211; Rado\u0161s z\u012bm\u0113\u0161anas un kr\u0101so\u0161anas r\u012bks, lai rad\u012btu da\u017e\u0101dus unik\u0101lus efektus, s\u0101kot no smalk\u0101m l\u012bnij\u0101m l\u012bdz lieliem sl\u0101\u0146iem un interesantiem kr\u0101su triepieniem.<br \/>\n&#8211; Spilgtas, necaursp\u012bd\u012bgas kr\u0101sas, kuras var kl\u0101t k\u0101rt\u0101s un sajaukt.<br \/>\n&#8211; \u016aden\u012b \u0161\u0137\u012bsto\u0161s sast\u0101vs &#8211; izmantojiet akvare\u013cu oti\u0146u, lai izveidotu caursp\u012bd\u012bgus triepienus, kas iedvesmo.<br \/>\n&#8211; Kr\u0101sa fiks\u0113jas, tikl\u012bdz no\u017e\u016bst, un nen\u0101k nost.<br \/>\n&#8211; Piem\u0113rots lieto\u0161anai uz auduma, stikla un koka, nodro\u0161inot bezgal\u012bgas skic\u0113\u0161anas un kr\u0101so\u0161anas iesp\u0113jas, darbojoties ar visda\u017e\u0101d\u0101kajiem projektiem.<br \/>\n&#8211; Visas kr\u0101sas ir \u013coti iztur\u012bgas.<\/p>\n","protected":false},"excerpt":{"rendered":"<p>Derwent Paint Pens ir rado\u0161s z\u012bm\u0113\u0161anas un kr\u0101so\u0161anas r\u012bks, kas ir past\u0101v\u012bgs, \u013coti iztur\u012bgs un necaursp\u012bd\u012bgs. Kvalitat\u012bvie, 0,5 jap\u0101\u0146u uzga\u013ci ir \u013coti iztur\u012bgi un \u013cauj rad\u012bt da\u017e\u0101dus, unik\u0101lus kr\u0101su efektus, s\u0101kot no smalk\u0101m l\u012bnij\u0101m l\u012bdz lieliem sl\u0101\u0146iem un interesantiem kr\u0101su triepieniem. &#8211; Rado\u0161s z\u012bm\u0113\u0161anas un kr\u0101so\u0161anas r\u012bks, lai rad\u012btu da\u017e\u0101dus unik\u0101lus efektus, s\u0101kot no smalk\u0101m l\u012bnij\u0101m l\u012bdz lieliem sl\u0101\u0146iem un interesantiem kr\u0101su triepieniem. &#8211; Spilgtas, necaursp\u012bd\u012bgas kr\u0101sas, kuras var kl\u0101t k\u0101rt\u0101s un sajaukt. &#8211; \u016aden\u012b \u0161\u0137\u012bsto\u0161s sast\u0101vs &#8211; izmantojiet akvare\u013cu oti\u0146u, lai izveidotu caursp\u012bd\u012bgus triepienus, kas iedvesmo. &#8211; Kr\u0101sa fiks\u0113jas, tikl\u012bdz no\u017e\u016bst, un nen\u0101k nost. &#8211; Piem\u0113rots lieto\u0161anai uz auduma, stikla un koka, nodro\u0161inot bezgal\u012bgas skic\u0113\u0161anas un kr\u0101so\u0161anas iesp\u0113jas, darbojoties ar visda\u017e\u0101d\u0101kajiem projektiem. &#8211; Visas kr\u0101sas ir \u013coti iztur\u012bgas.<\/p>\n","protected":false},"featured_media":353295,"comment_status":"closed","ping_status":"closed","template":"","meta":{"_acf_changed":false,"ep_exclude_from_search":false},"product_cat":[20361],"product_tag":[],"class_list":{"0":"post-340983","1":"product","2":"type-product","3":"status-publish","4":"has-post-thumbnail","6":"product_cat-maaramata","8":"first","9":"instock","10":"taxable","11":"shipping-taxable","12":"product-type-simple"},"acf":[],"yoast_head":"<!-- This site is optimized with the Yoast SEO plugin v24.1 - https:\/\/yoast.com\/wordpress\/plugins\/seo\/ -->\n<title>Mar\u0137ieris Derwent Paint Pen komplekts &#8211; Skizze<\/title>\n<meta name=\"robots\" content=\"noindex, follow, max-snippet:-1, max-image-preview:large, max-video-preview:-1\" \/>\n<meta property=\"og:locale\" content=\"lv_LV\" \/>\n<meta property=\"og:type\" content=\"article\" \/>\n<meta property=\"og:title\" content=\"Mar\u0137ieris Derwent Paint Pen komplekts &#8211; Skizze\" \/>\n<meta property=\"og:description\" content=\"Derwent Paint Pens ir rado\u0161s z\u012bm\u0113\u0161anas un kr\u0101so\u0161anas r\u012bks, kas ir past\u0101v\u012bgs, \u013coti iztur\u012bgs un necaursp\u012bd\u012bgs. Kvalitat\u012bvie, 0,5 jap\u0101\u0146u uzga\u013ci ir \u013coti iztur\u012bgi un \u013cauj rad\u012bt da\u017e\u0101dus, unik\u0101lus kr\u0101su efektus, s\u0101kot no smalk\u0101m l\u012bnij\u0101m l\u012bdz lieliem sl\u0101\u0146iem un interesantiem kr\u0101su triepieniem. &#8211; Rado\u0161s z\u012bm\u0113\u0161anas un kr\u0101so\u0161anas r\u012bks, lai rad\u012btu da\u017e\u0101dus unik\u0101lus efektus, s\u0101kot no smalk\u0101m l\u012bnij\u0101m l\u012bdz lieliem sl\u0101\u0146iem un interesantiem kr\u0101su triepieniem. &#8211; Spilgtas, necaursp\u012bd\u012bgas kr\u0101sas, kuras var kl\u0101t k\u0101rt\u0101s un sajaukt. &#8211; \u016aden\u012b \u0161\u0137\u012bsto\u0161s sast\u0101vs &#8211; izmantojiet akvare\u013cu oti\u0146u, lai izveidotu caursp\u012bd\u012bgus triepienus, kas iedvesmo. &#8211; Kr\u0101sa fiks\u0113jas, tikl\u012bdz no\u017e\u016bst, un nen\u0101k nost. &#8211; Piem\u0113rots lieto\u0161anai uz auduma, stikla un koka, nodro\u0161inot bezgal\u012bgas skic\u0113\u0161anas un kr\u0101so\u0161anas iesp\u0113jas, darbojoties ar visda\u017e\u0101d\u0101kajiem projektiem. &#8211; Visas kr\u0101sas ir \u013coti iztur\u012bgas.\" \/>\n<meta property=\"og:url\" content=\"https:\/\/hobstop.ee\/lv\/produkts\/markieris-derwent-paint-pen-komplekts\/\" \/>\n<meta property=\"og:site_name\" content=\"Skizze\" \/>\n<meta property=\"article:publisher\" content=\"http:\/\/www.facebook.com\/VunderSkizze\" \/>\n<meta property=\"article:modified_time\" content=\"2021-08-06T12:15:10+00:00\" \/>\n<meta property=\"og:image\" content=\"https:\/\/www.hobstop.ee\/media\/5065.jpg\" \/>\n\t<meta property=\"og:image:width\" content=\"1024\" \/>\n\t<meta property=\"og:image:height\" content=\"768\" \/>\n\t<meta property=\"og:image:type\" content=\"image\/jpeg\" \/>\n<meta name=\"twitter:card\" content=\"summary_large_image\" \/>\n<meta name=\"twitter:label1\" content=\"Est. reading time\" \/>\n\t<meta name=\"twitter:data1\" content=\"1 min\u016b\u0161u\" \/>\n<script type=\"application\/ld+json\" class=\"yoast-schema-graph\">{\"@context\":\"https:\/\/schema.org\",\"@graph\":[{\"@type\":\"WebPage\",\"@id\":\"https:\/\/hobstop.ee\/lv\/produkts\/markieris-derwent-paint-pen-komplekts\/\",\"url\":\"https:\/\/hobstop.ee\/lv\/produkts\/markieris-derwent-paint-pen-komplekts\/\",\"name\":\"Mar\u0137ieris Derwent Paint Pen komplekts &#8211; Skizze\",\"isPartOf\":{\"@id\":\"https:\/\/hobstop.ee\/lv\/#website\"},\"primaryImageOfPage\":{\"@id\":\"https:\/\/hobstop.ee\/lv\/produkts\/markieris-derwent-paint-pen-komplekts\/#primaryimage\"},\"image\":{\"@id\":\"https:\/\/hobstop.ee\/lv\/produkts\/markieris-derwent-paint-pen-komplekts\/#primaryimage\"},\"thumbnailUrl\":\"https:\/\/hobstop.ee\/media\/5065.jpg\",\"datePublished\":\"2020-04-01T12:01:49+00:00\",\"dateModified\":\"2021-08-06T12:15:10+00:00\",\"breadcrumb\":{\"@id\":\"https:\/\/hobstop.ee\/lv\/produkts\/markieris-derwent-paint-pen-komplekts\/#breadcrumb\"},\"inLanguage\":\"lv-LV\",\"potentialAction\":[{\"@type\":\"ReadAction\",\"target\":[\"https:\/\/hobstop.ee\/lv\/produkts\/markieris-derwent-paint-pen-komplekts\/\"]}]},{\"@type\":\"ImageObject\",\"inLanguage\":\"lv-LV\",\"@id\":\"https:\/\/hobstop.ee\/lv\/produkts\/markieris-derwent-paint-pen-komplekts\/#primaryimage\",\"url\":\"https:\/\/hobstop.ee\/media\/5065.jpg\",\"contentUrl\":\"https:\/\/hobstop.ee\/media\/5065.jpg\",\"width\":1024,\"height\":768},{\"@type\":\"BreadcrumbList\",\"@id\":\"https:\/\/hobstop.ee\/lv\/produkts\/markieris-derwent-paint-pen-komplekts\/#breadcrumb\",\"itemListElement\":[{\"@type\":\"ListItem\",\"position\":1,\"name\":\"Avaleht\",\"item\":\"https:\/\/www.hobstop.ee\/lv\/\"},{\"@type\":\"ListItem\",\"position\":2,\"name\":\"Veikals\",\"item\":\"https:\/\/www.hobstop.ee\/lv\/veikals\/\"},{\"@type\":\"ListItem\",\"position\":3,\"name\":\"Mar\u0137ieris Derwent Paint Pen komplekts\"}]},{\"@type\":\"WebSite\",\"@id\":\"https:\/\/hobstop.ee\/lv\/#website\",\"url\":\"https:\/\/hobstop.ee\/lv\/\",\"name\":\"Skizze\",\"description\":\"M\u0101kslas, hobiju un skolas preces\",\"publisher\":{\"@id\":\"https:\/\/hobstop.ee\/lv\/#organization\"},\"potentialAction\":[{\"@type\":\"SearchAction\",\"target\":{\"@type\":\"EntryPoint\",\"urlTemplate\":\"https:\/\/hobstop.ee\/lv\/?s={search_term_string}\"},\"query-input\":{\"@type\":\"PropertyValueSpecification\",\"valueRequired\":true,\"valueName\":\"search_term_string\"}}],\"inLanguage\":\"lv-LV\"},{\"@type\":\"Organization\",\"@id\":\"https:\/\/hobstop.ee\/lv\/#organization\",\"name\":\"Vunder AS\",\"url\":\"https:\/\/hobstop.ee\/lv\/\",\"logo\":{\"@type\":\"ImageObject\",\"inLanguage\":\"lv-LV\",\"@id\":\"https:\/\/hobstop.ee\/lv\/#\/schema\/logo\/image\/\",\"url\":\"https:\/\/hobstop.ee\/media\/vunder-logo.png\",\"contentUrl\":\"https:\/\/hobstop.ee\/media\/vunder-logo.png\",\"width\":127,\"height\":55,\"caption\":\"Vunder AS\"},\"image\":{\"@id\":\"https:\/\/hobstop.ee\/lv\/#\/schema\/logo\/image\/\"},\"sameAs\":[\"http:\/\/www.facebook.com\/VunderSkizze\"]}]}<\/script>\n<!-- \/ Yoast SEO plugin. -->","yoast_head_json":{"title":"Mar\u0137ieris Derwent Paint Pen komplekts &#8211; Skizze","robots":{"index":"noindex","follow":"follow","max-snippet":"max-snippet:-1","max-image-preview":"max-image-preview:large","max-video-preview":"max-video-preview:-1"},"og_locale":"lv_LV","og_type":"article","og_title":"Mar\u0137ieris Derwent Paint Pen komplekts &#8211; Skizze","og_description":"Derwent Paint Pens ir rado\u0161s z\u012bm\u0113\u0161anas un kr\u0101so\u0161anas r\u012bks, kas ir past\u0101v\u012bgs, \u013coti iztur\u012bgs un necaursp\u012bd\u012bgs. Kvalitat\u012bvie, 0,5 jap\u0101\u0146u uzga\u013ci ir \u013coti iztur\u012bgi un \u013cauj rad\u012bt da\u017e\u0101dus, unik\u0101lus kr\u0101su efektus, s\u0101kot no smalk\u0101m l\u012bnij\u0101m l\u012bdz lieliem sl\u0101\u0146iem un interesantiem kr\u0101su triepieniem. &#8211; Rado\u0161s z\u012bm\u0113\u0161anas un kr\u0101so\u0161anas r\u012bks, lai rad\u012btu da\u017e\u0101dus unik\u0101lus efektus, s\u0101kot no smalk\u0101m l\u012bnij\u0101m l\u012bdz lieliem sl\u0101\u0146iem un interesantiem kr\u0101su triepieniem. &#8211; Spilgtas, necaursp\u012bd\u012bgas kr\u0101sas, kuras var kl\u0101t k\u0101rt\u0101s un sajaukt. &#8211; \u016aden\u012b \u0161\u0137\u012bsto\u0161s sast\u0101vs &#8211; izmantojiet akvare\u013cu oti\u0146u, lai izveidotu caursp\u012bd\u012bgus triepienus, kas iedvesmo. &#8211; Kr\u0101sa fiks\u0113jas, tikl\u012bdz no\u017e\u016bst, un nen\u0101k nost. &#8211; Piem\u0113rots lieto\u0161anai uz auduma, stikla un koka, nodro\u0161inot bezgal\u012bgas skic\u0113\u0161anas un kr\u0101so\u0161anas iesp\u0113jas, darbojoties ar visda\u017e\u0101d\u0101kajiem projektiem. &#8211; Visas kr\u0101sas ir \u013coti iztur\u012bgas.","og_url":"https:\/\/hobstop.ee\/lv\/produkts\/markieris-derwent-paint-pen-komplekts\/","og_site_name":"Skizze","article_publisher":"http:\/\/www.facebook.com\/VunderSkizze","article_modified_time":"2021-08-06T12:15:10+00:00","og_image":[{"width":1024,"height":768,"url":"https:\/\/www.hobstop.ee\/media\/5065.jpg","type":"image\/jpeg"}],"twitter_card":"summary_large_image","twitter_misc":{"Est. reading time":"1 min\u016b\u0161u"},"schema":{"@context":"https:\/\/schema.org","@graph":[{"@type":"WebPage","@id":"https:\/\/hobstop.ee\/lv\/produkts\/markieris-derwent-paint-pen-komplekts\/","url":"https:\/\/hobstop.ee\/lv\/produkts\/markieris-derwent-paint-pen-komplekts\/","name":"Mar\u0137ieris Derwent Paint Pen komplekts &#8211; Skizze","isPartOf":{"@id":"https:\/\/hobstop.ee\/lv\/#website"},"primaryImageOfPage":{"@id":"https:\/\/hobstop.ee\/lv\/produkts\/markieris-derwent-paint-pen-komplekts\/#primaryimage"},"image":{"@id":"https:\/\/hobstop.ee\/lv\/produkts\/markieris-derwent-paint-pen-komplekts\/#primaryimage"},"thumbnailUrl":"https:\/\/hobstop.ee\/media\/5065.jpg","datePublished":"2020-04-01T12:01:49+00:00","dateModified":"2021-08-06T12:15:10+00:00","breadcrumb":{"@id":"https:\/\/hobstop.ee\/lv\/produkts\/markieris-derwent-paint-pen-komplekts\/#breadcrumb"},"inLanguage":"lv-LV","potentialAction":[{"@type":"ReadAction","target":["https:\/\/hobstop.ee\/lv\/produkts\/markieris-derwent-paint-pen-komplekts\/"]}]},{"@type":"ImageObject","inLanguage":"lv-LV","@id":"https:\/\/hobstop.ee\/lv\/produkts\/markieris-derwent-paint-pen-komplekts\/#primaryimage","url":"https:\/\/hobstop.ee\/media\/5065.jpg","contentUrl":"https:\/\/hobstop.ee\/media\/5065.jpg","width":1024,"height":768},{"@type":"BreadcrumbList","@id":"https:\/\/hobstop.ee\/lv\/produkts\/markieris-derwent-paint-pen-komplekts\/#breadcrumb","itemListElement":[{"@type":"ListItem","position":1,"name":"Avaleht","item":"https:\/\/www.hobstop.ee\/lv\/"},{"@type":"ListItem","position":2,"name":"Veikals","item":"https:\/\/www.hobstop.ee\/lv\/veikals\/"},{"@type":"ListItem","position":3,"name":"Mar\u0137ieris Derwent Paint Pen komplekts"}]},{"@type":"WebSite","@id":"https:\/\/hobstop.ee\/lv\/#website","url":"https:\/\/hobstop.ee\/lv\/","name":"Skizze","description":"M\u0101kslas, hobiju un skolas preces","publisher":{"@id":"https:\/\/hobstop.ee\/lv\/#organization"},"potentialAction":[{"@type":"SearchAction","target":{"@type":"EntryPoint","urlTemplate":"https:\/\/hobstop.ee\/lv\/?s={search_term_string}"},"query-input":{"@type":"PropertyValueSpecification","valueRequired":true,"valueName":"search_term_string"}}],"inLanguage":"lv-LV"},{"@type":"Organization","@id":"https:\/\/hobstop.ee\/lv\/#organization","name":"Vunder AS","url":"https:\/\/hobstop.ee\/lv\/","logo":{"@type":"ImageObject","inLanguage":"lv-LV","@id":"https:\/\/hobstop.ee\/lv\/#\/schema\/logo\/image\/","url":"https:\/\/hobstop.ee\/media\/vunder-logo.png","contentUrl":"https:\/\/hobstop.ee\/media\/vunder-logo.png","width":127,"height":55,"caption":"Vunder AS"},"image":{"@id":"https:\/\/hobstop.ee\/lv\/#\/schema\/logo\/image\/"},"sameAs":["http:\/\/www.facebook.com\/VunderSkizze"]}]}},"_links":{"self":[{"href":"https:\/\/hobstop.ee\/lv\/wp-json\/wp\/v2\/product\/340983","targetHints":{"allow":["GET"]}}],"collection":[{"href":"https:\/\/hobstop.ee\/lv\/wp-json\/wp\/v2\/product"}],"about":[{"href":"https:\/\/hobstop.ee\/lv\/wp-json\/wp\/v2\/types\/product"}],"replies":[{"embeddable":true,"href":"https:\/\/hobstop.ee\/lv\/wp-json\/wp\/v2\/comments?post=340983"}],"wp:featuredmedia":[{"embeddable":true,"href":"https:\/\/hobstop.ee\/lv\/wp-json\/wp\/v2\/media\/353295"}],"wp:attachment":[{"href":"https:\/\/hobstop.ee\/lv\/wp-json\/wp\/v2\/media?parent=340983"}],"wp:term":[{"taxonomy":"product_cat","embeddable":true,"href":"https:\/\/hobstop.ee\/lv\/wp-json\/wp\/v2\/product_cat?post=340983"},{"taxonomy":"product_tag","embeddable":true,"href":"https:\/\/hobstop.ee\/lv\/wp-json\/wp\/v2\/product_tag?post=340983"}],"curies":[{"name":"wp","href":"https:\/\/api.w.org\/{rel}","templated":true}]}}