{"id":340991,"date":"2020-04-01T15:02:01","date_gmt":"2020-04-01T12:02:05","guid":{"rendered":"https:\/\/sharks.ee\/vunder_2019\/product\/bambusa-uzlgabasanas-karba-rayher-ar-vaku\/"},"modified":"2020-04-01T15:02:05","modified_gmt":"2020-04-01T12:02:05","slug":"bambusa-uzlgabasanas-karba-rayher-ar-vaku","status":"publish","type":"product","link":"https:\/\/hobstop.ee\/lv\/produkts\/bambusa-uzlgabasanas-karba-rayher-ar-vaku\/","title":{"rendered":"Bambusa uzlg\u0101ba\u0161anas k\u0101rba Rayher ar v\u0101ku"},"content":{"rendered":"<p>Rayhera atk\u0101rtotai lieto\u0161anai paredz\u0113tie trauki no bambusa nodro\u0161ina pla\u0161\u0101kas rado\u0161o izpausmju iesp\u0113jas ar liel\u0101ku ilgtsp\u0113j\u012bbu! Ir vair\u0101kas rado\u0161as pieejas vienk\u0101r\u0161u bambusa izstr\u0101d\u0101jumu rad\u012b\u0161anai: kr\u012bta kr\u0101sas, mat\u0113tas un sp\u012bd\u012bgas amatniec\u012bbas kr\u0101sas, mar\u0137ieri, uzl\u012bmes utt. (Kr\u0101su nedr\u012bkst izmantot cepe\u0161kr\u0101sn\u012b, jo materi\u0101ls nav piem\u0113rots kr\u0101sn\u012bm). Atbild\u012bba par ekolo\u0123iskiem procesiem dabas resursu zi\u0146\u0101 un izteikti \u201cza\u013ca\u201d  izpratne par pieaugo\u0161o atkritumu daudzumu &#8211; tie\u0161i par to iest\u0101jas atk\u0101rtotai p\u0101rstr\u0101dei paredz\u0113tie bambusa izstr\u0101d\u0101jumu ra\u017eot\u0101ji!<br \/>\n&#8211; Bambusa koks aug \u013coti \u0101tri, l\u012bdz ar to var saglab\u0101t tik \u013coti v\u0113rt\u012bgos resursus<br \/>\n&#8211; Dro\u0161s p\u0101rtikas produktu izmanto\u0161anai un ar neitr\u0101lu gar\u0161u<br \/>\n&#8211; Dr\u012bkst mazg\u0101t trauku mazg\u0101jam\u0101 ma\u0161\u012bn\u0101<br \/>\n&#8211; Viegls un nepl\u012bsto\u0161s<br \/>\n&#8211; Viegli piel\u0101got<br \/>\n&#8211; 50% bambuss, 30% kukur\u016bzas ciete un tikai 20% melan\u012bns<br \/>\n&#8211; Nav piem\u0113rots izmanto\u0161anai mikrovi\u013c\u0146u kr\u0101sn\u012bs vai pl\u012bt\u012bs.<\/p>\n","protected":false},"excerpt":{"rendered":"<p>Rayhera atk\u0101rtotai lieto\u0161anai paredz\u0113tie trauki no bambusa nodro\u0161ina pla\u0161\u0101kas rado\u0161o izpausmju iesp\u0113jas ar liel\u0101ku ilgtsp\u0113j\u012bbu! Ir vair\u0101kas rado\u0161as pieejas vienk\u0101r\u0161u bambusa izstr\u0101d\u0101jumu rad\u012b\u0161anai: kr\u012bta kr\u0101sas, mat\u0113tas un sp\u012bd\u012bgas amatniec\u012bbas kr\u0101sas, mar\u0137ieri, uzl\u012bmes utt. (Kr\u0101su nedr\u012bkst izmantot cepe\u0161kr\u0101sn\u012b, jo materi\u0101ls nav piem\u0113rots kr\u0101sn\u012bm). Atbild\u012bba par ekolo\u0123iskiem procesiem dabas resursu zi\u0146\u0101 un izteikti \u201cza\u013ca\u201d izpratne par pieaugo\u0161o atkritumu daudzumu &#8211; tie\u0161i par to iest\u0101jas atk\u0101rtotai p\u0101rstr\u0101dei paredz\u0113tie bambusa izstr\u0101d\u0101jumu ra\u017eot\u0101ji! &#8211; Bambusa koks aug \u013coti \u0101tri, l\u012bdz ar to var saglab\u0101t tik \u013coti v\u0113rt\u012bgos resursus &#8211; Dro\u0161s p\u0101rtikas produktu izmanto\u0161anai un ar neitr\u0101lu gar\u0161u &#8211; Dr\u012bkst mazg\u0101t trauku mazg\u0101jam\u0101 ma\u0161\u012bn\u0101 &#8211; Viegls un nepl\u012bsto\u0161s &#8211; Viegli piel\u0101got &#8211; 50% bambuss, 30% kukur\u016bzas ciete un tikai 20% melan\u012bns &#8211; Nav piem\u0113rots izmanto\u0161anai mikrovi\u013c\u0146u kr\u0101sn\u012bs vai pl\u012bt\u012bs.<\/p>\n","protected":false},"featured_media":353299,"comment_status":"closed","ping_status":"closed","template":"","meta":{"_acf_changed":false,"ep_exclude_from_search":false},"product_cat":[20361],"product_tag":[],"class_list":{"0":"post-340991","1":"product","2":"type-product","3":"status-publish","4":"has-post-thumbnail","6":"product_cat-maaramata","8":"first","9":"instock","10":"taxable","11":"shipping-taxable","12":"product-type-simple"},"acf":[],"yoast_head":"<!-- This site is optimized with the Yoast SEO plugin v24.1 - https:\/\/yoast.com\/wordpress\/plugins\/seo\/ -->\n<title>Bambusa uzlg\u0101ba\u0161anas k\u0101rba Rayher ar v\u0101ku &#8211; Skizze<\/title>\n<meta name=\"robots\" content=\"noindex, follow, max-snippet:-1, max-image-preview:large, max-video-preview:-1\" \/>\n<meta property=\"og:locale\" content=\"lv_LV\" \/>\n<meta property=\"og:type\" content=\"article\" \/>\n<meta property=\"og:title\" content=\"Bambusa uzlg\u0101ba\u0161anas k\u0101rba Rayher ar v\u0101ku &#8211; Skizze\" \/>\n<meta property=\"og:description\" content=\"Rayhera atk\u0101rtotai lieto\u0161anai paredz\u0113tie trauki no bambusa nodro\u0161ina pla\u0161\u0101kas rado\u0161o izpausmju iesp\u0113jas ar liel\u0101ku ilgtsp\u0113j\u012bbu! Ir vair\u0101kas rado\u0161as pieejas vienk\u0101r\u0161u bambusa izstr\u0101d\u0101jumu rad\u012b\u0161anai: kr\u012bta kr\u0101sas, mat\u0113tas un sp\u012bd\u012bgas amatniec\u012bbas kr\u0101sas, mar\u0137ieri, uzl\u012bmes utt. (Kr\u0101su nedr\u012bkst izmantot cepe\u0161kr\u0101sn\u012b, jo materi\u0101ls nav piem\u0113rots kr\u0101sn\u012bm). Atbild\u012bba par ekolo\u0123iskiem procesiem dabas resursu zi\u0146\u0101 un izteikti \u201cza\u013ca\u201d izpratne par pieaugo\u0161o atkritumu daudzumu &#8211; tie\u0161i par to iest\u0101jas atk\u0101rtotai p\u0101rstr\u0101dei paredz\u0113tie bambusa izstr\u0101d\u0101jumu ra\u017eot\u0101ji! &#8211; Bambusa koks aug \u013coti \u0101tri, l\u012bdz ar to var saglab\u0101t tik \u013coti v\u0113rt\u012bgos resursus &#8211; Dro\u0161s p\u0101rtikas produktu izmanto\u0161anai un ar neitr\u0101lu gar\u0161u &#8211; Dr\u012bkst mazg\u0101t trauku mazg\u0101jam\u0101 ma\u0161\u012bn\u0101 &#8211; Viegls un nepl\u012bsto\u0161s &#8211; Viegli piel\u0101got &#8211; 50% bambuss, 30% kukur\u016bzas ciete un tikai 20% melan\u012bns &#8211; Nav piem\u0113rots izmanto\u0161anai mikrovi\u013c\u0146u kr\u0101sn\u012bs vai pl\u012bt\u012bs.\" \/>\n<meta property=\"og:url\" content=\"https:\/\/hobstop.ee\/lv\/produkts\/bambusa-uzlgabasanas-karba-rayher-ar-vaku\/\" \/>\n<meta property=\"og:site_name\" content=\"Skizze\" \/>\n<meta property=\"article:publisher\" content=\"http:\/\/www.facebook.com\/VunderSkizze\" \/>\n<meta property=\"og:image\" content=\"https:\/\/hobstop.ee\/media\/5073.jpg\" \/>\n\t<meta property=\"og:image:width\" content=\"1024\" \/>\n\t<meta property=\"og:image:height\" content=\"768\" \/>\n\t<meta property=\"og:image:type\" content=\"image\/jpeg\" \/>\n<meta name=\"twitter:card\" content=\"summary_large_image\" \/>\n<meta name=\"twitter:label1\" content=\"Est. reading time\" \/>\n\t<meta name=\"twitter:data1\" content=\"1 min\u016b\u0161u\" \/>\n<script type=\"application\/ld+json\" class=\"yoast-schema-graph\">{\"@context\":\"https:\/\/schema.org\",\"@graph\":[{\"@type\":\"WebPage\",\"@id\":\"https:\/\/hobstop.ee\/lv\/produkts\/bambusa-uzlgabasanas-karba-rayher-ar-vaku\/\",\"url\":\"https:\/\/hobstop.ee\/lv\/produkts\/bambusa-uzlgabasanas-karba-rayher-ar-vaku\/\",\"name\":\"Bambusa uzlg\u0101ba\u0161anas k\u0101rba Rayher ar v\u0101ku &#8211; Skizze\",\"isPartOf\":{\"@id\":\"https:\/\/hobstop.ee\/lv\/#website\"},\"primaryImageOfPage\":{\"@id\":\"https:\/\/hobstop.ee\/lv\/produkts\/bambusa-uzlgabasanas-karba-rayher-ar-vaku\/#primaryimage\"},\"image\":{\"@id\":\"https:\/\/hobstop.ee\/lv\/produkts\/bambusa-uzlgabasanas-karba-rayher-ar-vaku\/#primaryimage\"},\"thumbnailUrl\":\"https:\/\/hobstop.ee\/media\/5073.jpg\",\"datePublished\":\"2020-04-01T12:02:05+00:00\",\"dateModified\":\"2020-04-01T12:02:05+00:00\",\"breadcrumb\":{\"@id\":\"https:\/\/hobstop.ee\/lv\/produkts\/bambusa-uzlgabasanas-karba-rayher-ar-vaku\/#breadcrumb\"},\"inLanguage\":\"lv-LV\",\"potentialAction\":[{\"@type\":\"ReadAction\",\"target\":[\"https:\/\/hobstop.ee\/lv\/produkts\/bambusa-uzlgabasanas-karba-rayher-ar-vaku\/\"]}]},{\"@type\":\"ImageObject\",\"inLanguage\":\"lv-LV\",\"@id\":\"https:\/\/hobstop.ee\/lv\/produkts\/bambusa-uzlgabasanas-karba-rayher-ar-vaku\/#primaryimage\",\"url\":\"https:\/\/hobstop.ee\/media\/5073.jpg\",\"contentUrl\":\"https:\/\/hobstop.ee\/media\/5073.jpg\",\"width\":1024,\"height\":768},{\"@type\":\"BreadcrumbList\",\"@id\":\"https:\/\/hobstop.ee\/lv\/produkts\/bambusa-uzlgabasanas-karba-rayher-ar-vaku\/#breadcrumb\",\"itemListElement\":[{\"@type\":\"ListItem\",\"position\":1,\"name\":\"Avaleht\",\"item\":\"https:\/\/hobstop.ee\/lv\/\"},{\"@type\":\"ListItem\",\"position\":2,\"name\":\"Veikals\",\"item\":\"https:\/\/hobstop.ee\/lv\/veikals\/\"},{\"@type\":\"ListItem\",\"position\":3,\"name\":\"Bambusa uzlg\u0101ba\u0161anas k\u0101rba Rayher ar v\u0101ku\"}]},{\"@type\":\"WebSite\",\"@id\":\"https:\/\/hobstop.ee\/lv\/#website\",\"url\":\"https:\/\/hobstop.ee\/lv\/\",\"name\":\"Skizze\",\"description\":\"M\u0101kslas, hobiju un skolas preces\",\"publisher\":{\"@id\":\"https:\/\/hobstop.ee\/lv\/#organization\"},\"potentialAction\":[{\"@type\":\"SearchAction\",\"target\":{\"@type\":\"EntryPoint\",\"urlTemplate\":\"https:\/\/hobstop.ee\/lv\/?s={search_term_string}\"},\"query-input\":{\"@type\":\"PropertyValueSpecification\",\"valueRequired\":true,\"valueName\":\"search_term_string\"}}],\"inLanguage\":\"lv-LV\"},{\"@type\":\"Organization\",\"@id\":\"https:\/\/hobstop.ee\/lv\/#organization\",\"name\":\"Vunder AS\",\"url\":\"https:\/\/hobstop.ee\/lv\/\",\"logo\":{\"@type\":\"ImageObject\",\"inLanguage\":\"lv-LV\",\"@id\":\"https:\/\/hobstop.ee\/lv\/#\/schema\/logo\/image\/\",\"url\":\"https:\/\/hobstop.ee\/media\/vunder-logo.png\",\"contentUrl\":\"https:\/\/hobstop.ee\/media\/vunder-logo.png\",\"width\":127,\"height\":55,\"caption\":\"Vunder AS\"},\"image\":{\"@id\":\"https:\/\/hobstop.ee\/lv\/#\/schema\/logo\/image\/\"},\"sameAs\":[\"http:\/\/www.facebook.com\/VunderSkizze\"]}]}<\/script>\n<!-- \/ Yoast SEO plugin. -->","yoast_head_json":{"title":"Bambusa uzlg\u0101ba\u0161anas k\u0101rba Rayher ar v\u0101ku &#8211; Skizze","robots":{"index":"noindex","follow":"follow","max-snippet":"max-snippet:-1","max-image-preview":"max-image-preview:large","max-video-preview":"max-video-preview:-1"},"og_locale":"lv_LV","og_type":"article","og_title":"Bambusa uzlg\u0101ba\u0161anas k\u0101rba Rayher ar v\u0101ku &#8211; Skizze","og_description":"Rayhera atk\u0101rtotai lieto\u0161anai paredz\u0113tie trauki no bambusa nodro\u0161ina pla\u0161\u0101kas rado\u0161o izpausmju iesp\u0113jas ar liel\u0101ku ilgtsp\u0113j\u012bbu! Ir vair\u0101kas rado\u0161as pieejas vienk\u0101r\u0161u bambusa izstr\u0101d\u0101jumu rad\u012b\u0161anai: kr\u012bta kr\u0101sas, mat\u0113tas un sp\u012bd\u012bgas amatniec\u012bbas kr\u0101sas, mar\u0137ieri, uzl\u012bmes utt. (Kr\u0101su nedr\u012bkst izmantot cepe\u0161kr\u0101sn\u012b, jo materi\u0101ls nav piem\u0113rots kr\u0101sn\u012bm). Atbild\u012bba par ekolo\u0123iskiem procesiem dabas resursu zi\u0146\u0101 un izteikti \u201cza\u013ca\u201d izpratne par pieaugo\u0161o atkritumu daudzumu &#8211; tie\u0161i par to iest\u0101jas atk\u0101rtotai p\u0101rstr\u0101dei paredz\u0113tie bambusa izstr\u0101d\u0101jumu ra\u017eot\u0101ji! &#8211; Bambusa koks aug \u013coti \u0101tri, l\u012bdz ar to var saglab\u0101t tik \u013coti v\u0113rt\u012bgos resursus &#8211; Dro\u0161s p\u0101rtikas produktu izmanto\u0161anai un ar neitr\u0101lu gar\u0161u &#8211; Dr\u012bkst mazg\u0101t trauku mazg\u0101jam\u0101 ma\u0161\u012bn\u0101 &#8211; Viegls un nepl\u012bsto\u0161s &#8211; Viegli piel\u0101got &#8211; 50% bambuss, 30% kukur\u016bzas ciete un tikai 20% melan\u012bns &#8211; Nav piem\u0113rots izmanto\u0161anai mikrovi\u013c\u0146u kr\u0101sn\u012bs vai pl\u012bt\u012bs.","og_url":"https:\/\/hobstop.ee\/lv\/produkts\/bambusa-uzlgabasanas-karba-rayher-ar-vaku\/","og_site_name":"Skizze","article_publisher":"http:\/\/www.facebook.com\/VunderSkizze","og_image":[{"width":1024,"height":768,"url":"https:\/\/hobstop.ee\/media\/5073.jpg","type":"image\/jpeg"}],"twitter_card":"summary_large_image","twitter_misc":{"Est. reading time":"1 min\u016b\u0161u"},"schema":{"@context":"https:\/\/schema.org","@graph":[{"@type":"WebPage","@id":"https:\/\/hobstop.ee\/lv\/produkts\/bambusa-uzlgabasanas-karba-rayher-ar-vaku\/","url":"https:\/\/hobstop.ee\/lv\/produkts\/bambusa-uzlgabasanas-karba-rayher-ar-vaku\/","name":"Bambusa uzlg\u0101ba\u0161anas k\u0101rba Rayher ar v\u0101ku &#8211; Skizze","isPartOf":{"@id":"https:\/\/hobstop.ee\/lv\/#website"},"primaryImageOfPage":{"@id":"https:\/\/hobstop.ee\/lv\/produkts\/bambusa-uzlgabasanas-karba-rayher-ar-vaku\/#primaryimage"},"image":{"@id":"https:\/\/hobstop.ee\/lv\/produkts\/bambusa-uzlgabasanas-karba-rayher-ar-vaku\/#primaryimage"},"thumbnailUrl":"https:\/\/hobstop.ee\/media\/5073.jpg","datePublished":"2020-04-01T12:02:05+00:00","dateModified":"2020-04-01T12:02:05+00:00","breadcrumb":{"@id":"https:\/\/hobstop.ee\/lv\/produkts\/bambusa-uzlgabasanas-karba-rayher-ar-vaku\/#breadcrumb"},"inLanguage":"lv-LV","potentialAction":[{"@type":"ReadAction","target":["https:\/\/hobstop.ee\/lv\/produkts\/bambusa-uzlgabasanas-karba-rayher-ar-vaku\/"]}]},{"@type":"ImageObject","inLanguage":"lv-LV","@id":"https:\/\/hobstop.ee\/lv\/produkts\/bambusa-uzlgabasanas-karba-rayher-ar-vaku\/#primaryimage","url":"https:\/\/hobstop.ee\/media\/5073.jpg","contentUrl":"https:\/\/hobstop.ee\/media\/5073.jpg","width":1024,"height":768},{"@type":"BreadcrumbList","@id":"https:\/\/hobstop.ee\/lv\/produkts\/bambusa-uzlgabasanas-karba-rayher-ar-vaku\/#breadcrumb","itemListElement":[{"@type":"ListItem","position":1,"name":"Avaleht","item":"https:\/\/hobstop.ee\/lv\/"},{"@type":"ListItem","position":2,"name":"Veikals","item":"https:\/\/hobstop.ee\/lv\/veikals\/"},{"@type":"ListItem","position":3,"name":"Bambusa uzlg\u0101ba\u0161anas k\u0101rba Rayher ar v\u0101ku"}]},{"@type":"WebSite","@id":"https:\/\/hobstop.ee\/lv\/#website","url":"https:\/\/hobstop.ee\/lv\/","name":"Skizze","description":"M\u0101kslas, hobiju un skolas preces","publisher":{"@id":"https:\/\/hobstop.ee\/lv\/#organization"},"potentialAction":[{"@type":"SearchAction","target":{"@type":"EntryPoint","urlTemplate":"https:\/\/hobstop.ee\/lv\/?s={search_term_string}"},"query-input":{"@type":"PropertyValueSpecification","valueRequired":true,"valueName":"search_term_string"}}],"inLanguage":"lv-LV"},{"@type":"Organization","@id":"https:\/\/hobstop.ee\/lv\/#organization","name":"Vunder AS","url":"https:\/\/hobstop.ee\/lv\/","logo":{"@type":"ImageObject","inLanguage":"lv-LV","@id":"https:\/\/hobstop.ee\/lv\/#\/schema\/logo\/image\/","url":"https:\/\/hobstop.ee\/media\/vunder-logo.png","contentUrl":"https:\/\/hobstop.ee\/media\/vunder-logo.png","width":127,"height":55,"caption":"Vunder AS"},"image":{"@id":"https:\/\/hobstop.ee\/lv\/#\/schema\/logo\/image\/"},"sameAs":["http:\/\/www.facebook.com\/VunderSkizze"]}]}},"_links":{"self":[{"href":"https:\/\/hobstop.ee\/lv\/wp-json\/wp\/v2\/product\/340991","targetHints":{"allow":["GET"]}}],"collection":[{"href":"https:\/\/hobstop.ee\/lv\/wp-json\/wp\/v2\/product"}],"about":[{"href":"https:\/\/hobstop.ee\/lv\/wp-json\/wp\/v2\/types\/product"}],"replies":[{"embeddable":true,"href":"https:\/\/hobstop.ee\/lv\/wp-json\/wp\/v2\/comments?post=340991"}],"wp:featuredmedia":[{"embeddable":true,"href":"https:\/\/hobstop.ee\/lv\/wp-json\/wp\/v2\/media\/353299"}],"wp:attachment":[{"href":"https:\/\/hobstop.ee\/lv\/wp-json\/wp\/v2\/media?parent=340991"}],"wp:term":[{"taxonomy":"product_cat","embeddable":true,"href":"https:\/\/hobstop.ee\/lv\/wp-json\/wp\/v2\/product_cat?post=340991"},{"taxonomy":"product_tag","embeddable":true,"href":"https:\/\/hobstop.ee\/lv\/wp-json\/wp\/v2\/product_tag?post=340991"}],"curies":[{"name":"wp","href":"https:\/\/api.w.org\/{rel}","templated":true}]}}