{"id":341003,"date":"2020-04-01T15:02:26","date_gmt":"2020-04-01T12:02:30","guid":{"rendered":"https:\/\/sharks.ee\/vunder_2019\/product\/akrila-grunts-pasteliem-sennelier\/"},"modified":"2020-04-01T15:02:30","modified_gmt":"2020-04-01T12:02:30","slug":"akrila-grunts-pasteliem-sennelier","status":"publish","type":"product","link":"https:\/\/hobstop.ee\/lv\/produkts\/akrila-grunts-pasteliem-sennelier\/","title":{"rendered":"Akrila grunts paste\u013ciem Sennelier"},"content":{"rendered":"<p>Sennelier akrila grunts balt\u0101 kr\u0101s\u0101 paste\u013ckr\u0101s\u0101m pie\u0161\u0137ir virsmai (audekls, pap\u012brs uc.) abraz\u012bvu, mikro\u0161\u0137iedru tekst\u016bru, \u013caujot virsmu apstr\u0101d\u0101t ar paste\u013ckr\u0101s\u0101m, ogl\u0113m vai kr\u012btu. To var izmantot t\u012br\u0101 veid\u0101 vai ton\u0113t, iepriek\u0161 sajaucot ar akrila kr\u0101s\u0101m. T\u0101 \u0161\u0137\u012bst \u016bden\u012b un \u0101tri \u017e\u016bst.<\/p>\n","protected":false},"excerpt":{"rendered":"<p>Sennelier akrila grunts balt\u0101 kr\u0101s\u0101 paste\u013ckr\u0101s\u0101m pie\u0161\u0137ir virsmai (audekls, pap\u012brs uc.) abraz\u012bvu, mikro\u0161\u0137iedru tekst\u016bru, \u013caujot virsmu apstr\u0101d\u0101t ar paste\u013ckr\u0101s\u0101m, ogl\u0113m vai kr\u012btu. To var izmantot t\u012br\u0101 veid\u0101 vai ton\u0113t, iepriek\u0161 sajaucot ar akrila kr\u0101s\u0101m. T\u0101 \u0161\u0137\u012bst \u016bden\u012b un \u0101tri \u017e\u016bst.<\/p>\n","protected":false},"featured_media":353423,"comment_status":"closed","ping_status":"closed","template":"","meta":{"_acf_changed":false,"ep_exclude_from_search":false},"product_cat":[20361],"product_tag":[],"class_list":{"0":"post-341003","1":"product","2":"type-product","3":"status-publish","4":"has-post-thumbnail","6":"product_cat-maaramata","8":"first","9":"instock","10":"taxable","11":"shipping-taxable","12":"product-type-simple"},"acf":[],"yoast_head":"<!-- This site is optimized with the Yoast SEO plugin v24.1 - https:\/\/yoast.com\/wordpress\/plugins\/seo\/ -->\n<title>Akrila grunts paste\u013ciem Sennelier &#8211; Skizze<\/title>\n<meta name=\"robots\" content=\"noindex, follow, max-snippet:-1, max-image-preview:large, max-video-preview:-1\" \/>\n<meta property=\"og:locale\" content=\"lv_LV\" \/>\n<meta property=\"og:type\" content=\"article\" \/>\n<meta property=\"og:title\" content=\"Akrila grunts paste\u013ciem Sennelier &#8211; Skizze\" \/>\n<meta property=\"og:description\" content=\"Sennelier akrila grunts balt\u0101 kr\u0101s\u0101 paste\u013ckr\u0101s\u0101m pie\u0161\u0137ir virsmai (audekls, pap\u012brs uc.) abraz\u012bvu, mikro\u0161\u0137iedru tekst\u016bru, \u013caujot virsmu apstr\u0101d\u0101t ar paste\u013ckr\u0101s\u0101m, ogl\u0113m vai kr\u012btu. To var izmantot t\u012br\u0101 veid\u0101 vai ton\u0113t, iepriek\u0161 sajaucot ar akrila kr\u0101s\u0101m. T\u0101 \u0161\u0137\u012bst \u016bden\u012b un \u0101tri \u017e\u016bst.\" \/>\n<meta property=\"og:url\" content=\"https:\/\/hobstop.ee\/lv\/produkts\/akrila-grunts-pasteliem-sennelier\/\" \/>\n<meta property=\"og:site_name\" content=\"Skizze\" \/>\n<meta property=\"article:publisher\" content=\"http:\/\/www.facebook.com\/VunderSkizze\" \/>\n<meta property=\"og:image\" content=\"https:\/\/hobstop.ee\/media\/5077.jpg\" \/>\n\t<meta property=\"og:image:width\" content=\"1024\" \/>\n\t<meta property=\"og:image:height\" content=\"768\" \/>\n\t<meta property=\"og:image:type\" content=\"image\/jpeg\" \/>\n<meta name=\"twitter:card\" content=\"summary_large_image\" \/>\n<script type=\"application\/ld+json\" class=\"yoast-schema-graph\">{\"@context\":\"https:\/\/schema.org\",\"@graph\":[{\"@type\":\"WebPage\",\"@id\":\"https:\/\/hobstop.ee\/lv\/produkts\/akrila-grunts-pasteliem-sennelier\/\",\"url\":\"https:\/\/hobstop.ee\/lv\/produkts\/akrila-grunts-pasteliem-sennelier\/\",\"name\":\"Akrila grunts paste\u013ciem Sennelier &#8211; Skizze\",\"isPartOf\":{\"@id\":\"https:\/\/www.hobstop.ee\/lv\/#website\"},\"primaryImageOfPage\":{\"@id\":\"https:\/\/hobstop.ee\/lv\/produkts\/akrila-grunts-pasteliem-sennelier\/#primaryimage\"},\"image\":{\"@id\":\"https:\/\/hobstop.ee\/lv\/produkts\/akrila-grunts-pasteliem-sennelier\/#primaryimage\"},\"thumbnailUrl\":\"https:\/\/hobstop.ee\/media\/5077.jpg\",\"datePublished\":\"2020-04-01T12:02:30+00:00\",\"dateModified\":\"2020-04-01T12:02:30+00:00\",\"breadcrumb\":{\"@id\":\"https:\/\/hobstop.ee\/lv\/produkts\/akrila-grunts-pasteliem-sennelier\/#breadcrumb\"},\"inLanguage\":\"lv-LV\",\"potentialAction\":[{\"@type\":\"ReadAction\",\"target\":[\"https:\/\/hobstop.ee\/lv\/produkts\/akrila-grunts-pasteliem-sennelier\/\"]}]},{\"@type\":\"ImageObject\",\"inLanguage\":\"lv-LV\",\"@id\":\"https:\/\/hobstop.ee\/lv\/produkts\/akrila-grunts-pasteliem-sennelier\/#primaryimage\",\"url\":\"https:\/\/hobstop.ee\/media\/5077.jpg\",\"contentUrl\":\"https:\/\/hobstop.ee\/media\/5077.jpg\",\"width\":1024,\"height\":768},{\"@type\":\"BreadcrumbList\",\"@id\":\"https:\/\/hobstop.ee\/lv\/produkts\/akrila-grunts-pasteliem-sennelier\/#breadcrumb\",\"itemListElement\":[{\"@type\":\"ListItem\",\"position\":1,\"name\":\"Avaleht\",\"item\":\"https:\/\/www.hobstop.ee\/lv\/\"},{\"@type\":\"ListItem\",\"position\":2,\"name\":\"Veikals\",\"item\":\"https:\/\/www.hobstop.ee\/lv\/veikals\/\"},{\"@type\":\"ListItem\",\"position\":3,\"name\":\"Akrila grunts paste\u013ciem Sennelier\"}]},{\"@type\":\"WebSite\",\"@id\":\"https:\/\/www.hobstop.ee\/lv\/#website\",\"url\":\"https:\/\/www.hobstop.ee\/lv\/\",\"name\":\"Skizze\",\"description\":\"M\u0101kslas, hobiju un skolas preces\",\"publisher\":{\"@id\":\"https:\/\/www.hobstop.ee\/lv\/#organization\"},\"potentialAction\":[{\"@type\":\"SearchAction\",\"target\":{\"@type\":\"EntryPoint\",\"urlTemplate\":\"https:\/\/www.hobstop.ee\/lv\/?s={search_term_string}\"},\"query-input\":{\"@type\":\"PropertyValueSpecification\",\"valueRequired\":true,\"valueName\":\"search_term_string\"}}],\"inLanguage\":\"lv-LV\"},{\"@type\":\"Organization\",\"@id\":\"https:\/\/www.hobstop.ee\/lv\/#organization\",\"name\":\"Vunder AS\",\"url\":\"https:\/\/www.hobstop.ee\/lv\/\",\"logo\":{\"@type\":\"ImageObject\",\"inLanguage\":\"lv-LV\",\"@id\":\"https:\/\/www.hobstop.ee\/lv\/#\/schema\/logo\/image\/\",\"url\":\"https:\/\/hobstop.ee\/media\/vunder-logo.png\",\"contentUrl\":\"https:\/\/hobstop.ee\/media\/vunder-logo.png\",\"width\":127,\"height\":55,\"caption\":\"Vunder AS\"},\"image\":{\"@id\":\"https:\/\/www.hobstop.ee\/lv\/#\/schema\/logo\/image\/\"},\"sameAs\":[\"http:\/\/www.facebook.com\/VunderSkizze\"]}]}<\/script>\n<!-- \/ Yoast SEO plugin. -->","yoast_head_json":{"title":"Akrila grunts paste\u013ciem Sennelier &#8211; Skizze","robots":{"index":"noindex","follow":"follow","max-snippet":"max-snippet:-1","max-image-preview":"max-image-preview:large","max-video-preview":"max-video-preview:-1"},"og_locale":"lv_LV","og_type":"article","og_title":"Akrila grunts paste\u013ciem Sennelier &#8211; Skizze","og_description":"Sennelier akrila grunts balt\u0101 kr\u0101s\u0101 paste\u013ckr\u0101s\u0101m pie\u0161\u0137ir virsmai (audekls, pap\u012brs uc.) abraz\u012bvu, mikro\u0161\u0137iedru tekst\u016bru, \u013caujot virsmu apstr\u0101d\u0101t ar paste\u013ckr\u0101s\u0101m, ogl\u0113m vai kr\u012btu. To var izmantot t\u012br\u0101 veid\u0101 vai ton\u0113t, iepriek\u0161 sajaucot ar akrila kr\u0101s\u0101m. T\u0101 \u0161\u0137\u012bst \u016bden\u012b un \u0101tri \u017e\u016bst.","og_url":"https:\/\/hobstop.ee\/lv\/produkts\/akrila-grunts-pasteliem-sennelier\/","og_site_name":"Skizze","article_publisher":"http:\/\/www.facebook.com\/VunderSkizze","og_image":[{"width":1024,"height":768,"url":"https:\/\/hobstop.ee\/media\/5077.jpg","type":"image\/jpeg"}],"twitter_card":"summary_large_image","schema":{"@context":"https:\/\/schema.org","@graph":[{"@type":"WebPage","@id":"https:\/\/hobstop.ee\/lv\/produkts\/akrila-grunts-pasteliem-sennelier\/","url":"https:\/\/hobstop.ee\/lv\/produkts\/akrila-grunts-pasteliem-sennelier\/","name":"Akrila grunts paste\u013ciem Sennelier &#8211; Skizze","isPartOf":{"@id":"https:\/\/www.hobstop.ee\/lv\/#website"},"primaryImageOfPage":{"@id":"https:\/\/hobstop.ee\/lv\/produkts\/akrila-grunts-pasteliem-sennelier\/#primaryimage"},"image":{"@id":"https:\/\/hobstop.ee\/lv\/produkts\/akrila-grunts-pasteliem-sennelier\/#primaryimage"},"thumbnailUrl":"https:\/\/hobstop.ee\/media\/5077.jpg","datePublished":"2020-04-01T12:02:30+00:00","dateModified":"2020-04-01T12:02:30+00:00","breadcrumb":{"@id":"https:\/\/hobstop.ee\/lv\/produkts\/akrila-grunts-pasteliem-sennelier\/#breadcrumb"},"inLanguage":"lv-LV","potentialAction":[{"@type":"ReadAction","target":["https:\/\/hobstop.ee\/lv\/produkts\/akrila-grunts-pasteliem-sennelier\/"]}]},{"@type":"ImageObject","inLanguage":"lv-LV","@id":"https:\/\/hobstop.ee\/lv\/produkts\/akrila-grunts-pasteliem-sennelier\/#primaryimage","url":"https:\/\/hobstop.ee\/media\/5077.jpg","contentUrl":"https:\/\/hobstop.ee\/media\/5077.jpg","width":1024,"height":768},{"@type":"BreadcrumbList","@id":"https:\/\/hobstop.ee\/lv\/produkts\/akrila-grunts-pasteliem-sennelier\/#breadcrumb","itemListElement":[{"@type":"ListItem","position":1,"name":"Avaleht","item":"https:\/\/www.hobstop.ee\/lv\/"},{"@type":"ListItem","position":2,"name":"Veikals","item":"https:\/\/www.hobstop.ee\/lv\/veikals\/"},{"@type":"ListItem","position":3,"name":"Akrila grunts paste\u013ciem Sennelier"}]},{"@type":"WebSite","@id":"https:\/\/www.hobstop.ee\/lv\/#website","url":"https:\/\/www.hobstop.ee\/lv\/","name":"Skizze","description":"M\u0101kslas, hobiju un skolas preces","publisher":{"@id":"https:\/\/www.hobstop.ee\/lv\/#organization"},"potentialAction":[{"@type":"SearchAction","target":{"@type":"EntryPoint","urlTemplate":"https:\/\/www.hobstop.ee\/lv\/?s={search_term_string}"},"query-input":{"@type":"PropertyValueSpecification","valueRequired":true,"valueName":"search_term_string"}}],"inLanguage":"lv-LV"},{"@type":"Organization","@id":"https:\/\/www.hobstop.ee\/lv\/#organization","name":"Vunder AS","url":"https:\/\/www.hobstop.ee\/lv\/","logo":{"@type":"ImageObject","inLanguage":"lv-LV","@id":"https:\/\/www.hobstop.ee\/lv\/#\/schema\/logo\/image\/","url":"https:\/\/hobstop.ee\/media\/vunder-logo.png","contentUrl":"https:\/\/hobstop.ee\/media\/vunder-logo.png","width":127,"height":55,"caption":"Vunder AS"},"image":{"@id":"https:\/\/www.hobstop.ee\/lv\/#\/schema\/logo\/image\/"},"sameAs":["http:\/\/www.facebook.com\/VunderSkizze"]}]}},"_links":{"self":[{"href":"https:\/\/hobstop.ee\/lv\/wp-json\/wp\/v2\/product\/341003","targetHints":{"allow":["GET"]}}],"collection":[{"href":"https:\/\/hobstop.ee\/lv\/wp-json\/wp\/v2\/product"}],"about":[{"href":"https:\/\/hobstop.ee\/lv\/wp-json\/wp\/v2\/types\/product"}],"replies":[{"embeddable":true,"href":"https:\/\/hobstop.ee\/lv\/wp-json\/wp\/v2\/comments?post=341003"}],"wp:featuredmedia":[{"embeddable":true,"href":"https:\/\/hobstop.ee\/lv\/wp-json\/wp\/v2\/media\/353423"}],"wp:attachment":[{"href":"https:\/\/hobstop.ee\/lv\/wp-json\/wp\/v2\/media?parent=341003"}],"wp:term":[{"taxonomy":"product_cat","embeddable":true,"href":"https:\/\/hobstop.ee\/lv\/wp-json\/wp\/v2\/product_cat?post=341003"},{"taxonomy":"product_tag","embeddable":true,"href":"https:\/\/hobstop.ee\/lv\/wp-json\/wp\/v2\/product_tag?post=341003"}],"curies":[{"name":"wp","href":"https:\/\/api.w.org\/{rel}","templated":true}]}}