{"id":341007,"date":"2020-04-01T15:02:34","date_gmt":"2020-04-01T12:02:39","guid":{"rendered":"https:\/\/sharks.ee\/vunder_2019\/product\/marker-maped-custom\/"},"modified":"2020-04-01T15:02:39","modified_gmt":"2020-04-01T12:02:39","slug":"marker-maped-custom","status":"publish","type":"product","link":"https:\/\/hobstop.ee\/lv\/produkts\/marker-maped-custom\/","title":{"rendered":"Marker Maped Custom"},"content":{"rendered":"<p>Maped Custon permanentais mar\u0137ieris ir lieliski piem\u0113rots izmanto\u0161anai gan darb\u0101, gan m\u0101j\u0101s. Ar to var rakst\u012bt uz da\u017e\u0101d\u0101m virsm\u0101m: kartona, koka, pap\u012bra, plastmasas, met\u0101la utt. Lieliski piem\u0113rots da\u017e\u0101du priek\u0161metu piel\u0101go\u0161anai ikdienas vajadz\u012bb\u0101m, k\u0101 ar\u012b neskait\u0101mu \u201cDari pats\u201d stil\u0101 priek\u0161metu rad\u012b\u0161anai! Spilgtas un bag\u0101t\u012bgas kr\u0101sas un liela notur\u012bba uz vis\u0101m virsm\u0101m. Tinte \u0101tri \u017e\u016bst. Ar smalku lodveid\u012bgu galu var rad\u012bt 1mm biezu l\u012bniju.<\/p>\n","protected":false},"excerpt":{"rendered":"<p>Maped Custon permanentais mar\u0137ieris ir lieliski piem\u0113rots izmanto\u0161anai gan darb\u0101, gan m\u0101j\u0101s. Ar to var rakst\u012bt uz da\u017e\u0101d\u0101m virsm\u0101m: kartona, koka, pap\u012bra, plastmasas, met\u0101la utt. Lieliski piem\u0113rots da\u017e\u0101du priek\u0161metu piel\u0101go\u0161anai ikdienas vajadz\u012bb\u0101m, k\u0101 ar\u012b neskait\u0101mu \u201cDari pats\u201d stil\u0101 priek\u0161metu rad\u012b\u0161anai! Spilgtas un bag\u0101t\u012bgas kr\u0101sas un liela notur\u012bba uz vis\u0101m virsm\u0101m. Tinte \u0101tri \u017e\u016bst. Ar smalku lodveid\u012bgu galu var rad\u012bt 1mm biezu l\u012bniju.<\/p>\n","protected":false},"featured_media":353471,"comment_status":"closed","ping_status":"closed","template":"","meta":{"_acf_changed":false,"ep_exclude_from_search":false},"product_cat":[20361],"product_tag":[],"class_list":{"0":"post-341007","1":"product","2":"type-product","3":"status-publish","4":"has-post-thumbnail","6":"product_cat-maaramata","8":"first","9":"instock","10":"taxable","11":"shipping-taxable","12":"product-type-simple"},"acf":[],"yoast_head":"<!-- This site is optimized with the Yoast SEO plugin v24.1 - https:\/\/yoast.com\/wordpress\/plugins\/seo\/ -->\n<title>Marker Maped Custom &#8211; Skizze<\/title>\n<meta name=\"robots\" content=\"noindex, follow, max-snippet:-1, max-image-preview:large, max-video-preview:-1\" \/>\n<meta property=\"og:locale\" content=\"lv_LV\" \/>\n<meta property=\"og:type\" content=\"article\" \/>\n<meta property=\"og:title\" content=\"Marker Maped Custom &#8211; Skizze\" \/>\n<meta property=\"og:description\" content=\"Maped Custon permanentais mar\u0137ieris ir lieliski piem\u0113rots izmanto\u0161anai gan darb\u0101, gan m\u0101j\u0101s. Ar to var rakst\u012bt uz da\u017e\u0101d\u0101m virsm\u0101m: kartona, koka, pap\u012bra, plastmasas, met\u0101la utt. Lieliski piem\u0113rots da\u017e\u0101du priek\u0161metu piel\u0101go\u0161anai ikdienas vajadz\u012bb\u0101m, k\u0101 ar\u012b neskait\u0101mu \u201cDari pats\u201d stil\u0101 priek\u0161metu rad\u012b\u0161anai! Spilgtas un bag\u0101t\u012bgas kr\u0101sas un liela notur\u012bba uz vis\u0101m virsm\u0101m. Tinte \u0101tri \u017e\u016bst. Ar smalku lodveid\u012bgu galu var rad\u012bt 1mm biezu l\u012bniju.\" \/>\n<meta property=\"og:url\" content=\"https:\/\/hobstop.ee\/lv\/produkts\/marker-maped-custom\/\" \/>\n<meta property=\"og:site_name\" content=\"Skizze\" \/>\n<meta property=\"article:publisher\" content=\"http:\/\/www.facebook.com\/VunderSkizze\" \/>\n<meta property=\"og:image\" content=\"https:\/\/hobstop.ee\/media\/5078.jpg\" \/>\n\t<meta property=\"og:image:width\" content=\"1024\" \/>\n\t<meta property=\"og:image:height\" content=\"768\" \/>\n\t<meta property=\"og:image:type\" content=\"image\/jpeg\" \/>\n<meta name=\"twitter:card\" content=\"summary_large_image\" \/>\n<script type=\"application\/ld+json\" class=\"yoast-schema-graph\">{\"@context\":\"https:\/\/schema.org\",\"@graph\":[{\"@type\":\"WebPage\",\"@id\":\"https:\/\/hobstop.ee\/lv\/produkts\/marker-maped-custom\/\",\"url\":\"https:\/\/hobstop.ee\/lv\/produkts\/marker-maped-custom\/\",\"name\":\"Marker Maped Custom &#8211; Skizze\",\"isPartOf\":{\"@id\":\"https:\/\/www.hobstop.ee\/lv\/#website\"},\"primaryImageOfPage\":{\"@id\":\"https:\/\/hobstop.ee\/lv\/produkts\/marker-maped-custom\/#primaryimage\"},\"image\":{\"@id\":\"https:\/\/hobstop.ee\/lv\/produkts\/marker-maped-custom\/#primaryimage\"},\"thumbnailUrl\":\"https:\/\/hobstop.ee\/media\/5078.jpg\",\"datePublished\":\"2020-04-01T12:02:39+00:00\",\"dateModified\":\"2020-04-01T12:02:39+00:00\",\"breadcrumb\":{\"@id\":\"https:\/\/hobstop.ee\/lv\/produkts\/marker-maped-custom\/#breadcrumb\"},\"inLanguage\":\"lv-LV\",\"potentialAction\":[{\"@type\":\"ReadAction\",\"target\":[\"https:\/\/hobstop.ee\/lv\/produkts\/marker-maped-custom\/\"]}]},{\"@type\":\"ImageObject\",\"inLanguage\":\"lv-LV\",\"@id\":\"https:\/\/hobstop.ee\/lv\/produkts\/marker-maped-custom\/#primaryimage\",\"url\":\"https:\/\/hobstop.ee\/media\/5078.jpg\",\"contentUrl\":\"https:\/\/hobstop.ee\/media\/5078.jpg\",\"width\":1024,\"height\":768},{\"@type\":\"BreadcrumbList\",\"@id\":\"https:\/\/hobstop.ee\/lv\/produkts\/marker-maped-custom\/#breadcrumb\",\"itemListElement\":[{\"@type\":\"ListItem\",\"position\":1,\"name\":\"Avaleht\",\"item\":\"https:\/\/www.hobstop.ee\/lv\/\"},{\"@type\":\"ListItem\",\"position\":2,\"name\":\"Veikals\",\"item\":\"https:\/\/www.hobstop.ee\/lv\/veikals\/\"},{\"@type\":\"ListItem\",\"position\":3,\"name\":\"Marker Maped Custom\"}]},{\"@type\":\"WebSite\",\"@id\":\"https:\/\/www.hobstop.ee\/lv\/#website\",\"url\":\"https:\/\/www.hobstop.ee\/lv\/\",\"name\":\"Skizze\",\"description\":\"M\u0101kslas, hobiju un skolas preces\",\"publisher\":{\"@id\":\"https:\/\/www.hobstop.ee\/lv\/#organization\"},\"potentialAction\":[{\"@type\":\"SearchAction\",\"target\":{\"@type\":\"EntryPoint\",\"urlTemplate\":\"https:\/\/www.hobstop.ee\/lv\/?s={search_term_string}\"},\"query-input\":{\"@type\":\"PropertyValueSpecification\",\"valueRequired\":true,\"valueName\":\"search_term_string\"}}],\"inLanguage\":\"lv-LV\"},{\"@type\":\"Organization\",\"@id\":\"https:\/\/www.hobstop.ee\/lv\/#organization\",\"name\":\"Vunder AS\",\"url\":\"https:\/\/www.hobstop.ee\/lv\/\",\"logo\":{\"@type\":\"ImageObject\",\"inLanguage\":\"lv-LV\",\"@id\":\"https:\/\/www.hobstop.ee\/lv\/#\/schema\/logo\/image\/\",\"url\":\"https:\/\/hobstop.ee\/media\/vunder-logo.png\",\"contentUrl\":\"https:\/\/hobstop.ee\/media\/vunder-logo.png\",\"width\":127,\"height\":55,\"caption\":\"Vunder AS\"},\"image\":{\"@id\":\"https:\/\/www.hobstop.ee\/lv\/#\/schema\/logo\/image\/\"},\"sameAs\":[\"http:\/\/www.facebook.com\/VunderSkizze\"]}]}<\/script>\n<!-- \/ Yoast SEO plugin. -->","yoast_head_json":{"title":"Marker Maped Custom &#8211; Skizze","robots":{"index":"noindex","follow":"follow","max-snippet":"max-snippet:-1","max-image-preview":"max-image-preview:large","max-video-preview":"max-video-preview:-1"},"og_locale":"lv_LV","og_type":"article","og_title":"Marker Maped Custom &#8211; Skizze","og_description":"Maped Custon permanentais mar\u0137ieris ir lieliski piem\u0113rots izmanto\u0161anai gan darb\u0101, gan m\u0101j\u0101s. Ar to var rakst\u012bt uz da\u017e\u0101d\u0101m virsm\u0101m: kartona, koka, pap\u012bra, plastmasas, met\u0101la utt. Lieliski piem\u0113rots da\u017e\u0101du priek\u0161metu piel\u0101go\u0161anai ikdienas vajadz\u012bb\u0101m, k\u0101 ar\u012b neskait\u0101mu \u201cDari pats\u201d stil\u0101 priek\u0161metu rad\u012b\u0161anai! Spilgtas un bag\u0101t\u012bgas kr\u0101sas un liela notur\u012bba uz vis\u0101m virsm\u0101m. Tinte \u0101tri \u017e\u016bst. Ar smalku lodveid\u012bgu galu var rad\u012bt 1mm biezu l\u012bniju.","og_url":"https:\/\/hobstop.ee\/lv\/produkts\/marker-maped-custom\/","og_site_name":"Skizze","article_publisher":"http:\/\/www.facebook.com\/VunderSkizze","og_image":[{"width":1024,"height":768,"url":"https:\/\/hobstop.ee\/media\/5078.jpg","type":"image\/jpeg"}],"twitter_card":"summary_large_image","schema":{"@context":"https:\/\/schema.org","@graph":[{"@type":"WebPage","@id":"https:\/\/hobstop.ee\/lv\/produkts\/marker-maped-custom\/","url":"https:\/\/hobstop.ee\/lv\/produkts\/marker-maped-custom\/","name":"Marker Maped Custom &#8211; Skizze","isPartOf":{"@id":"https:\/\/www.hobstop.ee\/lv\/#website"},"primaryImageOfPage":{"@id":"https:\/\/hobstop.ee\/lv\/produkts\/marker-maped-custom\/#primaryimage"},"image":{"@id":"https:\/\/hobstop.ee\/lv\/produkts\/marker-maped-custom\/#primaryimage"},"thumbnailUrl":"https:\/\/hobstop.ee\/media\/5078.jpg","datePublished":"2020-04-01T12:02:39+00:00","dateModified":"2020-04-01T12:02:39+00:00","breadcrumb":{"@id":"https:\/\/hobstop.ee\/lv\/produkts\/marker-maped-custom\/#breadcrumb"},"inLanguage":"lv-LV","potentialAction":[{"@type":"ReadAction","target":["https:\/\/hobstop.ee\/lv\/produkts\/marker-maped-custom\/"]}]},{"@type":"ImageObject","inLanguage":"lv-LV","@id":"https:\/\/hobstop.ee\/lv\/produkts\/marker-maped-custom\/#primaryimage","url":"https:\/\/hobstop.ee\/media\/5078.jpg","contentUrl":"https:\/\/hobstop.ee\/media\/5078.jpg","width":1024,"height":768},{"@type":"BreadcrumbList","@id":"https:\/\/hobstop.ee\/lv\/produkts\/marker-maped-custom\/#breadcrumb","itemListElement":[{"@type":"ListItem","position":1,"name":"Avaleht","item":"https:\/\/www.hobstop.ee\/lv\/"},{"@type":"ListItem","position":2,"name":"Veikals","item":"https:\/\/www.hobstop.ee\/lv\/veikals\/"},{"@type":"ListItem","position":3,"name":"Marker Maped Custom"}]},{"@type":"WebSite","@id":"https:\/\/www.hobstop.ee\/lv\/#website","url":"https:\/\/www.hobstop.ee\/lv\/","name":"Skizze","description":"M\u0101kslas, hobiju un skolas preces","publisher":{"@id":"https:\/\/www.hobstop.ee\/lv\/#organization"},"potentialAction":[{"@type":"SearchAction","target":{"@type":"EntryPoint","urlTemplate":"https:\/\/www.hobstop.ee\/lv\/?s={search_term_string}"},"query-input":{"@type":"PropertyValueSpecification","valueRequired":true,"valueName":"search_term_string"}}],"inLanguage":"lv-LV"},{"@type":"Organization","@id":"https:\/\/www.hobstop.ee\/lv\/#organization","name":"Vunder AS","url":"https:\/\/www.hobstop.ee\/lv\/","logo":{"@type":"ImageObject","inLanguage":"lv-LV","@id":"https:\/\/www.hobstop.ee\/lv\/#\/schema\/logo\/image\/","url":"https:\/\/hobstop.ee\/media\/vunder-logo.png","contentUrl":"https:\/\/hobstop.ee\/media\/vunder-logo.png","width":127,"height":55,"caption":"Vunder AS"},"image":{"@id":"https:\/\/www.hobstop.ee\/lv\/#\/schema\/logo\/image\/"},"sameAs":["http:\/\/www.facebook.com\/VunderSkizze"]}]}},"_links":{"self":[{"href":"https:\/\/hobstop.ee\/lv\/wp-json\/wp\/v2\/product\/341007","targetHints":{"allow":["GET"]}}],"collection":[{"href":"https:\/\/hobstop.ee\/lv\/wp-json\/wp\/v2\/product"}],"about":[{"href":"https:\/\/hobstop.ee\/lv\/wp-json\/wp\/v2\/types\/product"}],"replies":[{"embeddable":true,"href":"https:\/\/hobstop.ee\/lv\/wp-json\/wp\/v2\/comments?post=341007"}],"wp:featuredmedia":[{"embeddable":true,"href":"https:\/\/hobstop.ee\/lv\/wp-json\/wp\/v2\/media\/353471"}],"wp:attachment":[{"href":"https:\/\/hobstop.ee\/lv\/wp-json\/wp\/v2\/media?parent=341007"}],"wp:term":[{"taxonomy":"product_cat","embeddable":true,"href":"https:\/\/hobstop.ee\/lv\/wp-json\/wp\/v2\/product_cat?post=341007"},{"taxonomy":"product_tag","embeddable":true,"href":"https:\/\/hobstop.ee\/lv\/wp-json\/wp\/v2\/product_tag?post=341007"}],"curies":[{"name":"wp","href":"https:\/\/api.w.org\/{rel}","templated":true}]}}