{"id":341019,"date":"2020-04-01T15:02:59","date_gmt":"2020-04-01T12:03:03","guid":{"rendered":"https:\/\/sharks.ee\/vunder_2019\/product\/flomasteri-maped-colorpeps-duo-stamp\/"},"modified":"2020-04-01T15:03:03","modified_gmt":"2020-04-01T12:03:03","slug":"flomasteri-maped-colorpeps-duo-stamp","status":"publish","type":"product","link":"https:\/\/hobstop.ee\/lv\/produkts\/flomasteri-maped-colorpeps-duo-stamp\/","title":{"rendered":"Flomasteri Maped Color&#8217;Peps Duo Stamp"},"content":{"rendered":"<p>2 in 1: Flomasteri + z\u012bmodzi\u0146i! Ar Maped Color\u2019Peps Duo Stamp b\u0113rni var z\u012bm\u0113t un apz\u012bmogot ar vienu flomasteri Tam ir divi gali: vien\u0101 gal\u0101 ir liels uzgalis (konusveida, d=7,5mm) z\u012bm\u0113\u0161anai un kr\u0101so\u0161anai, bet otr\u0101 gal\u0101 ir z\u012bmogs, lai pievienotu rakstus. B\u0113rni var rad\u012bt unik\u0101lus z\u012bm\u0113jumus ar spilgt\u0101m kr\u0101s\u0101m. Platais korpuss \u013cauj flomasteri viegli tur\u0113t rok\u0101. Mazg\u0101jamo tinti var nomazg\u0101t ar ziep\u0113m un \u016bdeni no liel\u0101k\u0101s da\u013cas tekstilizstr\u0101d\u0101jumiem k\u0101 ar\u012b \u0101das.<\/p>\n","protected":false},"excerpt":{"rendered":"<p>2 in 1: Flomasteri + z\u012bmodzi\u0146i! Ar Maped Color\u2019Peps Duo Stamp b\u0113rni var z\u012bm\u0113t un apz\u012bmogot ar vienu flomasteri Tam ir divi gali: vien\u0101 gal\u0101 ir liels uzgalis (konusveida, d=7,5mm) z\u012bm\u0113\u0161anai un kr\u0101so\u0161anai, bet otr\u0101 gal\u0101 ir z\u012bmogs, lai pievienotu rakstus. B\u0113rni var rad\u012bt unik\u0101lus z\u012bm\u0113jumus ar spilgt\u0101m kr\u0101s\u0101m. Platais korpuss \u013cauj flomasteri viegli tur\u0113t rok\u0101. Mazg\u0101jamo tinti var nomazg\u0101t ar ziep\u0113m un \u016bdeni no liel\u0101k\u0101s da\u013cas tekstilizstr\u0101d\u0101jumiem k\u0101 ar\u012b \u0101das.<\/p>\n","protected":false},"featured_media":353459,"comment_status":"closed","ping_status":"closed","template":"","meta":{"_acf_changed":false,"ep_exclude_from_search":false},"product_cat":[20361],"product_tag":[],"class_list":{"0":"post-341019","1":"product","2":"type-product","3":"status-publish","4":"has-post-thumbnail","6":"product_cat-maaramata","8":"first","9":"instock","10":"taxable","11":"shipping-taxable","12":"product-type-simple"},"acf":[],"yoast_head":"<!-- This site is optimized with the Yoast SEO plugin v24.1 - https:\/\/yoast.com\/wordpress\/plugins\/seo\/ -->\n<title>Flomasteri Maped Color&#039;Peps Duo Stamp &#8211; Skizze<\/title>\n<meta name=\"robots\" content=\"noindex, follow, max-snippet:-1, max-image-preview:large, max-video-preview:-1\" \/>\n<meta property=\"og:locale\" content=\"lv_LV\" \/>\n<meta property=\"og:type\" content=\"article\" \/>\n<meta property=\"og:title\" content=\"Flomasteri Maped Color&#039;Peps Duo Stamp &#8211; Skizze\" \/>\n<meta property=\"og:description\" content=\"2 in 1: Flomasteri + z\u012bmodzi\u0146i! Ar Maped Color\u2019Peps Duo Stamp b\u0113rni var z\u012bm\u0113t un apz\u012bmogot ar vienu flomasteri Tam ir divi gali: vien\u0101 gal\u0101 ir liels uzgalis (konusveida, d=7,5mm) z\u012bm\u0113\u0161anai un kr\u0101so\u0161anai, bet otr\u0101 gal\u0101 ir z\u012bmogs, lai pievienotu rakstus. B\u0113rni var rad\u012bt unik\u0101lus z\u012bm\u0113jumus ar spilgt\u0101m kr\u0101s\u0101m. Platais korpuss \u013cauj flomasteri viegli tur\u0113t rok\u0101. Mazg\u0101jamo tinti var nomazg\u0101t ar ziep\u0113m un \u016bdeni no liel\u0101k\u0101s da\u013cas tekstilizstr\u0101d\u0101jumiem k\u0101 ar\u012b \u0101das.\" \/>\n<meta property=\"og:url\" content=\"https:\/\/hobstop.ee\/lv\/produkts\/flomasteri-maped-colorpeps-duo-stamp\/\" \/>\n<meta property=\"og:site_name\" content=\"Skizze\" \/>\n<meta property=\"article:publisher\" content=\"http:\/\/www.facebook.com\/VunderSkizze\" \/>\n<meta property=\"og:image\" content=\"https:\/\/hobstop.ee\/media\/5081.jpg\" \/>\n\t<meta property=\"og:image:width\" content=\"1024\" \/>\n\t<meta property=\"og:image:height\" content=\"768\" \/>\n\t<meta property=\"og:image:type\" content=\"image\/jpeg\" \/>\n<meta name=\"twitter:card\" content=\"summary_large_image\" \/>\n<script type=\"application\/ld+json\" class=\"yoast-schema-graph\">{\"@context\":\"https:\/\/schema.org\",\"@graph\":[{\"@type\":\"WebPage\",\"@id\":\"https:\/\/hobstop.ee\/lv\/produkts\/flomasteri-maped-colorpeps-duo-stamp\/\",\"url\":\"https:\/\/hobstop.ee\/lv\/produkts\/flomasteri-maped-colorpeps-duo-stamp\/\",\"name\":\"Flomasteri Maped Color'Peps Duo Stamp &#8211; Skizze\",\"isPartOf\":{\"@id\":\"https:\/\/hobstop.ee\/lv\/#website\"},\"primaryImageOfPage\":{\"@id\":\"https:\/\/hobstop.ee\/lv\/produkts\/flomasteri-maped-colorpeps-duo-stamp\/#primaryimage\"},\"image\":{\"@id\":\"https:\/\/hobstop.ee\/lv\/produkts\/flomasteri-maped-colorpeps-duo-stamp\/#primaryimage\"},\"thumbnailUrl\":\"https:\/\/hobstop.ee\/media\/5081.jpg\",\"datePublished\":\"2020-04-01T12:03:03+00:00\",\"dateModified\":\"2020-04-01T12:03:03+00:00\",\"breadcrumb\":{\"@id\":\"https:\/\/hobstop.ee\/lv\/produkts\/flomasteri-maped-colorpeps-duo-stamp\/#breadcrumb\"},\"inLanguage\":\"lv-LV\",\"potentialAction\":[{\"@type\":\"ReadAction\",\"target\":[\"https:\/\/hobstop.ee\/lv\/produkts\/flomasteri-maped-colorpeps-duo-stamp\/\"]}]},{\"@type\":\"ImageObject\",\"inLanguage\":\"lv-LV\",\"@id\":\"https:\/\/hobstop.ee\/lv\/produkts\/flomasteri-maped-colorpeps-duo-stamp\/#primaryimage\",\"url\":\"https:\/\/hobstop.ee\/media\/5081.jpg\",\"contentUrl\":\"https:\/\/hobstop.ee\/media\/5081.jpg\",\"width\":1024,\"height\":768},{\"@type\":\"BreadcrumbList\",\"@id\":\"https:\/\/hobstop.ee\/lv\/produkts\/flomasteri-maped-colorpeps-duo-stamp\/#breadcrumb\",\"itemListElement\":[{\"@type\":\"ListItem\",\"position\":1,\"name\":\"Avaleht\",\"item\":\"https:\/\/hobstop.ee\/lv\/\"},{\"@type\":\"ListItem\",\"position\":2,\"name\":\"Veikals\",\"item\":\"https:\/\/hobstop.ee\/lv\/veikals\/\"},{\"@type\":\"ListItem\",\"position\":3,\"name\":\"Flomasteri Maped Color&#8217;Peps Duo Stamp\"}]},{\"@type\":\"WebSite\",\"@id\":\"https:\/\/hobstop.ee\/lv\/#website\",\"url\":\"https:\/\/hobstop.ee\/lv\/\",\"name\":\"Skizze\",\"description\":\"M\u0101kslas, hobiju un skolas preces\",\"publisher\":{\"@id\":\"https:\/\/hobstop.ee\/lv\/#organization\"},\"potentialAction\":[{\"@type\":\"SearchAction\",\"target\":{\"@type\":\"EntryPoint\",\"urlTemplate\":\"https:\/\/hobstop.ee\/lv\/?s={search_term_string}\"},\"query-input\":{\"@type\":\"PropertyValueSpecification\",\"valueRequired\":true,\"valueName\":\"search_term_string\"}}],\"inLanguage\":\"lv-LV\"},{\"@type\":\"Organization\",\"@id\":\"https:\/\/hobstop.ee\/lv\/#organization\",\"name\":\"Vunder AS\",\"url\":\"https:\/\/hobstop.ee\/lv\/\",\"logo\":{\"@type\":\"ImageObject\",\"inLanguage\":\"lv-LV\",\"@id\":\"https:\/\/hobstop.ee\/lv\/#\/schema\/logo\/image\/\",\"url\":\"https:\/\/hobstop.ee\/media\/vunder-logo.png\",\"contentUrl\":\"https:\/\/hobstop.ee\/media\/vunder-logo.png\",\"width\":127,\"height\":55,\"caption\":\"Vunder AS\"},\"image\":{\"@id\":\"https:\/\/hobstop.ee\/lv\/#\/schema\/logo\/image\/\"},\"sameAs\":[\"http:\/\/www.facebook.com\/VunderSkizze\"]}]}<\/script>\n<!-- \/ Yoast SEO plugin. -->","yoast_head_json":{"title":"Flomasteri Maped Color'Peps Duo Stamp &#8211; Skizze","robots":{"index":"noindex","follow":"follow","max-snippet":"max-snippet:-1","max-image-preview":"max-image-preview:large","max-video-preview":"max-video-preview:-1"},"og_locale":"lv_LV","og_type":"article","og_title":"Flomasteri Maped Color'Peps Duo Stamp &#8211; Skizze","og_description":"2 in 1: Flomasteri + z\u012bmodzi\u0146i! Ar Maped Color\u2019Peps Duo Stamp b\u0113rni var z\u012bm\u0113t un apz\u012bmogot ar vienu flomasteri Tam ir divi gali: vien\u0101 gal\u0101 ir liels uzgalis (konusveida, d=7,5mm) z\u012bm\u0113\u0161anai un kr\u0101so\u0161anai, bet otr\u0101 gal\u0101 ir z\u012bmogs, lai pievienotu rakstus. B\u0113rni var rad\u012bt unik\u0101lus z\u012bm\u0113jumus ar spilgt\u0101m kr\u0101s\u0101m. Platais korpuss \u013cauj flomasteri viegli tur\u0113t rok\u0101. Mazg\u0101jamo tinti var nomazg\u0101t ar ziep\u0113m un \u016bdeni no liel\u0101k\u0101s da\u013cas tekstilizstr\u0101d\u0101jumiem k\u0101 ar\u012b \u0101das.","og_url":"https:\/\/hobstop.ee\/lv\/produkts\/flomasteri-maped-colorpeps-duo-stamp\/","og_site_name":"Skizze","article_publisher":"http:\/\/www.facebook.com\/VunderSkizze","og_image":[{"width":1024,"height":768,"url":"https:\/\/hobstop.ee\/media\/5081.jpg","type":"image\/jpeg"}],"twitter_card":"summary_large_image","schema":{"@context":"https:\/\/schema.org","@graph":[{"@type":"WebPage","@id":"https:\/\/hobstop.ee\/lv\/produkts\/flomasteri-maped-colorpeps-duo-stamp\/","url":"https:\/\/hobstop.ee\/lv\/produkts\/flomasteri-maped-colorpeps-duo-stamp\/","name":"Flomasteri Maped Color'Peps Duo Stamp &#8211; Skizze","isPartOf":{"@id":"https:\/\/hobstop.ee\/lv\/#website"},"primaryImageOfPage":{"@id":"https:\/\/hobstop.ee\/lv\/produkts\/flomasteri-maped-colorpeps-duo-stamp\/#primaryimage"},"image":{"@id":"https:\/\/hobstop.ee\/lv\/produkts\/flomasteri-maped-colorpeps-duo-stamp\/#primaryimage"},"thumbnailUrl":"https:\/\/hobstop.ee\/media\/5081.jpg","datePublished":"2020-04-01T12:03:03+00:00","dateModified":"2020-04-01T12:03:03+00:00","breadcrumb":{"@id":"https:\/\/hobstop.ee\/lv\/produkts\/flomasteri-maped-colorpeps-duo-stamp\/#breadcrumb"},"inLanguage":"lv-LV","potentialAction":[{"@type":"ReadAction","target":["https:\/\/hobstop.ee\/lv\/produkts\/flomasteri-maped-colorpeps-duo-stamp\/"]}]},{"@type":"ImageObject","inLanguage":"lv-LV","@id":"https:\/\/hobstop.ee\/lv\/produkts\/flomasteri-maped-colorpeps-duo-stamp\/#primaryimage","url":"https:\/\/hobstop.ee\/media\/5081.jpg","contentUrl":"https:\/\/hobstop.ee\/media\/5081.jpg","width":1024,"height":768},{"@type":"BreadcrumbList","@id":"https:\/\/hobstop.ee\/lv\/produkts\/flomasteri-maped-colorpeps-duo-stamp\/#breadcrumb","itemListElement":[{"@type":"ListItem","position":1,"name":"Avaleht","item":"https:\/\/hobstop.ee\/lv\/"},{"@type":"ListItem","position":2,"name":"Veikals","item":"https:\/\/hobstop.ee\/lv\/veikals\/"},{"@type":"ListItem","position":3,"name":"Flomasteri Maped Color&#8217;Peps Duo Stamp"}]},{"@type":"WebSite","@id":"https:\/\/hobstop.ee\/lv\/#website","url":"https:\/\/hobstop.ee\/lv\/","name":"Skizze","description":"M\u0101kslas, hobiju un skolas preces","publisher":{"@id":"https:\/\/hobstop.ee\/lv\/#organization"},"potentialAction":[{"@type":"SearchAction","target":{"@type":"EntryPoint","urlTemplate":"https:\/\/hobstop.ee\/lv\/?s={search_term_string}"},"query-input":{"@type":"PropertyValueSpecification","valueRequired":true,"valueName":"search_term_string"}}],"inLanguage":"lv-LV"},{"@type":"Organization","@id":"https:\/\/hobstop.ee\/lv\/#organization","name":"Vunder AS","url":"https:\/\/hobstop.ee\/lv\/","logo":{"@type":"ImageObject","inLanguage":"lv-LV","@id":"https:\/\/hobstop.ee\/lv\/#\/schema\/logo\/image\/","url":"https:\/\/hobstop.ee\/media\/vunder-logo.png","contentUrl":"https:\/\/hobstop.ee\/media\/vunder-logo.png","width":127,"height":55,"caption":"Vunder AS"},"image":{"@id":"https:\/\/hobstop.ee\/lv\/#\/schema\/logo\/image\/"},"sameAs":["http:\/\/www.facebook.com\/VunderSkizze"]}]}},"_links":{"self":[{"href":"https:\/\/hobstop.ee\/lv\/wp-json\/wp\/v2\/product\/341019","targetHints":{"allow":["GET"]}}],"collection":[{"href":"https:\/\/hobstop.ee\/lv\/wp-json\/wp\/v2\/product"}],"about":[{"href":"https:\/\/hobstop.ee\/lv\/wp-json\/wp\/v2\/types\/product"}],"replies":[{"embeddable":true,"href":"https:\/\/hobstop.ee\/lv\/wp-json\/wp\/v2\/comments?post=341019"}],"wp:featuredmedia":[{"embeddable":true,"href":"https:\/\/hobstop.ee\/lv\/wp-json\/wp\/v2\/media\/353459"}],"wp:attachment":[{"href":"https:\/\/hobstop.ee\/lv\/wp-json\/wp\/v2\/media?parent=341019"}],"wp:term":[{"taxonomy":"product_cat","embeddable":true,"href":"https:\/\/hobstop.ee\/lv\/wp-json\/wp\/v2\/product_cat?post=341019"},{"taxonomy":"product_tag","embeddable":true,"href":"https:\/\/hobstop.ee\/lv\/wp-json\/wp\/v2\/product_tag?post=341019"}],"curies":[{"name":"wp","href":"https:\/\/api.w.org\/{rel}","templated":true}]}}