{"id":341023,"date":"2020-04-01T15:03:07","date_gmt":"2020-04-01T12:03:11","guid":{"rendered":"https:\/\/sharks.ee\/vunder_2019\/product\/krasainais-zimulis-maped-colorpeps-oops\/"},"modified":"2020-04-01T15:03:11","modified_gmt":"2020-04-01T12:03:11","slug":"krasainais-zimulis-maped-colorpeps-oops","status":"publish","type":"product","link":"https:\/\/hobstop.ee\/lv\/produkts\/krasainais-zimulis-maped-colorpeps-oops\/","title":{"rendered":"Kr\u0101sainais z\u012bmulis Maped Color&#8217;Peps Oops!"},"content":{"rendered":"<p>Maped Color\u2019Peps Oops! kr\u0101so\u0161anas z\u012bmu\u013ci ar dz\u0113\u0161anas iesp\u0113j\u0101m nodro\u0161ina lielisku p\u0101rkl\u0101jumu un rad\u012bto darbu var viegli izdz\u0113st. Ar tiem var viegli labot k\u013c\u016bdas vai bag\u0101tin\u0101t z\u012bm\u0113jumus, izdz\u0113\u0161ot kr\u0101sainos laukumus, lai izveidotu rakstu. Lieliski piem\u0113roti izmanto\u0161anai skol\u0101, m\u0101j\u0101s vai jebkur citur. Maped Color\u2019Peps Oops! kr\u0101sainie z\u012bmu\u013ci ir izgatavoti no sve\u0137iem un nesatur koku. Tr\u012bsst\u016brveida forma ir viegli satverama, lieliski piem\u0113rota b\u0113rniem, kas aizraujas ar m\u0101kslu un v\u0113las z\u012bm\u0113t, kr\u0101sot, dekor\u0113t un bag\u0101tin\u0101t savus z\u012bm\u0113jumus. Spilgtas kr\u0101sas, viegli asin\u0101ma, iztur\u012bga serdene (d=2,9mm).<\/p>\n","protected":false},"excerpt":{"rendered":"<p>Maped Color\u2019Peps Oops! kr\u0101so\u0161anas z\u012bmu\u013ci ar dz\u0113\u0161anas iesp\u0113j\u0101m nodro\u0161ina lielisku p\u0101rkl\u0101jumu un rad\u012bto darbu var viegli izdz\u0113st. Ar tiem var viegli labot k\u013c\u016bdas vai bag\u0101tin\u0101t z\u012bm\u0113jumus, izdz\u0113\u0161ot kr\u0101sainos laukumus, lai izveidotu rakstu. Lieliski piem\u0113roti izmanto\u0161anai skol\u0101, m\u0101j\u0101s vai jebkur citur. Maped Color\u2019Peps Oops! kr\u0101sainie z\u012bmu\u013ci ir izgatavoti no sve\u0137iem un nesatur koku. Tr\u012bsst\u016brveida forma ir viegli satverama, lieliski piem\u0113rota b\u0113rniem, kas aizraujas ar m\u0101kslu un v\u0113las z\u012bm\u0113t, kr\u0101sot, dekor\u0113t un bag\u0101tin\u0101t savus z\u012bm\u0113jumus. Spilgtas kr\u0101sas, viegli asin\u0101ma, iztur\u012bga serdene (d=2,9mm).<\/p>\n","protected":false},"featured_media":353455,"comment_status":"closed","ping_status":"closed","template":"","meta":{"_acf_changed":false,"ep_exclude_from_search":false},"product_cat":[20361],"product_tag":[],"class_list":{"0":"post-341023","1":"product","2":"type-product","3":"status-publish","4":"has-post-thumbnail","6":"product_cat-maaramata","8":"first","9":"instock","10":"taxable","11":"shipping-taxable","12":"product-type-simple"},"acf":[],"yoast_head":"<!-- This site is optimized with the Yoast SEO plugin v24.1 - https:\/\/yoast.com\/wordpress\/plugins\/seo\/ -->\n<title>Kr\u0101sainais z\u012bmulis Maped Color&#039;Peps Oops! &#8211; Skizze<\/title>\n<meta name=\"robots\" content=\"noindex, follow, max-snippet:-1, max-image-preview:large, max-video-preview:-1\" \/>\n<meta property=\"og:locale\" content=\"lv_LV\" \/>\n<meta property=\"og:type\" content=\"article\" \/>\n<meta property=\"og:title\" content=\"Kr\u0101sainais z\u012bmulis Maped Color&#039;Peps Oops! &#8211; Skizze\" \/>\n<meta property=\"og:description\" content=\"Maped Color\u2019Peps Oops! kr\u0101so\u0161anas z\u012bmu\u013ci ar dz\u0113\u0161anas iesp\u0113j\u0101m nodro\u0161ina lielisku p\u0101rkl\u0101jumu un rad\u012bto darbu var viegli izdz\u0113st. Ar tiem var viegli labot k\u013c\u016bdas vai bag\u0101tin\u0101t z\u012bm\u0113jumus, izdz\u0113\u0161ot kr\u0101sainos laukumus, lai izveidotu rakstu. Lieliski piem\u0113roti izmanto\u0161anai skol\u0101, m\u0101j\u0101s vai jebkur citur. Maped Color\u2019Peps Oops! kr\u0101sainie z\u012bmu\u013ci ir izgatavoti no sve\u0137iem un nesatur koku. Tr\u012bsst\u016brveida forma ir viegli satverama, lieliski piem\u0113rota b\u0113rniem, kas aizraujas ar m\u0101kslu un v\u0113las z\u012bm\u0113t, kr\u0101sot, dekor\u0113t un bag\u0101tin\u0101t savus z\u012bm\u0113jumus. Spilgtas kr\u0101sas, viegli asin\u0101ma, iztur\u012bga serdene (d=2,9mm).\" \/>\n<meta property=\"og:url\" content=\"https:\/\/hobstop.ee\/lv\/produkts\/krasainais-zimulis-maped-colorpeps-oops\/\" \/>\n<meta property=\"og:site_name\" content=\"Skizze\" \/>\n<meta property=\"article:publisher\" content=\"http:\/\/www.facebook.com\/VunderSkizze\" \/>\n<meta property=\"og:image\" content=\"https:\/\/hobstop.ee\/media\/5082.jpg\" \/>\n\t<meta property=\"og:image:width\" content=\"1024\" \/>\n\t<meta property=\"og:image:height\" content=\"768\" \/>\n\t<meta property=\"og:image:type\" content=\"image\/jpeg\" \/>\n<meta name=\"twitter:card\" content=\"summary_large_image\" \/>\n<meta name=\"twitter:label1\" content=\"Est. reading time\" \/>\n\t<meta name=\"twitter:data1\" content=\"1 min\u016b\u0161u\" \/>\n<script type=\"application\/ld+json\" class=\"yoast-schema-graph\">{\"@context\":\"https:\/\/schema.org\",\"@graph\":[{\"@type\":\"WebPage\",\"@id\":\"https:\/\/hobstop.ee\/lv\/produkts\/krasainais-zimulis-maped-colorpeps-oops\/\",\"url\":\"https:\/\/hobstop.ee\/lv\/produkts\/krasainais-zimulis-maped-colorpeps-oops\/\",\"name\":\"Kr\u0101sainais z\u012bmulis Maped Color'Peps Oops! &#8211; Skizze\",\"isPartOf\":{\"@id\":\"https:\/\/hobstop.ee\/lv\/#website\"},\"primaryImageOfPage\":{\"@id\":\"https:\/\/hobstop.ee\/lv\/produkts\/krasainais-zimulis-maped-colorpeps-oops\/#primaryimage\"},\"image\":{\"@id\":\"https:\/\/hobstop.ee\/lv\/produkts\/krasainais-zimulis-maped-colorpeps-oops\/#primaryimage\"},\"thumbnailUrl\":\"https:\/\/hobstop.ee\/media\/5082.jpg\",\"datePublished\":\"2020-04-01T12:03:11+00:00\",\"dateModified\":\"2020-04-01T12:03:11+00:00\",\"breadcrumb\":{\"@id\":\"https:\/\/hobstop.ee\/lv\/produkts\/krasainais-zimulis-maped-colorpeps-oops\/#breadcrumb\"},\"inLanguage\":\"lv-LV\",\"potentialAction\":[{\"@type\":\"ReadAction\",\"target\":[\"https:\/\/hobstop.ee\/lv\/produkts\/krasainais-zimulis-maped-colorpeps-oops\/\"]}]},{\"@type\":\"ImageObject\",\"inLanguage\":\"lv-LV\",\"@id\":\"https:\/\/hobstop.ee\/lv\/produkts\/krasainais-zimulis-maped-colorpeps-oops\/#primaryimage\",\"url\":\"https:\/\/hobstop.ee\/media\/5082.jpg\",\"contentUrl\":\"https:\/\/hobstop.ee\/media\/5082.jpg\",\"width\":1024,\"height\":768},{\"@type\":\"BreadcrumbList\",\"@id\":\"https:\/\/hobstop.ee\/lv\/produkts\/krasainais-zimulis-maped-colorpeps-oops\/#breadcrumb\",\"itemListElement\":[{\"@type\":\"ListItem\",\"position\":1,\"name\":\"Avaleht\",\"item\":\"https:\/\/hobstop.ee\/lv\/\"},{\"@type\":\"ListItem\",\"position\":2,\"name\":\"Veikals\",\"item\":\"https:\/\/hobstop.ee\/lv\/veikals\/\"},{\"@type\":\"ListItem\",\"position\":3,\"name\":\"Kr\u0101sainais z\u012bmulis Maped Color&#8217;Peps Oops!\"}]},{\"@type\":\"WebSite\",\"@id\":\"https:\/\/hobstop.ee\/lv\/#website\",\"url\":\"https:\/\/hobstop.ee\/lv\/\",\"name\":\"Skizze\",\"description\":\"M\u0101kslas, hobiju un skolas preces\",\"publisher\":{\"@id\":\"https:\/\/hobstop.ee\/lv\/#organization\"},\"potentialAction\":[{\"@type\":\"SearchAction\",\"target\":{\"@type\":\"EntryPoint\",\"urlTemplate\":\"https:\/\/hobstop.ee\/lv\/?s={search_term_string}\"},\"query-input\":{\"@type\":\"PropertyValueSpecification\",\"valueRequired\":true,\"valueName\":\"search_term_string\"}}],\"inLanguage\":\"lv-LV\"},{\"@type\":\"Organization\",\"@id\":\"https:\/\/hobstop.ee\/lv\/#organization\",\"name\":\"Vunder AS\",\"url\":\"https:\/\/hobstop.ee\/lv\/\",\"logo\":{\"@type\":\"ImageObject\",\"inLanguage\":\"lv-LV\",\"@id\":\"https:\/\/hobstop.ee\/lv\/#\/schema\/logo\/image\/\",\"url\":\"https:\/\/hobstop.ee\/media\/vunder-logo.png\",\"contentUrl\":\"https:\/\/hobstop.ee\/media\/vunder-logo.png\",\"width\":127,\"height\":55,\"caption\":\"Vunder AS\"},\"image\":{\"@id\":\"https:\/\/hobstop.ee\/lv\/#\/schema\/logo\/image\/\"},\"sameAs\":[\"http:\/\/www.facebook.com\/VunderSkizze\"]}]}<\/script>\n<!-- \/ Yoast SEO plugin. -->","yoast_head_json":{"title":"Kr\u0101sainais z\u012bmulis Maped Color'Peps Oops! &#8211; Skizze","robots":{"index":"noindex","follow":"follow","max-snippet":"max-snippet:-1","max-image-preview":"max-image-preview:large","max-video-preview":"max-video-preview:-1"},"og_locale":"lv_LV","og_type":"article","og_title":"Kr\u0101sainais z\u012bmulis Maped Color'Peps Oops! &#8211; Skizze","og_description":"Maped Color\u2019Peps Oops! kr\u0101so\u0161anas z\u012bmu\u013ci ar dz\u0113\u0161anas iesp\u0113j\u0101m nodro\u0161ina lielisku p\u0101rkl\u0101jumu un rad\u012bto darbu var viegli izdz\u0113st. Ar tiem var viegli labot k\u013c\u016bdas vai bag\u0101tin\u0101t z\u012bm\u0113jumus, izdz\u0113\u0161ot kr\u0101sainos laukumus, lai izveidotu rakstu. Lieliski piem\u0113roti izmanto\u0161anai skol\u0101, m\u0101j\u0101s vai jebkur citur. Maped Color\u2019Peps Oops! kr\u0101sainie z\u012bmu\u013ci ir izgatavoti no sve\u0137iem un nesatur koku. Tr\u012bsst\u016brveida forma ir viegli satverama, lieliski piem\u0113rota b\u0113rniem, kas aizraujas ar m\u0101kslu un v\u0113las z\u012bm\u0113t, kr\u0101sot, dekor\u0113t un bag\u0101tin\u0101t savus z\u012bm\u0113jumus. Spilgtas kr\u0101sas, viegli asin\u0101ma, iztur\u012bga serdene (d=2,9mm).","og_url":"https:\/\/hobstop.ee\/lv\/produkts\/krasainais-zimulis-maped-colorpeps-oops\/","og_site_name":"Skizze","article_publisher":"http:\/\/www.facebook.com\/VunderSkizze","og_image":[{"width":1024,"height":768,"url":"https:\/\/hobstop.ee\/media\/5082.jpg","type":"image\/jpeg"}],"twitter_card":"summary_large_image","twitter_misc":{"Est. reading time":"1 min\u016b\u0161u"},"schema":{"@context":"https:\/\/schema.org","@graph":[{"@type":"WebPage","@id":"https:\/\/hobstop.ee\/lv\/produkts\/krasainais-zimulis-maped-colorpeps-oops\/","url":"https:\/\/hobstop.ee\/lv\/produkts\/krasainais-zimulis-maped-colorpeps-oops\/","name":"Kr\u0101sainais z\u012bmulis Maped Color'Peps Oops! &#8211; Skizze","isPartOf":{"@id":"https:\/\/hobstop.ee\/lv\/#website"},"primaryImageOfPage":{"@id":"https:\/\/hobstop.ee\/lv\/produkts\/krasainais-zimulis-maped-colorpeps-oops\/#primaryimage"},"image":{"@id":"https:\/\/hobstop.ee\/lv\/produkts\/krasainais-zimulis-maped-colorpeps-oops\/#primaryimage"},"thumbnailUrl":"https:\/\/hobstop.ee\/media\/5082.jpg","datePublished":"2020-04-01T12:03:11+00:00","dateModified":"2020-04-01T12:03:11+00:00","breadcrumb":{"@id":"https:\/\/hobstop.ee\/lv\/produkts\/krasainais-zimulis-maped-colorpeps-oops\/#breadcrumb"},"inLanguage":"lv-LV","potentialAction":[{"@type":"ReadAction","target":["https:\/\/hobstop.ee\/lv\/produkts\/krasainais-zimulis-maped-colorpeps-oops\/"]}]},{"@type":"ImageObject","inLanguage":"lv-LV","@id":"https:\/\/hobstop.ee\/lv\/produkts\/krasainais-zimulis-maped-colorpeps-oops\/#primaryimage","url":"https:\/\/hobstop.ee\/media\/5082.jpg","contentUrl":"https:\/\/hobstop.ee\/media\/5082.jpg","width":1024,"height":768},{"@type":"BreadcrumbList","@id":"https:\/\/hobstop.ee\/lv\/produkts\/krasainais-zimulis-maped-colorpeps-oops\/#breadcrumb","itemListElement":[{"@type":"ListItem","position":1,"name":"Avaleht","item":"https:\/\/hobstop.ee\/lv\/"},{"@type":"ListItem","position":2,"name":"Veikals","item":"https:\/\/hobstop.ee\/lv\/veikals\/"},{"@type":"ListItem","position":3,"name":"Kr\u0101sainais z\u012bmulis Maped Color&#8217;Peps Oops!"}]},{"@type":"WebSite","@id":"https:\/\/hobstop.ee\/lv\/#website","url":"https:\/\/hobstop.ee\/lv\/","name":"Skizze","description":"M\u0101kslas, hobiju un skolas preces","publisher":{"@id":"https:\/\/hobstop.ee\/lv\/#organization"},"potentialAction":[{"@type":"SearchAction","target":{"@type":"EntryPoint","urlTemplate":"https:\/\/hobstop.ee\/lv\/?s={search_term_string}"},"query-input":{"@type":"PropertyValueSpecification","valueRequired":true,"valueName":"search_term_string"}}],"inLanguage":"lv-LV"},{"@type":"Organization","@id":"https:\/\/hobstop.ee\/lv\/#organization","name":"Vunder AS","url":"https:\/\/hobstop.ee\/lv\/","logo":{"@type":"ImageObject","inLanguage":"lv-LV","@id":"https:\/\/hobstop.ee\/lv\/#\/schema\/logo\/image\/","url":"https:\/\/hobstop.ee\/media\/vunder-logo.png","contentUrl":"https:\/\/hobstop.ee\/media\/vunder-logo.png","width":127,"height":55,"caption":"Vunder AS"},"image":{"@id":"https:\/\/hobstop.ee\/lv\/#\/schema\/logo\/image\/"},"sameAs":["http:\/\/www.facebook.com\/VunderSkizze"]}]}},"_links":{"self":[{"href":"https:\/\/hobstop.ee\/lv\/wp-json\/wp\/v2\/product\/341023","targetHints":{"allow":["GET"]}}],"collection":[{"href":"https:\/\/hobstop.ee\/lv\/wp-json\/wp\/v2\/product"}],"about":[{"href":"https:\/\/hobstop.ee\/lv\/wp-json\/wp\/v2\/types\/product"}],"replies":[{"embeddable":true,"href":"https:\/\/hobstop.ee\/lv\/wp-json\/wp\/v2\/comments?post=341023"}],"wp:featuredmedia":[{"embeddable":true,"href":"https:\/\/hobstop.ee\/lv\/wp-json\/wp\/v2\/media\/353455"}],"wp:attachment":[{"href":"https:\/\/hobstop.ee\/lv\/wp-json\/wp\/v2\/media?parent=341023"}],"wp:term":[{"taxonomy":"product_cat","embeddable":true,"href":"https:\/\/hobstop.ee\/lv\/wp-json\/wp\/v2\/product_cat?post=341023"},{"taxonomy":"product_tag","embeddable":true,"href":"https:\/\/hobstop.ee\/lv\/wp-json\/wp\/v2\/product_tag?post=341023"}],"curies":[{"name":"wp","href":"https:\/\/api.w.org\/{rel}","templated":true}]}}