{"id":341035,"date":"2020-04-01T15:03:33","date_gmt":"2020-04-01T12:03:37","guid":{"rendered":"https:\/\/sharks.ee\/vunder_2019\/product\/paliknis-zals-apli-premium\/"},"modified":"2020-04-01T15:03:37","modified_gmt":"2020-04-01T12:03:37","slug":"paliknis-zals-apli-premium","status":"publish","type":"product","link":"https:\/\/hobstop.ee\/lv\/produkts\/paliknis-zals-apli-premium\/","title":{"rendered":"Paliknis za\u013c\u0161 Apli Premium"},"content":{"rendered":"<p>Apli paliktnis grie\u0161anai  ir ide\u0101li piem\u0113rots rokdarbiem un citiem projektiem, izvairoties no galda virsmas skr\u0101p\u0113\u0161anas vai iegrie\u0161anas taj\u0101. Tas ir 5mm biezs un izgatavots no PVC materi\u0101la. Tas ir biez\u0101ks nek\u0101 parastais Apli paliktnis grie\u0161anai. Tas ir augstas kvalit\u0101tes un \u012bpa\u0161i iztur\u012bgs, t\u0101d\u0113j\u0101di nodro\u0161inot ilg\u0101ku kalpo\u0161anas laiku, bet pel\u0113k\u0101 apdruka uz melnas pamatnes nodro\u0161ina lab\u0101ku grie\u0161anas vadot\u0146u p\u0101rredzam\u012bbu. Pamatne ir izgatavota no nesl\u012bdo\u0161a putu materi\u0101la. Materi\u0101lam piem\u012bt pa\u0161dziedino\u0161as \u012bpa\u0161\u012bbas, proti, griezuma vietas aizveras un k\u013c\u016bst neredzamas, saudz\u0113jot j\u016bsu na\u017eus un citus grie\u0161anas instrumentus. Taj\u0101 ir ar\u012b iespiests druk\u0101ts re\u017e\u0123is gan cm, gan ar\u012b mm, k\u0101 ar\u012b nor\u0101d\u012bti da\u017e\u0101di le\u0146\u0137i maksim\u0101lai projektu precizit\u0101tei. Lieliski piem\u0113rots ar\u012b k\u0101 paliktnis datora pelei uz j\u016bsu galda.<\/p>\n","protected":false},"excerpt":{"rendered":"<p>Apli paliktnis grie\u0161anai ir ide\u0101li piem\u0113rots rokdarbiem un citiem projektiem, izvairoties no galda virsmas skr\u0101p\u0113\u0161anas vai iegrie\u0161anas taj\u0101. Tas ir 5mm biezs un izgatavots no PVC materi\u0101la. Tas ir biez\u0101ks nek\u0101 parastais Apli paliktnis grie\u0161anai. Tas ir augstas kvalit\u0101tes un \u012bpa\u0161i iztur\u012bgs, t\u0101d\u0113j\u0101di nodro\u0161inot ilg\u0101ku kalpo\u0161anas laiku, bet pel\u0113k\u0101 apdruka uz melnas pamatnes nodro\u0161ina lab\u0101ku grie\u0161anas vadot\u0146u p\u0101rredzam\u012bbu. Pamatne ir izgatavota no nesl\u012bdo\u0161a putu materi\u0101la. Materi\u0101lam piem\u012bt pa\u0161dziedino\u0161as \u012bpa\u0161\u012bbas, proti, griezuma vietas aizveras un k\u013c\u016bst neredzamas, saudz\u0113jot j\u016bsu na\u017eus un citus grie\u0161anas instrumentus. Taj\u0101 ir ar\u012b iespiests druk\u0101ts re\u017e\u0123is gan cm, gan ar\u012b mm, k\u0101 ar\u012b nor\u0101d\u012bti da\u017e\u0101di le\u0146\u0137i maksim\u0101lai projektu precizit\u0101tei. Lieliski piem\u0113rots ar\u012b k\u0101 paliktnis datora pelei uz j\u016bsu galda.<\/p>\n","protected":false},"featured_media":353443,"comment_status":"closed","ping_status":"closed","template":"","meta":{"_acf_changed":false,"ep_exclude_from_search":false},"product_cat":[20361],"product_tag":[],"class_list":{"0":"post-341035","1":"product","2":"type-product","3":"status-publish","4":"has-post-thumbnail","6":"product_cat-maaramata","8":"first","9":"instock","10":"taxable","11":"shipping-taxable","12":"product-type-simple"},"acf":[],"yoast_head":"<!-- This site is optimized with the Yoast SEO plugin v24.1 - https:\/\/yoast.com\/wordpress\/plugins\/seo\/ -->\n<title>Paliknis za\u013c\u0161 Apli Premium &#8211; Skizze<\/title>\n<meta name=\"robots\" content=\"noindex, follow, max-snippet:-1, max-image-preview:large, max-video-preview:-1\" \/>\n<meta property=\"og:locale\" content=\"lv_LV\" \/>\n<meta property=\"og:type\" content=\"article\" \/>\n<meta property=\"og:title\" content=\"Paliknis za\u013c\u0161 Apli Premium &#8211; Skizze\" \/>\n<meta property=\"og:description\" content=\"Apli paliktnis grie\u0161anai ir ide\u0101li piem\u0113rots rokdarbiem un citiem projektiem, izvairoties no galda virsmas skr\u0101p\u0113\u0161anas vai iegrie\u0161anas taj\u0101. Tas ir 5mm biezs un izgatavots no PVC materi\u0101la. Tas ir biez\u0101ks nek\u0101 parastais Apli paliktnis grie\u0161anai. Tas ir augstas kvalit\u0101tes un \u012bpa\u0161i iztur\u012bgs, t\u0101d\u0113j\u0101di nodro\u0161inot ilg\u0101ku kalpo\u0161anas laiku, bet pel\u0113k\u0101 apdruka uz melnas pamatnes nodro\u0161ina lab\u0101ku grie\u0161anas vadot\u0146u p\u0101rredzam\u012bbu. Pamatne ir izgatavota no nesl\u012bdo\u0161a putu materi\u0101la. Materi\u0101lam piem\u012bt pa\u0161dziedino\u0161as \u012bpa\u0161\u012bbas, proti, griezuma vietas aizveras un k\u013c\u016bst neredzamas, saudz\u0113jot j\u016bsu na\u017eus un citus grie\u0161anas instrumentus. Taj\u0101 ir ar\u012b iespiests druk\u0101ts re\u017e\u0123is gan cm, gan ar\u012b mm, k\u0101 ar\u012b nor\u0101d\u012bti da\u017e\u0101di le\u0146\u0137i maksim\u0101lai projektu precizit\u0101tei. Lieliski piem\u0113rots ar\u012b k\u0101 paliktnis datora pelei uz j\u016bsu galda.\" \/>\n<meta property=\"og:url\" content=\"https:\/\/hobstop.ee\/lv\/produkts\/paliknis-zals-apli-premium\/\" \/>\n<meta property=\"og:site_name\" content=\"Skizze\" \/>\n<meta property=\"article:publisher\" content=\"http:\/\/www.facebook.com\/VunderSkizze\" \/>\n<meta property=\"og:image\" content=\"https:\/\/hobstop.ee\/media\/5086.jpg\" \/>\n\t<meta property=\"og:image:width\" content=\"1024\" \/>\n\t<meta property=\"og:image:height\" content=\"768\" \/>\n\t<meta property=\"og:image:type\" content=\"image\/jpeg\" \/>\n<meta name=\"twitter:card\" content=\"summary_large_image\" \/>\n<meta name=\"twitter:label1\" content=\"Est. reading time\" \/>\n\t<meta name=\"twitter:data1\" content=\"1 min\u016b\u0161u\" \/>\n<script type=\"application\/ld+json\" class=\"yoast-schema-graph\">{\"@context\":\"https:\/\/schema.org\",\"@graph\":[{\"@type\":\"WebPage\",\"@id\":\"https:\/\/hobstop.ee\/lv\/produkts\/paliknis-zals-apli-premium\/\",\"url\":\"https:\/\/hobstop.ee\/lv\/produkts\/paliknis-zals-apli-premium\/\",\"name\":\"Paliknis za\u013c\u0161 Apli Premium &#8211; Skizze\",\"isPartOf\":{\"@id\":\"https:\/\/hobstop.ee\/lv\/#website\"},\"primaryImageOfPage\":{\"@id\":\"https:\/\/hobstop.ee\/lv\/produkts\/paliknis-zals-apli-premium\/#primaryimage\"},\"image\":{\"@id\":\"https:\/\/hobstop.ee\/lv\/produkts\/paliknis-zals-apli-premium\/#primaryimage\"},\"thumbnailUrl\":\"https:\/\/hobstop.ee\/media\/5086.jpg\",\"datePublished\":\"2020-04-01T12:03:37+00:00\",\"dateModified\":\"2020-04-01T12:03:37+00:00\",\"breadcrumb\":{\"@id\":\"https:\/\/hobstop.ee\/lv\/produkts\/paliknis-zals-apli-premium\/#breadcrumb\"},\"inLanguage\":\"lv-LV\",\"potentialAction\":[{\"@type\":\"ReadAction\",\"target\":[\"https:\/\/hobstop.ee\/lv\/produkts\/paliknis-zals-apli-premium\/\"]}]},{\"@type\":\"ImageObject\",\"inLanguage\":\"lv-LV\",\"@id\":\"https:\/\/hobstop.ee\/lv\/produkts\/paliknis-zals-apli-premium\/#primaryimage\",\"url\":\"https:\/\/hobstop.ee\/media\/5086.jpg\",\"contentUrl\":\"https:\/\/hobstop.ee\/media\/5086.jpg\",\"width\":1024,\"height\":768},{\"@type\":\"BreadcrumbList\",\"@id\":\"https:\/\/hobstop.ee\/lv\/produkts\/paliknis-zals-apli-premium\/#breadcrumb\",\"itemListElement\":[{\"@type\":\"ListItem\",\"position\":1,\"name\":\"Avaleht\",\"item\":\"https:\/\/hobstop.ee\/lv\/\"},{\"@type\":\"ListItem\",\"position\":2,\"name\":\"Veikals\",\"item\":\"https:\/\/hobstop.ee\/lv\/veikals\/\"},{\"@type\":\"ListItem\",\"position\":3,\"name\":\"Paliknis za\u013c\u0161 Apli Premium\"}]},{\"@type\":\"WebSite\",\"@id\":\"https:\/\/hobstop.ee\/lv\/#website\",\"url\":\"https:\/\/hobstop.ee\/lv\/\",\"name\":\"Skizze\",\"description\":\"M\u0101kslas, hobiju un skolas preces\",\"publisher\":{\"@id\":\"https:\/\/hobstop.ee\/lv\/#organization\"},\"potentialAction\":[{\"@type\":\"SearchAction\",\"target\":{\"@type\":\"EntryPoint\",\"urlTemplate\":\"https:\/\/hobstop.ee\/lv\/?s={search_term_string}\"},\"query-input\":{\"@type\":\"PropertyValueSpecification\",\"valueRequired\":true,\"valueName\":\"search_term_string\"}}],\"inLanguage\":\"lv-LV\"},{\"@type\":\"Organization\",\"@id\":\"https:\/\/hobstop.ee\/lv\/#organization\",\"name\":\"Vunder AS\",\"url\":\"https:\/\/hobstop.ee\/lv\/\",\"logo\":{\"@type\":\"ImageObject\",\"inLanguage\":\"lv-LV\",\"@id\":\"https:\/\/hobstop.ee\/lv\/#\/schema\/logo\/image\/\",\"url\":\"https:\/\/hobstop.ee\/media\/vunder-logo.png\",\"contentUrl\":\"https:\/\/hobstop.ee\/media\/vunder-logo.png\",\"width\":127,\"height\":55,\"caption\":\"Vunder AS\"},\"image\":{\"@id\":\"https:\/\/hobstop.ee\/lv\/#\/schema\/logo\/image\/\"},\"sameAs\":[\"http:\/\/www.facebook.com\/VunderSkizze\"]}]}<\/script>\n<!-- \/ Yoast SEO plugin. -->","yoast_head_json":{"title":"Paliknis za\u013c\u0161 Apli Premium &#8211; Skizze","robots":{"index":"noindex","follow":"follow","max-snippet":"max-snippet:-1","max-image-preview":"max-image-preview:large","max-video-preview":"max-video-preview:-1"},"og_locale":"lv_LV","og_type":"article","og_title":"Paliknis za\u013c\u0161 Apli Premium &#8211; Skizze","og_description":"Apli paliktnis grie\u0161anai ir ide\u0101li piem\u0113rots rokdarbiem un citiem projektiem, izvairoties no galda virsmas skr\u0101p\u0113\u0161anas vai iegrie\u0161anas taj\u0101. Tas ir 5mm biezs un izgatavots no PVC materi\u0101la. Tas ir biez\u0101ks nek\u0101 parastais Apli paliktnis grie\u0161anai. Tas ir augstas kvalit\u0101tes un \u012bpa\u0161i iztur\u012bgs, t\u0101d\u0113j\u0101di nodro\u0161inot ilg\u0101ku kalpo\u0161anas laiku, bet pel\u0113k\u0101 apdruka uz melnas pamatnes nodro\u0161ina lab\u0101ku grie\u0161anas vadot\u0146u p\u0101rredzam\u012bbu. Pamatne ir izgatavota no nesl\u012bdo\u0161a putu materi\u0101la. Materi\u0101lam piem\u012bt pa\u0161dziedino\u0161as \u012bpa\u0161\u012bbas, proti, griezuma vietas aizveras un k\u013c\u016bst neredzamas, saudz\u0113jot j\u016bsu na\u017eus un citus grie\u0161anas instrumentus. Taj\u0101 ir ar\u012b iespiests druk\u0101ts re\u017e\u0123is gan cm, gan ar\u012b mm, k\u0101 ar\u012b nor\u0101d\u012bti da\u017e\u0101di le\u0146\u0137i maksim\u0101lai projektu precizit\u0101tei. Lieliski piem\u0113rots ar\u012b k\u0101 paliktnis datora pelei uz j\u016bsu galda.","og_url":"https:\/\/hobstop.ee\/lv\/produkts\/paliknis-zals-apli-premium\/","og_site_name":"Skizze","article_publisher":"http:\/\/www.facebook.com\/VunderSkizze","og_image":[{"width":1024,"height":768,"url":"https:\/\/hobstop.ee\/media\/5086.jpg","type":"image\/jpeg"}],"twitter_card":"summary_large_image","twitter_misc":{"Est. reading time":"1 min\u016b\u0161u"},"schema":{"@context":"https:\/\/schema.org","@graph":[{"@type":"WebPage","@id":"https:\/\/hobstop.ee\/lv\/produkts\/paliknis-zals-apli-premium\/","url":"https:\/\/hobstop.ee\/lv\/produkts\/paliknis-zals-apli-premium\/","name":"Paliknis za\u013c\u0161 Apli Premium &#8211; Skizze","isPartOf":{"@id":"https:\/\/hobstop.ee\/lv\/#website"},"primaryImageOfPage":{"@id":"https:\/\/hobstop.ee\/lv\/produkts\/paliknis-zals-apli-premium\/#primaryimage"},"image":{"@id":"https:\/\/hobstop.ee\/lv\/produkts\/paliknis-zals-apli-premium\/#primaryimage"},"thumbnailUrl":"https:\/\/hobstop.ee\/media\/5086.jpg","datePublished":"2020-04-01T12:03:37+00:00","dateModified":"2020-04-01T12:03:37+00:00","breadcrumb":{"@id":"https:\/\/hobstop.ee\/lv\/produkts\/paliknis-zals-apli-premium\/#breadcrumb"},"inLanguage":"lv-LV","potentialAction":[{"@type":"ReadAction","target":["https:\/\/hobstop.ee\/lv\/produkts\/paliknis-zals-apli-premium\/"]}]},{"@type":"ImageObject","inLanguage":"lv-LV","@id":"https:\/\/hobstop.ee\/lv\/produkts\/paliknis-zals-apli-premium\/#primaryimage","url":"https:\/\/hobstop.ee\/media\/5086.jpg","contentUrl":"https:\/\/hobstop.ee\/media\/5086.jpg","width":1024,"height":768},{"@type":"BreadcrumbList","@id":"https:\/\/hobstop.ee\/lv\/produkts\/paliknis-zals-apli-premium\/#breadcrumb","itemListElement":[{"@type":"ListItem","position":1,"name":"Avaleht","item":"https:\/\/hobstop.ee\/lv\/"},{"@type":"ListItem","position":2,"name":"Veikals","item":"https:\/\/hobstop.ee\/lv\/veikals\/"},{"@type":"ListItem","position":3,"name":"Paliknis za\u013c\u0161 Apli Premium"}]},{"@type":"WebSite","@id":"https:\/\/hobstop.ee\/lv\/#website","url":"https:\/\/hobstop.ee\/lv\/","name":"Skizze","description":"M\u0101kslas, hobiju un skolas preces","publisher":{"@id":"https:\/\/hobstop.ee\/lv\/#organization"},"potentialAction":[{"@type":"SearchAction","target":{"@type":"EntryPoint","urlTemplate":"https:\/\/hobstop.ee\/lv\/?s={search_term_string}"},"query-input":{"@type":"PropertyValueSpecification","valueRequired":true,"valueName":"search_term_string"}}],"inLanguage":"lv-LV"},{"@type":"Organization","@id":"https:\/\/hobstop.ee\/lv\/#organization","name":"Vunder AS","url":"https:\/\/hobstop.ee\/lv\/","logo":{"@type":"ImageObject","inLanguage":"lv-LV","@id":"https:\/\/hobstop.ee\/lv\/#\/schema\/logo\/image\/","url":"https:\/\/hobstop.ee\/media\/vunder-logo.png","contentUrl":"https:\/\/hobstop.ee\/media\/vunder-logo.png","width":127,"height":55,"caption":"Vunder AS"},"image":{"@id":"https:\/\/hobstop.ee\/lv\/#\/schema\/logo\/image\/"},"sameAs":["http:\/\/www.facebook.com\/VunderSkizze"]}]}},"_links":{"self":[{"href":"https:\/\/hobstop.ee\/lv\/wp-json\/wp\/v2\/product\/341035","targetHints":{"allow":["GET"]}}],"collection":[{"href":"https:\/\/hobstop.ee\/lv\/wp-json\/wp\/v2\/product"}],"about":[{"href":"https:\/\/hobstop.ee\/lv\/wp-json\/wp\/v2\/types\/product"}],"replies":[{"embeddable":true,"href":"https:\/\/hobstop.ee\/lv\/wp-json\/wp\/v2\/comments?post=341035"}],"wp:featuredmedia":[{"embeddable":true,"href":"https:\/\/hobstop.ee\/lv\/wp-json\/wp\/v2\/media\/353443"}],"wp:attachment":[{"href":"https:\/\/hobstop.ee\/lv\/wp-json\/wp\/v2\/media?parent=341035"}],"wp:term":[{"taxonomy":"product_cat","embeddable":true,"href":"https:\/\/hobstop.ee\/lv\/wp-json\/wp\/v2\/product_cat?post=341035"},{"taxonomy":"product_tag","embeddable":true,"href":"https:\/\/hobstop.ee\/lv\/wp-json\/wp\/v2\/product_tag?post=341035"}],"curies":[{"name":"wp","href":"https:\/\/api.w.org\/{rel}","templated":true}]}}