{"id":341131,"date":"2020-04-01T15:07:30","date_gmt":"2020-04-01T12:07:32","guid":{"rendered":"https:\/\/sharks.ee\/vunder_2019\/product\/gela-pildspalva-izdzesams-mg-hi-i-am-a-magical-deer\/"},"modified":"2020-04-01T15:07:32","modified_gmt":"2020-04-01T12:07:32","slug":"gela-pildspalva-izdzesams-mg-hi-i-am-a-magical-deer","status":"publish","type":"product","link":"https:\/\/hobstop.ee\/lv\/produkts\/gela-pildspalva-izdzesams-mg-hi-i-am-a-magical-deer\/","title":{"rendered":"G\u0113la pildspalva izdz\u0113\u0161ams M&#038;G Hi, I Am A Magical Deer"},"content":{"rendered":"<p>Raksti, nodz\u0113s, raksti no jauna! G\u0113la pildspalva jautr\u0101s kr\u0101s\u0101s ar tinti, kas j\u016bt\u012bga pret temperat\u016bru. Berz\u0113jot nodz\u0113\u0161as. Var rakst\u012bt, nodz\u0113st un t\u016bl\u012bt rakst\u012bt no jauna, neboj\u0101jot tekstu.<\/p>\n","protected":false},"excerpt":{"rendered":"<p>Raksti, nodz\u0113s, raksti no jauna! G\u0113la pildspalva jautr\u0101s kr\u0101s\u0101s ar tinti, kas j\u016bt\u012bga pret temperat\u016bru. Berz\u0113jot nodz\u0113\u0161as. Var rakst\u012bt, nodz\u0113st un t\u016bl\u012bt rakst\u012bt no jauna, neboj\u0101jot tekstu.<\/p>\n","protected":false},"featured_media":0,"comment_status":"closed","ping_status":"closed","template":"","meta":{"_acf_changed":false,"ep_exclude_from_search":false},"product_cat":[20361],"product_tag":[],"class_list":{"0":"post-341131","1":"product","2":"type-product","3":"status-publish","5":"product_cat-maaramata","7":"first","8":"instock","9":"taxable","10":"shipping-taxable","11":"product-type-simple"},"acf":[],"yoast_head":"<!-- This site is optimized with the Yoast SEO plugin v24.1 - https:\/\/yoast.com\/wordpress\/plugins\/seo\/ -->\n<title>G\u0113la pildspalva izdz\u0113\u0161ams M&amp;G Hi, I Am A Magical Deer &#8211; Skizze<\/title>\n<meta name=\"robots\" content=\"noindex, follow, max-snippet:-1, max-image-preview:large, max-video-preview:-1\" \/>\n<meta property=\"og:locale\" content=\"lv_LV\" \/>\n<meta property=\"og:type\" content=\"article\" \/>\n<meta property=\"og:title\" content=\"G\u0113la pildspalva izdz\u0113\u0161ams M&amp;G Hi, I Am A Magical Deer &#8211; Skizze\" \/>\n<meta property=\"og:description\" content=\"Raksti, nodz\u0113s, raksti no jauna! G\u0113la pildspalva jautr\u0101s kr\u0101s\u0101s ar tinti, kas j\u016bt\u012bga pret temperat\u016bru. Berz\u0113jot nodz\u0113\u0161as. Var rakst\u012bt, nodz\u0113st un t\u016bl\u012bt rakst\u012bt no jauna, neboj\u0101jot tekstu.\" \/>\n<meta property=\"og:url\" content=\"https:\/\/hobstop.ee\/lv\/produkts\/gela-pildspalva-izdzesams-mg-hi-i-am-a-magical-deer\/\" \/>\n<meta property=\"og:site_name\" content=\"Skizze\" \/>\n<meta property=\"article:publisher\" content=\"http:\/\/www.facebook.com\/VunderSkizze\" \/>\n<meta name=\"twitter:card\" content=\"summary_large_image\" \/>\n<script type=\"application\/ld+json\" class=\"yoast-schema-graph\">{\"@context\":\"https:\/\/schema.org\",\"@graph\":[{\"@type\":\"WebPage\",\"@id\":\"https:\/\/hobstop.ee\/lv\/produkts\/gela-pildspalva-izdzesams-mg-hi-i-am-a-magical-deer\/\",\"url\":\"https:\/\/hobstop.ee\/lv\/produkts\/gela-pildspalva-izdzesams-mg-hi-i-am-a-magical-deer\/\",\"name\":\"G\u0113la pildspalva izdz\u0113\u0161ams M&G Hi, I Am A Magical Deer &#8211; Skizze\",\"isPartOf\":{\"@id\":\"https:\/\/www.hobstop.ee\/lv\/#website\"},\"datePublished\":\"2020-04-01T12:07:32+00:00\",\"dateModified\":\"2020-04-01T12:07:32+00:00\",\"breadcrumb\":{\"@id\":\"https:\/\/hobstop.ee\/lv\/produkts\/gela-pildspalva-izdzesams-mg-hi-i-am-a-magical-deer\/#breadcrumb\"},\"inLanguage\":\"lv-LV\",\"potentialAction\":[{\"@type\":\"ReadAction\",\"target\":[\"https:\/\/hobstop.ee\/lv\/produkts\/gela-pildspalva-izdzesams-mg-hi-i-am-a-magical-deer\/\"]}]},{\"@type\":\"BreadcrumbList\",\"@id\":\"https:\/\/hobstop.ee\/lv\/produkts\/gela-pildspalva-izdzesams-mg-hi-i-am-a-magical-deer\/#breadcrumb\",\"itemListElement\":[{\"@type\":\"ListItem\",\"position\":1,\"name\":\"Avaleht\",\"item\":\"https:\/\/www.hobstop.ee\/lv\/\"},{\"@type\":\"ListItem\",\"position\":2,\"name\":\"Veikals\",\"item\":\"https:\/\/www.hobstop.ee\/lv\/veikals\/\"},{\"@type\":\"ListItem\",\"position\":3,\"name\":\"G\u0113la pildspalva izdz\u0113\u0161ams M&#038;G Hi, I Am A Magical Deer\"}]},{\"@type\":\"WebSite\",\"@id\":\"https:\/\/www.hobstop.ee\/lv\/#website\",\"url\":\"https:\/\/www.hobstop.ee\/lv\/\",\"name\":\"Skizze\",\"description\":\"M\u0101kslas, hobiju un skolas preces\",\"publisher\":{\"@id\":\"https:\/\/www.hobstop.ee\/lv\/#organization\"},\"potentialAction\":[{\"@type\":\"SearchAction\",\"target\":{\"@type\":\"EntryPoint\",\"urlTemplate\":\"https:\/\/www.hobstop.ee\/lv\/?s={search_term_string}\"},\"query-input\":{\"@type\":\"PropertyValueSpecification\",\"valueRequired\":true,\"valueName\":\"search_term_string\"}}],\"inLanguage\":\"lv-LV\"},{\"@type\":\"Organization\",\"@id\":\"https:\/\/www.hobstop.ee\/lv\/#organization\",\"name\":\"Vunder AS\",\"url\":\"https:\/\/www.hobstop.ee\/lv\/\",\"logo\":{\"@type\":\"ImageObject\",\"inLanguage\":\"lv-LV\",\"@id\":\"https:\/\/www.hobstop.ee\/lv\/#\/schema\/logo\/image\/\",\"url\":\"https:\/\/hobstop.ee\/media\/vunder-logo.png\",\"contentUrl\":\"https:\/\/hobstop.ee\/media\/vunder-logo.png\",\"width\":127,\"height\":55,\"caption\":\"Vunder AS\"},\"image\":{\"@id\":\"https:\/\/www.hobstop.ee\/lv\/#\/schema\/logo\/image\/\"},\"sameAs\":[\"http:\/\/www.facebook.com\/VunderSkizze\"]}]}<\/script>\n<!-- \/ Yoast SEO plugin. -->","yoast_head_json":{"title":"G\u0113la pildspalva izdz\u0113\u0161ams M&G Hi, I Am A Magical Deer &#8211; Skizze","robots":{"index":"noindex","follow":"follow","max-snippet":"max-snippet:-1","max-image-preview":"max-image-preview:large","max-video-preview":"max-video-preview:-1"},"og_locale":"lv_LV","og_type":"article","og_title":"G\u0113la pildspalva izdz\u0113\u0161ams M&G Hi, I Am A Magical Deer &#8211; Skizze","og_description":"Raksti, nodz\u0113s, raksti no jauna! G\u0113la pildspalva jautr\u0101s kr\u0101s\u0101s ar tinti, kas j\u016bt\u012bga pret temperat\u016bru. Berz\u0113jot nodz\u0113\u0161as. Var rakst\u012bt, nodz\u0113st un t\u016bl\u012bt rakst\u012bt no jauna, neboj\u0101jot tekstu.","og_url":"https:\/\/hobstop.ee\/lv\/produkts\/gela-pildspalva-izdzesams-mg-hi-i-am-a-magical-deer\/","og_site_name":"Skizze","article_publisher":"http:\/\/www.facebook.com\/VunderSkizze","twitter_card":"summary_large_image","schema":{"@context":"https:\/\/schema.org","@graph":[{"@type":"WebPage","@id":"https:\/\/hobstop.ee\/lv\/produkts\/gela-pildspalva-izdzesams-mg-hi-i-am-a-magical-deer\/","url":"https:\/\/hobstop.ee\/lv\/produkts\/gela-pildspalva-izdzesams-mg-hi-i-am-a-magical-deer\/","name":"G\u0113la pildspalva izdz\u0113\u0161ams M&G Hi, I Am A Magical Deer &#8211; Skizze","isPartOf":{"@id":"https:\/\/www.hobstop.ee\/lv\/#website"},"datePublished":"2020-04-01T12:07:32+00:00","dateModified":"2020-04-01T12:07:32+00:00","breadcrumb":{"@id":"https:\/\/hobstop.ee\/lv\/produkts\/gela-pildspalva-izdzesams-mg-hi-i-am-a-magical-deer\/#breadcrumb"},"inLanguage":"lv-LV","potentialAction":[{"@type":"ReadAction","target":["https:\/\/hobstop.ee\/lv\/produkts\/gela-pildspalva-izdzesams-mg-hi-i-am-a-magical-deer\/"]}]},{"@type":"BreadcrumbList","@id":"https:\/\/hobstop.ee\/lv\/produkts\/gela-pildspalva-izdzesams-mg-hi-i-am-a-magical-deer\/#breadcrumb","itemListElement":[{"@type":"ListItem","position":1,"name":"Avaleht","item":"https:\/\/www.hobstop.ee\/lv\/"},{"@type":"ListItem","position":2,"name":"Veikals","item":"https:\/\/www.hobstop.ee\/lv\/veikals\/"},{"@type":"ListItem","position":3,"name":"G\u0113la pildspalva izdz\u0113\u0161ams M&#038;G Hi, I Am A Magical Deer"}]},{"@type":"WebSite","@id":"https:\/\/www.hobstop.ee\/lv\/#website","url":"https:\/\/www.hobstop.ee\/lv\/","name":"Skizze","description":"M\u0101kslas, hobiju un skolas preces","publisher":{"@id":"https:\/\/www.hobstop.ee\/lv\/#organization"},"potentialAction":[{"@type":"SearchAction","target":{"@type":"EntryPoint","urlTemplate":"https:\/\/www.hobstop.ee\/lv\/?s={search_term_string}"},"query-input":{"@type":"PropertyValueSpecification","valueRequired":true,"valueName":"search_term_string"}}],"inLanguage":"lv-LV"},{"@type":"Organization","@id":"https:\/\/www.hobstop.ee\/lv\/#organization","name":"Vunder AS","url":"https:\/\/www.hobstop.ee\/lv\/","logo":{"@type":"ImageObject","inLanguage":"lv-LV","@id":"https:\/\/www.hobstop.ee\/lv\/#\/schema\/logo\/image\/","url":"https:\/\/hobstop.ee\/media\/vunder-logo.png","contentUrl":"https:\/\/hobstop.ee\/media\/vunder-logo.png","width":127,"height":55,"caption":"Vunder AS"},"image":{"@id":"https:\/\/www.hobstop.ee\/lv\/#\/schema\/logo\/image\/"},"sameAs":["http:\/\/www.facebook.com\/VunderSkizze"]}]}},"_links":{"self":[{"href":"https:\/\/hobstop.ee\/lv\/wp-json\/wp\/v2\/product\/341131","targetHints":{"allow":["GET"]}}],"collection":[{"href":"https:\/\/hobstop.ee\/lv\/wp-json\/wp\/v2\/product"}],"about":[{"href":"https:\/\/hobstop.ee\/lv\/wp-json\/wp\/v2\/types\/product"}],"replies":[{"embeddable":true,"href":"https:\/\/hobstop.ee\/lv\/wp-json\/wp\/v2\/comments?post=341131"}],"wp:attachment":[{"href":"https:\/\/hobstop.ee\/lv\/wp-json\/wp\/v2\/media?parent=341131"}],"wp:term":[{"taxonomy":"product_cat","embeddable":true,"href":"https:\/\/hobstop.ee\/lv\/wp-json\/wp\/v2\/product_cat?post=341131"},{"taxonomy":"product_tag","embeddable":true,"href":"https:\/\/hobstop.ee\/lv\/wp-json\/wp\/v2\/product_tag?post=341131"}],"curies":[{"name":"wp","href":"https:\/\/api.w.org\/{rel}","templated":true}]}}