{"id":341159,"date":"2020-04-01T15:08:03","date_gmt":"2020-04-01T12:08:05","guid":{"rendered":"https:\/\/sharks.ee\/vunder_2019\/product\/marmorizesanas-krasu-komplekts-marabu-easy-marble-lovely-hearts\/"},"modified":"2020-04-01T15:08:05","modified_gmt":"2020-04-01T12:08:05","slug":"marmorizesanas-krasu-komplekts-marabu-easy-marble-lovely-hearts","status":"publish","type":"product","link":"https:\/\/hobstop.ee\/lv\/produkts\/marmorizesanas-krasu-komplekts-marabu-easy-marble-lovely-hearts\/","title":{"rendered":"Marmoriz\u0113\u0161anas kr\u0101su komplekts Marabu Easy Marble Lovely Hearts"},"content":{"rendered":"<p>Marmora efekta rad\u012b\u0161ana nu ir vienk\u0101r\u0161\u0101ka k\u0101 jebkad agr\u0101k: uzpilini, iem\u0113rc un gatavs!  Ide\u0101li piem\u0113rota marmora efekta veido\u0161anai uz plastmasas, stikla, akrila, koka, papj\u0113-ma\u0161\u0113, olas \u010daumalu, met\u0101la, polistirola, pap\u012bra, jap\u0101\u0146u pap\u012bra, auduma un z\u012bda virsm\u0101m.   Kr\u0101sojamajiem priek\u0161metiem ir j\u0101b\u016bt gludiem un nekr\u0101sotiem.  Uz organisk\u0101 \u0161\u0137\u012bdin\u0101t\u0101ja b\u0101zes izgatavot\u0101 kr\u0101sa \u017e\u016bst \u013coti \u0101tri un ir sk\u0101riendro\u0161a jau p\u0113c 15min. Nokr\u0101sotos priek\u0161metus var not\u012br\u012bt tikai ar mitru lupat\u012b\u0146u, tie nav paredz\u0113ti mazg\u0101\u0161anai trauku ma\u0161\u012bn\u0101.<\/p>\n","protected":false},"excerpt":{"rendered":"<p>Marmora efekta rad\u012b\u0161ana nu ir vienk\u0101r\u0161\u0101ka k\u0101 jebkad agr\u0101k: uzpilini, iem\u0113rc un gatavs! Ide\u0101li piem\u0113rota marmora efekta veido\u0161anai uz plastmasas, stikla, akrila, koka, papj\u0113-ma\u0161\u0113, olas \u010daumalu, met\u0101la, polistirola, pap\u012bra, jap\u0101\u0146u pap\u012bra, auduma un z\u012bda virsm\u0101m. Kr\u0101sojamajiem priek\u0161metiem ir j\u0101b\u016bt gludiem un nekr\u0101sotiem. Uz organisk\u0101 \u0161\u0137\u012bdin\u0101t\u0101ja b\u0101zes izgatavot\u0101 kr\u0101sa \u017e\u016bst \u013coti \u0101tri un ir sk\u0101riendro\u0161a jau p\u0113c 15min. Nokr\u0101sotos priek\u0161metus var not\u012br\u012bt tikai ar mitru lupat\u012b\u0146u, tie nav paredz\u0113ti mazg\u0101\u0161anai trauku ma\u0161\u012bn\u0101.<\/p>\n","protected":false},"featured_media":353527,"comment_status":"closed","ping_status":"closed","template":"","meta":{"_acf_changed":false,"ep_exclude_from_search":false},"product_cat":[20361],"product_tag":[],"class_list":{"0":"post-341159","1":"product","2":"type-product","3":"status-publish","4":"has-post-thumbnail","6":"product_cat-maaramata","8":"first","9":"instock","10":"taxable","11":"shipping-taxable","12":"product-type-simple"},"acf":[],"yoast_head":"<!-- This site is optimized with the Yoast SEO plugin v24.1 - https:\/\/yoast.com\/wordpress\/plugins\/seo\/ -->\n<title>Marmoriz\u0113\u0161anas kr\u0101su komplekts Marabu Easy Marble Lovely Hearts &#8211; Skizze<\/title>\n<meta name=\"robots\" content=\"noindex, follow, max-snippet:-1, max-image-preview:large, max-video-preview:-1\" \/>\n<meta property=\"og:locale\" content=\"lv_LV\" \/>\n<meta property=\"og:type\" content=\"article\" \/>\n<meta property=\"og:title\" content=\"Marmoriz\u0113\u0161anas kr\u0101su komplekts Marabu Easy Marble Lovely Hearts &#8211; Skizze\" \/>\n<meta property=\"og:description\" content=\"Marmora efekta rad\u012b\u0161ana nu ir vienk\u0101r\u0161\u0101ka k\u0101 jebkad agr\u0101k: uzpilini, iem\u0113rc un gatavs! Ide\u0101li piem\u0113rota marmora efekta veido\u0161anai uz plastmasas, stikla, akrila, koka, papj\u0113-ma\u0161\u0113, olas \u010daumalu, met\u0101la, polistirola, pap\u012bra, jap\u0101\u0146u pap\u012bra, auduma un z\u012bda virsm\u0101m. Kr\u0101sojamajiem priek\u0161metiem ir j\u0101b\u016bt gludiem un nekr\u0101sotiem. Uz organisk\u0101 \u0161\u0137\u012bdin\u0101t\u0101ja b\u0101zes izgatavot\u0101 kr\u0101sa \u017e\u016bst \u013coti \u0101tri un ir sk\u0101riendro\u0161a jau p\u0113c 15min. Nokr\u0101sotos priek\u0161metus var not\u012br\u012bt tikai ar mitru lupat\u012b\u0146u, tie nav paredz\u0113ti mazg\u0101\u0161anai trauku ma\u0161\u012bn\u0101.\" \/>\n<meta property=\"og:url\" content=\"https:\/\/hobstop.ee\/lv\/produkts\/marmorizesanas-krasu-komplekts-marabu-easy-marble-lovely-hearts\/\" \/>\n<meta property=\"og:site_name\" content=\"Skizze\" \/>\n<meta property=\"article:publisher\" content=\"http:\/\/www.facebook.com\/VunderSkizze\" \/>\n<meta property=\"og:image\" content=\"https:\/\/hobstop.ee\/media\/5123.jpg\" \/>\n\t<meta property=\"og:image:width\" content=\"1024\" \/>\n\t<meta property=\"og:image:height\" content=\"768\" \/>\n\t<meta property=\"og:image:type\" content=\"image\/jpeg\" \/>\n<meta name=\"twitter:card\" content=\"summary_large_image\" \/>\n<meta name=\"twitter:label1\" content=\"Est. reading time\" \/>\n\t<meta name=\"twitter:data1\" content=\"1 min\u016b\u0161u\" \/>\n<script type=\"application\/ld+json\" class=\"yoast-schema-graph\">{\"@context\":\"https:\/\/schema.org\",\"@graph\":[{\"@type\":\"WebPage\",\"@id\":\"https:\/\/hobstop.ee\/lv\/produkts\/marmorizesanas-krasu-komplekts-marabu-easy-marble-lovely-hearts\/\",\"url\":\"https:\/\/hobstop.ee\/lv\/produkts\/marmorizesanas-krasu-komplekts-marabu-easy-marble-lovely-hearts\/\",\"name\":\"Marmoriz\u0113\u0161anas kr\u0101su komplekts Marabu Easy Marble Lovely Hearts &#8211; Skizze\",\"isPartOf\":{\"@id\":\"https:\/\/hobstop.ee\/lv\/#website\"},\"primaryImageOfPage\":{\"@id\":\"https:\/\/hobstop.ee\/lv\/produkts\/marmorizesanas-krasu-komplekts-marabu-easy-marble-lovely-hearts\/#primaryimage\"},\"image\":{\"@id\":\"https:\/\/hobstop.ee\/lv\/produkts\/marmorizesanas-krasu-komplekts-marabu-easy-marble-lovely-hearts\/#primaryimage\"},\"thumbnailUrl\":\"https:\/\/hobstop.ee\/media\/5123.jpg\",\"datePublished\":\"2020-04-01T12:08:05+00:00\",\"dateModified\":\"2020-04-01T12:08:05+00:00\",\"breadcrumb\":{\"@id\":\"https:\/\/hobstop.ee\/lv\/produkts\/marmorizesanas-krasu-komplekts-marabu-easy-marble-lovely-hearts\/#breadcrumb\"},\"inLanguage\":\"lv-LV\",\"potentialAction\":[{\"@type\":\"ReadAction\",\"target\":[\"https:\/\/hobstop.ee\/lv\/produkts\/marmorizesanas-krasu-komplekts-marabu-easy-marble-lovely-hearts\/\"]}]},{\"@type\":\"ImageObject\",\"inLanguage\":\"lv-LV\",\"@id\":\"https:\/\/hobstop.ee\/lv\/produkts\/marmorizesanas-krasu-komplekts-marabu-easy-marble-lovely-hearts\/#primaryimage\",\"url\":\"https:\/\/hobstop.ee\/media\/5123.jpg\",\"contentUrl\":\"https:\/\/hobstop.ee\/media\/5123.jpg\",\"width\":1024,\"height\":768},{\"@type\":\"BreadcrumbList\",\"@id\":\"https:\/\/hobstop.ee\/lv\/produkts\/marmorizesanas-krasu-komplekts-marabu-easy-marble-lovely-hearts\/#breadcrumb\",\"itemListElement\":[{\"@type\":\"ListItem\",\"position\":1,\"name\":\"Avaleht\",\"item\":\"https:\/\/www.hobstop.ee\/lv\/\"},{\"@type\":\"ListItem\",\"position\":2,\"name\":\"Veikals\",\"item\":\"https:\/\/www.hobstop.ee\/lv\/veikals\/\"},{\"@type\":\"ListItem\",\"position\":3,\"name\":\"Marmoriz\u0113\u0161anas kr\u0101su komplekts Marabu Easy Marble Lovely Hearts\"}]},{\"@type\":\"WebSite\",\"@id\":\"https:\/\/hobstop.ee\/lv\/#website\",\"url\":\"https:\/\/hobstop.ee\/lv\/\",\"name\":\"Skizze\",\"description\":\"M\u0101kslas, hobiju un skolas preces\",\"publisher\":{\"@id\":\"https:\/\/hobstop.ee\/lv\/#organization\"},\"potentialAction\":[{\"@type\":\"SearchAction\",\"target\":{\"@type\":\"EntryPoint\",\"urlTemplate\":\"https:\/\/hobstop.ee\/lv\/?s={search_term_string}\"},\"query-input\":{\"@type\":\"PropertyValueSpecification\",\"valueRequired\":true,\"valueName\":\"search_term_string\"}}],\"inLanguage\":\"lv-LV\"},{\"@type\":\"Organization\",\"@id\":\"https:\/\/hobstop.ee\/lv\/#organization\",\"name\":\"Vunder AS\",\"url\":\"https:\/\/hobstop.ee\/lv\/\",\"logo\":{\"@type\":\"ImageObject\",\"inLanguage\":\"lv-LV\",\"@id\":\"https:\/\/hobstop.ee\/lv\/#\/schema\/logo\/image\/\",\"url\":\"https:\/\/hobstop.ee\/media\/vunder-logo.png\",\"contentUrl\":\"https:\/\/hobstop.ee\/media\/vunder-logo.png\",\"width\":127,\"height\":55,\"caption\":\"Vunder AS\"},\"image\":{\"@id\":\"https:\/\/hobstop.ee\/lv\/#\/schema\/logo\/image\/\"},\"sameAs\":[\"http:\/\/www.facebook.com\/VunderSkizze\"]}]}<\/script>\n<!-- \/ Yoast SEO plugin. -->","yoast_head_json":{"title":"Marmoriz\u0113\u0161anas kr\u0101su komplekts Marabu Easy Marble Lovely Hearts &#8211; Skizze","robots":{"index":"noindex","follow":"follow","max-snippet":"max-snippet:-1","max-image-preview":"max-image-preview:large","max-video-preview":"max-video-preview:-1"},"og_locale":"lv_LV","og_type":"article","og_title":"Marmoriz\u0113\u0161anas kr\u0101su komplekts Marabu Easy Marble Lovely Hearts &#8211; Skizze","og_description":"Marmora efekta rad\u012b\u0161ana nu ir vienk\u0101r\u0161\u0101ka k\u0101 jebkad agr\u0101k: uzpilini, iem\u0113rc un gatavs! Ide\u0101li piem\u0113rota marmora efekta veido\u0161anai uz plastmasas, stikla, akrila, koka, papj\u0113-ma\u0161\u0113, olas \u010daumalu, met\u0101la, polistirola, pap\u012bra, jap\u0101\u0146u pap\u012bra, auduma un z\u012bda virsm\u0101m. Kr\u0101sojamajiem priek\u0161metiem ir j\u0101b\u016bt gludiem un nekr\u0101sotiem. Uz organisk\u0101 \u0161\u0137\u012bdin\u0101t\u0101ja b\u0101zes izgatavot\u0101 kr\u0101sa \u017e\u016bst \u013coti \u0101tri un ir sk\u0101riendro\u0161a jau p\u0113c 15min. Nokr\u0101sotos priek\u0161metus var not\u012br\u012bt tikai ar mitru lupat\u012b\u0146u, tie nav paredz\u0113ti mazg\u0101\u0161anai trauku ma\u0161\u012bn\u0101.","og_url":"https:\/\/hobstop.ee\/lv\/produkts\/marmorizesanas-krasu-komplekts-marabu-easy-marble-lovely-hearts\/","og_site_name":"Skizze","article_publisher":"http:\/\/www.facebook.com\/VunderSkizze","og_image":[{"width":1024,"height":768,"url":"https:\/\/hobstop.ee\/media\/5123.jpg","type":"image\/jpeg"}],"twitter_card":"summary_large_image","twitter_misc":{"Est. reading time":"1 min\u016b\u0161u"},"schema":{"@context":"https:\/\/schema.org","@graph":[{"@type":"WebPage","@id":"https:\/\/hobstop.ee\/lv\/produkts\/marmorizesanas-krasu-komplekts-marabu-easy-marble-lovely-hearts\/","url":"https:\/\/hobstop.ee\/lv\/produkts\/marmorizesanas-krasu-komplekts-marabu-easy-marble-lovely-hearts\/","name":"Marmoriz\u0113\u0161anas kr\u0101su komplekts Marabu Easy Marble Lovely Hearts &#8211; Skizze","isPartOf":{"@id":"https:\/\/hobstop.ee\/lv\/#website"},"primaryImageOfPage":{"@id":"https:\/\/hobstop.ee\/lv\/produkts\/marmorizesanas-krasu-komplekts-marabu-easy-marble-lovely-hearts\/#primaryimage"},"image":{"@id":"https:\/\/hobstop.ee\/lv\/produkts\/marmorizesanas-krasu-komplekts-marabu-easy-marble-lovely-hearts\/#primaryimage"},"thumbnailUrl":"https:\/\/hobstop.ee\/media\/5123.jpg","datePublished":"2020-04-01T12:08:05+00:00","dateModified":"2020-04-01T12:08:05+00:00","breadcrumb":{"@id":"https:\/\/hobstop.ee\/lv\/produkts\/marmorizesanas-krasu-komplekts-marabu-easy-marble-lovely-hearts\/#breadcrumb"},"inLanguage":"lv-LV","potentialAction":[{"@type":"ReadAction","target":["https:\/\/hobstop.ee\/lv\/produkts\/marmorizesanas-krasu-komplekts-marabu-easy-marble-lovely-hearts\/"]}]},{"@type":"ImageObject","inLanguage":"lv-LV","@id":"https:\/\/hobstop.ee\/lv\/produkts\/marmorizesanas-krasu-komplekts-marabu-easy-marble-lovely-hearts\/#primaryimage","url":"https:\/\/hobstop.ee\/media\/5123.jpg","contentUrl":"https:\/\/hobstop.ee\/media\/5123.jpg","width":1024,"height":768},{"@type":"BreadcrumbList","@id":"https:\/\/hobstop.ee\/lv\/produkts\/marmorizesanas-krasu-komplekts-marabu-easy-marble-lovely-hearts\/#breadcrumb","itemListElement":[{"@type":"ListItem","position":1,"name":"Avaleht","item":"https:\/\/www.hobstop.ee\/lv\/"},{"@type":"ListItem","position":2,"name":"Veikals","item":"https:\/\/www.hobstop.ee\/lv\/veikals\/"},{"@type":"ListItem","position":3,"name":"Marmoriz\u0113\u0161anas kr\u0101su komplekts Marabu Easy Marble Lovely Hearts"}]},{"@type":"WebSite","@id":"https:\/\/hobstop.ee\/lv\/#website","url":"https:\/\/hobstop.ee\/lv\/","name":"Skizze","description":"M\u0101kslas, hobiju un skolas preces","publisher":{"@id":"https:\/\/hobstop.ee\/lv\/#organization"},"potentialAction":[{"@type":"SearchAction","target":{"@type":"EntryPoint","urlTemplate":"https:\/\/hobstop.ee\/lv\/?s={search_term_string}"},"query-input":{"@type":"PropertyValueSpecification","valueRequired":true,"valueName":"search_term_string"}}],"inLanguage":"lv-LV"},{"@type":"Organization","@id":"https:\/\/hobstop.ee\/lv\/#organization","name":"Vunder AS","url":"https:\/\/hobstop.ee\/lv\/","logo":{"@type":"ImageObject","inLanguage":"lv-LV","@id":"https:\/\/hobstop.ee\/lv\/#\/schema\/logo\/image\/","url":"https:\/\/hobstop.ee\/media\/vunder-logo.png","contentUrl":"https:\/\/hobstop.ee\/media\/vunder-logo.png","width":127,"height":55,"caption":"Vunder AS"},"image":{"@id":"https:\/\/hobstop.ee\/lv\/#\/schema\/logo\/image\/"},"sameAs":["http:\/\/www.facebook.com\/VunderSkizze"]}]}},"_links":{"self":[{"href":"https:\/\/hobstop.ee\/lv\/wp-json\/wp\/v2\/product\/341159","targetHints":{"allow":["GET"]}}],"collection":[{"href":"https:\/\/hobstop.ee\/lv\/wp-json\/wp\/v2\/product"}],"about":[{"href":"https:\/\/hobstop.ee\/lv\/wp-json\/wp\/v2\/types\/product"}],"replies":[{"embeddable":true,"href":"https:\/\/hobstop.ee\/lv\/wp-json\/wp\/v2\/comments?post=341159"}],"wp:featuredmedia":[{"embeddable":true,"href":"https:\/\/hobstop.ee\/lv\/wp-json\/wp\/v2\/media\/353527"}],"wp:attachment":[{"href":"https:\/\/hobstop.ee\/lv\/wp-json\/wp\/v2\/media?parent=341159"}],"wp:term":[{"taxonomy":"product_cat","embeddable":true,"href":"https:\/\/hobstop.ee\/lv\/wp-json\/wp\/v2\/product_cat?post=341159"},{"taxonomy":"product_tag","embeddable":true,"href":"https:\/\/hobstop.ee\/lv\/wp-json\/wp\/v2\/product_tag?post=341159"}],"curies":[{"name":"wp","href":"https:\/\/api.w.org\/{rel}","templated":true}]}}