{"id":341775,"date":"2020-04-01T16:59:23","date_gmt":"2020-04-01T13:59:23","guid":{"rendered":"https:\/\/sharks.ee\/vunder_2019\/?post_type=product&#038;p=341775"},"modified":"2020-04-01T16:59:36","modified_gmt":"2020-04-01T13:59:36","slug":"koka-pastkartina-rayher","status":"publish","type":"product","link":"https:\/\/hobstop.ee\/lv\/produkts\/koka-pastkartina-rayher\/","title":{"rendered":"Koka pastkarti\u0146a Rayher"},"content":{"rendered":"<p>Koka pastkarte &#8211; unik\u0101ls veids lai dal\u012btos ar draugiem un m\u012b\u013cajiem cilv\u0113kiem ar saviem piedz\u012bvojumiem atmi\u0146\u0101m un sveicieniem. Veidojiet to k\u0101 J\u016bs v\u0113laties, izmantojot da\u017e\u0101dus materi\u0101lus un r\u012bkus, piem. kr\u0101sas, trafar\u0113tus, pirogr\u0101fu utt. Uzrakstus var veikt ar visa veida mar\u0137ieriem, pildspalv\u0101m un z\u012bmu\u013ciem. \u0160\u0101du pastkarti var dro\u0161i s\u016bt\u012bt pa pastu, jo viena gabala svars ir 31,5g.<\/p>\n","protected":false},"excerpt":{"rendered":"<p>Koka pastkarte &#8211; unik\u0101ls veids lai dal\u012btos ar draugiem un m\u012b\u013cajiem cilv\u0113kiem ar saviem piedz\u012bvojumiem atmi\u0146\u0101m un sveicieniem. Veidojiet to k\u0101 J\u016bs v\u0113laties, izmantojot da\u017e\u0101dus materi\u0101lus un r\u012bkus, piem. kr\u0101sas, trafar\u0113tus, pirogr\u0101fu utt. Uzrakstus var veikt ar visa veida mar\u0137ieriem, pildspalv\u0101m un z\u012bmu\u013ciem. \u0160\u0101du pastkarti var dro\u0161i s\u016bt\u012bt pa pastu, jo viena gabala svars ir 31,5g.<\/p>\n","protected":false},"featured_media":353531,"comment_status":"closed","ping_status":"closed","template":"","meta":{"_acf_changed":false,"ep_exclude_from_search":false},"product_cat":[20361],"product_tag":[],"class_list":{"0":"post-341775","1":"product","2":"type-product","3":"status-publish","4":"has-post-thumbnail","6":"product_cat-maaramata","8":"first","9":"instock","10":"taxable","11":"shipping-taxable","12":"product-type-simple"},"acf":[],"yoast_head":"<!-- This site is optimized with the Yoast SEO plugin v24.1 - https:\/\/yoast.com\/wordpress\/plugins\/seo\/ -->\n<title>Koka pastkarti\u0146a Rayher &#8211; Skizze<\/title>\n<meta name=\"robots\" content=\"noindex, follow, max-snippet:-1, max-image-preview:large, max-video-preview:-1\" \/>\n<meta property=\"og:locale\" content=\"lv_LV\" \/>\n<meta property=\"og:type\" content=\"article\" \/>\n<meta property=\"og:title\" content=\"Koka pastkarti\u0146a Rayher &#8211; Skizze\" \/>\n<meta property=\"og:description\" content=\"Koka pastkarte &#8211; unik\u0101ls veids lai dal\u012btos ar draugiem un m\u012b\u013cajiem cilv\u0113kiem ar saviem piedz\u012bvojumiem atmi\u0146\u0101m un sveicieniem. Veidojiet to k\u0101 J\u016bs v\u0113laties, izmantojot da\u017e\u0101dus materi\u0101lus un r\u012bkus, piem. kr\u0101sas, trafar\u0113tus, pirogr\u0101fu utt. Uzrakstus var veikt ar visa veida mar\u0137ieriem, pildspalv\u0101m un z\u012bmu\u013ciem. \u0160\u0101du pastkarti var dro\u0161i s\u016bt\u012bt pa pastu, jo viena gabala svars ir 31,5g.\" \/>\n<meta property=\"og:url\" content=\"https:\/\/hobstop.ee\/lv\/produkts\/koka-pastkartina-rayher\/\" \/>\n<meta property=\"og:site_name\" content=\"Skizze\" \/>\n<meta property=\"article:publisher\" content=\"http:\/\/www.facebook.com\/VunderSkizze\" \/>\n<meta property=\"article:modified_time\" content=\"2020-04-01T13:59:36+00:00\" \/>\n<meta property=\"og:image\" content=\"https:\/\/hobstop.ee\/media\/5124.jpg\" \/>\n\t<meta property=\"og:image:width\" content=\"1024\" \/>\n\t<meta property=\"og:image:height\" content=\"768\" \/>\n\t<meta property=\"og:image:type\" content=\"image\/jpeg\" \/>\n<meta name=\"twitter:card\" content=\"summary_large_image\" \/>\n<script type=\"application\/ld+json\" class=\"yoast-schema-graph\">{\"@context\":\"https:\/\/schema.org\",\"@graph\":[{\"@type\":\"WebPage\",\"@id\":\"https:\/\/hobstop.ee\/lv\/produkts\/koka-pastkartina-rayher\/\",\"url\":\"https:\/\/hobstop.ee\/lv\/produkts\/koka-pastkartina-rayher\/\",\"name\":\"Koka pastkarti\u0146a Rayher &#8211; Skizze\",\"isPartOf\":{\"@id\":\"https:\/\/www.hobstop.ee\/lv\/#website\"},\"primaryImageOfPage\":{\"@id\":\"https:\/\/hobstop.ee\/lv\/produkts\/koka-pastkartina-rayher\/#primaryimage\"},\"image\":{\"@id\":\"https:\/\/hobstop.ee\/lv\/produkts\/koka-pastkartina-rayher\/#primaryimage\"},\"thumbnailUrl\":\"https:\/\/hobstop.ee\/media\/5124.jpg\",\"datePublished\":\"2020-04-01T13:59:23+00:00\",\"dateModified\":\"2020-04-01T13:59:36+00:00\",\"breadcrumb\":{\"@id\":\"https:\/\/hobstop.ee\/lv\/produkts\/koka-pastkartina-rayher\/#breadcrumb\"},\"inLanguage\":\"lv-LV\",\"potentialAction\":[{\"@type\":\"ReadAction\",\"target\":[\"https:\/\/hobstop.ee\/lv\/produkts\/koka-pastkartina-rayher\/\"]}]},{\"@type\":\"ImageObject\",\"inLanguage\":\"lv-LV\",\"@id\":\"https:\/\/hobstop.ee\/lv\/produkts\/koka-pastkartina-rayher\/#primaryimage\",\"url\":\"https:\/\/hobstop.ee\/media\/5124.jpg\",\"contentUrl\":\"https:\/\/hobstop.ee\/media\/5124.jpg\",\"width\":1024,\"height\":768},{\"@type\":\"BreadcrumbList\",\"@id\":\"https:\/\/hobstop.ee\/lv\/produkts\/koka-pastkartina-rayher\/#breadcrumb\",\"itemListElement\":[{\"@type\":\"ListItem\",\"position\":1,\"name\":\"Avaleht\",\"item\":\"https:\/\/www.hobstop.ee\/lv\/\"},{\"@type\":\"ListItem\",\"position\":2,\"name\":\"Veikals\",\"item\":\"https:\/\/www.hobstop.ee\/lv\/veikals\/\"},{\"@type\":\"ListItem\",\"position\":3,\"name\":\"Koka pastkarti\u0146a Rayher\"}]},{\"@type\":\"WebSite\",\"@id\":\"https:\/\/www.hobstop.ee\/lv\/#website\",\"url\":\"https:\/\/www.hobstop.ee\/lv\/\",\"name\":\"Skizze\",\"description\":\"M\u0101kslas, hobiju un skolas preces\",\"publisher\":{\"@id\":\"https:\/\/www.hobstop.ee\/lv\/#organization\"},\"potentialAction\":[{\"@type\":\"SearchAction\",\"target\":{\"@type\":\"EntryPoint\",\"urlTemplate\":\"https:\/\/www.hobstop.ee\/lv\/?s={search_term_string}\"},\"query-input\":{\"@type\":\"PropertyValueSpecification\",\"valueRequired\":true,\"valueName\":\"search_term_string\"}}],\"inLanguage\":\"lv-LV\"},{\"@type\":\"Organization\",\"@id\":\"https:\/\/www.hobstop.ee\/lv\/#organization\",\"name\":\"Vunder AS\",\"url\":\"https:\/\/www.hobstop.ee\/lv\/\",\"logo\":{\"@type\":\"ImageObject\",\"inLanguage\":\"lv-LV\",\"@id\":\"https:\/\/www.hobstop.ee\/lv\/#\/schema\/logo\/image\/\",\"url\":\"https:\/\/hobstop.ee\/media\/vunder-logo.png\",\"contentUrl\":\"https:\/\/hobstop.ee\/media\/vunder-logo.png\",\"width\":127,\"height\":55,\"caption\":\"Vunder AS\"},\"image\":{\"@id\":\"https:\/\/www.hobstop.ee\/lv\/#\/schema\/logo\/image\/\"},\"sameAs\":[\"http:\/\/www.facebook.com\/VunderSkizze\"]}]}<\/script>\n<!-- \/ Yoast SEO plugin. -->","yoast_head_json":{"title":"Koka pastkarti\u0146a Rayher &#8211; Skizze","robots":{"index":"noindex","follow":"follow","max-snippet":"max-snippet:-1","max-image-preview":"max-image-preview:large","max-video-preview":"max-video-preview:-1"},"og_locale":"lv_LV","og_type":"article","og_title":"Koka pastkarti\u0146a Rayher &#8211; Skizze","og_description":"Koka pastkarte &#8211; unik\u0101ls veids lai dal\u012btos ar draugiem un m\u012b\u013cajiem cilv\u0113kiem ar saviem piedz\u012bvojumiem atmi\u0146\u0101m un sveicieniem. Veidojiet to k\u0101 J\u016bs v\u0113laties, izmantojot da\u017e\u0101dus materi\u0101lus un r\u012bkus, piem. kr\u0101sas, trafar\u0113tus, pirogr\u0101fu utt. Uzrakstus var veikt ar visa veida mar\u0137ieriem, pildspalv\u0101m un z\u012bmu\u013ciem. \u0160\u0101du pastkarti var dro\u0161i s\u016bt\u012bt pa pastu, jo viena gabala svars ir 31,5g.","og_url":"https:\/\/hobstop.ee\/lv\/produkts\/koka-pastkartina-rayher\/","og_site_name":"Skizze","article_publisher":"http:\/\/www.facebook.com\/VunderSkizze","article_modified_time":"2020-04-01T13:59:36+00:00","og_image":[{"width":1024,"height":768,"url":"https:\/\/hobstop.ee\/media\/5124.jpg","type":"image\/jpeg"}],"twitter_card":"summary_large_image","schema":{"@context":"https:\/\/schema.org","@graph":[{"@type":"WebPage","@id":"https:\/\/hobstop.ee\/lv\/produkts\/koka-pastkartina-rayher\/","url":"https:\/\/hobstop.ee\/lv\/produkts\/koka-pastkartina-rayher\/","name":"Koka pastkarti\u0146a Rayher &#8211; Skizze","isPartOf":{"@id":"https:\/\/www.hobstop.ee\/lv\/#website"},"primaryImageOfPage":{"@id":"https:\/\/hobstop.ee\/lv\/produkts\/koka-pastkartina-rayher\/#primaryimage"},"image":{"@id":"https:\/\/hobstop.ee\/lv\/produkts\/koka-pastkartina-rayher\/#primaryimage"},"thumbnailUrl":"https:\/\/hobstop.ee\/media\/5124.jpg","datePublished":"2020-04-01T13:59:23+00:00","dateModified":"2020-04-01T13:59:36+00:00","breadcrumb":{"@id":"https:\/\/hobstop.ee\/lv\/produkts\/koka-pastkartina-rayher\/#breadcrumb"},"inLanguage":"lv-LV","potentialAction":[{"@type":"ReadAction","target":["https:\/\/hobstop.ee\/lv\/produkts\/koka-pastkartina-rayher\/"]}]},{"@type":"ImageObject","inLanguage":"lv-LV","@id":"https:\/\/hobstop.ee\/lv\/produkts\/koka-pastkartina-rayher\/#primaryimage","url":"https:\/\/hobstop.ee\/media\/5124.jpg","contentUrl":"https:\/\/hobstop.ee\/media\/5124.jpg","width":1024,"height":768},{"@type":"BreadcrumbList","@id":"https:\/\/hobstop.ee\/lv\/produkts\/koka-pastkartina-rayher\/#breadcrumb","itemListElement":[{"@type":"ListItem","position":1,"name":"Avaleht","item":"https:\/\/www.hobstop.ee\/lv\/"},{"@type":"ListItem","position":2,"name":"Veikals","item":"https:\/\/www.hobstop.ee\/lv\/veikals\/"},{"@type":"ListItem","position":3,"name":"Koka pastkarti\u0146a Rayher"}]},{"@type":"WebSite","@id":"https:\/\/www.hobstop.ee\/lv\/#website","url":"https:\/\/www.hobstop.ee\/lv\/","name":"Skizze","description":"M\u0101kslas, hobiju un skolas preces","publisher":{"@id":"https:\/\/www.hobstop.ee\/lv\/#organization"},"potentialAction":[{"@type":"SearchAction","target":{"@type":"EntryPoint","urlTemplate":"https:\/\/www.hobstop.ee\/lv\/?s={search_term_string}"},"query-input":{"@type":"PropertyValueSpecification","valueRequired":true,"valueName":"search_term_string"}}],"inLanguage":"lv-LV"},{"@type":"Organization","@id":"https:\/\/www.hobstop.ee\/lv\/#organization","name":"Vunder AS","url":"https:\/\/www.hobstop.ee\/lv\/","logo":{"@type":"ImageObject","inLanguage":"lv-LV","@id":"https:\/\/www.hobstop.ee\/lv\/#\/schema\/logo\/image\/","url":"https:\/\/hobstop.ee\/media\/vunder-logo.png","contentUrl":"https:\/\/hobstop.ee\/media\/vunder-logo.png","width":127,"height":55,"caption":"Vunder AS"},"image":{"@id":"https:\/\/www.hobstop.ee\/lv\/#\/schema\/logo\/image\/"},"sameAs":["http:\/\/www.facebook.com\/VunderSkizze"]}]}},"_links":{"self":[{"href":"https:\/\/hobstop.ee\/lv\/wp-json\/wp\/v2\/product\/341775","targetHints":{"allow":["GET"]}}],"collection":[{"href":"https:\/\/hobstop.ee\/lv\/wp-json\/wp\/v2\/product"}],"about":[{"href":"https:\/\/hobstop.ee\/lv\/wp-json\/wp\/v2\/types\/product"}],"replies":[{"embeddable":true,"href":"https:\/\/hobstop.ee\/lv\/wp-json\/wp\/v2\/comments?post=341775"}],"wp:featuredmedia":[{"embeddable":true,"href":"https:\/\/hobstop.ee\/lv\/wp-json\/wp\/v2\/media\/353531"}],"wp:attachment":[{"href":"https:\/\/hobstop.ee\/lv\/wp-json\/wp\/v2\/media?parent=341775"}],"wp:term":[{"taxonomy":"product_cat","embeddable":true,"href":"https:\/\/hobstop.ee\/lv\/wp-json\/wp\/v2\/product_cat?post=341775"},{"taxonomy":"product_tag","embeddable":true,"href":"https:\/\/hobstop.ee\/lv\/wp-json\/wp\/v2\/product_tag?post=341775"}],"curies":[{"name":"wp","href":"https:\/\/api.w.org\/{rel}","templated":true}]}}