{"id":341941,"date":"2021-08-06T15:09:29","date_gmt":"2021-08-06T12:09:29","guid":{"rendered":"https:\/\/sharks.ee\/vunder_2019\/?post_type=product&#038;p=341941"},"modified":"2021-08-06T15:09:29","modified_gmt":"2021-08-06T12:09:29","slug":"tinsu-komplekts-sennelier-artist","status":"publish","type":"product","link":"https:\/\/hobstop.ee\/lv\/produkts\/tinsu-komplekts-sennelier-artist\/","title":{"rendered":"Tin\u0161u komplekts Sennelier Artist"},"content":{"rendered":"<p>Sennelier Artist tintes, kas ir l\u012bdz\u012bgas Indijas tint\u0113m, ir pieejamas augstas kvalit\u0101tes kr\u0101s\u0101s. \u012apa\u0161i bag\u0101t\u012bg\u0101s tintes tiek ra\u017eotas ar \u0161ellaka sve\u0137iem, pie\u0161\u0137irot katrai kr\u0101sai unik\u0101lu mirdzumu, spilgtumu un intensit\u0101ti. T\u0101s var uzkl\u0101t ar otu vai tintes pildspalvu un rad\u012bt pl\u0113vi, kas, atkar\u012bb\u0101 no biezuma, l\u012bdzin\u0101s sat\u012bna smalkumam vai k\u013c\u016bst izteikti spo\u017ea. T\u0101s \u0101tri iz\u017e\u016bst un t\u0101m ir augsta \u016bdens iztur\u012bbas pak\u0101pe, proti, t\u0101s nav neizdz\u0113\u0161amas. Ide\u0101li piem\u0113rotas kaligr\u0101fijai, izmanto\u0161anai ar ot\u0101m un spalvask\u0101tu, pludin\u0101jumu veido\u0161anai un tekstilizstr\u0101d\u0101jumu apstr\u0101dei. Sennelier Indian Ink ir tradicion\u0101l\u0101 neizdz\u0113\u0161am\u0101 tinte izteikti meln\u0101 kr\u0101s\u0101 ar izcilu bl\u012bvumu un notur\u012bbu pret gaismu. Da\u017e\u0101du pludin\u0101jumu veido\u0161anai at\u0161\u0137aid\u012bt ar \u016bdeni.<\/p>\n","protected":false},"excerpt":{"rendered":"<p>Sennelier Artist tintes, kas ir l\u012bdz\u012bgas Indijas tint\u0113m, ir pieejamas augstas kvalit\u0101tes kr\u0101s\u0101s. \u012apa\u0161i bag\u0101t\u012bg\u0101s tintes tiek ra\u017eotas ar \u0161ellaka sve\u0137iem, pie\u0161\u0137irot katrai kr\u0101sai unik\u0101lu mirdzumu, spilgtumu un intensit\u0101ti. T\u0101s var uzkl\u0101t ar otu vai tintes pildspalvu un rad\u012bt pl\u0113vi, kas, atkar\u012bb\u0101 no biezuma, l\u012bdzin\u0101s sat\u012bna smalkumam vai k\u013c\u016bst izteikti spo\u017ea. T\u0101s \u0101tri iz\u017e\u016bst un t\u0101m ir augsta \u016bdens iztur\u012bbas pak\u0101pe, proti, t\u0101s nav neizdz\u0113\u0161amas. Ide\u0101li piem\u0113rotas kaligr\u0101fijai, izmanto\u0161anai ar ot\u0101m un spalvask\u0101tu, pludin\u0101jumu veido\u0161anai un tekstilizstr\u0101d\u0101jumu apstr\u0101dei. Sennelier Indian Ink ir tradicion\u0101l\u0101 neizdz\u0113\u0161am\u0101 tinte izteikti meln\u0101 kr\u0101s\u0101 ar izcilu bl\u012bvumu un notur\u012bbu pret gaismu. Da\u017e\u0101du pludin\u0101jumu veido\u0161anai at\u0161\u0137aid\u012bt ar \u016bdeni.<\/p>\n","protected":false},"featured_media":353579,"comment_status":"closed","ping_status":"closed","template":"","meta":{"_acf_changed":false,"ep_exclude_from_search":false},"product_cat":[20361],"product_tag":[],"class_list":{"0":"post-341941","1":"product","2":"type-product","3":"status-publish","4":"has-post-thumbnail","6":"product_cat-maaramata","8":"first","9":"instock","10":"taxable","11":"shipping-taxable","12":"product-type-simple"},"acf":[],"yoast_head":"<!-- This site is optimized with the Yoast SEO plugin v24.1 - https:\/\/yoast.com\/wordpress\/plugins\/seo\/ -->\n<title>Tin\u0161u komplekts Sennelier Artist &#8211; Skizze<\/title>\n<meta name=\"robots\" content=\"noindex, follow, max-snippet:-1, max-image-preview:large, max-video-preview:-1\" \/>\n<meta property=\"og:locale\" content=\"lv_LV\" \/>\n<meta property=\"og:type\" content=\"article\" \/>\n<meta property=\"og:title\" content=\"Tin\u0161u komplekts Sennelier Artist &#8211; Skizze\" \/>\n<meta property=\"og:description\" content=\"Sennelier Artist tintes, kas ir l\u012bdz\u012bgas Indijas tint\u0113m, ir pieejamas augstas kvalit\u0101tes kr\u0101s\u0101s. \u012apa\u0161i bag\u0101t\u012bg\u0101s tintes tiek ra\u017eotas ar \u0161ellaka sve\u0137iem, pie\u0161\u0137irot katrai kr\u0101sai unik\u0101lu mirdzumu, spilgtumu un intensit\u0101ti. T\u0101s var uzkl\u0101t ar otu vai tintes pildspalvu un rad\u012bt pl\u0113vi, kas, atkar\u012bb\u0101 no biezuma, l\u012bdzin\u0101s sat\u012bna smalkumam vai k\u013c\u016bst izteikti spo\u017ea. T\u0101s \u0101tri iz\u017e\u016bst un t\u0101m ir augsta \u016bdens iztur\u012bbas pak\u0101pe, proti, t\u0101s nav neizdz\u0113\u0161amas. Ide\u0101li piem\u0113rotas kaligr\u0101fijai, izmanto\u0161anai ar ot\u0101m un spalvask\u0101tu, pludin\u0101jumu veido\u0161anai un tekstilizstr\u0101d\u0101jumu apstr\u0101dei. Sennelier Indian Ink ir tradicion\u0101l\u0101 neizdz\u0113\u0161am\u0101 tinte izteikti meln\u0101 kr\u0101s\u0101 ar izcilu bl\u012bvumu un notur\u012bbu pret gaismu. Da\u017e\u0101du pludin\u0101jumu veido\u0161anai at\u0161\u0137aid\u012bt ar \u016bdeni.\" \/>\n<meta property=\"og:url\" content=\"https:\/\/hobstop.ee\/lv\/produkts\/tinsu-komplekts-sennelier-artist\/\" \/>\n<meta property=\"og:site_name\" content=\"Skizze\" \/>\n<meta property=\"article:publisher\" content=\"http:\/\/www.facebook.com\/VunderSkizze\" \/>\n<meta property=\"og:image\" content=\"https:\/\/hobstop.ee\/media\/5141.jpg\" \/>\n\t<meta property=\"og:image:width\" content=\"1024\" \/>\n\t<meta property=\"og:image:height\" content=\"768\" \/>\n\t<meta property=\"og:image:type\" content=\"image\/jpeg\" \/>\n<meta name=\"twitter:card\" content=\"summary_large_image\" \/>\n<meta name=\"twitter:label1\" content=\"Est. reading time\" \/>\n\t<meta name=\"twitter:data1\" content=\"1 min\u016b\u0161u\" \/>\n<script type=\"application\/ld+json\" class=\"yoast-schema-graph\">{\"@context\":\"https:\/\/schema.org\",\"@graph\":[{\"@type\":\"WebPage\",\"@id\":\"https:\/\/hobstop.ee\/lv\/produkts\/tinsu-komplekts-sennelier-artist\/\",\"url\":\"https:\/\/hobstop.ee\/lv\/produkts\/tinsu-komplekts-sennelier-artist\/\",\"name\":\"Tin\u0161u komplekts Sennelier Artist &#8211; Skizze\",\"isPartOf\":{\"@id\":\"https:\/\/www.hobstop.ee\/lv\/#website\"},\"primaryImageOfPage\":{\"@id\":\"https:\/\/hobstop.ee\/lv\/produkts\/tinsu-komplekts-sennelier-artist\/#primaryimage\"},\"image\":{\"@id\":\"https:\/\/hobstop.ee\/lv\/produkts\/tinsu-komplekts-sennelier-artist\/#primaryimage\"},\"thumbnailUrl\":\"https:\/\/hobstop.ee\/media\/5141.jpg\",\"datePublished\":\"2021-08-06T12:09:29+00:00\",\"dateModified\":\"2021-08-06T12:09:29+00:00\",\"breadcrumb\":{\"@id\":\"https:\/\/hobstop.ee\/lv\/produkts\/tinsu-komplekts-sennelier-artist\/#breadcrumb\"},\"inLanguage\":\"lv-LV\",\"potentialAction\":[{\"@type\":\"ReadAction\",\"target\":[\"https:\/\/hobstop.ee\/lv\/produkts\/tinsu-komplekts-sennelier-artist\/\"]}]},{\"@type\":\"ImageObject\",\"inLanguage\":\"lv-LV\",\"@id\":\"https:\/\/hobstop.ee\/lv\/produkts\/tinsu-komplekts-sennelier-artist\/#primaryimage\",\"url\":\"https:\/\/hobstop.ee\/media\/5141.jpg\",\"contentUrl\":\"https:\/\/hobstop.ee\/media\/5141.jpg\",\"width\":1024,\"height\":768},{\"@type\":\"BreadcrumbList\",\"@id\":\"https:\/\/hobstop.ee\/lv\/produkts\/tinsu-komplekts-sennelier-artist\/#breadcrumb\",\"itemListElement\":[{\"@type\":\"ListItem\",\"position\":1,\"name\":\"Avaleht\",\"item\":\"https:\/\/www.hobstop.ee\/lv\/\"},{\"@type\":\"ListItem\",\"position\":2,\"name\":\"Veikals\",\"item\":\"https:\/\/www.hobstop.ee\/lv\/veikals\/\"},{\"@type\":\"ListItem\",\"position\":3,\"name\":\"Tin\u0161u komplekts Sennelier Artist\"}]},{\"@type\":\"WebSite\",\"@id\":\"https:\/\/www.hobstop.ee\/lv\/#website\",\"url\":\"https:\/\/www.hobstop.ee\/lv\/\",\"name\":\"Skizze\",\"description\":\"M\u0101kslas, hobiju un skolas preces\",\"publisher\":{\"@id\":\"https:\/\/www.hobstop.ee\/lv\/#organization\"},\"potentialAction\":[{\"@type\":\"SearchAction\",\"target\":{\"@type\":\"EntryPoint\",\"urlTemplate\":\"https:\/\/www.hobstop.ee\/lv\/?s={search_term_string}\"},\"query-input\":{\"@type\":\"PropertyValueSpecification\",\"valueRequired\":true,\"valueName\":\"search_term_string\"}}],\"inLanguage\":\"lv-LV\"},{\"@type\":\"Organization\",\"@id\":\"https:\/\/www.hobstop.ee\/lv\/#organization\",\"name\":\"Vunder AS\",\"url\":\"https:\/\/www.hobstop.ee\/lv\/\",\"logo\":{\"@type\":\"ImageObject\",\"inLanguage\":\"lv-LV\",\"@id\":\"https:\/\/www.hobstop.ee\/lv\/#\/schema\/logo\/image\/\",\"url\":\"https:\/\/hobstop.ee\/media\/vunder-logo.png\",\"contentUrl\":\"https:\/\/hobstop.ee\/media\/vunder-logo.png\",\"width\":127,\"height\":55,\"caption\":\"Vunder AS\"},\"image\":{\"@id\":\"https:\/\/www.hobstop.ee\/lv\/#\/schema\/logo\/image\/\"},\"sameAs\":[\"http:\/\/www.facebook.com\/VunderSkizze\"]}]}<\/script>\n<!-- \/ Yoast SEO plugin. -->","yoast_head_json":{"title":"Tin\u0161u komplekts Sennelier Artist &#8211; Skizze","robots":{"index":"noindex","follow":"follow","max-snippet":"max-snippet:-1","max-image-preview":"max-image-preview:large","max-video-preview":"max-video-preview:-1"},"og_locale":"lv_LV","og_type":"article","og_title":"Tin\u0161u komplekts Sennelier Artist &#8211; Skizze","og_description":"Sennelier Artist tintes, kas ir l\u012bdz\u012bgas Indijas tint\u0113m, ir pieejamas augstas kvalit\u0101tes kr\u0101s\u0101s. \u012apa\u0161i bag\u0101t\u012bg\u0101s tintes tiek ra\u017eotas ar \u0161ellaka sve\u0137iem, pie\u0161\u0137irot katrai kr\u0101sai unik\u0101lu mirdzumu, spilgtumu un intensit\u0101ti. T\u0101s var uzkl\u0101t ar otu vai tintes pildspalvu un rad\u012bt pl\u0113vi, kas, atkar\u012bb\u0101 no biezuma, l\u012bdzin\u0101s sat\u012bna smalkumam vai k\u013c\u016bst izteikti spo\u017ea. T\u0101s \u0101tri iz\u017e\u016bst un t\u0101m ir augsta \u016bdens iztur\u012bbas pak\u0101pe, proti, t\u0101s nav neizdz\u0113\u0161amas. Ide\u0101li piem\u0113rotas kaligr\u0101fijai, izmanto\u0161anai ar ot\u0101m un spalvask\u0101tu, pludin\u0101jumu veido\u0161anai un tekstilizstr\u0101d\u0101jumu apstr\u0101dei. Sennelier Indian Ink ir tradicion\u0101l\u0101 neizdz\u0113\u0161am\u0101 tinte izteikti meln\u0101 kr\u0101s\u0101 ar izcilu bl\u012bvumu un notur\u012bbu pret gaismu. Da\u017e\u0101du pludin\u0101jumu veido\u0161anai at\u0161\u0137aid\u012bt ar \u016bdeni.","og_url":"https:\/\/hobstop.ee\/lv\/produkts\/tinsu-komplekts-sennelier-artist\/","og_site_name":"Skizze","article_publisher":"http:\/\/www.facebook.com\/VunderSkizze","og_image":[{"width":1024,"height":768,"url":"https:\/\/hobstop.ee\/media\/5141.jpg","type":"image\/jpeg"}],"twitter_card":"summary_large_image","twitter_misc":{"Est. reading time":"1 min\u016b\u0161u"},"schema":{"@context":"https:\/\/schema.org","@graph":[{"@type":"WebPage","@id":"https:\/\/hobstop.ee\/lv\/produkts\/tinsu-komplekts-sennelier-artist\/","url":"https:\/\/hobstop.ee\/lv\/produkts\/tinsu-komplekts-sennelier-artist\/","name":"Tin\u0161u komplekts Sennelier Artist &#8211; Skizze","isPartOf":{"@id":"https:\/\/www.hobstop.ee\/lv\/#website"},"primaryImageOfPage":{"@id":"https:\/\/hobstop.ee\/lv\/produkts\/tinsu-komplekts-sennelier-artist\/#primaryimage"},"image":{"@id":"https:\/\/hobstop.ee\/lv\/produkts\/tinsu-komplekts-sennelier-artist\/#primaryimage"},"thumbnailUrl":"https:\/\/hobstop.ee\/media\/5141.jpg","datePublished":"2021-08-06T12:09:29+00:00","dateModified":"2021-08-06T12:09:29+00:00","breadcrumb":{"@id":"https:\/\/hobstop.ee\/lv\/produkts\/tinsu-komplekts-sennelier-artist\/#breadcrumb"},"inLanguage":"lv-LV","potentialAction":[{"@type":"ReadAction","target":["https:\/\/hobstop.ee\/lv\/produkts\/tinsu-komplekts-sennelier-artist\/"]}]},{"@type":"ImageObject","inLanguage":"lv-LV","@id":"https:\/\/hobstop.ee\/lv\/produkts\/tinsu-komplekts-sennelier-artist\/#primaryimage","url":"https:\/\/hobstop.ee\/media\/5141.jpg","contentUrl":"https:\/\/hobstop.ee\/media\/5141.jpg","width":1024,"height":768},{"@type":"BreadcrumbList","@id":"https:\/\/hobstop.ee\/lv\/produkts\/tinsu-komplekts-sennelier-artist\/#breadcrumb","itemListElement":[{"@type":"ListItem","position":1,"name":"Avaleht","item":"https:\/\/www.hobstop.ee\/lv\/"},{"@type":"ListItem","position":2,"name":"Veikals","item":"https:\/\/www.hobstop.ee\/lv\/veikals\/"},{"@type":"ListItem","position":3,"name":"Tin\u0161u komplekts Sennelier Artist"}]},{"@type":"WebSite","@id":"https:\/\/www.hobstop.ee\/lv\/#website","url":"https:\/\/www.hobstop.ee\/lv\/","name":"Skizze","description":"M\u0101kslas, hobiju un skolas preces","publisher":{"@id":"https:\/\/www.hobstop.ee\/lv\/#organization"},"potentialAction":[{"@type":"SearchAction","target":{"@type":"EntryPoint","urlTemplate":"https:\/\/www.hobstop.ee\/lv\/?s={search_term_string}"},"query-input":{"@type":"PropertyValueSpecification","valueRequired":true,"valueName":"search_term_string"}}],"inLanguage":"lv-LV"},{"@type":"Organization","@id":"https:\/\/www.hobstop.ee\/lv\/#organization","name":"Vunder AS","url":"https:\/\/www.hobstop.ee\/lv\/","logo":{"@type":"ImageObject","inLanguage":"lv-LV","@id":"https:\/\/www.hobstop.ee\/lv\/#\/schema\/logo\/image\/","url":"https:\/\/hobstop.ee\/media\/vunder-logo.png","contentUrl":"https:\/\/hobstop.ee\/media\/vunder-logo.png","width":127,"height":55,"caption":"Vunder AS"},"image":{"@id":"https:\/\/www.hobstop.ee\/lv\/#\/schema\/logo\/image\/"},"sameAs":["http:\/\/www.facebook.com\/VunderSkizze"]}]}},"_links":{"self":[{"href":"https:\/\/hobstop.ee\/lv\/wp-json\/wp\/v2\/product\/341941","targetHints":{"allow":["GET"]}}],"collection":[{"href":"https:\/\/hobstop.ee\/lv\/wp-json\/wp\/v2\/product"}],"about":[{"href":"https:\/\/hobstop.ee\/lv\/wp-json\/wp\/v2\/types\/product"}],"replies":[{"embeddable":true,"href":"https:\/\/hobstop.ee\/lv\/wp-json\/wp\/v2\/comments?post=341941"}],"wp:featuredmedia":[{"embeddable":true,"href":"https:\/\/hobstop.ee\/lv\/wp-json\/wp\/v2\/media\/353579"}],"wp:attachment":[{"href":"https:\/\/hobstop.ee\/lv\/wp-json\/wp\/v2\/media?parent=341941"}],"wp:term":[{"taxonomy":"product_cat","embeddable":true,"href":"https:\/\/hobstop.ee\/lv\/wp-json\/wp\/v2\/product_cat?post=341941"},{"taxonomy":"product_tag","embeddable":true,"href":"https:\/\/hobstop.ee\/lv\/wp-json\/wp\/v2\/product_tag?post=341941"}],"curies":[{"name":"wp","href":"https:\/\/api.w.org\/{rel}","templated":true}]}}