{"id":341961,"date":"2021-08-06T15:29:26","date_gmt":"2021-08-06T12:29:26","guid":{"rendered":"https:\/\/sharks.ee\/vunder_2019\/?post_type=product&#038;p=341961"},"modified":"2021-08-06T15:29:37","modified_gmt":"2021-08-06T12:29:37","slug":"ellas-pasteli-mg-arts","status":"publish","type":"product","link":"https:\/\/hobstop.ee\/lv\/produkts\/ellas-pasteli-mg-arts\/","title":{"rendered":"E\u013c\u013cas paste\u013ci M&#038;G Arts"},"content":{"rendered":"<p>M&#038;G Arts e\u013c\u013cas paste\u013ckr\u0101sas ir dom\u0101tas ies\u0101c\u0113jiem un m\u0101kslas cien\u012bt\u0101jiem, kuri savas rado\u0161\u0101s pasaules izpausmei nov\u0113rt\u0113 augstas kvalit\u0101tes m\u0101kslas materi\u0101lus par pie\u0146emamu cenu. Paste\u013ckr\u0101sas ar m\u012bkstu tekst\u016bru un labu p\u0101rkl\u0101jumu \u013cauj iedvesmoties ikvienam. Lai savam darbam pievienotu izteiksm\u012bgumu un kr\u0101su, M&#038;G Arts var izmantot ar\u012b, lai kr\u0101sotu ar e\u013c\u013cas paste\u013ciem \u012bpa\u0161i biezos sl\u0101\u0146os un sajaucot da\u017e\u0101dus to\u0146us. \u0160o kr\u0101su sast\u0101v\u0101 ir spilgti pigmenti, e\u013c\u013ca un vasks, un to bag\u0101t\u012bg\u0101 tekst\u016bra atg\u0101dina e\u013c\u013cas kr\u0101sas, \u013caujot vienm\u0113r\u012bgi sapl\u016bst ar\u012b terpent\u012bna p\u0101rej\u0101m un rad\u012bt e\u013c\u013cas glezniec\u012bbai l\u012bdz\u012bgus efektus un pat papildin\u0101jumus e\u013c\u013cas glezn\u0101m. Ikviens var b\u016bt m\u0101kslinieks!<\/p>\n","protected":false},"excerpt":{"rendered":"<p>M&#038;G Arts e\u013c\u013cas paste\u013ckr\u0101sas ir dom\u0101tas ies\u0101c\u0113jiem un m\u0101kslas cien\u012bt\u0101jiem, kuri savas rado\u0161\u0101s pasaules izpausmei nov\u0113rt\u0113 augstas kvalit\u0101tes m\u0101kslas materi\u0101lus par pie\u0146emamu cenu. Paste\u013ckr\u0101sas ar m\u012bkstu tekst\u016bru un labu p\u0101rkl\u0101jumu \u013cauj iedvesmoties ikvienam. Lai savam darbam pievienotu izteiksm\u012bgumu un kr\u0101su, M&#038;G Arts var izmantot ar\u012b, lai kr\u0101sotu ar e\u013c\u013cas paste\u013ciem \u012bpa\u0161i biezos sl\u0101\u0146os un sajaucot da\u017e\u0101dus to\u0146us. \u0160o kr\u0101su sast\u0101v\u0101 ir spilgti pigmenti, e\u013c\u013ca un vasks, un to bag\u0101t\u012bg\u0101 tekst\u016bra atg\u0101dina e\u013c\u013cas kr\u0101sas, \u013caujot vienm\u0113r\u012bgi sapl\u016bst ar\u012b terpent\u012bna p\u0101rej\u0101m un rad\u012bt e\u013c\u013cas glezniec\u012bbai l\u012bdz\u012bgus efektus un pat papildin\u0101jumus e\u013c\u013cas glezn\u0101m. Ikviens var b\u016bt m\u0101kslinieks!<\/p>\n","protected":false},"featured_media":353703,"comment_status":"closed","ping_status":"closed","template":"","meta":{"_acf_changed":false,"ep_exclude_from_search":false},"product_cat":[20361],"product_tag":[],"class_list":{"0":"post-341961","1":"product","2":"type-product","3":"status-publish","4":"has-post-thumbnail","6":"product_cat-maaramata","8":"first","9":"instock","10":"taxable","11":"shipping-taxable","12":"product-type-simple"},"acf":[],"yoast_head":"<!-- This site is optimized with the Yoast SEO plugin v24.1 - https:\/\/yoast.com\/wordpress\/plugins\/seo\/ -->\n<title>E\u013c\u013cas paste\u013ci M&amp;G Arts &#8211; Skizze<\/title>\n<meta name=\"robots\" content=\"noindex, follow, max-snippet:-1, max-image-preview:large, max-video-preview:-1\" \/>\n<meta property=\"og:locale\" content=\"lv_LV\" \/>\n<meta property=\"og:type\" content=\"article\" \/>\n<meta property=\"og:title\" content=\"E\u013c\u013cas paste\u013ci M&amp;G Arts &#8211; Skizze\" \/>\n<meta property=\"og:description\" content=\"M&#038;G Arts e\u013c\u013cas paste\u013ckr\u0101sas ir dom\u0101tas ies\u0101c\u0113jiem un m\u0101kslas cien\u012bt\u0101jiem, kuri savas rado\u0161\u0101s pasaules izpausmei nov\u0113rt\u0113 augstas kvalit\u0101tes m\u0101kslas materi\u0101lus par pie\u0146emamu cenu. Paste\u013ckr\u0101sas ar m\u012bkstu tekst\u016bru un labu p\u0101rkl\u0101jumu \u013cauj iedvesmoties ikvienam. Lai savam darbam pievienotu izteiksm\u012bgumu un kr\u0101su, M&#038;G Arts var izmantot ar\u012b, lai kr\u0101sotu ar e\u013c\u013cas paste\u013ciem \u012bpa\u0161i biezos sl\u0101\u0146os un sajaucot da\u017e\u0101dus to\u0146us. \u0160o kr\u0101su sast\u0101v\u0101 ir spilgti pigmenti, e\u013c\u013ca un vasks, un to bag\u0101t\u012bg\u0101 tekst\u016bra atg\u0101dina e\u013c\u013cas kr\u0101sas, \u013caujot vienm\u0113r\u012bgi sapl\u016bst ar\u012b terpent\u012bna p\u0101rej\u0101m un rad\u012bt e\u013c\u013cas glezniec\u012bbai l\u012bdz\u012bgus efektus un pat papildin\u0101jumus e\u013c\u013cas glezn\u0101m. Ikviens var b\u016bt m\u0101kslinieks!\" \/>\n<meta property=\"og:url\" content=\"https:\/\/hobstop.ee\/lv\/produkts\/ellas-pasteli-mg-arts\/\" \/>\n<meta property=\"og:site_name\" content=\"Skizze\" \/>\n<meta property=\"article:publisher\" content=\"http:\/\/www.facebook.com\/VunderSkizze\" \/>\n<meta property=\"article:modified_time\" content=\"2021-08-06T12:29:37+00:00\" \/>\n<meta property=\"og:image\" content=\"https:\/\/hobstop.ee\/media\/5158.jpg\" \/>\n\t<meta property=\"og:image:width\" content=\"1024\" \/>\n\t<meta property=\"og:image:height\" content=\"768\" \/>\n\t<meta property=\"og:image:type\" content=\"image\/jpeg\" \/>\n<meta name=\"twitter:card\" content=\"summary_large_image\" \/>\n<meta name=\"twitter:label1\" content=\"Est. reading time\" \/>\n\t<meta name=\"twitter:data1\" content=\"1 min\u016b\u0161u\" \/>\n<script type=\"application\/ld+json\" class=\"yoast-schema-graph\">{\"@context\":\"https:\/\/schema.org\",\"@graph\":[{\"@type\":\"WebPage\",\"@id\":\"https:\/\/hobstop.ee\/lv\/produkts\/ellas-pasteli-mg-arts\/\",\"url\":\"https:\/\/hobstop.ee\/lv\/produkts\/ellas-pasteli-mg-arts\/\",\"name\":\"E\u013c\u013cas paste\u013ci M&G Arts &#8211; Skizze\",\"isPartOf\":{\"@id\":\"https:\/\/hobstop.ee\/lv\/#website\"},\"primaryImageOfPage\":{\"@id\":\"https:\/\/hobstop.ee\/lv\/produkts\/ellas-pasteli-mg-arts\/#primaryimage\"},\"image\":{\"@id\":\"https:\/\/hobstop.ee\/lv\/produkts\/ellas-pasteli-mg-arts\/#primaryimage\"},\"thumbnailUrl\":\"https:\/\/hobstop.ee\/media\/5158.jpg\",\"datePublished\":\"2021-08-06T12:29:26+00:00\",\"dateModified\":\"2021-08-06T12:29:37+00:00\",\"breadcrumb\":{\"@id\":\"https:\/\/hobstop.ee\/lv\/produkts\/ellas-pasteli-mg-arts\/#breadcrumb\"},\"inLanguage\":\"lv-LV\",\"potentialAction\":[{\"@type\":\"ReadAction\",\"target\":[\"https:\/\/hobstop.ee\/lv\/produkts\/ellas-pasteli-mg-arts\/\"]}]},{\"@type\":\"ImageObject\",\"inLanguage\":\"lv-LV\",\"@id\":\"https:\/\/hobstop.ee\/lv\/produkts\/ellas-pasteli-mg-arts\/#primaryimage\",\"url\":\"https:\/\/hobstop.ee\/media\/5158.jpg\",\"contentUrl\":\"https:\/\/hobstop.ee\/media\/5158.jpg\",\"width\":1024,\"height\":768},{\"@type\":\"BreadcrumbList\",\"@id\":\"https:\/\/hobstop.ee\/lv\/produkts\/ellas-pasteli-mg-arts\/#breadcrumb\",\"itemListElement\":[{\"@type\":\"ListItem\",\"position\":1,\"name\":\"Avaleht\",\"item\":\"https:\/\/www.hobstop.ee\/lv\/\"},{\"@type\":\"ListItem\",\"position\":2,\"name\":\"Veikals\",\"item\":\"https:\/\/www.hobstop.ee\/lv\/veikals\/\"},{\"@type\":\"ListItem\",\"position\":3,\"name\":\"E\u013c\u013cas paste\u013ci M&#038;G Arts\"}]},{\"@type\":\"WebSite\",\"@id\":\"https:\/\/hobstop.ee\/lv\/#website\",\"url\":\"https:\/\/hobstop.ee\/lv\/\",\"name\":\"Skizze\",\"description\":\"M\u0101kslas, hobiju un skolas preces\",\"publisher\":{\"@id\":\"https:\/\/hobstop.ee\/lv\/#organization\"},\"potentialAction\":[{\"@type\":\"SearchAction\",\"target\":{\"@type\":\"EntryPoint\",\"urlTemplate\":\"https:\/\/hobstop.ee\/lv\/?s={search_term_string}\"},\"query-input\":{\"@type\":\"PropertyValueSpecification\",\"valueRequired\":true,\"valueName\":\"search_term_string\"}}],\"inLanguage\":\"lv-LV\"},{\"@type\":\"Organization\",\"@id\":\"https:\/\/hobstop.ee\/lv\/#organization\",\"name\":\"Vunder AS\",\"url\":\"https:\/\/hobstop.ee\/lv\/\",\"logo\":{\"@type\":\"ImageObject\",\"inLanguage\":\"lv-LV\",\"@id\":\"https:\/\/hobstop.ee\/lv\/#\/schema\/logo\/image\/\",\"url\":\"https:\/\/hobstop.ee\/media\/vunder-logo.png\",\"contentUrl\":\"https:\/\/hobstop.ee\/media\/vunder-logo.png\",\"width\":127,\"height\":55,\"caption\":\"Vunder AS\"},\"image\":{\"@id\":\"https:\/\/hobstop.ee\/lv\/#\/schema\/logo\/image\/\"},\"sameAs\":[\"http:\/\/www.facebook.com\/VunderSkizze\"]}]}<\/script>\n<!-- \/ Yoast SEO plugin. -->","yoast_head_json":{"title":"E\u013c\u013cas paste\u013ci M&G Arts &#8211; Skizze","robots":{"index":"noindex","follow":"follow","max-snippet":"max-snippet:-1","max-image-preview":"max-image-preview:large","max-video-preview":"max-video-preview:-1"},"og_locale":"lv_LV","og_type":"article","og_title":"E\u013c\u013cas paste\u013ci M&G Arts &#8211; Skizze","og_description":"M&#038;G Arts e\u013c\u013cas paste\u013ckr\u0101sas ir dom\u0101tas ies\u0101c\u0113jiem un m\u0101kslas cien\u012bt\u0101jiem, kuri savas rado\u0161\u0101s pasaules izpausmei nov\u0113rt\u0113 augstas kvalit\u0101tes m\u0101kslas materi\u0101lus par pie\u0146emamu cenu. Paste\u013ckr\u0101sas ar m\u012bkstu tekst\u016bru un labu p\u0101rkl\u0101jumu \u013cauj iedvesmoties ikvienam. Lai savam darbam pievienotu izteiksm\u012bgumu un kr\u0101su, M&#038;G Arts var izmantot ar\u012b, lai kr\u0101sotu ar e\u013c\u013cas paste\u013ciem \u012bpa\u0161i biezos sl\u0101\u0146os un sajaucot da\u017e\u0101dus to\u0146us. \u0160o kr\u0101su sast\u0101v\u0101 ir spilgti pigmenti, e\u013c\u013ca un vasks, un to bag\u0101t\u012bg\u0101 tekst\u016bra atg\u0101dina e\u013c\u013cas kr\u0101sas, \u013caujot vienm\u0113r\u012bgi sapl\u016bst ar\u012b terpent\u012bna p\u0101rej\u0101m un rad\u012bt e\u013c\u013cas glezniec\u012bbai l\u012bdz\u012bgus efektus un pat papildin\u0101jumus e\u013c\u013cas glezn\u0101m. Ikviens var b\u016bt m\u0101kslinieks!","og_url":"https:\/\/hobstop.ee\/lv\/produkts\/ellas-pasteli-mg-arts\/","og_site_name":"Skizze","article_publisher":"http:\/\/www.facebook.com\/VunderSkizze","article_modified_time":"2021-08-06T12:29:37+00:00","og_image":[{"width":1024,"height":768,"url":"https:\/\/hobstop.ee\/media\/5158.jpg","type":"image\/jpeg"}],"twitter_card":"summary_large_image","twitter_misc":{"Est. reading time":"1 min\u016b\u0161u"},"schema":{"@context":"https:\/\/schema.org","@graph":[{"@type":"WebPage","@id":"https:\/\/hobstop.ee\/lv\/produkts\/ellas-pasteli-mg-arts\/","url":"https:\/\/hobstop.ee\/lv\/produkts\/ellas-pasteli-mg-arts\/","name":"E\u013c\u013cas paste\u013ci M&G Arts &#8211; Skizze","isPartOf":{"@id":"https:\/\/hobstop.ee\/lv\/#website"},"primaryImageOfPage":{"@id":"https:\/\/hobstop.ee\/lv\/produkts\/ellas-pasteli-mg-arts\/#primaryimage"},"image":{"@id":"https:\/\/hobstop.ee\/lv\/produkts\/ellas-pasteli-mg-arts\/#primaryimage"},"thumbnailUrl":"https:\/\/hobstop.ee\/media\/5158.jpg","datePublished":"2021-08-06T12:29:26+00:00","dateModified":"2021-08-06T12:29:37+00:00","breadcrumb":{"@id":"https:\/\/hobstop.ee\/lv\/produkts\/ellas-pasteli-mg-arts\/#breadcrumb"},"inLanguage":"lv-LV","potentialAction":[{"@type":"ReadAction","target":["https:\/\/hobstop.ee\/lv\/produkts\/ellas-pasteli-mg-arts\/"]}]},{"@type":"ImageObject","inLanguage":"lv-LV","@id":"https:\/\/hobstop.ee\/lv\/produkts\/ellas-pasteli-mg-arts\/#primaryimage","url":"https:\/\/hobstop.ee\/media\/5158.jpg","contentUrl":"https:\/\/hobstop.ee\/media\/5158.jpg","width":1024,"height":768},{"@type":"BreadcrumbList","@id":"https:\/\/hobstop.ee\/lv\/produkts\/ellas-pasteli-mg-arts\/#breadcrumb","itemListElement":[{"@type":"ListItem","position":1,"name":"Avaleht","item":"https:\/\/www.hobstop.ee\/lv\/"},{"@type":"ListItem","position":2,"name":"Veikals","item":"https:\/\/www.hobstop.ee\/lv\/veikals\/"},{"@type":"ListItem","position":3,"name":"E\u013c\u013cas paste\u013ci M&#038;G Arts"}]},{"@type":"WebSite","@id":"https:\/\/hobstop.ee\/lv\/#website","url":"https:\/\/hobstop.ee\/lv\/","name":"Skizze","description":"M\u0101kslas, hobiju un skolas preces","publisher":{"@id":"https:\/\/hobstop.ee\/lv\/#organization"},"potentialAction":[{"@type":"SearchAction","target":{"@type":"EntryPoint","urlTemplate":"https:\/\/hobstop.ee\/lv\/?s={search_term_string}"},"query-input":{"@type":"PropertyValueSpecification","valueRequired":true,"valueName":"search_term_string"}}],"inLanguage":"lv-LV"},{"@type":"Organization","@id":"https:\/\/hobstop.ee\/lv\/#organization","name":"Vunder AS","url":"https:\/\/hobstop.ee\/lv\/","logo":{"@type":"ImageObject","inLanguage":"lv-LV","@id":"https:\/\/hobstop.ee\/lv\/#\/schema\/logo\/image\/","url":"https:\/\/hobstop.ee\/media\/vunder-logo.png","contentUrl":"https:\/\/hobstop.ee\/media\/vunder-logo.png","width":127,"height":55,"caption":"Vunder AS"},"image":{"@id":"https:\/\/hobstop.ee\/lv\/#\/schema\/logo\/image\/"},"sameAs":["http:\/\/www.facebook.com\/VunderSkizze"]}]}},"_links":{"self":[{"href":"https:\/\/hobstop.ee\/lv\/wp-json\/wp\/v2\/product\/341961","targetHints":{"allow":["GET"]}}],"collection":[{"href":"https:\/\/hobstop.ee\/lv\/wp-json\/wp\/v2\/product"}],"about":[{"href":"https:\/\/hobstop.ee\/lv\/wp-json\/wp\/v2\/types\/product"}],"replies":[{"embeddable":true,"href":"https:\/\/hobstop.ee\/lv\/wp-json\/wp\/v2\/comments?post=341961"}],"wp:featuredmedia":[{"embeddable":true,"href":"https:\/\/hobstop.ee\/lv\/wp-json\/wp\/v2\/media\/353703"}],"wp:attachment":[{"href":"https:\/\/hobstop.ee\/lv\/wp-json\/wp\/v2\/media?parent=341961"}],"wp:term":[{"taxonomy":"product_cat","embeddable":true,"href":"https:\/\/hobstop.ee\/lv\/wp-json\/wp\/v2\/product_cat?post=341961"},{"taxonomy":"product_tag","embeddable":true,"href":"https:\/\/hobstop.ee\/lv\/wp-json\/wp\/v2\/product_tag?post=341961"}],"curies":[{"name":"wp","href":"https:\/\/api.w.org\/{rel}","templated":true}]}}