{"id":341981,"date":"2021-08-06T15:17:53","date_gmt":"2021-08-06T12:17:53","guid":{"rendered":"https:\/\/sharks.ee\/vunder_2019\/?post_type=product&#038;p=341981"},"modified":"2021-08-06T15:17:53","modified_gmt":"2021-08-06T12:17:53","slug":"cirkulis-kaste-maped-no308","status":"publish","type":"product","link":"https:\/\/hobstop.ee\/lv\/produkts\/cirkulis-kaste-maped-no308\/","title":{"rendered":"Cirkulis kast\u0113 Maped No308"},"content":{"rendered":"<p>Maped N\u00b0308 ir tehniskais cirkulis ir izstr\u0101d\u0101ts t\u0101, lai atbilstu visaugst\u0101kaj\u0101m precizit\u0101tes un uzticam\u012bbas pras\u012bb\u0101m. T\u0101 \u201cloc\u012btavu\u201d savienojums nodro\u0161ina l\u012bnijas stabilit\u0101ti un precizit\u0101ti.   Maksim\u0101lais diametrs sast\u0101da 30 cm. Lieliski piem\u0113rots studentiem un profesion\u0101\u013ciem, kuri mekl\u0113 kvalitat\u012bvu un iztur\u012bgu cirkuli. <\/p>\n<p>Komplekt\u0101 ietilpst:<br \/>\nMapped classic tehniskais cirkulis<br \/>\nRezerves graf\u012bts<br \/>\nAdapters<br \/>\nRezerves skr\u016bve<\/p>\n","protected":false},"excerpt":{"rendered":"<p>Maped N\u00b0308 ir tehniskais cirkulis ir izstr\u0101d\u0101ts t\u0101, lai atbilstu visaugst\u0101kaj\u0101m precizit\u0101tes un uzticam\u012bbas pras\u012bb\u0101m. T\u0101 \u201cloc\u012btavu\u201d savienojums nodro\u0161ina l\u012bnijas stabilit\u0101ti un precizit\u0101ti. Maksim\u0101lais diametrs sast\u0101da 30 cm. Lieliski piem\u0113rots studentiem un profesion\u0101\u013ciem, kuri mekl\u0113 kvalitat\u012bvu un iztur\u012bgu cirkuli. Komplekt\u0101 ietilpst: Mapped classic tehniskais cirkulis Rezerves graf\u012bts Adapters Rezerves skr\u016bve<\/p>\n","protected":false},"featured_media":354391,"comment_status":"closed","ping_status":"closed","template":"","meta":{"_acf_changed":false,"ep_exclude_from_search":false},"product_cat":[20361],"product_tag":[],"class_list":{"0":"post-341981","1":"product","2":"type-product","3":"status-publish","4":"has-post-thumbnail","6":"product_cat-maaramata","8":"first","9":"instock","10":"taxable","11":"shipping-taxable","12":"product-type-simple"},"acf":[],"yoast_head":"<!-- This site is optimized with the Yoast SEO plugin v24.1 - https:\/\/yoast.com\/wordpress\/plugins\/seo\/ -->\n<title>Cirkulis kast\u0113 Maped No308 &#8211; Skizze<\/title>\n<meta name=\"robots\" content=\"noindex, follow, max-snippet:-1, max-image-preview:large, max-video-preview:-1\" \/>\n<meta property=\"og:locale\" content=\"lv_LV\" \/>\n<meta property=\"og:type\" content=\"article\" \/>\n<meta property=\"og:title\" content=\"Cirkulis kast\u0113 Maped No308 &#8211; Skizze\" \/>\n<meta property=\"og:description\" content=\"Maped N\u00b0308 ir tehniskais cirkulis ir izstr\u0101d\u0101ts t\u0101, lai atbilstu visaugst\u0101kaj\u0101m precizit\u0101tes un uzticam\u012bbas pras\u012bb\u0101m. T\u0101 \u201cloc\u012btavu\u201d savienojums nodro\u0161ina l\u012bnijas stabilit\u0101ti un precizit\u0101ti. Maksim\u0101lais diametrs sast\u0101da 30 cm. Lieliski piem\u0113rots studentiem un profesion\u0101\u013ciem, kuri mekl\u0113 kvalitat\u012bvu un iztur\u012bgu cirkuli. Komplekt\u0101 ietilpst: Mapped classic tehniskais cirkulis Rezerves graf\u012bts Adapters Rezerves skr\u016bve\" \/>\n<meta property=\"og:url\" content=\"https:\/\/hobstop.ee\/lv\/produkts\/cirkulis-kaste-maped-no308\/\" \/>\n<meta property=\"og:site_name\" content=\"Skizze\" \/>\n<meta property=\"article:publisher\" content=\"http:\/\/www.facebook.com\/VunderSkizze\" \/>\n<meta property=\"og:image\" content=\"https:\/\/hobstop.ee\/media\/5188.jpg\" \/>\n\t<meta property=\"og:image:width\" content=\"1024\" \/>\n\t<meta property=\"og:image:height\" content=\"768\" \/>\n\t<meta property=\"og:image:type\" content=\"image\/jpeg\" \/>\n<meta name=\"twitter:card\" content=\"summary_large_image\" \/>\n<script type=\"application\/ld+json\" class=\"yoast-schema-graph\">{\"@context\":\"https:\/\/schema.org\",\"@graph\":[{\"@type\":\"WebPage\",\"@id\":\"https:\/\/hobstop.ee\/lv\/produkts\/cirkulis-kaste-maped-no308\/\",\"url\":\"https:\/\/hobstop.ee\/lv\/produkts\/cirkulis-kaste-maped-no308\/\",\"name\":\"Cirkulis kast\u0113 Maped No308 &#8211; Skizze\",\"isPartOf\":{\"@id\":\"https:\/\/hobstop.ee\/lv\/#website\"},\"primaryImageOfPage\":{\"@id\":\"https:\/\/hobstop.ee\/lv\/produkts\/cirkulis-kaste-maped-no308\/#primaryimage\"},\"image\":{\"@id\":\"https:\/\/hobstop.ee\/lv\/produkts\/cirkulis-kaste-maped-no308\/#primaryimage\"},\"thumbnailUrl\":\"https:\/\/hobstop.ee\/media\/5188.jpg\",\"datePublished\":\"2021-08-06T12:17:53+00:00\",\"dateModified\":\"2021-08-06T12:17:53+00:00\",\"breadcrumb\":{\"@id\":\"https:\/\/hobstop.ee\/lv\/produkts\/cirkulis-kaste-maped-no308\/#breadcrumb\"},\"inLanguage\":\"lv-LV\",\"potentialAction\":[{\"@type\":\"ReadAction\",\"target\":[\"https:\/\/hobstop.ee\/lv\/produkts\/cirkulis-kaste-maped-no308\/\"]}]},{\"@type\":\"ImageObject\",\"inLanguage\":\"lv-LV\",\"@id\":\"https:\/\/hobstop.ee\/lv\/produkts\/cirkulis-kaste-maped-no308\/#primaryimage\",\"url\":\"https:\/\/hobstop.ee\/media\/5188.jpg\",\"contentUrl\":\"https:\/\/hobstop.ee\/media\/5188.jpg\",\"width\":1024,\"height\":768},{\"@type\":\"BreadcrumbList\",\"@id\":\"https:\/\/hobstop.ee\/lv\/produkts\/cirkulis-kaste-maped-no308\/#breadcrumb\",\"itemListElement\":[{\"@type\":\"ListItem\",\"position\":1,\"name\":\"Avaleht\",\"item\":\"https:\/\/www.hobstop.ee\/lv\/\"},{\"@type\":\"ListItem\",\"position\":2,\"name\":\"Veikals\",\"item\":\"https:\/\/www.hobstop.ee\/lv\/veikals\/\"},{\"@type\":\"ListItem\",\"position\":3,\"name\":\"Cirkulis kast\u0113 Maped No308\"}]},{\"@type\":\"WebSite\",\"@id\":\"https:\/\/hobstop.ee\/lv\/#website\",\"url\":\"https:\/\/hobstop.ee\/lv\/\",\"name\":\"Skizze\",\"description\":\"M\u0101kslas, hobiju un skolas preces\",\"publisher\":{\"@id\":\"https:\/\/hobstop.ee\/lv\/#organization\"},\"potentialAction\":[{\"@type\":\"SearchAction\",\"target\":{\"@type\":\"EntryPoint\",\"urlTemplate\":\"https:\/\/hobstop.ee\/lv\/?s={search_term_string}\"},\"query-input\":{\"@type\":\"PropertyValueSpecification\",\"valueRequired\":true,\"valueName\":\"search_term_string\"}}],\"inLanguage\":\"lv-LV\"},{\"@type\":\"Organization\",\"@id\":\"https:\/\/hobstop.ee\/lv\/#organization\",\"name\":\"Vunder AS\",\"url\":\"https:\/\/hobstop.ee\/lv\/\",\"logo\":{\"@type\":\"ImageObject\",\"inLanguage\":\"lv-LV\",\"@id\":\"https:\/\/hobstop.ee\/lv\/#\/schema\/logo\/image\/\",\"url\":\"https:\/\/hobstop.ee\/media\/vunder-logo.png\",\"contentUrl\":\"https:\/\/hobstop.ee\/media\/vunder-logo.png\",\"width\":127,\"height\":55,\"caption\":\"Vunder AS\"},\"image\":{\"@id\":\"https:\/\/hobstop.ee\/lv\/#\/schema\/logo\/image\/\"},\"sameAs\":[\"http:\/\/www.facebook.com\/VunderSkizze\"]}]}<\/script>\n<!-- \/ Yoast SEO plugin. -->","yoast_head_json":{"title":"Cirkulis kast\u0113 Maped No308 &#8211; Skizze","robots":{"index":"noindex","follow":"follow","max-snippet":"max-snippet:-1","max-image-preview":"max-image-preview:large","max-video-preview":"max-video-preview:-1"},"og_locale":"lv_LV","og_type":"article","og_title":"Cirkulis kast\u0113 Maped No308 &#8211; Skizze","og_description":"Maped N\u00b0308 ir tehniskais cirkulis ir izstr\u0101d\u0101ts t\u0101, lai atbilstu visaugst\u0101kaj\u0101m precizit\u0101tes un uzticam\u012bbas pras\u012bb\u0101m. T\u0101 \u201cloc\u012btavu\u201d savienojums nodro\u0161ina l\u012bnijas stabilit\u0101ti un precizit\u0101ti. Maksim\u0101lais diametrs sast\u0101da 30 cm. Lieliski piem\u0113rots studentiem un profesion\u0101\u013ciem, kuri mekl\u0113 kvalitat\u012bvu un iztur\u012bgu cirkuli. Komplekt\u0101 ietilpst: Mapped classic tehniskais cirkulis Rezerves graf\u012bts Adapters Rezerves skr\u016bve","og_url":"https:\/\/hobstop.ee\/lv\/produkts\/cirkulis-kaste-maped-no308\/","og_site_name":"Skizze","article_publisher":"http:\/\/www.facebook.com\/VunderSkizze","og_image":[{"width":1024,"height":768,"url":"https:\/\/hobstop.ee\/media\/5188.jpg","type":"image\/jpeg"}],"twitter_card":"summary_large_image","schema":{"@context":"https:\/\/schema.org","@graph":[{"@type":"WebPage","@id":"https:\/\/hobstop.ee\/lv\/produkts\/cirkulis-kaste-maped-no308\/","url":"https:\/\/hobstop.ee\/lv\/produkts\/cirkulis-kaste-maped-no308\/","name":"Cirkulis kast\u0113 Maped No308 &#8211; Skizze","isPartOf":{"@id":"https:\/\/hobstop.ee\/lv\/#website"},"primaryImageOfPage":{"@id":"https:\/\/hobstop.ee\/lv\/produkts\/cirkulis-kaste-maped-no308\/#primaryimage"},"image":{"@id":"https:\/\/hobstop.ee\/lv\/produkts\/cirkulis-kaste-maped-no308\/#primaryimage"},"thumbnailUrl":"https:\/\/hobstop.ee\/media\/5188.jpg","datePublished":"2021-08-06T12:17:53+00:00","dateModified":"2021-08-06T12:17:53+00:00","breadcrumb":{"@id":"https:\/\/hobstop.ee\/lv\/produkts\/cirkulis-kaste-maped-no308\/#breadcrumb"},"inLanguage":"lv-LV","potentialAction":[{"@type":"ReadAction","target":["https:\/\/hobstop.ee\/lv\/produkts\/cirkulis-kaste-maped-no308\/"]}]},{"@type":"ImageObject","inLanguage":"lv-LV","@id":"https:\/\/hobstop.ee\/lv\/produkts\/cirkulis-kaste-maped-no308\/#primaryimage","url":"https:\/\/hobstop.ee\/media\/5188.jpg","contentUrl":"https:\/\/hobstop.ee\/media\/5188.jpg","width":1024,"height":768},{"@type":"BreadcrumbList","@id":"https:\/\/hobstop.ee\/lv\/produkts\/cirkulis-kaste-maped-no308\/#breadcrumb","itemListElement":[{"@type":"ListItem","position":1,"name":"Avaleht","item":"https:\/\/www.hobstop.ee\/lv\/"},{"@type":"ListItem","position":2,"name":"Veikals","item":"https:\/\/www.hobstop.ee\/lv\/veikals\/"},{"@type":"ListItem","position":3,"name":"Cirkulis kast\u0113 Maped No308"}]},{"@type":"WebSite","@id":"https:\/\/hobstop.ee\/lv\/#website","url":"https:\/\/hobstop.ee\/lv\/","name":"Skizze","description":"M\u0101kslas, hobiju un skolas preces","publisher":{"@id":"https:\/\/hobstop.ee\/lv\/#organization"},"potentialAction":[{"@type":"SearchAction","target":{"@type":"EntryPoint","urlTemplate":"https:\/\/hobstop.ee\/lv\/?s={search_term_string}"},"query-input":{"@type":"PropertyValueSpecification","valueRequired":true,"valueName":"search_term_string"}}],"inLanguage":"lv-LV"},{"@type":"Organization","@id":"https:\/\/hobstop.ee\/lv\/#organization","name":"Vunder AS","url":"https:\/\/hobstop.ee\/lv\/","logo":{"@type":"ImageObject","inLanguage":"lv-LV","@id":"https:\/\/hobstop.ee\/lv\/#\/schema\/logo\/image\/","url":"https:\/\/hobstop.ee\/media\/vunder-logo.png","contentUrl":"https:\/\/hobstop.ee\/media\/vunder-logo.png","width":127,"height":55,"caption":"Vunder AS"},"image":{"@id":"https:\/\/hobstop.ee\/lv\/#\/schema\/logo\/image\/"},"sameAs":["http:\/\/www.facebook.com\/VunderSkizze"]}]}},"_links":{"self":[{"href":"https:\/\/hobstop.ee\/lv\/wp-json\/wp\/v2\/product\/341981","targetHints":{"allow":["GET"]}}],"collection":[{"href":"https:\/\/hobstop.ee\/lv\/wp-json\/wp\/v2\/product"}],"about":[{"href":"https:\/\/hobstop.ee\/lv\/wp-json\/wp\/v2\/types\/product"}],"replies":[{"embeddable":true,"href":"https:\/\/hobstop.ee\/lv\/wp-json\/wp\/v2\/comments?post=341981"}],"wp:featuredmedia":[{"embeddable":true,"href":"https:\/\/hobstop.ee\/lv\/wp-json\/wp\/v2\/media\/354391"}],"wp:attachment":[{"href":"https:\/\/hobstop.ee\/lv\/wp-json\/wp\/v2\/media?parent=341981"}],"wp:term":[{"taxonomy":"product_cat","embeddable":true,"href":"https:\/\/hobstop.ee\/lv\/wp-json\/wp\/v2\/product_cat?post=341981"},{"taxonomy":"product_tag","embeddable":true,"href":"https:\/\/hobstop.ee\/lv\/wp-json\/wp\/v2\/product_tag?post=341981"}],"curies":[{"name":"wp","href":"https:\/\/api.w.org\/{rel}","templated":true}]}}