{"id":341997,"date":"2021-08-06T15:20:36","date_gmt":"2021-08-06T12:20:36","guid":{"rendered":"https:\/\/sharks.ee\/vunder_2019\/?post_type=product&#038;p=341997"},"modified":"2021-08-06T15:20:36","modified_gmt":"2021-08-06T12:20:36","slug":"cirkulis-kaste-maped-study-ar-zimula-turetaju","status":"publish","type":"product","link":"https:\/\/hobstop.ee\/lv\/produkts\/cirkulis-kaste-maped-study-ar-zimula-turetaju\/","title":{"rendered":"Cirkulis kast\u0113 Maped Study ar z\u012bmu\u013ca tur\u0113t\u0101ju"},"content":{"rendered":"<p>Iztur\u012bgais Study cirkulis ir kompakts un p\u0101rn\u0113s\u0101jams, padarot to lieliski piem\u0113rotu visu vecumu studentiem. \u0160im cirkulim ir univers\u0101ls tur\u0113t\u0101js, kas darbojas ar jebkuru standarta z\u012bmuli vai pildspalvu (iek\u013cauts viens graf\u012bta z\u012bmulis). Atk\u0101rtoti lietojams uzglab\u0101\u0161anas un transport\u0113\u0161anas ietvars ir ar integr\u0113tu line\u0101lu.<\/p>\n","protected":false},"excerpt":{"rendered":"<p>Iztur\u012bgais Study cirkulis ir kompakts un p\u0101rn\u0113s\u0101jams, padarot to lieliski piem\u0113rotu visu vecumu studentiem. \u0160im cirkulim ir univers\u0101ls tur\u0113t\u0101js, kas darbojas ar jebkuru standarta z\u012bmuli vai pildspalvu (iek\u013cauts viens graf\u012bta z\u012bmulis). Atk\u0101rtoti lietojams uzglab\u0101\u0161anas un transport\u0113\u0161anas ietvars ir ar integr\u0113tu line\u0101lu.<\/p>\n","protected":false},"featured_media":354435,"comment_status":"closed","ping_status":"closed","template":"","meta":{"_acf_changed":false,"ep_exclude_from_search":false},"product_cat":[20361],"product_tag":[],"class_list":{"0":"post-341997","1":"product","2":"type-product","3":"status-publish","4":"has-post-thumbnail","6":"product_cat-maaramata","8":"first","9":"instock","10":"taxable","11":"shipping-taxable","12":"product-type-simple"},"acf":[],"yoast_head":"<!-- This site is optimized with the Yoast SEO plugin v24.1 - https:\/\/yoast.com\/wordpress\/plugins\/seo\/ -->\n<title>Cirkulis kast\u0113 Maped Study ar z\u012bmu\u013ca tur\u0113t\u0101ju &#8211; Skizze<\/title>\n<meta name=\"robots\" content=\"noindex, follow, max-snippet:-1, max-image-preview:large, max-video-preview:-1\" \/>\n<meta property=\"og:locale\" content=\"lv_LV\" \/>\n<meta property=\"og:type\" content=\"article\" \/>\n<meta property=\"og:title\" content=\"Cirkulis kast\u0113 Maped Study ar z\u012bmu\u013ca tur\u0113t\u0101ju &#8211; Skizze\" \/>\n<meta property=\"og:description\" content=\"Iztur\u012bgais Study cirkulis ir kompakts un p\u0101rn\u0113s\u0101jams, padarot to lieliski piem\u0113rotu visu vecumu studentiem. \u0160im cirkulim ir univers\u0101ls tur\u0113t\u0101js, kas darbojas ar jebkuru standarta z\u012bmuli vai pildspalvu (iek\u013cauts viens graf\u012bta z\u012bmulis). Atk\u0101rtoti lietojams uzglab\u0101\u0161anas un transport\u0113\u0161anas ietvars ir ar integr\u0113tu line\u0101lu.\" \/>\n<meta property=\"og:url\" content=\"https:\/\/hobstop.ee\/lv\/produkts\/cirkulis-kaste-maped-study-ar-zimula-turetaju\/\" \/>\n<meta property=\"og:site_name\" content=\"Skizze\" \/>\n<meta property=\"article:publisher\" content=\"http:\/\/www.facebook.com\/VunderSkizze\" \/>\n<meta property=\"og:image\" content=\"https:\/\/hobstop.ee\/media\/5196.jpg\" \/>\n\t<meta property=\"og:image:width\" content=\"1024\" \/>\n\t<meta property=\"og:image:height\" content=\"768\" \/>\n\t<meta property=\"og:image:type\" content=\"image\/jpeg\" \/>\n<meta name=\"twitter:card\" content=\"summary_large_image\" \/>\n<script type=\"application\/ld+json\" class=\"yoast-schema-graph\">{\"@context\":\"https:\/\/schema.org\",\"@graph\":[{\"@type\":\"WebPage\",\"@id\":\"https:\/\/hobstop.ee\/lv\/produkts\/cirkulis-kaste-maped-study-ar-zimula-turetaju\/\",\"url\":\"https:\/\/hobstop.ee\/lv\/produkts\/cirkulis-kaste-maped-study-ar-zimula-turetaju\/\",\"name\":\"Cirkulis kast\u0113 Maped Study ar z\u012bmu\u013ca tur\u0113t\u0101ju &#8211; Skizze\",\"isPartOf\":{\"@id\":\"https:\/\/hobstop.ee\/lv\/#website\"},\"primaryImageOfPage\":{\"@id\":\"https:\/\/hobstop.ee\/lv\/produkts\/cirkulis-kaste-maped-study-ar-zimula-turetaju\/#primaryimage\"},\"image\":{\"@id\":\"https:\/\/hobstop.ee\/lv\/produkts\/cirkulis-kaste-maped-study-ar-zimula-turetaju\/#primaryimage\"},\"thumbnailUrl\":\"https:\/\/hobstop.ee\/media\/5196.jpg\",\"datePublished\":\"2021-08-06T12:20:36+00:00\",\"dateModified\":\"2021-08-06T12:20:36+00:00\",\"breadcrumb\":{\"@id\":\"https:\/\/hobstop.ee\/lv\/produkts\/cirkulis-kaste-maped-study-ar-zimula-turetaju\/#breadcrumb\"},\"inLanguage\":\"lv-LV\",\"potentialAction\":[{\"@type\":\"ReadAction\",\"target\":[\"https:\/\/hobstop.ee\/lv\/produkts\/cirkulis-kaste-maped-study-ar-zimula-turetaju\/\"]}]},{\"@type\":\"ImageObject\",\"inLanguage\":\"lv-LV\",\"@id\":\"https:\/\/hobstop.ee\/lv\/produkts\/cirkulis-kaste-maped-study-ar-zimula-turetaju\/#primaryimage\",\"url\":\"https:\/\/hobstop.ee\/media\/5196.jpg\",\"contentUrl\":\"https:\/\/hobstop.ee\/media\/5196.jpg\",\"width\":1024,\"height\":768},{\"@type\":\"BreadcrumbList\",\"@id\":\"https:\/\/hobstop.ee\/lv\/produkts\/cirkulis-kaste-maped-study-ar-zimula-turetaju\/#breadcrumb\",\"itemListElement\":[{\"@type\":\"ListItem\",\"position\":1,\"name\":\"Avaleht\",\"item\":\"https:\/\/hobstop.ee\/lv\/\"},{\"@type\":\"ListItem\",\"position\":2,\"name\":\"Veikals\",\"item\":\"https:\/\/hobstop.ee\/lv\/veikals\/\"},{\"@type\":\"ListItem\",\"position\":3,\"name\":\"Cirkulis kast\u0113 Maped Study ar z\u012bmu\u013ca tur\u0113t\u0101ju\"}]},{\"@type\":\"WebSite\",\"@id\":\"https:\/\/hobstop.ee\/lv\/#website\",\"url\":\"https:\/\/hobstop.ee\/lv\/\",\"name\":\"Skizze\",\"description\":\"M\u0101kslas, hobiju un skolas preces\",\"publisher\":{\"@id\":\"https:\/\/hobstop.ee\/lv\/#organization\"},\"potentialAction\":[{\"@type\":\"SearchAction\",\"target\":{\"@type\":\"EntryPoint\",\"urlTemplate\":\"https:\/\/hobstop.ee\/lv\/?s={search_term_string}\"},\"query-input\":{\"@type\":\"PropertyValueSpecification\",\"valueRequired\":true,\"valueName\":\"search_term_string\"}}],\"inLanguage\":\"lv-LV\"},{\"@type\":\"Organization\",\"@id\":\"https:\/\/hobstop.ee\/lv\/#organization\",\"name\":\"Vunder AS\",\"url\":\"https:\/\/hobstop.ee\/lv\/\",\"logo\":{\"@type\":\"ImageObject\",\"inLanguage\":\"lv-LV\",\"@id\":\"https:\/\/hobstop.ee\/lv\/#\/schema\/logo\/image\/\",\"url\":\"https:\/\/hobstop.ee\/media\/vunder-logo.png\",\"contentUrl\":\"https:\/\/hobstop.ee\/media\/vunder-logo.png\",\"width\":127,\"height\":55,\"caption\":\"Vunder AS\"},\"image\":{\"@id\":\"https:\/\/hobstop.ee\/lv\/#\/schema\/logo\/image\/\"},\"sameAs\":[\"http:\/\/www.facebook.com\/VunderSkizze\"]}]}<\/script>\n<!-- \/ Yoast SEO plugin. -->","yoast_head_json":{"title":"Cirkulis kast\u0113 Maped Study ar z\u012bmu\u013ca tur\u0113t\u0101ju &#8211; Skizze","robots":{"index":"noindex","follow":"follow","max-snippet":"max-snippet:-1","max-image-preview":"max-image-preview:large","max-video-preview":"max-video-preview:-1"},"og_locale":"lv_LV","og_type":"article","og_title":"Cirkulis kast\u0113 Maped Study ar z\u012bmu\u013ca tur\u0113t\u0101ju &#8211; Skizze","og_description":"Iztur\u012bgais Study cirkulis ir kompakts un p\u0101rn\u0113s\u0101jams, padarot to lieliski piem\u0113rotu visu vecumu studentiem. \u0160im cirkulim ir univers\u0101ls tur\u0113t\u0101js, kas darbojas ar jebkuru standarta z\u012bmuli vai pildspalvu (iek\u013cauts viens graf\u012bta z\u012bmulis). Atk\u0101rtoti lietojams uzglab\u0101\u0161anas un transport\u0113\u0161anas ietvars ir ar integr\u0113tu line\u0101lu.","og_url":"https:\/\/hobstop.ee\/lv\/produkts\/cirkulis-kaste-maped-study-ar-zimula-turetaju\/","og_site_name":"Skizze","article_publisher":"http:\/\/www.facebook.com\/VunderSkizze","og_image":[{"width":1024,"height":768,"url":"https:\/\/hobstop.ee\/media\/5196.jpg","type":"image\/jpeg"}],"twitter_card":"summary_large_image","schema":{"@context":"https:\/\/schema.org","@graph":[{"@type":"WebPage","@id":"https:\/\/hobstop.ee\/lv\/produkts\/cirkulis-kaste-maped-study-ar-zimula-turetaju\/","url":"https:\/\/hobstop.ee\/lv\/produkts\/cirkulis-kaste-maped-study-ar-zimula-turetaju\/","name":"Cirkulis kast\u0113 Maped Study ar z\u012bmu\u013ca tur\u0113t\u0101ju &#8211; Skizze","isPartOf":{"@id":"https:\/\/hobstop.ee\/lv\/#website"},"primaryImageOfPage":{"@id":"https:\/\/hobstop.ee\/lv\/produkts\/cirkulis-kaste-maped-study-ar-zimula-turetaju\/#primaryimage"},"image":{"@id":"https:\/\/hobstop.ee\/lv\/produkts\/cirkulis-kaste-maped-study-ar-zimula-turetaju\/#primaryimage"},"thumbnailUrl":"https:\/\/hobstop.ee\/media\/5196.jpg","datePublished":"2021-08-06T12:20:36+00:00","dateModified":"2021-08-06T12:20:36+00:00","breadcrumb":{"@id":"https:\/\/hobstop.ee\/lv\/produkts\/cirkulis-kaste-maped-study-ar-zimula-turetaju\/#breadcrumb"},"inLanguage":"lv-LV","potentialAction":[{"@type":"ReadAction","target":["https:\/\/hobstop.ee\/lv\/produkts\/cirkulis-kaste-maped-study-ar-zimula-turetaju\/"]}]},{"@type":"ImageObject","inLanguage":"lv-LV","@id":"https:\/\/hobstop.ee\/lv\/produkts\/cirkulis-kaste-maped-study-ar-zimula-turetaju\/#primaryimage","url":"https:\/\/hobstop.ee\/media\/5196.jpg","contentUrl":"https:\/\/hobstop.ee\/media\/5196.jpg","width":1024,"height":768},{"@type":"BreadcrumbList","@id":"https:\/\/hobstop.ee\/lv\/produkts\/cirkulis-kaste-maped-study-ar-zimula-turetaju\/#breadcrumb","itemListElement":[{"@type":"ListItem","position":1,"name":"Avaleht","item":"https:\/\/hobstop.ee\/lv\/"},{"@type":"ListItem","position":2,"name":"Veikals","item":"https:\/\/hobstop.ee\/lv\/veikals\/"},{"@type":"ListItem","position":3,"name":"Cirkulis kast\u0113 Maped Study ar z\u012bmu\u013ca tur\u0113t\u0101ju"}]},{"@type":"WebSite","@id":"https:\/\/hobstop.ee\/lv\/#website","url":"https:\/\/hobstop.ee\/lv\/","name":"Skizze","description":"M\u0101kslas, hobiju un skolas preces","publisher":{"@id":"https:\/\/hobstop.ee\/lv\/#organization"},"potentialAction":[{"@type":"SearchAction","target":{"@type":"EntryPoint","urlTemplate":"https:\/\/hobstop.ee\/lv\/?s={search_term_string}"},"query-input":{"@type":"PropertyValueSpecification","valueRequired":true,"valueName":"search_term_string"}}],"inLanguage":"lv-LV"},{"@type":"Organization","@id":"https:\/\/hobstop.ee\/lv\/#organization","name":"Vunder AS","url":"https:\/\/hobstop.ee\/lv\/","logo":{"@type":"ImageObject","inLanguage":"lv-LV","@id":"https:\/\/hobstop.ee\/lv\/#\/schema\/logo\/image\/","url":"https:\/\/hobstop.ee\/media\/vunder-logo.png","contentUrl":"https:\/\/hobstop.ee\/media\/vunder-logo.png","width":127,"height":55,"caption":"Vunder AS"},"image":{"@id":"https:\/\/hobstop.ee\/lv\/#\/schema\/logo\/image\/"},"sameAs":["http:\/\/www.facebook.com\/VunderSkizze"]}]}},"_links":{"self":[{"href":"https:\/\/hobstop.ee\/lv\/wp-json\/wp\/v2\/product\/341997","targetHints":{"allow":["GET"]}}],"collection":[{"href":"https:\/\/hobstop.ee\/lv\/wp-json\/wp\/v2\/product"}],"about":[{"href":"https:\/\/hobstop.ee\/lv\/wp-json\/wp\/v2\/types\/product"}],"replies":[{"embeddable":true,"href":"https:\/\/hobstop.ee\/lv\/wp-json\/wp\/v2\/comments?post=341997"}],"wp:featuredmedia":[{"embeddable":true,"href":"https:\/\/hobstop.ee\/lv\/wp-json\/wp\/v2\/media\/354435"}],"wp:attachment":[{"href":"https:\/\/hobstop.ee\/lv\/wp-json\/wp\/v2\/media?parent=341997"}],"wp:term":[{"taxonomy":"product_cat","embeddable":true,"href":"https:\/\/hobstop.ee\/lv\/wp-json\/wp\/v2\/product_cat?post=341997"},{"taxonomy":"product_tag","embeddable":true,"href":"https:\/\/hobstop.ee\/lv\/wp-json\/wp\/v2\/product_tag?post=341997"}],"curies":[{"name":"wp","href":"https:\/\/api.w.org\/{rel}","templated":true}]}}