{"id":342005,"date":"2021-08-06T15:11:45","date_gmt":"2021-08-06T12:11:45","guid":{"rendered":"https:\/\/sharks.ee\/vunder_2019\/?post_type=product&#038;p=342005"},"modified":"2021-08-06T15:12:48","modified_gmt":"2021-08-06T12:12:48","slug":"teksta-markieris-maped-fluo-peps-classic-pastel","status":"publish","type":"product","link":"https:\/\/hobstop.ee\/lv\/produkts\/teksta-markieris-maped-fluo-peps-classic-pastel\/","title":{"rendered":"Teksta mar\u0137ieris Maped Fluo Peps Classic Pastel"},"content":{"rendered":"<p>Maped Fluo Peps fluoresc\u0113jo\u0161ie mar\u0137ieri izskat\u0101s moderni un liek visam rakst\u012btam izcleties uz lapas! Fluo Peps tiek izmantota kvalitat\u012bva, gaismu iztur\u012bga tinte, kas nodro\u0161ina vienm\u0113r\u012bgu pl\u016bsmu. Var izmantot uz visa veida pap\u012briem: uz parast\u0101 pap\u012bra, fotokopiju pap\u012bra, faksa pap\u012bra utt. Ar no\u0161\u0137eltu galu (no 1 l\u012bdz 5 mm).<\/p>\n","protected":false},"excerpt":{"rendered":"<p>Maped Fluo Peps fluoresc\u0113jo\u0161ie mar\u0137ieri izskat\u0101s moderni un liek visam rakst\u012btam izcleties uz lapas! Fluo Peps tiek izmantota kvalitat\u012bva, gaismu iztur\u012bga tinte, kas nodro\u0161ina vienm\u0113r\u012bgu pl\u016bsmu. Var izmantot uz visa veida pap\u012briem: uz parast\u0101 pap\u012bra, fotokopiju pap\u012bra, faksa pap\u012bra utt. Ar no\u0161\u0137eltu galu (no 1 l\u012bdz 5 mm).<\/p>\n","protected":false},"featured_media":353759,"comment_status":"closed","ping_status":"closed","template":"","meta":{"_acf_changed":false,"ep_exclude_from_search":false},"product_cat":[20361],"product_tag":[],"class_list":{"0":"post-342005","1":"product","2":"type-product","3":"status-publish","4":"has-post-thumbnail","6":"product_cat-maaramata","8":"first","9":"instock","10":"taxable","11":"shipping-taxable","12":"product-type-simple"},"acf":[],"yoast_head":"<!-- This site is optimized with the Yoast SEO plugin v24.1 - https:\/\/yoast.com\/wordpress\/plugins\/seo\/ -->\n<title>Teksta mar\u0137ieris Maped Fluo Peps Classic Pastel &#8211; Skizze<\/title>\n<meta name=\"robots\" content=\"noindex, follow, max-snippet:-1, max-image-preview:large, max-video-preview:-1\" \/>\n<meta property=\"og:locale\" content=\"lv_LV\" \/>\n<meta property=\"og:type\" content=\"article\" \/>\n<meta property=\"og:title\" content=\"Teksta mar\u0137ieris Maped Fluo Peps Classic Pastel &#8211; Skizze\" \/>\n<meta property=\"og:description\" content=\"Maped Fluo Peps fluoresc\u0113jo\u0161ie mar\u0137ieri izskat\u0101s moderni un liek visam rakst\u012btam izcleties uz lapas! Fluo Peps tiek izmantota kvalitat\u012bva, gaismu iztur\u012bga tinte, kas nodro\u0161ina vienm\u0113r\u012bgu pl\u016bsmu. Var izmantot uz visa veida pap\u012briem: uz parast\u0101 pap\u012bra, fotokopiju pap\u012bra, faksa pap\u012bra utt. Ar no\u0161\u0137eltu galu (no 1 l\u012bdz 5 mm).\" \/>\n<meta property=\"og:url\" content=\"https:\/\/hobstop.ee\/lv\/produkts\/teksta-markieris-maped-fluo-peps-classic-pastel\/\" \/>\n<meta property=\"og:site_name\" content=\"Skizze\" \/>\n<meta property=\"article:publisher\" content=\"http:\/\/www.facebook.com\/VunderSkizze\" \/>\n<meta property=\"article:modified_time\" content=\"2021-08-06T12:12:48+00:00\" \/>\n<meta property=\"og:image\" content=\"https:\/\/hobstop.ee\/media\/5201.jpg\" \/>\n\t<meta property=\"og:image:width\" content=\"1024\" \/>\n\t<meta property=\"og:image:height\" content=\"768\" \/>\n\t<meta property=\"og:image:type\" content=\"image\/jpeg\" \/>\n<meta name=\"twitter:card\" content=\"summary_large_image\" \/>\n<script type=\"application\/ld+json\" class=\"yoast-schema-graph\">{\"@context\":\"https:\/\/schema.org\",\"@graph\":[{\"@type\":\"WebPage\",\"@id\":\"https:\/\/hobstop.ee\/lv\/produkts\/teksta-markieris-maped-fluo-peps-classic-pastel\/\",\"url\":\"https:\/\/hobstop.ee\/lv\/produkts\/teksta-markieris-maped-fluo-peps-classic-pastel\/\",\"name\":\"Teksta mar\u0137ieris Maped Fluo Peps Classic Pastel &#8211; Skizze\",\"isPartOf\":{\"@id\":\"https:\/\/hobstop.ee\/lv\/#website\"},\"primaryImageOfPage\":{\"@id\":\"https:\/\/hobstop.ee\/lv\/produkts\/teksta-markieris-maped-fluo-peps-classic-pastel\/#primaryimage\"},\"image\":{\"@id\":\"https:\/\/hobstop.ee\/lv\/produkts\/teksta-markieris-maped-fluo-peps-classic-pastel\/#primaryimage\"},\"thumbnailUrl\":\"https:\/\/hobstop.ee\/media\/5201.jpg\",\"datePublished\":\"2021-08-06T12:11:45+00:00\",\"dateModified\":\"2021-08-06T12:12:48+00:00\",\"breadcrumb\":{\"@id\":\"https:\/\/hobstop.ee\/lv\/produkts\/teksta-markieris-maped-fluo-peps-classic-pastel\/#breadcrumb\"},\"inLanguage\":\"lv-LV\",\"potentialAction\":[{\"@type\":\"ReadAction\",\"target\":[\"https:\/\/hobstop.ee\/lv\/produkts\/teksta-markieris-maped-fluo-peps-classic-pastel\/\"]}]},{\"@type\":\"ImageObject\",\"inLanguage\":\"lv-LV\",\"@id\":\"https:\/\/hobstop.ee\/lv\/produkts\/teksta-markieris-maped-fluo-peps-classic-pastel\/#primaryimage\",\"url\":\"https:\/\/hobstop.ee\/media\/5201.jpg\",\"contentUrl\":\"https:\/\/hobstop.ee\/media\/5201.jpg\",\"width\":1024,\"height\":768},{\"@type\":\"BreadcrumbList\",\"@id\":\"https:\/\/hobstop.ee\/lv\/produkts\/teksta-markieris-maped-fluo-peps-classic-pastel\/#breadcrumb\",\"itemListElement\":[{\"@type\":\"ListItem\",\"position\":1,\"name\":\"Avaleht\",\"item\":\"https:\/\/hobstop.ee\/lv\/\"},{\"@type\":\"ListItem\",\"position\":2,\"name\":\"Veikals\",\"item\":\"https:\/\/hobstop.ee\/lv\/veikals\/\"},{\"@type\":\"ListItem\",\"position\":3,\"name\":\"Teksta mar\u0137ieris Maped Fluo Peps Classic Pastel\"}]},{\"@type\":\"WebSite\",\"@id\":\"https:\/\/hobstop.ee\/lv\/#website\",\"url\":\"https:\/\/hobstop.ee\/lv\/\",\"name\":\"Skizze\",\"description\":\"M\u0101kslas, hobiju un skolas preces\",\"publisher\":{\"@id\":\"https:\/\/hobstop.ee\/lv\/#organization\"},\"potentialAction\":[{\"@type\":\"SearchAction\",\"target\":{\"@type\":\"EntryPoint\",\"urlTemplate\":\"https:\/\/hobstop.ee\/lv\/?s={search_term_string}\"},\"query-input\":{\"@type\":\"PropertyValueSpecification\",\"valueRequired\":true,\"valueName\":\"search_term_string\"}}],\"inLanguage\":\"lv-LV\"},{\"@type\":\"Organization\",\"@id\":\"https:\/\/hobstop.ee\/lv\/#organization\",\"name\":\"Vunder AS\",\"url\":\"https:\/\/hobstop.ee\/lv\/\",\"logo\":{\"@type\":\"ImageObject\",\"inLanguage\":\"lv-LV\",\"@id\":\"https:\/\/hobstop.ee\/lv\/#\/schema\/logo\/image\/\",\"url\":\"https:\/\/hobstop.ee\/media\/vunder-logo.png\",\"contentUrl\":\"https:\/\/hobstop.ee\/media\/vunder-logo.png\",\"width\":127,\"height\":55,\"caption\":\"Vunder AS\"},\"image\":{\"@id\":\"https:\/\/hobstop.ee\/lv\/#\/schema\/logo\/image\/\"},\"sameAs\":[\"http:\/\/www.facebook.com\/VunderSkizze\"]}]}<\/script>\n<!-- \/ Yoast SEO plugin. -->","yoast_head_json":{"title":"Teksta mar\u0137ieris Maped Fluo Peps Classic Pastel &#8211; Skizze","robots":{"index":"noindex","follow":"follow","max-snippet":"max-snippet:-1","max-image-preview":"max-image-preview:large","max-video-preview":"max-video-preview:-1"},"og_locale":"lv_LV","og_type":"article","og_title":"Teksta mar\u0137ieris Maped Fluo Peps Classic Pastel &#8211; Skizze","og_description":"Maped Fluo Peps fluoresc\u0113jo\u0161ie mar\u0137ieri izskat\u0101s moderni un liek visam rakst\u012btam izcleties uz lapas! Fluo Peps tiek izmantota kvalitat\u012bva, gaismu iztur\u012bga tinte, kas nodro\u0161ina vienm\u0113r\u012bgu pl\u016bsmu. Var izmantot uz visa veida pap\u012briem: uz parast\u0101 pap\u012bra, fotokopiju pap\u012bra, faksa pap\u012bra utt. Ar no\u0161\u0137eltu galu (no 1 l\u012bdz 5 mm).","og_url":"https:\/\/hobstop.ee\/lv\/produkts\/teksta-markieris-maped-fluo-peps-classic-pastel\/","og_site_name":"Skizze","article_publisher":"http:\/\/www.facebook.com\/VunderSkizze","article_modified_time":"2021-08-06T12:12:48+00:00","og_image":[{"width":1024,"height":768,"url":"https:\/\/hobstop.ee\/media\/5201.jpg","type":"image\/jpeg"}],"twitter_card":"summary_large_image","schema":{"@context":"https:\/\/schema.org","@graph":[{"@type":"WebPage","@id":"https:\/\/hobstop.ee\/lv\/produkts\/teksta-markieris-maped-fluo-peps-classic-pastel\/","url":"https:\/\/hobstop.ee\/lv\/produkts\/teksta-markieris-maped-fluo-peps-classic-pastel\/","name":"Teksta mar\u0137ieris Maped Fluo Peps Classic Pastel &#8211; Skizze","isPartOf":{"@id":"https:\/\/hobstop.ee\/lv\/#website"},"primaryImageOfPage":{"@id":"https:\/\/hobstop.ee\/lv\/produkts\/teksta-markieris-maped-fluo-peps-classic-pastel\/#primaryimage"},"image":{"@id":"https:\/\/hobstop.ee\/lv\/produkts\/teksta-markieris-maped-fluo-peps-classic-pastel\/#primaryimage"},"thumbnailUrl":"https:\/\/hobstop.ee\/media\/5201.jpg","datePublished":"2021-08-06T12:11:45+00:00","dateModified":"2021-08-06T12:12:48+00:00","breadcrumb":{"@id":"https:\/\/hobstop.ee\/lv\/produkts\/teksta-markieris-maped-fluo-peps-classic-pastel\/#breadcrumb"},"inLanguage":"lv-LV","potentialAction":[{"@type":"ReadAction","target":["https:\/\/hobstop.ee\/lv\/produkts\/teksta-markieris-maped-fluo-peps-classic-pastel\/"]}]},{"@type":"ImageObject","inLanguage":"lv-LV","@id":"https:\/\/hobstop.ee\/lv\/produkts\/teksta-markieris-maped-fluo-peps-classic-pastel\/#primaryimage","url":"https:\/\/hobstop.ee\/media\/5201.jpg","contentUrl":"https:\/\/hobstop.ee\/media\/5201.jpg","width":1024,"height":768},{"@type":"BreadcrumbList","@id":"https:\/\/hobstop.ee\/lv\/produkts\/teksta-markieris-maped-fluo-peps-classic-pastel\/#breadcrumb","itemListElement":[{"@type":"ListItem","position":1,"name":"Avaleht","item":"https:\/\/hobstop.ee\/lv\/"},{"@type":"ListItem","position":2,"name":"Veikals","item":"https:\/\/hobstop.ee\/lv\/veikals\/"},{"@type":"ListItem","position":3,"name":"Teksta mar\u0137ieris Maped Fluo Peps Classic Pastel"}]},{"@type":"WebSite","@id":"https:\/\/hobstop.ee\/lv\/#website","url":"https:\/\/hobstop.ee\/lv\/","name":"Skizze","description":"M\u0101kslas, hobiju un skolas preces","publisher":{"@id":"https:\/\/hobstop.ee\/lv\/#organization"},"potentialAction":[{"@type":"SearchAction","target":{"@type":"EntryPoint","urlTemplate":"https:\/\/hobstop.ee\/lv\/?s={search_term_string}"},"query-input":{"@type":"PropertyValueSpecification","valueRequired":true,"valueName":"search_term_string"}}],"inLanguage":"lv-LV"},{"@type":"Organization","@id":"https:\/\/hobstop.ee\/lv\/#organization","name":"Vunder AS","url":"https:\/\/hobstop.ee\/lv\/","logo":{"@type":"ImageObject","inLanguage":"lv-LV","@id":"https:\/\/hobstop.ee\/lv\/#\/schema\/logo\/image\/","url":"https:\/\/hobstop.ee\/media\/vunder-logo.png","contentUrl":"https:\/\/hobstop.ee\/media\/vunder-logo.png","width":127,"height":55,"caption":"Vunder AS"},"image":{"@id":"https:\/\/hobstop.ee\/lv\/#\/schema\/logo\/image\/"},"sameAs":["http:\/\/www.facebook.com\/VunderSkizze"]}]}},"_links":{"self":[{"href":"https:\/\/hobstop.ee\/lv\/wp-json\/wp\/v2\/product\/342005","targetHints":{"allow":["GET"]}}],"collection":[{"href":"https:\/\/hobstop.ee\/lv\/wp-json\/wp\/v2\/product"}],"about":[{"href":"https:\/\/hobstop.ee\/lv\/wp-json\/wp\/v2\/types\/product"}],"replies":[{"embeddable":true,"href":"https:\/\/hobstop.ee\/lv\/wp-json\/wp\/v2\/comments?post=342005"}],"wp:featuredmedia":[{"embeddable":true,"href":"https:\/\/hobstop.ee\/lv\/wp-json\/wp\/v2\/media\/353759"}],"wp:attachment":[{"href":"https:\/\/hobstop.ee\/lv\/wp-json\/wp\/v2\/media?parent=342005"}],"wp:term":[{"taxonomy":"product_cat","embeddable":true,"href":"https:\/\/hobstop.ee\/lv\/wp-json\/wp\/v2\/product_cat?post=342005"},{"taxonomy":"product_tag","embeddable":true,"href":"https:\/\/hobstop.ee\/lv\/wp-json\/wp\/v2\/product_tag?post=342005"}],"curies":[{"name":"wp","href":"https:\/\/api.w.org\/{rel}","templated":true}]}}