{"id":342009,"date":"2021-08-06T15:33:09","date_gmt":"2021-08-06T12:33:09","guid":{"rendered":"https:\/\/sharks.ee\/vunder_2019\/?post_type=product&#038;p=342009"},"modified":"2021-08-06T15:33:09","modified_gmt":"2021-08-06T12:33:09","slug":"akvarelu-markieru-komplekts-winsornewton-promarker-komplekts","status":"publish","type":"product","link":"https:\/\/hobstop.ee\/lv\/produkts\/akvarelu-markieru-komplekts-winsornewton-promarker-komplekts\/","title":{"rendered":"Akvare\u013cu mar\u0137ieru komplekts Winsor&#038;Newton Promarker komplekts"},"content":{"rendered":"<p>Winsor&#038;Newton \u016bdens kr\u0101su flom\u0101steri ir \u013coti pigment\u0113ti mar\u0137ieri uz \u016bdens b\u0101zes, kas nodro\u0161ina izcilu kr\u0101su gammu kop\u0101 ar izteiktu precizit\u0101ti. \u0160ie mar\u0137ieri rada pavisam jaunu \u016bdens kr\u0101su dimensiju, prasm\u012bgi izstr\u0101d\u0101ti ar dubultsariem, t\u0101d\u0113j\u0101di \u013caujot sasniegt v\u0113l nebiju\u0161u pieredzi un kontroli p\u0101r veicamo darbu. Katram mar\u0137ierim ir smalks gals vien\u0101 pus\u0113 un elast\u012bga oti\u0146a otr\u0101 \u2013 tas pal\u012bdz\u0113s jums izveidot da\u017e\u0101da biezuma l\u012bnijas un lieliski izcelt deta\u013cas. Kr\u0101sas var viegli sajaukt ar \u016bdeni, lai rad\u012btu maigus un dinamiskus m\u0101kslas darbus.<\/p>\n","protected":false},"excerpt":{"rendered":"<p>Winsor&#038;Newton \u016bdens kr\u0101su flom\u0101steri ir \u013coti pigment\u0113ti mar\u0137ieri uz \u016bdens b\u0101zes, kas nodro\u0161ina izcilu kr\u0101su gammu kop\u0101 ar izteiktu precizit\u0101ti. \u0160ie mar\u0137ieri rada pavisam jaunu \u016bdens kr\u0101su dimensiju, prasm\u012bgi izstr\u0101d\u0101ti ar dubultsariem, t\u0101d\u0113j\u0101di \u013caujot sasniegt v\u0113l nebiju\u0161u pieredzi un kontroli p\u0101r veicamo darbu. Katram mar\u0137ierim ir smalks gals vien\u0101 pus\u0113 un elast\u012bga oti\u0146a otr\u0101 \u2013 tas pal\u012bdz\u0113s jums izveidot da\u017e\u0101da biezuma l\u012bnijas un lieliski izcelt deta\u013cas. Kr\u0101sas var viegli sajaukt ar \u016bdeni, lai rad\u012btu maigus un dinamiskus m\u0101kslas darbus.<\/p>\n","protected":false},"featured_media":353899,"comment_status":"closed","ping_status":"closed","template":"","meta":{"_acf_changed":false,"ep_exclude_from_search":false},"product_cat":[20361],"product_tag":[],"class_list":{"0":"post-342009","1":"product","2":"type-product","3":"status-publish","4":"has-post-thumbnail","6":"product_cat-maaramata","8":"first","9":"instock","10":"taxable","11":"shipping-taxable","12":"product-type-simple"},"acf":[],"yoast_head":"<!-- This site is optimized with the Yoast SEO plugin v24.1 - https:\/\/yoast.com\/wordpress\/plugins\/seo\/ -->\n<title>Akvare\u013cu mar\u0137ieru komplekts Winsor&amp;Newton Promarker komplekts &#8211; Skizze<\/title>\n<meta name=\"robots\" content=\"noindex, follow, max-snippet:-1, max-image-preview:large, max-video-preview:-1\" \/>\n<meta property=\"og:locale\" content=\"lv_LV\" \/>\n<meta property=\"og:type\" content=\"article\" \/>\n<meta property=\"og:title\" content=\"Akvare\u013cu mar\u0137ieru komplekts Winsor&amp;Newton Promarker komplekts &#8211; Skizze\" \/>\n<meta property=\"og:description\" content=\"Winsor&#038;Newton \u016bdens kr\u0101su flom\u0101steri ir \u013coti pigment\u0113ti mar\u0137ieri uz \u016bdens b\u0101zes, kas nodro\u0161ina izcilu kr\u0101su gammu kop\u0101 ar izteiktu precizit\u0101ti. \u0160ie mar\u0137ieri rada pavisam jaunu \u016bdens kr\u0101su dimensiju, prasm\u012bgi izstr\u0101d\u0101ti ar dubultsariem, t\u0101d\u0113j\u0101di \u013caujot sasniegt v\u0113l nebiju\u0161u pieredzi un kontroli p\u0101r veicamo darbu. Katram mar\u0137ierim ir smalks gals vien\u0101 pus\u0113 un elast\u012bga oti\u0146a otr\u0101 \u2013 tas pal\u012bdz\u0113s jums izveidot da\u017e\u0101da biezuma l\u012bnijas un lieliski izcelt deta\u013cas. Kr\u0101sas var viegli sajaukt ar \u016bdeni, lai rad\u012btu maigus un dinamiskus m\u0101kslas darbus.\" \/>\n<meta property=\"og:url\" content=\"https:\/\/hobstop.ee\/lv\/produkts\/akvarelu-markieru-komplekts-winsornewton-promarker-komplekts\/\" \/>\n<meta property=\"og:site_name\" content=\"Skizze\" \/>\n<meta property=\"article:publisher\" content=\"http:\/\/www.facebook.com\/VunderSkizze\" \/>\n<meta property=\"og:image\" content=\"https:\/\/hobstop.ee\/media\/5210.jpg\" \/>\n\t<meta property=\"og:image:width\" content=\"1024\" \/>\n\t<meta property=\"og:image:height\" content=\"768\" \/>\n\t<meta property=\"og:image:type\" content=\"image\/jpeg\" \/>\n<meta name=\"twitter:card\" content=\"summary_large_image\" \/>\n<meta name=\"twitter:label1\" content=\"Est. reading time\" \/>\n\t<meta name=\"twitter:data1\" content=\"1 min\u016b\u0161u\" \/>\n<script type=\"application\/ld+json\" class=\"yoast-schema-graph\">{\"@context\":\"https:\/\/schema.org\",\"@graph\":[{\"@type\":\"WebPage\",\"@id\":\"https:\/\/hobstop.ee\/lv\/produkts\/akvarelu-markieru-komplekts-winsornewton-promarker-komplekts\/\",\"url\":\"https:\/\/hobstop.ee\/lv\/produkts\/akvarelu-markieru-komplekts-winsornewton-promarker-komplekts\/\",\"name\":\"Akvare\u013cu mar\u0137ieru komplekts Winsor&Newton Promarker komplekts &#8211; Skizze\",\"isPartOf\":{\"@id\":\"https:\/\/hobstop.ee\/lv\/#website\"},\"primaryImageOfPage\":{\"@id\":\"https:\/\/hobstop.ee\/lv\/produkts\/akvarelu-markieru-komplekts-winsornewton-promarker-komplekts\/#primaryimage\"},\"image\":{\"@id\":\"https:\/\/hobstop.ee\/lv\/produkts\/akvarelu-markieru-komplekts-winsornewton-promarker-komplekts\/#primaryimage\"},\"thumbnailUrl\":\"https:\/\/hobstop.ee\/media\/5210.jpg\",\"datePublished\":\"2021-08-06T12:33:09+00:00\",\"dateModified\":\"2021-08-06T12:33:09+00:00\",\"breadcrumb\":{\"@id\":\"https:\/\/hobstop.ee\/lv\/produkts\/akvarelu-markieru-komplekts-winsornewton-promarker-komplekts\/#breadcrumb\"},\"inLanguage\":\"lv-LV\",\"potentialAction\":[{\"@type\":\"ReadAction\",\"target\":[\"https:\/\/hobstop.ee\/lv\/produkts\/akvarelu-markieru-komplekts-winsornewton-promarker-komplekts\/\"]}]},{\"@type\":\"ImageObject\",\"inLanguage\":\"lv-LV\",\"@id\":\"https:\/\/hobstop.ee\/lv\/produkts\/akvarelu-markieru-komplekts-winsornewton-promarker-komplekts\/#primaryimage\",\"url\":\"https:\/\/hobstop.ee\/media\/5210.jpg\",\"contentUrl\":\"https:\/\/hobstop.ee\/media\/5210.jpg\",\"width\":1024,\"height\":768},{\"@type\":\"BreadcrumbList\",\"@id\":\"https:\/\/hobstop.ee\/lv\/produkts\/akvarelu-markieru-komplekts-winsornewton-promarker-komplekts\/#breadcrumb\",\"itemListElement\":[{\"@type\":\"ListItem\",\"position\":1,\"name\":\"Avaleht\",\"item\":\"https:\/\/www.hobstop.ee\/lv\/\"},{\"@type\":\"ListItem\",\"position\":2,\"name\":\"Veikals\",\"item\":\"https:\/\/www.hobstop.ee\/lv\/veikals\/\"},{\"@type\":\"ListItem\",\"position\":3,\"name\":\"Akvare\u013cu mar\u0137ieru komplekts Winsor&#038;Newton Promarker komplekts\"}]},{\"@type\":\"WebSite\",\"@id\":\"https:\/\/hobstop.ee\/lv\/#website\",\"url\":\"https:\/\/hobstop.ee\/lv\/\",\"name\":\"Skizze\",\"description\":\"M\u0101kslas, hobiju un skolas preces\",\"publisher\":{\"@id\":\"https:\/\/hobstop.ee\/lv\/#organization\"},\"potentialAction\":[{\"@type\":\"SearchAction\",\"target\":{\"@type\":\"EntryPoint\",\"urlTemplate\":\"https:\/\/hobstop.ee\/lv\/?s={search_term_string}\"},\"query-input\":{\"@type\":\"PropertyValueSpecification\",\"valueRequired\":true,\"valueName\":\"search_term_string\"}}],\"inLanguage\":\"lv-LV\"},{\"@type\":\"Organization\",\"@id\":\"https:\/\/hobstop.ee\/lv\/#organization\",\"name\":\"Vunder AS\",\"url\":\"https:\/\/hobstop.ee\/lv\/\",\"logo\":{\"@type\":\"ImageObject\",\"inLanguage\":\"lv-LV\",\"@id\":\"https:\/\/hobstop.ee\/lv\/#\/schema\/logo\/image\/\",\"url\":\"https:\/\/hobstop.ee\/media\/vunder-logo.png\",\"contentUrl\":\"https:\/\/hobstop.ee\/media\/vunder-logo.png\",\"width\":127,\"height\":55,\"caption\":\"Vunder AS\"},\"image\":{\"@id\":\"https:\/\/hobstop.ee\/lv\/#\/schema\/logo\/image\/\"},\"sameAs\":[\"http:\/\/www.facebook.com\/VunderSkizze\"]}]}<\/script>\n<!-- \/ Yoast SEO plugin. -->","yoast_head_json":{"title":"Akvare\u013cu mar\u0137ieru komplekts Winsor&Newton Promarker komplekts &#8211; Skizze","robots":{"index":"noindex","follow":"follow","max-snippet":"max-snippet:-1","max-image-preview":"max-image-preview:large","max-video-preview":"max-video-preview:-1"},"og_locale":"lv_LV","og_type":"article","og_title":"Akvare\u013cu mar\u0137ieru komplekts Winsor&Newton Promarker komplekts &#8211; Skizze","og_description":"Winsor&#038;Newton \u016bdens kr\u0101su flom\u0101steri ir \u013coti pigment\u0113ti mar\u0137ieri uz \u016bdens b\u0101zes, kas nodro\u0161ina izcilu kr\u0101su gammu kop\u0101 ar izteiktu precizit\u0101ti. \u0160ie mar\u0137ieri rada pavisam jaunu \u016bdens kr\u0101su dimensiju, prasm\u012bgi izstr\u0101d\u0101ti ar dubultsariem, t\u0101d\u0113j\u0101di \u013caujot sasniegt v\u0113l nebiju\u0161u pieredzi un kontroli p\u0101r veicamo darbu. Katram mar\u0137ierim ir smalks gals vien\u0101 pus\u0113 un elast\u012bga oti\u0146a otr\u0101 \u2013 tas pal\u012bdz\u0113s jums izveidot da\u017e\u0101da biezuma l\u012bnijas un lieliski izcelt deta\u013cas. Kr\u0101sas var viegli sajaukt ar \u016bdeni, lai rad\u012btu maigus un dinamiskus m\u0101kslas darbus.","og_url":"https:\/\/hobstop.ee\/lv\/produkts\/akvarelu-markieru-komplekts-winsornewton-promarker-komplekts\/","og_site_name":"Skizze","article_publisher":"http:\/\/www.facebook.com\/VunderSkizze","og_image":[{"width":1024,"height":768,"url":"https:\/\/hobstop.ee\/media\/5210.jpg","type":"image\/jpeg"}],"twitter_card":"summary_large_image","twitter_misc":{"Est. reading time":"1 min\u016b\u0161u"},"schema":{"@context":"https:\/\/schema.org","@graph":[{"@type":"WebPage","@id":"https:\/\/hobstop.ee\/lv\/produkts\/akvarelu-markieru-komplekts-winsornewton-promarker-komplekts\/","url":"https:\/\/hobstop.ee\/lv\/produkts\/akvarelu-markieru-komplekts-winsornewton-promarker-komplekts\/","name":"Akvare\u013cu mar\u0137ieru komplekts Winsor&Newton Promarker komplekts &#8211; Skizze","isPartOf":{"@id":"https:\/\/hobstop.ee\/lv\/#website"},"primaryImageOfPage":{"@id":"https:\/\/hobstop.ee\/lv\/produkts\/akvarelu-markieru-komplekts-winsornewton-promarker-komplekts\/#primaryimage"},"image":{"@id":"https:\/\/hobstop.ee\/lv\/produkts\/akvarelu-markieru-komplekts-winsornewton-promarker-komplekts\/#primaryimage"},"thumbnailUrl":"https:\/\/hobstop.ee\/media\/5210.jpg","datePublished":"2021-08-06T12:33:09+00:00","dateModified":"2021-08-06T12:33:09+00:00","breadcrumb":{"@id":"https:\/\/hobstop.ee\/lv\/produkts\/akvarelu-markieru-komplekts-winsornewton-promarker-komplekts\/#breadcrumb"},"inLanguage":"lv-LV","potentialAction":[{"@type":"ReadAction","target":["https:\/\/hobstop.ee\/lv\/produkts\/akvarelu-markieru-komplekts-winsornewton-promarker-komplekts\/"]}]},{"@type":"ImageObject","inLanguage":"lv-LV","@id":"https:\/\/hobstop.ee\/lv\/produkts\/akvarelu-markieru-komplekts-winsornewton-promarker-komplekts\/#primaryimage","url":"https:\/\/hobstop.ee\/media\/5210.jpg","contentUrl":"https:\/\/hobstop.ee\/media\/5210.jpg","width":1024,"height":768},{"@type":"BreadcrumbList","@id":"https:\/\/hobstop.ee\/lv\/produkts\/akvarelu-markieru-komplekts-winsornewton-promarker-komplekts\/#breadcrumb","itemListElement":[{"@type":"ListItem","position":1,"name":"Avaleht","item":"https:\/\/www.hobstop.ee\/lv\/"},{"@type":"ListItem","position":2,"name":"Veikals","item":"https:\/\/www.hobstop.ee\/lv\/veikals\/"},{"@type":"ListItem","position":3,"name":"Akvare\u013cu mar\u0137ieru komplekts Winsor&#038;Newton Promarker komplekts"}]},{"@type":"WebSite","@id":"https:\/\/hobstop.ee\/lv\/#website","url":"https:\/\/hobstop.ee\/lv\/","name":"Skizze","description":"M\u0101kslas, hobiju un skolas preces","publisher":{"@id":"https:\/\/hobstop.ee\/lv\/#organization"},"potentialAction":[{"@type":"SearchAction","target":{"@type":"EntryPoint","urlTemplate":"https:\/\/hobstop.ee\/lv\/?s={search_term_string}"},"query-input":{"@type":"PropertyValueSpecification","valueRequired":true,"valueName":"search_term_string"}}],"inLanguage":"lv-LV"},{"@type":"Organization","@id":"https:\/\/hobstop.ee\/lv\/#organization","name":"Vunder AS","url":"https:\/\/hobstop.ee\/lv\/","logo":{"@type":"ImageObject","inLanguage":"lv-LV","@id":"https:\/\/hobstop.ee\/lv\/#\/schema\/logo\/image\/","url":"https:\/\/hobstop.ee\/media\/vunder-logo.png","contentUrl":"https:\/\/hobstop.ee\/media\/vunder-logo.png","width":127,"height":55,"caption":"Vunder AS"},"image":{"@id":"https:\/\/hobstop.ee\/lv\/#\/schema\/logo\/image\/"},"sameAs":["http:\/\/www.facebook.com\/VunderSkizze"]}]}},"_links":{"self":[{"href":"https:\/\/hobstop.ee\/lv\/wp-json\/wp\/v2\/product\/342009","targetHints":{"allow":["GET"]}}],"collection":[{"href":"https:\/\/hobstop.ee\/lv\/wp-json\/wp\/v2\/product"}],"about":[{"href":"https:\/\/hobstop.ee\/lv\/wp-json\/wp\/v2\/types\/product"}],"replies":[{"embeddable":true,"href":"https:\/\/hobstop.ee\/lv\/wp-json\/wp\/v2\/comments?post=342009"}],"wp:featuredmedia":[{"embeddable":true,"href":"https:\/\/hobstop.ee\/lv\/wp-json\/wp\/v2\/media\/353899"}],"wp:attachment":[{"href":"https:\/\/hobstop.ee\/lv\/wp-json\/wp\/v2\/media?parent=342009"}],"wp:term":[{"taxonomy":"product_cat","embeddable":true,"href":"https:\/\/hobstop.ee\/lv\/wp-json\/wp\/v2\/product_cat?post=342009"},{"taxonomy":"product_tag","embeddable":true,"href":"https:\/\/hobstop.ee\/lv\/wp-json\/wp\/v2\/product_tag?post=342009"}],"curies":[{"name":"wp","href":"https:\/\/api.w.org\/{rel}","templated":true}]}}