{"id":342013,"date":"2021-08-06T15:37:01","date_gmt":"2021-08-06T12:37:01","guid":{"rendered":"https:\/\/sharks.ee\/vunder_2019\/?post_type=product&#038;p=342013"},"modified":"2021-08-06T15:37:01","modified_gmt":"2021-08-06T12:37:01","slug":"medijs-akrilam-liquitex-pouring-iridescent","status":"publish","type":"product","link":"https:\/\/hobstop.ee\/lv\/produkts\/medijs-akrilam-liquitex-pouring-iridescent\/","title":{"rendered":"Medijs akrilam Liquitex Pouring Iridescent"},"content":{"rendered":"<p>Sagatavojiet kr\u0101su vienm\u0113r\u012bgai uzkl\u0101\u0161anai ar izteiktu sp\u012bdumu, bez to\u0146u sajauk\u0161an\u0101s, vienlaikus samazinot viskozit\u0101ti un palielinot elast\u012bbu \u2013 un tas viss ar zaigojo\u0161u mirdzumu! Liquitex Iridescent Pouring m\u0113dijs izl\u012bdzin\u0101s nel\u012bdzen\u0101s un sakaltu\u0161\u0101s akrila paliekas vai radu\u0161os burbu\u013cus \u2013 ieg\u016bstiet gludu virsmu bez skr\u0101p\u0113jumiem, plais\u0101m un burbu\u013ciem. No\u017e\u016bstot ieg\u016bst izteikti sp\u012bd\u012bgu, zaigojo\u0161u apdari un saglab\u0101 kr\u0101sas necaurredzam\u012bbu, sa\u0137eri, iztur\u012bbu un kvalit\u0101ti ar\u012b ilgtermi\u0146\u0101. T\u0101pat tas papla\u0161ina kr\u0101su v\u0113l vair\u0101k, neietekm\u0113jot akrila stabilit\u0101ti un samazina viskozit\u0101ti, izmantojot biez\u0101kas  kr\u0101sas, pie\u0161\u0137irot lab\u0101ku pl\u016bsmu. <\/p>\n<p>Lieto\u0161ana:<br \/>\n&#8211; Piln\u012bb\u0101 sajaucams ar visiem Liquitex produktiem<br \/>\n&#8211; Lai ieg\u016btu lab\u0101ku rezult\u0101tu, pievienojiet \u0113damkaroti kr\u0101sas vienai gl\u0101zei Pouring Medium (apm\u0113ram 5% kr\u0101sa un 95% m\u0113dijs) un piel\u0101gojiet to savai tehnikai.<br \/>\n&#8211; Lai lietotu ar \u0161\u0137idru akrila tinti vai biez\u0101ku Heavy Body Acrylic, piel\u0101gojiet attiec\u012bbu, lai ieg\u016btu v\u0113lamo konsistenci<br \/>\n&#8211; Viegli samaisiet, lai nerastos putas &#8211; ja par\u0101d\u0101s burbu\u013ci, atst\u0101jiet to past\u0101v\u0113t, kam\u0113r burbu\u013ci pace\u013cas un paz\u016bd<br \/>\n&#8211; Izmantojiet k\u0101 parastu \u0161\u0137idru extender m\u0113diju &#8211; iejauciet akrila kr\u0101s\u0101 tik daudz, cik v\u0113laties, lai sasniegto v\u0113lamo tilpumu un viskozit\u0101ti<br \/>\n&#8211; To\u0146u sajaukumi un plaisas var rasties, ja pl\u016bsma ir \u013coti nevienm\u0113r\u012bga, t\u0101p\u0113c, novietojot apstr\u0101d\u0101to darbu, lai tas no\u017e\u016btu, p\u0101rliecinieties, ka tas atrodas uz l\u012bdzenas virsmas <\/p>\n<p>Lieto\u0161ana:<br \/>\n&#8211; Nekratiet un intens\u012bvi nemaisiet, jo p\u0113c no\u017e\u016b\u0161anas tas var negat\u012bvi ietekm\u0113t gluda rezult\u0101ta veido\u0161anos<br \/>\n&#8211; Nelietojiet ar citiem materi\u0101liem, kas nav rad\u012bti uz akrila b\u0101zes<\/p>\n","protected":false},"excerpt":{"rendered":"<p>Sagatavojiet kr\u0101su vienm\u0113r\u012bgai uzkl\u0101\u0161anai ar izteiktu sp\u012bdumu, bez to\u0146u sajauk\u0161an\u0101s, vienlaikus samazinot viskozit\u0101ti un palielinot elast\u012bbu \u2013 un tas viss ar zaigojo\u0161u mirdzumu! Liquitex Iridescent Pouring m\u0113dijs izl\u012bdzin\u0101s nel\u012bdzen\u0101s un sakaltu\u0161\u0101s akrila paliekas vai radu\u0161os burbu\u013cus \u2013 ieg\u016bstiet gludu virsmu bez skr\u0101p\u0113jumiem, plais\u0101m un burbu\u013ciem. No\u017e\u016bstot ieg\u016bst izteikti sp\u012bd\u012bgu, zaigojo\u0161u apdari un saglab\u0101 kr\u0101sas necaurredzam\u012bbu, sa\u0137eri, iztur\u012bbu un kvalit\u0101ti ar\u012b ilgtermi\u0146\u0101. T\u0101pat tas papla\u0161ina kr\u0101su v\u0113l vair\u0101k, neietekm\u0113jot akrila stabilit\u0101ti un samazina viskozit\u0101ti, izmantojot biez\u0101kas kr\u0101sas, pie\u0161\u0137irot lab\u0101ku pl\u016bsmu. Lieto\u0161ana: &#8211; Piln\u012bb\u0101 sajaucams ar visiem Liquitex produktiem &#8211; Lai ieg\u016btu lab\u0101ku rezult\u0101tu, pievienojiet \u0113damkaroti kr\u0101sas vienai gl\u0101zei Pouring Medium (apm\u0113ram 5% kr\u0101sa un 95% m\u0113dijs) un piel\u0101gojiet to savai tehnikai. &#8211; Lai lietotu ar \u0161\u0137idru akrila tinti vai biez\u0101ku Heavy Body Acrylic, piel\u0101gojiet attiec\u012bbu, lai ieg\u016btu v\u0113lamo konsistenci &#8211; Viegli samaisiet, lai nerastos putas &#8211; ja par\u0101d\u0101s burbu\u013ci, atst\u0101jiet to past\u0101v\u0113t, kam\u0113r burbu\u013ci pace\u013cas un paz\u016bd &#8211; Izmantojiet k\u0101 parastu \u0161\u0137idru extender m\u0113diju &#8211; iejauciet akrila kr\u0101s\u0101 tik daudz, cik v\u0113laties, lai sasniegto v\u0113lamo tilpumu un viskozit\u0101ti &#8211; To\u0146u sajaukumi un plaisas var rasties, ja pl\u016bsma ir \u013coti nevienm\u0113r\u012bga, t\u0101p\u0113c, novietojot apstr\u0101d\u0101to darbu, lai tas no\u017e\u016btu, p\u0101rliecinieties, ka tas atrodas uz l\u012bdzenas virsmas Lieto\u0161ana: &#8211; Nekratiet un intens\u012bvi nemaisiet, jo &hellip; <a href=\"https:\/\/hobstop.ee\/lv\/produkts\/medijs-akrilam-liquitex-pouring-iridescent\/\">Turpin\u0101jums<\/a><\/p>\n","protected":false},"featured_media":354099,"comment_status":"closed","ping_status":"closed","template":"","meta":{"_acf_changed":false,"ep_exclude_from_search":false},"product_cat":[20361],"product_tag":[],"class_list":{"0":"post-342013","1":"product","2":"type-product","3":"status-publish","4":"has-post-thumbnail","6":"product_cat-maaramata","8":"first","9":"instock","10":"taxable","11":"shipping-taxable","12":"product-type-simple"},"acf":[],"yoast_head":"<!-- This site is optimized with the Yoast SEO plugin v24.1 - https:\/\/yoast.com\/wordpress\/plugins\/seo\/ -->\n<title>Medijs akrilam Liquitex Pouring Iridescent &#8211; Skizze<\/title>\n<meta name=\"robots\" content=\"noindex, follow, max-snippet:-1, max-image-preview:large, max-video-preview:-1\" \/>\n<meta property=\"og:locale\" content=\"lv_LV\" \/>\n<meta property=\"og:type\" content=\"article\" \/>\n<meta property=\"og:title\" content=\"Medijs akrilam Liquitex Pouring Iridescent &#8211; Skizze\" \/>\n<meta property=\"og:description\" content=\"Sagatavojiet kr\u0101su vienm\u0113r\u012bgai uzkl\u0101\u0161anai ar izteiktu sp\u012bdumu, bez to\u0146u sajauk\u0161an\u0101s, vienlaikus samazinot viskozit\u0101ti un palielinot elast\u012bbu \u2013 un tas viss ar zaigojo\u0161u mirdzumu! Liquitex Iridescent Pouring m\u0113dijs izl\u012bdzin\u0101s nel\u012bdzen\u0101s un sakaltu\u0161\u0101s akrila paliekas vai radu\u0161os burbu\u013cus \u2013 ieg\u016bstiet gludu virsmu bez skr\u0101p\u0113jumiem, plais\u0101m un burbu\u013ciem. No\u017e\u016bstot ieg\u016bst izteikti sp\u012bd\u012bgu, zaigojo\u0161u apdari un saglab\u0101 kr\u0101sas necaurredzam\u012bbu, sa\u0137eri, iztur\u012bbu un kvalit\u0101ti ar\u012b ilgtermi\u0146\u0101. T\u0101pat tas papla\u0161ina kr\u0101su v\u0113l vair\u0101k, neietekm\u0113jot akrila stabilit\u0101ti un samazina viskozit\u0101ti, izmantojot biez\u0101kas kr\u0101sas, pie\u0161\u0137irot lab\u0101ku pl\u016bsmu. Lieto\u0161ana: &#8211; Piln\u012bb\u0101 sajaucams ar visiem Liquitex produktiem &#8211; Lai ieg\u016btu lab\u0101ku rezult\u0101tu, pievienojiet \u0113damkaroti kr\u0101sas vienai gl\u0101zei Pouring Medium (apm\u0113ram 5% kr\u0101sa un 95% m\u0113dijs) un piel\u0101gojiet to savai tehnikai. &#8211; Lai lietotu ar \u0161\u0137idru akrila tinti vai biez\u0101ku Heavy Body Acrylic, piel\u0101gojiet attiec\u012bbu, lai ieg\u016btu v\u0113lamo konsistenci &#8211; Viegli samaisiet, lai nerastos putas &#8211; ja par\u0101d\u0101s burbu\u013ci, atst\u0101jiet to past\u0101v\u0113t, kam\u0113r burbu\u013ci pace\u013cas un paz\u016bd &#8211; Izmantojiet k\u0101 parastu \u0161\u0137idru extender m\u0113diju &#8211; iejauciet akrila kr\u0101s\u0101 tik daudz, cik v\u0113laties, lai sasniegto v\u0113lamo tilpumu un viskozit\u0101ti &#8211; To\u0146u sajaukumi un plaisas var rasties, ja pl\u016bsma ir \u013coti nevienm\u0113r\u012bga, t\u0101p\u0113c, novietojot apstr\u0101d\u0101to darbu, lai tas no\u017e\u016btu, p\u0101rliecinieties, ka tas atrodas uz l\u012bdzenas virsmas Lieto\u0161ana: &#8211; Nekratiet un intens\u012bvi nemaisiet, jo &hellip; Turpin\u0101jums\" \/>\n<meta property=\"og:url\" content=\"https:\/\/hobstop.ee\/lv\/produkts\/medijs-akrilam-liquitex-pouring-iridescent\/\" \/>\n<meta property=\"og:site_name\" content=\"Skizze\" \/>\n<meta property=\"article:publisher\" content=\"http:\/\/www.facebook.com\/VunderSkizze\" \/>\n<meta property=\"og:image\" content=\"https:\/\/hobstop.ee\/media\/5238.jpg\" \/>\n\t<meta property=\"og:image:width\" content=\"1024\" \/>\n\t<meta property=\"og:image:height\" content=\"768\" \/>\n\t<meta property=\"og:image:type\" content=\"image\/jpeg\" \/>\n<meta name=\"twitter:card\" content=\"summary_large_image\" \/>\n<meta name=\"twitter:label1\" content=\"Est. reading time\" \/>\n\t<meta name=\"twitter:data1\" content=\"2 min\u016btes\" \/>\n<script type=\"application\/ld+json\" class=\"yoast-schema-graph\">{\"@context\":\"https:\/\/schema.org\",\"@graph\":[{\"@type\":\"WebPage\",\"@id\":\"https:\/\/hobstop.ee\/lv\/produkts\/medijs-akrilam-liquitex-pouring-iridescent\/\",\"url\":\"https:\/\/hobstop.ee\/lv\/produkts\/medijs-akrilam-liquitex-pouring-iridescent\/\",\"name\":\"Medijs akrilam Liquitex Pouring Iridescent &#8211; Skizze\",\"isPartOf\":{\"@id\":\"https:\/\/hobstop.ee\/lv\/#website\"},\"primaryImageOfPage\":{\"@id\":\"https:\/\/hobstop.ee\/lv\/produkts\/medijs-akrilam-liquitex-pouring-iridescent\/#primaryimage\"},\"image\":{\"@id\":\"https:\/\/hobstop.ee\/lv\/produkts\/medijs-akrilam-liquitex-pouring-iridescent\/#primaryimage\"},\"thumbnailUrl\":\"https:\/\/hobstop.ee\/media\/5238.jpg\",\"datePublished\":\"2021-08-06T12:37:01+00:00\",\"dateModified\":\"2021-08-06T12:37:01+00:00\",\"breadcrumb\":{\"@id\":\"https:\/\/hobstop.ee\/lv\/produkts\/medijs-akrilam-liquitex-pouring-iridescent\/#breadcrumb\"},\"inLanguage\":\"lv-LV\",\"potentialAction\":[{\"@type\":\"ReadAction\",\"target\":[\"https:\/\/hobstop.ee\/lv\/produkts\/medijs-akrilam-liquitex-pouring-iridescent\/\"]}]},{\"@type\":\"ImageObject\",\"inLanguage\":\"lv-LV\",\"@id\":\"https:\/\/hobstop.ee\/lv\/produkts\/medijs-akrilam-liquitex-pouring-iridescent\/#primaryimage\",\"url\":\"https:\/\/hobstop.ee\/media\/5238.jpg\",\"contentUrl\":\"https:\/\/hobstop.ee\/media\/5238.jpg\",\"width\":1024,\"height\":768},{\"@type\":\"BreadcrumbList\",\"@id\":\"https:\/\/hobstop.ee\/lv\/produkts\/medijs-akrilam-liquitex-pouring-iridescent\/#breadcrumb\",\"itemListElement\":[{\"@type\":\"ListItem\",\"position\":1,\"name\":\"Avaleht\",\"item\":\"https:\/\/www.hobstop.ee\/lv\/\"},{\"@type\":\"ListItem\",\"position\":2,\"name\":\"Veikals\",\"item\":\"https:\/\/www.hobstop.ee\/lv\/veikals\/\"},{\"@type\":\"ListItem\",\"position\":3,\"name\":\"Medijs akrilam Liquitex Pouring Iridescent\"}]},{\"@type\":\"WebSite\",\"@id\":\"https:\/\/hobstop.ee\/lv\/#website\",\"url\":\"https:\/\/hobstop.ee\/lv\/\",\"name\":\"Skizze\",\"description\":\"M\u0101kslas, hobiju un skolas preces\",\"publisher\":{\"@id\":\"https:\/\/hobstop.ee\/lv\/#organization\"},\"potentialAction\":[{\"@type\":\"SearchAction\",\"target\":{\"@type\":\"EntryPoint\",\"urlTemplate\":\"https:\/\/hobstop.ee\/lv\/?s={search_term_string}\"},\"query-input\":{\"@type\":\"PropertyValueSpecification\",\"valueRequired\":true,\"valueName\":\"search_term_string\"}}],\"inLanguage\":\"lv-LV\"},{\"@type\":\"Organization\",\"@id\":\"https:\/\/hobstop.ee\/lv\/#organization\",\"name\":\"Vunder AS\",\"url\":\"https:\/\/hobstop.ee\/lv\/\",\"logo\":{\"@type\":\"ImageObject\",\"inLanguage\":\"lv-LV\",\"@id\":\"https:\/\/hobstop.ee\/lv\/#\/schema\/logo\/image\/\",\"url\":\"https:\/\/hobstop.ee\/media\/vunder-logo.png\",\"contentUrl\":\"https:\/\/hobstop.ee\/media\/vunder-logo.png\",\"width\":127,\"height\":55,\"caption\":\"Vunder AS\"},\"image\":{\"@id\":\"https:\/\/hobstop.ee\/lv\/#\/schema\/logo\/image\/\"},\"sameAs\":[\"http:\/\/www.facebook.com\/VunderSkizze\"]}]}<\/script>\n<!-- \/ Yoast SEO plugin. -->","yoast_head_json":{"title":"Medijs akrilam Liquitex Pouring Iridescent &#8211; Skizze","robots":{"index":"noindex","follow":"follow","max-snippet":"max-snippet:-1","max-image-preview":"max-image-preview:large","max-video-preview":"max-video-preview:-1"},"og_locale":"lv_LV","og_type":"article","og_title":"Medijs akrilam Liquitex Pouring Iridescent &#8211; Skizze","og_description":"Sagatavojiet kr\u0101su vienm\u0113r\u012bgai uzkl\u0101\u0161anai ar izteiktu sp\u012bdumu, bez to\u0146u sajauk\u0161an\u0101s, vienlaikus samazinot viskozit\u0101ti un palielinot elast\u012bbu \u2013 un tas viss ar zaigojo\u0161u mirdzumu! Liquitex Iridescent Pouring m\u0113dijs izl\u012bdzin\u0101s nel\u012bdzen\u0101s un sakaltu\u0161\u0101s akrila paliekas vai radu\u0161os burbu\u013cus \u2013 ieg\u016bstiet gludu virsmu bez skr\u0101p\u0113jumiem, plais\u0101m un burbu\u013ciem. No\u017e\u016bstot ieg\u016bst izteikti sp\u012bd\u012bgu, zaigojo\u0161u apdari un saglab\u0101 kr\u0101sas necaurredzam\u012bbu, sa\u0137eri, iztur\u012bbu un kvalit\u0101ti ar\u012b ilgtermi\u0146\u0101. T\u0101pat tas papla\u0161ina kr\u0101su v\u0113l vair\u0101k, neietekm\u0113jot akrila stabilit\u0101ti un samazina viskozit\u0101ti, izmantojot biez\u0101kas kr\u0101sas, pie\u0161\u0137irot lab\u0101ku pl\u016bsmu. Lieto\u0161ana: &#8211; Piln\u012bb\u0101 sajaucams ar visiem Liquitex produktiem &#8211; Lai ieg\u016btu lab\u0101ku rezult\u0101tu, pievienojiet \u0113damkaroti kr\u0101sas vienai gl\u0101zei Pouring Medium (apm\u0113ram 5% kr\u0101sa un 95% m\u0113dijs) un piel\u0101gojiet to savai tehnikai. &#8211; Lai lietotu ar \u0161\u0137idru akrila tinti vai biez\u0101ku Heavy Body Acrylic, piel\u0101gojiet attiec\u012bbu, lai ieg\u016btu v\u0113lamo konsistenci &#8211; Viegli samaisiet, lai nerastos putas &#8211; ja par\u0101d\u0101s burbu\u013ci, atst\u0101jiet to past\u0101v\u0113t, kam\u0113r burbu\u013ci pace\u013cas un paz\u016bd &#8211; Izmantojiet k\u0101 parastu \u0161\u0137idru extender m\u0113diju &#8211; iejauciet akrila kr\u0101s\u0101 tik daudz, cik v\u0113laties, lai sasniegto v\u0113lamo tilpumu un viskozit\u0101ti &#8211; To\u0146u sajaukumi un plaisas var rasties, ja pl\u016bsma ir \u013coti nevienm\u0113r\u012bga, t\u0101p\u0113c, novietojot apstr\u0101d\u0101to darbu, lai tas no\u017e\u016btu, p\u0101rliecinieties, ka tas atrodas uz l\u012bdzenas virsmas Lieto\u0161ana: &#8211; Nekratiet un intens\u012bvi nemaisiet, jo &hellip; Turpin\u0101jums","og_url":"https:\/\/hobstop.ee\/lv\/produkts\/medijs-akrilam-liquitex-pouring-iridescent\/","og_site_name":"Skizze","article_publisher":"http:\/\/www.facebook.com\/VunderSkizze","og_image":[{"width":1024,"height":768,"url":"https:\/\/hobstop.ee\/media\/5238.jpg","type":"image\/jpeg"}],"twitter_card":"summary_large_image","twitter_misc":{"Est. reading time":"2 min\u016btes"},"schema":{"@context":"https:\/\/schema.org","@graph":[{"@type":"WebPage","@id":"https:\/\/hobstop.ee\/lv\/produkts\/medijs-akrilam-liquitex-pouring-iridescent\/","url":"https:\/\/hobstop.ee\/lv\/produkts\/medijs-akrilam-liquitex-pouring-iridescent\/","name":"Medijs akrilam Liquitex Pouring Iridescent &#8211; Skizze","isPartOf":{"@id":"https:\/\/hobstop.ee\/lv\/#website"},"primaryImageOfPage":{"@id":"https:\/\/hobstop.ee\/lv\/produkts\/medijs-akrilam-liquitex-pouring-iridescent\/#primaryimage"},"image":{"@id":"https:\/\/hobstop.ee\/lv\/produkts\/medijs-akrilam-liquitex-pouring-iridescent\/#primaryimage"},"thumbnailUrl":"https:\/\/hobstop.ee\/media\/5238.jpg","datePublished":"2021-08-06T12:37:01+00:00","dateModified":"2021-08-06T12:37:01+00:00","breadcrumb":{"@id":"https:\/\/hobstop.ee\/lv\/produkts\/medijs-akrilam-liquitex-pouring-iridescent\/#breadcrumb"},"inLanguage":"lv-LV","potentialAction":[{"@type":"ReadAction","target":["https:\/\/hobstop.ee\/lv\/produkts\/medijs-akrilam-liquitex-pouring-iridescent\/"]}]},{"@type":"ImageObject","inLanguage":"lv-LV","@id":"https:\/\/hobstop.ee\/lv\/produkts\/medijs-akrilam-liquitex-pouring-iridescent\/#primaryimage","url":"https:\/\/hobstop.ee\/media\/5238.jpg","contentUrl":"https:\/\/hobstop.ee\/media\/5238.jpg","width":1024,"height":768},{"@type":"BreadcrumbList","@id":"https:\/\/hobstop.ee\/lv\/produkts\/medijs-akrilam-liquitex-pouring-iridescent\/#breadcrumb","itemListElement":[{"@type":"ListItem","position":1,"name":"Avaleht","item":"https:\/\/www.hobstop.ee\/lv\/"},{"@type":"ListItem","position":2,"name":"Veikals","item":"https:\/\/www.hobstop.ee\/lv\/veikals\/"},{"@type":"ListItem","position":3,"name":"Medijs akrilam Liquitex Pouring Iridescent"}]},{"@type":"WebSite","@id":"https:\/\/hobstop.ee\/lv\/#website","url":"https:\/\/hobstop.ee\/lv\/","name":"Skizze","description":"M\u0101kslas, hobiju un skolas preces","publisher":{"@id":"https:\/\/hobstop.ee\/lv\/#organization"},"potentialAction":[{"@type":"SearchAction","target":{"@type":"EntryPoint","urlTemplate":"https:\/\/hobstop.ee\/lv\/?s={search_term_string}"},"query-input":{"@type":"PropertyValueSpecification","valueRequired":true,"valueName":"search_term_string"}}],"inLanguage":"lv-LV"},{"@type":"Organization","@id":"https:\/\/hobstop.ee\/lv\/#organization","name":"Vunder AS","url":"https:\/\/hobstop.ee\/lv\/","logo":{"@type":"ImageObject","inLanguage":"lv-LV","@id":"https:\/\/hobstop.ee\/lv\/#\/schema\/logo\/image\/","url":"https:\/\/hobstop.ee\/media\/vunder-logo.png","contentUrl":"https:\/\/hobstop.ee\/media\/vunder-logo.png","width":127,"height":55,"caption":"Vunder AS"},"image":{"@id":"https:\/\/hobstop.ee\/lv\/#\/schema\/logo\/image\/"},"sameAs":["http:\/\/www.facebook.com\/VunderSkizze"]}]}},"_links":{"self":[{"href":"https:\/\/hobstop.ee\/lv\/wp-json\/wp\/v2\/product\/342013","targetHints":{"allow":["GET"]}}],"collection":[{"href":"https:\/\/hobstop.ee\/lv\/wp-json\/wp\/v2\/product"}],"about":[{"href":"https:\/\/hobstop.ee\/lv\/wp-json\/wp\/v2\/types\/product"}],"replies":[{"embeddable":true,"href":"https:\/\/hobstop.ee\/lv\/wp-json\/wp\/v2\/comments?post=342013"}],"wp:featuredmedia":[{"embeddable":true,"href":"https:\/\/hobstop.ee\/lv\/wp-json\/wp\/v2\/media\/354099"}],"wp:attachment":[{"href":"https:\/\/hobstop.ee\/lv\/wp-json\/wp\/v2\/media?parent=342013"}],"wp:term":[{"taxonomy":"product_cat","embeddable":true,"href":"https:\/\/hobstop.ee\/lv\/wp-json\/wp\/v2\/product_cat?post=342013"},{"taxonomy":"product_tag","embeddable":true,"href":"https:\/\/hobstop.ee\/lv\/wp-json\/wp\/v2\/product_tag?post=342013"}],"curies":[{"name":"wp","href":"https:\/\/api.w.org\/{rel}","templated":true}]}}