{"id":342037,"date":"2021-08-06T15:41:22","date_gmt":"2021-08-06T12:41:22","guid":{"rendered":"https:\/\/sharks.ee\/vunder_2019\/?post_type=product&#038;p=342037"},"modified":"2021-08-06T15:41:35","modified_gmt":"2021-08-06T12:41:35","slug":"tintes-ota-sennelier-ink-brush","status":"publish","type":"product","link":"https:\/\/hobstop.ee\/lv\/produkts\/tintes-ota-sennelier-ink-brush\/","title":{"rendered":"Tintes ota Sennelier Ink Brush"},"content":{"rendered":"<p>Izbaudiet akvare\u013ca patieso b\u016bt\u012bbu un t\u0101 unik\u0101los caursp\u012bd\u012bgos efektus, izmantojot \u0161o intens\u012bvo, spo\u017eo tinti ot\u0101! Sennelier Ink Brush ot\u0101m ir gluds dizains, kas atdarina tradicion\u0101l\u0101s otas, un t\u0101m ir \u012bsti sint\u0113tisk\u0101s \u0161\u0137iedras sari! Pateicoties \u0161\u012bm \u012bstaj\u0101m \u0161\u0137iedr\u0101m, kr\u0101sas uzkl\u0101\u0161ana notiek pl\u016bsto\u0161\u0101k, nemain\u012bg\u0101k un line\u0101r\u0101k. Bet pateicoties otas iek\u0161\u0113jai kapil\u0101ru sist\u0113mai, kr\u0101sas izkliede notiek daudz \u0113rt\u0101k. Ar vienu un to pa\u0161u \u017eestu m\u0101kslinieks var izveidot gan izteikti smalkas, gan ar\u012b \u013coti platas l\u012bnijas (l\u012bdz 10mm), pateicoties nep\u0101rtrauktajai tintes pl\u016bsmai, vienk\u0101r\u0161i piespie\u017eot otu pap\u012bram vai glu\u017ei pret\u0113ji \u2013 atbr\u012bvojot to. Uz pigmenta b\u0101zes veidota tinte ir videi draudz\u012bga, un to var at\u0161\u0137aid\u012bt ar \u016bdeni. Kr\u0101sas ir no Sennelier La Petite Aquarelle kl\u0101sta. Sarakste \u013cauj akvarelistiem un ilustratoriem harmoniski papildin\u0101t savu darbu deta\u013cas un akcentus akvare\u013cu darbos. Ide\u0101li piem\u0113rota v\u0113stu\u013cu rakst\u012b\u0161anai, Bullet Journal faniem, akvarelistiem un ilustratoriem. Tintes otas tilpums ir 6,5ml.<\/p>\n","protected":false},"excerpt":{"rendered":"<p>Izbaudiet akvare\u013ca patieso b\u016bt\u012bbu un t\u0101 unik\u0101los caursp\u012bd\u012bgos efektus, izmantojot \u0161o intens\u012bvo, spo\u017eo tinti ot\u0101! Sennelier Ink Brush ot\u0101m ir gluds dizains, kas atdarina tradicion\u0101l\u0101s otas, un t\u0101m ir \u012bsti sint\u0113tisk\u0101s \u0161\u0137iedras sari! Pateicoties \u0161\u012bm \u012bstaj\u0101m \u0161\u0137iedr\u0101m, kr\u0101sas uzkl\u0101\u0161ana notiek pl\u016bsto\u0161\u0101k, nemain\u012bg\u0101k un line\u0101r\u0101k. Bet pateicoties otas iek\u0161\u0113jai kapil\u0101ru sist\u0113mai, kr\u0101sas izkliede notiek daudz \u0113rt\u0101k. Ar vienu un to pa\u0161u \u017eestu m\u0101kslinieks var izveidot gan izteikti smalkas, gan ar\u012b \u013coti platas l\u012bnijas (l\u012bdz 10mm), pateicoties nep\u0101rtrauktajai tintes pl\u016bsmai, vienk\u0101r\u0161i piespie\u017eot otu pap\u012bram vai glu\u017ei pret\u0113ji \u2013 atbr\u012bvojot to. Uz pigmenta b\u0101zes veidota tinte ir videi draudz\u012bga, un to var at\u0161\u0137aid\u012bt ar \u016bdeni. Kr\u0101sas ir no Sennelier La Petite Aquarelle kl\u0101sta. Sarakste \u013cauj akvarelistiem un ilustratoriem harmoniski papildin\u0101t savu darbu deta\u013cas un akcentus akvare\u013cu darbos. Ide\u0101li piem\u0113rota v\u0113stu\u013cu rakst\u012b\u0161anai, Bullet Journal faniem, akvarelistiem un ilustratoriem. Tintes otas tilpums ir 6,5ml.<\/p>\n","protected":false},"featured_media":354519,"comment_status":"closed","ping_status":"closed","template":"","meta":{"_acf_changed":false,"ep_exclude_from_search":false},"product_cat":[20361],"product_tag":[],"class_list":{"0":"post-342037","1":"product","2":"type-product","3":"status-publish","4":"has-post-thumbnail","6":"product_cat-maaramata","8":"first","9":"instock","10":"taxable","11":"shipping-taxable","12":"product-type-simple"},"acf":[],"yoast_head":"<!-- This site is optimized with the Yoast SEO plugin v24.1 - https:\/\/yoast.com\/wordpress\/plugins\/seo\/ -->\n<title>Tintes ota Sennelier Ink Brush &#8211; Skizze<\/title>\n<meta name=\"robots\" content=\"noindex, follow, max-snippet:-1, max-image-preview:large, max-video-preview:-1\" \/>\n<meta property=\"og:locale\" content=\"lv_LV\" \/>\n<meta property=\"og:type\" content=\"article\" \/>\n<meta property=\"og:title\" content=\"Tintes ota Sennelier Ink Brush &#8211; Skizze\" \/>\n<meta property=\"og:description\" content=\"Izbaudiet akvare\u013ca patieso b\u016bt\u012bbu un t\u0101 unik\u0101los caursp\u012bd\u012bgos efektus, izmantojot \u0161o intens\u012bvo, spo\u017eo tinti ot\u0101! Sennelier Ink Brush ot\u0101m ir gluds dizains, kas atdarina tradicion\u0101l\u0101s otas, un t\u0101m ir \u012bsti sint\u0113tisk\u0101s \u0161\u0137iedras sari! Pateicoties \u0161\u012bm \u012bstaj\u0101m \u0161\u0137iedr\u0101m, kr\u0101sas uzkl\u0101\u0161ana notiek pl\u016bsto\u0161\u0101k, nemain\u012bg\u0101k un line\u0101r\u0101k. Bet pateicoties otas iek\u0161\u0113jai kapil\u0101ru sist\u0113mai, kr\u0101sas izkliede notiek daudz \u0113rt\u0101k. Ar vienu un to pa\u0161u \u017eestu m\u0101kslinieks var izveidot gan izteikti smalkas, gan ar\u012b \u013coti platas l\u012bnijas (l\u012bdz 10mm), pateicoties nep\u0101rtrauktajai tintes pl\u016bsmai, vienk\u0101r\u0161i piespie\u017eot otu pap\u012bram vai glu\u017ei pret\u0113ji \u2013 atbr\u012bvojot to. Uz pigmenta b\u0101zes veidota tinte ir videi draudz\u012bga, un to var at\u0161\u0137aid\u012bt ar \u016bdeni. Kr\u0101sas ir no Sennelier La Petite Aquarelle kl\u0101sta. Sarakste \u013cauj akvarelistiem un ilustratoriem harmoniski papildin\u0101t savu darbu deta\u013cas un akcentus akvare\u013cu darbos. Ide\u0101li piem\u0113rota v\u0113stu\u013cu rakst\u012b\u0161anai, Bullet Journal faniem, akvarelistiem un ilustratoriem. Tintes otas tilpums ir 6,5ml.\" \/>\n<meta property=\"og:url\" content=\"https:\/\/hobstop.ee\/lv\/produkts\/tintes-ota-sennelier-ink-brush\/\" \/>\n<meta property=\"og:site_name\" content=\"Skizze\" \/>\n<meta property=\"article:publisher\" content=\"http:\/\/www.facebook.com\/VunderSkizze\" \/>\n<meta property=\"article:modified_time\" content=\"2021-08-06T12:41:35+00:00\" \/>\n<meta property=\"og:image\" content=\"https:\/\/hobstop.ee\/media\/5256.jpg\" \/>\n\t<meta property=\"og:image:width\" content=\"1024\" \/>\n\t<meta property=\"og:image:height\" content=\"768\" \/>\n\t<meta property=\"og:image:type\" content=\"image\/jpeg\" \/>\n<meta name=\"twitter:card\" content=\"summary_large_image\" \/>\n<meta name=\"twitter:label1\" content=\"Est. reading time\" \/>\n\t<meta name=\"twitter:data1\" content=\"1 min\u016b\u0161u\" \/>\n<script type=\"application\/ld+json\" class=\"yoast-schema-graph\">{\"@context\":\"https:\/\/schema.org\",\"@graph\":[{\"@type\":\"WebPage\",\"@id\":\"https:\/\/hobstop.ee\/lv\/produkts\/tintes-ota-sennelier-ink-brush\/\",\"url\":\"https:\/\/hobstop.ee\/lv\/produkts\/tintes-ota-sennelier-ink-brush\/\",\"name\":\"Tintes ota Sennelier Ink Brush &#8211; Skizze\",\"isPartOf\":{\"@id\":\"https:\/\/hobstop.ee\/lv\/#website\"},\"primaryImageOfPage\":{\"@id\":\"https:\/\/hobstop.ee\/lv\/produkts\/tintes-ota-sennelier-ink-brush\/#primaryimage\"},\"image\":{\"@id\":\"https:\/\/hobstop.ee\/lv\/produkts\/tintes-ota-sennelier-ink-brush\/#primaryimage\"},\"thumbnailUrl\":\"https:\/\/hobstop.ee\/media\/5256.jpg\",\"datePublished\":\"2021-08-06T12:41:22+00:00\",\"dateModified\":\"2021-08-06T12:41:35+00:00\",\"breadcrumb\":{\"@id\":\"https:\/\/hobstop.ee\/lv\/produkts\/tintes-ota-sennelier-ink-brush\/#breadcrumb\"},\"inLanguage\":\"lv-LV\",\"potentialAction\":[{\"@type\":\"ReadAction\",\"target\":[\"https:\/\/hobstop.ee\/lv\/produkts\/tintes-ota-sennelier-ink-brush\/\"]}]},{\"@type\":\"ImageObject\",\"inLanguage\":\"lv-LV\",\"@id\":\"https:\/\/hobstop.ee\/lv\/produkts\/tintes-ota-sennelier-ink-brush\/#primaryimage\",\"url\":\"https:\/\/hobstop.ee\/media\/5256.jpg\",\"contentUrl\":\"https:\/\/hobstop.ee\/media\/5256.jpg\",\"width\":1024,\"height\":768},{\"@type\":\"BreadcrumbList\",\"@id\":\"https:\/\/hobstop.ee\/lv\/produkts\/tintes-ota-sennelier-ink-brush\/#breadcrumb\",\"itemListElement\":[{\"@type\":\"ListItem\",\"position\":1,\"name\":\"Avaleht\",\"item\":\"https:\/\/hobstop.ee\/lv\/\"},{\"@type\":\"ListItem\",\"position\":2,\"name\":\"Veikals\",\"item\":\"https:\/\/hobstop.ee\/lv\/veikals\/\"},{\"@type\":\"ListItem\",\"position\":3,\"name\":\"Tintes ota Sennelier Ink Brush\"}]},{\"@type\":\"WebSite\",\"@id\":\"https:\/\/hobstop.ee\/lv\/#website\",\"url\":\"https:\/\/hobstop.ee\/lv\/\",\"name\":\"Skizze\",\"description\":\"M\u0101kslas, hobiju un skolas preces\",\"publisher\":{\"@id\":\"https:\/\/hobstop.ee\/lv\/#organization\"},\"potentialAction\":[{\"@type\":\"SearchAction\",\"target\":{\"@type\":\"EntryPoint\",\"urlTemplate\":\"https:\/\/hobstop.ee\/lv\/?s={search_term_string}\"},\"query-input\":{\"@type\":\"PropertyValueSpecification\",\"valueRequired\":true,\"valueName\":\"search_term_string\"}}],\"inLanguage\":\"lv-LV\"},{\"@type\":\"Organization\",\"@id\":\"https:\/\/hobstop.ee\/lv\/#organization\",\"name\":\"Vunder AS\",\"url\":\"https:\/\/hobstop.ee\/lv\/\",\"logo\":{\"@type\":\"ImageObject\",\"inLanguage\":\"lv-LV\",\"@id\":\"https:\/\/hobstop.ee\/lv\/#\/schema\/logo\/image\/\",\"url\":\"https:\/\/hobstop.ee\/media\/vunder-logo.png\",\"contentUrl\":\"https:\/\/hobstop.ee\/media\/vunder-logo.png\",\"width\":127,\"height\":55,\"caption\":\"Vunder AS\"},\"image\":{\"@id\":\"https:\/\/hobstop.ee\/lv\/#\/schema\/logo\/image\/\"},\"sameAs\":[\"http:\/\/www.facebook.com\/VunderSkizze\"]}]}<\/script>\n<!-- \/ Yoast SEO plugin. -->","yoast_head_json":{"title":"Tintes ota Sennelier Ink Brush &#8211; Skizze","robots":{"index":"noindex","follow":"follow","max-snippet":"max-snippet:-1","max-image-preview":"max-image-preview:large","max-video-preview":"max-video-preview:-1"},"og_locale":"lv_LV","og_type":"article","og_title":"Tintes ota Sennelier Ink Brush &#8211; Skizze","og_description":"Izbaudiet akvare\u013ca patieso b\u016bt\u012bbu un t\u0101 unik\u0101los caursp\u012bd\u012bgos efektus, izmantojot \u0161o intens\u012bvo, spo\u017eo tinti ot\u0101! Sennelier Ink Brush ot\u0101m ir gluds dizains, kas atdarina tradicion\u0101l\u0101s otas, un t\u0101m ir \u012bsti sint\u0113tisk\u0101s \u0161\u0137iedras sari! Pateicoties \u0161\u012bm \u012bstaj\u0101m \u0161\u0137iedr\u0101m, kr\u0101sas uzkl\u0101\u0161ana notiek pl\u016bsto\u0161\u0101k, nemain\u012bg\u0101k un line\u0101r\u0101k. Bet pateicoties otas iek\u0161\u0113jai kapil\u0101ru sist\u0113mai, kr\u0101sas izkliede notiek daudz \u0113rt\u0101k. Ar vienu un to pa\u0161u \u017eestu m\u0101kslinieks var izveidot gan izteikti smalkas, gan ar\u012b \u013coti platas l\u012bnijas (l\u012bdz 10mm), pateicoties nep\u0101rtrauktajai tintes pl\u016bsmai, vienk\u0101r\u0161i piespie\u017eot otu pap\u012bram vai glu\u017ei pret\u0113ji \u2013 atbr\u012bvojot to. Uz pigmenta b\u0101zes veidota tinte ir videi draudz\u012bga, un to var at\u0161\u0137aid\u012bt ar \u016bdeni. Kr\u0101sas ir no Sennelier La Petite Aquarelle kl\u0101sta. Sarakste \u013cauj akvarelistiem un ilustratoriem harmoniski papildin\u0101t savu darbu deta\u013cas un akcentus akvare\u013cu darbos. Ide\u0101li piem\u0113rota v\u0113stu\u013cu rakst\u012b\u0161anai, Bullet Journal faniem, akvarelistiem un ilustratoriem. Tintes otas tilpums ir 6,5ml.","og_url":"https:\/\/hobstop.ee\/lv\/produkts\/tintes-ota-sennelier-ink-brush\/","og_site_name":"Skizze","article_publisher":"http:\/\/www.facebook.com\/VunderSkizze","article_modified_time":"2021-08-06T12:41:35+00:00","og_image":[{"width":1024,"height":768,"url":"https:\/\/hobstop.ee\/media\/5256.jpg","type":"image\/jpeg"}],"twitter_card":"summary_large_image","twitter_misc":{"Est. reading time":"1 min\u016b\u0161u"},"schema":{"@context":"https:\/\/schema.org","@graph":[{"@type":"WebPage","@id":"https:\/\/hobstop.ee\/lv\/produkts\/tintes-ota-sennelier-ink-brush\/","url":"https:\/\/hobstop.ee\/lv\/produkts\/tintes-ota-sennelier-ink-brush\/","name":"Tintes ota Sennelier Ink Brush &#8211; Skizze","isPartOf":{"@id":"https:\/\/hobstop.ee\/lv\/#website"},"primaryImageOfPage":{"@id":"https:\/\/hobstop.ee\/lv\/produkts\/tintes-ota-sennelier-ink-brush\/#primaryimage"},"image":{"@id":"https:\/\/hobstop.ee\/lv\/produkts\/tintes-ota-sennelier-ink-brush\/#primaryimage"},"thumbnailUrl":"https:\/\/hobstop.ee\/media\/5256.jpg","datePublished":"2021-08-06T12:41:22+00:00","dateModified":"2021-08-06T12:41:35+00:00","breadcrumb":{"@id":"https:\/\/hobstop.ee\/lv\/produkts\/tintes-ota-sennelier-ink-brush\/#breadcrumb"},"inLanguage":"lv-LV","potentialAction":[{"@type":"ReadAction","target":["https:\/\/hobstop.ee\/lv\/produkts\/tintes-ota-sennelier-ink-brush\/"]}]},{"@type":"ImageObject","inLanguage":"lv-LV","@id":"https:\/\/hobstop.ee\/lv\/produkts\/tintes-ota-sennelier-ink-brush\/#primaryimage","url":"https:\/\/hobstop.ee\/media\/5256.jpg","contentUrl":"https:\/\/hobstop.ee\/media\/5256.jpg","width":1024,"height":768},{"@type":"BreadcrumbList","@id":"https:\/\/hobstop.ee\/lv\/produkts\/tintes-ota-sennelier-ink-brush\/#breadcrumb","itemListElement":[{"@type":"ListItem","position":1,"name":"Avaleht","item":"https:\/\/hobstop.ee\/lv\/"},{"@type":"ListItem","position":2,"name":"Veikals","item":"https:\/\/hobstop.ee\/lv\/veikals\/"},{"@type":"ListItem","position":3,"name":"Tintes ota Sennelier Ink Brush"}]},{"@type":"WebSite","@id":"https:\/\/hobstop.ee\/lv\/#website","url":"https:\/\/hobstop.ee\/lv\/","name":"Skizze","description":"M\u0101kslas, hobiju un skolas preces","publisher":{"@id":"https:\/\/hobstop.ee\/lv\/#organization"},"potentialAction":[{"@type":"SearchAction","target":{"@type":"EntryPoint","urlTemplate":"https:\/\/hobstop.ee\/lv\/?s={search_term_string}"},"query-input":{"@type":"PropertyValueSpecification","valueRequired":true,"valueName":"search_term_string"}}],"inLanguage":"lv-LV"},{"@type":"Organization","@id":"https:\/\/hobstop.ee\/lv\/#organization","name":"Vunder AS","url":"https:\/\/hobstop.ee\/lv\/","logo":{"@type":"ImageObject","inLanguage":"lv-LV","@id":"https:\/\/hobstop.ee\/lv\/#\/schema\/logo\/image\/","url":"https:\/\/hobstop.ee\/media\/vunder-logo.png","contentUrl":"https:\/\/hobstop.ee\/media\/vunder-logo.png","width":127,"height":55,"caption":"Vunder AS"},"image":{"@id":"https:\/\/hobstop.ee\/lv\/#\/schema\/logo\/image\/"},"sameAs":["http:\/\/www.facebook.com\/VunderSkizze"]}]}},"_links":{"self":[{"href":"https:\/\/hobstop.ee\/lv\/wp-json\/wp\/v2\/product\/342037","targetHints":{"allow":["GET"]}}],"collection":[{"href":"https:\/\/hobstop.ee\/lv\/wp-json\/wp\/v2\/product"}],"about":[{"href":"https:\/\/hobstop.ee\/lv\/wp-json\/wp\/v2\/types\/product"}],"replies":[{"embeddable":true,"href":"https:\/\/hobstop.ee\/lv\/wp-json\/wp\/v2\/comments?post=342037"}],"wp:featuredmedia":[{"embeddable":true,"href":"https:\/\/hobstop.ee\/lv\/wp-json\/wp\/v2\/media\/354519"}],"wp:attachment":[{"href":"https:\/\/hobstop.ee\/lv\/wp-json\/wp\/v2\/media?parent=342037"}],"wp:term":[{"taxonomy":"product_cat","embeddable":true,"href":"https:\/\/hobstop.ee\/lv\/wp-json\/wp\/v2\/product_cat?post=342037"},{"taxonomy":"product_tag","embeddable":true,"href":"https:\/\/hobstop.ee\/lv\/wp-json\/wp\/v2\/product_tag?post=342037"}],"curies":[{"name":"wp","href":"https:\/\/api.w.org\/{rel}","templated":true}]}}