{"id":342045,"date":"2021-08-06T15:54:50","date_gmt":"2021-08-06T12:54:50","guid":{"rendered":"https:\/\/sharks.ee\/vunder_2019\/?post_type=product&#038;p=342045"},"modified":"2021-08-06T15:54:50","modified_gmt":"2021-08-06T12:54:50","slug":"zimesanas-komplekts-maped-creativ-50gab","status":"publish","type":"product","link":"https:\/\/hobstop.ee\/lv\/produkts\/zimesanas-komplekts-maped-creativ-50gab\/","title":{"rendered":"Z\u012bm\u0113\u0161anas komplekts Maped Creativ 50gab."},"content":{"rendered":"<p>Kr\u0101su komplekts, kas pilns ar kr\u0101s\u0101m! Kr\u0101sainais, daudzfunkcion\u0101lais komplekts ietver 50 dinamiskus un daudzveid\u012bgus priek\u0161metus kr\u0101so\u0161anai, z\u012bmu\u013cu gl\u0101z\u012bti, ko var pats izveidot un dekor\u0113t, un modernu, atk\u0101rtoti lietojamu kartona k\u0101rbu kr\u0101so\u0161anas priek\u0161metiem. <\/p>\n<p>Komplekt\u0101 ietilpst:<br \/>\n16 kr\u0101sainie z\u012bmu\u013ci<br \/>\n12 Color\u2019Peps Jungle flom\u0101steri<br \/>\n16 kr\u0101sainie kr\u012bti\u0146i<br \/>\n6 t\u016bbi\u0146as ar sp\u012bdumiem<br \/>\nKartona z\u012bmu\u013cu gl\u0101z\u012bte<\/p>\n","protected":false},"excerpt":{"rendered":"<p>Kr\u0101su komplekts, kas pilns ar kr\u0101s\u0101m! Kr\u0101sainais, daudzfunkcion\u0101lais komplekts ietver 50 dinamiskus un daudzveid\u012bgus priek\u0161metus kr\u0101so\u0161anai, z\u012bmu\u013cu gl\u0101z\u012bti, ko var pats izveidot un dekor\u0113t, un modernu, atk\u0101rtoti lietojamu kartona k\u0101rbu kr\u0101so\u0161anas priek\u0161metiem. Komplekt\u0101 ietilpst: 16 kr\u0101sainie z\u012bmu\u013ci 12 Color\u2019Peps Jungle flom\u0101steri 16 kr\u0101sainie kr\u012bti\u0146i 6 t\u016bbi\u0146as ar sp\u012bdumiem Kartona z\u012bmu\u013cu gl\u0101z\u012bte<\/p>\n","protected":false},"featured_media":354215,"comment_status":"closed","ping_status":"closed","template":"","meta":{"_acf_changed":false,"ep_exclude_from_search":false},"product_cat":[20361],"product_tag":[],"class_list":{"0":"post-342045","1":"product","2":"type-product","3":"status-publish","4":"has-post-thumbnail","6":"product_cat-maaramata","8":"first","9":"instock","10":"taxable","11":"shipping-taxable","12":"product-type-simple"},"acf":[],"yoast_head":"<!-- This site is optimized with the Yoast SEO plugin v24.1 - https:\/\/yoast.com\/wordpress\/plugins\/seo\/ -->\n<title>Z\u012bm\u0113\u0161anas komplekts Maped Creativ 50gab. &#8211; Skizze<\/title>\n<meta name=\"robots\" content=\"noindex, follow, max-snippet:-1, max-image-preview:large, max-video-preview:-1\" \/>\n<meta property=\"og:locale\" content=\"lv_LV\" \/>\n<meta property=\"og:type\" content=\"article\" \/>\n<meta property=\"og:title\" content=\"Z\u012bm\u0113\u0161anas komplekts Maped Creativ 50gab. &#8211; Skizze\" \/>\n<meta property=\"og:description\" content=\"Kr\u0101su komplekts, kas pilns ar kr\u0101s\u0101m! Kr\u0101sainais, daudzfunkcion\u0101lais komplekts ietver 50 dinamiskus un daudzveid\u012bgus priek\u0161metus kr\u0101so\u0161anai, z\u012bmu\u013cu gl\u0101z\u012bti, ko var pats izveidot un dekor\u0113t, un modernu, atk\u0101rtoti lietojamu kartona k\u0101rbu kr\u0101so\u0161anas priek\u0161metiem. Komplekt\u0101 ietilpst: 16 kr\u0101sainie z\u012bmu\u013ci 12 Color\u2019Peps Jungle flom\u0101steri 16 kr\u0101sainie kr\u012bti\u0146i 6 t\u016bbi\u0146as ar sp\u012bdumiem Kartona z\u012bmu\u013cu gl\u0101z\u012bte\" \/>\n<meta property=\"og:url\" content=\"https:\/\/hobstop.ee\/lv\/produkts\/zimesanas-komplekts-maped-creativ-50gab\/\" \/>\n<meta property=\"og:site_name\" content=\"Skizze\" \/>\n<meta property=\"article:publisher\" content=\"http:\/\/www.facebook.com\/VunderSkizze\" \/>\n<meta property=\"og:image\" content=\"https:\/\/hobstop.ee\/media\/5258.jpg\" \/>\n\t<meta property=\"og:image:width\" content=\"1024\" \/>\n\t<meta property=\"og:image:height\" content=\"768\" \/>\n\t<meta property=\"og:image:type\" content=\"image\/jpeg\" \/>\n<meta name=\"twitter:card\" content=\"summary_large_image\" \/>\n<script type=\"application\/ld+json\" class=\"yoast-schema-graph\">{\"@context\":\"https:\/\/schema.org\",\"@graph\":[{\"@type\":\"WebPage\",\"@id\":\"https:\/\/hobstop.ee\/lv\/produkts\/zimesanas-komplekts-maped-creativ-50gab\/\",\"url\":\"https:\/\/hobstop.ee\/lv\/produkts\/zimesanas-komplekts-maped-creativ-50gab\/\",\"name\":\"Z\u012bm\u0113\u0161anas komplekts Maped Creativ 50gab. &#8211; Skizze\",\"isPartOf\":{\"@id\":\"https:\/\/hobstop.ee\/lv\/#website\"},\"primaryImageOfPage\":{\"@id\":\"https:\/\/hobstop.ee\/lv\/produkts\/zimesanas-komplekts-maped-creativ-50gab\/#primaryimage\"},\"image\":{\"@id\":\"https:\/\/hobstop.ee\/lv\/produkts\/zimesanas-komplekts-maped-creativ-50gab\/#primaryimage\"},\"thumbnailUrl\":\"https:\/\/hobstop.ee\/media\/5258.jpg\",\"datePublished\":\"2021-08-06T12:54:50+00:00\",\"dateModified\":\"2021-08-06T12:54:50+00:00\",\"breadcrumb\":{\"@id\":\"https:\/\/hobstop.ee\/lv\/produkts\/zimesanas-komplekts-maped-creativ-50gab\/#breadcrumb\"},\"inLanguage\":\"lv-LV\",\"potentialAction\":[{\"@type\":\"ReadAction\",\"target\":[\"https:\/\/hobstop.ee\/lv\/produkts\/zimesanas-komplekts-maped-creativ-50gab\/\"]}]},{\"@type\":\"ImageObject\",\"inLanguage\":\"lv-LV\",\"@id\":\"https:\/\/hobstop.ee\/lv\/produkts\/zimesanas-komplekts-maped-creativ-50gab\/#primaryimage\",\"url\":\"https:\/\/hobstop.ee\/media\/5258.jpg\",\"contentUrl\":\"https:\/\/hobstop.ee\/media\/5258.jpg\",\"width\":1024,\"height\":768},{\"@type\":\"BreadcrumbList\",\"@id\":\"https:\/\/hobstop.ee\/lv\/produkts\/zimesanas-komplekts-maped-creativ-50gab\/#breadcrumb\",\"itemListElement\":[{\"@type\":\"ListItem\",\"position\":1,\"name\":\"Avaleht\",\"item\":\"https:\/\/www.hobstop.ee\/lv\/\"},{\"@type\":\"ListItem\",\"position\":2,\"name\":\"Veikals\",\"item\":\"https:\/\/www.hobstop.ee\/lv\/veikals\/\"},{\"@type\":\"ListItem\",\"position\":3,\"name\":\"Z\u012bm\u0113\u0161anas komplekts Maped Creativ 50gab.\"}]},{\"@type\":\"WebSite\",\"@id\":\"https:\/\/hobstop.ee\/lv\/#website\",\"url\":\"https:\/\/hobstop.ee\/lv\/\",\"name\":\"Skizze\",\"description\":\"M\u0101kslas, hobiju un skolas preces\",\"publisher\":{\"@id\":\"https:\/\/hobstop.ee\/lv\/#organization\"},\"potentialAction\":[{\"@type\":\"SearchAction\",\"target\":{\"@type\":\"EntryPoint\",\"urlTemplate\":\"https:\/\/hobstop.ee\/lv\/?s={search_term_string}\"},\"query-input\":{\"@type\":\"PropertyValueSpecification\",\"valueRequired\":true,\"valueName\":\"search_term_string\"}}],\"inLanguage\":\"lv-LV\"},{\"@type\":\"Organization\",\"@id\":\"https:\/\/hobstop.ee\/lv\/#organization\",\"name\":\"Vunder AS\",\"url\":\"https:\/\/hobstop.ee\/lv\/\",\"logo\":{\"@type\":\"ImageObject\",\"inLanguage\":\"lv-LV\",\"@id\":\"https:\/\/hobstop.ee\/lv\/#\/schema\/logo\/image\/\",\"url\":\"https:\/\/hobstop.ee\/media\/vunder-logo.png\",\"contentUrl\":\"https:\/\/hobstop.ee\/media\/vunder-logo.png\",\"width\":127,\"height\":55,\"caption\":\"Vunder AS\"},\"image\":{\"@id\":\"https:\/\/hobstop.ee\/lv\/#\/schema\/logo\/image\/\"},\"sameAs\":[\"http:\/\/www.facebook.com\/VunderSkizze\"]}]}<\/script>\n<!-- \/ Yoast SEO plugin. -->","yoast_head_json":{"title":"Z\u012bm\u0113\u0161anas komplekts Maped Creativ 50gab. &#8211; Skizze","robots":{"index":"noindex","follow":"follow","max-snippet":"max-snippet:-1","max-image-preview":"max-image-preview:large","max-video-preview":"max-video-preview:-1"},"og_locale":"lv_LV","og_type":"article","og_title":"Z\u012bm\u0113\u0161anas komplekts Maped Creativ 50gab. &#8211; Skizze","og_description":"Kr\u0101su komplekts, kas pilns ar kr\u0101s\u0101m! Kr\u0101sainais, daudzfunkcion\u0101lais komplekts ietver 50 dinamiskus un daudzveid\u012bgus priek\u0161metus kr\u0101so\u0161anai, z\u012bmu\u013cu gl\u0101z\u012bti, ko var pats izveidot un dekor\u0113t, un modernu, atk\u0101rtoti lietojamu kartona k\u0101rbu kr\u0101so\u0161anas priek\u0161metiem. Komplekt\u0101 ietilpst: 16 kr\u0101sainie z\u012bmu\u013ci 12 Color\u2019Peps Jungle flom\u0101steri 16 kr\u0101sainie kr\u012bti\u0146i 6 t\u016bbi\u0146as ar sp\u012bdumiem Kartona z\u012bmu\u013cu gl\u0101z\u012bte","og_url":"https:\/\/hobstop.ee\/lv\/produkts\/zimesanas-komplekts-maped-creativ-50gab\/","og_site_name":"Skizze","article_publisher":"http:\/\/www.facebook.com\/VunderSkizze","og_image":[{"width":1024,"height":768,"url":"https:\/\/hobstop.ee\/media\/5258.jpg","type":"image\/jpeg"}],"twitter_card":"summary_large_image","schema":{"@context":"https:\/\/schema.org","@graph":[{"@type":"WebPage","@id":"https:\/\/hobstop.ee\/lv\/produkts\/zimesanas-komplekts-maped-creativ-50gab\/","url":"https:\/\/hobstop.ee\/lv\/produkts\/zimesanas-komplekts-maped-creativ-50gab\/","name":"Z\u012bm\u0113\u0161anas komplekts Maped Creativ 50gab. &#8211; Skizze","isPartOf":{"@id":"https:\/\/hobstop.ee\/lv\/#website"},"primaryImageOfPage":{"@id":"https:\/\/hobstop.ee\/lv\/produkts\/zimesanas-komplekts-maped-creativ-50gab\/#primaryimage"},"image":{"@id":"https:\/\/hobstop.ee\/lv\/produkts\/zimesanas-komplekts-maped-creativ-50gab\/#primaryimage"},"thumbnailUrl":"https:\/\/hobstop.ee\/media\/5258.jpg","datePublished":"2021-08-06T12:54:50+00:00","dateModified":"2021-08-06T12:54:50+00:00","breadcrumb":{"@id":"https:\/\/hobstop.ee\/lv\/produkts\/zimesanas-komplekts-maped-creativ-50gab\/#breadcrumb"},"inLanguage":"lv-LV","potentialAction":[{"@type":"ReadAction","target":["https:\/\/hobstop.ee\/lv\/produkts\/zimesanas-komplekts-maped-creativ-50gab\/"]}]},{"@type":"ImageObject","inLanguage":"lv-LV","@id":"https:\/\/hobstop.ee\/lv\/produkts\/zimesanas-komplekts-maped-creativ-50gab\/#primaryimage","url":"https:\/\/hobstop.ee\/media\/5258.jpg","contentUrl":"https:\/\/hobstop.ee\/media\/5258.jpg","width":1024,"height":768},{"@type":"BreadcrumbList","@id":"https:\/\/hobstop.ee\/lv\/produkts\/zimesanas-komplekts-maped-creativ-50gab\/#breadcrumb","itemListElement":[{"@type":"ListItem","position":1,"name":"Avaleht","item":"https:\/\/www.hobstop.ee\/lv\/"},{"@type":"ListItem","position":2,"name":"Veikals","item":"https:\/\/www.hobstop.ee\/lv\/veikals\/"},{"@type":"ListItem","position":3,"name":"Z\u012bm\u0113\u0161anas komplekts Maped Creativ 50gab."}]},{"@type":"WebSite","@id":"https:\/\/hobstop.ee\/lv\/#website","url":"https:\/\/hobstop.ee\/lv\/","name":"Skizze","description":"M\u0101kslas, hobiju un skolas preces","publisher":{"@id":"https:\/\/hobstop.ee\/lv\/#organization"},"potentialAction":[{"@type":"SearchAction","target":{"@type":"EntryPoint","urlTemplate":"https:\/\/hobstop.ee\/lv\/?s={search_term_string}"},"query-input":{"@type":"PropertyValueSpecification","valueRequired":true,"valueName":"search_term_string"}}],"inLanguage":"lv-LV"},{"@type":"Organization","@id":"https:\/\/hobstop.ee\/lv\/#organization","name":"Vunder AS","url":"https:\/\/hobstop.ee\/lv\/","logo":{"@type":"ImageObject","inLanguage":"lv-LV","@id":"https:\/\/hobstop.ee\/lv\/#\/schema\/logo\/image\/","url":"https:\/\/hobstop.ee\/media\/vunder-logo.png","contentUrl":"https:\/\/hobstop.ee\/media\/vunder-logo.png","width":127,"height":55,"caption":"Vunder AS"},"image":{"@id":"https:\/\/hobstop.ee\/lv\/#\/schema\/logo\/image\/"},"sameAs":["http:\/\/www.facebook.com\/VunderSkizze"]}]}},"_links":{"self":[{"href":"https:\/\/hobstop.ee\/lv\/wp-json\/wp\/v2\/product\/342045","targetHints":{"allow":["GET"]}}],"collection":[{"href":"https:\/\/hobstop.ee\/lv\/wp-json\/wp\/v2\/product"}],"about":[{"href":"https:\/\/hobstop.ee\/lv\/wp-json\/wp\/v2\/types\/product"}],"replies":[{"embeddable":true,"href":"https:\/\/hobstop.ee\/lv\/wp-json\/wp\/v2\/comments?post=342045"}],"wp:featuredmedia":[{"embeddable":true,"href":"https:\/\/hobstop.ee\/lv\/wp-json\/wp\/v2\/media\/354215"}],"wp:attachment":[{"href":"https:\/\/hobstop.ee\/lv\/wp-json\/wp\/v2\/media?parent=342045"}],"wp:term":[{"taxonomy":"product_cat","embeddable":true,"href":"https:\/\/hobstop.ee\/lv\/wp-json\/wp\/v2\/product_cat?post=342045"},{"taxonomy":"product_tag","embeddable":true,"href":"https:\/\/hobstop.ee\/lv\/wp-json\/wp\/v2\/product_tag?post=342045"}],"curies":[{"name":"wp","href":"https:\/\/api.w.org\/{rel}","templated":true}]}}