{"id":342049,"date":"2021-08-06T15:55:04","date_gmt":"2021-08-06T12:55:04","guid":{"rendered":"https:\/\/sharks.ee\/vunder_2019\/?post_type=product&#038;p=342049"},"modified":"2021-08-06T15:55:04","modified_gmt":"2021-08-06T12:55:04","slug":"stikla-krasu-komplekts-maped-creativ","status":"publish","type":"product","link":"https:\/\/hobstop.ee\/lv\/produkts\/stikla-krasu-komplekts-maped-creativ\/","title":{"rendered":"Stikla kr\u0101su komplekts Maped Creativ"},"content":{"rendered":"<p>Izveidojiet pats jautras un kr\u0101sainas uzl\u012bmes, kas rot\u0101s j\u016bsu logus! Maped Creativ logu kr\u0101sa ir \u0113rti lietojam\u0101 t\u016bbi\u0146\u0101 ar smalku, prec\u012bzu uzgali. T\u0101 piel\u012bp pie da\u017e\u0101d\u0101m virsm\u0101m, piem\u0113ram, stikla, moza\u012bkas, keramikas. Modern\u0101s kr\u0101sas piem\u0113rotas jautru un unik\u0101lu darbu rad\u012b\u0161anai. <\/p>\n<p>Komplekt\u0101 ietilpst:<br \/>\n4 kr\u0101su t\u016bbi\u0146as, 25 ml katra (tirk\u012bzs, fluoresc\u0113jo\u0161i dzeltena, roz\u0101 un balta)<br \/>\nT\u016bbi\u0146a ar melnu kr\u0101su kont\u016bru veido\u0161anai.<br \/>\n3 lamin\u0113tas abpus\u0113jas lapas = 30 raksti<\/p>\n","protected":false},"excerpt":{"rendered":"<p>Izveidojiet pats jautras un kr\u0101sainas uzl\u012bmes, kas rot\u0101s j\u016bsu logus! Maped Creativ logu kr\u0101sa ir \u0113rti lietojam\u0101 t\u016bbi\u0146\u0101 ar smalku, prec\u012bzu uzgali. T\u0101 piel\u012bp pie da\u017e\u0101d\u0101m virsm\u0101m, piem\u0113ram, stikla, moza\u012bkas, keramikas. Modern\u0101s kr\u0101sas piem\u0113rotas jautru un unik\u0101lu darbu rad\u012b\u0161anai. Komplekt\u0101 ietilpst: 4 kr\u0101su t\u016bbi\u0146as, 25 ml katra (tirk\u012bzs, fluoresc\u0113jo\u0161i dzeltena, roz\u0101 un balta) T\u016bbi\u0146a ar melnu kr\u0101su kont\u016bru veido\u0161anai. 3 lamin\u0113tas abpus\u0113jas lapas = 30 raksti<\/p>\n","protected":false},"featured_media":354219,"comment_status":"closed","ping_status":"closed","template":"","meta":{"_acf_changed":false,"ep_exclude_from_search":false},"product_cat":[20361],"product_tag":[],"class_list":{"0":"post-342049","1":"product","2":"type-product","3":"status-publish","4":"has-post-thumbnail","6":"product_cat-maaramata","8":"first","9":"instock","10":"taxable","11":"shipping-taxable","12":"product-type-simple"},"acf":[],"yoast_head":"<!-- This site is optimized with the Yoast SEO plugin v24.1 - https:\/\/yoast.com\/wordpress\/plugins\/seo\/ -->\n<title>Stikla kr\u0101su komplekts Maped Creativ &#8211; Skizze<\/title>\n<meta name=\"robots\" content=\"noindex, follow, max-snippet:-1, max-image-preview:large, max-video-preview:-1\" \/>\n<meta property=\"og:locale\" content=\"lv_LV\" \/>\n<meta property=\"og:type\" content=\"article\" \/>\n<meta property=\"og:title\" content=\"Stikla kr\u0101su komplekts Maped Creativ &#8211; Skizze\" \/>\n<meta property=\"og:description\" content=\"Izveidojiet pats jautras un kr\u0101sainas uzl\u012bmes, kas rot\u0101s j\u016bsu logus! Maped Creativ logu kr\u0101sa ir \u0113rti lietojam\u0101 t\u016bbi\u0146\u0101 ar smalku, prec\u012bzu uzgali. T\u0101 piel\u012bp pie da\u017e\u0101d\u0101m virsm\u0101m, piem\u0113ram, stikla, moza\u012bkas, keramikas. Modern\u0101s kr\u0101sas piem\u0113rotas jautru un unik\u0101lu darbu rad\u012b\u0161anai. Komplekt\u0101 ietilpst: 4 kr\u0101su t\u016bbi\u0146as, 25 ml katra (tirk\u012bzs, fluoresc\u0113jo\u0161i dzeltena, roz\u0101 un balta) T\u016bbi\u0146a ar melnu kr\u0101su kont\u016bru veido\u0161anai. 3 lamin\u0113tas abpus\u0113jas lapas = 30 raksti\" \/>\n<meta property=\"og:url\" content=\"https:\/\/hobstop.ee\/lv\/produkts\/stikla-krasu-komplekts-maped-creativ\/\" \/>\n<meta property=\"og:site_name\" content=\"Skizze\" \/>\n<meta property=\"article:publisher\" content=\"http:\/\/www.facebook.com\/VunderSkizze\" \/>\n<meta property=\"og:image\" content=\"https:\/\/hobstop.ee\/media\/5259.jpg\" \/>\n\t<meta property=\"og:image:width\" content=\"1024\" \/>\n\t<meta property=\"og:image:height\" content=\"768\" \/>\n\t<meta property=\"og:image:type\" content=\"image\/jpeg\" \/>\n<meta name=\"twitter:card\" content=\"summary_large_image\" \/>\n<script type=\"application\/ld+json\" class=\"yoast-schema-graph\">{\"@context\":\"https:\/\/schema.org\",\"@graph\":[{\"@type\":\"WebPage\",\"@id\":\"https:\/\/hobstop.ee\/lv\/produkts\/stikla-krasu-komplekts-maped-creativ\/\",\"url\":\"https:\/\/hobstop.ee\/lv\/produkts\/stikla-krasu-komplekts-maped-creativ\/\",\"name\":\"Stikla kr\u0101su komplekts Maped Creativ &#8211; Skizze\",\"isPartOf\":{\"@id\":\"https:\/\/hobstop.ee\/lv\/#website\"},\"primaryImageOfPage\":{\"@id\":\"https:\/\/hobstop.ee\/lv\/produkts\/stikla-krasu-komplekts-maped-creativ\/#primaryimage\"},\"image\":{\"@id\":\"https:\/\/hobstop.ee\/lv\/produkts\/stikla-krasu-komplekts-maped-creativ\/#primaryimage\"},\"thumbnailUrl\":\"https:\/\/hobstop.ee\/media\/5259.jpg\",\"datePublished\":\"2021-08-06T12:55:04+00:00\",\"dateModified\":\"2021-08-06T12:55:04+00:00\",\"breadcrumb\":{\"@id\":\"https:\/\/hobstop.ee\/lv\/produkts\/stikla-krasu-komplekts-maped-creativ\/#breadcrumb\"},\"inLanguage\":\"lv-LV\",\"potentialAction\":[{\"@type\":\"ReadAction\",\"target\":[\"https:\/\/hobstop.ee\/lv\/produkts\/stikla-krasu-komplekts-maped-creativ\/\"]}]},{\"@type\":\"ImageObject\",\"inLanguage\":\"lv-LV\",\"@id\":\"https:\/\/hobstop.ee\/lv\/produkts\/stikla-krasu-komplekts-maped-creativ\/#primaryimage\",\"url\":\"https:\/\/hobstop.ee\/media\/5259.jpg\",\"contentUrl\":\"https:\/\/hobstop.ee\/media\/5259.jpg\",\"width\":1024,\"height\":768},{\"@type\":\"BreadcrumbList\",\"@id\":\"https:\/\/hobstop.ee\/lv\/produkts\/stikla-krasu-komplekts-maped-creativ\/#breadcrumb\",\"itemListElement\":[{\"@type\":\"ListItem\",\"position\":1,\"name\":\"Avaleht\",\"item\":\"https:\/\/www.hobstop.ee\/lv\/\"},{\"@type\":\"ListItem\",\"position\":2,\"name\":\"Veikals\",\"item\":\"https:\/\/www.hobstop.ee\/lv\/veikals\/\"},{\"@type\":\"ListItem\",\"position\":3,\"name\":\"Stikla kr\u0101su komplekts Maped Creativ\"}]},{\"@type\":\"WebSite\",\"@id\":\"https:\/\/hobstop.ee\/lv\/#website\",\"url\":\"https:\/\/hobstop.ee\/lv\/\",\"name\":\"Skizze\",\"description\":\"M\u0101kslas, hobiju un skolas preces\",\"publisher\":{\"@id\":\"https:\/\/hobstop.ee\/lv\/#organization\"},\"potentialAction\":[{\"@type\":\"SearchAction\",\"target\":{\"@type\":\"EntryPoint\",\"urlTemplate\":\"https:\/\/hobstop.ee\/lv\/?s={search_term_string}\"},\"query-input\":{\"@type\":\"PropertyValueSpecification\",\"valueRequired\":true,\"valueName\":\"search_term_string\"}}],\"inLanguage\":\"lv-LV\"},{\"@type\":\"Organization\",\"@id\":\"https:\/\/hobstop.ee\/lv\/#organization\",\"name\":\"Vunder AS\",\"url\":\"https:\/\/hobstop.ee\/lv\/\",\"logo\":{\"@type\":\"ImageObject\",\"inLanguage\":\"lv-LV\",\"@id\":\"https:\/\/hobstop.ee\/lv\/#\/schema\/logo\/image\/\",\"url\":\"https:\/\/hobstop.ee\/media\/vunder-logo.png\",\"contentUrl\":\"https:\/\/hobstop.ee\/media\/vunder-logo.png\",\"width\":127,\"height\":55,\"caption\":\"Vunder AS\"},\"image\":{\"@id\":\"https:\/\/hobstop.ee\/lv\/#\/schema\/logo\/image\/\"},\"sameAs\":[\"http:\/\/www.facebook.com\/VunderSkizze\"]}]}<\/script>\n<!-- \/ Yoast SEO plugin. -->","yoast_head_json":{"title":"Stikla kr\u0101su komplekts Maped Creativ &#8211; Skizze","robots":{"index":"noindex","follow":"follow","max-snippet":"max-snippet:-1","max-image-preview":"max-image-preview:large","max-video-preview":"max-video-preview:-1"},"og_locale":"lv_LV","og_type":"article","og_title":"Stikla kr\u0101su komplekts Maped Creativ &#8211; Skizze","og_description":"Izveidojiet pats jautras un kr\u0101sainas uzl\u012bmes, kas rot\u0101s j\u016bsu logus! Maped Creativ logu kr\u0101sa ir \u0113rti lietojam\u0101 t\u016bbi\u0146\u0101 ar smalku, prec\u012bzu uzgali. T\u0101 piel\u012bp pie da\u017e\u0101d\u0101m virsm\u0101m, piem\u0113ram, stikla, moza\u012bkas, keramikas. Modern\u0101s kr\u0101sas piem\u0113rotas jautru un unik\u0101lu darbu rad\u012b\u0161anai. Komplekt\u0101 ietilpst: 4 kr\u0101su t\u016bbi\u0146as, 25 ml katra (tirk\u012bzs, fluoresc\u0113jo\u0161i dzeltena, roz\u0101 un balta) T\u016bbi\u0146a ar melnu kr\u0101su kont\u016bru veido\u0161anai. 3 lamin\u0113tas abpus\u0113jas lapas = 30 raksti","og_url":"https:\/\/hobstop.ee\/lv\/produkts\/stikla-krasu-komplekts-maped-creativ\/","og_site_name":"Skizze","article_publisher":"http:\/\/www.facebook.com\/VunderSkizze","og_image":[{"width":1024,"height":768,"url":"https:\/\/hobstop.ee\/media\/5259.jpg","type":"image\/jpeg"}],"twitter_card":"summary_large_image","schema":{"@context":"https:\/\/schema.org","@graph":[{"@type":"WebPage","@id":"https:\/\/hobstop.ee\/lv\/produkts\/stikla-krasu-komplekts-maped-creativ\/","url":"https:\/\/hobstop.ee\/lv\/produkts\/stikla-krasu-komplekts-maped-creativ\/","name":"Stikla kr\u0101su komplekts Maped Creativ &#8211; Skizze","isPartOf":{"@id":"https:\/\/hobstop.ee\/lv\/#website"},"primaryImageOfPage":{"@id":"https:\/\/hobstop.ee\/lv\/produkts\/stikla-krasu-komplekts-maped-creativ\/#primaryimage"},"image":{"@id":"https:\/\/hobstop.ee\/lv\/produkts\/stikla-krasu-komplekts-maped-creativ\/#primaryimage"},"thumbnailUrl":"https:\/\/hobstop.ee\/media\/5259.jpg","datePublished":"2021-08-06T12:55:04+00:00","dateModified":"2021-08-06T12:55:04+00:00","breadcrumb":{"@id":"https:\/\/hobstop.ee\/lv\/produkts\/stikla-krasu-komplekts-maped-creativ\/#breadcrumb"},"inLanguage":"lv-LV","potentialAction":[{"@type":"ReadAction","target":["https:\/\/hobstop.ee\/lv\/produkts\/stikla-krasu-komplekts-maped-creativ\/"]}]},{"@type":"ImageObject","inLanguage":"lv-LV","@id":"https:\/\/hobstop.ee\/lv\/produkts\/stikla-krasu-komplekts-maped-creativ\/#primaryimage","url":"https:\/\/hobstop.ee\/media\/5259.jpg","contentUrl":"https:\/\/hobstop.ee\/media\/5259.jpg","width":1024,"height":768},{"@type":"BreadcrumbList","@id":"https:\/\/hobstop.ee\/lv\/produkts\/stikla-krasu-komplekts-maped-creativ\/#breadcrumb","itemListElement":[{"@type":"ListItem","position":1,"name":"Avaleht","item":"https:\/\/www.hobstop.ee\/lv\/"},{"@type":"ListItem","position":2,"name":"Veikals","item":"https:\/\/www.hobstop.ee\/lv\/veikals\/"},{"@type":"ListItem","position":3,"name":"Stikla kr\u0101su komplekts Maped Creativ"}]},{"@type":"WebSite","@id":"https:\/\/hobstop.ee\/lv\/#website","url":"https:\/\/hobstop.ee\/lv\/","name":"Skizze","description":"M\u0101kslas, hobiju un skolas preces","publisher":{"@id":"https:\/\/hobstop.ee\/lv\/#organization"},"potentialAction":[{"@type":"SearchAction","target":{"@type":"EntryPoint","urlTemplate":"https:\/\/hobstop.ee\/lv\/?s={search_term_string}"},"query-input":{"@type":"PropertyValueSpecification","valueRequired":true,"valueName":"search_term_string"}}],"inLanguage":"lv-LV"},{"@type":"Organization","@id":"https:\/\/hobstop.ee\/lv\/#organization","name":"Vunder AS","url":"https:\/\/hobstop.ee\/lv\/","logo":{"@type":"ImageObject","inLanguage":"lv-LV","@id":"https:\/\/hobstop.ee\/lv\/#\/schema\/logo\/image\/","url":"https:\/\/hobstop.ee\/media\/vunder-logo.png","contentUrl":"https:\/\/hobstop.ee\/media\/vunder-logo.png","width":127,"height":55,"caption":"Vunder AS"},"image":{"@id":"https:\/\/hobstop.ee\/lv\/#\/schema\/logo\/image\/"},"sameAs":["http:\/\/www.facebook.com\/VunderSkizze"]}]}},"_links":{"self":[{"href":"https:\/\/hobstop.ee\/lv\/wp-json\/wp\/v2\/product\/342049","targetHints":{"allow":["GET"]}}],"collection":[{"href":"https:\/\/hobstop.ee\/lv\/wp-json\/wp\/v2\/product"}],"about":[{"href":"https:\/\/hobstop.ee\/lv\/wp-json\/wp\/v2\/types\/product"}],"replies":[{"embeddable":true,"href":"https:\/\/hobstop.ee\/lv\/wp-json\/wp\/v2\/comments?post=342049"}],"wp:featuredmedia":[{"embeddable":true,"href":"https:\/\/hobstop.ee\/lv\/wp-json\/wp\/v2\/media\/354219"}],"wp:attachment":[{"href":"https:\/\/hobstop.ee\/lv\/wp-json\/wp\/v2\/media?parent=342049"}],"wp:term":[{"taxonomy":"product_cat","embeddable":true,"href":"https:\/\/hobstop.ee\/lv\/wp-json\/wp\/v2\/product_cat?post=342049"},{"taxonomy":"product_tag","embeddable":true,"href":"https:\/\/hobstop.ee\/lv\/wp-json\/wp\/v2\/product_tag?post=342049"}],"curies":[{"name":"wp","href":"https:\/\/api.w.org\/{rel}","templated":true}]}}