{"id":342057,"date":"2021-08-06T15:55:32","date_gmt":"2021-08-06T12:55:32","guid":{"rendered":"https:\/\/sharks.ee\/vunder_2019\/?post_type=product&#038;p=342057"},"modified":"2021-08-06T15:55:32","modified_gmt":"2021-08-06T12:55:32","slug":"zimesanas-tafele-lcd-maped-creativ","status":"publish","type":"product","link":"https:\/\/hobstop.ee\/lv\/produkts\/zimesanas-tafele-lcd-maped-creativ\/","title":{"rendered":"Z\u012bm\u0113\u0161anas t\u0101fele LCD Maped Creativ"},"content":{"rendered":"<p>Ma\u0123isk\u0101 LCD plan\u0161etdators neatkar\u012bgai izklaidei: izdz\u0113siet z\u012bm\u0113jumu uz ekr\u0101na, piespie\u017eot pogu! LCD plan\u0161etdators ar burvju efektu nodro\u0161ina t\u012bru z\u012bm\u0113\u0161anas procesu, b\u0113rns jautri var pavad\u012bt laiku, jo t\u0101 forma at\u0161\u0137iras no t\u0101s, ko izmanto pieaugu\u0161ie. Tas ir viegls, p\u0101rn\u0113s\u0101jams, bez lieka jucek\u013ca &#8211; tas veicina neatkar\u012bbu. Ekr\u0101nu var noblo\u0137\u0113t ar pogu, kas atrodas aizmugur\u0113. Darbojas ar CR2016 3V bateriju (iek\u013cauta komplekt\u0101).<\/p>\n","protected":false},"excerpt":{"rendered":"<p>Ma\u0123isk\u0101 LCD plan\u0161etdators neatkar\u012bgai izklaidei: izdz\u0113siet z\u012bm\u0113jumu uz ekr\u0101na, piespie\u017eot pogu! LCD plan\u0161etdators ar burvju efektu nodro\u0161ina t\u012bru z\u012bm\u0113\u0161anas procesu, b\u0113rns jautri var pavad\u012bt laiku, jo t\u0101 forma at\u0161\u0137iras no t\u0101s, ko izmanto pieaugu\u0161ie. Tas ir viegls, p\u0101rn\u0113s\u0101jams, bez lieka jucek\u013ca &#8211; tas veicina neatkar\u012bbu. Ekr\u0101nu var noblo\u0137\u0113t ar pogu, kas atrodas aizmugur\u0113. Darbojas ar CR2016 3V bateriju (iek\u013cauta komplekt\u0101).<\/p>\n","protected":false},"featured_media":354223,"comment_status":"closed","ping_status":"closed","template":"","meta":{"_acf_changed":false,"ep_exclude_from_search":false},"product_cat":[20361],"product_tag":[],"class_list":{"0":"post-342057","1":"product","2":"type-product","3":"status-publish","4":"has-post-thumbnail","6":"product_cat-maaramata","8":"first","9":"instock","10":"taxable","11":"shipping-taxable","12":"product-type-simple"},"acf":[],"yoast_head":"<!-- This site is optimized with the Yoast SEO plugin v24.1 - https:\/\/yoast.com\/wordpress\/plugins\/seo\/ -->\n<title>Z\u012bm\u0113\u0161anas t\u0101fele LCD Maped Creativ &#8211; Skizze<\/title>\n<meta name=\"robots\" content=\"noindex, follow, max-snippet:-1, max-image-preview:large, max-video-preview:-1\" \/>\n<meta property=\"og:locale\" content=\"lv_LV\" \/>\n<meta property=\"og:type\" content=\"article\" \/>\n<meta property=\"og:title\" content=\"Z\u012bm\u0113\u0161anas t\u0101fele LCD Maped Creativ &#8211; Skizze\" \/>\n<meta property=\"og:description\" content=\"Ma\u0123isk\u0101 LCD plan\u0161etdators neatkar\u012bgai izklaidei: izdz\u0113siet z\u012bm\u0113jumu uz ekr\u0101na, piespie\u017eot pogu! LCD plan\u0161etdators ar burvju efektu nodro\u0161ina t\u012bru z\u012bm\u0113\u0161anas procesu, b\u0113rns jautri var pavad\u012bt laiku, jo t\u0101 forma at\u0161\u0137iras no t\u0101s, ko izmanto pieaugu\u0161ie. Tas ir viegls, p\u0101rn\u0113s\u0101jams, bez lieka jucek\u013ca &#8211; tas veicina neatkar\u012bbu. Ekr\u0101nu var noblo\u0137\u0113t ar pogu, kas atrodas aizmugur\u0113. Darbojas ar CR2016 3V bateriju (iek\u013cauta komplekt\u0101).\" \/>\n<meta property=\"og:url\" content=\"https:\/\/hobstop.ee\/lv\/produkts\/zimesanas-tafele-lcd-maped-creativ\/\" \/>\n<meta property=\"og:site_name\" content=\"Skizze\" \/>\n<meta property=\"article:publisher\" content=\"http:\/\/www.facebook.com\/VunderSkizze\" \/>\n<meta property=\"og:image\" content=\"https:\/\/hobstop.ee\/media\/5261.jpg\" \/>\n\t<meta property=\"og:image:width\" content=\"1024\" \/>\n\t<meta property=\"og:image:height\" content=\"768\" \/>\n\t<meta property=\"og:image:type\" content=\"image\/jpeg\" \/>\n<meta name=\"twitter:card\" content=\"summary_large_image\" \/>\n<script type=\"application\/ld+json\" class=\"yoast-schema-graph\">{\"@context\":\"https:\/\/schema.org\",\"@graph\":[{\"@type\":\"WebPage\",\"@id\":\"https:\/\/hobstop.ee\/lv\/produkts\/zimesanas-tafele-lcd-maped-creativ\/\",\"url\":\"https:\/\/hobstop.ee\/lv\/produkts\/zimesanas-tafele-lcd-maped-creativ\/\",\"name\":\"Z\u012bm\u0113\u0161anas t\u0101fele LCD Maped Creativ &#8211; Skizze\",\"isPartOf\":{\"@id\":\"https:\/\/hobstop.ee\/lv\/#website\"},\"primaryImageOfPage\":{\"@id\":\"https:\/\/hobstop.ee\/lv\/produkts\/zimesanas-tafele-lcd-maped-creativ\/#primaryimage\"},\"image\":{\"@id\":\"https:\/\/hobstop.ee\/lv\/produkts\/zimesanas-tafele-lcd-maped-creativ\/#primaryimage\"},\"thumbnailUrl\":\"https:\/\/hobstop.ee\/media\/5261.jpg\",\"datePublished\":\"2021-08-06T12:55:32+00:00\",\"dateModified\":\"2021-08-06T12:55:32+00:00\",\"breadcrumb\":{\"@id\":\"https:\/\/hobstop.ee\/lv\/produkts\/zimesanas-tafele-lcd-maped-creativ\/#breadcrumb\"},\"inLanguage\":\"lv-LV\",\"potentialAction\":[{\"@type\":\"ReadAction\",\"target\":[\"https:\/\/hobstop.ee\/lv\/produkts\/zimesanas-tafele-lcd-maped-creativ\/\"]}]},{\"@type\":\"ImageObject\",\"inLanguage\":\"lv-LV\",\"@id\":\"https:\/\/hobstop.ee\/lv\/produkts\/zimesanas-tafele-lcd-maped-creativ\/#primaryimage\",\"url\":\"https:\/\/hobstop.ee\/media\/5261.jpg\",\"contentUrl\":\"https:\/\/hobstop.ee\/media\/5261.jpg\",\"width\":1024,\"height\":768},{\"@type\":\"BreadcrumbList\",\"@id\":\"https:\/\/hobstop.ee\/lv\/produkts\/zimesanas-tafele-lcd-maped-creativ\/#breadcrumb\",\"itemListElement\":[{\"@type\":\"ListItem\",\"position\":1,\"name\":\"Avaleht\",\"item\":\"https:\/\/hobstop.ee\/lv\/\"},{\"@type\":\"ListItem\",\"position\":2,\"name\":\"Veikals\",\"item\":\"https:\/\/hobstop.ee\/lv\/veikals\/\"},{\"@type\":\"ListItem\",\"position\":3,\"name\":\"Z\u012bm\u0113\u0161anas t\u0101fele LCD Maped Creativ\"}]},{\"@type\":\"WebSite\",\"@id\":\"https:\/\/hobstop.ee\/lv\/#website\",\"url\":\"https:\/\/hobstop.ee\/lv\/\",\"name\":\"Skizze\",\"description\":\"M\u0101kslas, hobiju un skolas preces\",\"publisher\":{\"@id\":\"https:\/\/hobstop.ee\/lv\/#organization\"},\"potentialAction\":[{\"@type\":\"SearchAction\",\"target\":{\"@type\":\"EntryPoint\",\"urlTemplate\":\"https:\/\/hobstop.ee\/lv\/?s={search_term_string}\"},\"query-input\":{\"@type\":\"PropertyValueSpecification\",\"valueRequired\":true,\"valueName\":\"search_term_string\"}}],\"inLanguage\":\"lv-LV\"},{\"@type\":\"Organization\",\"@id\":\"https:\/\/hobstop.ee\/lv\/#organization\",\"name\":\"Vunder AS\",\"url\":\"https:\/\/hobstop.ee\/lv\/\",\"logo\":{\"@type\":\"ImageObject\",\"inLanguage\":\"lv-LV\",\"@id\":\"https:\/\/hobstop.ee\/lv\/#\/schema\/logo\/image\/\",\"url\":\"https:\/\/hobstop.ee\/media\/vunder-logo.png\",\"contentUrl\":\"https:\/\/hobstop.ee\/media\/vunder-logo.png\",\"width\":127,\"height\":55,\"caption\":\"Vunder AS\"},\"image\":{\"@id\":\"https:\/\/hobstop.ee\/lv\/#\/schema\/logo\/image\/\"},\"sameAs\":[\"http:\/\/www.facebook.com\/VunderSkizze\"]}]}<\/script>\n<!-- \/ Yoast SEO plugin. -->","yoast_head_json":{"title":"Z\u012bm\u0113\u0161anas t\u0101fele LCD Maped Creativ &#8211; Skizze","robots":{"index":"noindex","follow":"follow","max-snippet":"max-snippet:-1","max-image-preview":"max-image-preview:large","max-video-preview":"max-video-preview:-1"},"og_locale":"lv_LV","og_type":"article","og_title":"Z\u012bm\u0113\u0161anas t\u0101fele LCD Maped Creativ &#8211; Skizze","og_description":"Ma\u0123isk\u0101 LCD plan\u0161etdators neatkar\u012bgai izklaidei: izdz\u0113siet z\u012bm\u0113jumu uz ekr\u0101na, piespie\u017eot pogu! LCD plan\u0161etdators ar burvju efektu nodro\u0161ina t\u012bru z\u012bm\u0113\u0161anas procesu, b\u0113rns jautri var pavad\u012bt laiku, jo t\u0101 forma at\u0161\u0137iras no t\u0101s, ko izmanto pieaugu\u0161ie. Tas ir viegls, p\u0101rn\u0113s\u0101jams, bez lieka jucek\u013ca &#8211; tas veicina neatkar\u012bbu. Ekr\u0101nu var noblo\u0137\u0113t ar pogu, kas atrodas aizmugur\u0113. Darbojas ar CR2016 3V bateriju (iek\u013cauta komplekt\u0101).","og_url":"https:\/\/hobstop.ee\/lv\/produkts\/zimesanas-tafele-lcd-maped-creativ\/","og_site_name":"Skizze","article_publisher":"http:\/\/www.facebook.com\/VunderSkizze","og_image":[{"width":1024,"height":768,"url":"https:\/\/hobstop.ee\/media\/5261.jpg","type":"image\/jpeg"}],"twitter_card":"summary_large_image","schema":{"@context":"https:\/\/schema.org","@graph":[{"@type":"WebPage","@id":"https:\/\/hobstop.ee\/lv\/produkts\/zimesanas-tafele-lcd-maped-creativ\/","url":"https:\/\/hobstop.ee\/lv\/produkts\/zimesanas-tafele-lcd-maped-creativ\/","name":"Z\u012bm\u0113\u0161anas t\u0101fele LCD Maped Creativ &#8211; Skizze","isPartOf":{"@id":"https:\/\/hobstop.ee\/lv\/#website"},"primaryImageOfPage":{"@id":"https:\/\/hobstop.ee\/lv\/produkts\/zimesanas-tafele-lcd-maped-creativ\/#primaryimage"},"image":{"@id":"https:\/\/hobstop.ee\/lv\/produkts\/zimesanas-tafele-lcd-maped-creativ\/#primaryimage"},"thumbnailUrl":"https:\/\/hobstop.ee\/media\/5261.jpg","datePublished":"2021-08-06T12:55:32+00:00","dateModified":"2021-08-06T12:55:32+00:00","breadcrumb":{"@id":"https:\/\/hobstop.ee\/lv\/produkts\/zimesanas-tafele-lcd-maped-creativ\/#breadcrumb"},"inLanguage":"lv-LV","potentialAction":[{"@type":"ReadAction","target":["https:\/\/hobstop.ee\/lv\/produkts\/zimesanas-tafele-lcd-maped-creativ\/"]}]},{"@type":"ImageObject","inLanguage":"lv-LV","@id":"https:\/\/hobstop.ee\/lv\/produkts\/zimesanas-tafele-lcd-maped-creativ\/#primaryimage","url":"https:\/\/hobstop.ee\/media\/5261.jpg","contentUrl":"https:\/\/hobstop.ee\/media\/5261.jpg","width":1024,"height":768},{"@type":"BreadcrumbList","@id":"https:\/\/hobstop.ee\/lv\/produkts\/zimesanas-tafele-lcd-maped-creativ\/#breadcrumb","itemListElement":[{"@type":"ListItem","position":1,"name":"Avaleht","item":"https:\/\/hobstop.ee\/lv\/"},{"@type":"ListItem","position":2,"name":"Veikals","item":"https:\/\/hobstop.ee\/lv\/veikals\/"},{"@type":"ListItem","position":3,"name":"Z\u012bm\u0113\u0161anas t\u0101fele LCD Maped Creativ"}]},{"@type":"WebSite","@id":"https:\/\/hobstop.ee\/lv\/#website","url":"https:\/\/hobstop.ee\/lv\/","name":"Skizze","description":"M\u0101kslas, hobiju un skolas preces","publisher":{"@id":"https:\/\/hobstop.ee\/lv\/#organization"},"potentialAction":[{"@type":"SearchAction","target":{"@type":"EntryPoint","urlTemplate":"https:\/\/hobstop.ee\/lv\/?s={search_term_string}"},"query-input":{"@type":"PropertyValueSpecification","valueRequired":true,"valueName":"search_term_string"}}],"inLanguage":"lv-LV"},{"@type":"Organization","@id":"https:\/\/hobstop.ee\/lv\/#organization","name":"Vunder AS","url":"https:\/\/hobstop.ee\/lv\/","logo":{"@type":"ImageObject","inLanguage":"lv-LV","@id":"https:\/\/hobstop.ee\/lv\/#\/schema\/logo\/image\/","url":"https:\/\/hobstop.ee\/media\/vunder-logo.png","contentUrl":"https:\/\/hobstop.ee\/media\/vunder-logo.png","width":127,"height":55,"caption":"Vunder AS"},"image":{"@id":"https:\/\/hobstop.ee\/lv\/#\/schema\/logo\/image\/"},"sameAs":["http:\/\/www.facebook.com\/VunderSkizze"]}]}},"_links":{"self":[{"href":"https:\/\/hobstop.ee\/lv\/wp-json\/wp\/v2\/product\/342057","targetHints":{"allow":["GET"]}}],"collection":[{"href":"https:\/\/hobstop.ee\/lv\/wp-json\/wp\/v2\/product"}],"about":[{"href":"https:\/\/hobstop.ee\/lv\/wp-json\/wp\/v2\/types\/product"}],"replies":[{"embeddable":true,"href":"https:\/\/hobstop.ee\/lv\/wp-json\/wp\/v2\/comments?post=342057"}],"wp:featuredmedia":[{"embeddable":true,"href":"https:\/\/hobstop.ee\/lv\/wp-json\/wp\/v2\/media\/354223"}],"wp:attachment":[{"href":"https:\/\/hobstop.ee\/lv\/wp-json\/wp\/v2\/media?parent=342057"}],"wp:term":[{"taxonomy":"product_cat","embeddable":true,"href":"https:\/\/hobstop.ee\/lv\/wp-json\/wp\/v2\/product_cat?post=342057"},{"taxonomy":"product_tag","embeddable":true,"href":"https:\/\/hobstop.ee\/lv\/wp-json\/wp\/v2\/product_tag?post=342057"}],"curies":[{"name":"wp","href":"https:\/\/api.w.org\/{rel}","templated":true}]}}