{"id":342077,"date":"2021-08-06T15:24:54","date_gmt":"2021-08-06T12:24:54","guid":{"rendered":"https:\/\/sharks.ee\/vunder_2019\/?post_type=product&#038;p=342077"},"modified":"2021-08-06T15:24:54","modified_gmt":"2021-08-06T12:24:54","slug":"gela-pildspalva-izdzesams-mg-so-many-cats","status":"publish","type":"product","link":"https:\/\/hobstop.ee\/lv\/produkts\/gela-pildspalva-izdzesams-mg-so-many-cats\/","title":{"rendered":"G\u0113la pildspalva izdz\u0113\u0161ams M&#038;G So Many Cats"},"content":{"rendered":"<p>Raksti, nodz\u0113s, raksti no jauna! G\u0113la pildspalva jautr\u0101s kr\u0101s\u0101s ar tinti, kas j\u016bt\u012bga pret temperat\u016bru. Var rakst\u012bt, nodz\u0113st un t\u016bl\u012bt rakst\u012bt no jauna, neboj\u0101jot tekstu. Katram ka\u0137u m\u012b\u013cot\u0101jam ir noteikti nepiecie\u0161ama jautra dizaina M&#038;G So Many Cats izdz\u0113\u0161am\u0101 g\u0113la pildspalva!<\/p>\n","protected":false},"excerpt":{"rendered":"<p>Raksti, nodz\u0113s, raksti no jauna! G\u0113la pildspalva jautr\u0101s kr\u0101s\u0101s ar tinti, kas j\u016bt\u012bga pret temperat\u016bru. Var rakst\u012bt, nodz\u0113st un t\u016bl\u012bt rakst\u012bt no jauna, neboj\u0101jot tekstu. Katram ka\u0137u m\u012b\u013cot\u0101jam ir noteikti nepiecie\u0161ama jautra dizaina M&#038;G So Many Cats izdz\u0113\u0161am\u0101 g\u0113la pildspalva!<\/p>\n","protected":false},"featured_media":354123,"comment_status":"closed","ping_status":"closed","template":"","meta":{"_acf_changed":false,"ep_exclude_from_search":false},"product_cat":[20361],"product_tag":[],"class_list":{"0":"post-342077","1":"product","2":"type-product","3":"status-publish","4":"has-post-thumbnail","6":"product_cat-maaramata","8":"first","9":"instock","10":"taxable","11":"shipping-taxable","12":"product-type-simple"},"acf":[],"yoast_head":"<!-- This site is optimized with the Yoast SEO plugin v24.1 - https:\/\/yoast.com\/wordpress\/plugins\/seo\/ -->\n<title>G\u0113la pildspalva izdz\u0113\u0161ams M&amp;G So Many Cats &#8211; Skizze<\/title>\n<meta name=\"robots\" content=\"noindex, follow, max-snippet:-1, max-image-preview:large, max-video-preview:-1\" \/>\n<meta property=\"og:locale\" content=\"lv_LV\" \/>\n<meta property=\"og:type\" content=\"article\" \/>\n<meta property=\"og:title\" content=\"G\u0113la pildspalva izdz\u0113\u0161ams M&amp;G So Many Cats &#8211; Skizze\" \/>\n<meta property=\"og:description\" content=\"Raksti, nodz\u0113s, raksti no jauna! G\u0113la pildspalva jautr\u0101s kr\u0101s\u0101s ar tinti, kas j\u016bt\u012bga pret temperat\u016bru. Var rakst\u012bt, nodz\u0113st un t\u016bl\u012bt rakst\u012bt no jauna, neboj\u0101jot tekstu. Katram ka\u0137u m\u012b\u013cot\u0101jam ir noteikti nepiecie\u0161ama jautra dizaina M&#038;G So Many Cats izdz\u0113\u0161am\u0101 g\u0113la pildspalva!\" \/>\n<meta property=\"og:url\" content=\"https:\/\/hobstop.ee\/lv\/produkts\/gela-pildspalva-izdzesams-mg-so-many-cats\/\" \/>\n<meta property=\"og:site_name\" content=\"Skizze\" \/>\n<meta property=\"article:publisher\" content=\"http:\/\/www.facebook.com\/VunderSkizze\" \/>\n<meta property=\"og:image\" content=\"https:\/\/hobstop.ee\/media\/5266.jpg\" \/>\n\t<meta property=\"og:image:width\" content=\"1024\" \/>\n\t<meta property=\"og:image:height\" content=\"768\" \/>\n\t<meta property=\"og:image:type\" content=\"image\/jpeg\" \/>\n<meta name=\"twitter:card\" content=\"summary_large_image\" \/>\n<script type=\"application\/ld+json\" class=\"yoast-schema-graph\">{\"@context\":\"https:\/\/schema.org\",\"@graph\":[{\"@type\":\"WebPage\",\"@id\":\"https:\/\/hobstop.ee\/lv\/produkts\/gela-pildspalva-izdzesams-mg-so-many-cats\/\",\"url\":\"https:\/\/hobstop.ee\/lv\/produkts\/gela-pildspalva-izdzesams-mg-so-many-cats\/\",\"name\":\"G\u0113la pildspalva izdz\u0113\u0161ams M&G So Many Cats &#8211; Skizze\",\"isPartOf\":{\"@id\":\"https:\/\/hobstop.ee\/lv\/#website\"},\"primaryImageOfPage\":{\"@id\":\"https:\/\/hobstop.ee\/lv\/produkts\/gela-pildspalva-izdzesams-mg-so-many-cats\/#primaryimage\"},\"image\":{\"@id\":\"https:\/\/hobstop.ee\/lv\/produkts\/gela-pildspalva-izdzesams-mg-so-many-cats\/#primaryimage\"},\"thumbnailUrl\":\"https:\/\/hobstop.ee\/media\/5266.jpg\",\"datePublished\":\"2021-08-06T12:24:54+00:00\",\"dateModified\":\"2021-08-06T12:24:54+00:00\",\"breadcrumb\":{\"@id\":\"https:\/\/hobstop.ee\/lv\/produkts\/gela-pildspalva-izdzesams-mg-so-many-cats\/#breadcrumb\"},\"inLanguage\":\"lv-LV\",\"potentialAction\":[{\"@type\":\"ReadAction\",\"target\":[\"https:\/\/hobstop.ee\/lv\/produkts\/gela-pildspalva-izdzesams-mg-so-many-cats\/\"]}]},{\"@type\":\"ImageObject\",\"inLanguage\":\"lv-LV\",\"@id\":\"https:\/\/hobstop.ee\/lv\/produkts\/gela-pildspalva-izdzesams-mg-so-many-cats\/#primaryimage\",\"url\":\"https:\/\/hobstop.ee\/media\/5266.jpg\",\"contentUrl\":\"https:\/\/hobstop.ee\/media\/5266.jpg\",\"width\":1024,\"height\":768},{\"@type\":\"BreadcrumbList\",\"@id\":\"https:\/\/hobstop.ee\/lv\/produkts\/gela-pildspalva-izdzesams-mg-so-many-cats\/#breadcrumb\",\"itemListElement\":[{\"@type\":\"ListItem\",\"position\":1,\"name\":\"Avaleht\",\"item\":\"https:\/\/www.hobstop.ee\/lv\/\"},{\"@type\":\"ListItem\",\"position\":2,\"name\":\"Veikals\",\"item\":\"https:\/\/www.hobstop.ee\/lv\/veikals\/\"},{\"@type\":\"ListItem\",\"position\":3,\"name\":\"G\u0113la pildspalva izdz\u0113\u0161ams M&#038;G So Many Cats\"}]},{\"@type\":\"WebSite\",\"@id\":\"https:\/\/hobstop.ee\/lv\/#website\",\"url\":\"https:\/\/hobstop.ee\/lv\/\",\"name\":\"Skizze\",\"description\":\"M\u0101kslas, hobiju un skolas preces\",\"publisher\":{\"@id\":\"https:\/\/hobstop.ee\/lv\/#organization\"},\"potentialAction\":[{\"@type\":\"SearchAction\",\"target\":{\"@type\":\"EntryPoint\",\"urlTemplate\":\"https:\/\/hobstop.ee\/lv\/?s={search_term_string}\"},\"query-input\":{\"@type\":\"PropertyValueSpecification\",\"valueRequired\":true,\"valueName\":\"search_term_string\"}}],\"inLanguage\":\"lv-LV\"},{\"@type\":\"Organization\",\"@id\":\"https:\/\/hobstop.ee\/lv\/#organization\",\"name\":\"Vunder AS\",\"url\":\"https:\/\/hobstop.ee\/lv\/\",\"logo\":{\"@type\":\"ImageObject\",\"inLanguage\":\"lv-LV\",\"@id\":\"https:\/\/hobstop.ee\/lv\/#\/schema\/logo\/image\/\",\"url\":\"https:\/\/hobstop.ee\/media\/vunder-logo.png\",\"contentUrl\":\"https:\/\/hobstop.ee\/media\/vunder-logo.png\",\"width\":127,\"height\":55,\"caption\":\"Vunder AS\"},\"image\":{\"@id\":\"https:\/\/hobstop.ee\/lv\/#\/schema\/logo\/image\/\"},\"sameAs\":[\"http:\/\/www.facebook.com\/VunderSkizze\"]}]}<\/script>\n<!-- \/ Yoast SEO plugin. -->","yoast_head_json":{"title":"G\u0113la pildspalva izdz\u0113\u0161ams M&G So Many Cats &#8211; Skizze","robots":{"index":"noindex","follow":"follow","max-snippet":"max-snippet:-1","max-image-preview":"max-image-preview:large","max-video-preview":"max-video-preview:-1"},"og_locale":"lv_LV","og_type":"article","og_title":"G\u0113la pildspalva izdz\u0113\u0161ams M&G So Many Cats &#8211; Skizze","og_description":"Raksti, nodz\u0113s, raksti no jauna! G\u0113la pildspalva jautr\u0101s kr\u0101s\u0101s ar tinti, kas j\u016bt\u012bga pret temperat\u016bru. Var rakst\u012bt, nodz\u0113st un t\u016bl\u012bt rakst\u012bt no jauna, neboj\u0101jot tekstu. Katram ka\u0137u m\u012b\u013cot\u0101jam ir noteikti nepiecie\u0161ama jautra dizaina M&#038;G So Many Cats izdz\u0113\u0161am\u0101 g\u0113la pildspalva!","og_url":"https:\/\/hobstop.ee\/lv\/produkts\/gela-pildspalva-izdzesams-mg-so-many-cats\/","og_site_name":"Skizze","article_publisher":"http:\/\/www.facebook.com\/VunderSkizze","og_image":[{"width":1024,"height":768,"url":"https:\/\/hobstop.ee\/media\/5266.jpg","type":"image\/jpeg"}],"twitter_card":"summary_large_image","schema":{"@context":"https:\/\/schema.org","@graph":[{"@type":"WebPage","@id":"https:\/\/hobstop.ee\/lv\/produkts\/gela-pildspalva-izdzesams-mg-so-many-cats\/","url":"https:\/\/hobstop.ee\/lv\/produkts\/gela-pildspalva-izdzesams-mg-so-many-cats\/","name":"G\u0113la pildspalva izdz\u0113\u0161ams M&G So Many Cats &#8211; Skizze","isPartOf":{"@id":"https:\/\/hobstop.ee\/lv\/#website"},"primaryImageOfPage":{"@id":"https:\/\/hobstop.ee\/lv\/produkts\/gela-pildspalva-izdzesams-mg-so-many-cats\/#primaryimage"},"image":{"@id":"https:\/\/hobstop.ee\/lv\/produkts\/gela-pildspalva-izdzesams-mg-so-many-cats\/#primaryimage"},"thumbnailUrl":"https:\/\/hobstop.ee\/media\/5266.jpg","datePublished":"2021-08-06T12:24:54+00:00","dateModified":"2021-08-06T12:24:54+00:00","breadcrumb":{"@id":"https:\/\/hobstop.ee\/lv\/produkts\/gela-pildspalva-izdzesams-mg-so-many-cats\/#breadcrumb"},"inLanguage":"lv-LV","potentialAction":[{"@type":"ReadAction","target":["https:\/\/hobstop.ee\/lv\/produkts\/gela-pildspalva-izdzesams-mg-so-many-cats\/"]}]},{"@type":"ImageObject","inLanguage":"lv-LV","@id":"https:\/\/hobstop.ee\/lv\/produkts\/gela-pildspalva-izdzesams-mg-so-many-cats\/#primaryimage","url":"https:\/\/hobstop.ee\/media\/5266.jpg","contentUrl":"https:\/\/hobstop.ee\/media\/5266.jpg","width":1024,"height":768},{"@type":"BreadcrumbList","@id":"https:\/\/hobstop.ee\/lv\/produkts\/gela-pildspalva-izdzesams-mg-so-many-cats\/#breadcrumb","itemListElement":[{"@type":"ListItem","position":1,"name":"Avaleht","item":"https:\/\/www.hobstop.ee\/lv\/"},{"@type":"ListItem","position":2,"name":"Veikals","item":"https:\/\/www.hobstop.ee\/lv\/veikals\/"},{"@type":"ListItem","position":3,"name":"G\u0113la pildspalva izdz\u0113\u0161ams M&#038;G So Many Cats"}]},{"@type":"WebSite","@id":"https:\/\/hobstop.ee\/lv\/#website","url":"https:\/\/hobstop.ee\/lv\/","name":"Skizze","description":"M\u0101kslas, hobiju un skolas preces","publisher":{"@id":"https:\/\/hobstop.ee\/lv\/#organization"},"potentialAction":[{"@type":"SearchAction","target":{"@type":"EntryPoint","urlTemplate":"https:\/\/hobstop.ee\/lv\/?s={search_term_string}"},"query-input":{"@type":"PropertyValueSpecification","valueRequired":true,"valueName":"search_term_string"}}],"inLanguage":"lv-LV"},{"@type":"Organization","@id":"https:\/\/hobstop.ee\/lv\/#organization","name":"Vunder AS","url":"https:\/\/hobstop.ee\/lv\/","logo":{"@type":"ImageObject","inLanguage":"lv-LV","@id":"https:\/\/hobstop.ee\/lv\/#\/schema\/logo\/image\/","url":"https:\/\/hobstop.ee\/media\/vunder-logo.png","contentUrl":"https:\/\/hobstop.ee\/media\/vunder-logo.png","width":127,"height":55,"caption":"Vunder AS"},"image":{"@id":"https:\/\/hobstop.ee\/lv\/#\/schema\/logo\/image\/"},"sameAs":["http:\/\/www.facebook.com\/VunderSkizze"]}]}},"_links":{"self":[{"href":"https:\/\/hobstop.ee\/lv\/wp-json\/wp\/v2\/product\/342077","targetHints":{"allow":["GET"]}}],"collection":[{"href":"https:\/\/hobstop.ee\/lv\/wp-json\/wp\/v2\/product"}],"about":[{"href":"https:\/\/hobstop.ee\/lv\/wp-json\/wp\/v2\/types\/product"}],"replies":[{"embeddable":true,"href":"https:\/\/hobstop.ee\/lv\/wp-json\/wp\/v2\/comments?post=342077"}],"wp:featuredmedia":[{"embeddable":true,"href":"https:\/\/hobstop.ee\/lv\/wp-json\/wp\/v2\/media\/354123"}],"wp:attachment":[{"href":"https:\/\/hobstop.ee\/lv\/wp-json\/wp\/v2\/media?parent=342077"}],"wp:term":[{"taxonomy":"product_cat","embeddable":true,"href":"https:\/\/hobstop.ee\/lv\/wp-json\/wp\/v2\/product_cat?post=342077"},{"taxonomy":"product_tag","embeddable":true,"href":"https:\/\/hobstop.ee\/lv\/wp-json\/wp\/v2\/product_tag?post=342077"}],"curies":[{"name":"wp","href":"https:\/\/api.w.org\/{rel}","templated":true}]}}