{"id":342109,"date":"2021-08-06T15:59:21","date_gmt":"2021-08-06T12:59:21","guid":{"rendered":"https:\/\/sharks.ee\/vunder_2019\/?post_type=product&#038;p=342109"},"modified":"2021-08-06T15:59:21","modified_gmt":"2021-08-06T12:59:21","slug":"zimesanas-komplekts-maped-colorpeps-monster","status":"publish","type":"product","link":"https:\/\/hobstop.ee\/lv\/produkts\/zimesanas-komplekts-maped-colorpeps-monster\/","title":{"rendered":"Z\u012bm\u0113\u0161anas komplekts Maped Color&#8217;Peps Monster"},"content":{"rendered":"<p>Dekor\u0113ta flom\u0101steru un kr\u0101su z\u012bmu\u013cu izlase ar jautru monstru dizainu, kas b\u0113rniem noteikti patiks! Maped Color\u2019Peps Monster kr\u0101sainie z\u012bmu\u013ci ir izgatavoti no sve\u0137iem un nesatur koku. Tr\u012bsst\u016brveida forma ir viegli satverama, lieliski piem\u0113rota b\u0113rniem, kas aizraujas ar m\u0101kslu un v\u0113las z\u012bm\u0113t, kr\u0101sot, dekor\u0113t un bag\u0101tin\u0101t savus z\u012bm\u0113jumus. Spilgtas kr\u0101sas, viegli asin\u0101ma, iztur\u012bga serdenis (d=2,9mm). Maped Color\u2019Peps Monster flom\u0101steri ir ide\u0101li piem\u0113roti kr\u0101so\u0161anai. To tinti var nomazg\u0101t no liel\u0101k\u0101s da\u013cas tekstilizstr\u0101d\u0101jumu, un t\u0101 ir iztur\u012bga pret iz\u017e\u016b\u0161anu (1 ned\u0113\u013cu bez v\u0101ka).<\/p>\n","protected":false},"excerpt":{"rendered":"<p>Dekor\u0113ta flom\u0101steru un kr\u0101su z\u012bmu\u013cu izlase ar jautru monstru dizainu, kas b\u0113rniem noteikti patiks! Maped Color\u2019Peps Monster kr\u0101sainie z\u012bmu\u013ci ir izgatavoti no sve\u0137iem un nesatur koku. Tr\u012bsst\u016brveida forma ir viegli satverama, lieliski piem\u0113rota b\u0113rniem, kas aizraujas ar m\u0101kslu un v\u0113las z\u012bm\u0113t, kr\u0101sot, dekor\u0113t un bag\u0101tin\u0101t savus z\u012bm\u0113jumus. Spilgtas kr\u0101sas, viegli asin\u0101ma, iztur\u012bga serdenis (d=2,9mm). Maped Color\u2019Peps Monster flom\u0101steri ir ide\u0101li piem\u0113roti kr\u0101so\u0161anai. To tinti var nomazg\u0101t no liel\u0101k\u0101s da\u013cas tekstilizstr\u0101d\u0101jumu, un t\u0101 ir iztur\u012bga pret iz\u017e\u016b\u0161anu (1 ned\u0113\u013cu bez v\u0101ka).<\/p>\n","protected":false},"featured_media":354227,"comment_status":"closed","ping_status":"closed","template":"","meta":{"_acf_changed":false,"ep_exclude_from_search":false},"product_cat":[20361],"product_tag":[],"class_list":{"0":"post-342109","1":"product","2":"type-product","3":"status-publish","4":"has-post-thumbnail","6":"product_cat-maaramata","8":"first","9":"instock","10":"taxable","11":"shipping-taxable","12":"product-type-simple"},"acf":[],"yoast_head":"<!-- This site is optimized with the Yoast SEO plugin v24.1 - https:\/\/yoast.com\/wordpress\/plugins\/seo\/ -->\n<title>Z\u012bm\u0113\u0161anas komplekts Maped Color&#039;Peps Monster &#8211; Skizze<\/title>\n<meta name=\"robots\" content=\"noindex, follow, max-snippet:-1, max-image-preview:large, max-video-preview:-1\" \/>\n<meta property=\"og:locale\" content=\"lv_LV\" \/>\n<meta property=\"og:type\" content=\"article\" \/>\n<meta property=\"og:title\" content=\"Z\u012bm\u0113\u0161anas komplekts Maped Color&#039;Peps Monster &#8211; Skizze\" \/>\n<meta property=\"og:description\" content=\"Dekor\u0113ta flom\u0101steru un kr\u0101su z\u012bmu\u013cu izlase ar jautru monstru dizainu, kas b\u0113rniem noteikti patiks! Maped Color\u2019Peps Monster kr\u0101sainie z\u012bmu\u013ci ir izgatavoti no sve\u0137iem un nesatur koku. Tr\u012bsst\u016brveida forma ir viegli satverama, lieliski piem\u0113rota b\u0113rniem, kas aizraujas ar m\u0101kslu un v\u0113las z\u012bm\u0113t, kr\u0101sot, dekor\u0113t un bag\u0101tin\u0101t savus z\u012bm\u0113jumus. Spilgtas kr\u0101sas, viegli asin\u0101ma, iztur\u012bga serdenis (d=2,9mm). Maped Color\u2019Peps Monster flom\u0101steri ir ide\u0101li piem\u0113roti kr\u0101so\u0161anai. To tinti var nomazg\u0101t no liel\u0101k\u0101s da\u013cas tekstilizstr\u0101d\u0101jumu, un t\u0101 ir iztur\u012bga pret iz\u017e\u016b\u0161anu (1 ned\u0113\u013cu bez v\u0101ka).\" \/>\n<meta property=\"og:url\" content=\"https:\/\/hobstop.ee\/lv\/produkts\/zimesanas-komplekts-maped-colorpeps-monster\/\" \/>\n<meta property=\"og:site_name\" content=\"Skizze\" \/>\n<meta property=\"article:publisher\" content=\"http:\/\/www.facebook.com\/VunderSkizze\" \/>\n<meta property=\"og:image\" content=\"https:\/\/hobstop.ee\/media\/5276.jpg\" \/>\n\t<meta property=\"og:image:width\" content=\"1024\" \/>\n\t<meta property=\"og:image:height\" content=\"768\" \/>\n\t<meta property=\"og:image:type\" content=\"image\/jpeg\" \/>\n<meta name=\"twitter:card\" content=\"summary_large_image\" \/>\n<meta name=\"twitter:label1\" content=\"Est. reading time\" \/>\n\t<meta name=\"twitter:data1\" content=\"1 min\u016b\u0161u\" \/>\n<script type=\"application\/ld+json\" class=\"yoast-schema-graph\">{\"@context\":\"https:\/\/schema.org\",\"@graph\":[{\"@type\":\"WebPage\",\"@id\":\"https:\/\/hobstop.ee\/lv\/produkts\/zimesanas-komplekts-maped-colorpeps-monster\/\",\"url\":\"https:\/\/hobstop.ee\/lv\/produkts\/zimesanas-komplekts-maped-colorpeps-monster\/\",\"name\":\"Z\u012bm\u0113\u0161anas komplekts Maped Color'Peps Monster &#8211; Skizze\",\"isPartOf\":{\"@id\":\"https:\/\/hobstop.ee\/lv\/#website\"},\"primaryImageOfPage\":{\"@id\":\"https:\/\/hobstop.ee\/lv\/produkts\/zimesanas-komplekts-maped-colorpeps-monster\/#primaryimage\"},\"image\":{\"@id\":\"https:\/\/hobstop.ee\/lv\/produkts\/zimesanas-komplekts-maped-colorpeps-monster\/#primaryimage\"},\"thumbnailUrl\":\"https:\/\/hobstop.ee\/media\/5276.jpg\",\"datePublished\":\"2021-08-06T12:59:21+00:00\",\"dateModified\":\"2021-08-06T12:59:21+00:00\",\"breadcrumb\":{\"@id\":\"https:\/\/hobstop.ee\/lv\/produkts\/zimesanas-komplekts-maped-colorpeps-monster\/#breadcrumb\"},\"inLanguage\":\"lv-LV\",\"potentialAction\":[{\"@type\":\"ReadAction\",\"target\":[\"https:\/\/hobstop.ee\/lv\/produkts\/zimesanas-komplekts-maped-colorpeps-monster\/\"]}]},{\"@type\":\"ImageObject\",\"inLanguage\":\"lv-LV\",\"@id\":\"https:\/\/hobstop.ee\/lv\/produkts\/zimesanas-komplekts-maped-colorpeps-monster\/#primaryimage\",\"url\":\"https:\/\/hobstop.ee\/media\/5276.jpg\",\"contentUrl\":\"https:\/\/hobstop.ee\/media\/5276.jpg\",\"width\":1024,\"height\":768},{\"@type\":\"BreadcrumbList\",\"@id\":\"https:\/\/hobstop.ee\/lv\/produkts\/zimesanas-komplekts-maped-colorpeps-monster\/#breadcrumb\",\"itemListElement\":[{\"@type\":\"ListItem\",\"position\":1,\"name\":\"Avaleht\",\"item\":\"https:\/\/www.hobstop.ee\/lv\/\"},{\"@type\":\"ListItem\",\"position\":2,\"name\":\"Veikals\",\"item\":\"https:\/\/www.hobstop.ee\/lv\/veikals\/\"},{\"@type\":\"ListItem\",\"position\":3,\"name\":\"Z\u012bm\u0113\u0161anas komplekts Maped Color&#8217;Peps Monster\"}]},{\"@type\":\"WebSite\",\"@id\":\"https:\/\/hobstop.ee\/lv\/#website\",\"url\":\"https:\/\/hobstop.ee\/lv\/\",\"name\":\"Skizze\",\"description\":\"M\u0101kslas, hobiju un skolas preces\",\"publisher\":{\"@id\":\"https:\/\/hobstop.ee\/lv\/#organization\"},\"potentialAction\":[{\"@type\":\"SearchAction\",\"target\":{\"@type\":\"EntryPoint\",\"urlTemplate\":\"https:\/\/hobstop.ee\/lv\/?s={search_term_string}\"},\"query-input\":{\"@type\":\"PropertyValueSpecification\",\"valueRequired\":true,\"valueName\":\"search_term_string\"}}],\"inLanguage\":\"lv-LV\"},{\"@type\":\"Organization\",\"@id\":\"https:\/\/hobstop.ee\/lv\/#organization\",\"name\":\"Vunder AS\",\"url\":\"https:\/\/hobstop.ee\/lv\/\",\"logo\":{\"@type\":\"ImageObject\",\"inLanguage\":\"lv-LV\",\"@id\":\"https:\/\/hobstop.ee\/lv\/#\/schema\/logo\/image\/\",\"url\":\"https:\/\/hobstop.ee\/media\/vunder-logo.png\",\"contentUrl\":\"https:\/\/hobstop.ee\/media\/vunder-logo.png\",\"width\":127,\"height\":55,\"caption\":\"Vunder AS\"},\"image\":{\"@id\":\"https:\/\/hobstop.ee\/lv\/#\/schema\/logo\/image\/\"},\"sameAs\":[\"http:\/\/www.facebook.com\/VunderSkizze\"]}]}<\/script>\n<!-- \/ Yoast SEO plugin. -->","yoast_head_json":{"title":"Z\u012bm\u0113\u0161anas komplekts Maped Color'Peps Monster &#8211; Skizze","robots":{"index":"noindex","follow":"follow","max-snippet":"max-snippet:-1","max-image-preview":"max-image-preview:large","max-video-preview":"max-video-preview:-1"},"og_locale":"lv_LV","og_type":"article","og_title":"Z\u012bm\u0113\u0161anas komplekts Maped Color'Peps Monster &#8211; Skizze","og_description":"Dekor\u0113ta flom\u0101steru un kr\u0101su z\u012bmu\u013cu izlase ar jautru monstru dizainu, kas b\u0113rniem noteikti patiks! Maped Color\u2019Peps Monster kr\u0101sainie z\u012bmu\u013ci ir izgatavoti no sve\u0137iem un nesatur koku. Tr\u012bsst\u016brveida forma ir viegli satverama, lieliski piem\u0113rota b\u0113rniem, kas aizraujas ar m\u0101kslu un v\u0113las z\u012bm\u0113t, kr\u0101sot, dekor\u0113t un bag\u0101tin\u0101t savus z\u012bm\u0113jumus. Spilgtas kr\u0101sas, viegli asin\u0101ma, iztur\u012bga serdenis (d=2,9mm). Maped Color\u2019Peps Monster flom\u0101steri ir ide\u0101li piem\u0113roti kr\u0101so\u0161anai. To tinti var nomazg\u0101t no liel\u0101k\u0101s da\u013cas tekstilizstr\u0101d\u0101jumu, un t\u0101 ir iztur\u012bga pret iz\u017e\u016b\u0161anu (1 ned\u0113\u013cu bez v\u0101ka).","og_url":"https:\/\/hobstop.ee\/lv\/produkts\/zimesanas-komplekts-maped-colorpeps-monster\/","og_site_name":"Skizze","article_publisher":"http:\/\/www.facebook.com\/VunderSkizze","og_image":[{"width":1024,"height":768,"url":"https:\/\/hobstop.ee\/media\/5276.jpg","type":"image\/jpeg"}],"twitter_card":"summary_large_image","twitter_misc":{"Est. reading time":"1 min\u016b\u0161u"},"schema":{"@context":"https:\/\/schema.org","@graph":[{"@type":"WebPage","@id":"https:\/\/hobstop.ee\/lv\/produkts\/zimesanas-komplekts-maped-colorpeps-monster\/","url":"https:\/\/hobstop.ee\/lv\/produkts\/zimesanas-komplekts-maped-colorpeps-monster\/","name":"Z\u012bm\u0113\u0161anas komplekts Maped Color'Peps Monster &#8211; Skizze","isPartOf":{"@id":"https:\/\/hobstop.ee\/lv\/#website"},"primaryImageOfPage":{"@id":"https:\/\/hobstop.ee\/lv\/produkts\/zimesanas-komplekts-maped-colorpeps-monster\/#primaryimage"},"image":{"@id":"https:\/\/hobstop.ee\/lv\/produkts\/zimesanas-komplekts-maped-colorpeps-monster\/#primaryimage"},"thumbnailUrl":"https:\/\/hobstop.ee\/media\/5276.jpg","datePublished":"2021-08-06T12:59:21+00:00","dateModified":"2021-08-06T12:59:21+00:00","breadcrumb":{"@id":"https:\/\/hobstop.ee\/lv\/produkts\/zimesanas-komplekts-maped-colorpeps-monster\/#breadcrumb"},"inLanguage":"lv-LV","potentialAction":[{"@type":"ReadAction","target":["https:\/\/hobstop.ee\/lv\/produkts\/zimesanas-komplekts-maped-colorpeps-monster\/"]}]},{"@type":"ImageObject","inLanguage":"lv-LV","@id":"https:\/\/hobstop.ee\/lv\/produkts\/zimesanas-komplekts-maped-colorpeps-monster\/#primaryimage","url":"https:\/\/hobstop.ee\/media\/5276.jpg","contentUrl":"https:\/\/hobstop.ee\/media\/5276.jpg","width":1024,"height":768},{"@type":"BreadcrumbList","@id":"https:\/\/hobstop.ee\/lv\/produkts\/zimesanas-komplekts-maped-colorpeps-monster\/#breadcrumb","itemListElement":[{"@type":"ListItem","position":1,"name":"Avaleht","item":"https:\/\/www.hobstop.ee\/lv\/"},{"@type":"ListItem","position":2,"name":"Veikals","item":"https:\/\/www.hobstop.ee\/lv\/veikals\/"},{"@type":"ListItem","position":3,"name":"Z\u012bm\u0113\u0161anas komplekts Maped Color&#8217;Peps Monster"}]},{"@type":"WebSite","@id":"https:\/\/hobstop.ee\/lv\/#website","url":"https:\/\/hobstop.ee\/lv\/","name":"Skizze","description":"M\u0101kslas, hobiju un skolas preces","publisher":{"@id":"https:\/\/hobstop.ee\/lv\/#organization"},"potentialAction":[{"@type":"SearchAction","target":{"@type":"EntryPoint","urlTemplate":"https:\/\/hobstop.ee\/lv\/?s={search_term_string}"},"query-input":{"@type":"PropertyValueSpecification","valueRequired":true,"valueName":"search_term_string"}}],"inLanguage":"lv-LV"},{"@type":"Organization","@id":"https:\/\/hobstop.ee\/lv\/#organization","name":"Vunder AS","url":"https:\/\/hobstop.ee\/lv\/","logo":{"@type":"ImageObject","inLanguage":"lv-LV","@id":"https:\/\/hobstop.ee\/lv\/#\/schema\/logo\/image\/","url":"https:\/\/hobstop.ee\/media\/vunder-logo.png","contentUrl":"https:\/\/hobstop.ee\/media\/vunder-logo.png","width":127,"height":55,"caption":"Vunder AS"},"image":{"@id":"https:\/\/hobstop.ee\/lv\/#\/schema\/logo\/image\/"},"sameAs":["http:\/\/www.facebook.com\/VunderSkizze"]}]}},"_links":{"self":[{"href":"https:\/\/hobstop.ee\/lv\/wp-json\/wp\/v2\/product\/342109","targetHints":{"allow":["GET"]}}],"collection":[{"href":"https:\/\/hobstop.ee\/lv\/wp-json\/wp\/v2\/product"}],"about":[{"href":"https:\/\/hobstop.ee\/lv\/wp-json\/wp\/v2\/types\/product"}],"replies":[{"embeddable":true,"href":"https:\/\/hobstop.ee\/lv\/wp-json\/wp\/v2\/comments?post=342109"}],"wp:featuredmedia":[{"embeddable":true,"href":"https:\/\/hobstop.ee\/lv\/wp-json\/wp\/v2\/media\/354227"}],"wp:attachment":[{"href":"https:\/\/hobstop.ee\/lv\/wp-json\/wp\/v2\/media?parent=342109"}],"wp:term":[{"taxonomy":"product_cat","embeddable":true,"href":"https:\/\/hobstop.ee\/lv\/wp-json\/wp\/v2\/product_cat?post=342109"},{"taxonomy":"product_tag","embeddable":true,"href":"https:\/\/hobstop.ee\/lv\/wp-json\/wp\/v2\/product_tag?post=342109"}],"curies":[{"name":"wp","href":"https:\/\/api.w.org\/{rel}","templated":true}]}}