{"id":342113,"date":"2021-08-06T15:59:08","date_gmt":"2021-08-06T12:59:08","guid":{"rendered":"https:\/\/sharks.ee\/vunder_2019\/?post_type=product&#038;p=342113"},"modified":"2021-08-06T15:59:08","modified_gmt":"2021-08-06T12:59:08","slug":"parastais-zimulis-maped-blackpeps-energy","status":"publish","type":"product","link":"https:\/\/hobstop.ee\/lv\/produkts\/parastais-zimulis-maped-blackpeps-energy\/","title":{"rendered":"Parastais z\u012bmulis Maped Black&#8217;Peps Energy"},"content":{"rendered":"<p>Dom\u0101 pozit\u012bvi ar Maped! Maped Balck\u2019Peps Energy graf\u012bta z\u012bmu\u013ciem ir ar da\u017e\u0101diem pozit\u012bviem zi\u0146ojumiem, kas motiv\u0113, dod ener\u0123iju un atspogu\u013co j\u016bsu noska\u0146ojumu. \u012apa\u0161i modernais korpuss nesatur koku, bet t\u0101 gal\u0101 ir dz\u0113\u0161gumija. Z\u012bmuli ir viegli asin\u0101t. Tr\u012bsst\u016bra forma nodro\u0161ina vienk\u0101r\u0161u un \u0113rtu sa\u0137eri.<\/p>\n","protected":false},"excerpt":{"rendered":"<p>Dom\u0101 pozit\u012bvi ar Maped! Maped Balck\u2019Peps Energy graf\u012bta z\u012bmu\u013ciem ir ar da\u017e\u0101diem pozit\u012bviem zi\u0146ojumiem, kas motiv\u0113, dod ener\u0123iju un atspogu\u013co j\u016bsu noska\u0146ojumu. \u012apa\u0161i modernais korpuss nesatur koku, bet t\u0101 gal\u0101 ir dz\u0113\u0161gumija. Z\u012bmuli ir viegli asin\u0101t. Tr\u012bsst\u016bra forma nodro\u0161ina vienk\u0101r\u0161u un \u0113rtu sa\u0137eri.<\/p>\n","protected":false},"featured_media":354231,"comment_status":"closed","ping_status":"closed","template":"","meta":{"_acf_changed":false,"ep_exclude_from_search":false},"product_cat":[20361],"product_tag":[],"class_list":{"0":"post-342113","1":"product","2":"type-product","3":"status-publish","4":"has-post-thumbnail","6":"product_cat-maaramata","8":"first","9":"instock","10":"taxable","11":"shipping-taxable","12":"product-type-simple"},"acf":[],"yoast_head":"<!-- This site is optimized with the Yoast SEO plugin v24.1 - https:\/\/yoast.com\/wordpress\/plugins\/seo\/ -->\n<title>Parastais z\u012bmulis Maped Black&#039;Peps Energy &#8211; Skizze<\/title>\n<meta name=\"robots\" content=\"noindex, follow, max-snippet:-1, max-image-preview:large, max-video-preview:-1\" \/>\n<meta property=\"og:locale\" content=\"lv_LV\" \/>\n<meta property=\"og:type\" content=\"article\" \/>\n<meta property=\"og:title\" content=\"Parastais z\u012bmulis Maped Black&#039;Peps Energy &#8211; Skizze\" \/>\n<meta property=\"og:description\" content=\"Dom\u0101 pozit\u012bvi ar Maped! Maped Balck\u2019Peps Energy graf\u012bta z\u012bmu\u013ciem ir ar da\u017e\u0101diem pozit\u012bviem zi\u0146ojumiem, kas motiv\u0113, dod ener\u0123iju un atspogu\u013co j\u016bsu noska\u0146ojumu. \u012apa\u0161i modernais korpuss nesatur koku, bet t\u0101 gal\u0101 ir dz\u0113\u0161gumija. Z\u012bmuli ir viegli asin\u0101t. Tr\u012bsst\u016bra forma nodro\u0161ina vienk\u0101r\u0161u un \u0113rtu sa\u0137eri.\" \/>\n<meta property=\"og:url\" content=\"https:\/\/hobstop.ee\/lv\/produkts\/parastais-zimulis-maped-blackpeps-energy\/\" \/>\n<meta property=\"og:site_name\" content=\"Skizze\" \/>\n<meta property=\"article:publisher\" content=\"http:\/\/www.facebook.com\/VunderSkizze\" \/>\n<meta property=\"og:image\" content=\"https:\/\/hobstop.ee\/media\/5277.jpg\" \/>\n\t<meta property=\"og:image:width\" content=\"1024\" \/>\n\t<meta property=\"og:image:height\" content=\"768\" \/>\n\t<meta property=\"og:image:type\" content=\"image\/jpeg\" \/>\n<meta name=\"twitter:card\" content=\"summary_large_image\" \/>\n<script type=\"application\/ld+json\" class=\"yoast-schema-graph\">{\"@context\":\"https:\/\/schema.org\",\"@graph\":[{\"@type\":\"WebPage\",\"@id\":\"https:\/\/hobstop.ee\/lv\/produkts\/parastais-zimulis-maped-blackpeps-energy\/\",\"url\":\"https:\/\/hobstop.ee\/lv\/produkts\/parastais-zimulis-maped-blackpeps-energy\/\",\"name\":\"Parastais z\u012bmulis Maped Black'Peps Energy &#8211; Skizze\",\"isPartOf\":{\"@id\":\"https:\/\/hobstop.ee\/lv\/#website\"},\"primaryImageOfPage\":{\"@id\":\"https:\/\/hobstop.ee\/lv\/produkts\/parastais-zimulis-maped-blackpeps-energy\/#primaryimage\"},\"image\":{\"@id\":\"https:\/\/hobstop.ee\/lv\/produkts\/parastais-zimulis-maped-blackpeps-energy\/#primaryimage\"},\"thumbnailUrl\":\"https:\/\/hobstop.ee\/media\/5277.jpg\",\"datePublished\":\"2021-08-06T12:59:08+00:00\",\"dateModified\":\"2021-08-06T12:59:08+00:00\",\"breadcrumb\":{\"@id\":\"https:\/\/hobstop.ee\/lv\/produkts\/parastais-zimulis-maped-blackpeps-energy\/#breadcrumb\"},\"inLanguage\":\"lv-LV\",\"potentialAction\":[{\"@type\":\"ReadAction\",\"target\":[\"https:\/\/hobstop.ee\/lv\/produkts\/parastais-zimulis-maped-blackpeps-energy\/\"]}]},{\"@type\":\"ImageObject\",\"inLanguage\":\"lv-LV\",\"@id\":\"https:\/\/hobstop.ee\/lv\/produkts\/parastais-zimulis-maped-blackpeps-energy\/#primaryimage\",\"url\":\"https:\/\/hobstop.ee\/media\/5277.jpg\",\"contentUrl\":\"https:\/\/hobstop.ee\/media\/5277.jpg\",\"width\":1024,\"height\":768},{\"@type\":\"BreadcrumbList\",\"@id\":\"https:\/\/hobstop.ee\/lv\/produkts\/parastais-zimulis-maped-blackpeps-energy\/#breadcrumb\",\"itemListElement\":[{\"@type\":\"ListItem\",\"position\":1,\"name\":\"Avaleht\",\"item\":\"https:\/\/www.hobstop.ee\/lv\/\"},{\"@type\":\"ListItem\",\"position\":2,\"name\":\"Veikals\",\"item\":\"https:\/\/www.hobstop.ee\/lv\/veikals\/\"},{\"@type\":\"ListItem\",\"position\":3,\"name\":\"Parastais z\u012bmulis Maped Black&#8217;Peps Energy\"}]},{\"@type\":\"WebSite\",\"@id\":\"https:\/\/hobstop.ee\/lv\/#website\",\"url\":\"https:\/\/hobstop.ee\/lv\/\",\"name\":\"Skizze\",\"description\":\"M\u0101kslas, hobiju un skolas preces\",\"publisher\":{\"@id\":\"https:\/\/hobstop.ee\/lv\/#organization\"},\"potentialAction\":[{\"@type\":\"SearchAction\",\"target\":{\"@type\":\"EntryPoint\",\"urlTemplate\":\"https:\/\/hobstop.ee\/lv\/?s={search_term_string}\"},\"query-input\":{\"@type\":\"PropertyValueSpecification\",\"valueRequired\":true,\"valueName\":\"search_term_string\"}}],\"inLanguage\":\"lv-LV\"},{\"@type\":\"Organization\",\"@id\":\"https:\/\/hobstop.ee\/lv\/#organization\",\"name\":\"Vunder AS\",\"url\":\"https:\/\/hobstop.ee\/lv\/\",\"logo\":{\"@type\":\"ImageObject\",\"inLanguage\":\"lv-LV\",\"@id\":\"https:\/\/hobstop.ee\/lv\/#\/schema\/logo\/image\/\",\"url\":\"https:\/\/hobstop.ee\/media\/vunder-logo.png\",\"contentUrl\":\"https:\/\/hobstop.ee\/media\/vunder-logo.png\",\"width\":127,\"height\":55,\"caption\":\"Vunder AS\"},\"image\":{\"@id\":\"https:\/\/hobstop.ee\/lv\/#\/schema\/logo\/image\/\"},\"sameAs\":[\"http:\/\/www.facebook.com\/VunderSkizze\"]}]}<\/script>\n<!-- \/ Yoast SEO plugin. -->","yoast_head_json":{"title":"Parastais z\u012bmulis Maped Black'Peps Energy &#8211; Skizze","robots":{"index":"noindex","follow":"follow","max-snippet":"max-snippet:-1","max-image-preview":"max-image-preview:large","max-video-preview":"max-video-preview:-1"},"og_locale":"lv_LV","og_type":"article","og_title":"Parastais z\u012bmulis Maped Black'Peps Energy &#8211; Skizze","og_description":"Dom\u0101 pozit\u012bvi ar Maped! Maped Balck\u2019Peps Energy graf\u012bta z\u012bmu\u013ciem ir ar da\u017e\u0101diem pozit\u012bviem zi\u0146ojumiem, kas motiv\u0113, dod ener\u0123iju un atspogu\u013co j\u016bsu noska\u0146ojumu. \u012apa\u0161i modernais korpuss nesatur koku, bet t\u0101 gal\u0101 ir dz\u0113\u0161gumija. Z\u012bmuli ir viegli asin\u0101t. Tr\u012bsst\u016bra forma nodro\u0161ina vienk\u0101r\u0161u un \u0113rtu sa\u0137eri.","og_url":"https:\/\/hobstop.ee\/lv\/produkts\/parastais-zimulis-maped-blackpeps-energy\/","og_site_name":"Skizze","article_publisher":"http:\/\/www.facebook.com\/VunderSkizze","og_image":[{"width":1024,"height":768,"url":"https:\/\/hobstop.ee\/media\/5277.jpg","type":"image\/jpeg"}],"twitter_card":"summary_large_image","schema":{"@context":"https:\/\/schema.org","@graph":[{"@type":"WebPage","@id":"https:\/\/hobstop.ee\/lv\/produkts\/parastais-zimulis-maped-blackpeps-energy\/","url":"https:\/\/hobstop.ee\/lv\/produkts\/parastais-zimulis-maped-blackpeps-energy\/","name":"Parastais z\u012bmulis Maped Black'Peps Energy &#8211; Skizze","isPartOf":{"@id":"https:\/\/hobstop.ee\/lv\/#website"},"primaryImageOfPage":{"@id":"https:\/\/hobstop.ee\/lv\/produkts\/parastais-zimulis-maped-blackpeps-energy\/#primaryimage"},"image":{"@id":"https:\/\/hobstop.ee\/lv\/produkts\/parastais-zimulis-maped-blackpeps-energy\/#primaryimage"},"thumbnailUrl":"https:\/\/hobstop.ee\/media\/5277.jpg","datePublished":"2021-08-06T12:59:08+00:00","dateModified":"2021-08-06T12:59:08+00:00","breadcrumb":{"@id":"https:\/\/hobstop.ee\/lv\/produkts\/parastais-zimulis-maped-blackpeps-energy\/#breadcrumb"},"inLanguage":"lv-LV","potentialAction":[{"@type":"ReadAction","target":["https:\/\/hobstop.ee\/lv\/produkts\/parastais-zimulis-maped-blackpeps-energy\/"]}]},{"@type":"ImageObject","inLanguage":"lv-LV","@id":"https:\/\/hobstop.ee\/lv\/produkts\/parastais-zimulis-maped-blackpeps-energy\/#primaryimage","url":"https:\/\/hobstop.ee\/media\/5277.jpg","contentUrl":"https:\/\/hobstop.ee\/media\/5277.jpg","width":1024,"height":768},{"@type":"BreadcrumbList","@id":"https:\/\/hobstop.ee\/lv\/produkts\/parastais-zimulis-maped-blackpeps-energy\/#breadcrumb","itemListElement":[{"@type":"ListItem","position":1,"name":"Avaleht","item":"https:\/\/www.hobstop.ee\/lv\/"},{"@type":"ListItem","position":2,"name":"Veikals","item":"https:\/\/www.hobstop.ee\/lv\/veikals\/"},{"@type":"ListItem","position":3,"name":"Parastais z\u012bmulis Maped Black&#8217;Peps Energy"}]},{"@type":"WebSite","@id":"https:\/\/hobstop.ee\/lv\/#website","url":"https:\/\/hobstop.ee\/lv\/","name":"Skizze","description":"M\u0101kslas, hobiju un skolas preces","publisher":{"@id":"https:\/\/hobstop.ee\/lv\/#organization"},"potentialAction":[{"@type":"SearchAction","target":{"@type":"EntryPoint","urlTemplate":"https:\/\/hobstop.ee\/lv\/?s={search_term_string}"},"query-input":{"@type":"PropertyValueSpecification","valueRequired":true,"valueName":"search_term_string"}}],"inLanguage":"lv-LV"},{"@type":"Organization","@id":"https:\/\/hobstop.ee\/lv\/#organization","name":"Vunder AS","url":"https:\/\/hobstop.ee\/lv\/","logo":{"@type":"ImageObject","inLanguage":"lv-LV","@id":"https:\/\/hobstop.ee\/lv\/#\/schema\/logo\/image\/","url":"https:\/\/hobstop.ee\/media\/vunder-logo.png","contentUrl":"https:\/\/hobstop.ee\/media\/vunder-logo.png","width":127,"height":55,"caption":"Vunder AS"},"image":{"@id":"https:\/\/hobstop.ee\/lv\/#\/schema\/logo\/image\/"},"sameAs":["http:\/\/www.facebook.com\/VunderSkizze"]}]}},"_links":{"self":[{"href":"https:\/\/hobstop.ee\/lv\/wp-json\/wp\/v2\/product\/342113","targetHints":{"allow":["GET"]}}],"collection":[{"href":"https:\/\/hobstop.ee\/lv\/wp-json\/wp\/v2\/product"}],"about":[{"href":"https:\/\/hobstop.ee\/lv\/wp-json\/wp\/v2\/types\/product"}],"replies":[{"embeddable":true,"href":"https:\/\/hobstop.ee\/lv\/wp-json\/wp\/v2\/comments?post=342113"}],"wp:featuredmedia":[{"embeddable":true,"href":"https:\/\/hobstop.ee\/lv\/wp-json\/wp\/v2\/media\/354231"}],"wp:attachment":[{"href":"https:\/\/hobstop.ee\/lv\/wp-json\/wp\/v2\/media?parent=342113"}],"wp:term":[{"taxonomy":"product_cat","embeddable":true,"href":"https:\/\/hobstop.ee\/lv\/wp-json\/wp\/v2\/product_cat?post=342113"},{"taxonomy":"product_tag","embeddable":true,"href":"https:\/\/hobstop.ee\/lv\/wp-json\/wp\/v2\/product_tag?post=342113"}],"curies":[{"name":"wp","href":"https:\/\/api.w.org\/{rel}","templated":true}]}}