{"id":342141,"date":"2021-08-06T15:34:35","date_gmt":"2021-08-06T12:34:35","guid":{"rendered":"https:\/\/sharks.ee\/vunder_2019\/?post_type=product&#038;p=342141"},"modified":"2021-08-06T15:34:35","modified_gmt":"2021-08-06T12:34:35","slug":"dzesgumija-mg-i-dont-believe-in-magic","status":"publish","type":"product","link":"https:\/\/hobstop.ee\/lv\/produkts\/dzesgumija-mg-i-dont-believe-in-magic\/","title":{"rendered":"Dz\u0113\u0161gumija M&#038;G I Don&#8217;t Believe In Magic"},"content":{"rendered":"<p>M&#038;G I Don\u2019t Believe In Magic kl\u0101stam ir nosl\u0113pumains un ma\u0123isks dizains, kura rad\u012b\u0161an\u0101 iedvesma g\u016bta laik\u0101 no kr\u0113slas l\u012bdz r\u012btausmai. M\u012bkst\u0101 dz\u0113\u0161gumija nesatur lateksu, un p\u0113c t\u0101s lieto\u0161anas virsma paliek gluda un t\u012bra.<\/p>\n","protected":false},"excerpt":{"rendered":"<p>M&#038;G I Don\u2019t Believe In Magic kl\u0101stam ir nosl\u0113pumains un ma\u0123isks dizains, kura rad\u012b\u0161an\u0101 iedvesma g\u016bta laik\u0101 no kr\u0113slas l\u012bdz r\u012btausmai. M\u012bkst\u0101 dz\u0113\u0161gumija nesatur lateksu, un p\u0113c t\u0101s lieto\u0161anas virsma paliek gluda un t\u012bra.<\/p>\n","protected":false},"featured_media":354251,"comment_status":"closed","ping_status":"closed","template":"","meta":{"_acf_changed":false,"ep_exclude_from_search":false},"product_cat":[20361],"product_tag":[],"class_list":{"0":"post-342141","1":"product","2":"type-product","3":"status-publish","4":"has-post-thumbnail","6":"product_cat-maaramata","8":"first","9":"instock","10":"taxable","11":"shipping-taxable","12":"product-type-simple"},"acf":[],"yoast_head":"<!-- This site is optimized with the Yoast SEO plugin v24.1 - https:\/\/yoast.com\/wordpress\/plugins\/seo\/ -->\n<title>Dz\u0113\u0161gumija M&amp;G I Don&#039;t Believe In Magic &#8211; Skizze<\/title>\n<meta name=\"robots\" content=\"noindex, follow, max-snippet:-1, max-image-preview:large, max-video-preview:-1\" \/>\n<meta property=\"og:locale\" content=\"lv_LV\" \/>\n<meta property=\"og:type\" content=\"article\" \/>\n<meta property=\"og:title\" content=\"Dz\u0113\u0161gumija M&amp;G I Don&#039;t Believe In Magic &#8211; Skizze\" \/>\n<meta property=\"og:description\" content=\"M&#038;G I Don\u2019t Believe In Magic kl\u0101stam ir nosl\u0113pumains un ma\u0123isks dizains, kura rad\u012b\u0161an\u0101 iedvesma g\u016bta laik\u0101 no kr\u0113slas l\u012bdz r\u012btausmai. M\u012bkst\u0101 dz\u0113\u0161gumija nesatur lateksu, un p\u0113c t\u0101s lieto\u0161anas virsma paliek gluda un t\u012bra.\" \/>\n<meta property=\"og:url\" content=\"https:\/\/hobstop.ee\/lv\/produkts\/dzesgumija-mg-i-dont-believe-in-magic\/\" \/>\n<meta property=\"og:site_name\" content=\"Skizze\" \/>\n<meta property=\"article:publisher\" content=\"http:\/\/www.facebook.com\/VunderSkizze\" \/>\n<meta property=\"og:image\" content=\"https:\/\/hobstop.ee\/media\/5289.jpg\" \/>\n\t<meta property=\"og:image:width\" content=\"1024\" \/>\n\t<meta property=\"og:image:height\" content=\"768\" \/>\n\t<meta property=\"og:image:type\" content=\"image\/jpeg\" \/>\n<meta name=\"twitter:card\" content=\"summary_large_image\" \/>\n<script type=\"application\/ld+json\" class=\"yoast-schema-graph\">{\"@context\":\"https:\/\/schema.org\",\"@graph\":[{\"@type\":\"WebPage\",\"@id\":\"https:\/\/hobstop.ee\/lv\/produkts\/dzesgumija-mg-i-dont-believe-in-magic\/\",\"url\":\"https:\/\/hobstop.ee\/lv\/produkts\/dzesgumija-mg-i-dont-believe-in-magic\/\",\"name\":\"Dz\u0113\u0161gumija M&G I Don't Believe In Magic &#8211; Skizze\",\"isPartOf\":{\"@id\":\"https:\/\/hobstop.ee\/lv\/#website\"},\"primaryImageOfPage\":{\"@id\":\"https:\/\/hobstop.ee\/lv\/produkts\/dzesgumija-mg-i-dont-believe-in-magic\/#primaryimage\"},\"image\":{\"@id\":\"https:\/\/hobstop.ee\/lv\/produkts\/dzesgumija-mg-i-dont-believe-in-magic\/#primaryimage\"},\"thumbnailUrl\":\"https:\/\/hobstop.ee\/media\/5289.jpg\",\"datePublished\":\"2021-08-06T12:34:35+00:00\",\"dateModified\":\"2021-08-06T12:34:35+00:00\",\"breadcrumb\":{\"@id\":\"https:\/\/hobstop.ee\/lv\/produkts\/dzesgumija-mg-i-dont-believe-in-magic\/#breadcrumb\"},\"inLanguage\":\"lv-LV\",\"potentialAction\":[{\"@type\":\"ReadAction\",\"target\":[\"https:\/\/hobstop.ee\/lv\/produkts\/dzesgumija-mg-i-dont-believe-in-magic\/\"]}]},{\"@type\":\"ImageObject\",\"inLanguage\":\"lv-LV\",\"@id\":\"https:\/\/hobstop.ee\/lv\/produkts\/dzesgumija-mg-i-dont-believe-in-magic\/#primaryimage\",\"url\":\"https:\/\/hobstop.ee\/media\/5289.jpg\",\"contentUrl\":\"https:\/\/hobstop.ee\/media\/5289.jpg\",\"width\":1024,\"height\":768},{\"@type\":\"BreadcrumbList\",\"@id\":\"https:\/\/hobstop.ee\/lv\/produkts\/dzesgumija-mg-i-dont-believe-in-magic\/#breadcrumb\",\"itemListElement\":[{\"@type\":\"ListItem\",\"position\":1,\"name\":\"Avaleht\",\"item\":\"https:\/\/www.hobstop.ee\/lv\/\"},{\"@type\":\"ListItem\",\"position\":2,\"name\":\"Veikals\",\"item\":\"https:\/\/www.hobstop.ee\/lv\/veikals\/\"},{\"@type\":\"ListItem\",\"position\":3,\"name\":\"Dz\u0113\u0161gumija M&#038;G I Don&#8217;t Believe In Magic\"}]},{\"@type\":\"WebSite\",\"@id\":\"https:\/\/hobstop.ee\/lv\/#website\",\"url\":\"https:\/\/hobstop.ee\/lv\/\",\"name\":\"Skizze\",\"description\":\"M\u0101kslas, hobiju un skolas preces\",\"publisher\":{\"@id\":\"https:\/\/hobstop.ee\/lv\/#organization\"},\"potentialAction\":[{\"@type\":\"SearchAction\",\"target\":{\"@type\":\"EntryPoint\",\"urlTemplate\":\"https:\/\/hobstop.ee\/lv\/?s={search_term_string}\"},\"query-input\":{\"@type\":\"PropertyValueSpecification\",\"valueRequired\":true,\"valueName\":\"search_term_string\"}}],\"inLanguage\":\"lv-LV\"},{\"@type\":\"Organization\",\"@id\":\"https:\/\/hobstop.ee\/lv\/#organization\",\"name\":\"Vunder AS\",\"url\":\"https:\/\/hobstop.ee\/lv\/\",\"logo\":{\"@type\":\"ImageObject\",\"inLanguage\":\"lv-LV\",\"@id\":\"https:\/\/hobstop.ee\/lv\/#\/schema\/logo\/image\/\",\"url\":\"https:\/\/hobstop.ee\/media\/vunder-logo.png\",\"contentUrl\":\"https:\/\/hobstop.ee\/media\/vunder-logo.png\",\"width\":127,\"height\":55,\"caption\":\"Vunder AS\"},\"image\":{\"@id\":\"https:\/\/hobstop.ee\/lv\/#\/schema\/logo\/image\/\"},\"sameAs\":[\"http:\/\/www.facebook.com\/VunderSkizze\"]}]}<\/script>\n<!-- \/ Yoast SEO plugin. -->","yoast_head_json":{"title":"Dz\u0113\u0161gumija M&G I Don't Believe In Magic &#8211; Skizze","robots":{"index":"noindex","follow":"follow","max-snippet":"max-snippet:-1","max-image-preview":"max-image-preview:large","max-video-preview":"max-video-preview:-1"},"og_locale":"lv_LV","og_type":"article","og_title":"Dz\u0113\u0161gumija M&G I Don't Believe In Magic &#8211; Skizze","og_description":"M&#038;G I Don\u2019t Believe In Magic kl\u0101stam ir nosl\u0113pumains un ma\u0123isks dizains, kura rad\u012b\u0161an\u0101 iedvesma g\u016bta laik\u0101 no kr\u0113slas l\u012bdz r\u012btausmai. M\u012bkst\u0101 dz\u0113\u0161gumija nesatur lateksu, un p\u0113c t\u0101s lieto\u0161anas virsma paliek gluda un t\u012bra.","og_url":"https:\/\/hobstop.ee\/lv\/produkts\/dzesgumija-mg-i-dont-believe-in-magic\/","og_site_name":"Skizze","article_publisher":"http:\/\/www.facebook.com\/VunderSkizze","og_image":[{"width":1024,"height":768,"url":"https:\/\/hobstop.ee\/media\/5289.jpg","type":"image\/jpeg"}],"twitter_card":"summary_large_image","schema":{"@context":"https:\/\/schema.org","@graph":[{"@type":"WebPage","@id":"https:\/\/hobstop.ee\/lv\/produkts\/dzesgumija-mg-i-dont-believe-in-magic\/","url":"https:\/\/hobstop.ee\/lv\/produkts\/dzesgumija-mg-i-dont-believe-in-magic\/","name":"Dz\u0113\u0161gumija M&G I Don't Believe In Magic &#8211; Skizze","isPartOf":{"@id":"https:\/\/hobstop.ee\/lv\/#website"},"primaryImageOfPage":{"@id":"https:\/\/hobstop.ee\/lv\/produkts\/dzesgumija-mg-i-dont-believe-in-magic\/#primaryimage"},"image":{"@id":"https:\/\/hobstop.ee\/lv\/produkts\/dzesgumija-mg-i-dont-believe-in-magic\/#primaryimage"},"thumbnailUrl":"https:\/\/hobstop.ee\/media\/5289.jpg","datePublished":"2021-08-06T12:34:35+00:00","dateModified":"2021-08-06T12:34:35+00:00","breadcrumb":{"@id":"https:\/\/hobstop.ee\/lv\/produkts\/dzesgumija-mg-i-dont-believe-in-magic\/#breadcrumb"},"inLanguage":"lv-LV","potentialAction":[{"@type":"ReadAction","target":["https:\/\/hobstop.ee\/lv\/produkts\/dzesgumija-mg-i-dont-believe-in-magic\/"]}]},{"@type":"ImageObject","inLanguage":"lv-LV","@id":"https:\/\/hobstop.ee\/lv\/produkts\/dzesgumija-mg-i-dont-believe-in-magic\/#primaryimage","url":"https:\/\/hobstop.ee\/media\/5289.jpg","contentUrl":"https:\/\/hobstop.ee\/media\/5289.jpg","width":1024,"height":768},{"@type":"BreadcrumbList","@id":"https:\/\/hobstop.ee\/lv\/produkts\/dzesgumija-mg-i-dont-believe-in-magic\/#breadcrumb","itemListElement":[{"@type":"ListItem","position":1,"name":"Avaleht","item":"https:\/\/www.hobstop.ee\/lv\/"},{"@type":"ListItem","position":2,"name":"Veikals","item":"https:\/\/www.hobstop.ee\/lv\/veikals\/"},{"@type":"ListItem","position":3,"name":"Dz\u0113\u0161gumija M&#038;G I Don&#8217;t Believe In Magic"}]},{"@type":"WebSite","@id":"https:\/\/hobstop.ee\/lv\/#website","url":"https:\/\/hobstop.ee\/lv\/","name":"Skizze","description":"M\u0101kslas, hobiju un skolas preces","publisher":{"@id":"https:\/\/hobstop.ee\/lv\/#organization"},"potentialAction":[{"@type":"SearchAction","target":{"@type":"EntryPoint","urlTemplate":"https:\/\/hobstop.ee\/lv\/?s={search_term_string}"},"query-input":{"@type":"PropertyValueSpecification","valueRequired":true,"valueName":"search_term_string"}}],"inLanguage":"lv-LV"},{"@type":"Organization","@id":"https:\/\/hobstop.ee\/lv\/#organization","name":"Vunder AS","url":"https:\/\/hobstop.ee\/lv\/","logo":{"@type":"ImageObject","inLanguage":"lv-LV","@id":"https:\/\/hobstop.ee\/lv\/#\/schema\/logo\/image\/","url":"https:\/\/hobstop.ee\/media\/vunder-logo.png","contentUrl":"https:\/\/hobstop.ee\/media\/vunder-logo.png","width":127,"height":55,"caption":"Vunder AS"},"image":{"@id":"https:\/\/hobstop.ee\/lv\/#\/schema\/logo\/image\/"},"sameAs":["http:\/\/www.facebook.com\/VunderSkizze"]}]}},"_links":{"self":[{"href":"https:\/\/hobstop.ee\/lv\/wp-json\/wp\/v2\/product\/342141","targetHints":{"allow":["GET"]}}],"collection":[{"href":"https:\/\/hobstop.ee\/lv\/wp-json\/wp\/v2\/product"}],"about":[{"href":"https:\/\/hobstop.ee\/lv\/wp-json\/wp\/v2\/types\/product"}],"replies":[{"embeddable":true,"href":"https:\/\/hobstop.ee\/lv\/wp-json\/wp\/v2\/comments?post=342141"}],"wp:featuredmedia":[{"embeddable":true,"href":"https:\/\/hobstop.ee\/lv\/wp-json\/wp\/v2\/media\/354251"}],"wp:attachment":[{"href":"https:\/\/hobstop.ee\/lv\/wp-json\/wp\/v2\/media?parent=342141"}],"wp:term":[{"taxonomy":"product_cat","embeddable":true,"href":"https:\/\/hobstop.ee\/lv\/wp-json\/wp\/v2\/product_cat?post=342141"},{"taxonomy":"product_tag","embeddable":true,"href":"https:\/\/hobstop.ee\/lv\/wp-json\/wp\/v2\/product_tag?post=342141"}],"curies":[{"name":"wp","href":"https:\/\/api.w.org\/{rel}","templated":true}]}}