{"id":342165,"date":"2021-08-06T15:57:18","date_gmt":"2021-08-06T12:57:18","guid":{"rendered":"https:\/\/sharks.ee\/vunder_2019\/?post_type=product&#038;p=342165"},"modified":"2021-08-06T15:57:18","modified_gmt":"2021-08-06T12:57:18","slug":"cirkulis-kaste-maped-study-pop","status":"publish","type":"product","link":"https:\/\/hobstop.ee\/lv\/produkts\/cirkulis-kaste-maped-study-pop\/","title":{"rendered":"Cirkulis kast\u0113 Maped Study Pop"},"content":{"rendered":"<p>Maped Study Pop modern\u0101 un popul\u0101r\u0101 dizain\u0101 ir klasisko Maped Study cirku\u013cu kr\u0101saina versija. Met\u0101la k\u0101jas, ergonomiska galva un plastmasas korpuss ir kr\u0101saini! Iztur\u012bgais Study cirkulis ir kompakts un p\u0101rn\u0113s\u0101jams, padarot to lieliski piem\u0113rotu visu vecumu studentiem. Atk\u0101rtoti lietojams uzglab\u0101\u0161anas un transport\u0113\u0161anas ietvars ir ar integr\u0113tu line\u0101lu.<\/p>\n","protected":false},"excerpt":{"rendered":"<p>Maped Study Pop modern\u0101 un popul\u0101r\u0101 dizain\u0101 ir klasisko Maped Study cirku\u013cu kr\u0101saina versija. Met\u0101la k\u0101jas, ergonomiska galva un plastmasas korpuss ir kr\u0101saini! Iztur\u012bgais Study cirkulis ir kompakts un p\u0101rn\u0113s\u0101jams, padarot to lieliski piem\u0113rotu visu vecumu studentiem. Atk\u0101rtoti lietojams uzglab\u0101\u0161anas un transport\u0113\u0161anas ietvars ir ar integr\u0113tu line\u0101lu.<\/p>\n","protected":false},"featured_media":354271,"comment_status":"closed","ping_status":"closed","template":"","meta":{"_acf_changed":false,"ep_exclude_from_search":false},"product_cat":[20361],"product_tag":[],"class_list":{"0":"post-342165","1":"product","2":"type-product","3":"status-publish","4":"has-post-thumbnail","6":"product_cat-maaramata","8":"first","9":"instock","10":"taxable","11":"shipping-taxable","12":"product-type-simple"},"acf":[],"yoast_head":"<!-- This site is optimized with the Yoast SEO plugin v24.1 - https:\/\/yoast.com\/wordpress\/plugins\/seo\/ -->\n<title>Cirkulis kast\u0113 Maped Study Pop &#8211; Skizze<\/title>\n<meta name=\"robots\" content=\"noindex, follow, max-snippet:-1, max-image-preview:large, max-video-preview:-1\" \/>\n<meta property=\"og:locale\" content=\"lv_LV\" \/>\n<meta property=\"og:type\" content=\"article\" \/>\n<meta property=\"og:title\" content=\"Cirkulis kast\u0113 Maped Study Pop &#8211; Skizze\" \/>\n<meta property=\"og:description\" content=\"Maped Study Pop modern\u0101 un popul\u0101r\u0101 dizain\u0101 ir klasisko Maped Study cirku\u013cu kr\u0101saina versija. Met\u0101la k\u0101jas, ergonomiska galva un plastmasas korpuss ir kr\u0101saini! Iztur\u012bgais Study cirkulis ir kompakts un p\u0101rn\u0113s\u0101jams, padarot to lieliski piem\u0113rotu visu vecumu studentiem. Atk\u0101rtoti lietojams uzglab\u0101\u0161anas un transport\u0113\u0161anas ietvars ir ar integr\u0113tu line\u0101lu.\" \/>\n<meta property=\"og:url\" content=\"https:\/\/hobstop.ee\/lv\/produkts\/cirkulis-kaste-maped-study-pop\/\" \/>\n<meta property=\"og:site_name\" content=\"Skizze\" \/>\n<meta property=\"article:publisher\" content=\"http:\/\/www.facebook.com\/VunderSkizze\" \/>\n<meta property=\"og:image\" content=\"https:\/\/hobstop.ee\/media\/5295.jpg\" \/>\n\t<meta property=\"og:image:width\" content=\"1024\" \/>\n\t<meta property=\"og:image:height\" content=\"768\" \/>\n\t<meta property=\"og:image:type\" content=\"image\/jpeg\" \/>\n<meta name=\"twitter:card\" content=\"summary_large_image\" \/>\n<script type=\"application\/ld+json\" class=\"yoast-schema-graph\">{\"@context\":\"https:\/\/schema.org\",\"@graph\":[{\"@type\":\"WebPage\",\"@id\":\"https:\/\/hobstop.ee\/lv\/produkts\/cirkulis-kaste-maped-study-pop\/\",\"url\":\"https:\/\/hobstop.ee\/lv\/produkts\/cirkulis-kaste-maped-study-pop\/\",\"name\":\"Cirkulis kast\u0113 Maped Study Pop &#8211; Skizze\",\"isPartOf\":{\"@id\":\"https:\/\/www.hobstop.ee\/lv\/#website\"},\"primaryImageOfPage\":{\"@id\":\"https:\/\/hobstop.ee\/lv\/produkts\/cirkulis-kaste-maped-study-pop\/#primaryimage\"},\"image\":{\"@id\":\"https:\/\/hobstop.ee\/lv\/produkts\/cirkulis-kaste-maped-study-pop\/#primaryimage\"},\"thumbnailUrl\":\"https:\/\/hobstop.ee\/media\/5295.jpg\",\"datePublished\":\"2021-08-06T12:57:18+00:00\",\"dateModified\":\"2021-08-06T12:57:18+00:00\",\"breadcrumb\":{\"@id\":\"https:\/\/hobstop.ee\/lv\/produkts\/cirkulis-kaste-maped-study-pop\/#breadcrumb\"},\"inLanguage\":\"lv-LV\",\"potentialAction\":[{\"@type\":\"ReadAction\",\"target\":[\"https:\/\/hobstop.ee\/lv\/produkts\/cirkulis-kaste-maped-study-pop\/\"]}]},{\"@type\":\"ImageObject\",\"inLanguage\":\"lv-LV\",\"@id\":\"https:\/\/hobstop.ee\/lv\/produkts\/cirkulis-kaste-maped-study-pop\/#primaryimage\",\"url\":\"https:\/\/hobstop.ee\/media\/5295.jpg\",\"contentUrl\":\"https:\/\/hobstop.ee\/media\/5295.jpg\",\"width\":1024,\"height\":768},{\"@type\":\"BreadcrumbList\",\"@id\":\"https:\/\/hobstop.ee\/lv\/produkts\/cirkulis-kaste-maped-study-pop\/#breadcrumb\",\"itemListElement\":[{\"@type\":\"ListItem\",\"position\":1,\"name\":\"Avaleht\",\"item\":\"https:\/\/www.hobstop.ee\/lv\/\"},{\"@type\":\"ListItem\",\"position\":2,\"name\":\"Veikals\",\"item\":\"https:\/\/www.hobstop.ee\/lv\/veikals\/\"},{\"@type\":\"ListItem\",\"position\":3,\"name\":\"Cirkulis kast\u0113 Maped Study Pop\"}]},{\"@type\":\"WebSite\",\"@id\":\"https:\/\/www.hobstop.ee\/lv\/#website\",\"url\":\"https:\/\/www.hobstop.ee\/lv\/\",\"name\":\"Skizze\",\"description\":\"M\u0101kslas, hobiju un skolas preces\",\"publisher\":{\"@id\":\"https:\/\/www.hobstop.ee\/lv\/#organization\"},\"potentialAction\":[{\"@type\":\"SearchAction\",\"target\":{\"@type\":\"EntryPoint\",\"urlTemplate\":\"https:\/\/www.hobstop.ee\/lv\/?s={search_term_string}\"},\"query-input\":{\"@type\":\"PropertyValueSpecification\",\"valueRequired\":true,\"valueName\":\"search_term_string\"}}],\"inLanguage\":\"lv-LV\"},{\"@type\":\"Organization\",\"@id\":\"https:\/\/www.hobstop.ee\/lv\/#organization\",\"name\":\"Vunder AS\",\"url\":\"https:\/\/www.hobstop.ee\/lv\/\",\"logo\":{\"@type\":\"ImageObject\",\"inLanguage\":\"lv-LV\",\"@id\":\"https:\/\/www.hobstop.ee\/lv\/#\/schema\/logo\/image\/\",\"url\":\"https:\/\/hobstop.ee\/media\/vunder-logo.png\",\"contentUrl\":\"https:\/\/hobstop.ee\/media\/vunder-logo.png\",\"width\":127,\"height\":55,\"caption\":\"Vunder AS\"},\"image\":{\"@id\":\"https:\/\/www.hobstop.ee\/lv\/#\/schema\/logo\/image\/\"},\"sameAs\":[\"http:\/\/www.facebook.com\/VunderSkizze\"]}]}<\/script>\n<!-- \/ Yoast SEO plugin. -->","yoast_head_json":{"title":"Cirkulis kast\u0113 Maped Study Pop &#8211; Skizze","robots":{"index":"noindex","follow":"follow","max-snippet":"max-snippet:-1","max-image-preview":"max-image-preview:large","max-video-preview":"max-video-preview:-1"},"og_locale":"lv_LV","og_type":"article","og_title":"Cirkulis kast\u0113 Maped Study Pop &#8211; Skizze","og_description":"Maped Study Pop modern\u0101 un popul\u0101r\u0101 dizain\u0101 ir klasisko Maped Study cirku\u013cu kr\u0101saina versija. Met\u0101la k\u0101jas, ergonomiska galva un plastmasas korpuss ir kr\u0101saini! Iztur\u012bgais Study cirkulis ir kompakts un p\u0101rn\u0113s\u0101jams, padarot to lieliski piem\u0113rotu visu vecumu studentiem. Atk\u0101rtoti lietojams uzglab\u0101\u0161anas un transport\u0113\u0161anas ietvars ir ar integr\u0113tu line\u0101lu.","og_url":"https:\/\/hobstop.ee\/lv\/produkts\/cirkulis-kaste-maped-study-pop\/","og_site_name":"Skizze","article_publisher":"http:\/\/www.facebook.com\/VunderSkizze","og_image":[{"width":1024,"height":768,"url":"https:\/\/hobstop.ee\/media\/5295.jpg","type":"image\/jpeg"}],"twitter_card":"summary_large_image","schema":{"@context":"https:\/\/schema.org","@graph":[{"@type":"WebPage","@id":"https:\/\/hobstop.ee\/lv\/produkts\/cirkulis-kaste-maped-study-pop\/","url":"https:\/\/hobstop.ee\/lv\/produkts\/cirkulis-kaste-maped-study-pop\/","name":"Cirkulis kast\u0113 Maped Study Pop &#8211; Skizze","isPartOf":{"@id":"https:\/\/www.hobstop.ee\/lv\/#website"},"primaryImageOfPage":{"@id":"https:\/\/hobstop.ee\/lv\/produkts\/cirkulis-kaste-maped-study-pop\/#primaryimage"},"image":{"@id":"https:\/\/hobstop.ee\/lv\/produkts\/cirkulis-kaste-maped-study-pop\/#primaryimage"},"thumbnailUrl":"https:\/\/hobstop.ee\/media\/5295.jpg","datePublished":"2021-08-06T12:57:18+00:00","dateModified":"2021-08-06T12:57:18+00:00","breadcrumb":{"@id":"https:\/\/hobstop.ee\/lv\/produkts\/cirkulis-kaste-maped-study-pop\/#breadcrumb"},"inLanguage":"lv-LV","potentialAction":[{"@type":"ReadAction","target":["https:\/\/hobstop.ee\/lv\/produkts\/cirkulis-kaste-maped-study-pop\/"]}]},{"@type":"ImageObject","inLanguage":"lv-LV","@id":"https:\/\/hobstop.ee\/lv\/produkts\/cirkulis-kaste-maped-study-pop\/#primaryimage","url":"https:\/\/hobstop.ee\/media\/5295.jpg","contentUrl":"https:\/\/hobstop.ee\/media\/5295.jpg","width":1024,"height":768},{"@type":"BreadcrumbList","@id":"https:\/\/hobstop.ee\/lv\/produkts\/cirkulis-kaste-maped-study-pop\/#breadcrumb","itemListElement":[{"@type":"ListItem","position":1,"name":"Avaleht","item":"https:\/\/www.hobstop.ee\/lv\/"},{"@type":"ListItem","position":2,"name":"Veikals","item":"https:\/\/www.hobstop.ee\/lv\/veikals\/"},{"@type":"ListItem","position":3,"name":"Cirkulis kast\u0113 Maped Study Pop"}]},{"@type":"WebSite","@id":"https:\/\/www.hobstop.ee\/lv\/#website","url":"https:\/\/www.hobstop.ee\/lv\/","name":"Skizze","description":"M\u0101kslas, hobiju un skolas preces","publisher":{"@id":"https:\/\/www.hobstop.ee\/lv\/#organization"},"potentialAction":[{"@type":"SearchAction","target":{"@type":"EntryPoint","urlTemplate":"https:\/\/www.hobstop.ee\/lv\/?s={search_term_string}"},"query-input":{"@type":"PropertyValueSpecification","valueRequired":true,"valueName":"search_term_string"}}],"inLanguage":"lv-LV"},{"@type":"Organization","@id":"https:\/\/www.hobstop.ee\/lv\/#organization","name":"Vunder AS","url":"https:\/\/www.hobstop.ee\/lv\/","logo":{"@type":"ImageObject","inLanguage":"lv-LV","@id":"https:\/\/www.hobstop.ee\/lv\/#\/schema\/logo\/image\/","url":"https:\/\/hobstop.ee\/media\/vunder-logo.png","contentUrl":"https:\/\/hobstop.ee\/media\/vunder-logo.png","width":127,"height":55,"caption":"Vunder AS"},"image":{"@id":"https:\/\/www.hobstop.ee\/lv\/#\/schema\/logo\/image\/"},"sameAs":["http:\/\/www.facebook.com\/VunderSkizze"]}]}},"_links":{"self":[{"href":"https:\/\/hobstop.ee\/lv\/wp-json\/wp\/v2\/product\/342165","targetHints":{"allow":["GET"]}}],"collection":[{"href":"https:\/\/hobstop.ee\/lv\/wp-json\/wp\/v2\/product"}],"about":[{"href":"https:\/\/hobstop.ee\/lv\/wp-json\/wp\/v2\/types\/product"}],"replies":[{"embeddable":true,"href":"https:\/\/hobstop.ee\/lv\/wp-json\/wp\/v2\/comments?post=342165"}],"wp:featuredmedia":[{"embeddable":true,"href":"https:\/\/hobstop.ee\/lv\/wp-json\/wp\/v2\/media\/354271"}],"wp:attachment":[{"href":"https:\/\/hobstop.ee\/lv\/wp-json\/wp\/v2\/media?parent=342165"}],"wp:term":[{"taxonomy":"product_cat","embeddable":true,"href":"https:\/\/hobstop.ee\/lv\/wp-json\/wp\/v2\/product_cat?post=342165"},{"taxonomy":"product_tag","embeddable":true,"href":"https:\/\/hobstop.ee\/lv\/wp-json\/wp\/v2\/product_tag?post=342165"}],"curies":[{"name":"wp","href":"https:\/\/api.w.org\/{rel}","templated":true}]}}